{"id":17773,"date":"2014-12-09T05:52:41","date_gmt":"2014-12-09T10:52:41","guid":{"rendered":"https:\/\/newyorkhipknee.com\/remplacement-total-de-la-hanche\/prothese-totale-de-hanche-makoplasty\/"},"modified":"2014-12-09T05:52:41","modified_gmt":"2014-12-09T10:52:41","slug":"prothese-totale-de-hanche-makoplasty","status":"publish","type":"page","link":"https:\/\/www.newyorkhipknee.com\/fr\/remplacement-total-de-la-hanche\/prothese-totale-de-hanche-makoplasty\/","title":{"rendered":"Proth\u00e8se totale de hanche MAKOplasty"},"content":{"rendered":"<p>La proth\u00e8se totale de hanche MAKOplasty\u00ae est une alternative aux chirurgies traditionnelles pour les adultes souffrant d&rsquo;une maladie d\u00e9g\u00e9n\u00e9rative des articulations. Il s&rsquo;agit d&rsquo;une proc\u00e9dure unique en son genre, v\u00e9ritablement sp\u00e9cifique au patient, planifi\u00e9e \u00e0 partir d&rsquo;un mod\u00e8le 3D de la hanche du patient.<\/p>\n<p>La MAKOplastie\u00ae est rendue possible par le syst\u00e8me orthop\u00e9dique interactif \u00e0 bras robotis\u00e9 RIO\u00ae contr\u00f4l\u00e9 par le chirurgien, qui permet \u00e0 votre chirurgien de placer l&rsquo;implant de mani\u00e8re optimale et pr\u00e9cise, permettant ainsi au patient de retrouver un mode de vie actif.<\/p>\n<h3>Comprendre la maladie d\u00e9g\u00e9n\u00e9rative des articulations<\/h3>\n<p>La hanche, une articulation \u00e0 rotule, est l&rsquo;une des plus grandes articulations portantes du corps. Les extr\u00e9mit\u00e9s des os de cette articulation sont recouvertes d&rsquo;une couche de tissu ferme et \u00e9lastique, le cartilage, qui amortit les os et permet \u00e0 l&rsquo;articulation de bouger facilement et sans \u00e0-coups. La question de savoir ce qu&rsquo;est la maladie d\u00e9g\u00e9n\u00e9rative de la hanche vous vient-elle \u00e0 l&rsquo;esprit ? Il existe plusieurs types de DJD \u00e0 l&rsquo;origine de douleurs \u00e0 la hanche. Il s&rsquo;agit notamment, mais pas exclusivement, des \u00e9l\u00e9ments suivants<\/p>\n<ul>\n<li>L&rsquo;arthrose : Il s&rsquo;agit d&rsquo;une arthrite d&rsquo;usure, qui est le type le plus courant d&rsquo;arthrite de la hanche. Elle est due \u00e0 la d\u00e9gradation du cartilage au fil du temps. Lorsque le cartilage protecteur se d\u00e9sagr\u00e8ge, l&rsquo;os nu est expos\u00e9, ce qui provoque un contact os contre os.<\/li>\n<li>Arthrite post-traumatique : la luxation de la hanche ou les fractures graves de la hanche peuvent provoquer ce type d&rsquo;arthrite.<\/li>\n<li>Polyarthrite rhumato\u00efde (PR) : Arthrite inflammatoire des articulations<\/li>\n<li>N\u00e9crose vasculaire (AVN) : Si la t\u00eate f\u00e9morale, plus connue sous le nom de \u00ab\u00a0boule\u00a0\u00bb, perd sa bonne irrigation sanguine, l&rsquo;os meurt et la t\u00eate f\u00e9morale se d\u00e9forme.<\/li>\n<li>Dysplasie de la hanche : D\u00e9salignement ou d\u00e9formation de l&rsquo;articulation de la hanche.<\/li>\n<\/ul>\n<h3>Remplacement total de la hanche<\/h3>\n<p>Que signifie exactement l&rsquo;arthroplastie totale de la hanche ? La proth\u00e8se totale de hanche, \u00e9galement appel\u00e9e arthroplastie totale de hanche, est une intervention chirurgicale au cours de laquelle des implants remplacent la rotule de l&rsquo;articulation de la hanche.<\/p>\n<p>Parmi les exemples d&rsquo;implants, on peut citer une cupule m\u00e9tallique avec un rev\u00eatement en plastique qui remplace la cavit\u00e9 du bassin et une t\u00eate en c\u00e9ramique ou en m\u00e9tal qui est fix\u00e9e \u00e0 une tige m\u00e9tallique implant\u00e9e dans le f\u00e9mur. Cet implant remplace la rotule de l&rsquo;articulation.<\/p>\n<p>La nouvelle cupule et la nouvelle t\u00eate f\u00e9morale offrent une surface d&rsquo;appui lisse qui permet un mouvement fluide de l&rsquo;articulation. Lorsque la cupule et la tige sont implant\u00e9es dans l&rsquo;os, elles forment une surface qui permet au nouvel os de se d\u00e9velopper dans l&rsquo;implant, ce qui lui conf\u00e8re une fixation permanente.<\/p>\n<p>Aujourd&rsquo;hui, l&rsquo;utilisation de la robotique se d\u00e9veloppe dans le domaine m\u00e9dical et fait appel aux meilleures technologies de pointe disponibles. La robotique dans le domaine m\u00e9dical continue de progresser \u00e0 pas de g\u00e9ant.<\/p>\n<p>La principale raison d&rsquo;int\u00e9grer la robotique m\u00e9dicale dans le syst\u00e8me de soins de sant\u00e9 est de garantir une plus grande confiance dans les chirurgiens gr\u00e2ce \u00e0 l&rsquo;am\u00e9lioration de la pr\u00e9cision des proc\u00e9dures chirurgicales, ce qui n&rsquo;a pas \u00e9t\u00e9 possible jusqu&rsquo;\u00e0 pr\u00e9sent gr\u00e2ce aux seules capacit\u00e9s humaines. La robotique m\u00e9dicale est une int\u00e9gration pr\u00e9cieuse et unique dans le domaine m\u00e9dical en raison de son sens de la pr\u00e9cision.<\/p>\n<p>Avec l&rsquo;utilisation de la robotique, les chirurgiens et leur \u00e9quipe ont un grand potentiel pour maximiser le temps et les capacit\u00e9s en effectuant des chirurgies mineures jusqu&rsquo;aux proc\u00e9dures chirurgicales plus complexes. La robotique m\u00e9dicale est un excellent moyen d&rsquo;am\u00e9liorer la chirurgie dans les cas o\u00f9 les besoins en mati\u00e8re d&rsquo;exactitude, de pr\u00e9cision et de dext\u00e9rit\u00e9 sont importants.<\/p>\n<p>La premi\u00e8re utilisation document\u00e9e de la robotique dans un domaine m\u00e9dical a eu lieu en 1985, ce qui fait de l&rsquo;utilisation de la robotique m\u00e9dicale un nouveau domaine d&rsquo;am\u00e9lioration de notre syst\u00e8me de soins de sant\u00e9. Lors de la premi\u00e8re utilisation document\u00e9e de la robotique, un robot a pu aider \u00e0 placer une aiguille dans la bonne position pour r\u00e9aliser une biopsie du cerveau d&rsquo;un patient.<\/p>\n<p>La robotique va bouleverser tous les domaines m\u00e9dicaux et les robots chirurgicaux seront bient\u00f4t consid\u00e9r\u00e9s comme des int\u00e9grations suppl\u00e9mentaires dans la chirurgie en raison de leur potentiel d&rsquo;am\u00e9lioration de la qualit\u00e9 de l&rsquo;op\u00e9ration.<\/p>\n<h3 class=\"textMainBold\">Animation de la hanche par Makoplastie<\/h3>\n<p align=\"center\"><a class=\"popup-youtube\" href=\"https:\/\/www.youtube.com\/watch?v=E_D8tyJyDmc\"><img decoding=\"async\" src=\"\/wp-content\/uploads\/2014\/12\/makoplasty2.jpg\" alt=\"\"><\/a><\/p>\n<h2 style=\"text-align: center;\"><a href=\"\/wp-content\/themes\/nakul-karkare\/pdf\/hip-patient-preop-guide.pdf\" target=\"_blank\" rel=\"noopener\"><span style=\"text-decoration: underline;\">T\u00e9l\u00e9charger notre guide pr\u00e9op\u00e9ratoire pour les patients souffrant d&rsquo;une hanche<\/span><\/a><\/h2>\n","protected":false},"excerpt":{"rendered":"<p>La proth\u00e8se totale de hanche MAKOplasty\u00ae est une alternative aux chirurgies traditionnelles pour les adultes souffrant d&rsquo;une maladie d\u00e9g\u00e9n\u00e9rative des articulations. Il s&rsquo;agit d&rsquo;une proc\u00e9dure unique en son genre, v\u00e9ritablement sp\u00e9cifique au patient, planifi\u00e9e \u00e0 partir d&rsquo;un mod\u00e8le 3D de la hanche du patient. La MAKOplastie\u00ae est rendue possible par le syst\u00e8me orthop\u00e9dique interactif \u00e0 [&hellip;]<\/p>\n","protected":false},"author":7,"featured_media":0,"parent":17744,"menu_order":0,"comment_status":"open","ping_status":"open","template":"","meta":{"_et_pb_use_builder":"","_et_pb_old_content":"","_et_gb_content_width":"","footnotes":""},"class_list":["post-17773","page","type-page","status-publish","hentry"],"yoast_head":"<!-- This site is optimized with the Yoast SEO plugin v27.2 - https:\/\/yoast.com\/product\/yoast-seo-wordpress\/ -->\n<title>Makoplasty Remplacement total de la hanche | Maladie articulaire d\u00e9g\u00e9n\u00e9rative NY<\/title>\n<meta name=\"description\" content=\"La Makoplastie est une proc\u00e9dure de remplacement total de la hanche assist\u00e9e par un bras robotis\u00e9, disponible \u00e0 New York pour les personnes souffrant d&#039;une maladie d\u00e9g\u00e9n\u00e9rative de l&#039;articulation de la hanche (DJD).\" \/>\n<meta name=\"robots\" content=\"index, follow, max-snippet:-1, max-image-preview:large, max-video-preview:-1\" \/>\n<link rel=\"canonical\" href=\"https:\/\/www.newyorkhipknee.com\/fr\/remplacement-total-de-la-hanche\/prothese-totale-de-hanche-makoplasty\/\" \/>\n<meta property=\"og:locale\" content=\"fr_FR\" \/>\n<meta property=\"og:type\" content=\"article\" \/>\n<meta property=\"og:title\" content=\"Makoplasty Remplacement total de la hanche | Maladie articulaire d\u00e9g\u00e9n\u00e9rative NY\" \/>\n<meta property=\"og:description\" content=\"La Makoplastie est une proc\u00e9dure de remplacement total de la hanche assist\u00e9e par un bras robotis\u00e9, disponible \u00e0 New York pour les personnes souffrant d&#039;une maladie d\u00e9g\u00e9n\u00e9rative de l&#039;articulation de la hanche (DJD).\" \/>\n<meta property=\"og:url\" content=\"https:\/\/www.newyorkhipknee.com\/fr\/remplacement-total-de-la-hanche\/prothese-totale-de-hanche-makoplasty\/\" \/>\n<meta property=\"og:site_name\" content=\"Best Hip &amp; Knee Surgeon | NY, USA\" \/>\n<meta name=\"twitter:card\" content=\"summary_large_image\" \/>\n<meta name=\"twitter:label1\" content=\"Dur\u00e9e de lecture estim\u00e9e\" \/>\n\t<meta name=\"twitter:data1\" content=\"4 minutes\" \/>\n<script type=\"application\/ld+json\" class=\"yoast-schema-graph\">{\"@context\":\"https:\/\/schema.org\",\"@graph\":[{\"@type\":[\"WebPage\",\"MedicalWebPage\"],\"@id\":\"https:\/\/www.newyorkhipknee.com\/fr\/remplacement-total-de-la-hanche\/prothese-totale-de-hanche-makoplasty\/\",\"url\":\"https:\/\/www.newyorkhipknee.com\/fr\/remplacement-total-de-la-hanche\/prothese-totale-de-hanche-makoplasty\/\",\"name\":\"Makoplasty Remplacement total de la hanche | Maladie articulaire d\u00e9g\u00e9n\u00e9rative NY\",\"isPartOf\":{\"@id\":\"https:\/\/www.newyorkhipknee.com\/fr\/#website\"},\"datePublished\":\"2014-12-09T10:52:41+00:00\",\"description\":\"La Makoplastie est une proc\u00e9dure de remplacement total de la hanche assist\u00e9e par un bras robotis\u00e9, disponible \u00e0 New York pour les personnes souffrant d'une maladie d\u00e9g\u00e9n\u00e9rative de l'articulation de la hanche (DJD).\",\"breadcrumb\":{\"@id\":\"https:\/\/www.newyorkhipknee.com\/fr\/remplacement-total-de-la-hanche\/prothese-totale-de-hanche-makoplasty\/#breadcrumb\"},\"inLanguage\":\"fr-FR\",\"potentialAction\":[{\"@type\":\"ReadAction\",\"target\":[\"https:\/\/www.newyorkhipknee.com\/fr\/remplacement-total-de-la-hanche\/prothese-totale-de-hanche-makoplasty\/\"]}]},{\"@type\":\"BreadcrumbList\",\"@id\":\"https:\/\/www.newyorkhipknee.com\/fr\/remplacement-total-de-la-hanche\/prothese-totale-de-hanche-makoplasty\/#breadcrumb\",\"itemListElement\":[{\"@type\":\"ListItem\",\"position\":1,\"name\":\"Home\",\"item\":\"https:\/\/www.newyorkhipknee.com\/fr\/\"},{\"@type\":\"ListItem\",\"position\":2,\"name\":\"Remplacement total de la hanche\",\"item\":\"https:\/\/www.newyorkhipknee.com\/fr\/remplacement-total-de-la-hanche\/\"},{\"@type\":\"ListItem\",\"position\":3,\"name\":\"Proth\u00e8se totale de hanche MAKOplasty\"}]},{\"@type\":\"WebSite\",\"@id\":\"https:\/\/www.newyorkhipknee.com\/fr\/#website\",\"url\":\"https:\/\/www.newyorkhipknee.com\/fr\/\",\"name\":\"Best Hip & Knee Surgeon | NY, USA\",\"description\":\"\",\"potentialAction\":[{\"@type\":\"SearchAction\",\"target\":{\"@type\":\"EntryPoint\",\"urlTemplate\":\"https:\/\/www.newyorkhipknee.com\/fr\/?s={search_term_string}\"},\"query-input\":{\"@type\":\"PropertyValueSpecification\",\"valueRequired\":true,\"valueName\":\"search_term_string\"}}],\"inLanguage\":\"fr-FR\"}]}<\/script>\n<!-- \/ Yoast SEO plugin. -->","yoast_head_json":{"title":"Makoplasty Remplacement total de la hanche | Maladie articulaire d\u00e9g\u00e9n\u00e9rative NY","description":"La Makoplastie est une proc\u00e9dure de remplacement total de la hanche assist\u00e9e par un bras robotis\u00e9, disponible \u00e0 New York pour les personnes souffrant d'une maladie d\u00e9g\u00e9n\u00e9rative de l'articulation de la hanche (DJD).","robots":{"index":"index","follow":"follow","max-snippet":"max-snippet:-1","max-image-preview":"max-image-preview:large","max-video-preview":"max-video-preview:-1"},"canonical":"https:\/\/www.newyorkhipknee.com\/fr\/remplacement-total-de-la-hanche\/prothese-totale-de-hanche-makoplasty\/","og_locale":"fr_FR","og_type":"article","og_title":"Makoplasty Remplacement total de la hanche | Maladie articulaire d\u00e9g\u00e9n\u00e9rative NY","og_description":"La Makoplastie est une proc\u00e9dure de remplacement total de la hanche assist\u00e9e par un bras robotis\u00e9, disponible \u00e0 New York pour les personnes souffrant d'une maladie d\u00e9g\u00e9n\u00e9rative de l'articulation de la hanche (DJD).","og_url":"https:\/\/www.newyorkhipknee.com\/fr\/remplacement-total-de-la-hanche\/prothese-totale-de-hanche-makoplasty\/","og_site_name":"Best Hip &amp; Knee Surgeon | NY, USA","twitter_card":"summary_large_image","twitter_misc":{"Dur\u00e9e de lecture estim\u00e9e":"4 minutes"},"schema":{"@context":"https:\/\/schema.org","@graph":[{"@type":["WebPage","MedicalWebPage"],"@id":"https:\/\/www.newyorkhipknee.com\/fr\/remplacement-total-de-la-hanche\/prothese-totale-de-hanche-makoplasty\/","url":"https:\/\/www.newyorkhipknee.com\/fr\/remplacement-total-de-la-hanche\/prothese-totale-de-hanche-makoplasty\/","name":"Makoplasty Remplacement total de la hanche | Maladie articulaire d\u00e9g\u00e9n\u00e9rative NY","isPartOf":{"@id":"https:\/\/www.newyorkhipknee.com\/fr\/#website"},"datePublished":"2014-12-09T10:52:41+00:00","description":"La Makoplastie est une proc\u00e9dure de remplacement total de la hanche assist\u00e9e par un bras robotis\u00e9, disponible \u00e0 New York pour les personnes souffrant d'une maladie d\u00e9g\u00e9n\u00e9rative de l'articulation de la hanche (DJD).","breadcrumb":{"@id":"https:\/\/www.newyorkhipknee.com\/fr\/remplacement-total-de-la-hanche\/prothese-totale-de-hanche-makoplasty\/#breadcrumb"},"inLanguage":"fr-FR","potentialAction":[{"@type":"ReadAction","target":["https:\/\/www.newyorkhipknee.com\/fr\/remplacement-total-de-la-hanche\/prothese-totale-de-hanche-makoplasty\/"]}]},{"@type":"BreadcrumbList","@id":"https:\/\/www.newyorkhipknee.com\/fr\/remplacement-total-de-la-hanche\/prothese-totale-de-hanche-makoplasty\/#breadcrumb","itemListElement":[{"@type":"ListItem","position":1,"name":"Home","item":"https:\/\/www.newyorkhipknee.com\/fr\/"},{"@type":"ListItem","position":2,"name":"Remplacement total de la hanche","item":"https:\/\/www.newyorkhipknee.com\/fr\/remplacement-total-de-la-hanche\/"},{"@type":"ListItem","position":3,"name":"Proth\u00e8se totale de hanche MAKOplasty"}]},{"@type":"WebSite","@id":"https:\/\/www.newyorkhipknee.com\/fr\/#website","url":"https:\/\/www.newyorkhipknee.com\/fr\/","name":"Best Hip & Knee Surgeon | NY, USA","description":"","potentialAction":[{"@type":"SearchAction","target":{"@type":"EntryPoint","urlTemplate":"https:\/\/www.newyorkhipknee.com\/fr\/?s={search_term_string}"},"query-input":{"@type":"PropertyValueSpecification","valueRequired":true,"valueName":"search_term_string"}}],"inLanguage":"fr-FR"}]}},"_links":{"self":[{"href":"https:\/\/www.newyorkhipknee.com\/fr\/wp-json\/wp\/v2\/pages\/17773","targetHints":{"allow":["GET"]}}],"collection":[{"href":"https:\/\/www.newyorkhipknee.com\/fr\/wp-json\/wp\/v2\/pages"}],"about":[{"href":"https:\/\/www.newyorkhipknee.com\/fr\/wp-json\/wp\/v2\/types\/page"}],"author":[{"embeddable":true,"href":"https:\/\/www.newyorkhipknee.com\/fr\/wp-json\/wp\/v2\/users\/7"}],"replies":[{"embeddable":true,"href":"https:\/\/www.newyorkhipknee.com\/fr\/wp-json\/wp\/v2\/comments?post=17773"}],"version-history":[{"count":0,"href":"https:\/\/www.newyorkhipknee.com\/fr\/wp-json\/wp\/v2\/pages\/17773\/revisions"}],"up":[{"embeddable":true,"href":"https:\/\/www.newyorkhipknee.com\/fr\/wp-json\/wp\/v2\/pages\/17744"}],"wp:attachment":[{"href":"https:\/\/www.newyorkhipknee.com\/fr\/wp-json\/wp\/v2\/media?parent=17773"}],"curies":[{"name":"wp","href":"https:\/\/api.w.org\/{rel}","templated":true}]}}