{"id":17781,"date":"2022-10-14T02:37:23","date_gmt":"2022-10-14T06:37:23","guid":{"rendered":"https:\/\/newyorkhipknee.com\/perte-dusage-programmee\/hanche-et-femur\/"},"modified":"2022-10-14T02:37:23","modified_gmt":"2022-10-14T06:37:23","slug":"hanche-et-femur","status":"publish","type":"page","link":"https:\/\/www.newyorkhipknee.com\/fr\/indemnisation-des-travailleurs\/perte-dusage-programmee\/hanche-et-femur\/","title":{"rendered":"Hanche et f\u00e9mur"},"content":{"rendered":"<p>Nous utilisons ces lignes directrices si vous avez subi un accident du travail et que vous vous interrogez sur l&rsquo;effet de la \u00ab\u00a0perte d&rsquo;usage programm\u00e9e\u00a0\u00bb (SLU) sur votre hanche et votre f\u00e9mur. Dans ce cas, vous pourriez avoir droit \u00e0 une indemnit\u00e9 d\u00e9termin\u00e9e par le r\u00e8glement de la Commission des accidents du travail.<\/p>\n<p>Notre rapport SLU conclura que vous avez perdu de fa\u00e7on permanente la fonction de la partie du corps bless\u00e9e \u00e0 la suite de votre accident de travail. La d\u00e9termination de la d\u00e9ficience est bas\u00e9e sur les directives de l&rsquo;\u00c9tat de New York en mati\u00e8re d&rsquo;indemnisation des travailleurs.<\/p>\n<h2>Objectifs pour la d\u00e9termination de la d\u00e9ficience de la hanche et du f\u00e9mur<\/h2>\n<p>La hanche est une articulation \u00e0 rotule entre le f\u00e9mur et le bassin. Une articulation \u00e0 rotule permet une grande amplitude de mouvement. Les articulations de la hanche et de l&rsquo;\u00e9paule sont des exemples d&rsquo;articulations \u00e0 rotule.<\/p>\n<p>Nous devons d\u00e9terminer objectivement si le patient pr\u00e9sente des d\u00e9ficits physiques r\u00e9siduels permanents dus \u00e0 une blessure au degr\u00e9 le plus proche par l&rsquo;anamn\u00e8se et l&rsquo;examen physique ou par des tests diagnostiques appropri\u00e9s.<\/p>\n<h3>M\u00e9thodes d&rsquo;\u00e9valuation des d\u00e9ficiences permanentes de la hanche et du f\u00e9mur<\/h3>\n<p>Nous \u00e9valuerons le degr\u00e9 de d\u00e9ficit physique r\u00e9siduel permanent si l&rsquo;on ne s&rsquo;attend pas \u00e0 une gu\u00e9rison ult\u00e9rieure pendant l&rsquo;am\u00e9lioration m\u00e9dicale maximale (MMI). Nous devons d\u00e9terminer la MMI en fonction des r\u00e9sultats du traitement clinique, de l&rsquo;expertise et des autres options th\u00e9rapeutiques.<\/p>\n<p>En outre, nous prendrons en compte l&rsquo;extr\u00e9mit\u00e9 controlat\u00e9rale et les valeurs attendues. En r\u00e8gle g\u00e9n\u00e9rale, il faut compter un an \u00e0 partir de la blessure ou de la derni\u00e8re intervention chirurgicale pour d\u00e9terminer le temps \u00e9coul\u00e9 entre la blessure et l&rsquo;IMC.<\/p>\n<p>Nous ne devons pas \u00e9valuer le d\u00e9ficit physique r\u00e9siduel permanent en fonction de la gravit\u00e9 du m\u00e9canisme de la l\u00e9sion. Au lieu de cela, utilisez le moment de l&rsquo;IMC, y compris les l\u00e9sions physiques des os, des muscles, du cartilage, des tendons, des nerfs, des vaisseaux sanguins ou d&rsquo;autres tissus.<\/p>\n<h3>Amplitude des mouvements de la hanche<\/h3>\n<p>L&rsquo;amplitude des mouvements de la hanche comprend<\/p>\n<p>Abduction : ROM dans le plan coronal tournant autour d&rsquo;une ligne imaginaire passant par l&rsquo;axe de la t\u00eate du f\u00e9mur. L&rsquo;amplitude normale du mouvement d&rsquo;abduction de la hanche est de 45 degr\u00e9s, c&rsquo;est-\u00e0-dire que le membre inf\u00e9rieur s&rsquo;\u00e9loigne de la ligne m\u00e9diane.<\/p>\n<p>Adduction : ROM dans le plan coronal tournant autour d&rsquo;une ligne imaginaire passant par l&rsquo;axe de la t\u00eate du f\u00e9mur. L&rsquo;amplitude normale du mouvement d&rsquo;adduction de la hanche est de 35 degr\u00e9s, c&rsquo;est-\u00e0-dire que le membre inf\u00e9rieur se d\u00e9place sur la ligne m\u00e9diane.<\/p>\n<div id=\"attachment_15535\" style=\"width: 610px\" class=\"wp-caption aligncenter\"><img loading=\"lazy\" decoding=\"async\" aria-describedby=\"caption-attachment-15535\" class=\"wp-image-15535\" title=\"Figure : Abduction et adduction de la hanche\" src=\"https:\/\/newyorkhipknee.com\/wp-content\/uploads\/2022\/10\/image3-4.jpg\" alt=\"Figure : Abduction et adduction de la hanche\" width=\"600\" height=\"500\"><p id=\"caption-attachment-15535\" class=\"wp-caption-text\"><strong>Figure : Abduction et adduction de la hanche<\/strong><\/p><\/div>\n<p>Rotation interne : Le membre inf\u00e9rieur est plac\u00e9 en position de flexion partielle, le pied \u00e9tant pos\u00e9 sur la table d&rsquo;examen. Ensuite, nous effectuerons une rotation de la hanche, o\u00f9 le genou croise l&rsquo;extr\u00e9mit\u00e9 controlat\u00e9rale. L&rsquo;amplitude normale du mouvement de rotation interne de la hanche est de 45 degr\u00e9s.<\/p>\n<p>Rotation externe : Le membre inf\u00e9rieur est plac\u00e9 en position de flexion partielle, le pied \u00e9tant pos\u00e9 sur la table d&rsquo;examen. Ensuite, nous effectuons une rotation de la hanche, au cours de laquelle le genou s&rsquo;\u00e9loigne de l&rsquo;extr\u00e9mit\u00e9 controlat\u00e9rale. L&rsquo;amplitude normale du mouvement de rotation externe de la hanche est de 45 degr\u00e9s.<\/p>\n<div id=\"attachment_15534\" style=\"width: 610px\" class=\"wp-caption aligncenter\"><img loading=\"lazy\" decoding=\"async\" aria-describedby=\"caption-attachment-15534\" class=\"wp-image-15534\" title=\"Figure : Rotation interne et externe de la hanche\" src=\"https:\/\/newyorkhipknee.com\/wp-content\/uploads\/2022\/10\/image2-7.jpg\" alt=\"Figure : Rotation interne et externe de la hanche\" width=\"600\" height=\"500\"><p id=\"caption-attachment-15534\" class=\"wp-caption-text\"><strong>Figure : Rotation interne et externe de la hanche<\/strong><\/p><\/div>\n<p>Flexion (\u00e9l\u00e9vation vers l&rsquo;avant) : ROM dans le plan sagittal tournant autour d&rsquo;une ligne imaginaire passant par l&rsquo;ac\u00e9tabulum. Nous fl\u00e9chissons le genou et nous nous d\u00e9pla\u00e7ons devant et au-dessus de la taille. L&rsquo;amplitude normale de la flexion de la hanche est de 120 degr\u00e9s.<\/p>\n<p>Extension : ROM dans le plan sagittal tournant autour d&rsquo;une ligne imaginaire passant par l&rsquo;ac\u00e9tabulum. Nous pla\u00e7ons le patient en position couch\u00e9e, soulevons le membre inf\u00e9rieur au-dessus de la table d&rsquo;examen et d\u00e9pla\u00e7ons la jambe derri\u00e8re le corps jusqu&rsquo;\u00e0 30 degr\u00e9s.<\/p>\n<div id=\"attachment_15536\" style=\"width: 610px\" class=\"wp-caption aligncenter\"><img loading=\"lazy\" decoding=\"async\" aria-describedby=\"caption-attachment-15536\" class=\"wp-image-15536\" title=\"Figure : Extension et flexion de la hanche\" src=\"https:\/\/newyorkhipknee.com\/wp-content\/uploads\/2022\/10\/image1-7.jpg\" alt=\"Figure : Extension et flexion de la hanche\" width=\"600\" height=\"500\"><p id=\"caption-attachment-15536\" class=\"wp-caption-text\"><strong>Figure : Extension et flexion de la hanche<\/strong><\/p><\/div>\n<h3>Calcul de la perte d&rsquo;usage de la hanche<\/h3>\n<p>Nous commencerons par \u00e9valuer toute consid\u00e9ration particuli\u00e8re afin de d\u00e9terminer le calendrier global de la perte d&rsquo;usage de la hanche. S&rsquo;il n&rsquo;y a pas de consid\u00e9rations particuli\u00e8res, nous ajoutons l&rsquo;enl\u00e8vement\/adduction (A) + rotation interne\/externe (B) + flexion (C) dans la mesure des autres d\u00e9ficits et calculer la perte d&rsquo;usage de la hanche selon le calendrier global.<\/p>\n<p>Utilisez les notes suivantes lorsque vous envisagez d&rsquo;autres d\u00e9ficits. La perte maximale d&rsquo;utilisation de la hanche ne doit pas d\u00e9passer l&rsquo;ankylose lors de l&rsquo;\u00e9valuation de l&rsquo;amplitude des mouvements.<\/p>\n<p><strong>Tableau : Hanche : pourcentage de perte d&rsquo;usage de la hanche<\/strong><\/p>\n<p>Pour d\u00e9terminer les d\u00e9ficits, il faut additionner A + B + C, et nous utilisons le tableau, les valeurs et les notes suivants. La perte maximale de l&rsquo;usage du coude ne doit pas d\u00e9passer l&rsquo;ankylose. Ajuster proportionnellement les pourcentages de perte d&rsquo;usage du bar\u00e8me pour les valeurs d&rsquo;amplitude de mouvement.<\/p>\n<p>Nous utilisons le chiffre le plus bas en cas de d\u00e9ficit d&rsquo;un seul mouvement, comme la flexion ou l&rsquo;extension. Toutefois, nous utilisons le chiffre le plus \u00e9lev\u00e9 si la flexion et l&rsquo;extension s&rsquo;appliquent toutes deux.<\/p>\n<p><strong>Notes :<\/strong><\/p>\n<ul>\n<li>Abduction et adduction : Nous utilisons une perte de 33 1\u20443% de l&rsquo;usage de la jambe pour une perte compl\u00e8te des deux d\u00e9ficits.\n<p>&nbsp;<\/li>\n<li>Rotation interne et externe : Perte compl\u00e8te des deux \u00e9galit\u00e9s Utiliser une perte de 30% de l&rsquo;usage de la jambe pour une perte compl\u00e8te des deux d\u00e9ficits.\n<p>&nbsp;<\/li>\n<li>Nous utilisons une perte d&rsquo;utilisation des jambes de 71\u20442-10% pour les d\u00e9ficits d&rsquo;extension post\u00e9rieure.<\/li>\n<\/ul>\n<h3>Consid\u00e9rations particuli\u00e8res concernant la hanche<\/h3>\n<p>Nous utilisons les consid\u00e9rations sp\u00e9ciales lorsque nous \u00e9valuons les valeurs de perte d&rsquo;utilisation \u00e9num\u00e9r\u00e9es dans le tableau ou sans valeur de tableau fournie. La valeur maximale de la perte d&rsquo;usage selon le bar\u00e8me ne doit pas d\u00e9passer la valeur de l&rsquo;ankylose.<\/p>\n<ol>\n<li>Nous utilisons une perte anatomique de 50 % de l&rsquo;usage de la jambe pour l&rsquo;excision de la t\u00eate et du col du f\u00e9mur sans remplacement proth\u00e9tique et nous ajoutons des d\u00e9ficits de mobilit\u00e9.\n<p>&nbsp;<\/li>\n<li>Nous utilisons un bar\u00e8me de 71\u20442% de perte d&rsquo;utilisation de la jambe pour la synovite de la hanche, la bursite (bourse iliopsoas, bourse trochant\u00e9rienne et bourse ischioglut\u00e9ale). Ensuite, nous \u00e9valuerons au moins deux ans \u00e0 partir de la date de la blessure.\n<p>&nbsp;<\/li>\n<li>Nous d\u00e9terminons une indemnit\u00e9 compensatrice apr\u00e8s deux ans de fracture du bassin si une d\u00e9ficience r\u00e9siduelle de la hanche est pr\u00e9sente, telle qu&rsquo;une restriction de la mobilit\u00e9 de l&rsquo;articulation de la hanche ou une atrophie des muscles de la cuisse. Le programme peut se traduire par une perte de 15 \u00e0 20 % de la jambe.\n<p>&nbsp;<\/li>\n<li>Nous utilisons une perte d&rsquo;usage de la jambe de 5 % pour 1\/2 pouce, de 71\u20442 % pour 3\/4 pouce et de 10 % pour 1 pouce en cas de raccourcissement ou d&rsquo;allongement de la jambe.\n<p>&nbsp;<\/li>\n<li>Rupture du quadriceps : Nous \u00e9valuons une perte de 15 \u00e0 20 % pour la d\u00e9formation et la faiblesse, puis nous ajoutons les d\u00e9ficits de mobilit\u00e9. L&rsquo;indemnit\u00e9 moyenne accord\u00e9e au titre du bar\u00e8me des pertes est de 20 \u00e0 25 % pour la perte de l&rsquo;usage de la jambe. Toutefois, nous envisagerons un calendrier plus \u00e9lev\u00e9 en cas de laxit\u00e9 du genou.\n<p>&nbsp;<\/li>\n<li>Nous utilisons une perte d&rsquo;utilisation de la jambe de 10 % pour l&rsquo;atrophie du quadriceps avec faiblesse lors de l&rsquo;extension du genou.\n<p>&nbsp;<\/li>\n<li>Nous utilisons une indemnit\u00e9 de 100 % pour la perte d&rsquo;une jambe en cas d&rsquo;amputation et nous ajoutons d&rsquo;autres indemnit\u00e9s pr\u00e9vues par le bar\u00e8me pour un deuxi\u00e8me accident ou une blessure cons\u00e9cutive, comme une fracture de la hanche.\n<p>&nbsp;<\/li>\n<li>Il faut compter deux ans avant de proc\u00e9der \u00e0 une \u00e9valuation finale et de programmer l&rsquo;attribution d&rsquo;une indemnit\u00e9 pour une fracture de la hanche, chirurgicale ou non chirurgicale. Nous recevrons une radiographie actualis\u00e9e de la t\u00eate f\u00e9morale afin d&rsquo;\u00e9valuer le stock osseux, le descellement ou le d\u00e9placement\/alignement du mat\u00e9riel. Toutefois, nous \u00e9valuons l&rsquo;attribution du calendrier au moins six mois apr\u00e8s le retrait du mat\u00e9riel m\u00e9tallique et au plus t\u00f4t deux ans apr\u00e8s la mise en place du mat\u00e9riel.\n<p>&nbsp;<\/li>\n<li>Ost\u00e9otomie totale ou partielle, arthroplastie ou remplacement de la hanche : Nous visons \u00e0 restaurer la fonction articulaire et \u00e9valuons les r\u00e9sultats au moins douze mois apr\u00e8s l&rsquo;op\u00e9ration. Des modifications de la fonction clinique peuvent survenir avant.<\/li>\n<\/ol>\n<p>Nous \u00e9valuons le calendrier sur la base de l&rsquo;\u00e9valuation m\u00e9dicale d&rsquo;une amplitude de mouvement (flexion de la hanche) :<\/p>\n<ul>\n<li>la position des jambes, y compris l&rsquo;\u00e9cart de longueur des jambes, mesur\u00e9 en position couch\u00e9e, de l&rsquo;ombilic \u00e0 la pointe de la mall\u00e9ole m\u00e9diane distale ou la malrotation\n<p>&nbsp;<\/li>\n<li>atrophie, mesur\u00e9e \u00e0 mi-cuisse et compar\u00e9e \u00e0 l&rsquo;extr\u00e9mit\u00e9 controlat\u00e9rale\n<p>&nbsp;<\/li>\n<li>la pr\u00e9sence de complications chroniques, selon le tableau suivant, sauf si l&rsquo;on utilise la classification<\/li>\n<\/ul>\n<p>Nous utilisons le tableau suivant pour d\u00e9terminer les valeurs de la perte d&rsquo;usage. Le r\u00e9sultat id\u00e9al (rang\u00e9e A) est une perte d&rsquo;utilisation de 35 %. Ensuite, nous ajouterons la valeur des autres d\u00e9ficits aux valeurs qui correspondent \u00e9troitement au d\u00e9ficit pr\u00e9vu dans chaque colonne lorsque les d\u00e9ficits d\u00e9passent ceux \u00e9num\u00e9r\u00e9s \u00e0 la ligne A \u00e0 la valeur de base de 35 % pour calculer la valeur totale de l&rsquo;indemnit\u00e9 de perte d&rsquo;usage pr\u00e9vue par le bar\u00e8me.<\/p>\n<p><strong>Tableau : Remplacement complet ou partiel de la hanche : Tableau Perte d&rsquo;usage<\/strong><\/p>\n<p>Exemple :<br \/>\nUn patient a subi une chirurgie corrective de remplacement de la hanche. Lors de l&rsquo;examen m\u00e9dical, nous avons d\u00e9termin\u00e9 que la patiente gu\u00e9rirait avec un r\u00e9sultat moyen, une amplitude de mouvement en flexion limit\u00e9e \u00e0 45 degr\u00e9s, un \u00e9cart de jambe de 0,8 pouce \u00e0 20 degr\u00e9s et une malrotation.<\/p>\n<p>Par cons\u00e9quent, nous \u00e9valuons la perte d&rsquo;usage de la hanche en commen\u00e7ant par la valeur de remplacement de la hanche (35%), puis :<\/p>\n<ul>\n<li>Ajoutez une perte de 10% pour un d\u00e9ficit de flexion plus important (45 degr\u00e9s).\n<p>&nbsp;<\/li>\n<li>Ajouter une perte de 10 % pour la malrotation (20 degr\u00e9s).\n<p>&nbsp;<\/li>\n<li>La valeur globale est de 55%.<\/li>\n<\/ul>\n<h3>Amputation de la hanche<\/h3>\n<p>Nous utilisons une perte de jambe de 100 % pour une amputation entre l&rsquo;articulation de la hanche et le genou.<\/p>\n<p>Pour plus d&rsquo;informations, veuillez consulter le site web de la commission des accidents du travail de votre \u00c9tat ou vous adresser \u00e0 votre avocat sp\u00e9cialis\u00e9 dans les accidents du travail.<\/p>\n","protected":false},"excerpt":{"rendered":"<p>Nous utilisons ces lignes directrices si vous avez subi un accident du travail et que vous vous interrogez sur l&rsquo;effet de la \u00ab\u00a0perte d&rsquo;usage programm\u00e9e\u00a0\u00bb (SLU) sur votre hanche et votre f\u00e9mur. Dans ce cas, vous pourriez avoir droit \u00e0 une indemnit\u00e9 d\u00e9termin\u00e9e par le r\u00e8glement de la Commission des accidents du travail. Notre rapport [&hellip;]<\/p>\n","protected":false},"author":15,"featured_media":0,"parent":17774,"menu_order":0,"comment_status":"closed","ping_status":"closed","template":"","meta":{"_et_pb_use_builder":"","_et_pb_old_content":"","_et_gb_content_width":"","footnotes":""},"class_list":["post-17781","page","type-page","status-publish","hentry"],"yoast_head":"<!-- This site is optimized with the Yoast SEO plugin v27.2 - https:\/\/yoast.com\/product\/yoast-seo-wordpress\/ -->\n<title>Hanche et f\u00e9mur | Best Hip &amp; Knee Surgeon | NY, USA<\/title>\n<meta name=\"description\" content=\"Nous utilisons ces lignes directrices si vous avez subi un accident du travail et que vous vous interrogez sur l&#039;effet de la &quot;perte d&#039;usage programm\u00e9e&quot;\" \/>\n<meta name=\"robots\" content=\"index, follow, max-snippet:-1, max-image-preview:large, max-video-preview:-1\" \/>\n<link rel=\"canonical\" href=\"https:\/\/www.newyorkhipknee.com\/fr\/indemnisation-des-travailleurs\/perte-dusage-programmee\/hanche-et-femur\/\" \/>\n<meta property=\"og:locale\" content=\"fr_FR\" \/>\n<meta property=\"og:type\" content=\"article\" \/>\n<meta property=\"og:title\" content=\"Hanche et f\u00e9mur | Best Hip &amp; Knee Surgeon | NY, USA\" \/>\n<meta property=\"og:description\" content=\"Nous utilisons ces lignes directrices si vous avez subi un accident du travail et que vous vous interrogez sur l&#039;effet de la &quot;perte d&#039;usage programm\u00e9e&quot;\" \/>\n<meta property=\"og:url\" content=\"https:\/\/www.newyorkhipknee.com\/fr\/indemnisation-des-travailleurs\/perte-dusage-programmee\/hanche-et-femur\/\" \/>\n<meta property=\"og:site_name\" content=\"Best Hip &amp; Knee Surgeon | NY, USA\" \/>\n<meta property=\"og:image\" content=\"https:\/\/newyorkhipknee.com\/wp-content\/uploads\/2022\/10\/image3-4.jpg\" \/>\n<meta name=\"twitter:card\" content=\"summary_large_image\" \/>\n<meta name=\"twitter:label1\" content=\"Dur\u00e9e de lecture estim\u00e9e\" \/>\n\t<meta name=\"twitter:data1\" content=\"9 minutes\" \/>\n<script type=\"application\/ld+json\" class=\"yoast-schema-graph\">{\"@context\":\"https:\/\/schema.org\",\"@graph\":[{\"@type\":[\"WebPage\",\"MedicalWebPage\"],\"@id\":\"https:\/\/www.newyorkhipknee.com\/fr\/indemnisation-des-travailleurs\/perte-dusage-programmee\/hanche-et-femur\/\",\"url\":\"https:\/\/www.newyorkhipknee.com\/fr\/indemnisation-des-travailleurs\/perte-dusage-programmee\/hanche-et-femur\/\",\"name\":\"Hanche et f\u00e9mur | Best Hip &amp; Knee Surgeon | NY, USA\",\"isPartOf\":{\"@id\":\"https:\/\/www.newyorkhipknee.com\/fr\/#website\"},\"primaryImageOfPage\":{\"@id\":\"https:\/\/www.newyorkhipknee.com\/fr\/indemnisation-des-travailleurs\/perte-dusage-programmee\/hanche-et-femur\/#primaryimage\"},\"image\":{\"@id\":\"https:\/\/www.newyorkhipknee.com\/fr\/indemnisation-des-travailleurs\/perte-dusage-programmee\/hanche-et-femur\/#primaryimage\"},\"thumbnailUrl\":\"https:\/\/newyorkhipknee.com\/wp-content\/uploads\/2022\/10\/image3-4.jpg\",\"datePublished\":\"2022-10-14T06:37:23+00:00\",\"description\":\"Nous utilisons ces lignes directrices si vous avez subi un accident du travail et que vous vous interrogez sur l'effet de la \\\"perte d'usage programm\u00e9e\\\"\",\"breadcrumb\":{\"@id\":\"https:\/\/www.newyorkhipknee.com\/fr\/indemnisation-des-travailleurs\/perte-dusage-programmee\/hanche-et-femur\/#breadcrumb\"},\"inLanguage\":\"fr-FR\",\"potentialAction\":[{\"@type\":\"ReadAction\",\"target\":[\"https:\/\/www.newyorkhipknee.com\/fr\/indemnisation-des-travailleurs\/perte-dusage-programmee\/hanche-et-femur\/\"]}]},{\"@type\":\"ImageObject\",\"inLanguage\":\"fr-FR\",\"@id\":\"https:\/\/www.newyorkhipknee.com\/fr\/indemnisation-des-travailleurs\/perte-dusage-programmee\/hanche-et-femur\/#primaryimage\",\"url\":\"https:\/\/newyorkhipknee.com\/wp-content\/uploads\/2022\/10\/image3-4.jpg\",\"contentUrl\":\"https:\/\/newyorkhipknee.com\/wp-content\/uploads\/2022\/10\/image3-4.jpg\"},{\"@type\":\"BreadcrumbList\",\"@id\":\"https:\/\/www.newyorkhipknee.com\/fr\/indemnisation-des-travailleurs\/perte-dusage-programmee\/hanche-et-femur\/#breadcrumb\",\"itemListElement\":[{\"@type\":\"ListItem\",\"position\":1,\"name\":\"Home\",\"item\":\"https:\/\/www.newyorkhipknee.com\/fr\/\"},{\"@type\":\"ListItem\",\"position\":2,\"name\":\"Indemnisation des travailleurs\",\"item\":\"https:\/\/www.newyorkhipknee.com\/fr\/indemnisation-des-travailleurs\/\"},{\"@type\":\"ListItem\",\"position\":3,\"name\":\"Perte d&rsquo;usage programm\u00e9e\",\"item\":\"https:\/\/www.newyorkhipknee.com\/fr\/indemnisation-des-travailleurs\/perte-dusage-programmee\/\"},{\"@type\":\"ListItem\",\"position\":4,\"name\":\"Hanche et f\u00e9mur\"}]},{\"@type\":\"WebSite\",\"@id\":\"https:\/\/www.newyorkhipknee.com\/fr\/#website\",\"url\":\"https:\/\/www.newyorkhipknee.com\/fr\/\",\"name\":\"Best Hip & Knee Surgeon | NY, USA\",\"description\":\"\",\"potentialAction\":[{\"@type\":\"SearchAction\",\"target\":{\"@type\":\"EntryPoint\",\"urlTemplate\":\"https:\/\/www.newyorkhipknee.com\/fr\/?s={search_term_string}\"},\"query-input\":{\"@type\":\"PropertyValueSpecification\",\"valueRequired\":true,\"valueName\":\"search_term_string\"}}],\"inLanguage\":\"fr-FR\"}]}<\/script>\n<!-- \/ Yoast SEO plugin. -->","yoast_head_json":{"title":"Hanche et f\u00e9mur | Best Hip &amp; Knee Surgeon | NY, USA","description":"Nous utilisons ces lignes directrices si vous avez subi un accident du travail et que vous vous interrogez sur l'effet de la \"perte d'usage programm\u00e9e\"","robots":{"index":"index","follow":"follow","max-snippet":"max-snippet:-1","max-image-preview":"max-image-preview:large","max-video-preview":"max-video-preview:-1"},"canonical":"https:\/\/www.newyorkhipknee.com\/fr\/indemnisation-des-travailleurs\/perte-dusage-programmee\/hanche-et-femur\/","og_locale":"fr_FR","og_type":"article","og_title":"Hanche et f\u00e9mur | Best Hip &amp; Knee Surgeon | NY, USA","og_description":"Nous utilisons ces lignes directrices si vous avez subi un accident du travail et que vous vous interrogez sur l'effet de la \"perte d'usage programm\u00e9e\"","og_url":"https:\/\/www.newyorkhipknee.com\/fr\/indemnisation-des-travailleurs\/perte-dusage-programmee\/hanche-et-femur\/","og_site_name":"Best Hip &amp; Knee Surgeon | NY, USA","og_image":[{"url":"https:\/\/newyorkhipknee.com\/wp-content\/uploads\/2022\/10\/image3-4.jpg","type":"","width":"","height":""}],"twitter_card":"summary_large_image","twitter_misc":{"Dur\u00e9e de lecture estim\u00e9e":"9 minutes"},"schema":{"@context":"https:\/\/schema.org","@graph":[{"@type":["WebPage","MedicalWebPage"],"@id":"https:\/\/www.newyorkhipknee.com\/fr\/indemnisation-des-travailleurs\/perte-dusage-programmee\/hanche-et-femur\/","url":"https:\/\/www.newyorkhipknee.com\/fr\/indemnisation-des-travailleurs\/perte-dusage-programmee\/hanche-et-femur\/","name":"Hanche et f\u00e9mur | Best Hip &amp; Knee Surgeon | NY, USA","isPartOf":{"@id":"https:\/\/www.newyorkhipknee.com\/fr\/#website"},"primaryImageOfPage":{"@id":"https:\/\/www.newyorkhipknee.com\/fr\/indemnisation-des-travailleurs\/perte-dusage-programmee\/hanche-et-femur\/#primaryimage"},"image":{"@id":"https:\/\/www.newyorkhipknee.com\/fr\/indemnisation-des-travailleurs\/perte-dusage-programmee\/hanche-et-femur\/#primaryimage"},"thumbnailUrl":"https:\/\/newyorkhipknee.com\/wp-content\/uploads\/2022\/10\/image3-4.jpg","datePublished":"2022-10-14T06:37:23+00:00","description":"Nous utilisons ces lignes directrices si vous avez subi un accident du travail et que vous vous interrogez sur l'effet de la \"perte d'usage programm\u00e9e\"","breadcrumb":{"@id":"https:\/\/www.newyorkhipknee.com\/fr\/indemnisation-des-travailleurs\/perte-dusage-programmee\/hanche-et-femur\/#breadcrumb"},"inLanguage":"fr-FR","potentialAction":[{"@type":"ReadAction","target":["https:\/\/www.newyorkhipknee.com\/fr\/indemnisation-des-travailleurs\/perte-dusage-programmee\/hanche-et-femur\/"]}]},{"@type":"ImageObject","inLanguage":"fr-FR","@id":"https:\/\/www.newyorkhipknee.com\/fr\/indemnisation-des-travailleurs\/perte-dusage-programmee\/hanche-et-femur\/#primaryimage","url":"https:\/\/newyorkhipknee.com\/wp-content\/uploads\/2022\/10\/image3-4.jpg","contentUrl":"https:\/\/newyorkhipknee.com\/wp-content\/uploads\/2022\/10\/image3-4.jpg"},{"@type":"BreadcrumbList","@id":"https:\/\/www.newyorkhipknee.com\/fr\/indemnisation-des-travailleurs\/perte-dusage-programmee\/hanche-et-femur\/#breadcrumb","itemListElement":[{"@type":"ListItem","position":1,"name":"Home","item":"https:\/\/www.newyorkhipknee.com\/fr\/"},{"@type":"ListItem","position":2,"name":"Indemnisation des travailleurs","item":"https:\/\/www.newyorkhipknee.com\/fr\/indemnisation-des-travailleurs\/"},{"@type":"ListItem","position":3,"name":"Perte d&rsquo;usage programm\u00e9e","item":"https:\/\/www.newyorkhipknee.com\/fr\/indemnisation-des-travailleurs\/perte-dusage-programmee\/"},{"@type":"ListItem","position":4,"name":"Hanche et f\u00e9mur"}]},{"@type":"WebSite","@id":"https:\/\/www.newyorkhipknee.com\/fr\/#website","url":"https:\/\/www.newyorkhipknee.com\/fr\/","name":"Best Hip & Knee Surgeon | NY, USA","description":"","potentialAction":[{"@type":"SearchAction","target":{"@type":"EntryPoint","urlTemplate":"https:\/\/www.newyorkhipknee.com\/fr\/?s={search_term_string}"},"query-input":{"@type":"PropertyValueSpecification","valueRequired":true,"valueName":"search_term_string"}}],"inLanguage":"fr-FR"}]}},"_links":{"self":[{"href":"https:\/\/www.newyorkhipknee.com\/fr\/wp-json\/wp\/v2\/pages\/17781","targetHints":{"allow":["GET"]}}],"collection":[{"href":"https:\/\/www.newyorkhipknee.com\/fr\/wp-json\/wp\/v2\/pages"}],"about":[{"href":"https:\/\/www.newyorkhipknee.com\/fr\/wp-json\/wp\/v2\/types\/page"}],"author":[{"embeddable":true,"href":"https:\/\/www.newyorkhipknee.com\/fr\/wp-json\/wp\/v2\/users\/15"}],"replies":[{"embeddable":true,"href":"https:\/\/www.newyorkhipknee.com\/fr\/wp-json\/wp\/v2\/comments?post=17781"}],"version-history":[{"count":0,"href":"https:\/\/www.newyorkhipknee.com\/fr\/wp-json\/wp\/v2\/pages\/17781\/revisions"}],"up":[{"embeddable":true,"href":"https:\/\/www.newyorkhipknee.com\/fr\/wp-json\/wp\/v2\/pages\/17774"}],"wp:attachment":[{"href":"https:\/\/www.newyorkhipknee.com\/fr\/wp-json\/wp\/v2\/media?parent=17781"}],"curies":[{"name":"wp","href":"https:\/\/api.w.org\/{rel}","templated":true}]}}