{"id":17784,"date":"2021-10-28T05:01:49","date_gmt":"2021-10-28T09:01:49","guid":{"rendered":"https:\/\/newyorkhipknee.com\/remplacement-total-de-la-hanche\/dois-je-subir-un-resurfacage-de-la-hanche-alternatives-a-larthroplastie-de-la-hanche\/"},"modified":"2021-10-28T05:01:49","modified_gmt":"2021-10-28T09:01:49","slug":"dois-je-subir-un-resurfacage-de-la-hanche-alternatives-a-larthroplastie-de-la-hanche","status":"publish","type":"page","link":"https:\/\/www.newyorkhipknee.com\/fr\/remplacement-total-de-la-hanche\/dois-je-subir-un-resurfacage-de-la-hanche-alternatives-a-larthroplastie-de-la-hanche\/","title":{"rendered":"Dois-je subir un resurfa\u00e7age de la hanche ? Alternatives \u00e0 l&rsquo;arthroplastie de la hanche"},"content":{"rendered":"<p>La chirurgie de r\u00e9f\u00e9rence pour l&rsquo;arthrose de la hanche est l&rsquo;arthroplastie totale de la hanche. Des millions de personnes ont recours \u00e0 cette proc\u00e9dure pour am\u00e9liorer leur fonction et leur qualit\u00e9 de vie.<\/p>\n<p>Outre l&rsquo;arthrite, la proth\u00e8se totale de hanche traite \u00e9galement la dysplasie cong\u00e9nitale de la hanche, la <a href=\"\/hip-avascular-necrosis\/\">n\u00e9crose avasculaire<\/a>, la polyarthrite rhumato\u00efde et la hernie \u00e9piphysaire f\u00e9morale.<\/p>\n<p>Cependant, la <a href=\"https:\/\/newyorkhipknee.com\/faqs\/total-hip-replacement-faqs\/\">proth\u00e8se totale de hanche<\/a> n&rsquo;est pas une solution durable pour les jeunes actifs. Si vous subissez une arthroplastie totale de la hanche, vous pouvez vous attendre \u00e0 une reprise chirurgicale \u00e0 l&rsquo;avenir, qui est associ\u00e9e \u00e0 une morbidit\u00e9 \u00e9lev\u00e9e.<\/p>\n<p>Le resurfa\u00e7age de la hanche est une autre alternative \u00e0 l&rsquo;arthroplastie totale de la hanche. Dans cette proc\u00e9dure, l&rsquo;os se conserve et permet une plus grande amplitude de mouvement et un taux de luxation plus faible.<\/p>\n<h3>Il existe de nombreuses alternatives \u00e0 la chirurgie de remplacement de la hanche et le resurfa\u00e7age pourrait \u00eatre une option pour vous.<\/h3>\n<p>Le Royaume-Uni et l&rsquo;Europe utilisent largement le resurfa\u00e7age de la hanche, mais aux \u00c9tats-Unis, cette technique a perdu de sa popularit\u00e9 pour plusieurs raisons. Les personnes dont la qualit\u00e9 osseuse est m\u00e9diocre courent le risque d&rsquo;une fracture osseuse juste en dessous de la calotte m\u00e9tallique plac\u00e9e sur le haut du f\u00e9mur (os de la cuisse).<\/p>\n<p>De plus, on a l&rsquo;impression qu&rsquo;avec le temps, des ions m\u00e9talliques nocifs peuvent s&rsquo;\u00e9chapper dans la circulation sanguine en raison du frottement des deux surfaces m\u00e9talliques l&rsquo;une contre l&rsquo;autre.<\/p>\n<p>Dans le cas du resurfa\u00e7age de la hanche, le chirurgien ne remplace pas compl\u00e8tement la \u00ab\u00a0boule\u00a0\u00bb de la hanche par une boule en c\u00e9ramique ou en m\u00e9tal. Au lieu de cela, le chirurgien remod\u00e8le l&rsquo;os et le coiffe d&rsquo;une proth\u00e8se m\u00e9tallique.<\/p>\n<p>Ces deux surfaces m\u00e9talliques peuvent potentiellement frotter l&rsquo;une contre l&rsquo;autre et s&rsquo;user, ce qui peut entra\u00eener la lib\u00e9ration d&rsquo;ions m\u00e9talliques.<\/p>\n<p>Si de faibles niveaux d&rsquo;ions sont sans importance, des niveaux plus \u00e9lev\u00e9s peuvent entra\u00eener une toxicit\u00e9. Dans le cas d&rsquo;une arthroplastie de la hanche classique, la proth\u00e8se de la cavit\u00e9 est recouverte d&rsquo;une \u00e9paisse couche de plastique durable, de sorte qu&rsquo;il n&rsquo;y a pas de contact m\u00e9tal sur m\u00e9tal.<\/p>\n<p>En g\u00e9n\u00e9ral, le remplacement de la hanche est conseill\u00e9 \u00e0 un stade avanc\u00e9 de la vie afin que la dur\u00e9e de vie de la proth\u00e8se corresponde \u00e0 celle du patient. La r\u00e9vision de la hanche donne un r\u00e9sultat moins bon, c&rsquo;est pourquoi il est si difficile de r\u00e9p\u00e9ter la proc\u00e9dure.<\/p>\n<p>Dans le pass\u00e9, le resurfa\u00e7age de la hanche \u00e9tait une option pour les jeunes souffrant de graves probl\u00e8mes de hanche. Cela permet de disposer de plus d&rsquo;os pour une future proth\u00e8se de la hanche. Aujourd&rsquo;hui, le resurfa\u00e7age de la hanche est g\u00e9n\u00e9ralement recommand\u00e9 pour les patients pr\u00e9sentant de graves d\u00e9formations et pour lesquels il n&rsquo;existe pas d&rsquo;autres options.<\/p>\n<p>Les meilleurs candidats sont les hommes jeunes avec une bonne qualit\u00e9 osseuse. Enfin, si vous avez recours au resurfa\u00e7age de la hanche, faites appel \u00e0 un chirurgien exp\u00e9riment\u00e9 car l&rsquo;intervention est techniquement exigeante. Il est \u00e0 esp\u00e9rer que, dans un avenir proche, le resurfa\u00e7age c\u00e9ramique pourra r\u00e9soudre les probl\u00e8mes actuels d&rsquo;hypersensibilit\u00e9 et de toxicit\u00e9 des m\u00e9taux.<\/p>\n<h3>Planifiez votre premi\u00e8re visite<\/h3>\n<div align=\"center\"><a class=\"livesite-schedule\" href=\"https:\/\/live.vcita.com\/site\/nyhipknee\/online-scheduling?staff=sbuvrwlyhlcvxsjv\" target=\"blank\" rel=\"noopener\" data-staff=\"b69585d231f6813d\"><br \/>\n<img decoding=\"async\" title=\"Planifier maintenant\" src=\"\/wp-content\/uploads\/2016\/02\/karkare-calendar.png\" alt=\"Planifier maintenant\" border=\"0\"><\/a><\/div>\n","protected":false},"excerpt":{"rendered":"<p>La chirurgie de r\u00e9f\u00e9rence pour l&rsquo;arthrose de la hanche est l&rsquo;arthroplastie totale de la hanche. Des millions de personnes ont recours \u00e0 cette proc\u00e9dure pour am\u00e9liorer leur fonction et leur qualit\u00e9 de vie. Outre l&rsquo;arthrite, la proth\u00e8se totale de hanche traite \u00e9galement la dysplasie cong\u00e9nitale de la hanche, la n\u00e9crose avasculaire, la polyarthrite rhumato\u00efde et [&hellip;]<\/p>\n","protected":false},"author":15,"featured_media":0,"parent":17744,"menu_order":0,"comment_status":"closed","ping_status":"closed","template":"","meta":{"_et_pb_use_builder":"","_et_pb_old_content":"","_et_gb_content_width":"","footnotes":""},"class_list":["post-17784","page","type-page","status-publish","hentry"],"yoast_head":"<!-- This site is optimized with the Yoast SEO plugin v27.2 - https:\/\/yoast.com\/product\/yoast-seo-wordpress\/ -->\n<title>NYHK : Alternatives \u00e0 la chirurgie de remplacement de la hanche<\/title>\n<meta name=\"description\" content=\"La chirurgie de r\u00e9f\u00e9rence pour l&#039;arthrose de la hanche est l&#039;arthroplastie totale de la hanche. Des millions de personnes ont recours \u00e0 cette proc\u00e9dure pour am\u00e9liorer leur fonction et leur qualit\u00e9 de vie.\" \/>\n<meta name=\"robots\" content=\"index, follow, max-snippet:-1, max-image-preview:large, max-video-preview:-1\" \/>\n<link rel=\"canonical\" href=\"https:\/\/www.newyorkhipknee.com\/fr\/remplacement-total-de-la-hanche\/dois-je-subir-un-resurfacage-de-la-hanche-alternatives-a-larthroplastie-de-la-hanche\/\" \/>\n<meta property=\"og:locale\" content=\"fr_FR\" \/>\n<meta property=\"og:type\" content=\"article\" \/>\n<meta property=\"og:title\" content=\"NYHK : Alternatives \u00e0 la chirurgie de remplacement de la hanche\" \/>\n<meta property=\"og:description\" content=\"La chirurgie de r\u00e9f\u00e9rence pour l&#039;arthrose de la hanche est l&#039;arthroplastie totale de la hanche. Des millions de personnes ont recours \u00e0 cette proc\u00e9dure pour am\u00e9liorer leur fonction et leur qualit\u00e9 de vie.\" \/>\n<meta property=\"og:url\" content=\"https:\/\/www.newyorkhipknee.com\/fr\/remplacement-total-de-la-hanche\/dois-je-subir-un-resurfacage-de-la-hanche-alternatives-a-larthroplastie-de-la-hanche\/\" \/>\n<meta property=\"og:site_name\" content=\"Best Hip &amp; Knee Surgeon | NY, USA\" \/>\n<meta name=\"twitter:card\" content=\"summary_large_image\" \/>\n<meta name=\"twitter:label1\" content=\"Dur\u00e9e de lecture estim\u00e9e\" \/>\n\t<meta name=\"twitter:data1\" content=\"3 minutes\" \/>\n<script type=\"application\/ld+json\" class=\"yoast-schema-graph\">{\"@context\":\"https:\/\/schema.org\",\"@graph\":[{\"@type\":[\"WebPage\",\"MedicalWebPage\"],\"@id\":\"https:\/\/www.newyorkhipknee.com\/fr\/remplacement-total-de-la-hanche\/dois-je-subir-un-resurfacage-de-la-hanche-alternatives-a-larthroplastie-de-la-hanche\/\",\"url\":\"https:\/\/www.newyorkhipknee.com\/fr\/remplacement-total-de-la-hanche\/dois-je-subir-un-resurfacage-de-la-hanche-alternatives-a-larthroplastie-de-la-hanche\/\",\"name\":\"NYHK : Alternatives \u00e0 la chirurgie de remplacement de la hanche\",\"isPartOf\":{\"@id\":\"https:\/\/www.newyorkhipknee.com\/fr\/#website\"},\"datePublished\":\"2021-10-28T09:01:49+00:00\",\"description\":\"La chirurgie de r\u00e9f\u00e9rence pour l'arthrose de la hanche est l'arthroplastie totale de la hanche. Des millions de personnes ont recours \u00e0 cette proc\u00e9dure pour am\u00e9liorer leur fonction et leur qualit\u00e9 de vie.\",\"breadcrumb\":{\"@id\":\"https:\/\/www.newyorkhipknee.com\/fr\/remplacement-total-de-la-hanche\/dois-je-subir-un-resurfacage-de-la-hanche-alternatives-a-larthroplastie-de-la-hanche\/#breadcrumb\"},\"inLanguage\":\"fr-FR\",\"potentialAction\":[{\"@type\":\"ReadAction\",\"target\":[\"https:\/\/www.newyorkhipknee.com\/fr\/remplacement-total-de-la-hanche\/dois-je-subir-un-resurfacage-de-la-hanche-alternatives-a-larthroplastie-de-la-hanche\/\"]}]},{\"@type\":\"BreadcrumbList\",\"@id\":\"https:\/\/www.newyorkhipknee.com\/fr\/remplacement-total-de-la-hanche\/dois-je-subir-un-resurfacage-de-la-hanche-alternatives-a-larthroplastie-de-la-hanche\/#breadcrumb\",\"itemListElement\":[{\"@type\":\"ListItem\",\"position\":1,\"name\":\"Home\",\"item\":\"https:\/\/www.newyorkhipknee.com\/fr\/\"},{\"@type\":\"ListItem\",\"position\":2,\"name\":\"Remplacement total de la hanche\",\"item\":\"https:\/\/www.newyorkhipknee.com\/fr\/remplacement-total-de-la-hanche\/\"},{\"@type\":\"ListItem\",\"position\":3,\"name\":\"Dois-je subir un resurfa\u00e7age de la hanche ? Alternatives \u00e0 l&rsquo;arthroplastie de la hanche\"}]},{\"@type\":\"WebSite\",\"@id\":\"https:\/\/www.newyorkhipknee.com\/fr\/#website\",\"url\":\"https:\/\/www.newyorkhipknee.com\/fr\/\",\"name\":\"Best Hip & Knee Surgeon | NY, USA\",\"description\":\"\",\"potentialAction\":[{\"@type\":\"SearchAction\",\"target\":{\"@type\":\"EntryPoint\",\"urlTemplate\":\"https:\/\/www.newyorkhipknee.com\/fr\/?s={search_term_string}\"},\"query-input\":{\"@type\":\"PropertyValueSpecification\",\"valueRequired\":true,\"valueName\":\"search_term_string\"}}],\"inLanguage\":\"fr-FR\"}]}<\/script>\n<!-- \/ Yoast SEO plugin. -->","yoast_head_json":{"title":"NYHK : Alternatives \u00e0 la chirurgie de remplacement de la hanche","description":"La chirurgie de r\u00e9f\u00e9rence pour l'arthrose de la hanche est l'arthroplastie totale de la hanche. Des millions de personnes ont recours \u00e0 cette proc\u00e9dure pour am\u00e9liorer leur fonction et leur qualit\u00e9 de vie.","robots":{"index":"index","follow":"follow","max-snippet":"max-snippet:-1","max-image-preview":"max-image-preview:large","max-video-preview":"max-video-preview:-1"},"canonical":"https:\/\/www.newyorkhipknee.com\/fr\/remplacement-total-de-la-hanche\/dois-je-subir-un-resurfacage-de-la-hanche-alternatives-a-larthroplastie-de-la-hanche\/","og_locale":"fr_FR","og_type":"article","og_title":"NYHK : Alternatives \u00e0 la chirurgie de remplacement de la hanche","og_description":"La chirurgie de r\u00e9f\u00e9rence pour l'arthrose de la hanche est l'arthroplastie totale de la hanche. Des millions de personnes ont recours \u00e0 cette proc\u00e9dure pour am\u00e9liorer leur fonction et leur qualit\u00e9 de vie.","og_url":"https:\/\/www.newyorkhipknee.com\/fr\/remplacement-total-de-la-hanche\/dois-je-subir-un-resurfacage-de-la-hanche-alternatives-a-larthroplastie-de-la-hanche\/","og_site_name":"Best Hip &amp; Knee Surgeon | NY, USA","twitter_card":"summary_large_image","twitter_misc":{"Dur\u00e9e de lecture estim\u00e9e":"3 minutes"},"schema":{"@context":"https:\/\/schema.org","@graph":[{"@type":["WebPage","MedicalWebPage"],"@id":"https:\/\/www.newyorkhipknee.com\/fr\/remplacement-total-de-la-hanche\/dois-je-subir-un-resurfacage-de-la-hanche-alternatives-a-larthroplastie-de-la-hanche\/","url":"https:\/\/www.newyorkhipknee.com\/fr\/remplacement-total-de-la-hanche\/dois-je-subir-un-resurfacage-de-la-hanche-alternatives-a-larthroplastie-de-la-hanche\/","name":"NYHK : Alternatives \u00e0 la chirurgie de remplacement de la hanche","isPartOf":{"@id":"https:\/\/www.newyorkhipknee.com\/fr\/#website"},"datePublished":"2021-10-28T09:01:49+00:00","description":"La chirurgie de r\u00e9f\u00e9rence pour l'arthrose de la hanche est l'arthroplastie totale de la hanche. Des millions de personnes ont recours \u00e0 cette proc\u00e9dure pour am\u00e9liorer leur fonction et leur qualit\u00e9 de vie.","breadcrumb":{"@id":"https:\/\/www.newyorkhipknee.com\/fr\/remplacement-total-de-la-hanche\/dois-je-subir-un-resurfacage-de-la-hanche-alternatives-a-larthroplastie-de-la-hanche\/#breadcrumb"},"inLanguage":"fr-FR","potentialAction":[{"@type":"ReadAction","target":["https:\/\/www.newyorkhipknee.com\/fr\/remplacement-total-de-la-hanche\/dois-je-subir-un-resurfacage-de-la-hanche-alternatives-a-larthroplastie-de-la-hanche\/"]}]},{"@type":"BreadcrumbList","@id":"https:\/\/www.newyorkhipknee.com\/fr\/remplacement-total-de-la-hanche\/dois-je-subir-un-resurfacage-de-la-hanche-alternatives-a-larthroplastie-de-la-hanche\/#breadcrumb","itemListElement":[{"@type":"ListItem","position":1,"name":"Home","item":"https:\/\/www.newyorkhipknee.com\/fr\/"},{"@type":"ListItem","position":2,"name":"Remplacement total de la hanche","item":"https:\/\/www.newyorkhipknee.com\/fr\/remplacement-total-de-la-hanche\/"},{"@type":"ListItem","position":3,"name":"Dois-je subir un resurfa\u00e7age de la hanche ? Alternatives \u00e0 l&rsquo;arthroplastie de la hanche"}]},{"@type":"WebSite","@id":"https:\/\/www.newyorkhipknee.com\/fr\/#website","url":"https:\/\/www.newyorkhipknee.com\/fr\/","name":"Best Hip & Knee Surgeon | NY, USA","description":"","potentialAction":[{"@type":"SearchAction","target":{"@type":"EntryPoint","urlTemplate":"https:\/\/www.newyorkhipknee.com\/fr\/?s={search_term_string}"},"query-input":{"@type":"PropertyValueSpecification","valueRequired":true,"valueName":"search_term_string"}}],"inLanguage":"fr-FR"}]}},"_links":{"self":[{"href":"https:\/\/www.newyorkhipknee.com\/fr\/wp-json\/wp\/v2\/pages\/17784","targetHints":{"allow":["GET"]}}],"collection":[{"href":"https:\/\/www.newyorkhipknee.com\/fr\/wp-json\/wp\/v2\/pages"}],"about":[{"href":"https:\/\/www.newyorkhipknee.com\/fr\/wp-json\/wp\/v2\/types\/page"}],"author":[{"embeddable":true,"href":"https:\/\/www.newyorkhipknee.com\/fr\/wp-json\/wp\/v2\/users\/15"}],"replies":[{"embeddable":true,"href":"https:\/\/www.newyorkhipknee.com\/fr\/wp-json\/wp\/v2\/comments?post=17784"}],"version-history":[{"count":0,"href":"https:\/\/www.newyorkhipknee.com\/fr\/wp-json\/wp\/v2\/pages\/17784\/revisions"}],"up":[{"embeddable":true,"href":"https:\/\/www.newyorkhipknee.com\/fr\/wp-json\/wp\/v2\/pages\/17744"}],"wp:attachment":[{"href":"https:\/\/www.newyorkhipknee.com\/fr\/wp-json\/wp\/v2\/media?parent=17784"}],"curies":[{"name":"wp","href":"https:\/\/api.w.org\/{rel}","templated":true}]}}