{"id":17788,"date":"2021-10-28T03:51:45","date_gmt":"2021-10-28T07:51:45","guid":{"rendered":"https:\/\/newyorkhipknee.com\/remplacement-total-de-la-hanche\/a-quoi-sattendre-apres-une-arthroplastie-de-la-hanche\/"},"modified":"2021-10-28T03:51:45","modified_gmt":"2021-10-28T07:51:45","slug":"a-quoi-sattendre-apres-une-arthroplastie-de-la-hanche","status":"publish","type":"page","link":"https:\/\/www.newyorkhipknee.com\/fr\/remplacement-total-de-la-hanche\/a-quoi-sattendre-apres-une-arthroplastie-de-la-hanche\/","title":{"rendered":"\u00c0 quoi s&rsquo;attendre apr\u00e8s une arthroplastie de la hanche"},"content":{"rendered":"<p>Selon une <a href=\"https:\/\/www.sciencedaily.com\/releases\/2014\/03\/140314093737.htm\" target=\"_blank\" rel=\"noopener\">\u00e9tude r\u00e9alis\u00e9e<\/a> en 2014 par l&rsquo;Acad\u00e9mie am\u00e9ricaine des chirurgiens orthop\u00e9diques, plus de 2,5 millions d&rsquo;Am\u00e9ricains vivent avec une hanche artificielle.<\/p>\n<p>Il ne serait pas surprenant que ce chiffre ait augment\u00e9 de mani\u00e8re significative depuis lors, car le taux d&rsquo;incidence des op\u00e9rations de r\u00e9vision de la hanche ne cesse de cro\u00eetre. En effet, ils sont tr\u00e8s efficaces pour restaurer la mobilit\u00e9, \u00e9liminer la douleur et am\u00e9liorer la qualit\u00e9 de vie des patients.<\/p>\n<h2>Qu&rsquo;est-ce qu&rsquo;une r\u00e9vision de la hanche ?<\/h2>\n<p style=\"text-align: left;\"><img loading=\"lazy\" decoding=\"async\" class=\"aligncenter wp-image-5066 size-full\" title=\"r\u00e9vision de la hanche\" src=\"\/wp-content\/uploads\/2017\/08\/xray-of-a-hip-revision.png\" alt=\"r\u00e9vision de la hanche\" width=\"610\" height=\"499\" srcset=\"https:\/\/www.newyorkhipknee.com\/wp-content\/uploads\/2017\/08\/xray-of-a-hip-revision.png 610w, https:\/\/www.newyorkhipknee.com\/wp-content\/uploads\/2017\/08\/xray-of-a-hip-revision-150x123.png 150w, https:\/\/www.newyorkhipknee.com\/wp-content\/uploads\/2017\/08\/xray-of-a-hip-revision-300x245.png 300w, https:\/\/www.newyorkhipknee.com\/wp-content\/uploads\/2017\/08\/xray-of-a-hip-revision-20x16.png 20w\" sizes=\"(max-width: 610px) 100vw, 610px\" \/><\/p>\n<p style=\"text-align: left;\">Il s&rsquo;agit d&rsquo;une op\u00e9ration visant \u00e0 r\u00e9parer une articulation proth\u00e9tique endommag\u00e9e au fil du temps. Cela peut \u00eatre d\u00fb \u00e0 une usure normale, \u00e0 un d\u00e9chaussement, \u00e0 une fracture, \u00e0 une luxation ou \u00e0 une infection.<\/p>\n<p style=\"text-align: left;\">Les implants, qu&rsquo;ils soient en c\u00e9ramique, en m\u00e9tal ou dans un autre mat\u00e9riau, ne sont pas permanents, mais leur dur\u00e9e de vie est g\u00e9n\u00e9ralement de 20 \u00e0 25 ans. Quoi qu&rsquo;il en soit, une r\u00e9vision s&rsquo;impose t\u00f4t ou tard.<\/p>\n<p>La chirurgie de r\u00e9vision de la hanche ne doit cependant pas \u00eatre prise \u00e0 la l\u00e9g\u00e8re. C&rsquo;est en fait beaucoup plus compliqu\u00e9 que l&rsquo;op\u00e9ration initiale. En fait, de nombreux m\u00e9decins qui pratiquent des remplacements primaires orientent normalement leur patient vers un sp\u00e9cialiste, car ils savent combien de comp\u00e9tences et d&rsquo;exp\u00e9rience sont n\u00e9cessaires pour que l&rsquo;op\u00e9ration soit couronn\u00e9e de succ\u00e8s. Bien entendu, les patients doivent \u00e9galement prot\u00e9ger leurs nouvelles articulations afin de r\u00e9duire le risque de complications apr\u00e8s l&rsquo;op\u00e9ration.<\/p>\n<h2>Que faut-il faire pour que la gu\u00e9rison soit r\u00e9ussie ?<\/h2>\n<p>Si vous avez subi une r\u00e9vision de votre proth\u00e8se de hanche, veillez \u00e0 prendre des pr\u00e9cautions pendant votre convalescence :<\/p>\n<h2>\u00c0 quoi s&rsquo;attendre apr\u00e8s une arthroplastie de la hanche<\/h2>\n<h3>Changez votre routine d&rsquo;exercice<\/h3>\n<p>Il est conseill\u00e9 d&rsquo;\u00e9viter le tennis, la course \u00e0 pied, le basket-ball et les autres activit\u00e9s \u00e0 fort impact. En effet, ils peuvent endommager ou raccourcir la dur\u00e9e de vie de votre implant. Si vous voulez vraiment rester actif, optez plut\u00f4t pour la marche. Les activit\u00e9s sans impact qui d\u00e9veloppent la force musculaire sont \u00e9galement acceptables.<\/p>\n<h3>Maintien d&rsquo;un poids sain<\/h3>\n<p>En cas d&rsquo;ob\u00e9sit\u00e9 ou de surpoids, les risques de d\u00e9velopper une arthrite sont plus \u00e9lev\u00e9s. Sans compter que vous seriez plus susceptible de subir le descellement d&rsquo;un implant. Si vous prenez du poids, essayez donc de perdre quelques kilos.<\/p>\n<h3>Planifier sa journ\u00e9e<\/h3>\n<p>Au cours des premi\u00e8res semaines suivant la <strong>r\u00e9vision de<\/strong> votre <strong>hanche<\/strong>, vous devez optimiser votre temps de repos et planifier vos journ\u00e9es. Il s&rsquo;agit de r\u00e9duire au minimum le nombre de trajets dans les escaliers et autres. Placez \u00e9galement les objets essentiels comme les mouchoirs, le t\u00e9l\u00e9phone et les t\u00e9l\u00e9commandes \u00e0 un endroit o\u00f9 vous pouvez facilement les atteindre.<\/p>\n<h3>Utilisation d&rsquo;une canne ou d&rsquo;un d\u00e9ambulateur<\/h3>\n<p>Ces aides \u00e0 la marche permettent d&rsquo;\u00e9viter les chutes et les luxations de la nouvelle hanche. Ils signalent \u00e9galement aux \u00e9trangers qu&rsquo;ils doivent \u00eatre plus prudents lorsqu&rsquo;ils sont en votre pr\u00e9sence. Dans les lieux publics, les gens risquent moins de vous bousculer ou de vous heurter si vous avez un d\u00e9ambulateur ou une canne. Ne vous inqui\u00e9tez pas, vous pouvez r\u00e9duire votre d\u00e9pendance \u00e0 l&rsquo;\u00e9gard de ces produits au fil du temps.<\/p>\n<h3>Traiter la douleur de mani\u00e8re appropri\u00e9e<\/h3>\n<p>Veillez \u00e0 obtenir un soulagement ad\u00e9quat, car une douleur incontr\u00f4l\u00e9e peut vous emp\u00eacher de participer aux activit\u00e9s de r\u00e9\u00e9ducation. De plus, cela peut entra\u00eener des douleurs chroniques. Si vous craignez une d\u00e9pendance ou des effets secondaires, parlez-en \u00e0 votre m\u00e9decin afin d&rsquo;\u00e9laborer un plan de gestion de la douleur qui vous convienne.<\/p>\n<p style=\"text-align: center;\"><img loading=\"lazy\" decoding=\"async\" class=\"aligncenter wp-image-5065 size-full\" title=\"chirurgie de r\u00e9vision de la hanche\" src=\"\/wp-content\/uploads\/2017\/08\/senior-pushing-a-walker.png\" alt=\"chirurgie de r\u00e9vision de la hanche\" width=\"621\" height=\"326\" srcset=\"https:\/\/www.newyorkhipknee.com\/wp-content\/uploads\/2017\/08\/senior-pushing-a-walker.png 621w, https:\/\/www.newyorkhipknee.com\/wp-content\/uploads\/2017\/08\/senior-pushing-a-walker-150x79.png 150w, https:\/\/www.newyorkhipknee.com\/wp-content\/uploads\/2017\/08\/senior-pushing-a-walker-300x157.png 300w, https:\/\/www.newyorkhipknee.com\/wp-content\/uploads\/2017\/08\/senior-pushing-a-walker-20x10.png 20w\" sizes=\"(max-width: 621px) 100vw, 621px\" \/><\/p>\n<h3>Faire attention \u00e0 soi dans une voiture<\/h3>\n<p>Id\u00e9alement, vous ne devriez pas conduire pendant les 8 semaines qui suivent votre <strong>op\u00e9ration de r\u00e9vision de la hanche<\/strong>. Vous pouvez prendre un passager environ 3 semaines apr\u00e8s votre retour \u00e0 la maison, mais pas dans des voitures avec des si\u00e8ges baquets ou des voitures de sport, car les si\u00e8ges sont trop bas. Faites \u00e9galement attention \u00e0 la mani\u00e8re dont vous montez ou descendez du v\u00e9hicule.<\/p>\n<h3>Respecter vos restrictions<\/h3>\n<p>Apr\u00e8s votre op\u00e9ration, vous recevrez une longue liste de choses \u00e0 ne pas faire. Par exemple, il ne faut pas croiser les jambes ni lever les pieds pour mettre des chaussettes. Ces restrictions ont pour but de prot\u00e9ger votre nouvelle articulation contre la luxation.<\/p>\n<h3>Penser \u00e0 l&rsquo;activit\u00e9 sexuelle<\/h3>\n<p>Veillez \u00e0 consulter votre m\u00e9decin en ce qui concerne le positionnement pendant l&rsquo;activit\u00e9 sexuelle. Les rapports sexuels peuvent \u00eatre repris environ 3 semaines apr\u00e8s l&rsquo;op\u00e9ration, mais n&rsquo;oubliez pas de suivre les pr\u00e9cautions indiqu\u00e9es par votre m\u00e9decin.<\/p>\n<h3>\u00catre patient avec soi-m\u00eame<\/h3>\n<p>Il peut \u00eatre tentant d&rsquo;en faire trop \u00e0 la fois, mais vous risquez de vous blesser. Travaillez donc avec votre chirurgien orthop\u00e9dique ou votre kin\u00e9sith\u00e9rapeute pour trouver un bon \u00e9quilibre entre le repos et l&rsquo;activit\u00e9. Bien entendu, des ajustements seront n\u00e9cessaires au fil du temps, \u00e0 mesure que la fonction de votre hanche se stabilise et s&rsquo;am\u00e9liore.<\/p>\n<h3>Soins de longue dur\u00e9e<\/h3>\n<p>Poursuivez vos exercices de kin\u00e9sith\u00e9rapie pour maintenir des muscles de la hanche forts qui soutiendront votre implant. En outre, assurez un suivi r\u00e9gulier avec votre chirurgien. Il est recommand\u00e9 de les visiter tous les 1 \u00e0 5 ans pour contr\u00f4ler l&rsquo;articulation artificielle. Des radiographies peuvent \u00eatre n\u00e9cessaires pour surveiller tout changement.<\/p>\n<h2>O\u00f9 peut-on trouver un bon m\u00e9decin ?<\/h2>\n<p style=\"text-align: center;\"><img loading=\"lazy\" decoding=\"async\" class=\"aligncenter wp-image-5067 size-full\" title=\"chirurgie de r\u00e9vision de la hanche\" src=\"\/wp-content\/uploads\/2017\/08\/Doctor-examining-a-hip-patient.png\" alt=\"chirurgie de r\u00e9vision de la hanche\" width=\"530\" height=\"353\" srcset=\"https:\/\/www.newyorkhipknee.com\/wp-content\/uploads\/2017\/08\/Doctor-examining-a-hip-patient.png 530w, https:\/\/www.newyorkhipknee.com\/wp-content\/uploads\/2017\/08\/Doctor-examining-a-hip-patient-150x100.png 150w, https:\/\/www.newyorkhipknee.com\/wp-content\/uploads\/2017\/08\/Doctor-examining-a-hip-patient-300x200.png 300w, https:\/\/www.newyorkhipknee.com\/wp-content\/uploads\/2017\/08\/Doctor-examining-a-hip-patient-20x13.png 20w\" sizes=\"(max-width: 530px) 100vw, 530px\" \/><\/p>\n<p>Ne vous contentez pas de n&rsquo;importe quel m\u00e9decin lorsque vous souffrez d&rsquo;un probl\u00e8me de proth\u00e8se de hanche. Vous devez consulter un sp\u00e9cialiste pour vous assurer que votre op\u00e9ration et votre r\u00e9tablissement seront couronn\u00e9s de succ\u00e8s. Le <a href=\"https:\/\/newyorkhipknee.com\/\" target=\"_blank\" rel=\"noopener\">docteur Nakul V Karkare de New York Hip Knee<\/a> poss\u00e8de l&rsquo;exp\u00e9rience et les comp\u00e9tences n\u00e9cessaires pour r\u00e9aliser une arthroplastie r\u00e9ussie. En outre, il peut vous donner les conseils n\u00e9cessaires pour gu\u00e9rir plus rapidement.<\/p>\n<p>En suivant les conseils ci-dessus et en travaillant avec un bon m\u00e9decin, vous devriez \u00eatre en mesure de faire face \u00e0 la r\u00e9vision de votre hanche. Ce n&rsquo;est peut-\u00eatre pas une partie de plaisir au d\u00e9but, mais vous vous adapterez rapidement aux changements. Pers\u00e9v\u00e9rez et obtenez de l&rsquo;aide et tout ira bien.<\/p>\n<h3>Planifiez votre premi\u00e8re visite<\/h3>\n<div align=\"center\"><a class=\"livesite-schedule\" href=\"https:\/\/live.vcita.com\/site\/nyhipknee\/online-scheduling?staff=sbuvrwlyhlcvxsjv\" target=\"blank\" rel=\"noopener\" data-staff=\"b69585d231f6813d\"><br \/>\n<img decoding=\"async\" title=\"Planifier maintenant\" src=\"\/wp-content\/uploads\/2016\/02\/karkare-calendar.png\" alt=\"Planifier maintenant\" border=\"0\"><\/a><\/div>\n","protected":false},"excerpt":{"rendered":"<p>Selon une \u00e9tude r\u00e9alis\u00e9e en 2014 par l&rsquo;Acad\u00e9mie am\u00e9ricaine des chirurgiens orthop\u00e9diques, plus de 2,5 millions d&rsquo;Am\u00e9ricains vivent avec une hanche artificielle. Il ne serait pas surprenant que ce chiffre ait augment\u00e9 de mani\u00e8re significative depuis lors, car le taux d&rsquo;incidence des op\u00e9rations de r\u00e9vision de la hanche ne cesse de cro\u00eetre. En effet, ils [&hellip;]<\/p>\n","protected":false},"author":15,"featured_media":0,"parent":17744,"menu_order":0,"comment_status":"closed","ping_status":"closed","template":"","meta":{"_et_pb_use_builder":"","_et_pb_old_content":"","_et_gb_content_width":"","footnotes":""},"class_list":["post-17788","page","type-page","status-publish","hentry"],"yoast_head":"<!-- This site is optimized with the Yoast SEO plugin v27.2 - https:\/\/yoast.com\/product\/yoast-seo-wordpress\/ -->\n<title>\u00c0 quoi s&#039;attendre apr\u00e8s une arthroplastie de la hanche | Best Hip &amp; Knee Surgeon | NY, USA<\/title>\n<meta name=\"description\" content=\"Il s&#039;agit d&#039;une op\u00e9ration visant \u00e0 r\u00e9parer une articulation proth\u00e9tique endommag\u00e9e au fil du temps. Cela peut \u00eatre d\u00fb \u00e0 une usure normale, \u00e0 un d\u00e9chaussement, \u00e0 une fracture, \u00e0 une luxation ou \u00e0 une infection.\" \/>\n<meta name=\"robots\" content=\"index, follow, max-snippet:-1, max-image-preview:large, max-video-preview:-1\" \/>\n<link rel=\"canonical\" href=\"https:\/\/www.newyorkhipknee.com\/fr\/remplacement-total-de-la-hanche\/a-quoi-sattendre-apres-une-arthroplastie-de-la-hanche\/\" \/>\n<meta property=\"og:locale\" content=\"fr_FR\" \/>\n<meta property=\"og:type\" content=\"article\" \/>\n<meta property=\"og:title\" content=\"\u00c0 quoi s&#039;attendre apr\u00e8s une arthroplastie de la hanche | Best Hip &amp; Knee Surgeon | NY, USA\" \/>\n<meta property=\"og:description\" content=\"Il s&#039;agit d&#039;une op\u00e9ration visant \u00e0 r\u00e9parer une articulation proth\u00e9tique endommag\u00e9e au fil du temps. Cela peut \u00eatre d\u00fb \u00e0 une usure normale, \u00e0 un d\u00e9chaussement, \u00e0 une fracture, \u00e0 une luxation ou \u00e0 une infection.\" \/>\n<meta property=\"og:url\" content=\"https:\/\/www.newyorkhipknee.com\/fr\/remplacement-total-de-la-hanche\/a-quoi-sattendre-apres-une-arthroplastie-de-la-hanche\/\" \/>\n<meta property=\"og:site_name\" content=\"Best Hip &amp; Knee Surgeon | NY, USA\" \/>\n<meta name=\"twitter:card\" content=\"summary_large_image\" \/>\n<meta name=\"twitter:label1\" content=\"Dur\u00e9e de lecture estim\u00e9e\" \/>\n\t<meta name=\"twitter:data1\" content=\"5 minutes\" \/>\n<script type=\"application\/ld+json\" class=\"yoast-schema-graph\">{\"@context\":\"https:\/\/schema.org\",\"@graph\":[{\"@type\":[\"WebPage\",\"MedicalWebPage\"],\"@id\":\"https:\/\/www.newyorkhipknee.com\/fr\/remplacement-total-de-la-hanche\/a-quoi-sattendre-apres-une-arthroplastie-de-la-hanche\/\",\"url\":\"https:\/\/www.newyorkhipknee.com\/fr\/remplacement-total-de-la-hanche\/a-quoi-sattendre-apres-une-arthroplastie-de-la-hanche\/\",\"name\":\"\u00c0 quoi s'attendre apr\u00e8s une arthroplastie de la hanche | Best Hip &amp; Knee Surgeon | NY, USA\",\"isPartOf\":{\"@id\":\"https:\/\/www.newyorkhipknee.com\/fr\/#website\"},\"datePublished\":\"2021-10-28T07:51:45+00:00\",\"description\":\"Il s'agit d'une op\u00e9ration visant \u00e0 r\u00e9parer une articulation proth\u00e9tique endommag\u00e9e au fil du temps. Cela peut \u00eatre d\u00fb \u00e0 une usure normale, \u00e0 un d\u00e9chaussement, \u00e0 une fracture, \u00e0 une luxation ou \u00e0 une infection.\",\"breadcrumb\":{\"@id\":\"https:\/\/www.newyorkhipknee.com\/fr\/remplacement-total-de-la-hanche\/a-quoi-sattendre-apres-une-arthroplastie-de-la-hanche\/#breadcrumb\"},\"inLanguage\":\"fr-FR\",\"potentialAction\":[{\"@type\":\"ReadAction\",\"target\":[\"https:\/\/www.newyorkhipknee.com\/fr\/remplacement-total-de-la-hanche\/a-quoi-sattendre-apres-une-arthroplastie-de-la-hanche\/\"]}]},{\"@type\":\"BreadcrumbList\",\"@id\":\"https:\/\/www.newyorkhipknee.com\/fr\/remplacement-total-de-la-hanche\/a-quoi-sattendre-apres-une-arthroplastie-de-la-hanche\/#breadcrumb\",\"itemListElement\":[{\"@type\":\"ListItem\",\"position\":1,\"name\":\"Home\",\"item\":\"https:\/\/www.newyorkhipknee.com\/fr\/\"},{\"@type\":\"ListItem\",\"position\":2,\"name\":\"Remplacement total de la hanche\",\"item\":\"https:\/\/www.newyorkhipknee.com\/fr\/remplacement-total-de-la-hanche\/\"},{\"@type\":\"ListItem\",\"position\":3,\"name\":\"\u00c0 quoi s&rsquo;attendre apr\u00e8s une arthroplastie de la hanche\"}]},{\"@type\":\"WebSite\",\"@id\":\"https:\/\/www.newyorkhipknee.com\/fr\/#website\",\"url\":\"https:\/\/www.newyorkhipknee.com\/fr\/\",\"name\":\"Best Hip & Knee Surgeon | NY, USA\",\"description\":\"\",\"potentialAction\":[{\"@type\":\"SearchAction\",\"target\":{\"@type\":\"EntryPoint\",\"urlTemplate\":\"https:\/\/www.newyorkhipknee.com\/fr\/?s={search_term_string}\"},\"query-input\":{\"@type\":\"PropertyValueSpecification\",\"valueRequired\":true,\"valueName\":\"search_term_string\"}}],\"inLanguage\":\"fr-FR\"}]}<\/script>\n<!-- \/ Yoast SEO plugin. -->","yoast_head_json":{"title":"\u00c0 quoi s'attendre apr\u00e8s une arthroplastie de la hanche | Best Hip &amp; Knee Surgeon | NY, USA","description":"Il s'agit d'une op\u00e9ration visant \u00e0 r\u00e9parer une articulation proth\u00e9tique endommag\u00e9e au fil du temps. Cela peut \u00eatre d\u00fb \u00e0 une usure normale, \u00e0 un d\u00e9chaussement, \u00e0 une fracture, \u00e0 une luxation ou \u00e0 une infection.","robots":{"index":"index","follow":"follow","max-snippet":"max-snippet:-1","max-image-preview":"max-image-preview:large","max-video-preview":"max-video-preview:-1"},"canonical":"https:\/\/www.newyorkhipknee.com\/fr\/remplacement-total-de-la-hanche\/a-quoi-sattendre-apres-une-arthroplastie-de-la-hanche\/","og_locale":"fr_FR","og_type":"article","og_title":"\u00c0 quoi s'attendre apr\u00e8s une arthroplastie de la hanche | Best Hip &amp; Knee Surgeon | NY, USA","og_description":"Il s'agit d'une op\u00e9ration visant \u00e0 r\u00e9parer une articulation proth\u00e9tique endommag\u00e9e au fil du temps. Cela peut \u00eatre d\u00fb \u00e0 une usure normale, \u00e0 un d\u00e9chaussement, \u00e0 une fracture, \u00e0 une luxation ou \u00e0 une infection.","og_url":"https:\/\/www.newyorkhipknee.com\/fr\/remplacement-total-de-la-hanche\/a-quoi-sattendre-apres-une-arthroplastie-de-la-hanche\/","og_site_name":"Best Hip &amp; Knee Surgeon | NY, USA","twitter_card":"summary_large_image","twitter_misc":{"Dur\u00e9e de lecture estim\u00e9e":"5 minutes"},"schema":{"@context":"https:\/\/schema.org","@graph":[{"@type":["WebPage","MedicalWebPage"],"@id":"https:\/\/www.newyorkhipknee.com\/fr\/remplacement-total-de-la-hanche\/a-quoi-sattendre-apres-une-arthroplastie-de-la-hanche\/","url":"https:\/\/www.newyorkhipknee.com\/fr\/remplacement-total-de-la-hanche\/a-quoi-sattendre-apres-une-arthroplastie-de-la-hanche\/","name":"\u00c0 quoi s'attendre apr\u00e8s une arthroplastie de la hanche | Best Hip &amp; Knee Surgeon | NY, USA","isPartOf":{"@id":"https:\/\/www.newyorkhipknee.com\/fr\/#website"},"datePublished":"2021-10-28T07:51:45+00:00","description":"Il s'agit d'une op\u00e9ration visant \u00e0 r\u00e9parer une articulation proth\u00e9tique endommag\u00e9e au fil du temps. Cela peut \u00eatre d\u00fb \u00e0 une usure normale, \u00e0 un d\u00e9chaussement, \u00e0 une fracture, \u00e0 une luxation ou \u00e0 une infection.","breadcrumb":{"@id":"https:\/\/www.newyorkhipknee.com\/fr\/remplacement-total-de-la-hanche\/a-quoi-sattendre-apres-une-arthroplastie-de-la-hanche\/#breadcrumb"},"inLanguage":"fr-FR","potentialAction":[{"@type":"ReadAction","target":["https:\/\/www.newyorkhipknee.com\/fr\/remplacement-total-de-la-hanche\/a-quoi-sattendre-apres-une-arthroplastie-de-la-hanche\/"]}]},{"@type":"BreadcrumbList","@id":"https:\/\/www.newyorkhipknee.com\/fr\/remplacement-total-de-la-hanche\/a-quoi-sattendre-apres-une-arthroplastie-de-la-hanche\/#breadcrumb","itemListElement":[{"@type":"ListItem","position":1,"name":"Home","item":"https:\/\/www.newyorkhipknee.com\/fr\/"},{"@type":"ListItem","position":2,"name":"Remplacement total de la hanche","item":"https:\/\/www.newyorkhipknee.com\/fr\/remplacement-total-de-la-hanche\/"},{"@type":"ListItem","position":3,"name":"\u00c0 quoi s&rsquo;attendre apr\u00e8s une arthroplastie de la hanche"}]},{"@type":"WebSite","@id":"https:\/\/www.newyorkhipknee.com\/fr\/#website","url":"https:\/\/www.newyorkhipknee.com\/fr\/","name":"Best Hip & Knee Surgeon | NY, USA","description":"","potentialAction":[{"@type":"SearchAction","target":{"@type":"EntryPoint","urlTemplate":"https:\/\/www.newyorkhipknee.com\/fr\/?s={search_term_string}"},"query-input":{"@type":"PropertyValueSpecification","valueRequired":true,"valueName":"search_term_string"}}],"inLanguage":"fr-FR"}]}},"_links":{"self":[{"href":"https:\/\/www.newyorkhipknee.com\/fr\/wp-json\/wp\/v2\/pages\/17788","targetHints":{"allow":["GET"]}}],"collection":[{"href":"https:\/\/www.newyorkhipknee.com\/fr\/wp-json\/wp\/v2\/pages"}],"about":[{"href":"https:\/\/www.newyorkhipknee.com\/fr\/wp-json\/wp\/v2\/types\/page"}],"author":[{"embeddable":true,"href":"https:\/\/www.newyorkhipknee.com\/fr\/wp-json\/wp\/v2\/users\/15"}],"replies":[{"embeddable":true,"href":"https:\/\/www.newyorkhipknee.com\/fr\/wp-json\/wp\/v2\/comments?post=17788"}],"version-history":[{"count":0,"href":"https:\/\/www.newyorkhipknee.com\/fr\/wp-json\/wp\/v2\/pages\/17788\/revisions"}],"up":[{"embeddable":true,"href":"https:\/\/www.newyorkhipknee.com\/fr\/wp-json\/wp\/v2\/pages\/17744"}],"wp:attachment":[{"href":"https:\/\/www.newyorkhipknee.com\/fr\/wp-json\/wp\/v2\/media?parent=17788"}],"curies":[{"name":"wp","href":"https:\/\/api.w.org\/{rel}","templated":true}]}}