{"id":17790,"date":"2022-09-22T18:28:29","date_gmt":"2022-09-22T22:28:29","guid":{"rendered":"https:\/\/newyorkhipknee.com\/indemnisation-des-travailleurs\/"},"modified":"2022-09-22T18:28:29","modified_gmt":"2022-09-22T22:28:29","slug":"indemnisation-des-travailleurs","status":"publish","type":"page","link":"https:\/\/www.newyorkhipknee.com\/fr\/indemnisation-des-travailleurs\/","title":{"rendered":"Indemnisation des travailleurs"},"content":{"rendered":"<p>L&rsquo;indemnisation des travailleurs est un type de couverture d&rsquo;assurance qui fournit des prestations m\u00e9dicales et financi\u00e8res aux employ\u00e9s qui ont subi des accidents ou des blessures li\u00e9s au travail. L&rsquo;assurance contre les accidents du travail est exig\u00e9e par la loi dans tous les \u00c9tats. Les travailleurs bless\u00e9s peuvent recevoir une compensation mon\u00e9taire pour l&rsquo;incapacit\u00e9 temporaire, l&rsquo;incapacit\u00e9 permanente et les indemnit\u00e9s de d\u00e9c\u00e8s.<\/p>\n<p>L&rsquo;assurance contre les accidents du travail est une couverture obligatoire qui prot\u00e8ge \u00e0 la fois les employeurs et les employ\u00e9s. Les travailleurs bless\u00e9s peuvent pr\u00e9tendre \u00e0 une indemnisation, quelle que soit la responsabilit\u00e9 de l&rsquo;accident ou de l&rsquo;incident \u00e0 l&rsquo;origine de leurs blessures. L&rsquo;indemnisation des accidents du travail peut \u00e9galement couvrir les employ\u00e9s qui ont \u00e9t\u00e9 bless\u00e9s alors qu&rsquo;ils travaillaient en dehors du site, pour autant que l&rsquo;accident soit li\u00e9 \u00e0 leurs t\u00e2ches professionnelles.<\/p>\n<p>Nous sommes sp\u00e9cialis\u00e9s dans l&rsquo;orthop\u00e9die et nous vous aiderons \u00e0 traiter vos blessures orthop\u00e9diques si vous \u00eates bless\u00e9 au travail. Nous comprenons parfaitement le fonctionnement de l&rsquo;assurance contre les accidents du travail et les types de factures que nous devons soumettre pour obtenir un remboursement. Vous pouvez \u00e9galement nous contacter si vous souffrez d&rsquo;une maladie pr\u00e9existante qui a \u00e9t\u00e9 aggrav\u00e9e par votre travail.<\/p>\n<p>Notre \u00e9quipe d&rsquo;experts se consacre \u00e0 vous aider \u00e0 vous remettre de vos blessures et vise \u00e0 vous lib\u00e9rer de toute douleur. Nous travaillerons avec vous \u00e0 chaque \u00e9tape du processus afin que vous puissiez vous concentrer sur votre am\u00e9lioration.<br \/>\nSi vous avez une demande d&rsquo;indemnisation pour accident du travail, il est parfois difficile de savoir par o\u00f9 commencer. Nous vous aiderons \u00e0 d\u00e9poser une demande d&rsquo;indemnisation.<\/p>\n<p>Nous r\u00e9pondrons aux questions au d\u00e9but et en cours de route. Nous vous orienterons vers d&rsquo;autres prestataires si n\u00e9cessaire. Nous savons que la situation peut \u00eatre stressante lorsque vous avez besoin de soins m\u00e9dicaux dans le cadre d&rsquo;une indemnisation pour accident du travail. C&rsquo;est pourquoi nous voulons nous assurer que vous vivrez la meilleure exp\u00e9rience possible lorsque vous viendrez nous voir pour votre rendez-vous.<\/p>\n","protected":false},"excerpt":{"rendered":"<p>L&rsquo;indemnisation des travailleurs est un type de couverture d&rsquo;assurance qui fournit des prestations m\u00e9dicales et financi\u00e8res aux employ\u00e9s qui ont subi des accidents ou des blessures li\u00e9s au travail. L&rsquo;assurance contre les accidents du travail est exig\u00e9e par la loi dans tous les \u00c9tats. Les travailleurs bless\u00e9s peuvent recevoir une compensation mon\u00e9taire pour l&rsquo;incapacit\u00e9 temporaire, [&hellip;]<\/p>\n","protected":false},"author":1,"featured_media":0,"parent":0,"menu_order":0,"comment_status":"closed","ping_status":"closed","template":"","meta":{"_et_pb_use_builder":"off","_et_pb_old_content":"","_et_gb_content_width":"","footnotes":""},"class_list":["post-17790","page","type-page","status-publish","hentry"],"yoast_head":"<!-- This site is optimized with the Yoast SEO plugin v27.2 - https:\/\/yoast.com\/product\/yoast-seo-wordpress\/ -->\n<title>Indemnisation des travailleurs | Best Hip &amp; Knee Surgeon | NY, USA<\/title>\n<meta name=\"description\" content=\"L&#039;indemnisation des travailleurs est un type de couverture d&#039;assurance qui fournit des prestations m\u00e9dicales et financi\u00e8res aux employ\u00e9s qui ont subi des\" \/>\n<meta name=\"robots\" content=\"index, follow, max-snippet:-1, max-image-preview:large, max-video-preview:-1\" \/>\n<link rel=\"canonical\" href=\"https:\/\/www.newyorkhipknee.com\/fr\/indemnisation-des-travailleurs\/\" \/>\n<meta property=\"og:locale\" content=\"fr_FR\" \/>\n<meta property=\"og:type\" content=\"article\" \/>\n<meta property=\"og:title\" content=\"Indemnisation des travailleurs | Best Hip &amp; Knee Surgeon | NY, USA\" \/>\n<meta property=\"og:description\" content=\"L&#039;indemnisation des travailleurs est un type de couverture d&#039;assurance qui fournit des prestations m\u00e9dicales et financi\u00e8res aux employ\u00e9s qui ont subi des\" \/>\n<meta property=\"og:url\" content=\"https:\/\/www.newyorkhipknee.com\/fr\/indemnisation-des-travailleurs\/\" \/>\n<meta property=\"og:site_name\" content=\"Best Hip &amp; Knee Surgeon | NY, USA\" \/>\n<meta name=\"twitter:card\" content=\"summary_large_image\" \/>\n<meta name=\"twitter:label1\" content=\"Dur\u00e9e de lecture estim\u00e9e\" \/>\n\t<meta name=\"twitter:data1\" content=\"2 minutes\" \/>\n<script type=\"application\/ld+json\" class=\"yoast-schema-graph\">{\"@context\":\"https:\/\/schema.org\",\"@graph\":[{\"@type\":[\"WebPage\",\"MedicalWebPage\"],\"@id\":\"https:\/\/www.newyorkhipknee.com\/fr\/indemnisation-des-travailleurs\/\",\"url\":\"https:\/\/www.newyorkhipknee.com\/fr\/indemnisation-des-travailleurs\/\",\"name\":\"Indemnisation des travailleurs | Best Hip &amp; Knee Surgeon | NY, USA\",\"isPartOf\":{\"@id\":\"https:\/\/www.newyorkhipknee.com\/fr\/#website\"},\"datePublished\":\"2022-09-22T22:28:29+00:00\",\"description\":\"L'indemnisation des travailleurs est un type de couverture d'assurance qui fournit des prestations m\u00e9dicales et financi\u00e8res aux employ\u00e9s qui ont subi des\",\"breadcrumb\":{\"@id\":\"https:\/\/www.newyorkhipknee.com\/fr\/indemnisation-des-travailleurs\/#breadcrumb\"},\"inLanguage\":\"fr-FR\",\"potentialAction\":[{\"@type\":\"ReadAction\",\"target\":[\"https:\/\/www.newyorkhipknee.com\/fr\/indemnisation-des-travailleurs\/\"]}]},{\"@type\":\"BreadcrumbList\",\"@id\":\"https:\/\/www.newyorkhipknee.com\/fr\/indemnisation-des-travailleurs\/#breadcrumb\",\"itemListElement\":[{\"@type\":\"ListItem\",\"position\":1,\"name\":\"Home\",\"item\":\"https:\/\/www.newyorkhipknee.com\/fr\/\"},{\"@type\":\"ListItem\",\"position\":2,\"name\":\"Indemnisation des travailleurs\"}]},{\"@type\":\"WebSite\",\"@id\":\"https:\/\/www.newyorkhipknee.com\/fr\/#website\",\"url\":\"https:\/\/www.newyorkhipknee.com\/fr\/\",\"name\":\"Best Hip & Knee Surgeon | NY, USA\",\"description\":\"\",\"potentialAction\":[{\"@type\":\"SearchAction\",\"target\":{\"@type\":\"EntryPoint\",\"urlTemplate\":\"https:\/\/www.newyorkhipknee.com\/fr\/?s={search_term_string}\"},\"query-input\":{\"@type\":\"PropertyValueSpecification\",\"valueRequired\":true,\"valueName\":\"search_term_string\"}}],\"inLanguage\":\"fr-FR\"}]}<\/script>\n<!-- \/ Yoast SEO plugin. -->","yoast_head_json":{"title":"Indemnisation des travailleurs | Best Hip &amp; Knee Surgeon | NY, USA","description":"L'indemnisation des travailleurs est un type de couverture d'assurance qui fournit des prestations m\u00e9dicales et financi\u00e8res aux employ\u00e9s qui ont subi des","robots":{"index":"index","follow":"follow","max-snippet":"max-snippet:-1","max-image-preview":"max-image-preview:large","max-video-preview":"max-video-preview:-1"},"canonical":"https:\/\/www.newyorkhipknee.com\/fr\/indemnisation-des-travailleurs\/","og_locale":"fr_FR","og_type":"article","og_title":"Indemnisation des travailleurs | Best Hip &amp; Knee Surgeon | NY, USA","og_description":"L'indemnisation des travailleurs est un type de couverture d'assurance qui fournit des prestations m\u00e9dicales et financi\u00e8res aux employ\u00e9s qui ont subi des","og_url":"https:\/\/www.newyorkhipknee.com\/fr\/indemnisation-des-travailleurs\/","og_site_name":"Best Hip &amp; Knee Surgeon | NY, USA","twitter_card":"summary_large_image","twitter_misc":{"Dur\u00e9e de lecture estim\u00e9e":"2 minutes"},"schema":{"@context":"https:\/\/schema.org","@graph":[{"@type":["WebPage","MedicalWebPage"],"@id":"https:\/\/www.newyorkhipknee.com\/fr\/indemnisation-des-travailleurs\/","url":"https:\/\/www.newyorkhipknee.com\/fr\/indemnisation-des-travailleurs\/","name":"Indemnisation des travailleurs | Best Hip &amp; Knee Surgeon | NY, USA","isPartOf":{"@id":"https:\/\/www.newyorkhipknee.com\/fr\/#website"},"datePublished":"2022-09-22T22:28:29+00:00","description":"L'indemnisation des travailleurs est un type de couverture d'assurance qui fournit des prestations m\u00e9dicales et financi\u00e8res aux employ\u00e9s qui ont subi des","breadcrumb":{"@id":"https:\/\/www.newyorkhipknee.com\/fr\/indemnisation-des-travailleurs\/#breadcrumb"},"inLanguage":"fr-FR","potentialAction":[{"@type":"ReadAction","target":["https:\/\/www.newyorkhipknee.com\/fr\/indemnisation-des-travailleurs\/"]}]},{"@type":"BreadcrumbList","@id":"https:\/\/www.newyorkhipknee.com\/fr\/indemnisation-des-travailleurs\/#breadcrumb","itemListElement":[{"@type":"ListItem","position":1,"name":"Home","item":"https:\/\/www.newyorkhipknee.com\/fr\/"},{"@type":"ListItem","position":2,"name":"Indemnisation des travailleurs"}]},{"@type":"WebSite","@id":"https:\/\/www.newyorkhipknee.com\/fr\/#website","url":"https:\/\/www.newyorkhipknee.com\/fr\/","name":"Best Hip & Knee Surgeon | NY, USA","description":"","potentialAction":[{"@type":"SearchAction","target":{"@type":"EntryPoint","urlTemplate":"https:\/\/www.newyorkhipknee.com\/fr\/?s={search_term_string}"},"query-input":{"@type":"PropertyValueSpecification","valueRequired":true,"valueName":"search_term_string"}}],"inLanguage":"fr-FR"}]}},"_links":{"self":[{"href":"https:\/\/www.newyorkhipknee.com\/fr\/wp-json\/wp\/v2\/pages\/17790","targetHints":{"allow":["GET"]}}],"collection":[{"href":"https:\/\/www.newyorkhipknee.com\/fr\/wp-json\/wp\/v2\/pages"}],"about":[{"href":"https:\/\/www.newyorkhipknee.com\/fr\/wp-json\/wp\/v2\/types\/page"}],"author":[{"embeddable":true,"href":"https:\/\/www.newyorkhipknee.com\/fr\/wp-json\/wp\/v2\/users\/1"}],"replies":[{"embeddable":true,"href":"https:\/\/www.newyorkhipknee.com\/fr\/wp-json\/wp\/v2\/comments?post=17790"}],"version-history":[{"count":0,"href":"https:\/\/www.newyorkhipknee.com\/fr\/wp-json\/wp\/v2\/pages\/17790\/revisions"}],"wp:attachment":[{"href":"https:\/\/www.newyorkhipknee.com\/fr\/wp-json\/wp\/v2\/media?parent=17790"}],"curies":[{"name":"wp","href":"https:\/\/api.w.org\/{rel}","templated":true}]}}