{"id":17795,"date":"2022-10-14T02:16:59","date_gmt":"2022-10-14T06:16:59","guid":{"rendered":"https:\/\/newyorkhipknee.com\/perte-dusage-programmee\/extremites-inferieures-cheville-et-pied\/"},"modified":"2022-10-14T02:16:59","modified_gmt":"2022-10-14T06:16:59","slug":"extremites-inferieures-cheville-et-pied","status":"publish","type":"page","link":"https:\/\/www.newyorkhipknee.com\/fr\/indemnisation-des-travailleurs\/perte-dusage-programmee\/extremites-inferieures-cheville-et-pied\/","title":{"rendered":"Extr\u00e9mit\u00e9s inf\u00e9rieures &#8211; Cheville et pied"},"content":{"rendered":"<p>Nous utilisons ces lignes directrices si vous avez \u00e9t\u00e9 victime d&rsquo;un accident du travail et que vous vous interrogez sur les effets de la \u00ab\u00a0perte d&rsquo;usage programm\u00e9e\u00a0\u00bb (SLU) sur votre cheville et votre pied. Vous pourriez alors avoir droit \u00e0 une indemnit\u00e9 d\u00e9termin\u00e9e par le r\u00e8glement de la Commission des accidents du travail.<\/p>\n<p>Notre rapport SLU conclura que vous avez perdu de fa\u00e7on permanente la fonction de la partie du corps bless\u00e9e \u00e0 la suite de votre accident de travail. La d\u00e9termination de la d\u00e9ficience est bas\u00e9e sur les directives de l&rsquo;\u00c9tat de New York en mati\u00e8re d&rsquo;indemnisation des travailleurs.<\/p>\n<h2>Objectifs pour la d\u00e9termination de la d\u00e9ficience de la cheville et du pied<\/h2>\n<p>Le tibia et le p\u00e9ron\u00e9 distaux forment la cheville, une articulation \u00e0 mortaise qui assure la stabilit\u00e9 du membre inf\u00e9rieur et favorise le mouvement du pied. Le pied absorbe les chocs lors de l&rsquo;attaque du talon et la plate-forme rigide lors de la sortie du pied du cycle de marche. La mont\u00e9e et la descente des escaliers n\u00e9cessitent une dorsiflexion, tandis que la plantarflexion permet d&rsquo;\u00e9lever le corps et d&rsquo;enfoncer la p\u00e9dale d&rsquo;un v\u00e9hicule ou d&rsquo;une machine.<\/p>\n<p>Nous devons \u00e9valuer objectivement le d\u00e9ficit physique r\u00e9siduel permanent d&rsquo;un patient d\u00fb \u00e0 une blessure en \u00e9valuant les ant\u00e9c\u00e9dents et l&rsquo;examen physique et en interpr\u00e9tant les tests diagnostiques.<\/p>\n<h3>M\u00e9thodes d&rsquo;\u00e9valuation des d\u00e9ficiences permanentes de la cheville et du pied<\/h3>\n<p>Nous \u00e9valuons le degr\u00e9 de d\u00e9ficit physique r\u00e9siduel permanent lorsque l&rsquo;on ne s&rsquo;attend pas \u00e0 une gu\u00e9rison ult\u00e9rieure au cours de l&rsquo;am\u00e9lioration m\u00e9dicale maximale (MMI). Par cons\u00e9quent, nous devons d\u00e9terminer la MMI en fonction du r\u00e9sultat du traitement clinique, de l&rsquo;expertise et des autres options th\u00e9rapeutiques.<\/p>\n<p>En outre, nous tiendrons compte de l&rsquo;extr\u00e9mit\u00e9 controlat\u00e9rale et des valeurs attendues lors de l&rsquo;\u00e9valuation du niveau de d\u00e9ficit physique r\u00e9siduel permanent. En r\u00e8gle g\u00e9n\u00e9rale, il faut compter un an \u00e0 partir de la blessure ou de la derni\u00e8re intervention chirurgicale pour d\u00e9terminer le temps \u00e9coul\u00e9 entre la blessure et l&rsquo;IMC.<\/p>\n<p>Nous ne devons pas \u00e9valuer le d\u00e9ficit physique r\u00e9siduel permanent en fonction de la gravit\u00e9 du m\u00e9canisme de la l\u00e9sion. Au lieu de cela, utilisez le moment de l&rsquo;IMC, y compris les l\u00e9sions physiques des os, des muscles, du cartilage, des tendons, des nerfs, des vaisseaux sanguins ou d&rsquo;autres tissus.<\/p>\n<h3>Amplitude des mouvements de la cheville<\/h3>\n<div id=\"attachment_15525\" style=\"width: 610px\" class=\"wp-caption aligncenter\"><img loading=\"lazy\" decoding=\"async\" aria-describedby=\"caption-attachment-15525\" class=\"wp-image-15525\" title=\"Figure : Pourcentage de perte d'usage du pied : D\u00e9ficits de flexion de la cheville\" src=\"https:\/\/newyorkhipknee.com\/wp-content\/uploads\/2022\/10\/image2-5.jpg\" alt=\"Figure : Pourcentage de perte d'usage du pied : D\u00e9ficits de flexion de la cheville\" width=\"600\" height=\"720\"><p id=\"caption-attachment-15525\" class=\"wp-caption-text\"><strong>Figure : Pourcentage de perte d&rsquo;usage du pied : D\u00e9ficits de flexion de la cheville<\/strong><\/p><\/div>\n<div id=\"attachment_15524\" style=\"width: 610px\" class=\"wp-caption aligncenter\"><img loading=\"lazy\" decoding=\"async\" aria-describedby=\"caption-attachment-15524\" class=\"wp-image-15524\" title=\"Figure : Mouvement de l'articulation sous-talienne\" src=\"https:\/\/newyorkhipknee.com\/wp-content\/uploads\/2022\/10\/image1-5.jpg\" alt=\"Figure : Mouvement de l'articulation sous-talienne\" width=\"600\" height=\"720\"><p id=\"caption-attachment-15524\" class=\"wp-caption-text\"><strong>Figure : Mouvement de l&rsquo;articulation sous-talienne<\/strong><\/p><\/div>\n<p>&nbsp;<\/p>\n<div id=\"attachment_15526\" style=\"width: 610px\" class=\"wp-caption aligncenter\"><img loading=\"lazy\" decoding=\"async\" aria-describedby=\"caption-attachment-15526\" class=\"wp-image-15526\" title=\"Figure : Mouvement plantaire\" src=\"https:\/\/newyorkhipknee.com\/wp-content\/uploads\/2022\/10\/image3-3.jpg\" alt=\"Figure : Mouvement plantaire\" width=\"600\" height=\"720\"><p id=\"caption-attachment-15526\" class=\"wp-caption-text\">Figure : Mouvement plantaire<\/p><\/div>\n<h3>Calcul de la perte d&rsquo;usage du pied<\/h3>\n<p>Nous \u00e9valuerons si des consid\u00e9rations sp\u00e9ciales s&rsquo;appliquent lors de la d\u00e9termination de la perte globale du pied. En l&rsquo;absence de circonstances particuli\u00e8res, ajouter les d\u00e9ficits de flexion plantaire et dorsale. Ensuite, nous utilisons le tableau suivant pour \u00e9valuer les autres d\u00e9ficits.<\/p>\n<p>Tout d&rsquo;abord, la perte maximale de l&rsquo;usage du pied ne doit pas d\u00e9passer l&rsquo;ankylose. Ensuite, nous ajustons les pourcentages de perte d&rsquo;utilisation pr\u00e9vus pour les valeurs d&rsquo;amplitude de mouvement.<\/p>\n<p><strong>Table : Pied : Pourcentage de perte d&rsquo;usage du pied<\/strong><\/p>\n<p>Pour d\u00e9terminer les d\u00e9ficits, nous utilisons le tableau suivant pour s\u00e9lectionner un d\u00e9ficit et ajouter A + B. Les d\u00e9ficits marqu\u00e9s ne doivent pas d\u00e9passer 50-55%. Ajustez ensuite proportionnellement les pourcentages de perte d&rsquo;utilisation pr\u00e9vus pour les valeurs de l&rsquo;amplitude des mouvements.<\/p>\n<p><strong>Tableau : Autres d\u00e9ficits<\/strong><\/p>\n<p><strong>Tableau : Perte totale<\/strong><\/p>\n<h3>Consid\u00e9rations particuli\u00e8res concernant le pied<\/h3>\n<p>Nous utilisons les consid\u00e9rations sp\u00e9ciales lors de l&rsquo;\u00e9valuation des valeurs de perte de jouissance \u00e9num\u00e9r\u00e9es dans le tableau et ajoutons d&rsquo;autres d\u00e9ficits lorsque cela est sp\u00e9cifi\u00e9. Toutefois, la valeur maximale de la perte d&rsquo;usage ne doit pas d\u00e9passer la valeur de l&rsquo;ankylose, sauf en cas d&rsquo;application des consid\u00e9rations sp\u00e9ciales num\u00e9ros trois et quatre.<\/p>\n<ul>\n<li>Justifier les pertes en d\u00e9terminant les d\u00e9ficits r\u00e9siduels permanents, y compris la perte de tissus, les d\u00e9ficits de mobilit\u00e9, les d\u00e9ficits sensoriels et moteurs, et les d\u00e9ficiences fonctionnelles.\n<p>&nbsp;<\/li>\n<li>Nous utilisons une perte d&rsquo;usage du pied de 33 1\u20443-40% pour les fractures de l&rsquo;os calcan\u00e9en et en fonction des d\u00e9ficits de mobilit\u00e9 r\u00e9siduels. Ensuite, nous autorisons un sch\u00e9ma de jambe si la perte de hauteur du talon entra\u00eene un raccourcissement de la jambe.\n<p>&nbsp;<\/li>\n<li>L&rsquo;arthrod\u00e8se de la cheville entra\u00eene une perte de 75 % de l&rsquo;usage du pied. Cette valeur d\u00e9passe la valeur d&rsquo;ankylose de 60 % si le patient pr\u00e9sente d&rsquo;autres d\u00e9ficits des orteils.\n<p>&nbsp;<\/li>\n<li>Nous d\u00e9terminerons une perte de 66 2\u20443% de l&rsquo;usage du pied pour une chute compl\u00e8te du pied et une perte de 20- 331\u20443% pour une chute partielle du pied.\n<p>&nbsp;<\/li>\n<li>Nous envisagerons un bar\u00e8me plus \u00e9lev\u00e9 en cas de d\u00e9ficit neurologique r\u00e9siduel grave.\n<p>&nbsp;<\/li>\n<li>Nous utilisons une perte moyenne de 20-25% pour la rupture du tendon d&rsquo;Achille.\n<p>&nbsp;<\/li>\n<li>Nous utilisons une perte moyenne de 20 \u00e0 30 % du pied pour les fractures mall\u00e9olaires (bimall\u00e9olaires ou trimall\u00e9olaires).<\/li>\n<\/ul>\n<h3>Amputation de la cheville<\/h3>\n<p>Nous utilisons une perte de 75 % de la jambe pour une amputation au niveau de l&rsquo;articulation de la cheville.<\/p>\n<p>Pour plus d&rsquo;informations, veuillez consulter le site web de la commission des accidents du travail de votre \u00c9tat ou vous adresser \u00e0 votre avocat sp\u00e9cialis\u00e9 dans les accidents du travail.<\/p>\n","protected":false},"excerpt":{"rendered":"<p>Nous utilisons ces lignes directrices si vous avez \u00e9t\u00e9 victime d&rsquo;un accident du travail et que vous vous interrogez sur les effets de la \u00ab\u00a0perte d&rsquo;usage programm\u00e9e\u00a0\u00bb (SLU) sur votre cheville et votre pied. Vous pourriez alors avoir droit \u00e0 une indemnit\u00e9 d\u00e9termin\u00e9e par le r\u00e8glement de la Commission des accidents du travail. Notre rapport [&hellip;]<\/p>\n","protected":false},"author":15,"featured_media":0,"parent":17774,"menu_order":0,"comment_status":"closed","ping_status":"closed","template":"","meta":{"_et_pb_use_builder":"","_et_pb_old_content":"","_et_gb_content_width":"","footnotes":""},"class_list":["post-17795","page","type-page","status-publish","hentry"],"yoast_head":"<!-- This site is optimized with the Yoast SEO plugin v27.2 - https:\/\/yoast.com\/product\/yoast-seo-wordpress\/ -->\n<title>Extr\u00e9mit\u00e9s inf\u00e9rieures - Cheville et pied | Best Hip &amp; Knee Surgeon | NY, USA<\/title>\n<meta name=\"description\" content=\"Nous utilisons ces lignes directrices si vous avez \u00e9t\u00e9 victime d&#039;un accident du travail et que vous vous interrogez sur les effets de la &quot;perte d&#039;usage\" \/>\n<meta name=\"robots\" content=\"index, follow, max-snippet:-1, max-image-preview:large, max-video-preview:-1\" \/>\n<link rel=\"canonical\" href=\"https:\/\/www.newyorkhipknee.com\/fr\/indemnisation-des-travailleurs\/perte-dusage-programmee\/extremites-inferieures-cheville-et-pied\/\" \/>\n<meta property=\"og:locale\" content=\"fr_FR\" \/>\n<meta property=\"og:type\" content=\"article\" \/>\n<meta property=\"og:title\" content=\"Extr\u00e9mit\u00e9s inf\u00e9rieures - Cheville et pied | Best Hip &amp; Knee Surgeon | NY, USA\" \/>\n<meta property=\"og:description\" content=\"Nous utilisons ces lignes directrices si vous avez \u00e9t\u00e9 victime d&#039;un accident du travail et que vous vous interrogez sur les effets de la &quot;perte d&#039;usage\" \/>\n<meta property=\"og:url\" content=\"https:\/\/www.newyorkhipknee.com\/fr\/indemnisation-des-travailleurs\/perte-dusage-programmee\/extremites-inferieures-cheville-et-pied\/\" \/>\n<meta property=\"og:site_name\" content=\"Best Hip &amp; Knee Surgeon | NY, USA\" \/>\n<meta property=\"og:image\" content=\"https:\/\/newyorkhipknee.com\/wp-content\/uploads\/2022\/10\/image2-5.jpg\" \/>\n<meta name=\"twitter:card\" content=\"summary_large_image\" \/>\n<meta name=\"twitter:label1\" content=\"Dur\u00e9e de lecture estim\u00e9e\" \/>\n\t<meta name=\"twitter:data1\" content=\"5 minutes\" \/>\n<script type=\"application\/ld+json\" class=\"yoast-schema-graph\">{\"@context\":\"https:\/\/schema.org\",\"@graph\":[{\"@type\":[\"WebPage\",\"MedicalWebPage\"],\"@id\":\"https:\/\/www.newyorkhipknee.com\/fr\/indemnisation-des-travailleurs\/perte-dusage-programmee\/extremites-inferieures-cheville-et-pied\/\",\"url\":\"https:\/\/www.newyorkhipknee.com\/fr\/indemnisation-des-travailleurs\/perte-dusage-programmee\/extremites-inferieures-cheville-et-pied\/\",\"name\":\"Extr\u00e9mit\u00e9s inf\u00e9rieures - Cheville et pied | Best Hip &amp; Knee Surgeon | NY, USA\",\"isPartOf\":{\"@id\":\"https:\/\/www.newyorkhipknee.com\/fr\/#website\"},\"primaryImageOfPage\":{\"@id\":\"https:\/\/www.newyorkhipknee.com\/fr\/indemnisation-des-travailleurs\/perte-dusage-programmee\/extremites-inferieures-cheville-et-pied\/#primaryimage\"},\"image\":{\"@id\":\"https:\/\/www.newyorkhipknee.com\/fr\/indemnisation-des-travailleurs\/perte-dusage-programmee\/extremites-inferieures-cheville-et-pied\/#primaryimage\"},\"thumbnailUrl\":\"https:\/\/newyorkhipknee.com\/wp-content\/uploads\/2022\/10\/image2-5.jpg\",\"datePublished\":\"2022-10-14T06:16:59+00:00\",\"description\":\"Nous utilisons ces lignes directrices si vous avez \u00e9t\u00e9 victime d'un accident du travail et que vous vous interrogez sur les effets de la \\\"perte d'usage\",\"breadcrumb\":{\"@id\":\"https:\/\/www.newyorkhipknee.com\/fr\/indemnisation-des-travailleurs\/perte-dusage-programmee\/extremites-inferieures-cheville-et-pied\/#breadcrumb\"},\"inLanguage\":\"fr-FR\",\"potentialAction\":[{\"@type\":\"ReadAction\",\"target\":[\"https:\/\/www.newyorkhipknee.com\/fr\/indemnisation-des-travailleurs\/perte-dusage-programmee\/extremites-inferieures-cheville-et-pied\/\"]}]},{\"@type\":\"ImageObject\",\"inLanguage\":\"fr-FR\",\"@id\":\"https:\/\/www.newyorkhipknee.com\/fr\/indemnisation-des-travailleurs\/perte-dusage-programmee\/extremites-inferieures-cheville-et-pied\/#primaryimage\",\"url\":\"https:\/\/newyorkhipknee.com\/wp-content\/uploads\/2022\/10\/image2-5.jpg\",\"contentUrl\":\"https:\/\/newyorkhipknee.com\/wp-content\/uploads\/2022\/10\/image2-5.jpg\"},{\"@type\":\"BreadcrumbList\",\"@id\":\"https:\/\/www.newyorkhipknee.com\/fr\/indemnisation-des-travailleurs\/perte-dusage-programmee\/extremites-inferieures-cheville-et-pied\/#breadcrumb\",\"itemListElement\":[{\"@type\":\"ListItem\",\"position\":1,\"name\":\"Home\",\"item\":\"https:\/\/www.newyorkhipknee.com\/fr\/\"},{\"@type\":\"ListItem\",\"position\":2,\"name\":\"Indemnisation des travailleurs\",\"item\":\"https:\/\/www.newyorkhipknee.com\/fr\/indemnisation-des-travailleurs\/\"},{\"@type\":\"ListItem\",\"position\":3,\"name\":\"Perte d&rsquo;usage programm\u00e9e\",\"item\":\"https:\/\/www.newyorkhipknee.com\/fr\/indemnisation-des-travailleurs\/perte-dusage-programmee\/\"},{\"@type\":\"ListItem\",\"position\":4,\"name\":\"Extr\u00e9mit\u00e9s inf\u00e9rieures &#8211; Cheville et pied\"}]},{\"@type\":\"WebSite\",\"@id\":\"https:\/\/www.newyorkhipknee.com\/fr\/#website\",\"url\":\"https:\/\/www.newyorkhipknee.com\/fr\/\",\"name\":\"Best Hip & Knee Surgeon | NY, USA\",\"description\":\"\",\"potentialAction\":[{\"@type\":\"SearchAction\",\"target\":{\"@type\":\"EntryPoint\",\"urlTemplate\":\"https:\/\/www.newyorkhipknee.com\/fr\/?s={search_term_string}\"},\"query-input\":{\"@type\":\"PropertyValueSpecification\",\"valueRequired\":true,\"valueName\":\"search_term_string\"}}],\"inLanguage\":\"fr-FR\"}]}<\/script>\n<!-- \/ Yoast SEO plugin. -->","yoast_head_json":{"title":"Extr\u00e9mit\u00e9s inf\u00e9rieures - Cheville et pied | Best Hip &amp; Knee Surgeon | NY, USA","description":"Nous utilisons ces lignes directrices si vous avez \u00e9t\u00e9 victime d'un accident du travail et que vous vous interrogez sur les effets de la \"perte d'usage","robots":{"index":"index","follow":"follow","max-snippet":"max-snippet:-1","max-image-preview":"max-image-preview:large","max-video-preview":"max-video-preview:-1"},"canonical":"https:\/\/www.newyorkhipknee.com\/fr\/indemnisation-des-travailleurs\/perte-dusage-programmee\/extremites-inferieures-cheville-et-pied\/","og_locale":"fr_FR","og_type":"article","og_title":"Extr\u00e9mit\u00e9s inf\u00e9rieures - Cheville et pied | Best Hip &amp; Knee Surgeon | NY, USA","og_description":"Nous utilisons ces lignes directrices si vous avez \u00e9t\u00e9 victime d'un accident du travail et que vous vous interrogez sur les effets de la \"perte d'usage","og_url":"https:\/\/www.newyorkhipknee.com\/fr\/indemnisation-des-travailleurs\/perte-dusage-programmee\/extremites-inferieures-cheville-et-pied\/","og_site_name":"Best Hip &amp; Knee Surgeon | NY, USA","og_image":[{"url":"https:\/\/newyorkhipknee.com\/wp-content\/uploads\/2022\/10\/image2-5.jpg","type":"","width":"","height":""}],"twitter_card":"summary_large_image","twitter_misc":{"Dur\u00e9e de lecture estim\u00e9e":"5 minutes"},"schema":{"@context":"https:\/\/schema.org","@graph":[{"@type":["WebPage","MedicalWebPage"],"@id":"https:\/\/www.newyorkhipknee.com\/fr\/indemnisation-des-travailleurs\/perte-dusage-programmee\/extremites-inferieures-cheville-et-pied\/","url":"https:\/\/www.newyorkhipknee.com\/fr\/indemnisation-des-travailleurs\/perte-dusage-programmee\/extremites-inferieures-cheville-et-pied\/","name":"Extr\u00e9mit\u00e9s inf\u00e9rieures - Cheville et pied | Best Hip &amp; Knee Surgeon | NY, USA","isPartOf":{"@id":"https:\/\/www.newyorkhipknee.com\/fr\/#website"},"primaryImageOfPage":{"@id":"https:\/\/www.newyorkhipknee.com\/fr\/indemnisation-des-travailleurs\/perte-dusage-programmee\/extremites-inferieures-cheville-et-pied\/#primaryimage"},"image":{"@id":"https:\/\/www.newyorkhipknee.com\/fr\/indemnisation-des-travailleurs\/perte-dusage-programmee\/extremites-inferieures-cheville-et-pied\/#primaryimage"},"thumbnailUrl":"https:\/\/newyorkhipknee.com\/wp-content\/uploads\/2022\/10\/image2-5.jpg","datePublished":"2022-10-14T06:16:59+00:00","description":"Nous utilisons ces lignes directrices si vous avez \u00e9t\u00e9 victime d'un accident du travail et que vous vous interrogez sur les effets de la \"perte d'usage","breadcrumb":{"@id":"https:\/\/www.newyorkhipknee.com\/fr\/indemnisation-des-travailleurs\/perte-dusage-programmee\/extremites-inferieures-cheville-et-pied\/#breadcrumb"},"inLanguage":"fr-FR","potentialAction":[{"@type":"ReadAction","target":["https:\/\/www.newyorkhipknee.com\/fr\/indemnisation-des-travailleurs\/perte-dusage-programmee\/extremites-inferieures-cheville-et-pied\/"]}]},{"@type":"ImageObject","inLanguage":"fr-FR","@id":"https:\/\/www.newyorkhipknee.com\/fr\/indemnisation-des-travailleurs\/perte-dusage-programmee\/extremites-inferieures-cheville-et-pied\/#primaryimage","url":"https:\/\/newyorkhipknee.com\/wp-content\/uploads\/2022\/10\/image2-5.jpg","contentUrl":"https:\/\/newyorkhipknee.com\/wp-content\/uploads\/2022\/10\/image2-5.jpg"},{"@type":"BreadcrumbList","@id":"https:\/\/www.newyorkhipknee.com\/fr\/indemnisation-des-travailleurs\/perte-dusage-programmee\/extremites-inferieures-cheville-et-pied\/#breadcrumb","itemListElement":[{"@type":"ListItem","position":1,"name":"Home","item":"https:\/\/www.newyorkhipknee.com\/fr\/"},{"@type":"ListItem","position":2,"name":"Indemnisation des travailleurs","item":"https:\/\/www.newyorkhipknee.com\/fr\/indemnisation-des-travailleurs\/"},{"@type":"ListItem","position":3,"name":"Perte d&rsquo;usage programm\u00e9e","item":"https:\/\/www.newyorkhipknee.com\/fr\/indemnisation-des-travailleurs\/perte-dusage-programmee\/"},{"@type":"ListItem","position":4,"name":"Extr\u00e9mit\u00e9s inf\u00e9rieures &#8211; Cheville et pied"}]},{"@type":"WebSite","@id":"https:\/\/www.newyorkhipknee.com\/fr\/#website","url":"https:\/\/www.newyorkhipknee.com\/fr\/","name":"Best Hip & Knee Surgeon | NY, USA","description":"","potentialAction":[{"@type":"SearchAction","target":{"@type":"EntryPoint","urlTemplate":"https:\/\/www.newyorkhipknee.com\/fr\/?s={search_term_string}"},"query-input":{"@type":"PropertyValueSpecification","valueRequired":true,"valueName":"search_term_string"}}],"inLanguage":"fr-FR"}]}},"_links":{"self":[{"href":"https:\/\/www.newyorkhipknee.com\/fr\/wp-json\/wp\/v2\/pages\/17795","targetHints":{"allow":["GET"]}}],"collection":[{"href":"https:\/\/www.newyorkhipknee.com\/fr\/wp-json\/wp\/v2\/pages"}],"about":[{"href":"https:\/\/www.newyorkhipknee.com\/fr\/wp-json\/wp\/v2\/types\/page"}],"author":[{"embeddable":true,"href":"https:\/\/www.newyorkhipknee.com\/fr\/wp-json\/wp\/v2\/users\/15"}],"replies":[{"embeddable":true,"href":"https:\/\/www.newyorkhipknee.com\/fr\/wp-json\/wp\/v2\/comments?post=17795"}],"version-history":[{"count":0,"href":"https:\/\/www.newyorkhipknee.com\/fr\/wp-json\/wp\/v2\/pages\/17795\/revisions"}],"up":[{"embeddable":true,"href":"https:\/\/www.newyorkhipknee.com\/fr\/wp-json\/wp\/v2\/pages\/17774"}],"wp:attachment":[{"href":"https:\/\/www.newyorkhipknee.com\/fr\/wp-json\/wp\/v2\/media?parent=17795"}],"curies":[{"name":"wp","href":"https:\/\/api.w.org\/{rel}","templated":true}]}}