{"id":17798,"date":"2022-10-14T02:05:15","date_gmt":"2022-10-14T06:05:15","guid":{"rendered":"https:\/\/newyorkhipknee.com\/perte-dusage-programmee\/extremites-superieures-coude\/"},"modified":"2022-10-14T02:05:15","modified_gmt":"2022-10-14T06:05:15","slug":"extremites-superieures-coude","status":"publish","type":"page","link":"https:\/\/www.newyorkhipknee.com\/fr\/indemnisation-des-travailleurs\/perte-dusage-programmee\/extremites-superieures-coude\/","title":{"rendered":"Extr\u00e9mit\u00e9s sup\u00e9rieures &#8211; Coude"},"content":{"rendered":"<p>Nous utilisons ces lignes directrices si vous avez \u00e9t\u00e9 victime d&rsquo;un accident du travail et que vous vous interrogez sur l&rsquo;effet de la \u00ab\u00a0perte d&rsquo;usage programm\u00e9e\u00a0\u00bb (SLU) sur votre coude. Dans ce cas, vous pourriez avoir droit \u00e0 une indemnit\u00e9 d\u00e9termin\u00e9e par le r\u00e8glement de la Commission des accidents du travail.<\/p>\n<p>Notre rapport SLU conclura que vous avez perdu de fa\u00e7on permanente la fonction de la partie du corps bless\u00e9e \u00e0 la suite de votre accident de travail. La d\u00e9termination de la d\u00e9ficience est bas\u00e9e sur les directives de l&rsquo;\u00c9tat de New York en mati\u00e8re d&rsquo;indemnisation des travailleurs.<\/p>\n<h2>Objectifs pour d\u00e9terminer la d\u00e9ficience du coude<\/h2>\n<p>Le coude assure le positionnement essentiel de la main et du poignet ainsi que la fonctionnalit\u00e9 du membre sup\u00e9rieur. La fonction la plus importante de l&rsquo;articulation du coude est le positionnement de la main, soit l&rsquo;extension du coude (\u00e9loignement de la main du corps), soit la supination\/pronation (mouvement pr\u00e9cis de la main).<\/p>\n<p>Nous devons d\u00e9terminer objectivement si le patient pr\u00e9sente des d\u00e9ficits physiques r\u00e9siduels permanents dus \u00e0 une blessure par le biais d&rsquo;un examen physique ou de tests diagnostiques appropri\u00e9s.<\/p>\n<h2>M\u00e9thodes d&rsquo;\u00e9valuation de la d\u00e9ficience permanente du coude<\/h2>\n<p>Nous \u00e9valuons le degr\u00e9 de d\u00e9ficit physique r\u00e9siduel permanent lorsque l&rsquo;on ne s&rsquo;attend pas \u00e0 une gu\u00e9rison ult\u00e9rieure au cours de l&rsquo;am\u00e9lioration m\u00e9dicale maximale (MMI). Par cons\u00e9quent, nous devons d\u00e9terminer la MMI en fonction du r\u00e9sultat du traitement clinique, de l&rsquo;expertise et des autres options th\u00e9rapeutiques.<\/p>\n<p>En outre, nous tiendrons compte de l&rsquo;extr\u00e9mit\u00e9 controlat\u00e9rale et des valeurs attendues lors de l&rsquo;\u00e9valuation du niveau de d\u00e9ficit physique r\u00e9siduel permanent. En r\u00e8gle g\u00e9n\u00e9rale, il faut compter un an \u00e0 partir de la blessure ou de la derni\u00e8re intervention chirurgicale pour d\u00e9terminer le temps \u00e9coul\u00e9 entre la blessure et l&rsquo;IMC.<\/p>\n<p>Nous ne devons pas \u00e9valuer le d\u00e9ficit physique r\u00e9siduel permanent en fonction de la gravit\u00e9 du m\u00e9canisme de la l\u00e9sion. Nous utilisons plut\u00f4t le moment de l&rsquo;IMC, y compris les l\u00e9sions physiques des os, des muscles, du cartilage, des tendons, des nerfs, des vaisseaux sanguins ou d&rsquo;autres tissus.<\/p>\n<p>Amplitude des mouvements du coude<\/p>\n<p>L&rsquo;amplitude normale du mouvement du coude est de 0 \u00e0 150\u00b0.<\/p>\n<p>Flexion : Nous mesurons l&rsquo;angle entre la position d&rsquo;extension et de flexion compl\u00e8te de l&rsquo;avant-bras en commen\u00e7ant par l&rsquo;extension maximale. La flexion normale du coude est de 150 degr\u00e9s.<\/p>\n<div id=\"attachment_15513\" style=\"width: 610px\" class=\"wp-caption aligncenter\"><img loading=\"lazy\" decoding=\"async\" aria-describedby=\"caption-attachment-15513\" class=\"wp-image-15513\" title=\"Figure : Flexion du coude\" src=\"https:\/\/newyorkhipknee.com\/wp-content\/uploads\/2022\/10\/image1-3.jpg\" alt=\"Figure : Flexion du coude\" width=\"600\" height=\"500\"><p id=\"caption-attachment-15513\" class=\"wp-caption-text\"><strong>Figure : Flexion du coude<\/strong><\/p><\/div>\n<p>L&rsquo;extension : Nous mesurons l&rsquo;angle entre la position de flexion de l&rsquo;avant-bras et la position d&rsquo;extension compl\u00e8te en commen\u00e7ant par la flexion maximale. L&rsquo;extension normale du coude est de z\u00e9ro degr\u00e9.<\/p>\n<div id=\"attachment_15514\" style=\"width: 610px\" class=\"wp-caption aligncenter\"><img loading=\"lazy\" decoding=\"async\" aria-describedby=\"caption-attachment-15514\" class=\"wp-image-15514\" title=\"Figure : Extension du coude\" src=\"https:\/\/newyorkhipknee.com\/wp-content\/uploads\/2022\/10\/image2-3.jpg\" alt=\"Figure : Extension du coude\" width=\"600\" height=\"500\"><p id=\"caption-attachment-15514\" class=\"wp-caption-text\">Figure : Extension du coude<\/p><\/div>\n<h3><\/h3>\n<h3>Calcul de la perte d&rsquo;usage du coude<\/h3>\n<p>Nous commencerons par \u00e9valuer toutes les consid\u00e9rations particuli\u00e8res afin de d\u00e9terminer le calendrier global de la perte d&rsquo;usage du coude. En l&rsquo;absence de consid\u00e9rations particuli\u00e8res, nous calculons la perte d&rsquo;usage du coude en additionnant les d\u00e9ficits d&rsquo;extension et de flexion constat\u00e9s.<\/p>\n<p>La perte maximale de l&rsquo;usage du coude ne doit pas d\u00e9passer l&rsquo;ankylose lors de l&rsquo;\u00e9valuation de l&rsquo;amplitude des mouvements.<\/p>\n<p><strong>Table : Coude : Pourcentage de perte d&rsquo;usage du coude<\/strong><\/p>\n<p>Pour d\u00e9terminer les d\u00e9ficits, on additionne A+B. La perte maximale de l&rsquo;usage du coude ne doit pas d\u00e9passer l&rsquo;ankylose. Nous ajustons proportionnellement les pourcentages de perte d&rsquo;utilisation du bar\u00e8me pour les valeurs de l&rsquo;amplitude des mouvements.<\/p>\n<h3>Consid\u00e9rations particuli\u00e8res pour le coude<\/h3>\n<p>Nous utilisons les consid\u00e9rations sp\u00e9ciales lorsque nous \u00e9valuons les valeurs de perte d&rsquo;utilisation \u00e9num\u00e9r\u00e9es dans le tableau ou sans valeur de tableau fournie. La valeur maximale de la perte d&rsquo;usage selon le bar\u00e8me ne doit pas d\u00e9passer la valeur de l&rsquo;ankylose.<\/p>\n<ol>\n<li>Nous appliquons une perte de 10 % de l&rsquo;usage du bras pour la perte de la t\u00eate du radius et nous y ajoutons les d\u00e9ficits de mobilit\u00e9.\n<p>&nbsp;<\/li>\n<li>Nous utilisons une perte d&rsquo;utilisation du bras de 10 \u00e0 15 % avec une laxit\u00e9 du coude lors d&rsquo;un d\u00e9ficit d&rsquo;hyperextension.\n<p>&nbsp;<\/li>\n<li>Nous proposons un calendrier pour l&rsquo;\u00e9picondylite m\u00e9diale et lat\u00e9rale. Ensuite, nous envisagerons la classification si l&rsquo;affection devient chronique, grave ou invalidante.\n<p>&nbsp;<\/li>\n<li>Le calendrier d\u00e9pend des d\u00e9ficits r\u00e9siduels lors de l&rsquo;\u00e9valuation d&rsquo;une fracture de l&rsquo;ol\u00e9crane ou d&rsquo;une bursite.\n<p>&nbsp;<\/li>\n<li>Nous appliquons une perte de 10 % de l&rsquo;usage du bras pour la perte osseuse et l&rsquo;excision de l&rsquo;ol\u00e9crane et nous ajoutons un suppl\u00e9ment pour les d\u00e9ficits de mobilit\u00e9.<\/li>\n<\/ol>\n<h3>Amputation du bras<\/h3>\n<p><strong>Tableau : Pourcentage de perte d&rsquo;usage du bras : Amputation \u00e0 diff\u00e9rents niveaux<\/strong><\/p>\n<p>Pour plus d&rsquo;informations, veuillez consulter le site web de la commission des accidents du travail de votre \u00c9tat ou vous adresser \u00e0 votre avocat sp\u00e9cialis\u00e9 dans les accidents du travail.<\/p>\n","protected":false},"excerpt":{"rendered":"<p>Nous utilisons ces lignes directrices si vous avez \u00e9t\u00e9 victime d&rsquo;un accident du travail et que vous vous interrogez sur l&rsquo;effet de la \u00ab\u00a0perte d&rsquo;usage programm\u00e9e\u00a0\u00bb (SLU) sur votre coude. Dans ce cas, vous pourriez avoir droit \u00e0 une indemnit\u00e9 d\u00e9termin\u00e9e par le r\u00e8glement de la Commission des accidents du travail. Notre rapport SLU conclura [&hellip;]<\/p>\n","protected":false},"author":15,"featured_media":0,"parent":17774,"menu_order":0,"comment_status":"closed","ping_status":"closed","template":"","meta":{"_et_pb_use_builder":"","_et_pb_old_content":"","_et_gb_content_width":"","footnotes":""},"class_list":["post-17798","page","type-page","status-publish","hentry"],"yoast_head":"<!-- This site is optimized with the Yoast SEO plugin v27.2 - https:\/\/yoast.com\/product\/yoast-seo-wordpress\/ -->\n<title>Extr\u00e9mit\u00e9s sup\u00e9rieures - Coude | Best Hip &amp; Knee Surgeon | NY, USA<\/title>\n<meta name=\"description\" content=\"Nous utilisons ces lignes directrices si vous avez \u00e9t\u00e9 victime d&#039;un accident du travail et que vous vous interrogez sur l&#039;effet de la &quot;perte d&#039;usage\" \/>\n<meta name=\"robots\" content=\"index, follow, max-snippet:-1, max-image-preview:large, max-video-preview:-1\" \/>\n<link rel=\"canonical\" href=\"https:\/\/www.newyorkhipknee.com\/fr\/indemnisation-des-travailleurs\/perte-dusage-programmee\/extremites-superieures-coude\/\" \/>\n<meta property=\"og:locale\" content=\"fr_FR\" \/>\n<meta property=\"og:type\" content=\"article\" \/>\n<meta property=\"og:title\" content=\"Extr\u00e9mit\u00e9s sup\u00e9rieures - Coude | Best Hip &amp; Knee Surgeon | NY, USA\" \/>\n<meta property=\"og:description\" content=\"Nous utilisons ces lignes directrices si vous avez \u00e9t\u00e9 victime d&#039;un accident du travail et que vous vous interrogez sur l&#039;effet de la &quot;perte d&#039;usage\" \/>\n<meta property=\"og:url\" content=\"https:\/\/www.newyorkhipknee.com\/fr\/indemnisation-des-travailleurs\/perte-dusage-programmee\/extremites-superieures-coude\/\" \/>\n<meta property=\"og:site_name\" content=\"Best Hip &amp; Knee Surgeon | NY, USA\" \/>\n<meta property=\"og:image\" content=\"https:\/\/newyorkhipknee.com\/wp-content\/uploads\/2022\/10\/image1-3.jpg\" \/>\n<meta name=\"twitter:card\" content=\"summary_large_image\" \/>\n<meta name=\"twitter:label1\" content=\"Dur\u00e9e de lecture estim\u00e9e\" \/>\n\t<meta name=\"twitter:data1\" content=\"4 minutes\" \/>\n<script type=\"application\/ld+json\" class=\"yoast-schema-graph\">{\"@context\":\"https:\/\/schema.org\",\"@graph\":[{\"@type\":[\"WebPage\",\"MedicalWebPage\"],\"@id\":\"https:\/\/www.newyorkhipknee.com\/fr\/indemnisation-des-travailleurs\/perte-dusage-programmee\/extremites-superieures-coude\/\",\"url\":\"https:\/\/www.newyorkhipknee.com\/fr\/indemnisation-des-travailleurs\/perte-dusage-programmee\/extremites-superieures-coude\/\",\"name\":\"Extr\u00e9mit\u00e9s sup\u00e9rieures - Coude | Best Hip &amp; Knee Surgeon | NY, USA\",\"isPartOf\":{\"@id\":\"https:\/\/www.newyorkhipknee.com\/fr\/#website\"},\"primaryImageOfPage\":{\"@id\":\"https:\/\/www.newyorkhipknee.com\/fr\/indemnisation-des-travailleurs\/perte-dusage-programmee\/extremites-superieures-coude\/#primaryimage\"},\"image\":{\"@id\":\"https:\/\/www.newyorkhipknee.com\/fr\/indemnisation-des-travailleurs\/perte-dusage-programmee\/extremites-superieures-coude\/#primaryimage\"},\"thumbnailUrl\":\"https:\/\/newyorkhipknee.com\/wp-content\/uploads\/2022\/10\/image1-3.jpg\",\"datePublished\":\"2022-10-14T06:05:15+00:00\",\"description\":\"Nous utilisons ces lignes directrices si vous avez \u00e9t\u00e9 victime d'un accident du travail et que vous vous interrogez sur l'effet de la \\\"perte d'usage\",\"breadcrumb\":{\"@id\":\"https:\/\/www.newyorkhipknee.com\/fr\/indemnisation-des-travailleurs\/perte-dusage-programmee\/extremites-superieures-coude\/#breadcrumb\"},\"inLanguage\":\"fr-FR\",\"potentialAction\":[{\"@type\":\"ReadAction\",\"target\":[\"https:\/\/www.newyorkhipknee.com\/fr\/indemnisation-des-travailleurs\/perte-dusage-programmee\/extremites-superieures-coude\/\"]}]},{\"@type\":\"ImageObject\",\"inLanguage\":\"fr-FR\",\"@id\":\"https:\/\/www.newyorkhipknee.com\/fr\/indemnisation-des-travailleurs\/perte-dusage-programmee\/extremites-superieures-coude\/#primaryimage\",\"url\":\"https:\/\/newyorkhipknee.com\/wp-content\/uploads\/2022\/10\/image1-3.jpg\",\"contentUrl\":\"https:\/\/newyorkhipknee.com\/wp-content\/uploads\/2022\/10\/image1-3.jpg\"},{\"@type\":\"BreadcrumbList\",\"@id\":\"https:\/\/www.newyorkhipknee.com\/fr\/indemnisation-des-travailleurs\/perte-dusage-programmee\/extremites-superieures-coude\/#breadcrumb\",\"itemListElement\":[{\"@type\":\"ListItem\",\"position\":1,\"name\":\"Home\",\"item\":\"https:\/\/www.newyorkhipknee.com\/fr\/\"},{\"@type\":\"ListItem\",\"position\":2,\"name\":\"Indemnisation des travailleurs\",\"item\":\"https:\/\/www.newyorkhipknee.com\/fr\/indemnisation-des-travailleurs\/\"},{\"@type\":\"ListItem\",\"position\":3,\"name\":\"Perte d&rsquo;usage programm\u00e9e\",\"item\":\"https:\/\/www.newyorkhipknee.com\/fr\/indemnisation-des-travailleurs\/perte-dusage-programmee\/\"},{\"@type\":\"ListItem\",\"position\":4,\"name\":\"Extr\u00e9mit\u00e9s sup\u00e9rieures &#8211; Coude\"}]},{\"@type\":\"WebSite\",\"@id\":\"https:\/\/www.newyorkhipknee.com\/fr\/#website\",\"url\":\"https:\/\/www.newyorkhipknee.com\/fr\/\",\"name\":\"Best Hip & Knee Surgeon | NY, USA\",\"description\":\"\",\"potentialAction\":[{\"@type\":\"SearchAction\",\"target\":{\"@type\":\"EntryPoint\",\"urlTemplate\":\"https:\/\/www.newyorkhipknee.com\/fr\/?s={search_term_string}\"},\"query-input\":{\"@type\":\"PropertyValueSpecification\",\"valueRequired\":true,\"valueName\":\"search_term_string\"}}],\"inLanguage\":\"fr-FR\"}]}<\/script>\n<!-- \/ Yoast SEO plugin. -->","yoast_head_json":{"title":"Extr\u00e9mit\u00e9s sup\u00e9rieures - Coude | Best Hip &amp; Knee Surgeon | NY, USA","description":"Nous utilisons ces lignes directrices si vous avez \u00e9t\u00e9 victime d'un accident du travail et que vous vous interrogez sur l'effet de la \"perte d'usage","robots":{"index":"index","follow":"follow","max-snippet":"max-snippet:-1","max-image-preview":"max-image-preview:large","max-video-preview":"max-video-preview:-1"},"canonical":"https:\/\/www.newyorkhipknee.com\/fr\/indemnisation-des-travailleurs\/perte-dusage-programmee\/extremites-superieures-coude\/","og_locale":"fr_FR","og_type":"article","og_title":"Extr\u00e9mit\u00e9s sup\u00e9rieures - Coude | Best Hip &amp; Knee Surgeon | NY, USA","og_description":"Nous utilisons ces lignes directrices si vous avez \u00e9t\u00e9 victime d'un accident du travail et que vous vous interrogez sur l'effet de la \"perte d'usage","og_url":"https:\/\/www.newyorkhipknee.com\/fr\/indemnisation-des-travailleurs\/perte-dusage-programmee\/extremites-superieures-coude\/","og_site_name":"Best Hip &amp; Knee Surgeon | NY, USA","og_image":[{"url":"https:\/\/newyorkhipknee.com\/wp-content\/uploads\/2022\/10\/image1-3.jpg","type":"","width":"","height":""}],"twitter_card":"summary_large_image","twitter_misc":{"Dur\u00e9e de lecture estim\u00e9e":"4 minutes"},"schema":{"@context":"https:\/\/schema.org","@graph":[{"@type":["WebPage","MedicalWebPage"],"@id":"https:\/\/www.newyorkhipknee.com\/fr\/indemnisation-des-travailleurs\/perte-dusage-programmee\/extremites-superieures-coude\/","url":"https:\/\/www.newyorkhipknee.com\/fr\/indemnisation-des-travailleurs\/perte-dusage-programmee\/extremites-superieures-coude\/","name":"Extr\u00e9mit\u00e9s sup\u00e9rieures - Coude | Best Hip &amp; Knee Surgeon | NY, USA","isPartOf":{"@id":"https:\/\/www.newyorkhipknee.com\/fr\/#website"},"primaryImageOfPage":{"@id":"https:\/\/www.newyorkhipknee.com\/fr\/indemnisation-des-travailleurs\/perte-dusage-programmee\/extremites-superieures-coude\/#primaryimage"},"image":{"@id":"https:\/\/www.newyorkhipknee.com\/fr\/indemnisation-des-travailleurs\/perte-dusage-programmee\/extremites-superieures-coude\/#primaryimage"},"thumbnailUrl":"https:\/\/newyorkhipknee.com\/wp-content\/uploads\/2022\/10\/image1-3.jpg","datePublished":"2022-10-14T06:05:15+00:00","description":"Nous utilisons ces lignes directrices si vous avez \u00e9t\u00e9 victime d'un accident du travail et que vous vous interrogez sur l'effet de la \"perte d'usage","breadcrumb":{"@id":"https:\/\/www.newyorkhipknee.com\/fr\/indemnisation-des-travailleurs\/perte-dusage-programmee\/extremites-superieures-coude\/#breadcrumb"},"inLanguage":"fr-FR","potentialAction":[{"@type":"ReadAction","target":["https:\/\/www.newyorkhipknee.com\/fr\/indemnisation-des-travailleurs\/perte-dusage-programmee\/extremites-superieures-coude\/"]}]},{"@type":"ImageObject","inLanguage":"fr-FR","@id":"https:\/\/www.newyorkhipknee.com\/fr\/indemnisation-des-travailleurs\/perte-dusage-programmee\/extremites-superieures-coude\/#primaryimage","url":"https:\/\/newyorkhipknee.com\/wp-content\/uploads\/2022\/10\/image1-3.jpg","contentUrl":"https:\/\/newyorkhipknee.com\/wp-content\/uploads\/2022\/10\/image1-3.jpg"},{"@type":"BreadcrumbList","@id":"https:\/\/www.newyorkhipknee.com\/fr\/indemnisation-des-travailleurs\/perte-dusage-programmee\/extremites-superieures-coude\/#breadcrumb","itemListElement":[{"@type":"ListItem","position":1,"name":"Home","item":"https:\/\/www.newyorkhipknee.com\/fr\/"},{"@type":"ListItem","position":2,"name":"Indemnisation des travailleurs","item":"https:\/\/www.newyorkhipknee.com\/fr\/indemnisation-des-travailleurs\/"},{"@type":"ListItem","position":3,"name":"Perte d&rsquo;usage programm\u00e9e","item":"https:\/\/www.newyorkhipknee.com\/fr\/indemnisation-des-travailleurs\/perte-dusage-programmee\/"},{"@type":"ListItem","position":4,"name":"Extr\u00e9mit\u00e9s sup\u00e9rieures &#8211; Coude"}]},{"@type":"WebSite","@id":"https:\/\/www.newyorkhipknee.com\/fr\/#website","url":"https:\/\/www.newyorkhipknee.com\/fr\/","name":"Best Hip & Knee Surgeon | NY, USA","description":"","potentialAction":[{"@type":"SearchAction","target":{"@type":"EntryPoint","urlTemplate":"https:\/\/www.newyorkhipknee.com\/fr\/?s={search_term_string}"},"query-input":{"@type":"PropertyValueSpecification","valueRequired":true,"valueName":"search_term_string"}}],"inLanguage":"fr-FR"}]}},"_links":{"self":[{"href":"https:\/\/www.newyorkhipknee.com\/fr\/wp-json\/wp\/v2\/pages\/17798","targetHints":{"allow":["GET"]}}],"collection":[{"href":"https:\/\/www.newyorkhipknee.com\/fr\/wp-json\/wp\/v2\/pages"}],"about":[{"href":"https:\/\/www.newyorkhipknee.com\/fr\/wp-json\/wp\/v2\/types\/page"}],"author":[{"embeddable":true,"href":"https:\/\/www.newyorkhipknee.com\/fr\/wp-json\/wp\/v2\/users\/15"}],"replies":[{"embeddable":true,"href":"https:\/\/www.newyorkhipknee.com\/fr\/wp-json\/wp\/v2\/comments?post=17798"}],"version-history":[{"count":0,"href":"https:\/\/www.newyorkhipknee.com\/fr\/wp-json\/wp\/v2\/pages\/17798\/revisions"}],"up":[{"embeddable":true,"href":"https:\/\/www.newyorkhipknee.com\/fr\/wp-json\/wp\/v2\/pages\/17774"}],"wp:attachment":[{"href":"https:\/\/www.newyorkhipknee.com\/fr\/wp-json\/wp\/v2\/media?parent=17798"}],"curies":[{"name":"wp","href":"https:\/\/api.w.org\/{rel}","templated":true}]}}