{"id":17799,"date":"2022-10-14T02:00:00","date_gmt":"2022-10-14T06:00:00","guid":{"rendered":"https:\/\/newyorkhipknee.com\/perte-dusage-programmee\/extremites-superieures-epaule\/"},"modified":"2022-10-14T02:00:00","modified_gmt":"2022-10-14T06:00:00","slug":"extremites-superieures-epaule","status":"publish","type":"page","link":"https:\/\/www.newyorkhipknee.com\/fr\/indemnisation-des-travailleurs\/perte-dusage-programmee\/extremites-superieures-epaule\/","title":{"rendered":"Extr\u00e9mit\u00e9s sup\u00e9rieures &#8211; \u00c9paule"},"content":{"rendered":"<p>Nous utilisons ces lignes directrices si vous avez subi un accident du travail et que vous vous interrogez sur l&rsquo;effet de la \u00ab\u00a0perte d&rsquo;usage programm\u00e9e\u00a0\u00bb (SLU) sur votre \u00e9paule. Vous pourriez avoir droit \u00e0 une indemnit\u00e9 d\u00e9termin\u00e9e par les r\u00e8glements de la Commission des accidents du travail.<\/p>\n<p>Notre rapport SLU conclura que vous avez perdu de fa\u00e7on permanente la fonction de la partie du corps bless\u00e9e \u00e0 la suite de votre accident de travail. La d\u00e9termination de la d\u00e9ficience est bas\u00e9e sur les directives de l&rsquo;\u00c9tat de New York en mati\u00e8re d&rsquo;indemnisation des travailleurs.<\/p>\n<h2>Objectifs de la d\u00e9termination de la d\u00e9ficience de l&rsquo;\u00e9paule<\/h2>\n<p>L&rsquo;\u00e9paule et le coude sont essentiels pour le positionnement des mains dans l&rsquo;espace et permettent le fonctionnement des membres sup\u00e9rieurs. Par cons\u00e9quent, une blessure \u00e0 l&rsquo;\u00e9paule peut entra\u00eener des limitations significatives et des probl\u00e8mes de performance au travail.<\/p>\n<p>Nous devons d\u00e9terminer objectivement le degr\u00e9 appropri\u00e9 si le patient pr\u00e9sente des d\u00e9ficits physiques r\u00e9siduels permanents \u00e0 la suite d&rsquo;une blessure. Nous proc\u00e9derons \u00e0 une \u00e9valuation par le biais de l&rsquo;anamn\u00e8se et d&rsquo;un examen physique ou de tests diagnostiques appropri\u00e9s.<\/p>\n<h3>M\u00e9thodes d&rsquo;\u00e9valuation de la d\u00e9ficience permanente de l&rsquo;\u00e9paule<\/h3>\n<p>Nous \u00e9valuons le degr\u00e9 de d\u00e9ficit physique r\u00e9siduel permanent lorsque l&rsquo;on ne s&rsquo;attend pas \u00e0 une nouvelle gu\u00e9rison pendant la p\u00e9riode d&rsquo;am\u00e9lioration m\u00e9dicale maximale (MMI). Nous devons d\u00e9terminer la MMI en fonction des r\u00e9sultats du traitement clinique, de l&rsquo;expertise et des autres options th\u00e9rapeutiques.<\/p>\n<p>En outre, nous tiendrons compte de l&rsquo;extr\u00e9mit\u00e9 controlat\u00e9rale et des valeurs attendues lorsqu&rsquo;elles sont disponibles pour \u00e9valuer le niveau de d\u00e9ficit physique r\u00e9siduel permanent. En r\u00e8gle g\u00e9n\u00e9rale, il faut compter un an \u00e0 partir de la blessure ou de la derni\u00e8re intervention chirurgicale pour d\u00e9terminer le temps \u00e9coul\u00e9 entre la blessure et l&rsquo;IMC.<\/p>\n<p>Nous ne devons pas \u00e9valuer le d\u00e9ficit physique r\u00e9siduel permanent en fonction de la gravit\u00e9 du m\u00e9canisme de la l\u00e9sion. Nous utilisons plut\u00f4t le moment de l&rsquo;IMC, y compris les l\u00e9sions physiques des os, des muscles, du cartilage, des tendons, des nerfs, des vaisseaux sanguins ou d&rsquo;autres tissus.<\/p>\n<h3>Amplitude des mouvements de l&rsquo;\u00e9paule<\/h3>\n<p>L&rsquo;amplitude des mouvements de l&rsquo;\u00e9paule comprend<\/p>\n<p>Flexion (\u00e9l\u00e9vation vers l&rsquo;avant) : ROM dans le plan sagittal tournant autour d&rsquo;une ligne imaginaire passant par la fosse gl\u00e9no\u00efde tandis que le bras se d\u00e9place devant et au-dessus du corps. L&rsquo;amplitude normale de flexion de l&rsquo;\u00e9paule est de 180 degr\u00e9s.<\/p>\n<p>Extension : La ROM dans le plan sagittal tourne autour d&rsquo;une ligne imaginaire passant par la fosse gl\u00e9no\u00efde tandis que le bras se d\u00e9place derri\u00e8re le corps jusqu&rsquo;\u00e0 60 degr\u00e9s.<\/p>\n<div id=\"attachment_15508\" style=\"width: 610px\" class=\"wp-caption aligncenter\"><img loading=\"lazy\" decoding=\"async\" aria-describedby=\"caption-attachment-15508\" class=\"wp-image-15508\" title=\"Figure : Flexion et extension de l'\u00e9paule\" src=\"https:\/\/newyorkhipknee.com\/wp-content\/uploads\/2022\/10\/image3-2.jpg\" alt=\"Figure : Flexion et extension de l'\u00e9paule\" width=\"600\" height=\"720\"><p id=\"caption-attachment-15508\" class=\"wp-caption-text\"><strong>Figure : Flexion et extension de l&rsquo;\u00e9paule<\/strong><\/p><\/div>\n<p>Abduction : ROM dans le plan coronal en rotation autour d&rsquo;une ligne imaginaire passant par l&rsquo;articulation gl\u00e9no-hum\u00e9rale. L&rsquo;amplitude normale du mouvement d&rsquo;abduction de l&rsquo;\u00e9paule est de 180 degr\u00e9s, le bras s&rsquo;\u00e9loignant du corps sur le c\u00f4t\u00e9.<\/p>\n<p>Adduction : ROM dans le plan coronal en rotation autour d&rsquo;une ligne imaginaire passant par l&rsquo;articulation gl\u00e9no-hum\u00e9rale. L&rsquo;amplitude normale du mouvement d&rsquo;adduction de l&rsquo;\u00e9paule est de 30 degr\u00e9s, le bras se d\u00e9pla\u00e7ant devant le corps.<\/p>\n<div id=\"attachment_15509\" style=\"width: 610px\" class=\"wp-caption aligncenter\"><img loading=\"lazy\" decoding=\"async\" aria-describedby=\"caption-attachment-15509\" class=\"wp-image-15509\" title=\"image1\" src=\"https:\/\/newyorkhipknee.com\/wp-content\/uploads\/2022\/10\/image1-2.jpg\" alt=\"Figure : Abduction et adduction de l'\u00e9paule\" width=\"600\" height=\"500\"><p id=\"caption-attachment-15509\" class=\"wp-caption-text\">Figure : Abduction et adduction de l&rsquo;\u00e9paule<\/p><\/div>\n<p>Rotation externe (vers le haut) : Le bras \u00e9tant plac\u00e9 sur le c\u00f4t\u00e9, nous fl\u00e9chissons le coude \u00e0 90 degr\u00e9s et effectuons une rotation autour d&rsquo;une ligne imaginaire le long de l&rsquo;axe de l&rsquo;hum\u00e9rus. L&rsquo;amplitude normale du mouvement de rotation externe de l&rsquo;\u00e9paule est de 90 degr\u00e9s.<\/p>\n<p>Rotation interne (vers le bas) : Le bras \u00e9tant plac\u00e9 sur le c\u00f4t\u00e9, nous fl\u00e9chissons le coude \u00e0 90 degr\u00e9s et effectuons une rotation autour d&rsquo;une ligne imaginaire le long de l&rsquo;axe de l&rsquo;hum\u00e9rus. L&rsquo;amplitude normale du mouvement de rotation interne de l&rsquo;\u00e9paule est de 70 degr\u00e9s.<\/p>\n<div id=\"attachment_15510\" style=\"width: 610px\" class=\"wp-caption aligncenter\"><img loading=\"lazy\" decoding=\"async\" aria-describedby=\"caption-attachment-15510\" class=\"wp-image-15510\" title=\"Figure : Rotation externe (vers le haut) et interne (vers le bas) de l'\u00e9paule\" src=\"https:\/\/newyorkhipknee.com\/wp-content\/uploads\/2022\/10\/image2-2.jpg\" alt=\"Figure : Rotation externe (vers le haut) et interne (vers le bas) de l'\u00e9paule\" width=\"600\" height=\"500\"><p id=\"caption-attachment-15510\" class=\"wp-caption-text\"><strong>Figure : Rotation externe (vers le haut) et interne (vers le bas) de l&rsquo;\u00e9paule<\/strong><\/p><\/div>\n<h3><\/h3>\n<h3>Calcul de la perte d&rsquo;usage de l&rsquo;\u00e9paule<\/h3>\n<p>Nous commencerons \u00e0 \u00e9valuer toute consid\u00e9ration particuli\u00e8re afin de d\u00e9terminer la perte globale de l&rsquo;utilisation de l&rsquo;\u00e9paule. S&rsquo;il n&rsquo;y a pas de consid\u00e9rations particuli\u00e8res, utilisez le tableau suivant pour d\u00e9terminer les d\u00e9ficits en abduction et en flexion, puis utilisez le d\u00e9ficit le plus \u00e9lev\u00e9. La perte maximale d&rsquo;utilisation de l&rsquo;\u00e9paule ne doit pas d\u00e9passer l&rsquo;ankylose lors de l&rsquo;\u00e9valuation de l&rsquo;amplitude des mouvements.<\/p>\n<p>Table : \u00c9paule : Pourcentage de perte d&rsquo;usage de l&rsquo;\u00e9paule<\/p>\n<p>Nous utilisons le tableau, les valeurs et les notes suivants pour d\u00e9terminer les d\u00e9ficits. La perte maximale de l&rsquo;usage du coude ne doit pas d\u00e9passer l&rsquo;ankylose. Nous ajustons proportionnellement les pourcentages de perte d&rsquo;utilisation du bar\u00e8me pour les valeurs de l&rsquo;amplitude des mouvements.<\/p>\n<p><strong>Notes :<\/strong><\/p>\n<ul>\n<li>Nous ne documentons que le plus grand des deux d\u00e9ficits lors de l&rsquo;\u00e9valuation de la flexion (\u00e9l\u00e9vation vers l&rsquo;avant) et de l&rsquo;abduction, mais pas les deux. Nous ajoutons jusqu&rsquo;\u00e0 10 % \u00e0 la perte d&rsquo;usage totale pr\u00e9vue dans le tableau et ne d\u00e9passons pas l&rsquo;ankylose si les deux amplitudes de mouvement d\u00e9ficitaires sont au moins mod\u00e9r\u00e9es et si les mesures se situent dans une fourchette de 100.\n<p>&nbsp;<\/li>\n<li>Nous \u00e9viterons les valeurs cumulatives en n&rsquo;ajoutant pas les d\u00e9ficits l\u00e9gers de rotation interne et externe. Toutefois, il faut ajouter 10 \u00e0 15 %, sans d\u00e9passer l&rsquo;ankylose, pour les d\u00e9ficits de rotation marqu\u00e9s et l&rsquo;atrophie musculaire.\n<p>&nbsp;<\/li>\n<li>Nous utilisons une perte de 71\u20442-10% de l&rsquo;usage d&rsquo;un bras pour les d\u00e9ficits d&rsquo;adduction l\u00e9gers.\n<p>&nbsp;<\/li>\n<li>Nous utilisons une perte de 71\u20442-10% de l&rsquo;usage d&rsquo;un bras pour les d\u00e9ficits l\u00e9gers de l&rsquo;extension post\u00e9rieure.\n<p>&nbsp;<\/li>\n<li>Nous utilisons le tableau suivant pour les d\u00e9ficits ROM internes\/externes isol\u00e9s.<\/li>\n<\/ul>\n<p><strong>Table : \u00c9paule : Rotation interne et externe uniquement<\/strong><\/p>\n<h3>Consid\u00e9rations particuli\u00e8res pour l&rsquo;\u00e9paule<\/h3>\n<p>Nous utilisons les consid\u00e9rations sp\u00e9ciales lorsque nous \u00e9valuons les valeurs de perte d&rsquo;utilisation \u00e9num\u00e9r\u00e9es dans le tableau ou sans valeur de tableau fournie. La valeur maximale de la perte d&rsquo;usage selon le bar\u00e8me ne doit pas d\u00e9passer la valeur de l&rsquo;ankylose.<\/p>\n<ol>\n<li>La luxation peut faire l&rsquo;objet d&rsquo;une \u00e9valuation de la perte d&rsquo;usage programm\u00e9e si une intervention chirurgicale corrective a eu lieu il y a au moins un an, si la luxation est r\u00e9currente ou si l&rsquo;incapacit\u00e9 permanente persiste plus d&rsquo;un an.\n<p>C&rsquo;est pourquoi nous proc\u00e9dons \u00e0 une programmation globale d&rsquo;un rendez-vous pour les luxations r\u00e9currentes pr\u00e9existantes de l&rsquo;\u00e9paule.<\/p>\n<p>&nbsp;<\/li>\n<li>En fonction du degr\u00e9 de d\u00e9ficience, nous utilisons une perte d&rsquo;usage de 0 \u00e0 10 % pour une fracture de la clavicule.\n<p>&nbsp;<\/li>\n<li>Nous utilisons une perte d&rsquo;utilisation du bras de 71\u20442-10% pour les s\u00e9parations acromio-claviculaires ou sternoclaviculaires.\n<p>&nbsp;<\/li>\n<li>En fonction du degr\u00e9 de d\u00e9ficience, nous \u00e9valuons une perte de 15 \u00e0 20 % de l&rsquo;usage du bras en cas d&rsquo;omoplate ail\u00e9e due \u00e0 une paralysie du serratus anterior ou du trap\u00e8ze. Toutefois, nous attendrons au moins deux ans apr\u00e8s une intervention chirurgicale sur un nerf majeur pour \u00e9valuer une perte de calendrier.\n<p>&nbsp;<\/li>\n<li>Nous utilisons un taux de 10 % pour la perte osseuse r\u00e9sultant d&rsquo;une r\u00e9section de la clavicule \u00e0 l&rsquo;une ou l&rsquo;autre extr\u00e9mit\u00e9. Ensuite, nous utiliserons une perte d&rsquo;usage du bras de 15 % pour l&rsquo;ensemble de la clavicule. Ensuite, nous ajoutons les d\u00e9ficits de mobilit\u00e9 en tant que d\u00e9ficit fonctionnel le plus important.\n<p>&nbsp;<\/li>\n<li>Nous utilisons une perte de 10 \u00e0 15 % de l&rsquo;usage du bras pour la rupture non chirurgicale du muscle long biceps. Ensuite, nous utilisons une perte de 20 % pour une rupture au point d&rsquo;insertion distal du biceps. Le degr\u00e9 de d\u00e9ficience peut varier jusqu&rsquo;\u00e0 33 1\u20443% pour la mobilit\u00e9 et la faiblesse musculaire.\n<p>&nbsp;<\/li>\n<li>\u00c9paule gel\u00e9e et capsulite adh\u00e9sive, chirurgicale et non chirurgicale : nous utiliserons un bar\u00e8me de perte du bras si l&rsquo;affection est asymptomatique. Nous envisagerons d&rsquo;utiliser une classification apr\u00e8s deux ans pour les affections douloureuses graves pour lesquelles toutes les modalit\u00e9s de traitement possibles ont \u00e9t\u00e9 \u00e9puis\u00e9es.\n<p>&nbsp;<\/li>\n<li>Nous d\u00e9terminerons un calendrier ax\u00e9 sur la partie de l&rsquo;extr\u00e9mit\u00e9 la plus valoris\u00e9e. Tout d&rsquo;abord, nous calculerons la perte significative la plus \u00e9lev\u00e9e \u00e0 l&rsquo;aide d&rsquo;un calendrier \u00e9lev\u00e9 pour une partie du corps concern\u00e9e.\n<p>Par exemple, nous utilisons une perte de 100 % de l&rsquo;usage de la main pour une amputation du poignet ou une perte de 80 % de l&rsquo;usage du bras. Ensuite, nous ajoutons 10 % aux 80 % de perte d&rsquo;usage du bras pour d&rsquo;autres d\u00e9ficits du coude ou de l&rsquo;\u00e9paule. Le programme final \u00e9quivaut \u00e0 une perte de 90 % de l&rsquo;usage des bras.<\/p>\n<p>&nbsp;<\/li>\n<li>Nous \u00e9valuons l&rsquo;arthroplastie ou le remplacement total ou partiel de l&rsquo;\u00e9paule au plus t\u00f4t un an apr\u00e8s l&rsquo;op\u00e9ration, car les fonctions cliniques peuvent appara\u00eetre avant. D\u00e9terminer le calendrier sur la base d&rsquo;\u00e9valuations m\u00e9dicales de :\n<ul>\n<li>Mesure de l&rsquo;amplitude de la flexion ou de l&rsquo;abduction en utilisant le degr\u00e9 de d\u00e9ficience le plus important.\n<p>&nbsp;<\/li>\n<li>Nous mesurons l&rsquo;atrophie au niveau du milieu du bras et la comparons \u00e0 celle de l&rsquo;extr\u00e9mit\u00e9 controlat\u00e9rale.\n<p>&nbsp;<\/li>\n<li>Complications chroniques selon le tableau suivant, sauf si l&rsquo;on utilise une classification.<\/li>\n<\/ul>\n<\/li>\n<\/ol>\n<p>Nous utilisons le tableau suivant pour d\u00e9terminer les valeurs de la perte d&rsquo;usage. Le r\u00e9sultat id\u00e9al (rang\u00e9e A) est une perte d&rsquo;utilisation de 35 %. Ensuite, nous ajouterons la valeur des autres d\u00e9ficits aux valeurs qui correspondent \u00e9troitement au d\u00e9ficit pr\u00e9vu dans chaque colonne lorsque les d\u00e9ficits d\u00e9passent ceux \u00e9num\u00e9r\u00e9s \u00e0 la ligne A \u00e0 la valeur de base de 35 % pour calculer la valeur totale de l&rsquo;indemnit\u00e9 de perte d&rsquo;usage pr\u00e9vue par le bar\u00e8me.<\/p>\n<p><strong>Tableau : Remplacement de l&rsquo;articulation de l&rsquo;\u00e9paule : Calendrier de la perte d&rsquo;usage<\/strong><\/p>\n<p><strong>Exemple :<\/strong><\/p>\n<p>Un patient a subi une chirurgie corrective de remplacement de l&rsquo;\u00e9paule. Nous avons d\u00e9termin\u00e9 lors de l&rsquo;IMM que le patient gu\u00e9rirait avec un bon r\u00e9sultat, une amplitude de mouvement compl\u00e8te et une certaine atrophie.<\/p>\n<p>Par cons\u00e9quent, nous \u00e9valuons la perte d&rsquo;usage de l&rsquo;\u00e9paule en commen\u00e7ant par la valeur initiale du bon r\u00e9sultat (35 %), puis nous calculons la mesure de l&rsquo;atrophie :<\/p>\n<ul>\n<li>1,5 pouces, c&rsquo;est moins que le c\u00f4t\u00e9 controlat\u00e9ral : ajoutez 5 % d&rsquo;atrophie au bon r\u00e9sultat pour une valeur globale de perte d&rsquo;usage de l&rsquo;\u00e9paule de 40 %.\n<p>&nbsp;<\/li>\n<li>Plus de 2,5 pouces par rapport au c\u00f4t\u00e9 controlat\u00e9ral : ajouter 10% pour l&rsquo;atrophie au bon r\u00e9sultat pour une valeur globale de perte d&rsquo;usage de l&rsquo;\u00e9paule de 45%.<\/li>\n<\/ul>\n<h3>Amputation de l&rsquo;\u00e9paule<\/h3>\n<p>Pour une amputation entre l&rsquo;\u00e9paule et le coude, nous appliquons une perte de 100 % de l&rsquo;usage du bras.<\/p>\n<p>Pour plus d&rsquo;informations, veuillez consulter le site web de la commission des accidents du travail de votre \u00c9tat ou vous adresser \u00e0 votre avocat sp\u00e9cialis\u00e9 dans les accidents du travail.<\/p>\n","protected":false},"excerpt":{"rendered":"<p>Nous utilisons ces lignes directrices si vous avez subi un accident du travail et que vous vous interrogez sur l&rsquo;effet de la \u00ab\u00a0perte d&rsquo;usage programm\u00e9e\u00a0\u00bb (SLU) sur votre \u00e9paule. Vous pourriez avoir droit \u00e0 une indemnit\u00e9 d\u00e9termin\u00e9e par les r\u00e8glements de la Commission des accidents du travail. Notre rapport SLU conclura que vous avez perdu [&hellip;]<\/p>\n","protected":false},"author":15,"featured_media":0,"parent":17774,"menu_order":0,"comment_status":"closed","ping_status":"closed","template":"","meta":{"_et_pb_use_builder":"","_et_pb_old_content":"","_et_gb_content_width":"","footnotes":""},"class_list":["post-17799","page","type-page","status-publish","hentry"],"yoast_head":"<!-- This site is optimized with the Yoast SEO plugin v27.2 - https:\/\/yoast.com\/product\/yoast-seo-wordpress\/ -->\n<title>Extr\u00e9mit\u00e9s sup\u00e9rieures - \u00c9paule | Best Hip &amp; Knee Surgeon | NY, USA<\/title>\n<meta name=\"description\" content=\"Nous utilisons ces lignes directrices si vous avez subi un accident du travail et que vous vous interrogez sur l&#039;effet de la &quot;perte d&#039;usage programm\u00e9e&quot;\" \/>\n<meta name=\"robots\" content=\"index, follow, max-snippet:-1, max-image-preview:large, max-video-preview:-1\" \/>\n<link rel=\"canonical\" href=\"https:\/\/www.newyorkhipknee.com\/fr\/indemnisation-des-travailleurs\/perte-dusage-programmee\/extremites-superieures-epaule\/\" \/>\n<meta property=\"og:locale\" content=\"fr_FR\" \/>\n<meta property=\"og:type\" content=\"article\" \/>\n<meta property=\"og:title\" content=\"Extr\u00e9mit\u00e9s sup\u00e9rieures - \u00c9paule | Best Hip &amp; Knee Surgeon | NY, USA\" \/>\n<meta property=\"og:description\" content=\"Nous utilisons ces lignes directrices si vous avez subi un accident du travail et que vous vous interrogez sur l&#039;effet de la &quot;perte d&#039;usage programm\u00e9e&quot;\" \/>\n<meta property=\"og:url\" content=\"https:\/\/www.newyorkhipknee.com\/fr\/indemnisation-des-travailleurs\/perte-dusage-programmee\/extremites-superieures-epaule\/\" \/>\n<meta property=\"og:site_name\" content=\"Best Hip &amp; Knee Surgeon | NY, USA\" \/>\n<meta property=\"og:image\" content=\"https:\/\/newyorkhipknee.com\/wp-content\/uploads\/2022\/10\/image3-2.jpg\" \/>\n<meta name=\"twitter:card\" content=\"summary_large_image\" \/>\n<meta name=\"twitter:label1\" content=\"Dur\u00e9e de lecture estim\u00e9e\" \/>\n\t<meta name=\"twitter:data1\" content=\"9 minutes\" \/>\n<script type=\"application\/ld+json\" class=\"yoast-schema-graph\">{\"@context\":\"https:\/\/schema.org\",\"@graph\":[{\"@type\":[\"WebPage\",\"MedicalWebPage\"],\"@id\":\"https:\/\/www.newyorkhipknee.com\/fr\/indemnisation-des-travailleurs\/perte-dusage-programmee\/extremites-superieures-epaule\/\",\"url\":\"https:\/\/www.newyorkhipknee.com\/fr\/indemnisation-des-travailleurs\/perte-dusage-programmee\/extremites-superieures-epaule\/\",\"name\":\"Extr\u00e9mit\u00e9s sup\u00e9rieures - \u00c9paule | Best Hip &amp; Knee Surgeon | NY, USA\",\"isPartOf\":{\"@id\":\"https:\/\/www.newyorkhipknee.com\/fr\/#website\"},\"primaryImageOfPage\":{\"@id\":\"https:\/\/www.newyorkhipknee.com\/fr\/indemnisation-des-travailleurs\/perte-dusage-programmee\/extremites-superieures-epaule\/#primaryimage\"},\"image\":{\"@id\":\"https:\/\/www.newyorkhipknee.com\/fr\/indemnisation-des-travailleurs\/perte-dusage-programmee\/extremites-superieures-epaule\/#primaryimage\"},\"thumbnailUrl\":\"https:\/\/newyorkhipknee.com\/wp-content\/uploads\/2022\/10\/image3-2.jpg\",\"datePublished\":\"2022-10-14T06:00:00+00:00\",\"description\":\"Nous utilisons ces lignes directrices si vous avez subi un accident du travail et que vous vous interrogez sur l'effet de la \\\"perte d'usage programm\u00e9e\\\"\",\"breadcrumb\":{\"@id\":\"https:\/\/www.newyorkhipknee.com\/fr\/indemnisation-des-travailleurs\/perte-dusage-programmee\/extremites-superieures-epaule\/#breadcrumb\"},\"inLanguage\":\"fr-FR\",\"potentialAction\":[{\"@type\":\"ReadAction\",\"target\":[\"https:\/\/www.newyorkhipknee.com\/fr\/indemnisation-des-travailleurs\/perte-dusage-programmee\/extremites-superieures-epaule\/\"]}]},{\"@type\":\"ImageObject\",\"inLanguage\":\"fr-FR\",\"@id\":\"https:\/\/www.newyorkhipknee.com\/fr\/indemnisation-des-travailleurs\/perte-dusage-programmee\/extremites-superieures-epaule\/#primaryimage\",\"url\":\"https:\/\/newyorkhipknee.com\/wp-content\/uploads\/2022\/10\/image3-2.jpg\",\"contentUrl\":\"https:\/\/newyorkhipknee.com\/wp-content\/uploads\/2022\/10\/image3-2.jpg\"},{\"@type\":\"BreadcrumbList\",\"@id\":\"https:\/\/www.newyorkhipknee.com\/fr\/indemnisation-des-travailleurs\/perte-dusage-programmee\/extremites-superieures-epaule\/#breadcrumb\",\"itemListElement\":[{\"@type\":\"ListItem\",\"position\":1,\"name\":\"Home\",\"item\":\"https:\/\/www.newyorkhipknee.com\/fr\/\"},{\"@type\":\"ListItem\",\"position\":2,\"name\":\"Indemnisation des travailleurs\",\"item\":\"https:\/\/www.newyorkhipknee.com\/fr\/indemnisation-des-travailleurs\/\"},{\"@type\":\"ListItem\",\"position\":3,\"name\":\"Perte d&rsquo;usage programm\u00e9e\",\"item\":\"https:\/\/www.newyorkhipknee.com\/fr\/indemnisation-des-travailleurs\/perte-dusage-programmee\/\"},{\"@type\":\"ListItem\",\"position\":4,\"name\":\"Extr\u00e9mit\u00e9s sup\u00e9rieures &#8211; \u00c9paule\"}]},{\"@type\":\"WebSite\",\"@id\":\"https:\/\/www.newyorkhipknee.com\/fr\/#website\",\"url\":\"https:\/\/www.newyorkhipknee.com\/fr\/\",\"name\":\"Best Hip & Knee Surgeon | NY, USA\",\"description\":\"\",\"potentialAction\":[{\"@type\":\"SearchAction\",\"target\":{\"@type\":\"EntryPoint\",\"urlTemplate\":\"https:\/\/www.newyorkhipknee.com\/fr\/?s={search_term_string}\"},\"query-input\":{\"@type\":\"PropertyValueSpecification\",\"valueRequired\":true,\"valueName\":\"search_term_string\"}}],\"inLanguage\":\"fr-FR\"}]}<\/script>\n<!-- \/ Yoast SEO plugin. -->","yoast_head_json":{"title":"Extr\u00e9mit\u00e9s sup\u00e9rieures - \u00c9paule | Best Hip &amp; Knee Surgeon | NY, USA","description":"Nous utilisons ces lignes directrices si vous avez subi un accident du travail et que vous vous interrogez sur l'effet de la \"perte d'usage programm\u00e9e\"","robots":{"index":"index","follow":"follow","max-snippet":"max-snippet:-1","max-image-preview":"max-image-preview:large","max-video-preview":"max-video-preview:-1"},"canonical":"https:\/\/www.newyorkhipknee.com\/fr\/indemnisation-des-travailleurs\/perte-dusage-programmee\/extremites-superieures-epaule\/","og_locale":"fr_FR","og_type":"article","og_title":"Extr\u00e9mit\u00e9s sup\u00e9rieures - \u00c9paule | Best Hip &amp; Knee Surgeon | NY, USA","og_description":"Nous utilisons ces lignes directrices si vous avez subi un accident du travail et que vous vous interrogez sur l'effet de la \"perte d'usage programm\u00e9e\"","og_url":"https:\/\/www.newyorkhipknee.com\/fr\/indemnisation-des-travailleurs\/perte-dusage-programmee\/extremites-superieures-epaule\/","og_site_name":"Best Hip &amp; Knee Surgeon | NY, USA","og_image":[{"url":"https:\/\/newyorkhipknee.com\/wp-content\/uploads\/2022\/10\/image3-2.jpg","type":"","width":"","height":""}],"twitter_card":"summary_large_image","twitter_misc":{"Dur\u00e9e de lecture estim\u00e9e":"9 minutes"},"schema":{"@context":"https:\/\/schema.org","@graph":[{"@type":["WebPage","MedicalWebPage"],"@id":"https:\/\/www.newyorkhipknee.com\/fr\/indemnisation-des-travailleurs\/perte-dusage-programmee\/extremites-superieures-epaule\/","url":"https:\/\/www.newyorkhipknee.com\/fr\/indemnisation-des-travailleurs\/perte-dusage-programmee\/extremites-superieures-epaule\/","name":"Extr\u00e9mit\u00e9s sup\u00e9rieures - \u00c9paule | Best Hip &amp; Knee Surgeon | NY, USA","isPartOf":{"@id":"https:\/\/www.newyorkhipknee.com\/fr\/#website"},"primaryImageOfPage":{"@id":"https:\/\/www.newyorkhipknee.com\/fr\/indemnisation-des-travailleurs\/perte-dusage-programmee\/extremites-superieures-epaule\/#primaryimage"},"image":{"@id":"https:\/\/www.newyorkhipknee.com\/fr\/indemnisation-des-travailleurs\/perte-dusage-programmee\/extremites-superieures-epaule\/#primaryimage"},"thumbnailUrl":"https:\/\/newyorkhipknee.com\/wp-content\/uploads\/2022\/10\/image3-2.jpg","datePublished":"2022-10-14T06:00:00+00:00","description":"Nous utilisons ces lignes directrices si vous avez subi un accident du travail et que vous vous interrogez sur l'effet de la \"perte d'usage programm\u00e9e\"","breadcrumb":{"@id":"https:\/\/www.newyorkhipknee.com\/fr\/indemnisation-des-travailleurs\/perte-dusage-programmee\/extremites-superieures-epaule\/#breadcrumb"},"inLanguage":"fr-FR","potentialAction":[{"@type":"ReadAction","target":["https:\/\/www.newyorkhipknee.com\/fr\/indemnisation-des-travailleurs\/perte-dusage-programmee\/extremites-superieures-epaule\/"]}]},{"@type":"ImageObject","inLanguage":"fr-FR","@id":"https:\/\/www.newyorkhipknee.com\/fr\/indemnisation-des-travailleurs\/perte-dusage-programmee\/extremites-superieures-epaule\/#primaryimage","url":"https:\/\/newyorkhipknee.com\/wp-content\/uploads\/2022\/10\/image3-2.jpg","contentUrl":"https:\/\/newyorkhipknee.com\/wp-content\/uploads\/2022\/10\/image3-2.jpg"},{"@type":"BreadcrumbList","@id":"https:\/\/www.newyorkhipknee.com\/fr\/indemnisation-des-travailleurs\/perte-dusage-programmee\/extremites-superieures-epaule\/#breadcrumb","itemListElement":[{"@type":"ListItem","position":1,"name":"Home","item":"https:\/\/www.newyorkhipknee.com\/fr\/"},{"@type":"ListItem","position":2,"name":"Indemnisation des travailleurs","item":"https:\/\/www.newyorkhipknee.com\/fr\/indemnisation-des-travailleurs\/"},{"@type":"ListItem","position":3,"name":"Perte d&rsquo;usage programm\u00e9e","item":"https:\/\/www.newyorkhipknee.com\/fr\/indemnisation-des-travailleurs\/perte-dusage-programmee\/"},{"@type":"ListItem","position":4,"name":"Extr\u00e9mit\u00e9s sup\u00e9rieures &#8211; \u00c9paule"}]},{"@type":"WebSite","@id":"https:\/\/www.newyorkhipknee.com\/fr\/#website","url":"https:\/\/www.newyorkhipknee.com\/fr\/","name":"Best Hip & Knee Surgeon | NY, USA","description":"","potentialAction":[{"@type":"SearchAction","target":{"@type":"EntryPoint","urlTemplate":"https:\/\/www.newyorkhipknee.com\/fr\/?s={search_term_string}"},"query-input":{"@type":"PropertyValueSpecification","valueRequired":true,"valueName":"search_term_string"}}],"inLanguage":"fr-FR"}]}},"_links":{"self":[{"href":"https:\/\/www.newyorkhipknee.com\/fr\/wp-json\/wp\/v2\/pages\/17799","targetHints":{"allow":["GET"]}}],"collection":[{"href":"https:\/\/www.newyorkhipknee.com\/fr\/wp-json\/wp\/v2\/pages"}],"about":[{"href":"https:\/\/www.newyorkhipknee.com\/fr\/wp-json\/wp\/v2\/types\/page"}],"author":[{"embeddable":true,"href":"https:\/\/www.newyorkhipknee.com\/fr\/wp-json\/wp\/v2\/users\/15"}],"replies":[{"embeddable":true,"href":"https:\/\/www.newyorkhipknee.com\/fr\/wp-json\/wp\/v2\/comments?post=17799"}],"version-history":[{"count":0,"href":"https:\/\/www.newyorkhipknee.com\/fr\/wp-json\/wp\/v2\/pages\/17799\/revisions"}],"up":[{"embeddable":true,"href":"https:\/\/www.newyorkhipknee.com\/fr\/wp-json\/wp\/v2\/pages\/17774"}],"wp:attachment":[{"href":"https:\/\/www.newyorkhipknee.com\/fr\/wp-json\/wp\/v2\/media?parent=17799"}],"curies":[{"name":"wp","href":"https:\/\/api.w.org\/{rel}","templated":true}]}}