{"id":20807,"date":"2023-11-14T16:15:36","date_gmt":"2023-11-14T21:15:36","guid":{"rendered":"https:\/\/newyorkhipknee.com\/contact\/riverhead-meilleur-chirurgien-pour-larthroplastie-du-genou-et-de-la-hanche\/wainscott-ny\/"},"modified":"2023-11-14T16:15:36","modified_gmt":"2023-11-14T21:15:36","slug":"wainscott-ny","status":"publish","type":"page","link":"https:\/\/www.newyorkhipknee.com\/fr\/contact\/riverhead-meilleur-chirurgien-pour-larthroplastie-du-genou-et-de-la-hanche\/wainscott-ny\/","title":{"rendered":"Wainscott, NY"},"content":{"rendered":"<h1><strong>Dr. Nakul Karkare Orthopedic Excellence : Votre partenaire de confiance pour les soins orthop\u00e9diques \u00e0 Wainscott, NY<\/strong><\/h1>\n<p>Bienvenue chez Dr Karkare Orthopedic Excellence, o\u00f9 nous sommes fiers d&rsquo;\u00eatre votre premier fournisseur de soins orthop\u00e9diques, offrant nos services exceptionnels aux r\u00e9sidents de Wainscott, NY.<\/p>\n<p>Bien que notre \u00e9tablissement principal soit situ\u00e9 \u00e0 <a href=\"https:\/\/newyorkhipknee.com\/contact\/riverhead-orthopedic-surgeon\/about-riverhead-ny\/\" target=\"_blank\" rel=\"noopener\">Riverhead<\/a>, NY, notre engagement \u00e0 fournir des soins orthop\u00e9diques de haute qualit\u00e9 \u00e0 la communaut\u00e9 de Wainscott reste in\u00e9branlable.<\/p>\n<p>Le docteur Nakul Karkare donnera toujours la priorit\u00e9 \u00e0 votre bien-\u00eatre orthop\u00e9dique, et notre mission est d&rsquo;\u00eatre votre partenaire de confiance pour am\u00e9liorer votre mobilit\u00e9, r\u00e9duire la douleur et am\u00e9liorer votre qualit\u00e9 de vie.<\/p>\n<h2>Voici pourquoi vous devriez consid\u00e9rer le Dr Nakul Karkare Orthopedic Excellence :<\/h2>\n<p><strong>Des soins orthop\u00e9diques de qualit\u00e9 :<\/strong> Notre \u00e9quipe est compos\u00e9e de sp\u00e9cialistes en orthop\u00e9die hautement qualifi\u00e9s qui s&rsquo;attachent \u00e0 fournir des soins de la plus haute qualit\u00e9. Gr\u00e2ce \u00e0 leurs connaissances approfondies et \u00e0 leur expertise, nous pouvons diagnostiquer et traiter efficacement un large \u00e9ventail d&rsquo;affections orthop\u00e9diques.<\/p>\n<p><strong>Traitement personnalis\u00e9 :<\/strong> Nous savons que chaque patient est unique et nos plans de traitement sont m\u00e9ticuleusement adapt\u00e9s \u00e0 vos besoins et aspirations sp\u00e9cifiques. Votre chemin vers la gu\u00e9rison est aussi individuel que vous l&rsquo;\u00eates.<\/p>\n<p><strong>Un acc\u00e8s pratique :<\/strong> Bien que notre \u00e9tablissement principal soit situ\u00e9 \u00e0 Riverhead, notre engagement envers la communaut\u00e9 de Wainscott garantit que d&rsquo;excellents soins orthop\u00e9diques ne sont jamais tr\u00e8s loin. Nous croyons fermement que tout le monde devrait avoir acc\u00e8s \u00e0 des services orthop\u00e9diques de premier ordre.<\/p>\n<p>Votre sant\u00e9 orthop\u00e9dique et votre bien-\u00eatre g\u00e9n\u00e9ral sont au c\u0153ur de nos pr\u00e9occupations. Que vous souffriez de douleurs articulaires, de blessures li\u00e9es au sport, de fractures ou de tout autre probl\u00e8me orthop\u00e9dique, nous sommes l\u00e0 pour vous aider \u00e0 mener une vie plus \u00e9panouie.<\/p>\n<p>Si vous recherchez des soins orthop\u00e9diques \u00e0 Wainscott, n&rsquo;h\u00e9sitez pas \u00e0 nous contacter. Nous sommes impatients de devenir votre partenaire sur le chemin d&rsquo;une vie plus saine et plus active.<\/p>\n<p><strong>\u00c0 propos du Dr Nakul Karkare :<\/strong> Le Dr Nakul Karkare est un chirurgien orthop\u00e9dique certifi\u00e9 par le conseil d&rsquo;administration qui poss\u00e8de une grande exp\u00e9rience et une grande expertise dans la fourniture de soins orthop\u00e9diques exceptionnels.<\/p>\n<p>Titulaire de nombreuses certifications et adepte des techniques chirurgicales avanc\u00e9es, le docteur Karkare s&rsquo;engage \u00e0 ce que les patients re\u00e7oivent des soins de la plus haute qualit\u00e9, adapt\u00e9s \u00e0 leurs besoins particuliers.<\/p>\n<p>Son approche centr\u00e9e sur le patient et ses solutions innovantes sont \u00e0 la pointe de l&rsquo;excellence orthop\u00e9dique, ce qui fait de lui un nom de confiance dans le domaine. Lorsque vous choisissez l&rsquo;Excellence Orthop\u00e9dique, vous choisissez les conseils experts et les soins personnalis\u00e9s du Dr Karkare pour vous aider \u00e0 atteindre une sant\u00e9 et un bien-\u00eatre orthop\u00e9diques optimaux.<\/p>\n<p>&nbsp;<\/p>\n<h2>Nous sommes heureux de proposer ces services orthop\u00e9diques complets \u00e0 Wainscott, NY :<\/h2>\n<h2><a role=\"link\" href=\"https:\/\/www.cortho.org\/hip\/total-hip-replacement\/\" target=\"_blank\" rel=\"noopener\"><strong>1. Chirurgie de remplacement de la hanche :<\/strong><\/a><\/h2>\n<p><strong>Objectif<\/strong>: L&rsquo;arthroplastie de la hanche est recommand\u00e9e pour les personnes dont l&rsquo;articulation de la hanche est endommag\u00e9e par des maladies telles que l&rsquo;arthrose, la polyarthrite rhumato\u00efde ou des fractures. L&rsquo;objectif est de soulager la douleur, de r\u00e9tablir la mobilit\u00e9 et d&rsquo;am\u00e9liorer la qualit\u00e9 de vie en g\u00e9n\u00e9ral.<\/p>\n<p><strong>Proc\u00e9dure<\/strong>: Il existe deux principaux types de proth\u00e8ses de hanche : la proth\u00e8se totale de hanche (PTH) et la proth\u00e8se partielle de hanche (h\u00e9miarthroplastie). La THR consiste \u00e0 remplacer \u00e0 la fois la rotule et la cavit\u00e9 de l&rsquo;articulation de la hanche, tandis que l&rsquo;h\u00e9miarthroplastie ne remplace que la rotule.<\/p>\n<p><strong>Implants<\/strong>: Les composants de l&rsquo;articulation artificielle de la hanche sont g\u00e9n\u00e9ralement fabriqu\u00e9s \u00e0 partir de mat\u00e9riaux tels que le m\u00e9tal, le plastique ou la c\u00e9ramique, choisis en fonction de l&rsquo;\u00e2ge du patient, de son niveau d&rsquo;activit\u00e9 et de ses besoins sp\u00e9cifiques.<\/p>\n<p><strong>R\u00e9cup\u00e9ration<\/strong>: Apr\u00e8s l&rsquo;op\u00e9ration, les patients suivent une th\u00e9rapie physique pour retrouver leur force et leur mobilit\u00e9, ce qui permet de r\u00e9duire la douleur et d&rsquo;am\u00e9liorer le fonctionnement de la hanche.<\/p>\n<p>&nbsp;<\/p>\n<h2><a role=\"link\" href=\"https:\/\/www.cortho.org\/knee\/custom-knee-replacement\/\" target=\"_blank\" rel=\"noopener\"><strong>2. Remplacement du genou sur mesure :<\/strong><\/a><\/h2>\n<p><strong>Objectif<\/strong>: L&rsquo;arthroplastie du genou sur mesure offre une approche personnalis\u00e9e de l&rsquo;arthroplastie du genou, adapt\u00e9e aux personnes souffrant de douleurs s\u00e9v\u00e8res au genou ou de l\u00e9sions articulaires ne r\u00e9pondant pas aux traitements conservateurs.<\/p>\n<p><strong>Proc\u00e9dure<\/strong>: L&rsquo;imagerie avanc\u00e9e et la mod\u00e9lisation informatique \u00e9valuent l&rsquo;anatomie du genou du patient avant l&rsquo;op\u00e9ration, ce qui permet de concevoir un implant de genou sur mesure, adapt\u00e9 \u00e0 l&rsquo;anatomie unique du patient.<\/p>\n<p><strong>Avantages<\/strong>: Les proth\u00e8ses de genou sur mesure permettent souvent d&rsquo;am\u00e9liorer l&rsquo;alignement et la stabilit\u00e9 et de r\u00e9duire la douleur par rapport aux proth\u00e8ses de genou standard.<\/p>\n<p><strong>R\u00e9tablissement<\/strong>: Le processus de gu\u00e9rison comprend une th\u00e9rapie physique pour retrouver la force et l&rsquo;amplitude des mouvements du genou, ce qui se traduit g\u00e9n\u00e9ralement par une r\u00e9duction de la douleur et une am\u00e9lioration de la fonction du genou.<\/p>\n<p>&nbsp;<\/p>\n<h1>\u00c0 propos de Wainscott<\/h1>\n<p>&nbsp;<\/p>\n<p>Wainscott, NY est un lieu d\u00e9sign\u00e9 par le recensement (CDP) qui correspond approximativement au hameau du m\u00eame nom dans la ville d&rsquo;East Hampton dans le comt\u00e9 de Suffolk, New York, \u00c9tats-Unis, sur la fourche sud de Long Island. Lors du recensement des \u00c9tats-Unis de 2010, la population du CDP \u00e9tait de 650 habitants. Le CDP a \u00e9t\u00e9 cr\u00e9\u00e9 pour le recensement de 2000. Dans cet article, nous allons explorer l&rsquo;histoire, la culture et le tourisme de Wainscott, NY.<\/p>\n<p>&nbsp;<\/p>\n<p><strong>Histoire de Wainscott, NY<\/strong><\/p>\n<p>Le village historique de Wainscott (Main Street) conserve le charme et le caract\u00e8re de son implantation d&rsquo;origine au XIXe si\u00e8cle, avec des b\u00e2timents historiques. La ville a \u00e9t\u00e9 fond\u00e9e au XVIIe si\u00e8cle par des colons anglais et a \u00e9t\u00e9 nomm\u00e9e d&rsquo;apr\u00e8s Wainscott, dans le Kent, en Angleterre. La ville \u00e9tait principalement une communaut\u00e9 agricole jusqu&rsquo;\u00e0 la fin du XIXe si\u00e8cle, \u00e9poque \u00e0 laquelle elle est devenue une destination de vill\u00e9giature estivale populaire pour les riches New-Yorkais.<\/p>\n<p>Au cours du XXe si\u00e8cle, Wainscott est devenu une destination populaire pour les artistes et les \u00e9crivains, notamment Jackson Pollock et Willem de Kooning. Aujourd&rsquo;hui, la ville est une communaut\u00e9 prosp\u00e8re avec une histoire riche et une culture dynamique.<\/p>\n<p>&nbsp;<\/p>\n<p><strong>Culture de Wainscott, NY<\/strong><\/p>\n<p>Wainscott, NY a une histoire culturelle riche, et la ville a accueilli un certain nombre d&rsquo;artistes et d&rsquo;\u00e9crivains de renomm\u00e9e mondiale au fil des ans. La ville abrite \u00e9galement un certain nombre de mus\u00e9es et d&rsquo;institutions culturelles, dont le Pollock-Krasner House and Study Center, qui conserve une vaste collection d&rsquo;objets et d&rsquo;images li\u00e9s \u00e0 l&rsquo;histoire de Wainscott.<\/p>\n<p>La ville est \u00e9galement connue pour son patrimoine agricole et abrite un certain nombre de fermes et de vignobles. Les visiteurs peuvent visiter les vignobles locaux et d\u00e9guster certains des meilleurs vins de la r\u00e9gion.<\/p>\n<p><strong>Tourisme \u00e0 Wainscott, NY<\/strong><\/p>\n<p>Wainscott, NY est une destination touristique populaire, en partie gr\u00e2ce \u00e0 ses belles plages, ses charmants villages et son riche patrimoine culturel. La ville abrite un certain nombre d&rsquo;attractions qui attirent des visiteurs du monde entier.<\/p>\n<p>L&rsquo;une des attractions les plus populaires de Wainscott est le parc d&rsquo;\u00c9tat de Wainscott Beach, qui offre une vue imprenable sur l&rsquo;oc\u00e9an Atlantique. Les visiteurs peuvent se baigner, prendre des bains de soleil et pratiquer divers sports nautiques sur les plages de la ville.<\/p>\n<p>Une autre attraction populaire de Wainscott est le Pollock-Krasner House and Study Center, consacr\u00e9 \u00e0 la vie et \u00e0 l&rsquo;\u0153uvre de Jackson Pollock et Lee Krasner. Les visiteurs peuvent faire une visite de la maison et de l&rsquo;atelier et d\u00e9couvrir la vie et l&rsquo;\u0153uvre des artistes.<\/p>\n<p>Wainscott abrite \u00e9galement un certain nombre de beaux parcs et de r\u00e9serves naturelles, notamment la r\u00e9serve de Wainscott Woods, qui offre des sentiers de randonn\u00e9e et des possibilit\u00e9s d&rsquo;observation des oiseaux. Les visiteurs peuvent explorer la beaut\u00e9 naturelle de la ville et profiter de la paix et de la tranquillit\u00e9 des grands espaces.<\/p>\n<p>Wainscott, dans l&rsquo;\u00c9tat de New York, est une ville \u00e0 l&rsquo;histoire riche, \u00e0 la culture dynamique et \u00e0 l&rsquo;industrie touristique florissante. Les visiteurs de la ville peuvent d\u00e9couvrir ses mus\u00e9es et ses institutions culturelles, d\u00e9guster ses vins et profiter de ses belles plages. Que vous soyez f\u00e9ru d&rsquo;histoire, amateur de vin ou adepte de la plage, Wainscott a quelque chose \u00e0 offrir \u00e0 chacun.<\/p>\n<p>&nbsp;<\/p>\n<h2>Directions<\/h2>\n<p>Voici l&rsquo;itin\u00e9raire \u00e0 suivre pour se rendre de Wainscott, NY \u00e0 Complete Orthopedics au 887 Old Country Rd. SUITE A, Riverhead, NY 11901 :<\/p>\n<p>1. Prendre la direction est sur Montauk Hwy vers Sayre&rsquo;s Path.<br \/>\n2. Tourner \u00e0 gauche sur Sayre&rsquo;s Path.<br \/>\n3. Tourner \u00e0 droite sur Wainscott Northwest Rd.<br \/>\n4. Tourner \u00e0 gauche sur NY-27 W.<br \/>\n5. Prendre la sortie 70 vers Manorville\/Riverhead.<br \/>\n6. Prendre la County Rd 111.<br \/>\n7. Tourner \u00e0 droite sur Old Country Rd.<br \/>\n8. Complete Orthopedics se trouve sur la gauche au 887 Old Country Rd. SUITE A.<\/p>\n<p>La distance totale en voiture est d&rsquo;environ 23 miles et devrait prendre environ 35 minutes, en fonction du trafic.<\/p>\n<p>&nbsp;<\/p>\n<h2>Soins de sant\u00e9 pr\u00e8s de Wainscott<\/h2>\n<p>&nbsp;<\/p>\n<p><strong>Pharmacies :<\/strong><br \/>\n1. CVS Pharmacy &#8211; 111 Main St, East Hampton, NY 11937<br \/>\n2. Walgreens Pharmacy &#8211; 20 Hampton Rd, Southampton, NY 11968<br \/>\n3. Rite Aid &#8211; 655 Old Country Rd, Riverhead, NY 11901<\/p>\n<p><strong>Centres de radiologie :<\/strong><br \/>\n1. East End Radiology &#8211; 1333 Roanoke Ave, Riverhead, NY 11901<br \/>\n2. Peconic Bay Medical Center Radiology &#8211; 1300 Roanoke Ave, Riverhead, NY 11901<br \/>\n3. Laboratoire et radiologie de l&rsquo;h\u00f4pital Stony Brook Southampton &#8211; 240 Meeting House Ln, Southampton, NY 11968<\/p>\n<p><strong>Centres de soins d&rsquo;urgence :<\/strong><br \/>\n1. STAT Health Urgent Care &#8211; 365 County Rd 39A, Southampton, NY 11968<br \/>\n2. ProHEALTH Urgent Care &#8211; 1149 Old Country Rd, Riverhead, NY 11901<br \/>\n3. CityMD East Hampton Urgent Care &#8211; 350 Montauk Hwy, Wainscott, NY 11975<\/p>\n<p><strong>H\u00f4pitaux<\/strong>:<br \/>\n1. H\u00f4pital Stony Brook Southampton &#8211; 240 Meeting House Ln, Southampton, NY 11968<br \/>\n2. Peconic Bay Medical Center &#8211; 1300 Roanoke Ave, Riverhead, NY 11901<br \/>\n3. NYU Langone Health &#8211; 160 W 26th St, New York, NY 10001<\/p>\n<p>Notez que certains centres de radiologie et centres de soins urgents sont situ\u00e9s \u00e0 Riverhead et Southampton, qui se trouvent \u00e0 environ 20 miles de Wainscott.<\/p>\n<div class=\"Hhmu2e wDYxhc NFQFxe viOShc LKPcQc\" lang=\"en-US\" data-md=\"16\" data-hveid=\"CAoQAA\" data-ved=\"2ahUKEwibg7-Ti9-BAxVrGTQIHdl4C9oQhyh6BAgKEAA\">\n<div class=\"Ftghae iirjIb DaSCDf GUV4E\">\n<p>Veuillez noter que ces emplacements sont approximatifs et qu&rsquo;il est conseill\u00e9 de consulter leurs sites web respectifs ou de les contacter directement pour obtenir les informations les plus r\u00e9centes et conna\u00eetre les services qu&rsquo;ils proposent.<\/p>\n<\/div>\n<\/div>\n<div lang=\"en-US\" data-attrid=\"kc:\/location\/location:hours\" data-md=\"1005\" data-hveid=\"CBkQAA\" data-ved=\"2ahUKEwibg7-Ti9-BAxVrGTQIHdl4C9oQkCl6BAgZEAA\"><\/div>\n<div class=\"wDYxhc\" lang=\"en-US\" data-attrid=\"kc:\/local:lu attribute list\" data-md=\"205\" data-hveid=\"CB4QAA\" data-ved=\"2ahUKEwibg7-Ti9-BAxVrGTQIHdl4C9oQ1rkBegQIHhAA\">\n<div class=\"TLYLSe MaBy9\">\n<div class=\"CJQ04\">\n<p>Nous sommes tr\u00e8s fiers de fournir des soins orthop\u00e9diques complets aux patients des diff\u00e9rents \u00e9tablissements de sant\u00e9 de notre communaut\u00e9, y compris ceux mentionn\u00e9s pr\u00e9c\u00e9demment.<\/p>\n<p>Que vous nous adressiez une demande de traitement orthop\u00e9dique ou que vous souhaitiez simplement nous consulter sur un probl\u00e8me orthop\u00e9dique, n&rsquo;h\u00e9sitez pas \u00e0 prendre contact avec notre \u00e9quipe d\u00e9vou\u00e9e, disponible 24 heures sur 24 et 7 jours sur 7. Nous sommes l\u00e0 pour offrir une assistance rapide et compatissante.<\/p>\n<p>De nombreuses personnes se font soigner dans des centres de soins d&rsquo;urgence et des h\u00f4pitaux pour des blessures li\u00e9es \u00e0 l&rsquo;indemnisation des accidents du travail et \u00e0 l&rsquo;assurance sans \u00e9gard \u00e0 la responsabilit\u00e9. Si votre blessure ne n\u00e9cessite pas une visite \u00e0 l&rsquo;h\u00f4pital, nous sommes ravis d&rsquo;offrir des soins orthop\u00e9diques sp\u00e9cialis\u00e9s adapt\u00e9s \u00e0 ce type de situation. N&rsquo;h\u00e9sitez pas \u00e0 nous contacter au 631-981-2663 pour prendre rendez-vous avec nous d\u00e8s aujourd&rsquo;hui. Votre bien-\u00eatre est notre priorit\u00e9 absolue.<\/p>\n<\/div>\n<\/div>\n<\/div>\n<p>&nbsp;<\/p>\n","protected":false},"excerpt":{"rendered":"<p>Dr. Nakul Karkare Orthopedic Excellence : Votre partenaire de confiance pour les soins orthop\u00e9diques \u00e0 Wainscott, NY Bienvenue chez Dr Karkare Orthopedic Excellence, o\u00f9 nous sommes fiers d&rsquo;\u00eatre votre premier fournisseur de soins orthop\u00e9diques, offrant nos services exceptionnels aux r\u00e9sidents de Wainscott, NY. Bien que notre \u00e9tablissement principal soit situ\u00e9 \u00e0 Riverhead, NY, notre engagement [&hellip;]<\/p>\n","protected":false},"author":33,"featured_media":0,"parent":17604,"menu_order":0,"comment_status":"closed","ping_status":"closed","template":"","meta":{"_et_pb_use_builder":"","_et_pb_old_content":"","_et_gb_content_width":"","footnotes":""},"class_list":["post-20807","page","type-page","status-publish","hentry"],"yoast_head":"<!-- This site is optimized with the Yoast SEO plugin v27.2 - https:\/\/yoast.com\/product\/yoast-seo-wordpress\/ -->\n<title>Wainscott, NY | Best Hip &amp; Knee Surgeon | NY, USA<\/title>\n<meta name=\"description\" content=\"Dr. Nakul Karkare Orthopedic Excellence : Votre partenaire de confiance pour les soins orthop\u00e9diques \u00e0 Wainscott, NY Bienvenue chez Dr Karkare Orthopedic\" \/>\n<meta name=\"robots\" content=\"index, follow, max-snippet:-1, max-image-preview:large, max-video-preview:-1\" \/>\n<link rel=\"canonical\" href=\"https:\/\/www.newyorkhipknee.com\/fr\/contact\/riverhead-meilleur-chirurgien-pour-larthroplastie-du-genou-et-de-la-hanche\/wainscott-ny\/\" \/>\n<meta property=\"og:locale\" content=\"fr_FR\" \/>\n<meta property=\"og:type\" content=\"article\" \/>\n<meta property=\"og:title\" content=\"Wainscott, NY | Best Hip &amp; Knee Surgeon | NY, USA\" \/>\n<meta property=\"og:description\" content=\"Dr. Nakul Karkare Orthopedic Excellence : Votre partenaire de confiance pour les soins orthop\u00e9diques \u00e0 Wainscott, NY Bienvenue chez Dr Karkare Orthopedic\" \/>\n<meta property=\"og:url\" content=\"https:\/\/www.newyorkhipknee.com\/fr\/contact\/riverhead-meilleur-chirurgien-pour-larthroplastie-du-genou-et-de-la-hanche\/wainscott-ny\/\" \/>\n<meta property=\"og:site_name\" content=\"Best Hip &amp; Knee Surgeon | NY, USA\" \/>\n<meta name=\"twitter:card\" content=\"summary_large_image\" \/>\n<meta name=\"twitter:label1\" content=\"Dur\u00e9e de lecture estim\u00e9e\" \/>\n\t<meta name=\"twitter:data1\" content=\"9 minutes\" \/>\n<script type=\"application\/ld+json\" class=\"yoast-schema-graph\">{\"@context\":\"https:\/\/schema.org\",\"@graph\":[{\"@type\":[\"WebPage\",\"MedicalWebPage\"],\"@id\":\"https:\/\/www.newyorkhipknee.com\/fr\/contact\/riverhead-meilleur-chirurgien-pour-larthroplastie-du-genou-et-de-la-hanche\/wainscott-ny\/\",\"url\":\"https:\/\/www.newyorkhipknee.com\/fr\/contact\/riverhead-meilleur-chirurgien-pour-larthroplastie-du-genou-et-de-la-hanche\/wainscott-ny\/\",\"name\":\"Wainscott, NY | Best Hip &amp; Knee Surgeon | NY, USA\",\"isPartOf\":{\"@id\":\"https:\/\/www.newyorkhipknee.com\/fr\/#website\"},\"datePublished\":\"2023-11-14T21:15:36+00:00\",\"description\":\"Dr. Nakul Karkare Orthopedic Excellence : Votre partenaire de confiance pour les soins orthop\u00e9diques \u00e0 Wainscott, NY Bienvenue chez Dr Karkare Orthopedic\",\"breadcrumb\":{\"@id\":\"https:\/\/www.newyorkhipknee.com\/fr\/contact\/riverhead-meilleur-chirurgien-pour-larthroplastie-du-genou-et-de-la-hanche\/wainscott-ny\/#breadcrumb\"},\"inLanguage\":\"fr-FR\",\"potentialAction\":[{\"@type\":\"ReadAction\",\"target\":[\"https:\/\/www.newyorkhipknee.com\/fr\/contact\/riverhead-meilleur-chirurgien-pour-larthroplastie-du-genou-et-de-la-hanche\/wainscott-ny\/\"]}]},{\"@type\":\"BreadcrumbList\",\"@id\":\"https:\/\/www.newyorkhipknee.com\/fr\/contact\/riverhead-meilleur-chirurgien-pour-larthroplastie-du-genou-et-de-la-hanche\/wainscott-ny\/#breadcrumb\",\"itemListElement\":[{\"@type\":\"ListItem\",\"position\":1,\"name\":\"Home\",\"item\":\"https:\/\/www.newyorkhipknee.com\/fr\/\"},{\"@type\":\"ListItem\",\"position\":2,\"name\":\"CONTACT\",\"item\":\"https:\/\/www.newyorkhipknee.com\/fr\/contact\/\"},{\"@type\":\"ListItem\",\"position\":3,\"name\":\"Riverhead &#8211; Meilleur chirurgien pour l&#8217;arthroplastie du genou et de la hanche\",\"item\":\"https:\/\/www.newyorkhipknee.com\/fr\/contact\/riverhead-meilleur-chirurgien-pour-larthroplastie-du-genou-et-de-la-hanche\/\"},{\"@type\":\"ListItem\",\"position\":4,\"name\":\"Wainscott, NY\"}]},{\"@type\":\"WebSite\",\"@id\":\"https:\/\/www.newyorkhipknee.com\/fr\/#website\",\"url\":\"https:\/\/www.newyorkhipknee.com\/fr\/\",\"name\":\"Best Hip & Knee Surgeon | NY, USA\",\"description\":\"\",\"potentialAction\":[{\"@type\":\"SearchAction\",\"target\":{\"@type\":\"EntryPoint\",\"urlTemplate\":\"https:\/\/www.newyorkhipknee.com\/fr\/?s={search_term_string}\"},\"query-input\":{\"@type\":\"PropertyValueSpecification\",\"valueRequired\":true,\"valueName\":\"search_term_string\"}}],\"inLanguage\":\"fr-FR\"}]}<\/script>\n<!-- \/ Yoast SEO plugin. -->","yoast_head_json":{"title":"Wainscott, NY | Best Hip &amp; Knee Surgeon | NY, USA","description":"Dr. Nakul Karkare Orthopedic Excellence : Votre partenaire de confiance pour les soins orthop\u00e9diques \u00e0 Wainscott, NY Bienvenue chez Dr Karkare Orthopedic","robots":{"index":"index","follow":"follow","max-snippet":"max-snippet:-1","max-image-preview":"max-image-preview:large","max-video-preview":"max-video-preview:-1"},"canonical":"https:\/\/www.newyorkhipknee.com\/fr\/contact\/riverhead-meilleur-chirurgien-pour-larthroplastie-du-genou-et-de-la-hanche\/wainscott-ny\/","og_locale":"fr_FR","og_type":"article","og_title":"Wainscott, NY | Best Hip &amp; Knee Surgeon | NY, USA","og_description":"Dr. Nakul Karkare Orthopedic Excellence : Votre partenaire de confiance pour les soins orthop\u00e9diques \u00e0 Wainscott, NY Bienvenue chez Dr Karkare Orthopedic","og_url":"https:\/\/www.newyorkhipknee.com\/fr\/contact\/riverhead-meilleur-chirurgien-pour-larthroplastie-du-genou-et-de-la-hanche\/wainscott-ny\/","og_site_name":"Best Hip &amp; Knee Surgeon | NY, USA","twitter_card":"summary_large_image","twitter_misc":{"Dur\u00e9e de lecture estim\u00e9e":"9 minutes"},"schema":{"@context":"https:\/\/schema.org","@graph":[{"@type":["WebPage","MedicalWebPage"],"@id":"https:\/\/www.newyorkhipknee.com\/fr\/contact\/riverhead-meilleur-chirurgien-pour-larthroplastie-du-genou-et-de-la-hanche\/wainscott-ny\/","url":"https:\/\/www.newyorkhipknee.com\/fr\/contact\/riverhead-meilleur-chirurgien-pour-larthroplastie-du-genou-et-de-la-hanche\/wainscott-ny\/","name":"Wainscott, NY | Best Hip &amp; Knee Surgeon | NY, USA","isPartOf":{"@id":"https:\/\/www.newyorkhipknee.com\/fr\/#website"},"datePublished":"2023-11-14T21:15:36+00:00","description":"Dr. Nakul Karkare Orthopedic Excellence : Votre partenaire de confiance pour les soins orthop\u00e9diques \u00e0 Wainscott, NY Bienvenue chez Dr Karkare Orthopedic","breadcrumb":{"@id":"https:\/\/www.newyorkhipknee.com\/fr\/contact\/riverhead-meilleur-chirurgien-pour-larthroplastie-du-genou-et-de-la-hanche\/wainscott-ny\/#breadcrumb"},"inLanguage":"fr-FR","potentialAction":[{"@type":"ReadAction","target":["https:\/\/www.newyorkhipknee.com\/fr\/contact\/riverhead-meilleur-chirurgien-pour-larthroplastie-du-genou-et-de-la-hanche\/wainscott-ny\/"]}]},{"@type":"BreadcrumbList","@id":"https:\/\/www.newyorkhipknee.com\/fr\/contact\/riverhead-meilleur-chirurgien-pour-larthroplastie-du-genou-et-de-la-hanche\/wainscott-ny\/#breadcrumb","itemListElement":[{"@type":"ListItem","position":1,"name":"Home","item":"https:\/\/www.newyorkhipknee.com\/fr\/"},{"@type":"ListItem","position":2,"name":"CONTACT","item":"https:\/\/www.newyorkhipknee.com\/fr\/contact\/"},{"@type":"ListItem","position":3,"name":"Riverhead &#8211; Meilleur chirurgien pour l&#8217;arthroplastie du genou et de la hanche","item":"https:\/\/www.newyorkhipknee.com\/fr\/contact\/riverhead-meilleur-chirurgien-pour-larthroplastie-du-genou-et-de-la-hanche\/"},{"@type":"ListItem","position":4,"name":"Wainscott, NY"}]},{"@type":"WebSite","@id":"https:\/\/www.newyorkhipknee.com\/fr\/#website","url":"https:\/\/www.newyorkhipknee.com\/fr\/","name":"Best Hip & Knee Surgeon | NY, USA","description":"","potentialAction":[{"@type":"SearchAction","target":{"@type":"EntryPoint","urlTemplate":"https:\/\/www.newyorkhipknee.com\/fr\/?s={search_term_string}"},"query-input":{"@type":"PropertyValueSpecification","valueRequired":true,"valueName":"search_term_string"}}],"inLanguage":"fr-FR"}]}},"_links":{"self":[{"href":"https:\/\/www.newyorkhipknee.com\/fr\/wp-json\/wp\/v2\/pages\/20807","targetHints":{"allow":["GET"]}}],"collection":[{"href":"https:\/\/www.newyorkhipknee.com\/fr\/wp-json\/wp\/v2\/pages"}],"about":[{"href":"https:\/\/www.newyorkhipknee.com\/fr\/wp-json\/wp\/v2\/types\/page"}],"author":[{"embeddable":true,"href":"https:\/\/www.newyorkhipknee.com\/fr\/wp-json\/wp\/v2\/users\/33"}],"replies":[{"embeddable":true,"href":"https:\/\/www.newyorkhipknee.com\/fr\/wp-json\/wp\/v2\/comments?post=20807"}],"version-history":[{"count":0,"href":"https:\/\/www.newyorkhipknee.com\/fr\/wp-json\/wp\/v2\/pages\/20807\/revisions"}],"up":[{"embeddable":true,"href":"https:\/\/www.newyorkhipknee.com\/fr\/wp-json\/wp\/v2\/pages\/17604"}],"wp:attachment":[{"href":"https:\/\/www.newyorkhipknee.com\/fr\/wp-json\/wp\/v2\/media?parent=20807"}],"curies":[{"name":"wp","href":"https:\/\/api.w.org\/{rel}","templated":true}]}}