{"id":20830,"date":"2023-11-13T15:07:35","date_gmt":"2023-11-13T20:07:35","guid":{"rendered":"https:\/\/newyorkhipknee.com\/contact\/riverhead-meilleur-chirurgien-pour-larthroplastie-du-genou-et-de-la-hanche\/remsenburg-ny\/"},"modified":"2023-11-13T15:07:35","modified_gmt":"2023-11-13T20:07:35","slug":"remsenburg-ny","status":"publish","type":"page","link":"https:\/\/www.newyorkhipknee.com\/fr\/contact\/riverhead-meilleur-chirurgien-pour-larthroplastie-du-genou-et-de-la-hanche\/remsenburg-ny\/","title":{"rendered":"Remsenburg, NY"},"content":{"rendered":"<h1>Les soins orthop\u00e9diques du Dr Nakul Karkare vous souhaitent la bienvenue \u00e0 Remsenburg, NY : vos partenaires dans l&rsquo;excellence orthop\u00e9dique.<\/h1>\n<p>Nakul Karkare&rsquo;s Orthopedic Care, votre source de confiance pour des soins orthop\u00e9diques de premier ordre. Bien que notre si\u00e8ge se trouve \u00e0 <a href=\"https:\/\/newyorkhipknee.com\/contact\/riverhead-orthopedic-surgeon\/\" target=\"_blank\" rel=\"noopener\">Riverhead,<\/a> NY, nous sommes ravis d&rsquo;\u00e9tendre nos services orthop\u00e9diques chaleureux et sp\u00e9cialis\u00e9s \u00e0 la communaut\u00e9 amicale de Remsenburg, NY. Chez Dr. Nakul Karkare&rsquo;s Orthopedic Care, nous ne nous contentons pas d&rsquo;offrir des soins orthop\u00e9diques, nous sommes vos compagnons de route vers une meilleure sant\u00e9 orthop\u00e9dique.<\/p>\n<p>Pourquoi choisir les soins orthop\u00e9diques du Dr Nakul Karkare : votre destination orthop\u00e9dique id\u00e9ale Les soins orthop\u00e9diques du Dr Nakul Karkare ne sont pas seulement un cabinet orthop\u00e9dique ; nous sommes une partie d\u00e9vou\u00e9e de votre communaut\u00e9, qui s&rsquo;engage \u00e0 fournir des soins orthop\u00e9diques exceptionnels. Voici pourquoi nous sommes le choix id\u00e9al pour les services orthop\u00e9diques \u00e0 New York :<\/p>\n<p><strong>Voici le Dr Nakul Karkare :<\/strong> Le docteur Nakul Karkare est un orthop\u00e9diste tr\u00e8s exp\u00e9riment\u00e9 qui a une carri\u00e8re remarquable, de nombreuses certifications et une grande exp\u00e9rience dans ce domaine. Ses vastes connaissances et son approche compatissante font de lui votre guide de confiance dans votre parcours orthop\u00e9dique.<\/p>\n<p><strong>Des soins personnalis\u00e9s :<\/strong> Nous savons que chaque patient est unique. Notre approche est amicale et personnalis\u00e9e afin de r\u00e9pondre \u00e0 vos besoins sp\u00e9cifiques, ce qui vous permet de recevoir les soins qui vous conviennent.<\/p>\n<p><strong>Des solutions de pointe :<\/strong> Nous restons \u00e0 la pointe des avanc\u00e9es orthop\u00e9diques, ce qui vous permet d&rsquo;avoir acc\u00e8s aux traitements et technologies les plus r\u00e9cents sous la direction experte du Dr Nakul Karkare.<\/p>\n<p><strong>Ax\u00e9 sur la communaut\u00e9 :<\/strong> Nous croyons qu&rsquo;il faut rendre accessibles \u00e0 tous des soins orthop\u00e9diques exceptionnels. Notre engagement \u00e0 \u00e9tendre nos services \u00e0 Remsenburg refl\u00e8te notre d\u00e9vouement \u00e0 votre bien-\u00eatre.<\/p>\n<p><strong>Une r\u00e9ussite av\u00e9r\u00e9e :<\/strong> Nos r\u00e9sultats sont \u00e9loquents. Nous avons permis \u00e0 de nombreuses personnes de retrouver leur mobilit\u00e9, de r\u00e9duire la douleur et d&rsquo;am\u00e9liorer leur qualit\u00e9 de vie sous la direction experte du Dr Nakul Karkare.<\/p>\n<p>Votre sant\u00e9 orthop\u00e9dique est notre priorit\u00e9 absolue, et nous sommes ravis de faire partie de la communaut\u00e9 de Remsenburg. Que vous ayez des probl\u00e8mes d&rsquo;articulation, des blessures sportives, des fractures ou tout autre probl\u00e8me orthop\u00e9dique, les soins orthop\u00e9diques du Dr Nakul Karkare sont l\u00e0 pour vous aider avec un sourire amical et des soins experts.<\/p>\n<p>&nbsp;<\/p>\n<h2>Nous sommes heureux de proposer une gamme \u00e9tendue de services orthop\u00e9diques adapt\u00e9s \u00e0 Remsenburg, NY :<\/h2>\n<h2><a role=\"link\" href=\"https:\/\/newyorkhipknee.com\/custom-knee-replacement-surgery\/\" target=\"_blank\" rel=\"noopener\"><strong>Chirurgie de remplacement du genou sur mesure :<\/strong><\/a><\/h2>\n<p><em>Pour une mobilit\u00e9 et un confort accrus<\/em><\/p>\n<p><strong>Qui a besoin d&rsquo;une proth\u00e8se de genou sur mesure ?<\/strong><\/p>\n<p>L&rsquo;arthroplastie du genou sur mesure est recommand\u00e9e pour les personnes qui souffrent de fortes douleurs au genou et d&rsquo;une mobilit\u00e9 r\u00e9duite en raison d&rsquo;affections telles que l&rsquo;arthrose, la polyarthrite rhumato\u00efde ou des l\u00e9sions articulaires dues \u00e0 des traumatismes. Si votre douleur au genou a un impact significatif sur votre vie quotidienne et que les traitements conservateurs n&rsquo;ont pas apport\u00e9 un soulagement suffisant, cette intervention chirurgicale peut \u00eatre la solution dont vous avez besoin.<\/p>\n<p><strong>La proc\u00e9dure :<\/strong><\/p>\n<p>La proth\u00e8se de genou sur mesure, \u00e9galement connue sous le nom de proth\u00e8se de genou personnalis\u00e9e, est une proc\u00e9dure chirurgicale adapt\u00e9e \u00e0 votre anatomie unique. Elle commence par une \u00e9valuation approfondie de l&rsquo;articulation du genou \u00e0 l&rsquo;aide d&rsquo;une technologie d&rsquo;imagerie avanc\u00e9e. Sur la base de cette \u00e9valuation, un implant sur mesure est con\u00e7u pour s&rsquo;adapter pr\u00e9cis\u00e9ment \u00e0 votre genou. Au cours de l&rsquo;op\u00e9ration, l&rsquo;articulation du genou endommag\u00e9e est retir\u00e9e et l&rsquo;implant personnalis\u00e9 est soigneusement plac\u00e9. L&rsquo;objectif est de r\u00e9tablir la fonction naturelle de l&rsquo;articulation tout en r\u00e9duisant la g\u00eane.<\/p>\n<p><strong>Avantages de l&rsquo;arthroplastie du genou sur mesure :<\/strong><\/p>\n<ol>\n<li><strong>Ajustement pr\u00e9cis :<\/strong> L&rsquo;implant sur mesure est con\u00e7u pour s&rsquo;adapter \u00e0 la structure unique de votre genou, ce qui permet d&rsquo;obtenir une sensation plus naturelle et plus confortable.<\/li>\n<li><strong>Am\u00e9lioration de la mobilit\u00e9 :<\/strong> Avec un implant adapt\u00e9 avec pr\u00e9cision, vous pouvez vous attendre \u00e0 une am\u00e9lioration des mouvements de l&rsquo;articulation et \u00e0 une diminution de la douleur.<\/li>\n<li><strong>Des r\u00e9sultats durables :<\/strong> La proth\u00e8se de genou sur mesure peut apporter un soulagement \u00e0 long terme, vous permettant de profiter d&rsquo;un mode de vie plus actif et sans douleur.<\/li>\n<\/ol>\n<p>&nbsp;<\/p>\n<h2><a role=\"link\" href=\"https:\/\/newyorkhipknee.com\/hip-replacement-surgery\/\" target=\"_blank\" rel=\"noopener\"><strong>Chirurgie de remplacement de la hanche :<\/strong><\/a><\/h2>\n<p><em>Red\u00e9couvrez le mouvement sans douleur<\/em><\/p>\n<p><strong>Qui a besoin d&rsquo;une proth\u00e8se de hanche ?<\/strong><\/p>\n<p>L&rsquo;arthroplastie de la hanche est g\u00e9n\u00e9ralement recommand\u00e9e aux personnes souffrant de douleurs \u00e0 la hanche, de raideur ou d&rsquo;une diminution significative de la mobilit\u00e9 en raison de pathologies telles que l&rsquo;arthrose, les fractures de la hanche ou la n\u00e9crose avasculaire. Si votre douleur \u00e0 la hanche vous g\u00eane dans vos activit\u00e9s quotidiennes et nuit \u00e0 votre qualit\u00e9 de vie, la pose d&rsquo;une proth\u00e8se de hanche peut \u00eatre la solution.<\/p>\n<p><strong>La proc\u00e9dure :<\/strong><\/p>\n<p>L&rsquo;arthroplastie de la hanche consiste \u00e0 retirer l&rsquo;articulation endommag\u00e9e et \u00e0 la remplacer par une proth\u00e8se de hanche. L&rsquo;intervention est r\u00e9alis\u00e9e sous anesth\u00e9sie afin d&rsquo;assurer votre confort. Le chirurgien pratique une incision et retire avec pr\u00e9caution l&rsquo;articulation endommag\u00e9e. L&rsquo;implant proth\u00e9tique est ensuite plac\u00e9 en toute s\u00e9curit\u00e9 pour reproduire la fonction de l&rsquo;articulation naturelle de la hanche.<\/p>\n<p><strong>Avantages de l&rsquo;arthroplastie de la hanche :<\/strong><\/p>\n<ol>\n<li><strong>Soulagement de la douleur :<\/strong> l&rsquo;arthroplastie de la hanche offre un soulagement substantiel de la douleur chronique de la hanche, ce qui vous permet de retrouver un mode de vie actif.<\/li>\n<li><strong>Am\u00e9lioration de la mobilit\u00e9 :<\/strong> L&rsquo;intervention chirurgicale peut restaurer votre capacit\u00e9 \u00e0 marcher, \u00e0 vous d\u00e9placer et \u00e0 participer \u00e0 des activit\u00e9s sans g\u00eane.<\/li>\n<li><strong>Une meilleure qualit\u00e9 de vie :<\/strong> Avec une proth\u00e8se de hanche r\u00e9ussie, vous pouvez profiter d&rsquo;une vie plus \u00e9panouie et sans douleur.<\/li>\n<\/ol>\n<p>Les arthroplasties du genou et de la hanche sur mesure sont des solutions efficaces pour soulager la douleur et am\u00e9liorer la mobilit\u00e9.<\/p>\n<p>Si vous ressentez une g\u00eane persistante au niveau du genou ou de la hanche qui limite vos activit\u00e9s quotidiennes, envisagez de consulter le Dr Nakul Karkare, un chirurgien orthop\u00e9dique tr\u00e8s exp\u00e9riment\u00e9, afin d&rsquo;\u00e9tudier la proc\u00e9dure la mieux adapt\u00e9e \u00e0 vos besoins. Le Dr Karkare et son \u00e9quipe vous fourniront des soins personnalis\u00e9s pour vous aider \u00e0 retrouver votre qualit\u00e9 de vie gr\u00e2ce \u00e0 ces options chirurgicales avanc\u00e9es.<\/p>\n<h1><\/h1>\n<h1>\u00c0 propos de Remsenburg<\/h1>\n<p>Remsenburg est un petit hameau situ\u00e9 dans la ville de Southampton, dans l&rsquo;\u00c9tat de New York. C&rsquo;est un endroit magnifique et paisible qui offre un m\u00e9lange unique de culture, d&rsquo;histoire et de tourisme. Dans cet article, nous allons explorer la richesse de la culture et de l&rsquo;histoire de Remsenburg, ainsi que les diverses attractions touristiques qui en font une destination pris\u00e9e des visiteurs.<\/p>\n<p><strong>Culture<\/strong><br \/>\nRemsenburg est une communaut\u00e9 qui valorise sa culture et ses traditions. Le hameau abrite un certain nombre d&rsquo;institutions culturelles qui c\u00e9l\u00e8brent les arts et encouragent la cr\u00e9ativit\u00e9. Voici quelques-uns des points forts culturels de Remsenburg :<\/p>\n<p>&#8211; Acad\u00e9mie de Remsenburg : Ce b\u00e2timent historique, qui \u00e9tait autrefois une \u00e9cole \u00e0 classe unique, est aujourd&rsquo;hui un centre communautaire qui accueille divers \u00e9v\u00e9nements culturels, notamment des expositions d&rsquo;art, des concerts et des conf\u00e9rences.<\/p>\n<p>&#8211; Westhampton Beach Performing Arts Center : Situ\u00e9 \u00e0 quelques kilom\u00e8tres de Remsenburg, ce centre accueille un large \u00e9ventail de spectacles, du th\u00e9\u00e2tre \u00e0 la danse en passant par la musique et la com\u00e9die.<\/p>\n<p>&#8211; Centre culturel de Southampton : Ce centre propose une vari\u00e9t\u00e9 de programmes et d&rsquo;\u00e9v\u00e9nements, notamment des expositions d&rsquo;art, des productions th\u00e9\u00e2trales et des spectacles musicaux.<\/p>\n<p><strong>L&rsquo;histoire<\/strong><br \/>\nRemsenburg a une histoire riche qui remonte aux premiers jours des \u00c9tats-Unis. Le hameau a jou\u00e9 un r\u00f4le important dans la R\u00e9volution am\u00e9ricaine et a abrit\u00e9 de nombreux personnages notables tout au long de l&rsquo;histoire. Voici quelques-uns des points forts de l&rsquo;histoire de Remsenburg :<\/p>\n<p>&#8211; Guerre d&rsquo;Ind\u00e9pendance : Pendant la R\u00e9volution am\u00e9ricaine, Remsenburg \u00e9tait un lieu strat\u00e9gique pour l&rsquo;arm\u00e9e continentale. Le hameau a accueilli plusieurs personnalit\u00e9s importantes, dont le g\u00e9n\u00e9ral Nathanael Greene et le colonel Benjamin Tallmadge.<\/p>\n<p>&#8211; Acad\u00e9mie de Remsenburg : Comme mentionn\u00e9 pr\u00e9c\u00e9demment, l&rsquo;Acad\u00e9mie de Remsenburg \u00e9tait autrefois une \u00e9cole \u00e0 classe unique. Il a \u00e9t\u00e9 construit en 1857 et a servi d&rsquo;\u00e9cole jusqu&rsquo;en 1955. Aujourd&rsquo;hui, c&rsquo;est un centre communautaire qui c\u00e9l\u00e8bre l&rsquo;histoire du hameau.<\/p>\n<p>&#8211; Cimeti\u00e8re de Remsenburg : Ce cimeti\u00e8re historique est la derni\u00e8re demeure de nombreuses personnalit\u00e9s, y compris des membres de la famille Halsey, qui jouaient un r\u00f4le important dans l&rsquo;industrie de la p\u00eache \u00e0 la baleine.<\/p>\n<p><strong>Tourisme<\/strong><br \/>\nRemsenburg est une destination populaire pour les touristes \u00e0 la recherche d&rsquo;une escapade paisible et relaxante. Le hameau offre une vari\u00e9t\u00e9 d&rsquo;attractions qui attirent les visiteurs de tous \u00e2ges. Voici quelques-unes des principales attractions touristiques de Remsenburg :<\/p>\n<p>&#8211; Plages : Remsenburg est situ\u00e9 sur la rive sud de Long Island, ce qui signifie qu&rsquo;il abrite certaines des plus belles plages du monde. Les visiteurs peuvent se baigner, prendre des bains de soleil et faire du surf sur les plages avoisinantes.<\/p>\n<p>&#8211; Vignobles : La fourchette nord de Long Island abrite un certain nombre de domaines viticoles qui proposent des d\u00e9gustations et des visites. Les visiteurs peuvent d\u00e9guster certains des meilleurs vins de la r\u00e9gion et d\u00e9couvrir l&rsquo;histoire de la viticulture \u00e0 New York.<\/p>\n<p>&#8211; Sentiers naturels : Remsenburg est entour\u00e9 de beaut\u00e9s naturelles, et il existe un certain nombre de sentiers naturels que les visiteurs peuvent explorer. Les sentiers offrent des vues imprenables sur la flore et la faune locales et constituent un excellent moyen de faire de l&rsquo;exercice et de respirer de l&rsquo;air frais.<\/p>\n<p><strong>Conclusion<\/strong><br \/>\nRemsenburg est un joyau cach\u00e9 de Long Island qui offre un m\u00e9lange unique de culture, d&rsquo;histoire et de tourisme. Que vous soyez int\u00e9ress\u00e9 par les arts, l&rsquo;histoire ou les activit\u00e9s de plein air, il y en a pour tous les go\u00fbts dans ce magnifique hameau. Pourquoi ne pas planifier une visite \u00e0 Remsenburg et d\u00e9couvrir tout ce qu&rsquo;elle a \u00e0 offrir ?<\/p>\n<p>&nbsp;<\/p>\n<h2>Directions<\/h2>\n<p>Itin\u00e9raire depuis Remsenburg, NY jusqu&rsquo;\u00e0 Complete Orthopedics, 887 Old Country Rd. SUITE A, Riverhead, NY 11901 :<\/p>\n<p>1. Prendre la direction nord-est sur South Country Rd vers Remsen Ln.<br \/>\n2. Tourner \u00e0 gauche sur Remsen Ln.<br \/>\n3. Tourner \u00e0 droite sur Old Country Rd.<br \/>\n4. Continuer tout droit pour rester sur Old Country Rd.<br \/>\n5. Tourner \u00e0 gauche sur Doctors Path.<br \/>\n6. Tourner \u00e0 droite sur Roanoke Ave.<br \/>\n7. Tourner \u00e0 gauche sur Commerce Dr.<br \/>\n8. Tourner \u00e0 droite sur Old Country Rd.<br \/>\n9. La destination se trouve sur la droite, au 887 Old Country Rd. SUITE A.<\/p>\n<p>Distance totale : environ 14 miles<br \/>\nDur\u00e9e estim\u00e9e du trajet : environ 25 minutes<\/p>\n<p>&nbsp;<\/p>\n<h2>Soins de sant\u00e9 pr\u00e8s de Remsenburg<\/h2>\n<p><strong>Pharmacies pr\u00e8s de Remsenburg, NY :<\/strong><\/p>\n<p>1. Walgreens Pharmacy &#8211; 11910 Liberty Ave, South Richmond Hill, NY 11419<br \/>\n2. CVS Pharmacy &#8211; 97-01 Liberty Ave, Ozone Park, NY 11417<br \/>\n3. Variety Drugs &#8211; 114-01 Liberty Ave, South Richmond Hill, NY 11419<\/p>\n<p>&nbsp;<\/p>\n<p><strong>Centres de radiologie pr\u00e8s de Remsenburg, NY :<\/strong><\/p>\n<p>1. East End Radiology &#8211; 1333 Roanoke Ave, Riverhead, NY 11901<br \/>\n2. Peconic Bay Medical Center Radiology &#8211; 1300 Roanoke Ave, Riverhead, NY 11901<br \/>\n3. Northwell Health Imaging at East End &#8211; 1228 E Main St, Riverhead, NY 11901<\/p>\n<p>&nbsp;<\/p>\n<p><strong>Centres de soins d&rsquo;urgence pr\u00e8s de Remsenburg, NY :<\/strong><\/p>\n<p>1. GoHealth Urgent Care &#8211; 1149 Old Country Rd, Riverhead, NY 11901<br \/>\n2. ProHEALTH Urgent Care &#8211; 1145 Old Country Rd, Riverhead, NY 11901<br \/>\n3. Stat Health Immediate Medical Care &#8211; 369 Route 25A, Rocky Point, NY 11778<\/p>\n<p>&nbsp;<\/p>\n<p><strong>H\u00f4pitaux pr\u00e8s de Remsenburg, NY :<\/strong><\/p>\n<p>1. Peconic Bay Medical Center &#8211; 1300 Roanoke Ave, Riverhead, NY 11901<br \/>\n2. H\u00f4pital Stony Brook Eastern Long Island &#8211; 201 Manor Pl, Greenport, NY 11944<br \/>\n3. H\u00f4pital de Southampton &#8211; 240 Meeting House Ln, Southampton, NY 11968<\/p>\n<p>&nbsp;<\/p>\n<p>Nous sommes tr\u00e8s fiers de fournir des soins orthop\u00e9diques complets aux patients de divers h\u00f4pitaux et centres de soins d&rsquo;urgence de notre communaut\u00e9, y compris ceux mentionn\u00e9s plus haut.<\/p>\n<p>Que vous ayez besoin d&rsquo;un traitement orthop\u00e9dique ou que vous souhaitiez simplement nous consulter pour tout probl\u00e8me orthop\u00e9dique, n&rsquo;h\u00e9sitez pas \u00e0 contacter notre \u00e9quipe d\u00e9vou\u00e9e, disponible 24 heures sur 24 et 7 jours sur 7. Nous sommes l\u00e0 pour vous aider rapidement et avec compassion.<\/p>\n<p>De nombreuses personnes se rendent dans des centres de soins d&rsquo;urgence et des h\u00f4pitaux pour des blessures li\u00e9es \u00e0 l&rsquo;indemnisation des accidents du travail et \u00e0 l&rsquo;assurance sans \u00e9gard \u00e0 la responsabilit\u00e9. Si votre blessure ne n\u00e9cessite pas une visite \u00e0 l&rsquo;h\u00f4pital, nous sommes heureux de vous proposer un traitement orthop\u00e9dique professionnel adapt\u00e9 \u00e0 ce type de cas. N&rsquo;h\u00e9sitez pas \u00e0 nous contacter au <a href=\"tel:631-981-2663\" target=\"_blank\" rel=\"noopener\">631-981-2663<\/a> pour prendre rendez-vous avec nous d\u00e8s aujourd&rsquo;hui. Votre bien-\u00eatre est notre priorit\u00e9<\/p>\n","protected":false},"excerpt":{"rendered":"<p>Les soins orthop\u00e9diques du Dr Nakul Karkare vous souhaitent la bienvenue \u00e0 Remsenburg, NY : vos partenaires dans l&rsquo;excellence orthop\u00e9dique. Nakul Karkare&rsquo;s Orthopedic Care, votre source de confiance pour des soins orthop\u00e9diques de premier ordre. Bien que notre si\u00e8ge se trouve \u00e0 Riverhead, NY, nous sommes ravis d&rsquo;\u00e9tendre nos services orthop\u00e9diques chaleureux et sp\u00e9cialis\u00e9s \u00e0 [&hellip;]<\/p>\n","protected":false},"author":33,"featured_media":0,"parent":17604,"menu_order":0,"comment_status":"closed","ping_status":"closed","template":"","meta":{"_et_pb_use_builder":"","_et_pb_old_content":"","_et_gb_content_width":"","footnotes":""},"class_list":["post-20830","page","type-page","status-publish","hentry"],"yoast_head":"<!-- This site is optimized with the Yoast SEO plugin v27.2 - https:\/\/yoast.com\/product\/yoast-seo-wordpress\/ -->\n<title>Remsenburg, NY | Best Hip &amp; Knee Surgeon | NY, USA<\/title>\n<meta name=\"description\" content=\"Les soins orthop\u00e9diques du Dr Nakul Karkare vous souhaitent la bienvenue \u00e0 Remsenburg, NY : vos partenaires dans l&#039;excellence orthop\u00e9dique. Nakul\" \/>\n<meta name=\"robots\" content=\"index, follow, max-snippet:-1, max-image-preview:large, max-video-preview:-1\" \/>\n<link rel=\"canonical\" href=\"https:\/\/www.newyorkhipknee.com\/fr\/contact\/riverhead-meilleur-chirurgien-pour-larthroplastie-du-genou-et-de-la-hanche\/remsenburg-ny\/\" \/>\n<meta property=\"og:locale\" content=\"fr_FR\" \/>\n<meta property=\"og:type\" content=\"article\" \/>\n<meta property=\"og:title\" content=\"Remsenburg, NY | Best Hip &amp; Knee Surgeon | NY, USA\" \/>\n<meta property=\"og:description\" content=\"Les soins orthop\u00e9diques du Dr Nakul Karkare vous souhaitent la bienvenue \u00e0 Remsenburg, NY : vos partenaires dans l&#039;excellence orthop\u00e9dique. Nakul\" \/>\n<meta property=\"og:url\" content=\"https:\/\/www.newyorkhipknee.com\/fr\/contact\/riverhead-meilleur-chirurgien-pour-larthroplastie-du-genou-et-de-la-hanche\/remsenburg-ny\/\" \/>\n<meta property=\"og:site_name\" content=\"Best Hip &amp; Knee Surgeon | NY, USA\" \/>\n<meta name=\"twitter:card\" content=\"summary_large_image\" \/>\n<meta name=\"twitter:label1\" content=\"Dur\u00e9e de lecture estim\u00e9e\" \/>\n\t<meta name=\"twitter:data1\" content=\"11 minutes\" \/>\n<script type=\"application\/ld+json\" class=\"yoast-schema-graph\">{\"@context\":\"https:\/\/schema.org\",\"@graph\":[{\"@type\":[\"WebPage\",\"MedicalWebPage\"],\"@id\":\"https:\/\/www.newyorkhipknee.com\/fr\/contact\/riverhead-meilleur-chirurgien-pour-larthroplastie-du-genou-et-de-la-hanche\/remsenburg-ny\/\",\"url\":\"https:\/\/www.newyorkhipknee.com\/fr\/contact\/riverhead-meilleur-chirurgien-pour-larthroplastie-du-genou-et-de-la-hanche\/remsenburg-ny\/\",\"name\":\"Remsenburg, NY | Best Hip &amp; Knee Surgeon | NY, USA\",\"isPartOf\":{\"@id\":\"https:\/\/www.newyorkhipknee.com\/fr\/#website\"},\"datePublished\":\"2023-11-13T20:07:35+00:00\",\"description\":\"Les soins orthop\u00e9diques du Dr Nakul Karkare vous souhaitent la bienvenue \u00e0 Remsenburg, NY : vos partenaires dans l'excellence orthop\u00e9dique. Nakul\",\"breadcrumb\":{\"@id\":\"https:\/\/www.newyorkhipknee.com\/fr\/contact\/riverhead-meilleur-chirurgien-pour-larthroplastie-du-genou-et-de-la-hanche\/remsenburg-ny\/#breadcrumb\"},\"inLanguage\":\"fr-FR\",\"potentialAction\":[{\"@type\":\"ReadAction\",\"target\":[\"https:\/\/www.newyorkhipknee.com\/fr\/contact\/riverhead-meilleur-chirurgien-pour-larthroplastie-du-genou-et-de-la-hanche\/remsenburg-ny\/\"]}]},{\"@type\":\"BreadcrumbList\",\"@id\":\"https:\/\/www.newyorkhipknee.com\/fr\/contact\/riverhead-meilleur-chirurgien-pour-larthroplastie-du-genou-et-de-la-hanche\/remsenburg-ny\/#breadcrumb\",\"itemListElement\":[{\"@type\":\"ListItem\",\"position\":1,\"name\":\"Home\",\"item\":\"https:\/\/www.newyorkhipknee.com\/fr\/\"},{\"@type\":\"ListItem\",\"position\":2,\"name\":\"CONTACT\",\"item\":\"https:\/\/www.newyorkhipknee.com\/fr\/contact\/\"},{\"@type\":\"ListItem\",\"position\":3,\"name\":\"Riverhead &#8211; Meilleur chirurgien pour l&#8217;arthroplastie du genou et de la hanche\",\"item\":\"https:\/\/www.newyorkhipknee.com\/fr\/contact\/riverhead-meilleur-chirurgien-pour-larthroplastie-du-genou-et-de-la-hanche\/\"},{\"@type\":\"ListItem\",\"position\":4,\"name\":\"Remsenburg, NY\"}]},{\"@type\":\"WebSite\",\"@id\":\"https:\/\/www.newyorkhipknee.com\/fr\/#website\",\"url\":\"https:\/\/www.newyorkhipknee.com\/fr\/\",\"name\":\"Best Hip & Knee Surgeon | NY, USA\",\"description\":\"\",\"potentialAction\":[{\"@type\":\"SearchAction\",\"target\":{\"@type\":\"EntryPoint\",\"urlTemplate\":\"https:\/\/www.newyorkhipknee.com\/fr\/?s={search_term_string}\"},\"query-input\":{\"@type\":\"PropertyValueSpecification\",\"valueRequired\":true,\"valueName\":\"search_term_string\"}}],\"inLanguage\":\"fr-FR\"}]}<\/script>\n<!-- \/ Yoast SEO plugin. -->","yoast_head_json":{"title":"Remsenburg, NY | Best Hip &amp; Knee Surgeon | NY, USA","description":"Les soins orthop\u00e9diques du Dr Nakul Karkare vous souhaitent la bienvenue \u00e0 Remsenburg, NY : vos partenaires dans l'excellence orthop\u00e9dique. Nakul","robots":{"index":"index","follow":"follow","max-snippet":"max-snippet:-1","max-image-preview":"max-image-preview:large","max-video-preview":"max-video-preview:-1"},"canonical":"https:\/\/www.newyorkhipknee.com\/fr\/contact\/riverhead-meilleur-chirurgien-pour-larthroplastie-du-genou-et-de-la-hanche\/remsenburg-ny\/","og_locale":"fr_FR","og_type":"article","og_title":"Remsenburg, NY | Best Hip &amp; Knee Surgeon | NY, USA","og_description":"Les soins orthop\u00e9diques du Dr Nakul Karkare vous souhaitent la bienvenue \u00e0 Remsenburg, NY : vos partenaires dans l'excellence orthop\u00e9dique. Nakul","og_url":"https:\/\/www.newyorkhipknee.com\/fr\/contact\/riverhead-meilleur-chirurgien-pour-larthroplastie-du-genou-et-de-la-hanche\/remsenburg-ny\/","og_site_name":"Best Hip &amp; Knee Surgeon | NY, USA","twitter_card":"summary_large_image","twitter_misc":{"Dur\u00e9e de lecture estim\u00e9e":"11 minutes"},"schema":{"@context":"https:\/\/schema.org","@graph":[{"@type":["WebPage","MedicalWebPage"],"@id":"https:\/\/www.newyorkhipknee.com\/fr\/contact\/riverhead-meilleur-chirurgien-pour-larthroplastie-du-genou-et-de-la-hanche\/remsenburg-ny\/","url":"https:\/\/www.newyorkhipknee.com\/fr\/contact\/riverhead-meilleur-chirurgien-pour-larthroplastie-du-genou-et-de-la-hanche\/remsenburg-ny\/","name":"Remsenburg, NY | Best Hip &amp; Knee Surgeon | NY, USA","isPartOf":{"@id":"https:\/\/www.newyorkhipknee.com\/fr\/#website"},"datePublished":"2023-11-13T20:07:35+00:00","description":"Les soins orthop\u00e9diques du Dr Nakul Karkare vous souhaitent la bienvenue \u00e0 Remsenburg, NY : vos partenaires dans l'excellence orthop\u00e9dique. Nakul","breadcrumb":{"@id":"https:\/\/www.newyorkhipknee.com\/fr\/contact\/riverhead-meilleur-chirurgien-pour-larthroplastie-du-genou-et-de-la-hanche\/remsenburg-ny\/#breadcrumb"},"inLanguage":"fr-FR","potentialAction":[{"@type":"ReadAction","target":["https:\/\/www.newyorkhipknee.com\/fr\/contact\/riverhead-meilleur-chirurgien-pour-larthroplastie-du-genou-et-de-la-hanche\/remsenburg-ny\/"]}]},{"@type":"BreadcrumbList","@id":"https:\/\/www.newyorkhipknee.com\/fr\/contact\/riverhead-meilleur-chirurgien-pour-larthroplastie-du-genou-et-de-la-hanche\/remsenburg-ny\/#breadcrumb","itemListElement":[{"@type":"ListItem","position":1,"name":"Home","item":"https:\/\/www.newyorkhipknee.com\/fr\/"},{"@type":"ListItem","position":2,"name":"CONTACT","item":"https:\/\/www.newyorkhipknee.com\/fr\/contact\/"},{"@type":"ListItem","position":3,"name":"Riverhead &#8211; Meilleur chirurgien pour l&#8217;arthroplastie du genou et de la hanche","item":"https:\/\/www.newyorkhipknee.com\/fr\/contact\/riverhead-meilleur-chirurgien-pour-larthroplastie-du-genou-et-de-la-hanche\/"},{"@type":"ListItem","position":4,"name":"Remsenburg, NY"}]},{"@type":"WebSite","@id":"https:\/\/www.newyorkhipknee.com\/fr\/#website","url":"https:\/\/www.newyorkhipknee.com\/fr\/","name":"Best Hip & Knee Surgeon | NY, USA","description":"","potentialAction":[{"@type":"SearchAction","target":{"@type":"EntryPoint","urlTemplate":"https:\/\/www.newyorkhipknee.com\/fr\/?s={search_term_string}"},"query-input":{"@type":"PropertyValueSpecification","valueRequired":true,"valueName":"search_term_string"}}],"inLanguage":"fr-FR"}]}},"_links":{"self":[{"href":"https:\/\/www.newyorkhipknee.com\/fr\/wp-json\/wp\/v2\/pages\/20830","targetHints":{"allow":["GET"]}}],"collection":[{"href":"https:\/\/www.newyorkhipknee.com\/fr\/wp-json\/wp\/v2\/pages"}],"about":[{"href":"https:\/\/www.newyorkhipknee.com\/fr\/wp-json\/wp\/v2\/types\/page"}],"author":[{"embeddable":true,"href":"https:\/\/www.newyorkhipknee.com\/fr\/wp-json\/wp\/v2\/users\/33"}],"replies":[{"embeddable":true,"href":"https:\/\/www.newyorkhipknee.com\/fr\/wp-json\/wp\/v2\/comments?post=20830"}],"version-history":[{"count":0,"href":"https:\/\/www.newyorkhipknee.com\/fr\/wp-json\/wp\/v2\/pages\/20830\/revisions"}],"up":[{"embeddable":true,"href":"https:\/\/www.newyorkhipknee.com\/fr\/wp-json\/wp\/v2\/pages\/17604"}],"wp:attachment":[{"href":"https:\/\/www.newyorkhipknee.com\/fr\/wp-json\/wp\/v2\/media?parent=20830"}],"curies":[{"name":"wp","href":"https:\/\/api.w.org\/{rel}","templated":true}]}}