{"id":20832,"date":"2023-11-13T14:37:58","date_gmt":"2023-11-13T19:37:58","guid":{"rendered":"https:\/\/newyorkhipknee.com\/contact\/riverhead-meilleur-chirurgien-pour-larthroplastie-du-genou-et-de-la-hanche\/peconic-ny\/"},"modified":"2023-11-13T14:37:58","modified_gmt":"2023-11-13T19:37:58","slug":"peconic-ny","status":"publish","type":"page","link":"https:\/\/www.newyorkhipknee.com\/fr\/contact\/riverhead-meilleur-chirurgien-pour-larthroplastie-du-genou-et-de-la-hanche\/peconic-ny\/","title":{"rendered":"Peconic, NY"},"content":{"rendered":"<h1>Services orthop\u00e9diques complets \u00e0 Peconic, NY, offerts par le Dr Nakul Karkare<\/h1>\n<p>Nakul Karkare vous salue ! Nous sommes votre source d\u00e9vou\u00e9e de soins orthop\u00e9diques exceptionnels et nous sommes ravis d&rsquo;annoncer l&rsquo;expansion de nos services orthop\u00e9diques complets dans la communaut\u00e9 chaleureuse et accueillante de Peconic, NY.<\/p>\n<p>Au cabinet du Dr Nakul Karkare, nous associons le professionnalisme \u00e0 une approche amicale et centr\u00e9e sur le patient afin de vous garantir le meilleur niveau de soins orthop\u00e9diques.<\/p>\n<p>Au cabinet du Dr Nakul Karkare, nous sommes tr\u00e8s fiers d&rsquo;\u00eatre votre fournisseur de confiance en mati\u00e8re de soins orthop\u00e9diques. Voici pourquoi vous devriez nous consid\u00e9rer pour vos besoins orthop\u00e9diques :<\/p>\n<p>Des <strong>sp\u00e9cialistes en orthop\u00e9die tr\u00e8s exp\u00e9riment\u00e9s<\/strong>: Notre \u00e9quipe est compos\u00e9e de sp\u00e9cialistes orthop\u00e9diques tr\u00e8s exp\u00e9riment\u00e9s, dirig\u00e9s par le Dr Nakul Karkare, qui est r\u00e9put\u00e9 pour son expertise dans ce domaine. Gr\u00e2ce \u00e0 leurs vastes connaissances et \u00e0 leur exp\u00e9rience, ils diagnostiquent et traitent efficacement un large \u00e9ventail d&rsquo;affections orthop\u00e9diques.<\/p>\n<p><strong>Traitement personnalis\u00e9 :<\/strong> Nous savons que chaque patient est unique et nous adaptons nos plans de traitement \u00e0 vos besoins et objectifs sp\u00e9cifiques. Votre confort et votre bien-\u00eatre sont toujours nos priorit\u00e9s.<\/p>\n<p><strong>Des soins accessibles :<\/strong> Bien que notre \u00e9tablissement principal soit situ\u00e9 \u00e0 <a href=\"https:\/\/newyorkhipknee.com\/contact\/riverhead-orthopedic-surgeon\/\" target=\"_blank\" rel=\"noopener\">Riverhead<\/a> (New York), nous sommes ravis d&rsquo;\u00e9tendre nos services \u00e0 Peconic. Nous pensons que des soins orthop\u00e9diques exceptionnels devraient \u00eatre \u00e0 la port\u00e9e de tous, et notre engagement \u00e0 \u00e9tendre notre port\u00e9e garantit que vous pouvez acc\u00e9der \u00e0 des services orthop\u00e9diques de premier ordre plus pr\u00e8s de chez vous.<\/p>\n<p>Le Dr Nakul Karkare, chirurgien orthop\u00e9dique certifi\u00e9 avec plus de 15 ans d&rsquo;exp\u00e9rience, se consacre \u00e0 fournir le plus haut niveau de soins \u00e0 ses patients. Il est titulaire de nombreuses certifications et poss\u00e8de un solide palmar\u00e8s de traitements et d&rsquo;interventions chirurgicales r\u00e9ussis.<\/p>\n<p>Votre sant\u00e9 orthop\u00e9dique nous tient \u00e0 c\u0153ur et nous sommes l\u00e0 pour vous aider \u00e0 retrouver votre mobilit\u00e9, \u00e0 r\u00e9duire la douleur et \u00e0 am\u00e9liorer votre qualit\u00e9 de vie en g\u00e9n\u00e9ral. Que vous soyez aux prises avec des douleurs articulaires, des blessures sportives, des fractures ou tout autre probl\u00e8me orthop\u00e9dique, vous pouvez faire confiance au Dr Nakul Karkare et \u00e0 son \u00e9quipe pour \u00eatre vos partenaires in\u00e9branlables sur la voie de la gu\u00e9rison.<\/p>\n<p>&nbsp;<\/p>\n<h2>Nous sommes ravis de proposer les services orthop\u00e9diques suivants \u00e0 Peconic, NY<\/h2>\n<h2><a role=\"link\" href=\"https:\/\/newyorkhipknee.com\/custom-knee-replacement-surgery\/\" target=\"_blank\" rel=\"noopener\"><strong>Chirurgie de remplacement du genou sur mesure :<\/strong><\/a><\/h2>\n<p><strong><em>Pour une mobilit\u00e9 et un confort accrus<\/em><\/strong><\/p>\n<p><strong>Qui a besoin d&rsquo;une proth\u00e8se de genou sur mesure ?<\/strong><\/p>\n<p>L&rsquo;arthroplastie du genou sur mesure est recommand\u00e9e pour les personnes qui souffrent de fortes douleurs au genou et d&rsquo;une mobilit\u00e9 r\u00e9duite en raison d&rsquo;affections telles que l&rsquo;arthrose, la polyarthrite rhumato\u00efde ou des l\u00e9sions articulaires dues \u00e0 des traumatismes. Si votre douleur au genou a un impact significatif sur votre vie quotidienne et que les traitements conservateurs n&rsquo;ont pas apport\u00e9 un soulagement suffisant, cette intervention chirurgicale peut \u00eatre la solution dont vous avez besoin.<\/p>\n<p><strong>La proc\u00e9dure :<\/strong><\/p>\n<p>La proth\u00e8se de genou sur mesure, \u00e9galement connue sous le nom de proth\u00e8se de genou personnalis\u00e9e, est une proc\u00e9dure chirurgicale adapt\u00e9e \u00e0 votre anatomie unique. Elle commence par une \u00e9valuation approfondie de l&rsquo;articulation du genou \u00e0 l&rsquo;aide d&rsquo;une technologie d&rsquo;imagerie avanc\u00e9e. Sur la base de cette \u00e9valuation, un implant sur mesure est con\u00e7u pour s&rsquo;adapter pr\u00e9cis\u00e9ment \u00e0 votre genou. Au cours de l&rsquo;op\u00e9ration, l&rsquo;articulation du genou endommag\u00e9e est retir\u00e9e et l&rsquo;implant personnalis\u00e9 est soigneusement plac\u00e9. L&rsquo;objectif est de r\u00e9tablir la fonction naturelle de l&rsquo;articulation tout en r\u00e9duisant la g\u00eane.<\/p>\n<p><strong>Avantages de l&rsquo;arthroplastie du genou sur mesure :<\/strong><\/p>\n<ol>\n<li><strong>Ajustement pr\u00e9cis :<\/strong> L&rsquo;implant sur mesure est con\u00e7u pour s&rsquo;adapter \u00e0 la structure unique de votre genou, ce qui permet d&rsquo;obtenir une sensation plus naturelle et plus confortable.<\/li>\n<li><strong>Am\u00e9lioration de la mobilit\u00e9 :<\/strong> Avec un implant adapt\u00e9 avec pr\u00e9cision, vous pouvez vous attendre \u00e0 une am\u00e9lioration des mouvements de l&rsquo;articulation et \u00e0 une diminution de la douleur.<\/li>\n<li><strong>Des r\u00e9sultats durables :<\/strong> La proth\u00e8se de genou sur mesure peut apporter un soulagement \u00e0 long terme, vous permettant de profiter d&rsquo;un mode de vie plus actif et sans douleur.<\/li>\n<\/ol>\n<p>&nbsp;<\/p>\n<h2><a role=\"link\" href=\"https:\/\/newyorkhipknee.com\/hip-replacement-surgery\/\" target=\"_blank\" rel=\"noopener\"><strong>Chirurgie de remplacement de la hanche :<\/strong><\/a><\/h2>\n<p><strong><em>Red\u00e9couvrez le mouvement sans douleur<\/em><\/strong><\/p>\n<p><strong>Qui a besoin d&rsquo;une proth\u00e8se de hanche ?<\/strong><\/p>\n<p>L&rsquo;arthroplastie de la hanche est g\u00e9n\u00e9ralement recommand\u00e9e aux personnes souffrant de douleurs \u00e0 la hanche, de raideur ou d&rsquo;une diminution significative de la mobilit\u00e9 en raison de pathologies telles que l&rsquo;arthrose, les fractures de la hanche ou la n\u00e9crose avasculaire. Si votre douleur \u00e0 la hanche vous g\u00eane dans vos activit\u00e9s quotidiennes et nuit \u00e0 votre qualit\u00e9 de vie, la pose d&rsquo;une proth\u00e8se de hanche peut \u00eatre la solution.<\/p>\n<p><strong>La proc\u00e9dure :<\/strong><\/p>\n<p>L&rsquo;arthroplastie de la hanche consiste \u00e0 retirer l&rsquo;articulation endommag\u00e9e et \u00e0 la remplacer par une proth\u00e8se de hanche. L&rsquo;intervention est r\u00e9alis\u00e9e sous anesth\u00e9sie afin d&rsquo;assurer votre confort. Le chirurgien pratique une incision et retire avec pr\u00e9caution l&rsquo;articulation endommag\u00e9e. L&rsquo;implant proth\u00e9tique est ensuite plac\u00e9 en toute s\u00e9curit\u00e9 pour reproduire la fonction de l&rsquo;articulation naturelle de la hanche.<\/p>\n<p><strong>Avantages de l&rsquo;arthroplastie de la hanche :<\/strong><\/p>\n<ol>\n<li><strong>Soulagement de la douleur :<\/strong> l&rsquo;arthroplastie de la hanche offre un soulagement substantiel de la douleur chronique de la hanche, ce qui vous permet de retrouver un mode de vie actif.<\/li>\n<li><strong>Am\u00e9lioration de la mobilit\u00e9 :<\/strong> L&rsquo;intervention chirurgicale peut restaurer votre capacit\u00e9 \u00e0 marcher, \u00e0 vous d\u00e9placer et \u00e0 participer \u00e0 des activit\u00e9s sans g\u00eane.<\/li>\n<li><strong>Une meilleure qualit\u00e9 de vie :<\/strong> Avec une proth\u00e8se de hanche r\u00e9ussie, vous pouvez profiter d&rsquo;une vie plus \u00e9panouie et sans douleur.<\/li>\n<\/ol>\n<p>Les arthroplasties du genou et de la hanche sur mesure sont des solutions efficaces pour soulager la douleur et am\u00e9liorer la mobilit\u00e9.<\/p>\n<p>Si vous ressentez une g\u00eane persistante au niveau du genou ou de la hanche qui limite vos activit\u00e9s quotidiennes, envisagez de consulter le Dr Nakul Karkare, un chirurgien orthop\u00e9dique tr\u00e8s exp\u00e9riment\u00e9, afin d&rsquo;\u00e9tudier la proc\u00e9dure la mieux adapt\u00e9e \u00e0 vos besoins. Le Dr Karkare et son \u00e9quipe vous fourniront des soins personnalis\u00e9s pour vous aider \u00e0 retrouver votre qualit\u00e9 de vie gr\u00e2ce \u00e0 ces options chirurgicales avanc\u00e9es.<\/p>\n<p>&nbsp;<\/p>\n<h1><\/h1>\n<h1>\u00c0 propos de Peconic<\/h1>\n<p>Peconic, NY est un petit hameau situ\u00e9 dans la ville de Southold dans le comt\u00e9 de Suffolk, New York. Elle est situ\u00e9e sur la fourche nord de Long Island et est connue pour ses belles plages, ses vignobles et ses fermes. Voici quelques informations compl\u00e9mentaires sur Peconic, NY :<\/p>\n<p><strong>L&rsquo;histoire<\/strong><br \/>\nPeconic a \u00e9t\u00e9 colonis\u00e9 pour la premi\u00e8re fois au XVIIe si\u00e8cle par des Anglais. Il s&rsquo;agissait \u00e0 l&rsquo;origine d&rsquo;une communaut\u00e9 agricole, et de nombreuses fermes et granges d&rsquo;origine subsistent encore aujourd&rsquo;hui. Au XIXe si\u00e8cle, Peconic est devenu un centre de construction navale et de p\u00eache, et l&rsquo;\u00e9conomie du hameau a prosp\u00e9r\u00e9. Aujourd&rsquo;hui, Peconic est une destination touristique populaire, connue pour ses plages, ses vignobles et ses fermes.<\/p>\n<p><strong>Culture<\/strong><br \/>\nPeconic est un hameau dot\u00e9 d&rsquo;une culture unique, profond\u00e9ment enracin\u00e9e dans son patrimoine agricole et halieutique. Elle est r\u00e9put\u00e9e pour ses restaurants de fruits de mer, ses vignobles et ses fermes. Le hameau poss\u00e8de une architecture historique vari\u00e9e, dont plusieurs maisons et b\u00e2timents historiques. Peconic abrite \u00e9galement plusieurs galeries d&rsquo;art et mus\u00e9es, dont la Southold Historical Society, qui pr\u00e9sente des expositions sur l&rsquo;histoire et la culture de la r\u00e9gion.<\/p>\n<p><strong>Donn\u00e9es d\u00e9mographiques<\/strong><br \/>\nSelon le Bureau du recensement des \u00c9tats-Unis, la population de Peconic \u00e9tait de 683 habitants au recensement de 2010. La composition raciale du hameau \u00e9tait la suivante : 96,6 % de Blancs, 0,4 % d&rsquo;Afro-am\u00e9ricains, 0,1 % d&rsquo;Am\u00e9rindiens, 0,4 % d&rsquo;Asiatiques, 0,1 % d&rsquo;insulaires du Pacifique, 1,0 % d&rsquo;autres races et 1,4 % de personnes appartenant \u00e0 deux races ou plus. Les Hispaniques ou Latinos de toute race repr\u00e9sentaient 5,4 % de la population.<\/p>\n<p><strong>Tourisme<\/strong><br \/>\nPeconic est une destination touristique populaire, surtout pendant les mois d&rsquo;\u00e9t\u00e9. Les visiteurs peuvent profiter d&rsquo;une vari\u00e9t\u00e9 d&rsquo;activit\u00e9s, y compris des activit\u00e9s de plage, des d\u00e9gustations de vin et des visites de fermes. Le hameau poss\u00e8de plusieurs parcs et plages, dont la Peconic Bay Beach, qui dispose d&rsquo;une aire de jeux, d&rsquo;une aire de pique-nique et d&rsquo;un snack-bar. Les visiteurs peuvent \u00e9galement faire le tour des vignobles sur le North Fork Wine Trail, qui passe par Peconic. Peconic abrite \u00e9galement plusieurs fermes, dont la Sang Lee Farms, qui propose des visites et des d\u00e9gustations de ses produits frais.<\/p>\n<p><strong>Immobilier<\/strong><br \/>\nEn octobre 2023, il y a plusieurs maisons \u00e0 vendre \u00e0 Peconic, NY, allant de 1 200 000 $ \u00e0 3 500 000 $. Il y a \u00e9galement plusieurs condos et maisons de ville \u00e0 vendre dans la r\u00e9gion, entre 399 000 et 1 200 000 dollars. La valeur m\u00e9diane des maisons \u00e0 Peconic est de 1 500 000 $.<\/p>\n<p>Peconic, NY est un charmant hameau dot\u00e9 d&rsquo;un patrimoine culturel unique et d&rsquo;une grande vari\u00e9t\u00e9 d&rsquo;activit\u00e9s pour les visiteurs. Elle est connue pour sa culture de l&rsquo;agriculture et de la p\u00eache, ses vignobles et ses plages, ainsi que pour son architecture historique, ses galeries d&rsquo;art et ses mus\u00e9es. Le hameau abrite \u00e9galement plusieurs parcs et plages, des fermes et des vignobles. Que vous cherchiez \u00e0 visiter Peconic ou \u00e0 y \u00e9lire domicile, c&rsquo;est un endroit merveilleux.<\/p>\n<p>&nbsp;<\/p>\n<h2>Directions<\/h2>\n<p><span class=\"\">Voici l&rsquo;itin\u00e9raire \u00e0 suivre pour se rendre de New Peconic, NY \u00e0 Complete Orthopedics, 887 Old Country Rd, Suite A, Riverhead, NY 11901 :<\/span><\/p>\n<ol class=\"list-outside list-decimal marker:font-mono marker:text-sm pl-11\">\n<li><span class=\"\">Prendre la direction est sur Peconic Ln vers New Suffolk Ave.<\/span><\/li>\n<li><span class=\"\">Tourner \u00e0 gauche sur New Suffolk Ave.<\/span><\/li>\n<li><span class=\"\">Tourner \u00e0 droite sur Main Rd.<\/span><\/li>\n<li><span class=\"\">Tourner \u00e0 gauche sur la route d\u00e9partementale 48.<\/span><\/li>\n<li><span class=\"\">Tourner \u00e0 gauche sur la route d\u00e9partementale 105.<\/span><\/li>\n<li><span class=\"\">Tourner \u00e0 droite sur Old Country Rd.<\/span><\/li>\n<li><span class=\"\">Complete Orthopedics se trouve sur votre droite au 887 Old Country Rd, Suite A, Riverhead, NY 11901.<\/span><\/li>\n<\/ol>\n<p><span class=\"\">La distance totale en voiture est d&rsquo;environ 10 miles et devrait prendre environ 20 minutes, en fonction de la circulation.<\/span><span class=\"\">Complete Orthopedics est situ\u00e9 \u00e0 Riverhead, NY, \u00e0 proximit\u00e9 de New Peconic. Le bureau est ouvert 24 heures sur 24, 7 jours sur 7, sur rendez-vous, et offre l&rsquo;expertise d&rsquo;un groupe plus important avec le d\u00e9vouement et le travail d&rsquo;\u00e9quipe n\u00e9cessaires pour fournir une attention et des soins plus personnels.<\/span><\/p>\n<div class=\"inline-flex relative -top-[0.3rem] light font-sans text-base text-textOff dark:text-textOffDark selection:bg-superDuper selection:text-textMain\"><\/div>\n<p><span class=\"\"><span class=\"whitespace-nowrap\">.<\/span><\/span><\/p>\n<h2>Soins de sant\u00e9 pr\u00e8s de Peconic<\/h2>\n<p><strong>Pharmacies :<\/strong><br \/>\n&#8211; CVS Pharmacy, 1116 Old Country Rd, Riverhead, NY 11901<br \/>\n&#8211; Walgreens Pharmacy, 1196 Flanders Rd, Flanders, NY 11901<br \/>\n&#8211; Rite Aid Pharmacy, 165 W Montauk Hwy, Hampton Bays, NY 11946<\/p>\n<p><strong>Centres de radiologie :<\/strong><br \/>\n&#8211; Peconic Bay Medical Center Radiology, 1300 Roanoke Ave, Riverhead, NY 11901<br \/>\n&#8211; East End Radiology, 133 E Main St, Riverhead, NY 11901<br \/>\n&#8211; Northwell Health Imaging at East Setauket, 4 Technology Dr, East Setauket, NY 11733<\/p>\n<p><strong>Centres de soins d&rsquo;urgence :<\/strong><br \/>\n&#8211; Northwell Health-GoHealth Urgent Care, 2044 Montauk Hwy, Bridgehampton, NY 11932<br \/>\n&#8211; Hampton Medical Care, 225 W Montauk Hwy, Hampton Bays, NY 11946<br \/>\n&#8211; Soins urgents \u00e0 Hampton Bays, NY| Northwell Health, 225 W Montauk Hwy, Hampton Bays, NY 11946<\/p>\n<p><strong>H\u00f4pitaux :<\/strong><br \/>\n&#8211; Centre m\u00e9dical de Peconic Bay, 1300 Roanoke Ave, Riverhead, NY 11901<br \/>\n&#8211; H\u00f4pital Stony Brook Southampton, 240 Meeting House Ln, Southampton, NY 11968<br \/>\n&#8211; Centre m\u00e9dical de l&rsquo;h\u00f4pital Good Samaritan, 1000 Montauk Hwy, West Islip, NY 11795<\/p>\n<p>Ces pharmacies, centres de radiologie, centres de soins d&rsquo;urgence et h\u00f4pitaux se trouvent tous \u00e0 une distance raisonnable de Peconic, NY et peuvent fournir des soins et des services m\u00e9dicaux \u00e0 la communaut\u00e9.<\/p>\n<p>Nous sommes tr\u00e8s fiers de fournir des soins orthop\u00e9diques complets aux patients de divers h\u00f4pitaux et centres de soins d&rsquo;urgence de notre communaut\u00e9, y compris ceux mentionn\u00e9s plus haut.<\/p>\n<p>Que vous ayez besoin d&rsquo;un traitement orthop\u00e9dique ou que vous souhaitiez simplement nous consulter pour tout probl\u00e8me orthop\u00e9dique, n&rsquo;h\u00e9sitez pas \u00e0 contacter notre \u00e9quipe d\u00e9vou\u00e9e, disponible 24 heures sur 24 et 7 jours sur 7. Nous sommes l\u00e0 pour vous aider rapidement et avec compassion.<\/p>\n<p>De nombreuses personnes se rendent dans des centres de soins d&rsquo;urgence et des h\u00f4pitaux pour des blessures li\u00e9es \u00e0 l&rsquo;indemnisation des accidents du travail et \u00e0 l&rsquo;assurance sans \u00e9gard \u00e0 la responsabilit\u00e9. Si votre blessure ne n\u00e9cessite pas une visite \u00e0 l&rsquo;h\u00f4pital, nous sommes heureux de vous proposer un traitement orthop\u00e9dique professionnel adapt\u00e9 \u00e0 ce type de cas. N&rsquo;h\u00e9sitez pas \u00e0 nous contacter au <a href=\"tel:631-981-2663\" target=\"_blank\" rel=\"noopener\">631-981-2663<\/a> pour prendre rendez-vous avec nous d\u00e8s aujourd&rsquo;hui. Votre bien-\u00eatre est notre priorit\u00e9<\/p>\n","protected":false},"excerpt":{"rendered":"<p>Services orthop\u00e9diques complets \u00e0 Peconic, NY, offerts par le Dr Nakul Karkare Nakul Karkare vous salue ! Nous sommes votre source d\u00e9vou\u00e9e de soins orthop\u00e9diques exceptionnels et nous sommes ravis d&rsquo;annoncer l&rsquo;expansion de nos services orthop\u00e9diques complets dans la communaut\u00e9 chaleureuse et accueillante de Peconic, NY. Au cabinet du Dr Nakul Karkare, nous associons le [&hellip;]<\/p>\n","protected":false},"author":33,"featured_media":0,"parent":17604,"menu_order":0,"comment_status":"closed","ping_status":"closed","template":"","meta":{"_et_pb_use_builder":"","_et_pb_old_content":"","_et_gb_content_width":"","footnotes":""},"class_list":["post-20832","page","type-page","status-publish","hentry"],"yoast_head":"<!-- This site is optimized with the Yoast SEO plugin v27.2 - https:\/\/yoast.com\/product\/yoast-seo-wordpress\/ -->\n<title>Peconic, NY | Best Hip &amp; Knee Surgeon | NY, USA<\/title>\n<meta name=\"description\" content=\"Services orthop\u00e9diques complets \u00e0 Peconic, NY, offerts par le Dr Nakul Karkare Nakul Karkare vous salue ! Nous sommes votre source d\u00e9vou\u00e9e de soins\" \/>\n<meta name=\"robots\" content=\"index, follow, max-snippet:-1, max-image-preview:large, max-video-preview:-1\" \/>\n<link rel=\"canonical\" href=\"https:\/\/www.newyorkhipknee.com\/fr\/contact\/riverhead-meilleur-chirurgien-pour-larthroplastie-du-genou-et-de-la-hanche\/peconic-ny\/\" \/>\n<meta property=\"og:locale\" content=\"fr_FR\" \/>\n<meta property=\"og:type\" content=\"article\" \/>\n<meta property=\"og:title\" content=\"Peconic, NY | Best Hip &amp; Knee Surgeon | NY, USA\" \/>\n<meta property=\"og:description\" content=\"Services orthop\u00e9diques complets \u00e0 Peconic, NY, offerts par le Dr Nakul Karkare Nakul Karkare vous salue ! Nous sommes votre source d\u00e9vou\u00e9e de soins\" \/>\n<meta property=\"og:url\" content=\"https:\/\/www.newyorkhipknee.com\/fr\/contact\/riverhead-meilleur-chirurgien-pour-larthroplastie-du-genou-et-de-la-hanche\/peconic-ny\/\" \/>\n<meta property=\"og:site_name\" content=\"Best Hip &amp; Knee Surgeon | NY, USA\" \/>\n<meta name=\"twitter:card\" content=\"summary_large_image\" \/>\n<meta name=\"twitter:label1\" content=\"Dur\u00e9e de lecture estim\u00e9e\" \/>\n\t<meta name=\"twitter:data1\" content=\"10 minutes\" \/>\n<script type=\"application\/ld+json\" class=\"yoast-schema-graph\">{\"@context\":\"https:\/\/schema.org\",\"@graph\":[{\"@type\":[\"WebPage\",\"MedicalWebPage\"],\"@id\":\"https:\/\/www.newyorkhipknee.com\/fr\/contact\/riverhead-meilleur-chirurgien-pour-larthroplastie-du-genou-et-de-la-hanche\/peconic-ny\/\",\"url\":\"https:\/\/www.newyorkhipknee.com\/fr\/contact\/riverhead-meilleur-chirurgien-pour-larthroplastie-du-genou-et-de-la-hanche\/peconic-ny\/\",\"name\":\"Peconic, NY | Best Hip &amp; Knee Surgeon | NY, USA\",\"isPartOf\":{\"@id\":\"https:\/\/www.newyorkhipknee.com\/fr\/#website\"},\"datePublished\":\"2023-11-13T19:37:58+00:00\",\"description\":\"Services orthop\u00e9diques complets \u00e0 Peconic, NY, offerts par le Dr Nakul Karkare Nakul Karkare vous salue ! Nous sommes votre source d\u00e9vou\u00e9e de soins\",\"breadcrumb\":{\"@id\":\"https:\/\/www.newyorkhipknee.com\/fr\/contact\/riverhead-meilleur-chirurgien-pour-larthroplastie-du-genou-et-de-la-hanche\/peconic-ny\/#breadcrumb\"},\"inLanguage\":\"fr-FR\",\"potentialAction\":[{\"@type\":\"ReadAction\",\"target\":[\"https:\/\/www.newyorkhipknee.com\/fr\/contact\/riverhead-meilleur-chirurgien-pour-larthroplastie-du-genou-et-de-la-hanche\/peconic-ny\/\"]}]},{\"@type\":\"BreadcrumbList\",\"@id\":\"https:\/\/www.newyorkhipknee.com\/fr\/contact\/riverhead-meilleur-chirurgien-pour-larthroplastie-du-genou-et-de-la-hanche\/peconic-ny\/#breadcrumb\",\"itemListElement\":[{\"@type\":\"ListItem\",\"position\":1,\"name\":\"Home\",\"item\":\"https:\/\/www.newyorkhipknee.com\/fr\/\"},{\"@type\":\"ListItem\",\"position\":2,\"name\":\"CONTACT\",\"item\":\"https:\/\/www.newyorkhipknee.com\/fr\/contact\/\"},{\"@type\":\"ListItem\",\"position\":3,\"name\":\"Riverhead &#8211; Meilleur chirurgien pour l&#8217;arthroplastie du genou et de la hanche\",\"item\":\"https:\/\/www.newyorkhipknee.com\/fr\/contact\/riverhead-meilleur-chirurgien-pour-larthroplastie-du-genou-et-de-la-hanche\/\"},{\"@type\":\"ListItem\",\"position\":4,\"name\":\"Peconic, NY\"}]},{\"@type\":\"WebSite\",\"@id\":\"https:\/\/www.newyorkhipknee.com\/fr\/#website\",\"url\":\"https:\/\/www.newyorkhipknee.com\/fr\/\",\"name\":\"Best Hip & Knee Surgeon | NY, USA\",\"description\":\"\",\"potentialAction\":[{\"@type\":\"SearchAction\",\"target\":{\"@type\":\"EntryPoint\",\"urlTemplate\":\"https:\/\/www.newyorkhipknee.com\/fr\/?s={search_term_string}\"},\"query-input\":{\"@type\":\"PropertyValueSpecification\",\"valueRequired\":true,\"valueName\":\"search_term_string\"}}],\"inLanguage\":\"fr-FR\"}]}<\/script>\n<!-- \/ Yoast SEO plugin. -->","yoast_head_json":{"title":"Peconic, NY | Best Hip &amp; Knee Surgeon | NY, USA","description":"Services orthop\u00e9diques complets \u00e0 Peconic, NY, offerts par le Dr Nakul Karkare Nakul Karkare vous salue ! Nous sommes votre source d\u00e9vou\u00e9e de soins","robots":{"index":"index","follow":"follow","max-snippet":"max-snippet:-1","max-image-preview":"max-image-preview:large","max-video-preview":"max-video-preview:-1"},"canonical":"https:\/\/www.newyorkhipknee.com\/fr\/contact\/riverhead-meilleur-chirurgien-pour-larthroplastie-du-genou-et-de-la-hanche\/peconic-ny\/","og_locale":"fr_FR","og_type":"article","og_title":"Peconic, NY | Best Hip &amp; Knee Surgeon | NY, USA","og_description":"Services orthop\u00e9diques complets \u00e0 Peconic, NY, offerts par le Dr Nakul Karkare Nakul Karkare vous salue ! Nous sommes votre source d\u00e9vou\u00e9e de soins","og_url":"https:\/\/www.newyorkhipknee.com\/fr\/contact\/riverhead-meilleur-chirurgien-pour-larthroplastie-du-genou-et-de-la-hanche\/peconic-ny\/","og_site_name":"Best Hip &amp; Knee Surgeon | NY, USA","twitter_card":"summary_large_image","twitter_misc":{"Dur\u00e9e de lecture estim\u00e9e":"10 minutes"},"schema":{"@context":"https:\/\/schema.org","@graph":[{"@type":["WebPage","MedicalWebPage"],"@id":"https:\/\/www.newyorkhipknee.com\/fr\/contact\/riverhead-meilleur-chirurgien-pour-larthroplastie-du-genou-et-de-la-hanche\/peconic-ny\/","url":"https:\/\/www.newyorkhipknee.com\/fr\/contact\/riverhead-meilleur-chirurgien-pour-larthroplastie-du-genou-et-de-la-hanche\/peconic-ny\/","name":"Peconic, NY | Best Hip &amp; Knee Surgeon | NY, USA","isPartOf":{"@id":"https:\/\/www.newyorkhipknee.com\/fr\/#website"},"datePublished":"2023-11-13T19:37:58+00:00","description":"Services orthop\u00e9diques complets \u00e0 Peconic, NY, offerts par le Dr Nakul Karkare Nakul Karkare vous salue ! Nous sommes votre source d\u00e9vou\u00e9e de soins","breadcrumb":{"@id":"https:\/\/www.newyorkhipknee.com\/fr\/contact\/riverhead-meilleur-chirurgien-pour-larthroplastie-du-genou-et-de-la-hanche\/peconic-ny\/#breadcrumb"},"inLanguage":"fr-FR","potentialAction":[{"@type":"ReadAction","target":["https:\/\/www.newyorkhipknee.com\/fr\/contact\/riverhead-meilleur-chirurgien-pour-larthroplastie-du-genou-et-de-la-hanche\/peconic-ny\/"]}]},{"@type":"BreadcrumbList","@id":"https:\/\/www.newyorkhipknee.com\/fr\/contact\/riverhead-meilleur-chirurgien-pour-larthroplastie-du-genou-et-de-la-hanche\/peconic-ny\/#breadcrumb","itemListElement":[{"@type":"ListItem","position":1,"name":"Home","item":"https:\/\/www.newyorkhipknee.com\/fr\/"},{"@type":"ListItem","position":2,"name":"CONTACT","item":"https:\/\/www.newyorkhipknee.com\/fr\/contact\/"},{"@type":"ListItem","position":3,"name":"Riverhead &#8211; Meilleur chirurgien pour l&#8217;arthroplastie du genou et de la hanche","item":"https:\/\/www.newyorkhipknee.com\/fr\/contact\/riverhead-meilleur-chirurgien-pour-larthroplastie-du-genou-et-de-la-hanche\/"},{"@type":"ListItem","position":4,"name":"Peconic, NY"}]},{"@type":"WebSite","@id":"https:\/\/www.newyorkhipknee.com\/fr\/#website","url":"https:\/\/www.newyorkhipknee.com\/fr\/","name":"Best Hip & Knee Surgeon | NY, USA","description":"","potentialAction":[{"@type":"SearchAction","target":{"@type":"EntryPoint","urlTemplate":"https:\/\/www.newyorkhipknee.com\/fr\/?s={search_term_string}"},"query-input":{"@type":"PropertyValueSpecification","valueRequired":true,"valueName":"search_term_string"}}],"inLanguage":"fr-FR"}]}},"_links":{"self":[{"href":"https:\/\/www.newyorkhipknee.com\/fr\/wp-json\/wp\/v2\/pages\/20832","targetHints":{"allow":["GET"]}}],"collection":[{"href":"https:\/\/www.newyorkhipknee.com\/fr\/wp-json\/wp\/v2\/pages"}],"about":[{"href":"https:\/\/www.newyorkhipknee.com\/fr\/wp-json\/wp\/v2\/types\/page"}],"author":[{"embeddable":true,"href":"https:\/\/www.newyorkhipknee.com\/fr\/wp-json\/wp\/v2\/users\/33"}],"replies":[{"embeddable":true,"href":"https:\/\/www.newyorkhipknee.com\/fr\/wp-json\/wp\/v2\/comments?post=20832"}],"version-history":[{"count":0,"href":"https:\/\/www.newyorkhipknee.com\/fr\/wp-json\/wp\/v2\/pages\/20832\/revisions"}],"up":[{"embeddable":true,"href":"https:\/\/www.newyorkhipknee.com\/fr\/wp-json\/wp\/v2\/pages\/17604"}],"wp:attachment":[{"href":"https:\/\/www.newyorkhipknee.com\/fr\/wp-json\/wp\/v2\/media?parent=20832"}],"curies":[{"name":"wp","href":"https:\/\/api.w.org\/{rel}","templated":true}]}}