{"id":20847,"date":"2023-11-15T15:39:01","date_gmt":"2023-11-15T20:39:01","guid":{"rendered":"https:\/\/newyorkhipknee.com\/contact\/babylone-meilleur-chirurgien-pour-les-protheses-de-hanche-et-de-genou\/bay-shore-ny\/"},"modified":"2023-11-15T15:39:01","modified_gmt":"2023-11-15T20:39:01","slug":"bay-shore-ny","status":"publish","type":"page","link":"https:\/\/www.newyorkhipknee.com\/fr\/contact\/babylone-meilleur-chirurgien-pour-les-protheses-de-hanche-et-de-genou\/bay-shore-ny\/","title":{"rendered":"Bay Shore, NY"},"content":{"rendered":"<h1>Centre orthop\u00e9dique du Dr Nakul Karkare : Votre partenaire de confiance en mati\u00e8re de soins orthop\u00e9diques, reliant Babylon \u00e0 Bay Shore, NY<\/h1>\n<p>Bienvenue au Centre orthop\u00e9dique du Dr Nakul Karkare, votre source d\u00e9vou\u00e9e de soins orthop\u00e9diques de premier ordre qui relie de mani\u00e8re transparente la communaut\u00e9 dynamique de Centereach \u00e0 la ville voisine de Bay Shore, New York. Nous sommes fiers d&rsquo;\u00eatre votre destination locale en mati\u00e8re de soins orthop\u00e9diques, et nous nous engageons \u00e0 am\u00e9liorer le bien-\u00eatre des r\u00e9sidents et des individus dans cette r\u00e9gion dynamique.<\/p>\n<p>Le Dr Nakul Karkare est un orthop\u00e9diste hautement qualifi\u00e9 qui se passionne pour les soins orthop\u00e9diques complets, compatissants et de pointe. Il comprend le r\u00f4le essentiel que joue la sant\u00e9 orthop\u00e9dique dans votre vie quotidienne.<\/p>\n<p>Que vous soyez sur la voie de la gu\u00e9rison apr\u00e8s une blessure, que vous g\u00e9riez des troubles musculo-squelettiques chroniques ou que vous cherchiez des conseils pour atteindre un bien-\u00eatre orthop\u00e9dique optimal, le docteur Nakul Karkare et son \u00e9quipe d&rsquo;experts sont l\u00e0 pour vous guider vers une mobilit\u00e9 am\u00e9lior\u00e9e et une vie sans douleur.<\/p>\n<p>Notre pr\u00e9sence relie de fa\u00e7on transparente <a href=\"https:\/\/newyorkhipknee.com\/contact\/babylon-orthopedic-surgeon\/about-babylon-ny\/\" target=\"_blank\" rel=\"noopener\">Babylone<\/a> \u00e0 Bay Shore, vous assurant un acc\u00e8s pratique \u00e0 nos services orthop\u00e9diques exceptionnels. Gr\u00e2ce \u00e0 notre blog informatif et \u00e0 nos ressources \u00e9ducatives, nous souhaitons vous apporter des informations pr\u00e9cieuses, les derni\u00e8res avanc\u00e9es en mati\u00e8re de traitements orthop\u00e9diques et des conseils pratiques pour vous aider \u00e0 mener un mode de vie actif et sain. Le centre orthop\u00e9dique du Dr Nakul Karkare est votre partenaire de confiance sur la voie d&rsquo;une meilleure sant\u00e9 orthop\u00e9dique.<\/p>\n<p>&nbsp;<\/p>\n<h2 class=\"nitro-offscreen\">Nous avons l&rsquo;honneur de proposer une large gamme de services orthop\u00e9diques dans les environs de Bay Shore, NY :<\/h2>\n<h2><a role=\"link\" href=\"https:\/\/newyorkhipknee.com\/custom-knee-replacement-surgery\/\" target=\"_blank\" rel=\"noopener\"><strong>Remplacement du genou sur mesure :<\/strong><\/a><\/h2>\n<ul>\n<li>L&rsquo;arthroplastie personnalis\u00e9e du genou est une proc\u00e9dure chirurgicale qui offre aux patients une solution individualis\u00e9e \u00e0 leurs probl\u00e8mes d&rsquo;articulation du genou. Elle consiste \u00e0 remplacer une articulation du genou endommag\u00e9e par un implant artificiel soigneusement adapt\u00e9 \u00e0 l&rsquo;anatomie unique du patient.<\/li>\n<li>L&rsquo;implant est m\u00e9ticuleusement fabriqu\u00e9 \u00e0 l&rsquo;aide d&rsquo;une technologie d&rsquo;imagerie avanc\u00e9e qui g\u00e9n\u00e8re un mod\u00e8le en 3D de l&rsquo;articulation du genou du patient. Ce mod\u00e8le sert de plan pour la cr\u00e9ation d&rsquo;un implant sur mesure qui s&rsquo;adapte avec pr\u00e9cision au genou du patient.<\/li>\n<li>Cette proc\u00e9dure est recommand\u00e9e pour les patients qui souffrent de douleurs, de raideurs et de gonflements importants au niveau du genou, ce qui a un impact significatif sur leurs activit\u00e9s quotidiennes et leur qualit\u00e9 de vie en g\u00e9n\u00e9ral.<\/li>\n<li>Une proth\u00e8se de genou sur mesure peut apporter un soulagement en r\u00e9duisant la douleur, en am\u00e9liorant la mobilit\u00e9 et, en fin de compte, en augmentant la qualit\u00e9 de vie globale du patient.<\/li>\n<li>Le docteur Karkare est hautement qualifi\u00e9 dans la r\u00e9alisation de proc\u00e9dures chirurgicales mini-invasives pour le remplacement des articulations. Il utilise des techniques innovantes et une technologie de pointe pour assurer la mise en place pr\u00e9cise des composants de l&rsquo;implant \u00e0 travers des incisions plus petites, \u00e9pargnant les tissus.<\/li>\n<li>Les patients qui subissent une arthroplastie personnalis\u00e9e du genou peuvent s&rsquo;attendre \u00e0 ressentir moins d&rsquo;inconfort, \u00e0 se r\u00e9tablir plus rapidement et \u00e0 b\u00e9n\u00e9ficier d&rsquo;une meilleure amplitude de mouvement que dans le cas d&rsquo;une arthroplastie conventionnelle du genou.<\/li>\n<\/ul>\n<p>&nbsp;<\/p>\n<h2><a role=\"link\" href=\"https:\/\/newyorkhipknee.com\/hip-replacement-surgery\/\" target=\"_blank\" rel=\"noopener\"><strong>Remplacement de la hanche :<\/strong><\/a><\/h2>\n<ul>\n<li>L&rsquo;arthroplastie de la hanche est une intervention chirurgicale destin\u00e9e \u00e0 redonner de la mobilit\u00e9 aux patients et \u00e0 les soulager des douleurs de l&rsquo;articulation de la hanche. Elle consiste \u00e0 remplacer une articulation de la hanche endommag\u00e9e par un implant artificiel m\u00e9ticuleusement con\u00e7u pour imiter la structure et le fonctionnement naturels de l&rsquo;articulation de la hanche.<\/li>\n<li>Cette intervention est recommand\u00e9e aux patients qui souffrent de douleurs, de raideurs et de gonflements importants de la hanche qui entravent consid\u00e9rablement leurs activit\u00e9s quotidiennes et leur qualit\u00e9 de vie en g\u00e9n\u00e9ral.<\/li>\n<li>Le Dr Karkare est hautement qualifi\u00e9 dans les techniques chirurgicales traditionnelles \u00ab\u00a0ouvertes\u00a0\u00bb et les approches mini-invasives pour la chirurgie de remplacement de la hanche.<\/li>\n<li>Les patients qui subissent une arthroplastie de la hanche peuvent s&rsquo;attendre \u00e0 ressentir moins de douleur, \u00e0 se r\u00e9tablir plus rapidement et \u00e0 b\u00e9n\u00e9ficier d&rsquo;une meilleure amplitude de mouvement par rapport \u00e0 leur \u00e9tat avant l&rsquo;op\u00e9ration.<\/li>\n<li>Le docteur Karkare utilise des approches innovantes et une technologie de pointe pour garantir la mise en place pr\u00e9cise des composants de l&rsquo;implant par le biais d&rsquo;incisions plus petites, \u00e9pargnant les tissus.<\/li>\n<li>Les patients qui subissent une arthroplastie de la hanche peuvent s&rsquo;attendre \u00e0 b\u00e9n\u00e9ficier d&rsquo;un plus grand confort, d&rsquo;un r\u00e9tablissement plus rapide et d&rsquo;une meilleure amplitude de mouvement par rapport \u00e0 leur \u00e9tat avant l&rsquo;op\u00e9ration.<\/li>\n<\/ul>\n<p><strong>Avantages de l&rsquo;arthroplastie personnalis\u00e9e du genou et de la hanche :<\/strong><\/p>\n<ul>\n<li>Att\u00e9nuation de la douleur et de l&rsquo;inconfort li\u00e9s aux l\u00e9sions articulaires<\/li>\n<li>Am\u00e9lioration de la mobilit\u00e9 et de l&rsquo;amplitude des mouvements<\/li>\n<li>Une meilleure qualit\u00e9 de vie globale<\/li>\n<li>R\u00e9cup\u00e9ration rapide par rapport \u00e0 la chirurgie traditionnelle<\/li>\n<li>Techniques chirurgicales mini-invasives permettant de r\u00e9duire l&rsquo;inconfort et d&rsquo;acc\u00e9l\u00e9rer le r\u00e9tablissement.<\/li>\n<\/ul>\n<p>&nbsp;<\/p>\n<h1>\u00c0 propos de Bay Shore<\/h1>\n<p>Bay Shore, NY est un hameau situ\u00e9 dans la ville d&rsquo;Islip, dans le comt\u00e9 de Suffolk, New York, \u00c9tats-Unis, sur la rive sud de Long Island. La ville a une histoire riche, une culture vivante et une industrie touristique florissante. Dans cet article, nous allons explorer l&rsquo;histoire, la culture et le tourisme de Bay Shore, NY.<\/p>\n<p>&nbsp;<\/p>\n<p><strong>Histoire de Bay Shore, NY<\/strong><\/p>\n<p>Bay Shore, NY, a une histoire riche qui remonte au XVIIe si\u00e8cle, lorsque des colons anglais se sont install\u00e9s dans la r\u00e9gion. La ville \u00e9tait principalement une communaut\u00e9 agricole jusqu&rsquo;\u00e0 la fin du XIXe si\u00e8cle, \u00e9poque \u00e0 laquelle elle est devenue une destination de vill\u00e9giature estivale populaire pour les riches New-Yorkais.<\/p>\n<p>Bay Shore est devenu c\u00e9l\u00e8bre \u00e0 la fin du XIXe si\u00e8cle pour son quartier commer\u00e7ant et ses stations baln\u00e9aires. Ce hameau rural est devenu populaire aupr\u00e8s des New-Yorkais ais\u00e9s qui cherchaient \u00e0 fuir la ville pour se rendre sur les plages de sable blanc de la Great South Bay et dans les villages de p\u00eacheurs de Fire Island. C&rsquo;\u00e9tait un lieu touristique pendant les week-ends et l&rsquo;\u00e9t\u00e9, en grande partie parce que la nouvelle Long Island Rail Road permettait un acc\u00e8s facile depuis la ville de New York.<\/p>\n<p>&nbsp;<\/p>\n<p><strong>Culture de Bay Shore, NY<\/strong><\/p>\n<p>Bay Shore, NY a une histoire culturelle riche, et la ville a accueilli un certain nombre d&rsquo;artistes et d&rsquo;\u00e9crivains de renomm\u00e9e mondiale au fil des ans. La ville abrite \u00e9galement un certain nombre de mus\u00e9es et d&rsquo;institutions culturelles, dont la Bay Shore Historical Society, qui conserve une vaste collection d&rsquo;objets et d&rsquo;images li\u00e9s \u00e0 l&rsquo;histoire de Bay Shore.<\/p>\n<p>La ville est \u00e9galement connue pour son patrimoine agricole et abrite un certain nombre de fermes et de vignobles. Les visiteurs peuvent visiter les vignobles locaux et d\u00e9guster certains des meilleurs vins de la r\u00e9gion.<\/p>\n<p>&nbsp;<\/p>\n<p><strong>Tourisme \u00e0 Bay Shore, NY<\/strong><\/p>\n<p>Bay Shore, NY est une destination touristique populaire, en partie gr\u00e2ce \u00e0 ses belles plages, ses charmants villages et son riche patrimoine culturel. La ville abrite un certain nombre d&rsquo;attractions qui attirent des visiteurs du monde entier.<\/p>\n<p>L&rsquo;une des attractions les plus populaires de Bay Shore est le Fire Island National Seashore, qui est une grande \u00eele centrale des \u00eeles-barri\u00e8res ext\u00e9rieures parall\u00e8les \u00e0 la c\u00f4te sud de Long Island. Les visiteurs peuvent profiter des belles plages, faire de la randonn\u00e9e, observer les oiseaux et explorer le phare historique.<\/p>\n<p>Une autre attraction populaire de Bay Shore est le Bay Shore Performing Arts Center, qui accueille une vari\u00e9t\u00e9 de spectacles tout au long de l&rsquo;ann\u00e9e. Les visiteurs peuvent assister \u00e0 des concerts, des pi\u00e8ces de th\u00e9\u00e2tre et d&rsquo;autres \u00e9v\u00e9nements culturels au centre.<\/p>\n<p>Bay Shore abrite \u00e9galement un certain nombre de beaux parcs et de r\u00e9serves naturelles, dont le Bayard Cutting Arboretum State Park, qui propose des sentiers de randonn\u00e9e et des possibilit\u00e9s d&rsquo;observation des oiseaux. Les visiteurs peuvent explorer la beaut\u00e9 naturelle de la ville et profiter de la paix et de la tranquillit\u00e9 des grands espaces.<\/p>\n<p>Bay Shore, NY, est une ville \u00e0 l&rsquo;histoire riche, \u00e0 la culture dynamique et \u00e0 l&rsquo;industrie touristique florissante. Les visiteurs de la ville peuvent d\u00e9couvrir ses mus\u00e9es et ses institutions culturelles, d\u00e9guster ses vins et profiter de ses belles plages. Que vous soyez passionn\u00e9 d&rsquo;histoire, amateur de vin ou adepte de la plage, Bay Shore a quelque chose \u00e0 offrir \u00e0 chacun.<\/p>\n<p>&nbsp;<\/p>\n<h2>Directions<\/h2>\n<p>Voici l&rsquo;itin\u00e9raire \u00e0 suivre pour se rendre de Bay Shore, NY \u00e0 Complete Orthopedics, 46 Little East Neck Rd Unit A, Babylon, NY 11702 :<\/p>\n<p>1. Prendre la direction sud sur 5th Ave vers Union Blvd.<br \/>\n2. Tourner \u00e0 gauche sur Union Blvd.<br \/>\n3. Tourner \u00e0 droite sur la 4e Ave.<br \/>\n4. Tourner \u00e0 gauche sur NY-27A E\/Montauk Hwy.<br \/>\n5. Tourner \u00e0 droite sur Little East Neck Rd N.<br \/>\n6. Complete Orthopedics sera sur la gauche au 46 Little East Neck Rd Unit A.<\/p>\n<p>La distance totale en voiture est d&rsquo;environ 7,5 miles et devrait prendre environ 15 minutes, en fonction du trafic.<\/p>\n<p>&nbsp;<\/p>\n<h2>Soins de sant\u00e9 pr\u00e8s de Bay Shore<\/h2>\n<p><strong>Pharmacies<\/strong><\/p>\n<p>1. CVS Pharmacy &#8211; 1701 Sunrise Hwy, Bay Shore, NY 11706<br \/>\n2. Walgreens Pharmacy &#8211; 2040 Sunrise Hwy, Bay Shore, NY 11706<br \/>\n3. Rite Aid Pharmacy &#8211; 1191 Sunrise Hwy, Bay Shore, NY 11706<\/p>\n<p>&nbsp;<\/p>\n<p><strong>Centres de radiologie<\/strong><\/p>\n<p>1. South Shore Radiology &#8211; 375 E Main St, Bay Shore, NY 11706<br \/>\n2. Long Island Medical Imaging &#8211; 375 E Main St, Bay Shore, NY 11706<br \/>\n3. Centre m\u00e9dical de l&rsquo;h\u00f4pital du Bon Samaritain &#8211; 1000 Montauk Hwy, West Islip, NY 11795<\/p>\n<p>&nbsp;<\/p>\n<p><strong>Centres de soins d&rsquo;urgence<\/strong><\/p>\n<p>1. Northwell Health-GoHealth Urgent Care &#8211; 1701 Sunrise Hwy, Bay Shore, NY 11706<br \/>\n2. ProHEALTH Urgent Care &#8211; 725 Sunrise Hwy, West Islip, NY 11795<br \/>\n3. Stat Health Immediate Medical Care &#8211; 597 Montauk Hwy, West Babylon, NY 11704<\/p>\n<p>&nbsp;<\/p>\n<p><strong>H\u00f4pitaux<\/strong><\/p>\n<p>1. H\u00f4pital Southside &#8211; 301 E Main St, Bay Shore, NY 11706<br \/>\n2. Centre m\u00e9dical de l&rsquo;h\u00f4pital du Bon Samaritain &#8211; 1000 Montauk Hwy, West Islip, NY 11795<br \/>\n3. Centre m\u00e9dical de l&rsquo;h\u00f4pital Brookhaven Memorial &#8211; 101 Hospital Rd, Patchogue, NY 11772<\/p>\n<p>Note : Les informations fournies sont exactes \u00e0 la date d&rsquo;octobre 2023. Il est toujours recommand\u00e9 de v\u00e9rifier les informations avant de se rendre sur place.<\/p>\n<div class=\"LBgpqf\">\n<div class=\"skqShb \"><\/div>\n<\/div>\n<div class=\"Hhmu2e wDYxhc NFQFxe viOShc LKPcQc\" lang=\"en-US\" data-md=\"16\" data-hveid=\"CAkQAA\" data-ved=\"2ahUKEwiz5YbKg8uBAxX2MjQIHcl-BGcQhyh6BAgJEAA\">\n<div class=\"Ftghae iirjIb DaSCDf GUV4E\">\n<div class=\"SPZz6b\">\n<div class=\"wDYxhc\" lang=\"en-US\" data-attrid=\"kc:\/local:lu attribute list\" data-md=\"205\" data-hveid=\"CAsQAA\" data-ved=\"2ahUKEwiXoobZg8uBAxX9MjQIHVDrDX0Q1rkBegQICxAA\">\n<div class=\"TLYLSe MaBy9\">\n<div class=\"CJQ04\">Au c\u0153ur de notre mission se trouve un engagement in\u00e9branlable \u00e0 fournir des soins orthop\u00e9diques complets \u00e0 notre communaut\u00e9 locale, y compris aux personnes mentionn\u00e9es plus haut. Que vous nous adressiez une demande de traitement orthop\u00e9dique ou que vous ayez des pr\u00e9occupations d&rsquo;ordre orthop\u00e9dique, notre \u00e9quipe d\u00e9vou\u00e9e, disponible 24 heures sur 24 et 7 jours sur 7, est pr\u00eate \u00e0 vous offrir une assistance rapide et empathique, sur simple appel t\u00e9l\u00e9phonique.<\/div>\n<\/div>\n<\/div>\n<\/div>\n<\/div>\n<\/div>\n<p>Nous savons que de nombreuses personnes se font soigner dans des centres de soins d&rsquo;urgence et des h\u00f4pitaux pour des blessures li\u00e9es au travail et couvertes par l&rsquo;assurance contre les accidents du travail et l&rsquo;assurance sans \u00e9gard \u00e0 la responsabilit\u00e9. Si votre blessure ne n\u00e9cessite pas une visite \u00e0 l&rsquo;h\u00f4pital, nous sommes tout \u00e0 fait pr\u00eats \u00e0 vous fournir un traitement orthop\u00e9dique sp\u00e9cialis\u00e9 adapt\u00e9 \u00e0 votre situation particuli\u00e8re. N&rsquo;h\u00e9sitez pas \u00e0 nous contacter au 631-981-2663 pour prendre rendez-vous sans tarder. Votre bien-\u00eatre reste notre priorit\u00e9 absolue.<\/p>\n","protected":false},"excerpt":{"rendered":"<p>Centre orthop\u00e9dique du Dr Nakul Karkare : Votre partenaire de confiance en mati\u00e8re de soins orthop\u00e9diques, reliant Babylon \u00e0 Bay Shore, NY Bienvenue au Centre orthop\u00e9dique du Dr Nakul Karkare, votre source d\u00e9vou\u00e9e de soins orthop\u00e9diques de premier ordre qui relie de mani\u00e8re transparente la communaut\u00e9 dynamique de Centereach \u00e0 la ville voisine de Bay [&hellip;]<\/p>\n","protected":false},"author":33,"featured_media":0,"parent":17592,"menu_order":0,"comment_status":"closed","ping_status":"closed","template":"","meta":{"_et_pb_use_builder":"","_et_pb_old_content":"","_et_gb_content_width":"","footnotes":""},"class_list":["post-20847","page","type-page","status-publish","hentry"],"yoast_head":"<!-- This site is optimized with the Yoast SEO plugin v27.2 - https:\/\/yoast.com\/product\/yoast-seo-wordpress\/ -->\n<title>Bay Shore, NY | Best Hip &amp; Knee Surgeon | NY, USA<\/title>\n<meta name=\"description\" content=\"Centre orthop\u00e9dique du Dr Nakul Karkare : Votre partenaire de confiance en mati\u00e8re de soins orthop\u00e9diques, reliant Babylon \u00e0 Bay Shore, NY Bienvenue au\" \/>\n<meta name=\"robots\" content=\"index, follow, max-snippet:-1, max-image-preview:large, max-video-preview:-1\" \/>\n<link rel=\"canonical\" href=\"https:\/\/www.newyorkhipknee.com\/fr\/contact\/babylone-meilleur-chirurgien-pour-les-protheses-de-hanche-et-de-genou\/bay-shore-ny\/\" \/>\n<meta property=\"og:locale\" content=\"fr_FR\" \/>\n<meta property=\"og:type\" content=\"article\" \/>\n<meta property=\"og:title\" content=\"Bay Shore, NY | Best Hip &amp; Knee Surgeon | NY, USA\" \/>\n<meta property=\"og:description\" content=\"Centre orthop\u00e9dique du Dr Nakul Karkare : Votre partenaire de confiance en mati\u00e8re de soins orthop\u00e9diques, reliant Babylon \u00e0 Bay Shore, NY Bienvenue au\" \/>\n<meta property=\"og:url\" content=\"https:\/\/www.newyorkhipknee.com\/fr\/contact\/babylone-meilleur-chirurgien-pour-les-protheses-de-hanche-et-de-genou\/bay-shore-ny\/\" \/>\n<meta property=\"og:site_name\" content=\"Best Hip &amp; Knee Surgeon | NY, USA\" \/>\n<meta name=\"twitter:card\" content=\"summary_large_image\" \/>\n<meta name=\"twitter:label1\" content=\"Dur\u00e9e de lecture estim\u00e9e\" \/>\n\t<meta name=\"twitter:data1\" content=\"9 minutes\" \/>\n<script type=\"application\/ld+json\" class=\"yoast-schema-graph\">{\"@context\":\"https:\/\/schema.org\",\"@graph\":[{\"@type\":[\"WebPage\",\"MedicalWebPage\"],\"@id\":\"https:\/\/www.newyorkhipknee.com\/fr\/contact\/babylone-meilleur-chirurgien-pour-les-protheses-de-hanche-et-de-genou\/bay-shore-ny\/\",\"url\":\"https:\/\/www.newyorkhipknee.com\/fr\/contact\/babylone-meilleur-chirurgien-pour-les-protheses-de-hanche-et-de-genou\/bay-shore-ny\/\",\"name\":\"Bay Shore, NY | Best Hip &amp; Knee Surgeon | NY, USA\",\"isPartOf\":{\"@id\":\"https:\/\/www.newyorkhipknee.com\/fr\/#website\"},\"datePublished\":\"2023-11-15T20:39:01+00:00\",\"description\":\"Centre orthop\u00e9dique du Dr Nakul Karkare : Votre partenaire de confiance en mati\u00e8re de soins orthop\u00e9diques, reliant Babylon \u00e0 Bay Shore, NY Bienvenue au\",\"breadcrumb\":{\"@id\":\"https:\/\/www.newyorkhipknee.com\/fr\/contact\/babylone-meilleur-chirurgien-pour-les-protheses-de-hanche-et-de-genou\/bay-shore-ny\/#breadcrumb\"},\"inLanguage\":\"fr-FR\",\"potentialAction\":[{\"@type\":\"ReadAction\",\"target\":[\"https:\/\/www.newyorkhipknee.com\/fr\/contact\/babylone-meilleur-chirurgien-pour-les-protheses-de-hanche-et-de-genou\/bay-shore-ny\/\"]}]},{\"@type\":\"BreadcrumbList\",\"@id\":\"https:\/\/www.newyorkhipknee.com\/fr\/contact\/babylone-meilleur-chirurgien-pour-les-protheses-de-hanche-et-de-genou\/bay-shore-ny\/#breadcrumb\",\"itemListElement\":[{\"@type\":\"ListItem\",\"position\":1,\"name\":\"Home\",\"item\":\"https:\/\/www.newyorkhipknee.com\/fr\/\"},{\"@type\":\"ListItem\",\"position\":2,\"name\":\"CONTACT\",\"item\":\"https:\/\/www.newyorkhipknee.com\/fr\/contact\/\"},{\"@type\":\"ListItem\",\"position\":3,\"name\":\"Babylone &#8211; Meilleur chirurgien pour les proth\u00e8ses de hanche et de genou\",\"item\":\"https:\/\/www.newyorkhipknee.com\/fr\/contact\/babylone-meilleur-chirurgien-pour-les-protheses-de-hanche-et-de-genou\/\"},{\"@type\":\"ListItem\",\"position\":4,\"name\":\"Bay Shore, NY\"}]},{\"@type\":\"WebSite\",\"@id\":\"https:\/\/www.newyorkhipknee.com\/fr\/#website\",\"url\":\"https:\/\/www.newyorkhipknee.com\/fr\/\",\"name\":\"Best Hip & Knee Surgeon | NY, USA\",\"description\":\"\",\"potentialAction\":[{\"@type\":\"SearchAction\",\"target\":{\"@type\":\"EntryPoint\",\"urlTemplate\":\"https:\/\/www.newyorkhipknee.com\/fr\/?s={search_term_string}\"},\"query-input\":{\"@type\":\"PropertyValueSpecification\",\"valueRequired\":true,\"valueName\":\"search_term_string\"}}],\"inLanguage\":\"fr-FR\"}]}<\/script>\n<!-- \/ Yoast SEO plugin. -->","yoast_head_json":{"title":"Bay Shore, NY | Best Hip &amp; Knee Surgeon | NY, USA","description":"Centre orthop\u00e9dique du Dr Nakul Karkare : Votre partenaire de confiance en mati\u00e8re de soins orthop\u00e9diques, reliant Babylon \u00e0 Bay Shore, NY Bienvenue au","robots":{"index":"index","follow":"follow","max-snippet":"max-snippet:-1","max-image-preview":"max-image-preview:large","max-video-preview":"max-video-preview:-1"},"canonical":"https:\/\/www.newyorkhipknee.com\/fr\/contact\/babylone-meilleur-chirurgien-pour-les-protheses-de-hanche-et-de-genou\/bay-shore-ny\/","og_locale":"fr_FR","og_type":"article","og_title":"Bay Shore, NY | Best Hip &amp; Knee Surgeon | NY, USA","og_description":"Centre orthop\u00e9dique du Dr Nakul Karkare : Votre partenaire de confiance en mati\u00e8re de soins orthop\u00e9diques, reliant Babylon \u00e0 Bay Shore, NY Bienvenue au","og_url":"https:\/\/www.newyorkhipknee.com\/fr\/contact\/babylone-meilleur-chirurgien-pour-les-protheses-de-hanche-et-de-genou\/bay-shore-ny\/","og_site_name":"Best Hip &amp; Knee Surgeon | NY, USA","twitter_card":"summary_large_image","twitter_misc":{"Dur\u00e9e de lecture estim\u00e9e":"9 minutes"},"schema":{"@context":"https:\/\/schema.org","@graph":[{"@type":["WebPage","MedicalWebPage"],"@id":"https:\/\/www.newyorkhipknee.com\/fr\/contact\/babylone-meilleur-chirurgien-pour-les-protheses-de-hanche-et-de-genou\/bay-shore-ny\/","url":"https:\/\/www.newyorkhipknee.com\/fr\/contact\/babylone-meilleur-chirurgien-pour-les-protheses-de-hanche-et-de-genou\/bay-shore-ny\/","name":"Bay Shore, NY | Best Hip &amp; Knee Surgeon | NY, USA","isPartOf":{"@id":"https:\/\/www.newyorkhipknee.com\/fr\/#website"},"datePublished":"2023-11-15T20:39:01+00:00","description":"Centre orthop\u00e9dique du Dr Nakul Karkare : Votre partenaire de confiance en mati\u00e8re de soins orthop\u00e9diques, reliant Babylon \u00e0 Bay Shore, NY Bienvenue au","breadcrumb":{"@id":"https:\/\/www.newyorkhipknee.com\/fr\/contact\/babylone-meilleur-chirurgien-pour-les-protheses-de-hanche-et-de-genou\/bay-shore-ny\/#breadcrumb"},"inLanguage":"fr-FR","potentialAction":[{"@type":"ReadAction","target":["https:\/\/www.newyorkhipknee.com\/fr\/contact\/babylone-meilleur-chirurgien-pour-les-protheses-de-hanche-et-de-genou\/bay-shore-ny\/"]}]},{"@type":"BreadcrumbList","@id":"https:\/\/www.newyorkhipknee.com\/fr\/contact\/babylone-meilleur-chirurgien-pour-les-protheses-de-hanche-et-de-genou\/bay-shore-ny\/#breadcrumb","itemListElement":[{"@type":"ListItem","position":1,"name":"Home","item":"https:\/\/www.newyorkhipknee.com\/fr\/"},{"@type":"ListItem","position":2,"name":"CONTACT","item":"https:\/\/www.newyorkhipknee.com\/fr\/contact\/"},{"@type":"ListItem","position":3,"name":"Babylone &#8211; Meilleur chirurgien pour les proth\u00e8ses de hanche et de genou","item":"https:\/\/www.newyorkhipknee.com\/fr\/contact\/babylone-meilleur-chirurgien-pour-les-protheses-de-hanche-et-de-genou\/"},{"@type":"ListItem","position":4,"name":"Bay Shore, NY"}]},{"@type":"WebSite","@id":"https:\/\/www.newyorkhipknee.com\/fr\/#website","url":"https:\/\/www.newyorkhipknee.com\/fr\/","name":"Best Hip & Knee Surgeon | NY, USA","description":"","potentialAction":[{"@type":"SearchAction","target":{"@type":"EntryPoint","urlTemplate":"https:\/\/www.newyorkhipknee.com\/fr\/?s={search_term_string}"},"query-input":{"@type":"PropertyValueSpecification","valueRequired":true,"valueName":"search_term_string"}}],"inLanguage":"fr-FR"}]}},"_links":{"self":[{"href":"https:\/\/www.newyorkhipknee.com\/fr\/wp-json\/wp\/v2\/pages\/20847","targetHints":{"allow":["GET"]}}],"collection":[{"href":"https:\/\/www.newyorkhipknee.com\/fr\/wp-json\/wp\/v2\/pages"}],"about":[{"href":"https:\/\/www.newyorkhipknee.com\/fr\/wp-json\/wp\/v2\/types\/page"}],"author":[{"embeddable":true,"href":"https:\/\/www.newyorkhipknee.com\/fr\/wp-json\/wp\/v2\/users\/33"}],"replies":[{"embeddable":true,"href":"https:\/\/www.newyorkhipknee.com\/fr\/wp-json\/wp\/v2\/comments?post=20847"}],"version-history":[{"count":0,"href":"https:\/\/www.newyorkhipknee.com\/fr\/wp-json\/wp\/v2\/pages\/20847\/revisions"}],"up":[{"embeddable":true,"href":"https:\/\/www.newyorkhipknee.com\/fr\/wp-json\/wp\/v2\/pages\/17592"}],"wp:attachment":[{"href":"https:\/\/www.newyorkhipknee.com\/fr\/wp-json\/wp\/v2\/media?parent=20847"}],"curies":[{"name":"wp","href":"https:\/\/api.w.org\/{rel}","templated":true}]}}