{"id":20856,"date":"2023-11-13T14:30:48","date_gmt":"2023-11-13T19:30:48","guid":{"rendered":"https:\/\/newyorkhipknee.com\/contact\/riverhead-meilleur-chirurgien-pour-larthroplastie-du-genou-et-de-la-hanche\/new-suffolk-ny\/"},"modified":"2023-11-13T14:30:48","modified_gmt":"2023-11-13T19:30:48","slug":"new-suffolk-ny","status":"publish","type":"page","link":"https:\/\/www.newyorkhipknee.com\/fr\/contact\/riverhead-meilleur-chirurgien-pour-larthroplastie-du-genou-et-de-la-hanche\/new-suffolk-ny\/","title":{"rendered":"New Suffolk, NY"},"content":{"rendered":"<h1><strong>Dr. Nakul Karare votre premi\u00e8re destination pour les soins orthop\u00e9diques \u00e0 New Suffolk, NY, NY<\/strong><\/h1>\n<p>Bienvenue sur le site du Dr Nakul Karkare Orthopedic Excellence, o\u00f9 nous nous engageons \u00e0 fournir des services orthop\u00e9diques complets \u00e0 la communaut\u00e9 de New Suffolk, NY, NY. Bien que notre \u00e9tablissement principal soit situ\u00e9 \u00e0 <a href=\"https:\/\/newyorkhipknee.com\/contact\/riverhead-orthopedic-surgeon\/\" target=\"_blank\" rel=\"noopener\">Riverhead<\/a>, NY, notre engagement in\u00e9branlable est de fournir des soins orthop\u00e9diques de premier ordre qui am\u00e9liorent la mobilit\u00e9, soulagent la douleur et am\u00e9liorent votre qualit\u00e9 de vie globale \u00e0 New Suffolk, NY.<\/p>\n<p><strong>Le Dr Nakul Karkare est le choix de confiance pour vos soins orthop\u00e9diques, et voici pourquoi nous sommes votre option id\u00e9ale :<\/strong><\/p>\n<p><strong>Des orthop\u00e9distes exp\u00e9riment\u00e9s :<\/strong> Notre \u00e9quipe est compos\u00e9e de sp\u00e9cialistes en orthop\u00e9die hautement qualifi\u00e9s qui se consacrent enti\u00e8rement \u00e0 la prestation de soins de la plus haute qualit\u00e9. Notre vaste expertise et nos connaissances approfondies nous permettent de diagnostiquer et de traiter efficacement un large \u00e9ventail d&rsquo;affections orthop\u00e9diques.<\/p>\n<p><strong>Traitement personnalis\u00e9 :<\/strong> Nous savons que chaque patient est unique, c&rsquo;est pourquoi nous \u00e9laborons des plans de traitement personnalis\u00e9s qui r\u00e9pondent \u00e0 vos besoins et objectifs sp\u00e9cifiques. Vous \u00eates ainsi assur\u00e9 de recevoir des soins adapt\u00e9s \u00e0 vos besoins individuels.<\/p>\n<p><strong>Accessibilit\u00e9 pratique :<\/strong>  Nous sommes convaincus que l&rsquo;acc\u00e8s \u00e0 des soins orthop\u00e9diques de qualit\u00e9 doit se faire sans effort, et notre engagement \u00e0 servir votre communaut\u00e9 vous permet d&rsquo;acc\u00e9der \u00e0 des services orthop\u00e9diques de premier ordre sans avoir \u00e0 vous d\u00e9placer.<\/p>\n<p>Votre bien-\u00eatre orthop\u00e9dique est notre priorit\u00e9 absolue. Que vous soyez aux prises avec une g\u00eane articulaire, des blessures li\u00e9es au sport, des fractures ou tout autre probl\u00e8me orthop\u00e9dique, nous sommes l\u00e0 pour vous aider \u00e0 retrouver un mode de vie actif et sans douleur.<\/p>\n<p><strong>\u00c0 propos du Dr Nakul Karkare :<\/strong> Le Dr Nakul Karkare est un chirurgien orthop\u00e9dique certifi\u00e9 par le conseil d&rsquo;administration qui poss\u00e8de une grande exp\u00e9rience et une grande expertise dans la fourniture de soins orthop\u00e9diques exceptionnels. Titulaire de nombreuses certifications et soucieux d&rsquo;utiliser des techniques chirurgicales de pointe, le docteur Karkare s&rsquo;attache \u00e0 garantir aux patients des soins de la plus haute qualit\u00e9, pr\u00e9cis\u00e9ment adapt\u00e9s \u00e0 leurs besoins uniques.<\/p>\n<p>Son approche centr\u00e9e sur le patient et ses solutions innovantes sont \u00e0 la pointe de l&rsquo;excellence orthop\u00e9dique, ce qui lui vaut d&rsquo;\u00eatre consid\u00e9r\u00e9 comme un nom de confiance dans ce domaine. En choisissant Orthopedic Excellence, vous optez non seulement pour des soins orthop\u00e9diques de premier ordre, mais aussi pour les conseils experts et le traitement personnalis\u00e9 du Dr Karkare, qui vous aideront \u00e0 atteindre une sant\u00e9 orthop\u00e9dique optimale et un bien-\u00eatre g\u00e9n\u00e9ral.<\/p>\n<p>&nbsp;<\/p>\n<h2>Nos services orthop\u00e9diques complets comprennent<\/h2>\n<h2><a role=\"link\" href=\"https:\/\/newyorkhipknee.com\/custom-knee-replacement-surgery\/\" target=\"_blank\" rel=\"noopener\"><strong>Remplacement du genou sur mesure :<\/strong><\/a><\/h2>\n<ul>\n<li>L&rsquo;arthroplastie personnalis\u00e9e du genou est une proc\u00e9dure chirurgicale qui offre aux patients une solution individualis\u00e9e \u00e0 leurs probl\u00e8mes d&rsquo;articulation du genou. Elle consiste \u00e0 remplacer une articulation du genou endommag\u00e9e par un implant artificiel soigneusement adapt\u00e9 \u00e0 l&rsquo;anatomie unique du patient.<\/li>\n<li>L&rsquo;implant est m\u00e9ticuleusement fabriqu\u00e9 \u00e0 l&rsquo;aide d&rsquo;une technologie d&rsquo;imagerie avanc\u00e9e qui g\u00e9n\u00e8re un mod\u00e8le en 3D de l&rsquo;articulation du genou du patient. Ce mod\u00e8le sert de plan pour la cr\u00e9ation d&rsquo;un implant sur mesure qui s&rsquo;adapte avec pr\u00e9cision au genou du patient.<\/li>\n<li>Cette proc\u00e9dure est recommand\u00e9e pour les patients qui souffrent de douleurs, de raideurs et de gonflements importants au niveau du genou, ce qui a un impact significatif sur leurs activit\u00e9s quotidiennes et leur qualit\u00e9 de vie en g\u00e9n\u00e9ral.<\/li>\n<li>Une proth\u00e8se de genou sur mesure peut apporter un soulagement en r\u00e9duisant la douleur, en am\u00e9liorant la mobilit\u00e9 et, en fin de compte, en augmentant la qualit\u00e9 de vie globale du patient.<\/li>\n<li>Le docteur Karkare est hautement qualifi\u00e9 dans la r\u00e9alisation de proc\u00e9dures chirurgicales mini-invasives pour le remplacement des articulations. Il utilise des techniques innovantes et une technologie de pointe pour assurer la mise en place pr\u00e9cise des composants de l&rsquo;implant \u00e0 travers des incisions plus petites, \u00e9pargnant les tissus.<\/li>\n<li>Les patients qui subissent une arthroplastie personnalis\u00e9e du genou peuvent s&rsquo;attendre \u00e0 ressentir moins d&rsquo;inconfort, \u00e0 se r\u00e9tablir plus rapidement et \u00e0 b\u00e9n\u00e9ficier d&rsquo;une meilleure amplitude de mouvement que dans le cas d&rsquo;une arthroplastie conventionnelle du genou.<\/li>\n<\/ul>\n<p>&nbsp;<\/p>\n<h2><a role=\"link\" href=\"https:\/\/newyorkhipknee.com\/hip-replacement-surgery\/\" target=\"_blank\" rel=\"noopener\"><strong>Remplacement de la hanche :<\/strong><\/a><\/h2>\n<ul>\n<li>L&rsquo;arthroplastie de la hanche est une intervention chirurgicale destin\u00e9e \u00e0 redonner de la mobilit\u00e9 aux patients et \u00e0 les soulager des douleurs de l&rsquo;articulation de la hanche. Elle consiste \u00e0 remplacer une articulation de la hanche endommag\u00e9e par un implant artificiel m\u00e9ticuleusement con\u00e7u pour imiter la structure et le fonctionnement naturels de l&rsquo;articulation de la hanche.<\/li>\n<li>Cette intervention est recommand\u00e9e aux patients qui souffrent de douleurs, de raideurs et de gonflements importants de la hanche qui entravent consid\u00e9rablement leurs activit\u00e9s quotidiennes et leur qualit\u00e9 de vie en g\u00e9n\u00e9ral.<\/li>\n<li>Le Dr Karkare est hautement qualifi\u00e9 dans les techniques chirurgicales traditionnelles \u00ab\u00a0ouvertes\u00a0\u00bb et les approches mini-invasives pour la chirurgie de remplacement de la hanche.<\/li>\n<li>Les patients qui subissent une arthroplastie de la hanche peuvent s&rsquo;attendre \u00e0 ressentir moins de douleur, \u00e0 se r\u00e9tablir plus rapidement et \u00e0 b\u00e9n\u00e9ficier d&rsquo;une meilleure amplitude de mouvement par rapport \u00e0 leur \u00e9tat avant l&rsquo;op\u00e9ration.<\/li>\n<li>Le docteur Karkare utilise des approches innovantes et une technologie de pointe pour garantir la mise en place pr\u00e9cise des composants de l&rsquo;implant par le biais d&rsquo;incisions plus petites, \u00e9pargnant les tissus.<\/li>\n<li>Les patients qui subissent une arthroplastie de la hanche peuvent s&rsquo;attendre \u00e0 b\u00e9n\u00e9ficier d&rsquo;un plus grand confort, d&rsquo;un r\u00e9tablissement plus rapide et d&rsquo;une meilleure amplitude de mouvement par rapport \u00e0 leur \u00e9tat avant l&rsquo;op\u00e9ration.<\/li>\n<\/ul>\n<p>&nbsp;<\/p>\n<h2><strong>Avantages de l&rsquo;arthroplastie personnalis\u00e9e du genou et de la hanche :<\/strong><\/h2>\n<ul>\n<li>Att\u00e9nuation de la douleur et de l&rsquo;inconfort li\u00e9s aux l\u00e9sions articulaires<\/li>\n<li>Am\u00e9lioration de la mobilit\u00e9 et de l&rsquo;amplitude des mouvements<\/li>\n<li>Une meilleure qualit\u00e9 de vie globale<\/li>\n<li>R\u00e9cup\u00e9ration rapide par rapport \u00e0 la chirurgie traditionnelle<\/li>\n<li>Techniques chirurgicales mini-invasives permettant de r\u00e9duire l&rsquo;inconfort et d&rsquo;acc\u00e9l\u00e9rer le r\u00e9tablissement.<\/li>\n<li>Mise en place pr\u00e9cise des composants de l&rsquo;implant par des incisions plus petites, \u00e9pargnant les tissus.<\/li>\n<li>Implants personnalis\u00e9s en fonction de l&rsquo;anatomie unique du patient, ce qui permet d&rsquo;obtenir des r\u00e9sultats sup\u00e9rieurs.<\/li>\n<\/ul>\n<p>&nbsp;<\/p>\n<h1><\/h1>\n<h1>\u00c0 propos de New Suffolk<\/h1>\n<p>New Suffolk, NY est un petit hameau situ\u00e9 dans la ville de Southold dans le comt\u00e9 de Suffolk, New York. Elle est situ\u00e9e sur la fourche nord de Long Island et est connue pour ses belles plages, ses vignobles et ses fermes. Voici quelques informations suppl\u00e9mentaires sur New Suffolk, NY :<\/p>\n<p><strong>L&rsquo;histoire<\/strong><br \/>\nNew Suffolk a \u00e9t\u00e9 colonis\u00e9 pour la premi\u00e8re fois au XVIIe si\u00e8cle par des Anglais. Il s&rsquo;agissait \u00e0 l&rsquo;origine d&rsquo;une communaut\u00e9 agricole, et de nombreuses fermes et granges d&rsquo;origine subsistent encore aujourd&rsquo;hui. Au XIXe si\u00e8cle, New Suffolk est devenu un centre de construction navale et de p\u00eache, et l&rsquo;\u00e9conomie du hameau a prosp\u00e9r\u00e9. Aujourd&rsquo;hui, New Suffolk est une destination touristique populaire, connue pour ses plages, ses vignobles et ses fermes.<\/p>\n<p><strong>Culture<\/strong><br \/>\nNew Suffolk est un hameau dot\u00e9 d&rsquo;une culture unique, profond\u00e9ment enracin\u00e9e dans son patrimoine agricole et halieutique. Elle est r\u00e9put\u00e9e pour ses restaurants de fruits de mer, ses vignobles et ses fermes. Le hameau poss\u00e8de une architecture historique vari\u00e9e, dont plusieurs maisons et b\u00e2timents historiques. New Suffolk abrite \u00e9galement plusieurs galeries d&rsquo;art et mus\u00e9es, dont la Southold Historical Society, qui pr\u00e9sente des expositions sur l&rsquo;histoire et la culture de la r\u00e9gion.<\/p>\n<p><strong>Donn\u00e9es d\u00e9mographiques<\/strong><br \/>\nSelon le Bureau du recensement des \u00c9tats-Unis, la population de New Suffolk \u00e9tait de 337 habitants au recensement de 2010. La composition raciale du hameau \u00e9tait la suivante : 98,5 % de Blancs, 0,3 % d&rsquo;Afro-Am\u00e9ricains, 0,3 % d&rsquo;Asiatiques et 0,9 % de personnes appartenant \u00e0 deux races ou plus. Les Hispaniques ou Latinos de toute race repr\u00e9sentaient 1,2 % de la population.<\/p>\n<p><strong>Tourisme<\/strong><br \/>\nNew Suffolk est une destination touristique populaire, en particulier pendant les mois d&rsquo;\u00e9t\u00e9. Les visiteurs peuvent profiter d&rsquo;une vari\u00e9t\u00e9 d&rsquo;activit\u00e9s, y compris des activit\u00e9s de plage, des d\u00e9gustations de vin et des visites de fermes. Le hameau poss\u00e8de plusieurs parcs et plages, dont le New Suffolk Beach, qui dispose d&rsquo;une aire de jeux, d&rsquo;une aire de pique-nique et d&rsquo;un snack-bar. Les visiteurs peuvent \u00e9galement faire le tour des vignobles sur la North Fork Wine Trail, qui traverse New Suffolk. New Suffolk abrite \u00e9galement plusieurs fermes, dont la Sang Lee Farms, qui propose des visites et des d\u00e9gustations de ses produits frais.<\/p>\n<p><strong>Immobilier<\/strong><br \/>\nEn octobre 2023, il y a plusieurs maisons \u00e0 vendre \u00e0 New Suffolk, NY, allant de 1 200 000 $ \u00e0 3 500 000 $. Il y a \u00e9galement plusieurs condos et maisons de ville \u00e0 vendre dans la r\u00e9gion, entre 399 000 et 1 200 000 dollars. La valeur m\u00e9diane des maisons \u00e0 New Suffolk est de 1 500 000 $.<\/p>\n<p>En conclusion, New Suffolk, NY est un charmant hameau dot\u00e9 d&rsquo;un patrimoine culturel unique et d&rsquo;une grande vari\u00e9t\u00e9 d&rsquo;activit\u00e9s pour les visiteurs. Elle est connue pour sa culture de l&rsquo;agriculture et de la p\u00eache, ses vignobles et ses plages, ainsi que pour son architecture historique, ses galeries d&rsquo;art et ses mus\u00e9es. Le hameau abrite \u00e9galement plusieurs parcs et plages, des fermes et des vignobles. Que vous cherchiez \u00e0 visiter ou \u00e0 vous installer dans le New Suffolk, c&rsquo;est un endroit merveilleux.<\/p>\n<p>&nbsp;<\/p>\n<h2>Directions<\/h2>\n<p>Voici l&rsquo;itin\u00e9raire \u00e0 suivre pour se rendre de New Suffolk, NY \u00e0 Complete Orthopedics, 887 Old Country Rd, Suite A, Riverhead, NY 11901 :<\/p>\n<p>1. Prendre la direction est sur New Suffolk Ave vers First St.<br \/>\n2. Tourner \u00e0 gauche sur Main Rd.<br \/>\n3. Tourner \u00e0 droite sur la County Rd 48.<br \/>\n4. Tourner \u00e0 gauche sur la County Rd 105.<br \/>\n5. Tourner \u00e0 droite sur Old Country Rd.<br \/>\n6. Complete Orthopedics se trouve sur votre droite au 887 Old Country Rd, Suite A, Riverhead, NY 11901.<\/p>\n<p>La distance totale en voiture est d&rsquo;environ 10 miles et devrait prendre environ 20 minutes, en fonction de la circulation.<\/p>\n<p>&nbsp;<\/p>\n<h2>Soins de sant\u00e9 pr\u00e8s de New Suffolk<\/h2>\n<p><strong>Pharmacies<\/strong>:<br \/>\n&#8211; CVS Pharmacy, 1116 Old Country Rd, Riverhead, NY 11901<br \/>\n&#8211; Walgreens Pharmacy, 1196 Flanders Rd, Flanders, NY 11901<br \/>\n&#8211; Rite Aid Pharmacy, 165 W Montauk Hwy, Hampton Bays, NY 11946<\/p>\n<p><strong>Centres de radiologie :<\/strong><br \/>\n&#8211; Peconic Bay Medical Center Radiology, 1300 Roanoke Ave, Riverhead, NY 11901<br \/>\n&#8211; East End Radiology, 133 E Main St, Riverhead, NY 11901<br \/>\n&#8211; Northwell Health Imaging at East Setauket, 4 Technology Dr, East Setauket, NY 11733<\/p>\n<p><strong>Centres de soins d&rsquo;urgence :<\/strong><br \/>\n&#8211; Northwell Health-GoHealth Urgent Care, 2044 Montauk Hwy, Bridgehampton, NY 11932<br \/>\n&#8211; Hampton Medical Care, 225 W Montauk Hwy, Hampton Bays, NY 11946<br \/>\n&#8211; Soins urgents \u00e0 Hampton Bays, NY| Northwell Health, 225 W Montauk Hwy, Hampton Bays, NY 11946<\/p>\n<p><strong>H\u00f4pitaux :<\/strong><br \/>\n&#8211; Centre m\u00e9dical de Peconic Bay, 1300 Roanoke Ave, Riverhead, NY 11901<br \/>\n&#8211; H\u00f4pital Stony Brook Southampton, 240 Meeting House Ln, Southampton, NY 11968<br \/>\n&#8211; Centre m\u00e9dical de l&rsquo;h\u00f4pital Good Samaritan, 1000 Montauk Hwy, West Islip, NY 11795<\/p>\n<p>Ces pharmacies, centres de radiologie, centres de soins urgents et h\u00f4pitaux se trouvent tous \u00e0 une distance raisonnable de New Suffolk, NY et peuvent fournir des soins et des services m\u00e9dicaux \u00e0 la communaut\u00e9.<\/p>\n<p>&nbsp;<\/p>\n<p>Nous sommes tr\u00e8s fiers de fournir des soins orthop\u00e9diques complets aux patients de divers h\u00f4pitaux et centres de soins d&rsquo;urgence de notre communaut\u00e9, y compris ceux mentionn\u00e9s plus haut.<\/p>\n<p>Que vous ayez besoin d&rsquo;un traitement orthop\u00e9dique ou que vous souhaitiez simplement nous consulter pour tout probl\u00e8me orthop\u00e9dique, n&rsquo;h\u00e9sitez pas \u00e0 contacter notre \u00e9quipe d\u00e9vou\u00e9e, disponible 24 heures sur 24 et 7 jours sur 7. Nous sommes l\u00e0 pour vous aider rapidement et avec compassion.<\/p>\n<p>De nombreuses personnes se rendent dans des centres de soins d&rsquo;urgence et des h\u00f4pitaux pour des blessures li\u00e9es \u00e0 l&rsquo;indemnisation des accidents du travail et \u00e0 l&rsquo;assurance sans \u00e9gard \u00e0 la responsabilit\u00e9. Si votre blessure ne n\u00e9cessite pas une visite \u00e0 l&rsquo;h\u00f4pital, nous sommes heureux de vous proposer un traitement orthop\u00e9dique professionnel adapt\u00e9 \u00e0 ce type de cas. N&rsquo;h\u00e9sitez pas \u00e0 nous contacter au <a href=\"tel:631-981-2663\" target=\"_blank\" rel=\"noopener\">631-981-2663<\/a> pour prendre rendez-vous avec nous d\u00e8s aujourd&rsquo;hui. Votre bien-\u00eatre est notre priorit\u00e9<\/p>\n","protected":false},"excerpt":{"rendered":"<p>Dr. Nakul Karare votre premi\u00e8re destination pour les soins orthop\u00e9diques \u00e0 New Suffolk, NY, NY Bienvenue sur le site du Dr Nakul Karkare Orthopedic Excellence, o\u00f9 nous nous engageons \u00e0 fournir des services orthop\u00e9diques complets \u00e0 la communaut\u00e9 de New Suffolk, NY, NY. Bien que notre \u00e9tablissement principal soit situ\u00e9 \u00e0 Riverhead, NY, notre engagement [&hellip;]<\/p>\n","protected":false},"author":33,"featured_media":0,"parent":17604,"menu_order":0,"comment_status":"closed","ping_status":"closed","template":"","meta":{"_et_pb_use_builder":"","_et_pb_old_content":"","_et_gb_content_width":"","footnotes":""},"class_list":["post-20856","page","type-page","status-publish","hentry"],"yoast_head":"<!-- This site is optimized with the Yoast SEO plugin v27.2 - https:\/\/yoast.com\/product\/yoast-seo-wordpress\/ -->\n<title>New Suffolk, NY | Best Hip &amp; Knee Surgeon | NY, USA<\/title>\n<meta name=\"description\" content=\"Dr. Nakul Karare votre premi\u00e8re destination pour les soins orthop\u00e9diques \u00e0 New Suffolk, NY, NY Bienvenue sur le site du Dr Nakul Karkare Orthopedic\" \/>\n<meta name=\"robots\" content=\"index, follow, max-snippet:-1, max-image-preview:large, max-video-preview:-1\" \/>\n<link rel=\"canonical\" href=\"https:\/\/www.newyorkhipknee.com\/fr\/contact\/riverhead-meilleur-chirurgien-pour-larthroplastie-du-genou-et-de-la-hanche\/new-suffolk-ny\/\" \/>\n<meta property=\"og:locale\" content=\"fr_FR\" \/>\n<meta property=\"og:type\" content=\"article\" \/>\n<meta property=\"og:title\" content=\"New Suffolk, NY | Best Hip &amp; Knee Surgeon | NY, USA\" \/>\n<meta property=\"og:description\" content=\"Dr. Nakul Karare votre premi\u00e8re destination pour les soins orthop\u00e9diques \u00e0 New Suffolk, NY, NY Bienvenue sur le site du Dr Nakul Karkare Orthopedic\" \/>\n<meta property=\"og:url\" content=\"https:\/\/www.newyorkhipknee.com\/fr\/contact\/riverhead-meilleur-chirurgien-pour-larthroplastie-du-genou-et-de-la-hanche\/new-suffolk-ny\/\" \/>\n<meta property=\"og:site_name\" content=\"Best Hip &amp; Knee Surgeon | NY, USA\" \/>\n<meta name=\"twitter:card\" content=\"summary_large_image\" \/>\n<meta name=\"twitter:label1\" content=\"Dur\u00e9e de lecture estim\u00e9e\" \/>\n\t<meta name=\"twitter:data1\" content=\"10 minutes\" \/>\n<script type=\"application\/ld+json\" class=\"yoast-schema-graph\">{\"@context\":\"https:\/\/schema.org\",\"@graph\":[{\"@type\":[\"WebPage\",\"MedicalWebPage\"],\"@id\":\"https:\/\/www.newyorkhipknee.com\/fr\/contact\/riverhead-meilleur-chirurgien-pour-larthroplastie-du-genou-et-de-la-hanche\/new-suffolk-ny\/\",\"url\":\"https:\/\/www.newyorkhipknee.com\/fr\/contact\/riverhead-meilleur-chirurgien-pour-larthroplastie-du-genou-et-de-la-hanche\/new-suffolk-ny\/\",\"name\":\"New Suffolk, NY | Best Hip &amp; Knee Surgeon | NY, USA\",\"isPartOf\":{\"@id\":\"https:\/\/www.newyorkhipknee.com\/fr\/#website\"},\"datePublished\":\"2023-11-13T19:30:48+00:00\",\"description\":\"Dr. Nakul Karare votre premi\u00e8re destination pour les soins orthop\u00e9diques \u00e0 New Suffolk, NY, NY Bienvenue sur le site du Dr Nakul Karkare Orthopedic\",\"breadcrumb\":{\"@id\":\"https:\/\/www.newyorkhipknee.com\/fr\/contact\/riverhead-meilleur-chirurgien-pour-larthroplastie-du-genou-et-de-la-hanche\/new-suffolk-ny\/#breadcrumb\"},\"inLanguage\":\"fr-FR\",\"potentialAction\":[{\"@type\":\"ReadAction\",\"target\":[\"https:\/\/www.newyorkhipknee.com\/fr\/contact\/riverhead-meilleur-chirurgien-pour-larthroplastie-du-genou-et-de-la-hanche\/new-suffolk-ny\/\"]}]},{\"@type\":\"BreadcrumbList\",\"@id\":\"https:\/\/www.newyorkhipknee.com\/fr\/contact\/riverhead-meilleur-chirurgien-pour-larthroplastie-du-genou-et-de-la-hanche\/new-suffolk-ny\/#breadcrumb\",\"itemListElement\":[{\"@type\":\"ListItem\",\"position\":1,\"name\":\"Home\",\"item\":\"https:\/\/www.newyorkhipknee.com\/fr\/\"},{\"@type\":\"ListItem\",\"position\":2,\"name\":\"CONTACT\",\"item\":\"https:\/\/www.newyorkhipknee.com\/fr\/contact\/\"},{\"@type\":\"ListItem\",\"position\":3,\"name\":\"Riverhead &#8211; Meilleur chirurgien pour l&#8217;arthroplastie du genou et de la hanche\",\"item\":\"https:\/\/www.newyorkhipknee.com\/fr\/contact\/riverhead-meilleur-chirurgien-pour-larthroplastie-du-genou-et-de-la-hanche\/\"},{\"@type\":\"ListItem\",\"position\":4,\"name\":\"New Suffolk, NY\"}]},{\"@type\":\"WebSite\",\"@id\":\"https:\/\/www.newyorkhipknee.com\/fr\/#website\",\"url\":\"https:\/\/www.newyorkhipknee.com\/fr\/\",\"name\":\"Best Hip & Knee Surgeon | NY, USA\",\"description\":\"\",\"potentialAction\":[{\"@type\":\"SearchAction\",\"target\":{\"@type\":\"EntryPoint\",\"urlTemplate\":\"https:\/\/www.newyorkhipknee.com\/fr\/?s={search_term_string}\"},\"query-input\":{\"@type\":\"PropertyValueSpecification\",\"valueRequired\":true,\"valueName\":\"search_term_string\"}}],\"inLanguage\":\"fr-FR\"}]}<\/script>\n<!-- \/ Yoast SEO plugin. -->","yoast_head_json":{"title":"New Suffolk, NY | Best Hip &amp; Knee Surgeon | NY, USA","description":"Dr. Nakul Karare votre premi\u00e8re destination pour les soins orthop\u00e9diques \u00e0 New Suffolk, NY, NY Bienvenue sur le site du Dr Nakul Karkare Orthopedic","robots":{"index":"index","follow":"follow","max-snippet":"max-snippet:-1","max-image-preview":"max-image-preview:large","max-video-preview":"max-video-preview:-1"},"canonical":"https:\/\/www.newyorkhipknee.com\/fr\/contact\/riverhead-meilleur-chirurgien-pour-larthroplastie-du-genou-et-de-la-hanche\/new-suffolk-ny\/","og_locale":"fr_FR","og_type":"article","og_title":"New Suffolk, NY | Best Hip &amp; Knee Surgeon | NY, USA","og_description":"Dr. Nakul Karare votre premi\u00e8re destination pour les soins orthop\u00e9diques \u00e0 New Suffolk, NY, NY Bienvenue sur le site du Dr Nakul Karkare Orthopedic","og_url":"https:\/\/www.newyorkhipknee.com\/fr\/contact\/riverhead-meilleur-chirurgien-pour-larthroplastie-du-genou-et-de-la-hanche\/new-suffolk-ny\/","og_site_name":"Best Hip &amp; Knee Surgeon | NY, USA","twitter_card":"summary_large_image","twitter_misc":{"Dur\u00e9e de lecture estim\u00e9e":"10 minutes"},"schema":{"@context":"https:\/\/schema.org","@graph":[{"@type":["WebPage","MedicalWebPage"],"@id":"https:\/\/www.newyorkhipknee.com\/fr\/contact\/riverhead-meilleur-chirurgien-pour-larthroplastie-du-genou-et-de-la-hanche\/new-suffolk-ny\/","url":"https:\/\/www.newyorkhipknee.com\/fr\/contact\/riverhead-meilleur-chirurgien-pour-larthroplastie-du-genou-et-de-la-hanche\/new-suffolk-ny\/","name":"New Suffolk, NY | Best Hip &amp; Knee Surgeon | NY, USA","isPartOf":{"@id":"https:\/\/www.newyorkhipknee.com\/fr\/#website"},"datePublished":"2023-11-13T19:30:48+00:00","description":"Dr. Nakul Karare votre premi\u00e8re destination pour les soins orthop\u00e9diques \u00e0 New Suffolk, NY, NY Bienvenue sur le site du Dr Nakul Karkare Orthopedic","breadcrumb":{"@id":"https:\/\/www.newyorkhipknee.com\/fr\/contact\/riverhead-meilleur-chirurgien-pour-larthroplastie-du-genou-et-de-la-hanche\/new-suffolk-ny\/#breadcrumb"},"inLanguage":"fr-FR","potentialAction":[{"@type":"ReadAction","target":["https:\/\/www.newyorkhipknee.com\/fr\/contact\/riverhead-meilleur-chirurgien-pour-larthroplastie-du-genou-et-de-la-hanche\/new-suffolk-ny\/"]}]},{"@type":"BreadcrumbList","@id":"https:\/\/www.newyorkhipknee.com\/fr\/contact\/riverhead-meilleur-chirurgien-pour-larthroplastie-du-genou-et-de-la-hanche\/new-suffolk-ny\/#breadcrumb","itemListElement":[{"@type":"ListItem","position":1,"name":"Home","item":"https:\/\/www.newyorkhipknee.com\/fr\/"},{"@type":"ListItem","position":2,"name":"CONTACT","item":"https:\/\/www.newyorkhipknee.com\/fr\/contact\/"},{"@type":"ListItem","position":3,"name":"Riverhead &#8211; Meilleur chirurgien pour l&#8217;arthroplastie du genou et de la hanche","item":"https:\/\/www.newyorkhipknee.com\/fr\/contact\/riverhead-meilleur-chirurgien-pour-larthroplastie-du-genou-et-de-la-hanche\/"},{"@type":"ListItem","position":4,"name":"New Suffolk, NY"}]},{"@type":"WebSite","@id":"https:\/\/www.newyorkhipknee.com\/fr\/#website","url":"https:\/\/www.newyorkhipknee.com\/fr\/","name":"Best Hip & Knee Surgeon | NY, USA","description":"","potentialAction":[{"@type":"SearchAction","target":{"@type":"EntryPoint","urlTemplate":"https:\/\/www.newyorkhipknee.com\/fr\/?s={search_term_string}"},"query-input":{"@type":"PropertyValueSpecification","valueRequired":true,"valueName":"search_term_string"}}],"inLanguage":"fr-FR"}]}},"_links":{"self":[{"href":"https:\/\/www.newyorkhipknee.com\/fr\/wp-json\/wp\/v2\/pages\/20856","targetHints":{"allow":["GET"]}}],"collection":[{"href":"https:\/\/www.newyorkhipknee.com\/fr\/wp-json\/wp\/v2\/pages"}],"about":[{"href":"https:\/\/www.newyorkhipknee.com\/fr\/wp-json\/wp\/v2\/types\/page"}],"author":[{"embeddable":true,"href":"https:\/\/www.newyorkhipknee.com\/fr\/wp-json\/wp\/v2\/users\/33"}],"replies":[{"embeddable":true,"href":"https:\/\/www.newyorkhipknee.com\/fr\/wp-json\/wp\/v2\/comments?post=20856"}],"version-history":[{"count":0,"href":"https:\/\/www.newyorkhipknee.com\/fr\/wp-json\/wp\/v2\/pages\/20856\/revisions"}],"up":[{"embeddable":true,"href":"https:\/\/www.newyorkhipknee.com\/fr\/wp-json\/wp\/v2\/pages\/17604"}],"wp:attachment":[{"href":"https:\/\/www.newyorkhipknee.com\/fr\/wp-json\/wp\/v2\/media?parent=20856"}],"curies":[{"name":"wp","href":"https:\/\/api.w.org\/{rel}","templated":true}]}}