{"id":20858,"date":"2023-11-15T17:03:24","date_gmt":"2023-11-15T22:03:24","guid":{"rendered":"https:\/\/newyorkhipknee.com\/contact\/babylone-meilleur-chirurgien-pour-les-protheses-de-hanche-et-de-genou\/brightwaters-ny\/"},"modified":"2023-11-15T17:03:24","modified_gmt":"2023-11-15T22:03:24","slug":"brightwaters-ny","status":"publish","type":"page","link":"https:\/\/www.newyorkhipknee.com\/fr\/contact\/babylone-meilleur-chirurgien-pour-les-protheses-de-hanche-et-de-genou\/brightwaters-ny\/","title":{"rendered":"Brightwaters, NY"},"content":{"rendered":"<h2>Nakul Karkare Orthopedics : Votre fournisseur de soins orthop\u00e9diques de confiance \u00e0 Brightwaters, NY<\/h2>\n<p>Nakul Karkare, votre fournisseur de soins orthop\u00e9diques d\u00e9vou\u00e9 situ\u00e9 \u00e0 Babylon, NY. Nous sommes ravis d&rsquo;offrir nos services orthop\u00e9diques professionnels et amicaux \u00e0 la merveilleuse communaut\u00e9 de Brightwaters NY. Chez Complete Orthopedics, nous ne nous contentons pas d&rsquo;\u00eatre un cabinet m\u00e9dical ; nous sommes vos partenaires compatissants sur la voie de l&rsquo;am\u00e9lioration de votre sant\u00e9 orthop\u00e9dique.<\/p>\n<h2>Pourquoi choisir le Dr. Nakul Karkare :<\/h2>\n<p>Le docteur Nakul Karkare se distingue par son excellence dans le domaine orthop\u00e9dique, et voici pourquoi nous sommes votre choix pr\u00e9f\u00e9r\u00e9 pour les soins orthop\u00e9diques \u00e0 Copiague :<\/p>\n<p>Une <strong>\u00e9quipe exp\u00e9riment\u00e9e<\/strong>: Notre \u00e9quipe est compos\u00e9e de sp\u00e9cialistes en orthop\u00e9die hautement qualifi\u00e9s, chacun excellant dans son domaine sp\u00e9cifique. Gr\u00e2ce \u00e0 leur vaste exp\u00e9rience et \u00e0 leur approche chaleureuse, ils s&rsquo;attachent \u00e0 fournir des soins de la plus haute qualit\u00e9.<\/p>\n<p>Des <strong>soins personnalis\u00e9s<\/strong>: Nous savons que chaque patient est unique. Notre approche est individualis\u00e9e, ce qui garantit que votre plan de traitement est adapt\u00e9 \u00e0 vos besoins particuliers. Votre confort et votre bien-\u00eatre sont nos premi\u00e8res priorit\u00e9s.<\/p>\n<p><strong>Des solutions de pointe<\/strong>: Nous nous engageons \u00e0 rester \u00e0 la pointe des progr\u00e8s orthop\u00e9diques. Cet engagement garantit que vous avez acc\u00e8s aux traitements et aux technologies les plus r\u00e9cents, vous offrant ainsi les meilleurs soins possibles.<\/p>\n<p><strong>Int\u00e9gration communautaire<\/strong>: Nous croyons fermement que des soins orthop\u00e9diques exceptionnels doivent \u00eatre accessibles \u00e0 tous. Notre d\u00e9cision d&rsquo;\u00e9tendre nos services \u00e0 Copiague refl\u00e8te notre volont\u00e9 de r\u00e9pondre aux besoins orthop\u00e9diques de votre communaut\u00e9.<\/p>\n<p>Une <strong>excellence prouv\u00e9e<\/strong>: Nos ant\u00e9c\u00e9dents en disent long sur notre engagement \u00e0 aider les personnes \u00e0 retrouver leur mobilit\u00e9, \u00e0 soulager leur douleur et \u00e0 am\u00e9liorer leur qualit\u00e9 de vie.<\/p>\n<p>Votre sant\u00e9 orthop\u00e9dique est d&rsquo;une importance capitale et nous sommes ravis de faire partie de la communaut\u00e9 de Copiague. Qu&rsquo;il s&rsquo;agisse de probl\u00e8mes articulaires, de blessures li\u00e9es au sport, de fractures ou de tout autre probl\u00e8me orthop\u00e9dique, le docteur Nakul Karkare est l\u00e0 pour vous aider de mani\u00e8re professionnelle et amicale.<\/p>\n<p>Si vous r\u00e9sidez \u00e0 Brightwaters, NY, et que vous \u00eates \u00e0 la recherche de soins orthop\u00e9diques, nous vous invitons \u00e0 faire l&rsquo;exp\u00e9rience du service exceptionnel du Dr Nakul Karkare. Contactez-nous au<a role=\"link\" href=\"tel:(631)%20981-2663\" target=\"_blank\" rel=\"noopener\">(631) 981-2663<\/a>, et permettez-nous d&rsquo;\u00eatre vos partenaires de confiance sur votre chemin vers une sant\u00e9 orthop\u00e9dique sup\u00e9rieure. Nous sommes l\u00e0 pour vous aider avec professionnalisme et un sourire sinc\u00e8re.<\/p>\n<p>&nbsp;<\/p>\n<h2>Nous sommes fiers de proposer une gamme compl\u00e8te de services orthop\u00e9diques dans les environs de Brightwaters, NY :<\/h2>\n<h2><a role=\"link\" href=\"https:\/\/newyorkhipknee.com\/hip-replacement-surgery\/\" target=\"_blank\" rel=\"noopener\">Chirurgie de remplacement de la hanche :<\/a><\/h2>\n<p><strong>Indications :<\/strong> L&rsquo;arthroplastie de la hanche est g\u00e9n\u00e9ralement recommand\u00e9e aux personnes qui souffrent de l\u00e9sions de l&rsquo;articulation de la hanche dues \u00e0 des affections telles que l&rsquo;arthrose, la polyarthrite rhumato\u00efde ou des fractures. L&rsquo;objectif principal de cette intervention chirurgicale est de soulager la douleur, de restaurer la mobilit\u00e9 et d&rsquo;am\u00e9liorer la qualit\u00e9 de vie globale du patient.<\/p>\n<p><strong>Options chirurgicales :<\/strong> Il existe deux principaux types de proth\u00e8ses de hanche : la proth\u00e8se totale de hanche (PTH) et la proth\u00e8se partielle de hanche (h\u00e9miarthroplastie). L&rsquo;arthroplastie de la hanche consiste \u00e0 remplacer \u00e0 la fois la rotule et la cavit\u00e9 de l&rsquo;articulation de la hanche, tandis que l&rsquo;h\u00e9miarthroplastie ne remplace que la rotule.<\/p>\n<p><strong>Implants :<\/strong> Les composants de l&rsquo;articulation artificielle de la hanche sont g\u00e9n\u00e9ralement fabriqu\u00e9s \u00e0 partir de mat\u00e9riaux tels que le m\u00e9tal, le plastique ou la c\u00e9ramique, choisis en fonction de l&rsquo;\u00e2ge du patient, de son niveau d&rsquo;activit\u00e9 et de ses besoins sp\u00e9cifiques.<\/p>\n<p><strong>R\u00e9cup\u00e9ration :<\/strong> Apr\u00e8s l&rsquo;op\u00e9ration, les patients suivent g\u00e9n\u00e9ralement une p\u00e9riode de kin\u00e9sith\u00e9rapie pour retrouver leur force et leur mobilit\u00e9. Cela permet de r\u00e9duire la douleur et d&rsquo;am\u00e9liorer la fonction de la hanche, ce qui aide les patients \u00e0 reprendre leurs activit\u00e9s normales.<\/p>\n<p>&nbsp;<\/p>\n<h2><a role=\"link\" href=\"https:\/\/newyorkhipknee.com\/custom-knee-replacement-surgery\/\" target=\"_blank\" rel=\"noopener\">Remplacement du genou sur mesure :<\/a><\/h2>\n<p><strong>Indications :<\/strong> L&rsquo;arthroplastie du genou sur mesure est une approche hautement personnalis\u00e9e de l&rsquo;arthroplastie du genou, con\u00e7ue pour les personnes souffrant de douleurs s\u00e9v\u00e8res au genou ou de l\u00e9sions articulaires qui n&rsquo;ont pas r\u00e9pondu aux traitements conservateurs.<\/p>\n<p><strong>Processus chirurgical :<\/strong> L&rsquo;imagerie avanc\u00e9e et la mod\u00e9lisation informatique sont utilis\u00e9es pour \u00e9valuer l&rsquo;anatomie du genou du patient avant l&rsquo;op\u00e9ration. Ces informations sont cruciales pour la conception d&rsquo;un implant de genou sur mesure qui correspond parfaitement \u00e0 l&rsquo;anatomie unique du patient.<\/p>\n<p><strong>Avantages :<\/strong> Les proth\u00e8ses de genou sur mesure permettent souvent d&rsquo;am\u00e9liorer l&rsquo;alignement et la stabilit\u00e9 et de r\u00e9duire la douleur par rapport aux proth\u00e8ses de genou standard.<\/p>\n<p><strong>R\u00e9adaptation :<\/strong> Le processus de gu\u00e9rison comprend une p\u00e9riode de th\u00e9rapie physique pour retrouver la force et l&rsquo;amplitude des mouvements du genou. Il en r\u00e9sulte g\u00e9n\u00e9ralement une diminution de la douleur et une am\u00e9lioration de la fonction du genou, ce qui permet aux patients de reprendre leurs activit\u00e9s quotidiennes plus confortablement.<\/p>\n<p>&nbsp;<\/p>\n<h2>\u00c0 propos de Brightwater<\/h2>\n<p>Brightwaters, NY est un village situ\u00e9 dans la partie sud-ouest de la ville d&rsquo;Islip dans le comt\u00e9 de Suffolk, New York, \u00c9tats-Unis. Le village a une histoire riche, une culture vivante et une industrie touristique en plein essor. Dans cet article, nous allons explorer l&rsquo;histoire, la culture et le tourisme de Brightwaters, NY.<\/p>\n<p>&nbsp;<\/p>\n<p><strong>Histoire de Brightwaters, NY<\/strong><\/p>\n<p>Le nom \u00ab\u00a0Brightwaters\u00a0\u00bb est d\u00e9riv\u00e9 du nom indien \u00ab\u00a0Wohseepee\u00a0\u00bb, qui signifie le lieu des eaux vives, et a \u00e9t\u00e9 appel\u00e9 ainsi en raison des eaux scintillantes de la rivi\u00e8re Connetquot qui traverse le village. Brightwaters a \u00e9t\u00e9 d\u00e9velopp\u00e9 au d\u00e9but du XXe si\u00e8cle par la soci\u00e9t\u00e9 T.B. Ackerson, connue pour son travail \u00e0 Brooklyn. Le village a \u00e9t\u00e9 constitu\u00e9 le 30 novembre 1916 et est devenu depuis une communaut\u00e9 prosp\u00e8re.<\/p>\n<p>&nbsp;<\/p>\n<p><strong>Culture de Brightwaters, NY<\/strong><\/p>\n<p>Brightwaters, NY a une histoire culturelle riche, et le village a accueilli un certain nombre d&rsquo;artistes et d&rsquo;\u00e9crivains de renomm\u00e9e mondiale au fil des ans. Le village abrite \u00e9galement un certain nombre de mus\u00e9es et d&rsquo;institutions culturelles, dont la Bay Shore-Brightwaters Public Library, qui conserve une vaste collection de livres, d&rsquo;objets et d&rsquo;images li\u00e9s \u00e0 l&rsquo;histoire de Brightwaters.<\/p>\n<p>Le village est \u00e9galement connu pour ses magnifiques parcs et r\u00e9serves naturelles, notamment le parc Wohseepee, qui propose des sentiers de randonn\u00e9e et des possibilit\u00e9s d&rsquo;observation des oiseaux. Les visiteurs peuvent explorer la beaut\u00e9 naturelle du village et profiter de la paix et de la tranquillit\u00e9 des grands espaces.<\/p>\n<p>&nbsp;<\/p>\n<p><strong>Tourisme \u00e0 Brightwaters, NY<\/strong><\/p>\n<p>Brightwaters, NY est une destination touristique en plein essor, notamment gr\u00e2ce \u00e0 ses magnifiques parcs, ses charmants villages et son riche patrimoine culturel. Le village abrite un certain nombre d&rsquo;attractions qui attirent des visiteurs du monde entier.<\/p>\n<p>L&rsquo;une des attractions les plus populaires de Brightwaters est la Bay Shore-Brightwaters Public Library, qui propose une vari\u00e9t\u00e9 de programmes et d&rsquo;\u00e9v\u00e9nements tout au long de l&rsquo;ann\u00e9e. Les visiteurs peuvent assister \u00e0 des conf\u00e9rences, des ateliers et d&rsquo;autres \u00e9v\u00e9nements culturels \u00e0 la biblioth\u00e8que.<\/p>\n<p>Une autre attraction populaire de Brightwaters est le parc Wohseepee, qui offre des sentiers de randonn\u00e9e et des possibilit\u00e9s d&rsquo;observation des oiseaux. Les visiteurs peuvent explorer la beaut\u00e9 naturelle du village et profiter de la paix et de la tranquillit\u00e9 des grands espaces.<\/p>\n<p>Brightwaters abrite \u00e9galement un certain nombre de belles plages, dont le canal de Brightwaters, qui offre une vue imprenable sur la rivi\u00e8re Connetquot. Les visiteurs peuvent se baigner, prendre des bains de soleil et pratiquer divers sports nautiques sur les plages du village.<\/p>\n<p>Brightwaters, NY est un village \u00e0 l&rsquo;histoire riche, \u00e0 la culture dynamique et \u00e0 l&rsquo;industrie touristique en plein essor. Les visiteurs du village peuvent explorer ses mus\u00e9es et institutions culturelles, profiter de ses magnifiques parcs et r\u00e9serves naturelles, et se d\u00e9tendre sur ses superbes plages. Que vous soyez f\u00e9ru d&rsquo;histoire, amoureux de la nature ou adepte de la plage, Brightwaters a quelque chose \u00e0 offrir \u00e0 chacun.<\/p>\n<p>&nbsp;<\/p>\n<h2>Directions<\/h2>\n<p>Voici l&rsquo;itin\u00e9raire \u00e0 suivre pour se rendre de Brightwaters, NY \u00e0 Complete Orthopedics, 46 Little East Neck Rd Unit A, Babylon, NY 11702 :<\/p>\n<p>1. Prendre la direction est sur Orinoco Dr vers N Windsor Ave.<br \/>\n2. Tourner \u00e0 gauche sur N Windsor Ave.<br \/>\n3. Tourner \u00e0 droite sur Orinoco Dr.<br \/>\n4. Tourner \u00e0 gauche sur S Windsor Ave.<br \/>\n5. Tourner \u00e0 droite sur NY-27 W.<br \/>\n6. Prendre la sortie 39 vers Deer Park Ave.<br \/>\n7. Prendre la Sunrise Hwy North Service Rd.<br \/>\n8. Tourner \u00e0 gauche sur Deer Park Ave.<br \/>\n9. Tourner \u00e0 droite sur Little East Neck Rd N.<br \/>\n10. Complete Orthopedics se trouve sur la gauche au 46 Little East Neck Rd Unit A.<\/p>\n<p>La distance totale en voiture est d&rsquo;environ 6 miles et devrait prendre environ 15 minutes, en fonction du trafic.<\/p>\n<p>&nbsp;<\/p>\n<h2>Soins de sant\u00e9 pr\u00e8s de Brightwaters<\/h2>\n<p><strong>Pharmacies<\/strong><\/p>\n<p>1. CVS Pharmacy &#8211; 1601 Sunrise Hwy, Bay Shore, NY 11706<br \/>\n2. Walgreens Pharmacy &#8211; 2040 Sunrise Hwy, Bay Shore, NY 11706<br \/>\n3. Rite Aid Pharmacy &#8211; 1191 Sunrise Hwy, Bay Shore, NY 11706<\/p>\n<p>&nbsp;<\/p>\n<p><strong>Centres de radiologie<\/strong><\/p>\n<p>1. Radiologie de l&rsquo;h\u00f4pital Southside &#8211; 301 E Main St, Bay Shore, NY 11706<br \/>\n2. Centre m\u00e9dical de l&rsquo;h\u00f4pital du Bon Samaritain &#8211; 1000 Montauk Hwy, West Islip, NY 11795<br \/>\n3. Long Island Medical Imaging &#8211; 375 E Main St, Bay Shore, NY 11706<\/p>\n<p>&nbsp;<\/p>\n<p><strong>Centres de soins d&rsquo;urgence<\/strong><\/p>\n<p>1. Northwell Health-GoHealth Urgent Care &#8211; 1701 Sunrise Hwy, Bay Shore, NY 11706<br \/>\n2. ProHEALTH Urgent Care &#8211; 725 Sunrise Hwy, West Islip, NY 11795<br \/>\n3. Stat Health Immediate Medical Care &#8211; 597 Montauk Hwy, West Babylon, NY 11704<\/p>\n<p>&nbsp;<\/p>\n<p><strong>H\u00f4pitaux<\/strong><\/p>\n<p>1. H\u00f4pital Southside &#8211; 301 E Main St, Bay Shore, NY 11706<br \/>\n2. Centre m\u00e9dical de l&rsquo;h\u00f4pital du Bon Samaritain &#8211; 1000 Montauk Hwy, West Islip, NY 11795<br \/>\n3. Catherine of Siena Medical Center &#8211; 50 Route 25A, Smithtown, NY 11787<\/p>\n<p>Note : Les informations fournies sont exactes \u00e0 la date d&rsquo;octobre 2023. Il est toujours recommand\u00e9 de v\u00e9rifier les informations avant de se rendre sur place.<\/p>\n<p>&nbsp;<\/p>\n<h2>Notre engagement pour des soins orthop\u00e9diques exceptionnels<\/h2>\n<p>Au fond, nous sommes profond\u00e9ment engag\u00e9s \u00e0 fournir des soins orthop\u00e9diques complets aux patients de notre communaut\u00e9, y compris ceux que nous avons mentionn\u00e9s pr\u00e9c\u00e9demment. Que vous nous adressiez une demande de traitement orthop\u00e9dique ou que vous souhaitiez simplement nous consulter au sujet d&rsquo;un probl\u00e8me orthop\u00e9dique, nous vous invitons \u00e0 prendre contact avec notre \u00e9quipe d\u00e9vou\u00e9e, disponible 24 heures sur 24 et 7 jours sur 7. Rassurez-vous, nous sommes l\u00e0 pour vous apporter une aide rapide et bienveillante.<\/p>\n<p>Nous comprenons que de nombreuses personnes se tournent vers les centres de soins d&rsquo;urgence et les h\u00f4pitaux pour des blessures li\u00e9es \u00e0 l&rsquo;indemnisation des accidents du travail et \u00e0 l&rsquo;assurance sans \u00e9gard \u00e0 la responsabilit\u00e9. Si votre blessure ne n\u00e9cessite pas une visite \u00e0 l&rsquo;h\u00f4pital, nous sommes ravis de vous proposer un traitement orthop\u00e9dique sp\u00e9cialis\u00e9 adapt\u00e9 \u00e0 votre situation unique. N&rsquo;h\u00e9sitez pas \u00e0 nous contacter au 631-981-2663 pour prendre rendez-vous d\u00e8s aujourd&rsquo;hui. Votre bien-\u00eatre reste toujours notre premi\u00e8re priorit\u00e9.<\/p>\n<p>&nbsp;<\/p>\n","protected":false},"excerpt":{"rendered":"<p>Nakul Karkare Orthopedics : Votre fournisseur de soins orthop\u00e9diques de confiance \u00e0 Brightwaters, NY Nakul Karkare, votre fournisseur de soins orthop\u00e9diques d\u00e9vou\u00e9 situ\u00e9 \u00e0 Babylon, NY. Nous sommes ravis d&rsquo;offrir nos services orthop\u00e9diques professionnels et amicaux \u00e0 la merveilleuse communaut\u00e9 de Brightwaters NY. Chez Complete Orthopedics, nous ne nous contentons pas d&rsquo;\u00eatre un cabinet m\u00e9dical [&hellip;]<\/p>\n","protected":false},"author":33,"featured_media":0,"parent":17592,"menu_order":0,"comment_status":"closed","ping_status":"closed","template":"","meta":{"_et_pb_use_builder":"","_et_pb_old_content":"","_et_gb_content_width":"","footnotes":""},"class_list":["post-20858","page","type-page","status-publish","hentry"],"yoast_head":"<!-- This site is optimized with the Yoast SEO plugin v27.2 - https:\/\/yoast.com\/product\/yoast-seo-wordpress\/ -->\n<title>Brightwaters, NY | Best Hip &amp; Knee Surgeon | NY, USA<\/title>\n<meta name=\"description\" content=\"Nakul Karkare Orthopedics : Votre fournisseur de soins orthop\u00e9diques de confiance \u00e0 Brightwaters, NY Nakul Karkare, votre fournisseur de soins\" \/>\n<meta name=\"robots\" content=\"index, follow, max-snippet:-1, max-image-preview:large, max-video-preview:-1\" \/>\n<link rel=\"canonical\" href=\"https:\/\/www.newyorkhipknee.com\/fr\/contact\/babylone-meilleur-chirurgien-pour-les-protheses-de-hanche-et-de-genou\/brightwaters-ny\/\" \/>\n<meta property=\"og:locale\" content=\"fr_FR\" \/>\n<meta property=\"og:type\" content=\"article\" \/>\n<meta property=\"og:title\" content=\"Brightwaters, NY | Best Hip &amp; Knee Surgeon | NY, USA\" \/>\n<meta property=\"og:description\" content=\"Nakul Karkare Orthopedics : Votre fournisseur de soins orthop\u00e9diques de confiance \u00e0 Brightwaters, NY Nakul Karkare, votre fournisseur de soins\" \/>\n<meta property=\"og:url\" content=\"https:\/\/www.newyorkhipknee.com\/fr\/contact\/babylone-meilleur-chirurgien-pour-les-protheses-de-hanche-et-de-genou\/brightwaters-ny\/\" \/>\n<meta property=\"og:site_name\" content=\"Best Hip &amp; Knee Surgeon | NY, USA\" \/>\n<meta name=\"twitter:card\" content=\"summary_large_image\" \/>\n<meta name=\"twitter:label1\" content=\"Dur\u00e9e de lecture estim\u00e9e\" \/>\n\t<meta name=\"twitter:data1\" content=\"9 minutes\" \/>\n<script type=\"application\/ld+json\" class=\"yoast-schema-graph\">{\"@context\":\"https:\/\/schema.org\",\"@graph\":[{\"@type\":[\"WebPage\",\"MedicalWebPage\"],\"@id\":\"https:\/\/www.newyorkhipknee.com\/fr\/contact\/babylone-meilleur-chirurgien-pour-les-protheses-de-hanche-et-de-genou\/brightwaters-ny\/\",\"url\":\"https:\/\/www.newyorkhipknee.com\/fr\/contact\/babylone-meilleur-chirurgien-pour-les-protheses-de-hanche-et-de-genou\/brightwaters-ny\/\",\"name\":\"Brightwaters, NY | Best Hip &amp; Knee Surgeon | NY, USA\",\"isPartOf\":{\"@id\":\"https:\/\/www.newyorkhipknee.com\/fr\/#website\"},\"datePublished\":\"2023-11-15T22:03:24+00:00\",\"description\":\"Nakul Karkare Orthopedics : Votre fournisseur de soins orthop\u00e9diques de confiance \u00e0 Brightwaters, NY Nakul Karkare, votre fournisseur de soins\",\"breadcrumb\":{\"@id\":\"https:\/\/www.newyorkhipknee.com\/fr\/contact\/babylone-meilleur-chirurgien-pour-les-protheses-de-hanche-et-de-genou\/brightwaters-ny\/#breadcrumb\"},\"inLanguage\":\"fr-FR\",\"potentialAction\":[{\"@type\":\"ReadAction\",\"target\":[\"https:\/\/www.newyorkhipknee.com\/fr\/contact\/babylone-meilleur-chirurgien-pour-les-protheses-de-hanche-et-de-genou\/brightwaters-ny\/\"]}]},{\"@type\":\"BreadcrumbList\",\"@id\":\"https:\/\/www.newyorkhipknee.com\/fr\/contact\/babylone-meilleur-chirurgien-pour-les-protheses-de-hanche-et-de-genou\/brightwaters-ny\/#breadcrumb\",\"itemListElement\":[{\"@type\":\"ListItem\",\"position\":1,\"name\":\"Home\",\"item\":\"https:\/\/www.newyorkhipknee.com\/fr\/\"},{\"@type\":\"ListItem\",\"position\":2,\"name\":\"CONTACT\",\"item\":\"https:\/\/www.newyorkhipknee.com\/fr\/contact\/\"},{\"@type\":\"ListItem\",\"position\":3,\"name\":\"Babylone &#8211; Meilleur chirurgien pour les proth\u00e8ses de hanche et de genou\",\"item\":\"https:\/\/www.newyorkhipknee.com\/fr\/contact\/babylone-meilleur-chirurgien-pour-les-protheses-de-hanche-et-de-genou\/\"},{\"@type\":\"ListItem\",\"position\":4,\"name\":\"Brightwaters, NY\"}]},{\"@type\":\"WebSite\",\"@id\":\"https:\/\/www.newyorkhipknee.com\/fr\/#website\",\"url\":\"https:\/\/www.newyorkhipknee.com\/fr\/\",\"name\":\"Best Hip & Knee Surgeon | NY, USA\",\"description\":\"\",\"potentialAction\":[{\"@type\":\"SearchAction\",\"target\":{\"@type\":\"EntryPoint\",\"urlTemplate\":\"https:\/\/www.newyorkhipknee.com\/fr\/?s={search_term_string}\"},\"query-input\":{\"@type\":\"PropertyValueSpecification\",\"valueRequired\":true,\"valueName\":\"search_term_string\"}}],\"inLanguage\":\"fr-FR\"}]}<\/script>\n<!-- \/ Yoast SEO plugin. -->","yoast_head_json":{"title":"Brightwaters, NY | Best Hip &amp; Knee Surgeon | NY, USA","description":"Nakul Karkare Orthopedics : Votre fournisseur de soins orthop\u00e9diques de confiance \u00e0 Brightwaters, NY Nakul Karkare, votre fournisseur de soins","robots":{"index":"index","follow":"follow","max-snippet":"max-snippet:-1","max-image-preview":"max-image-preview:large","max-video-preview":"max-video-preview:-1"},"canonical":"https:\/\/www.newyorkhipknee.com\/fr\/contact\/babylone-meilleur-chirurgien-pour-les-protheses-de-hanche-et-de-genou\/brightwaters-ny\/","og_locale":"fr_FR","og_type":"article","og_title":"Brightwaters, NY | Best Hip &amp; Knee Surgeon | NY, USA","og_description":"Nakul Karkare Orthopedics : Votre fournisseur de soins orthop\u00e9diques de confiance \u00e0 Brightwaters, NY Nakul Karkare, votre fournisseur de soins","og_url":"https:\/\/www.newyorkhipknee.com\/fr\/contact\/babylone-meilleur-chirurgien-pour-les-protheses-de-hanche-et-de-genou\/brightwaters-ny\/","og_site_name":"Best Hip &amp; Knee Surgeon | NY, USA","twitter_card":"summary_large_image","twitter_misc":{"Dur\u00e9e de lecture estim\u00e9e":"9 minutes"},"schema":{"@context":"https:\/\/schema.org","@graph":[{"@type":["WebPage","MedicalWebPage"],"@id":"https:\/\/www.newyorkhipknee.com\/fr\/contact\/babylone-meilleur-chirurgien-pour-les-protheses-de-hanche-et-de-genou\/brightwaters-ny\/","url":"https:\/\/www.newyorkhipknee.com\/fr\/contact\/babylone-meilleur-chirurgien-pour-les-protheses-de-hanche-et-de-genou\/brightwaters-ny\/","name":"Brightwaters, NY | Best Hip &amp; Knee Surgeon | NY, USA","isPartOf":{"@id":"https:\/\/www.newyorkhipknee.com\/fr\/#website"},"datePublished":"2023-11-15T22:03:24+00:00","description":"Nakul Karkare Orthopedics : Votre fournisseur de soins orthop\u00e9diques de confiance \u00e0 Brightwaters, NY Nakul Karkare, votre fournisseur de soins","breadcrumb":{"@id":"https:\/\/www.newyorkhipknee.com\/fr\/contact\/babylone-meilleur-chirurgien-pour-les-protheses-de-hanche-et-de-genou\/brightwaters-ny\/#breadcrumb"},"inLanguage":"fr-FR","potentialAction":[{"@type":"ReadAction","target":["https:\/\/www.newyorkhipknee.com\/fr\/contact\/babylone-meilleur-chirurgien-pour-les-protheses-de-hanche-et-de-genou\/brightwaters-ny\/"]}]},{"@type":"BreadcrumbList","@id":"https:\/\/www.newyorkhipknee.com\/fr\/contact\/babylone-meilleur-chirurgien-pour-les-protheses-de-hanche-et-de-genou\/brightwaters-ny\/#breadcrumb","itemListElement":[{"@type":"ListItem","position":1,"name":"Home","item":"https:\/\/www.newyorkhipknee.com\/fr\/"},{"@type":"ListItem","position":2,"name":"CONTACT","item":"https:\/\/www.newyorkhipknee.com\/fr\/contact\/"},{"@type":"ListItem","position":3,"name":"Babylone &#8211; Meilleur chirurgien pour les proth\u00e8ses de hanche et de genou","item":"https:\/\/www.newyorkhipknee.com\/fr\/contact\/babylone-meilleur-chirurgien-pour-les-protheses-de-hanche-et-de-genou\/"},{"@type":"ListItem","position":4,"name":"Brightwaters, NY"}]},{"@type":"WebSite","@id":"https:\/\/www.newyorkhipknee.com\/fr\/#website","url":"https:\/\/www.newyorkhipknee.com\/fr\/","name":"Best Hip & Knee Surgeon | NY, USA","description":"","potentialAction":[{"@type":"SearchAction","target":{"@type":"EntryPoint","urlTemplate":"https:\/\/www.newyorkhipknee.com\/fr\/?s={search_term_string}"},"query-input":{"@type":"PropertyValueSpecification","valueRequired":true,"valueName":"search_term_string"}}],"inLanguage":"fr-FR"}]}},"_links":{"self":[{"href":"https:\/\/www.newyorkhipknee.com\/fr\/wp-json\/wp\/v2\/pages\/20858","targetHints":{"allow":["GET"]}}],"collection":[{"href":"https:\/\/www.newyorkhipknee.com\/fr\/wp-json\/wp\/v2\/pages"}],"about":[{"href":"https:\/\/www.newyorkhipknee.com\/fr\/wp-json\/wp\/v2\/types\/page"}],"author":[{"embeddable":true,"href":"https:\/\/www.newyorkhipknee.com\/fr\/wp-json\/wp\/v2\/users\/33"}],"replies":[{"embeddable":true,"href":"https:\/\/www.newyorkhipknee.com\/fr\/wp-json\/wp\/v2\/comments?post=20858"}],"version-history":[{"count":0,"href":"https:\/\/www.newyorkhipknee.com\/fr\/wp-json\/wp\/v2\/pages\/20858\/revisions"}],"up":[{"embeddable":true,"href":"https:\/\/www.newyorkhipknee.com\/fr\/wp-json\/wp\/v2\/pages\/17592"}],"wp:attachment":[{"href":"https:\/\/www.newyorkhipknee.com\/fr\/wp-json\/wp\/v2\/media?parent=20858"}],"curies":[{"name":"wp","href":"https:\/\/api.w.org\/{rel}","templated":true}]}}