{"id":20886,"date":"2023-11-02T08:39:01","date_gmt":"2023-11-02T12:39:01","guid":{"rendered":"https:\/\/newyorkhipknee.com\/contact\/lindenhurst-meilleur-chirurgien-pour-le-remplacement-du-genou-et-de-la-hanche\/copiague-ny\/"},"modified":"2023-11-02T08:39:01","modified_gmt":"2023-11-02T12:39:01","slug":"copiague-ny","status":"publish","type":"page","link":"https:\/\/www.newyorkhipknee.com\/fr\/contact\/lindenhurst-meilleur-chirurgien-pour-le-remplacement-du-genou-et-de-la-hanche\/copiague-ny\/","title":{"rendered":"Copiague, NY"},"content":{"rendered":"<h2>Nakul Karkare Orthopedics : Votre fournisseur de soins orthop\u00e9diques de confiance \u00e0 Copiague, NY<\/h2>\n<p>Nakul Karkare, votre fournisseur de soins orthop\u00e9diques d\u00e9vou\u00e9 situ\u00e9 \u00e0 Lindenhurst, NY, vous salue. Nous sommes ravis d&rsquo;offrir nos services orthop\u00e9diques professionnels et amicaux \u00e0 la merveilleuse communaut\u00e9 de Copiague, NY. Chez Complete Orthopedics, nous ne nous contentons pas d&rsquo;\u00eatre un cabinet m\u00e9dical ; nous sommes vos partenaires compatissants sur la voie de l&rsquo;am\u00e9lioration de votre sant\u00e9 orthop\u00e9dique.<\/p>\n<h2>Pourquoi choisir le Dr. Nakul Karkare :<\/h2>\n<p>Le docteur Nakul Karkare se distingue par son excellence dans le domaine orthop\u00e9dique, et voici pourquoi nous sommes votre choix pr\u00e9f\u00e9r\u00e9 pour les soins orthop\u00e9diques \u00e0 Copiague :<\/p>\n<p>Une <strong>\u00e9quipe exp\u00e9riment\u00e9e<\/strong>: Notre \u00e9quipe est compos\u00e9e de sp\u00e9cialistes en orthop\u00e9die hautement qualifi\u00e9s, chacun excellant dans son domaine sp\u00e9cifique. Gr\u00e2ce \u00e0 leur vaste exp\u00e9rience et \u00e0 leur approche chaleureuse, ils s&rsquo;attachent \u00e0 fournir des soins de la plus haute qualit\u00e9.<\/p>\n<p>Des <strong>soins personnalis\u00e9s<\/strong>: Nous savons que chaque patient est unique. Notre approche est individualis\u00e9e, ce qui garantit que votre plan de traitement est adapt\u00e9 \u00e0 vos besoins particuliers. Votre confort et votre bien-\u00eatre sont nos premi\u00e8res priorit\u00e9s.<\/p>\n<p><strong>Des solutions de pointe<\/strong>: Nous nous engageons \u00e0 rester \u00e0 la pointe des progr\u00e8s orthop\u00e9diques. Cet engagement garantit que vous avez acc\u00e8s aux traitements et aux technologies les plus r\u00e9cents, vous offrant ainsi les meilleurs soins possibles.<\/p>\n<p><strong>Int\u00e9gration communautaire<\/strong>: Nous croyons fermement que des soins orthop\u00e9diques exceptionnels doivent \u00eatre accessibles \u00e0 tous. Notre d\u00e9cision d&rsquo;\u00e9tendre nos services \u00e0 Copiague refl\u00e8te notre volont\u00e9 de r\u00e9pondre aux besoins orthop\u00e9diques de votre communaut\u00e9.<\/p>\n<p>Une <strong>excellence prouv\u00e9e<\/strong>: Nos ant\u00e9c\u00e9dents en disent long sur notre engagement \u00e0 aider les personnes \u00e0 retrouver leur mobilit\u00e9, \u00e0 soulager leur douleur et \u00e0 am\u00e9liorer leur qualit\u00e9 de vie.<\/p>\n<p>Votre sant\u00e9 orthop\u00e9dique est d&rsquo;une importance capitale et nous sommes ravis de faire partie de la communaut\u00e9 de Copiague. Qu&rsquo;il s&rsquo;agisse de probl\u00e8mes articulaires, de blessures li\u00e9es au sport, de fractures ou de tout autre probl\u00e8me orthop\u00e9dique, le docteur Nakul Karkare est l\u00e0 pour vous aider de mani\u00e8re professionnelle et amicale.<\/p>\n<p>Si vous r\u00e9sidez \u00e0 Copiague, NY, et que vous \u00eates \u00e0 la recherche de soins orthop\u00e9diques, nous vous invitons \u00e0 d\u00e9couvrir les services exceptionnels du Dr Nakul Karkare. Contactez-nous au<a href=\"tel:(631)%20981-2663\" target=\"_blank\" rel=\"noopener\">(631) 981-2663<\/a>, et permettez-nous d&rsquo;\u00eatre vos partenaires de confiance sur votre chemin vers une sant\u00e9 orthop\u00e9dique sup\u00e9rieure. Nous sommes l\u00e0 pour vous aider avec professionnalisme et un sourire sinc\u00e8re.<\/p>\n<p>&nbsp;<\/p>\n<h2>Nous sommes fiers de proposer une gamme compl\u00e8te de services orthop\u00e9diques dans les environs de Copiague, NY :<\/h2>\n<h2><a href=\"https:\/\/newyorkhipknee.com\/hip-replacement-surgery\/\" target=\"_blank\" rel=\"noopener\">Chirurgie de remplacement de la hanche :<\/a><\/h2>\n<p><strong>Indications :<\/strong> L&rsquo;arthroplastie de la hanche est g\u00e9n\u00e9ralement recommand\u00e9e aux personnes qui souffrent de l\u00e9sions de l&rsquo;articulation de la hanche dues \u00e0 des affections telles que l&rsquo;arthrose, la polyarthrite rhumato\u00efde ou des fractures. L&rsquo;objectif principal de cette intervention chirurgicale est de soulager la douleur, de restaurer la mobilit\u00e9 et d&rsquo;am\u00e9liorer la qualit\u00e9 de vie globale du patient.<\/p>\n<p><strong>Options chirurgicales :<\/strong> Il existe deux principaux types de proth\u00e8ses de hanche : la proth\u00e8se totale de hanche (PTH) et la proth\u00e8se partielle de hanche (h\u00e9miarthroplastie). L&rsquo;arthroplastie de la hanche consiste \u00e0 remplacer \u00e0 la fois la rotule et la cavit\u00e9 de l&rsquo;articulation de la hanche, tandis que l&rsquo;h\u00e9miarthroplastie ne remplace que la rotule.<\/p>\n<p><strong>Implants :<\/strong> Les composants de l&rsquo;articulation artificielle de la hanche sont g\u00e9n\u00e9ralement fabriqu\u00e9s \u00e0 partir de mat\u00e9riaux tels que le m\u00e9tal, le plastique ou la c\u00e9ramique, choisis en fonction de l&rsquo;\u00e2ge du patient, de son niveau d&rsquo;activit\u00e9 et de ses besoins sp\u00e9cifiques.<\/p>\n<p><strong>R\u00e9cup\u00e9ration :<\/strong> Apr\u00e8s l&rsquo;op\u00e9ration, les patients suivent g\u00e9n\u00e9ralement une p\u00e9riode de kin\u00e9sith\u00e9rapie pour retrouver leur force et leur mobilit\u00e9. Cela permet de r\u00e9duire la douleur et d&rsquo;am\u00e9liorer la fonction de la hanche, ce qui aide les patients \u00e0 reprendre leurs activit\u00e9s normales.<\/p>\n<p>&nbsp;<\/p>\n<h2><a href=\"https:\/\/newyorkhipknee.com\/custom-knee-replacement-surgery\/\" target=\"_blank\" rel=\"noopener\">Remplacement du genou sur mesure :<\/a><\/h2>\n<p><strong>Indications :<\/strong> L&rsquo;arthroplastie du genou sur mesure est une approche tr\u00e8s personnalis\u00e9e de l&rsquo;arthroplastie du genou, con\u00e7ue pour les personnes souffrant de douleurs s\u00e9v\u00e8res au genou ou de l\u00e9sions articulaires qui n&rsquo;ont pas r\u00e9pondu aux traitements conservateurs.<\/p>\n<p><strong>Processus chirurgical :<\/strong> L&rsquo;imagerie avanc\u00e9e et la mod\u00e9lisation informatique sont utilis\u00e9es pour \u00e9valuer l&rsquo;anatomie du genou du patient avant l&rsquo;op\u00e9ration. Ces informations sont cruciales pour la conception d&rsquo;un implant de genou sur mesure qui correspond parfaitement \u00e0 l&rsquo;anatomie unique du patient.<\/p>\n<p><strong>Avantages :<\/strong> Les proth\u00e8ses de genou sur mesure permettent souvent d&rsquo;am\u00e9liorer l&rsquo;alignement et la stabilit\u00e9 et de r\u00e9duire la douleur par rapport aux proth\u00e8ses de genou standard.<\/p>\n<p><strong>R\u00e9adaptation :<\/strong> Le processus de gu\u00e9rison comprend une p\u00e9riode de th\u00e9rapie physique pour retrouver la force et l&rsquo;amplitude des mouvements du genou. Il en r\u00e9sulte g\u00e9n\u00e9ralement une diminution de la douleur et une am\u00e9lioration de la fonction du genou, ce qui permet aux patients de reprendre leurs activit\u00e9s quotidiennes plus confortablement.<\/p>\n<p>&nbsp;<\/p>\n<h1>\u00c0 propos de Copiague, NY<\/h1>\n<p><span style=\"font-weight: 400;\">Nich\u00e9e sur les rives de la Great South Bay, Copiague appara\u00eet comme un havre pittoresque au bord de l&rsquo;eau qui c\u00e9l\u00e8bre la culture, les loisirs et un fort sentiment d&rsquo;identit\u00e9. Ce hameau dynamique invite les r\u00e9sidents et les visiteurs \u00e0 d\u00e9couvrir sa riche histoire, \u00e0 profiter de ses offres de loisirs et \u00e0 se d\u00e9lecter de la tranquillit\u00e9 qu&rsquo;offre la vie au bord de l&rsquo;eau.<\/span><\/p>\n<p><span style=\"font-weight: 400;\">L&rsquo;histoire de Copiague est profond\u00e9ment li\u00e9e \u00e0 son patrimoine maritime. La situation de la ville au bord de l&rsquo;eau en a fait un site id\u00e9al pour la construction navale et le commerce maritime. Au fil des ans, Copiague est pass\u00e9 d&rsquo;un centre industriel \u00e0 une communaut\u00e9 r\u00e9sidentielle, pr\u00e9servant son essence historique tout en adoptant un mode de vie moderne.<\/span><\/p>\n<p><span style=\"font-weight: 400;\">Copiague s&rsquo;enorgueillit d&rsquo;une communaut\u00e9 diversifi\u00e9e et riche sur le plan culturel. Ses quartiers refl\u00e8tent un m\u00e9lange de cultures qui contribuent au dynamisme de la ville. La biblioth\u00e8que de Copiague est un point central pour l&rsquo;engagement culturel, offrant des programmes et des \u00e9v\u00e9nements qui c\u00e9l\u00e8brent les arts, la litt\u00e9rature et les liens avec la communaut\u00e9.<\/span><\/p>\n<p><span style=\"font-weight: 400;\">La proximit\u00e9 de la ville avec la Great South Bay a fa\u00e7onn\u00e9 son identit\u00e9 en tant qu&rsquo;oasis au bord de l&rsquo;eau. Les r\u00e9sidents peuvent profiter de la vue panoramique sur la baie, faire du bateau et p\u00eacher, ce qui fait que les activit\u00e9s aquatiques font partie int\u00e9grante de la vie \u00e0 Copiague. Tanner Park offre une plage pittoresque et des installations de loisirs, permettant aux familles de se r\u00e9unir et de profiter des joies de la vie c\u00f4ti\u00e8re.<\/span><\/p>\n<p><span style=\"font-weight: 400;\">L&rsquo;engagement de Copiague en faveur des loisirs et de l&rsquo;engagement communautaire est \u00e9vident dans ses parcs et ses installations. Le lyc\u00e9e Walter G. O&rsquo;Connell Copiague High School sert de plaque tournante pour les \u00e9v\u00e9nements sportifs et culturels, favorisant un sentiment d&rsquo;unit\u00e9 parmi les r\u00e9sidents. La c\u00e9l\u00e9bration annuelle du Copiague Harbor Day rend hommage \u00e0 l&rsquo;h\u00e9ritage maritime de la ville et offre une journ\u00e9e de festivit\u00e9s familiales.<\/span><\/p>\n<p><span style=\"font-weight: 400;\">Les habitants de Copiague participent activement \u00e0 la vie civique, contribuant ainsi \u00e0 la vitalit\u00e9 de la ville. L&rsquo;initiative Copiague Community Cares refl\u00e8te l&rsquo;engagement de la communaut\u00e9 en faveur du bien-\u00eatre collectif par le biais du b\u00e9n\u00e9volat et du service communautaire. Ce sens du devoir civique souligne l&rsquo;identit\u00e9 de Copiague en tant que lieu o\u00f9 les habitants se rassemblent pour avoir un impact positif.<\/span><\/p>\n<p><span style=\"font-weight: 400;\">\u00c0 Copiague, le m\u00e9lange du charme du front de mer, de l&rsquo;effervescence culturelle et des possibilit\u00e9s de loisirs cr\u00e9e une tapisserie unique qui honore son histoire, c\u00e9l\u00e8bre son pr\u00e9sent et se tourne vers un avenir fa\u00e7onn\u00e9 par la synergie de la communaut\u00e9 et de la nature.<\/span><\/p>\n<p>&nbsp;<\/p>\n<h2><span style=\"font-weight: 400;\">Centres de radiologie proches de cette zone  <\/span><\/h2>\n<p><span style=\"font-weight: 400;\"><strong>Nassau Suffolk Radiological<\/strong> 20 W John St, Lindenhurst, NY 11757<br \/>\n<\/span><span style=\"font-weight: 400;\"><strong>Lenox Hill Radiology<\/strong> 4160 Merrick Rd, Massapequa, NY 11758 &#8211;<br \/>\n<\/span><span style=\"font-weight: 400;\"><strong>Zwanger-Pesiri Radiology<\/strong> 126 Hicksville Rd, Massapequa, NY 11758 &#8211;<\/span><\/p>\n<p>&nbsp;<\/p>\n<h2><span style=\"font-weight: 400;\">Pharmacies proches de cette zone<\/span><\/h2>\n<p><span style=\"font-weight: 400;\"><strong>CVS Pharmacy<\/strong> 930 Montauk Hwy, Copiague, NY 11726<br \/>\n<\/span><span style=\"font-weight: 400;\"><strong>Walgreens<\/strong> 275 Broadway, Amityville, NY 11701<br \/>\n<\/span><span style=\"font-weight: 400;\"><strong>Rite Aid<\/strong> 901 Merrick Road, Copiague, NY 11726<\/span><\/p>\n<h2><\/h2>\n<h2>Directions<\/h2>\n<p><span style=\"font-weight: 400;\">Voici les instructions \u00e9tape par \u00e9tape du Copiague Center \u00e0 Complete Orthopedics 970 Wellwood Ave. Suite A, Lindenhurst, NY 11757 :<\/span><\/p>\n<p><span style=\"font-weight: 400;\">Point de d\u00e9part : Centre de Copiague, NY<\/span><\/p>\n<ol>\n<li><span style=\"font-weight: 400;\">  Prendre la direction ouest sur Oak St vers Great Neck Rd.<\/span><\/li>\n<li><span style=\"font-weight: 400;\">  Tourner \u00e0 gauche sur Great Neck Rd.<\/span><\/li>\n<li><span style=\"font-weight: 400;\">  Continuer sur Montauk Hwy.<\/span><\/li>\n<li><span style=\"font-weight: 400;\">  Rejoindre NY-27 W par la bretelle d&rsquo;acc\u00e8s \u00e0 New York.<\/span><\/li>\n<li><span style=\"font-weight: 400;\">  Prendre la sortie 33 pour Wellwood Ave vers NY-109\/Lindenhurst.<\/span><\/li>\n<li><span style=\"font-weight: 400;\">  Garder la droite \u00e0 la fourche, suivre les panneaux NY-109 N\/Wellwood Ave N\/Lindenhurst et fusionner sur Wellwood Ave.<\/span><\/li>\n<li><span style=\"font-weight: 400;\">  Continuer sur Wellwood Ave pendant environ 1,5 miles.<\/span><\/li>\n<li><span style=\"font-weight: 400;\">  Arriv\u00e9e au 970 Wellwood Ave. Suite A, Lindenhurst, NY 11757.<\/span><\/li>\n<\/ol>\n<p><span style=\"font-weight: 400;\">Vous avez atteint votre destination Complete Orthopedics 970 Wellwood Ave. Suite A, Lindenhurst, NY 11757. Bon voyage.<\/span><\/p>\n<p>&nbsp;<\/p>\n<h2>H\u00f4pitaux et centres de soins d&rsquo;urgence pr\u00e8s de Copiague<\/h2>\n<p><strong>H\u00f4pital South Oaks<\/strong> 400 Sunrise Hwy, Amityville, NY 11701<br \/>\n<strong>CityMD Copiague Urgent Care<\/strong> &#8211; Long Island 901 Sunrise Hwy, Copiague, NY 11726<br \/>\n<strong>ER-DOX Urgent Care of Amityville<\/strong> 148 Merrick Rd, Amityville, NY 11701<\/p>\n<p>&nbsp;<\/p>\n<h2>Notre engagement pour des soins orthop\u00e9diques exceptionnels<\/h2>\n<p>Au fond, nous sommes profond\u00e9ment engag\u00e9s \u00e0 fournir des soins orthop\u00e9diques complets aux patients de notre communaut\u00e9, y compris ceux que nous avons mentionn\u00e9s pr\u00e9c\u00e9demment. Que vous nous adressiez une demande de traitement orthop\u00e9dique ou que vous souhaitiez simplement nous consulter au sujet d&rsquo;un probl\u00e8me orthop\u00e9dique, nous vous invitons \u00e0 prendre contact avec notre \u00e9quipe d\u00e9vou\u00e9e, disponible 24 heures sur 24 et 7 jours sur 7. Rassurez-vous, nous sommes l\u00e0 pour vous apporter une aide rapide et bienveillante.<\/p>\n<p>Nous comprenons que de nombreuses personnes se tournent vers les centres de soins d&rsquo;urgence et les h\u00f4pitaux pour des blessures li\u00e9es \u00e0 l&rsquo;indemnisation des accidents du travail et \u00e0 l&rsquo;assurance sans \u00e9gard \u00e0 la responsabilit\u00e9. Si votre blessure ne n\u00e9cessite pas une visite \u00e0 l&rsquo;h\u00f4pital, nous sommes ravis de vous proposer un traitement orthop\u00e9dique sp\u00e9cialis\u00e9 adapt\u00e9 \u00e0 votre situation unique. N&rsquo;h\u00e9sitez pas \u00e0 nous contacter au 631-981-2663 pour prendre rendez-vous d\u00e8s aujourd&rsquo;hui. Votre bien-\u00eatre reste toujours notre premi\u00e8re priorit\u00e9<\/p>\n","protected":false},"excerpt":{"rendered":"<p>Nakul Karkare Orthopedics : Votre fournisseur de soins orthop\u00e9diques de confiance \u00e0 Copiague, NY Nakul Karkare, votre fournisseur de soins orthop\u00e9diques d\u00e9vou\u00e9 situ\u00e9 \u00e0 Lindenhurst, NY, vous salue. Nous sommes ravis d&rsquo;offrir nos services orthop\u00e9diques professionnels et amicaux \u00e0 la merveilleuse communaut\u00e9 de Copiague, NY. Chez Complete Orthopedics, nous ne nous contentons pas d&rsquo;\u00eatre un [&hellip;]<\/p>\n","protected":false},"author":33,"featured_media":0,"parent":17597,"menu_order":0,"comment_status":"closed","ping_status":"closed","template":"","meta":{"_et_pb_use_builder":"","_et_pb_old_content":"","_et_gb_content_width":"","footnotes":""},"class_list":["post-20886","page","type-page","status-publish","hentry"],"yoast_head":"<!-- This site is optimized with the Yoast SEO plugin v27.2 - https:\/\/yoast.com\/product\/yoast-seo-wordpress\/ -->\n<title>Copiague, NY | Best Hip &amp; Knee Surgeon | NY, USA<\/title>\n<meta name=\"description\" content=\"Nakul Karkare Orthopedics : Votre fournisseur de soins orthop\u00e9diques de confiance \u00e0 Copiague, NY Nakul Karkare, votre fournisseur de soins orthop\u00e9diques\" \/>\n<meta name=\"robots\" content=\"index, follow, max-snippet:-1, max-image-preview:large, max-video-preview:-1\" \/>\n<link rel=\"canonical\" href=\"https:\/\/www.newyorkhipknee.com\/fr\/contact\/lindenhurst-meilleur-chirurgien-pour-le-remplacement-du-genou-et-de-la-hanche\/copiague-ny\/\" \/>\n<meta property=\"og:locale\" content=\"fr_FR\" \/>\n<meta property=\"og:type\" content=\"article\" \/>\n<meta property=\"og:title\" content=\"Copiague, NY | Best Hip &amp; Knee Surgeon | NY, USA\" \/>\n<meta property=\"og:description\" content=\"Nakul Karkare Orthopedics : Votre fournisseur de soins orthop\u00e9diques de confiance \u00e0 Copiague, NY Nakul Karkare, votre fournisseur de soins orthop\u00e9diques\" \/>\n<meta property=\"og:url\" content=\"https:\/\/www.newyorkhipknee.com\/fr\/contact\/lindenhurst-meilleur-chirurgien-pour-le-remplacement-du-genou-et-de-la-hanche\/copiague-ny\/\" \/>\n<meta property=\"og:site_name\" content=\"Best Hip &amp; Knee Surgeon | NY, USA\" \/>\n<meta name=\"twitter:card\" content=\"summary_large_image\" \/>\n<meta name=\"twitter:label1\" content=\"Dur\u00e9e de lecture estim\u00e9e\" \/>\n\t<meta name=\"twitter:data1\" content=\"9 minutes\" \/>\n<script type=\"application\/ld+json\" class=\"yoast-schema-graph\">{\"@context\":\"https:\/\/schema.org\",\"@graph\":[{\"@type\":[\"WebPage\",\"MedicalWebPage\"],\"@id\":\"https:\/\/www.newyorkhipknee.com\/fr\/contact\/lindenhurst-meilleur-chirurgien-pour-le-remplacement-du-genou-et-de-la-hanche\/copiague-ny\/\",\"url\":\"https:\/\/www.newyorkhipknee.com\/fr\/contact\/lindenhurst-meilleur-chirurgien-pour-le-remplacement-du-genou-et-de-la-hanche\/copiague-ny\/\",\"name\":\"Copiague, NY | Best Hip &amp; Knee Surgeon | NY, USA\",\"isPartOf\":{\"@id\":\"https:\/\/www.newyorkhipknee.com\/fr\/#website\"},\"datePublished\":\"2023-11-02T12:39:01+00:00\",\"description\":\"Nakul Karkare Orthopedics : Votre fournisseur de soins orthop\u00e9diques de confiance \u00e0 Copiague, NY Nakul Karkare, votre fournisseur de soins orthop\u00e9diques\",\"breadcrumb\":{\"@id\":\"https:\/\/www.newyorkhipknee.com\/fr\/contact\/lindenhurst-meilleur-chirurgien-pour-le-remplacement-du-genou-et-de-la-hanche\/copiague-ny\/#breadcrumb\"},\"inLanguage\":\"fr-FR\",\"potentialAction\":[{\"@type\":\"ReadAction\",\"target\":[\"https:\/\/www.newyorkhipknee.com\/fr\/contact\/lindenhurst-meilleur-chirurgien-pour-le-remplacement-du-genou-et-de-la-hanche\/copiague-ny\/\"]}]},{\"@type\":\"BreadcrumbList\",\"@id\":\"https:\/\/www.newyorkhipknee.com\/fr\/contact\/lindenhurst-meilleur-chirurgien-pour-le-remplacement-du-genou-et-de-la-hanche\/copiague-ny\/#breadcrumb\",\"itemListElement\":[{\"@type\":\"ListItem\",\"position\":1,\"name\":\"Home\",\"item\":\"https:\/\/www.newyorkhipknee.com\/fr\/\"},{\"@type\":\"ListItem\",\"position\":2,\"name\":\"CONTACT\",\"item\":\"https:\/\/www.newyorkhipknee.com\/fr\/contact\/\"},{\"@type\":\"ListItem\",\"position\":3,\"name\":\"Lindenhurst &#8211; Meilleur chirurgien pour le remplacement du genou et de la hanche\",\"item\":\"https:\/\/www.newyorkhipknee.com\/fr\/contact\/lindenhurst-meilleur-chirurgien-pour-le-remplacement-du-genou-et-de-la-hanche\/\"},{\"@type\":\"ListItem\",\"position\":4,\"name\":\"Copiague, NY\"}]},{\"@type\":\"WebSite\",\"@id\":\"https:\/\/www.newyorkhipknee.com\/fr\/#website\",\"url\":\"https:\/\/www.newyorkhipknee.com\/fr\/\",\"name\":\"Best Hip & Knee Surgeon | NY, USA\",\"description\":\"\",\"potentialAction\":[{\"@type\":\"SearchAction\",\"target\":{\"@type\":\"EntryPoint\",\"urlTemplate\":\"https:\/\/www.newyorkhipknee.com\/fr\/?s={search_term_string}\"},\"query-input\":{\"@type\":\"PropertyValueSpecification\",\"valueRequired\":true,\"valueName\":\"search_term_string\"}}],\"inLanguage\":\"fr-FR\"}]}<\/script>\n<!-- \/ Yoast SEO plugin. -->","yoast_head_json":{"title":"Copiague, NY | Best Hip &amp; Knee Surgeon | NY, USA","description":"Nakul Karkare Orthopedics : Votre fournisseur de soins orthop\u00e9diques de confiance \u00e0 Copiague, NY Nakul Karkare, votre fournisseur de soins orthop\u00e9diques","robots":{"index":"index","follow":"follow","max-snippet":"max-snippet:-1","max-image-preview":"max-image-preview:large","max-video-preview":"max-video-preview:-1"},"canonical":"https:\/\/www.newyorkhipknee.com\/fr\/contact\/lindenhurst-meilleur-chirurgien-pour-le-remplacement-du-genou-et-de-la-hanche\/copiague-ny\/","og_locale":"fr_FR","og_type":"article","og_title":"Copiague, NY | Best Hip &amp; Knee Surgeon | NY, USA","og_description":"Nakul Karkare Orthopedics : Votre fournisseur de soins orthop\u00e9diques de confiance \u00e0 Copiague, NY Nakul Karkare, votre fournisseur de soins orthop\u00e9diques","og_url":"https:\/\/www.newyorkhipknee.com\/fr\/contact\/lindenhurst-meilleur-chirurgien-pour-le-remplacement-du-genou-et-de-la-hanche\/copiague-ny\/","og_site_name":"Best Hip &amp; Knee Surgeon | NY, USA","twitter_card":"summary_large_image","twitter_misc":{"Dur\u00e9e de lecture estim\u00e9e":"9 minutes"},"schema":{"@context":"https:\/\/schema.org","@graph":[{"@type":["WebPage","MedicalWebPage"],"@id":"https:\/\/www.newyorkhipknee.com\/fr\/contact\/lindenhurst-meilleur-chirurgien-pour-le-remplacement-du-genou-et-de-la-hanche\/copiague-ny\/","url":"https:\/\/www.newyorkhipknee.com\/fr\/contact\/lindenhurst-meilleur-chirurgien-pour-le-remplacement-du-genou-et-de-la-hanche\/copiague-ny\/","name":"Copiague, NY | Best Hip &amp; Knee Surgeon | NY, USA","isPartOf":{"@id":"https:\/\/www.newyorkhipknee.com\/fr\/#website"},"datePublished":"2023-11-02T12:39:01+00:00","description":"Nakul Karkare Orthopedics : Votre fournisseur de soins orthop\u00e9diques de confiance \u00e0 Copiague, NY Nakul Karkare, votre fournisseur de soins orthop\u00e9diques","breadcrumb":{"@id":"https:\/\/www.newyorkhipknee.com\/fr\/contact\/lindenhurst-meilleur-chirurgien-pour-le-remplacement-du-genou-et-de-la-hanche\/copiague-ny\/#breadcrumb"},"inLanguage":"fr-FR","potentialAction":[{"@type":"ReadAction","target":["https:\/\/www.newyorkhipknee.com\/fr\/contact\/lindenhurst-meilleur-chirurgien-pour-le-remplacement-du-genou-et-de-la-hanche\/copiague-ny\/"]}]},{"@type":"BreadcrumbList","@id":"https:\/\/www.newyorkhipknee.com\/fr\/contact\/lindenhurst-meilleur-chirurgien-pour-le-remplacement-du-genou-et-de-la-hanche\/copiague-ny\/#breadcrumb","itemListElement":[{"@type":"ListItem","position":1,"name":"Home","item":"https:\/\/www.newyorkhipknee.com\/fr\/"},{"@type":"ListItem","position":2,"name":"CONTACT","item":"https:\/\/www.newyorkhipknee.com\/fr\/contact\/"},{"@type":"ListItem","position":3,"name":"Lindenhurst &#8211; Meilleur chirurgien pour le remplacement du genou et de la hanche","item":"https:\/\/www.newyorkhipknee.com\/fr\/contact\/lindenhurst-meilleur-chirurgien-pour-le-remplacement-du-genou-et-de-la-hanche\/"},{"@type":"ListItem","position":4,"name":"Copiague, NY"}]},{"@type":"WebSite","@id":"https:\/\/www.newyorkhipknee.com\/fr\/#website","url":"https:\/\/www.newyorkhipknee.com\/fr\/","name":"Best Hip & Knee Surgeon | NY, USA","description":"","potentialAction":[{"@type":"SearchAction","target":{"@type":"EntryPoint","urlTemplate":"https:\/\/www.newyorkhipknee.com\/fr\/?s={search_term_string}"},"query-input":{"@type":"PropertyValueSpecification","valueRequired":true,"valueName":"search_term_string"}}],"inLanguage":"fr-FR"}]}},"_links":{"self":[{"href":"https:\/\/www.newyorkhipknee.com\/fr\/wp-json\/wp\/v2\/pages\/20886","targetHints":{"allow":["GET"]}}],"collection":[{"href":"https:\/\/www.newyorkhipknee.com\/fr\/wp-json\/wp\/v2\/pages"}],"about":[{"href":"https:\/\/www.newyorkhipknee.com\/fr\/wp-json\/wp\/v2\/types\/page"}],"author":[{"embeddable":true,"href":"https:\/\/www.newyorkhipknee.com\/fr\/wp-json\/wp\/v2\/users\/33"}],"replies":[{"embeddable":true,"href":"https:\/\/www.newyorkhipknee.com\/fr\/wp-json\/wp\/v2\/comments?post=20886"}],"version-history":[{"count":0,"href":"https:\/\/www.newyorkhipknee.com\/fr\/wp-json\/wp\/v2\/pages\/20886\/revisions"}],"up":[{"embeddable":true,"href":"https:\/\/www.newyorkhipknee.com\/fr\/wp-json\/wp\/v2\/pages\/17597"}],"wp:attachment":[{"href":"https:\/\/www.newyorkhipknee.com\/fr\/wp-json\/wp\/v2\/media?parent=20886"}],"curies":[{"name":"wp","href":"https:\/\/api.w.org\/{rel}","templated":true}]}}