{"id":20910,"date":"2023-11-17T16:19:32","date_gmt":"2023-11-17T21:19:32","guid":{"rendered":"https:\/\/newyorkhipknee.com\/contact\/little-neck-meilleur-chirurgien-pour-larthroplastie-de-la-hanche-et-du-genou\/cold-spring-harbor-ny\/"},"modified":"2023-11-17T16:19:32","modified_gmt":"2023-11-17T21:19:32","slug":"cold-spring-harbor-ny","status":"publish","type":"page","link":"https:\/\/www.newyorkhipknee.com\/fr\/contact\/little-neck-meilleur-chirurgien-pour-larthroplastie-de-la-hanche-et-du-genou\/cold-spring-harbor-ny\/","title":{"rendered":"Cold Spring Harbor, NY"},"content":{"rendered":"<h1>Centre orthop\u00e9dique du Dr Nakul Karkare : Votre partenaire local pour les soins orthop\u00e9diques, de Little Neck \u00e0 Cold Spring Harbor, NY<\/h1>\n<p>Bienvenue au Centre orthop\u00e9dique du Dr Nakul Karkare, votre source d\u00e9vou\u00e9e de soins orthop\u00e9diques de qualit\u00e9 sup\u00e9rieure, qui s&rsquo;\u00e9tend de Little Neck \u00e0 la communaut\u00e9 accueillante de Cold Spring Harbor, dans l&rsquo;\u00c9tat de New York. Nous sommes honor\u00e9s d&rsquo;\u00eatre votre \u00e9tablissement orthop\u00e9dique local de confiance, qui s&rsquo;engage \u00e0 am\u00e9liorer le bien-\u00eatre des r\u00e9sidents et des personnes de cette r\u00e9gion prosp\u00e8re.<\/p>\n<p>Au centre orthop\u00e9dique du Dr Nakul Karkare, notre mission est in\u00e9branlable : fournir des soins orthop\u00e9diques complets, compatissants et avanc\u00e9s. Nous sommes conscients du r\u00f4le essentiel que joue la sant\u00e9 orthop\u00e9dique dans votre vie quotidienne.<\/p>\n<p>Que vous soyez sur la voie de la gu\u00e9rison apr\u00e8s une blessure, que vous g\u00e9riez des troubles musculo-squelettiques chroniques ou que vous cherchiez des conseils pour optimiser votre bien-\u00eatre orthop\u00e9dique, notre \u00e9quipe d&rsquo;experts est l\u00e0 pour vous guider vers une mobilit\u00e9 am\u00e9lior\u00e9e et une vie sans inconfort.<\/p>\n<p>Notre pr\u00e9sence relie de mani\u00e8re transparente Lindenhurts \u00e0 Cold Spring Harbor, vous garantissant un acc\u00e8s pratique \u00e0 nos services orthop\u00e9diques exceptionnels. Gr\u00e2ce \u00e0 notre blog informatif et \u00e0 nos ressources \u00e9ducatives, nous souhaitons vous apporter des informations pr\u00e9cieuses, les derni\u00e8res innovations en mati\u00e8re de traitements orthop\u00e9diques et des conseils pratiques pour vous aider \u00e0 mener une vie active et sans douleur.<\/p>\n<p>&nbsp;<\/p>\n<h2>Nous sommes ravis de proposer ces services orthop\u00e9diques complets \u00e0 Cold Spring Harbor, NY :<\/h2>\n<h2><a role=\"link\" href=\"https:\/\/newyorkhipknee.com\/custom-knee-replacement-surgery\/\" target=\"_blank\" rel=\"noopener\">Remplacement individualis\u00e9 du genou :<\/a><\/h2>\n<p>&#8211; Le remplacement personnalis\u00e9 du genou est une proc\u00e9dure chirurgicale avanc\u00e9e qui consiste \u00e0 remplacer une articulation du genou endommag\u00e9e par un implant artificiel sp\u00e9cialement con\u00e7u et m\u00e9ticuleusement adapt\u00e9 \u00e0 la structure anatomique unique du patient.<br \/>\n&#8211; Cet implant est fa\u00e7onn\u00e9 de mani\u00e8re complexe \u00e0 l&rsquo;aide d&rsquo;une technologie d&rsquo;imagerie de pointe, qui cr\u00e9e un mod\u00e8le tridimensionnel de l&rsquo;articulation du genou du patient. Ensuite, un implant sur mesure est m\u00e9ticuleusement fabriqu\u00e9 pour s&rsquo;adapter parfaitement au genou du patient.<br \/>\n&#8211; Cette proc\u00e9dure est recommand\u00e9e aux personnes qui souffrent de douleurs, de raideurs et de gonflements importants au niveau du genou, limitant consid\u00e9rablement leurs activit\u00e9s quotidiennes et leur qualit\u00e9 de vie.<br \/>\n&#8211; Une proth\u00e8se de genou individualis\u00e9e peut soulager efficacement la douleur, am\u00e9liorer la mobilit\u00e9 et la qualit\u00e9 de vie globale des patients aux prises avec des probl\u00e8mes d&rsquo;articulation du genou.<br \/>\n&#8211; Le docteur Karkare poss\u00e8de des comp\u00e9tences exceptionnelles en mati\u00e8re de techniques chirurgicales mini-invasives pour le remplacement des articulations. Il utilise des m\u00e9thodes innovantes et une technologie de pointe pour garantir la mise en place pr\u00e9cise des composants de l&rsquo;implant par le biais d&rsquo;incisions plus petites, pr\u00e9servant les tissus.<br \/>\n&#8211; Les patients qui subissent une arthroplastie du genou personnalis\u00e9e peuvent s&rsquo;attendre \u00e0 une r\u00e9duction de la douleur, \u00e0 une r\u00e9cup\u00e9ration acc\u00e9l\u00e9r\u00e9e et \u00e0 une meilleure amplitude de mouvement par rapport aux proc\u00e9dures traditionnelles d&rsquo;arthroplastie du genou.<\/p>\n<p>&nbsp;<\/p>\n<h2><a role=\"link\" href=\"https:\/\/newyorkhipknee.com\/hip-replacement-surgery\/\" target=\"_blank\" rel=\"noopener\">Remplacement de la hanche :<\/a><\/h2>\n<p>&#8211; L&rsquo;arthroplastie de la hanche est une intervention chirurgicale sophistiqu\u00e9e qui consiste \u00e0 remplacer une articulation de la hanche dysfonctionnelle par un implant artificiel m\u00e9ticuleusement con\u00e7u, reproduisant avec art la structure et la fonction naturelles de l&rsquo;articulation de la hanche. Cela permet aux patients de retrouver leur mobilit\u00e9 et de soulager leur inconfort.<br \/>\n&#8211; Cette proc\u00e9dure est recommand\u00e9e aux personnes souffrant de douleurs, de raideurs et de gonflements s\u00e9v\u00e8res de la hanche, qui entravent consid\u00e9rablement leurs activit\u00e9s quotidiennes et leur qualit\u00e9 de vie.<br \/>\n&#8211; Le Dr Karkare est hautement qualifi\u00e9 dans l&rsquo;utilisation des techniques chirurgicales traditionnelles \u00ab\u00a0ouvertes\u00a0\u00bb et des approches mini-invasives pour la chirurgie de remplacement de la hanche.<br \/>\n&#8211; Les patients qui subissent une arthroplastie de la hanche peuvent s&rsquo;attendre \u00e0 une diminution de la douleur, \u00e0 une r\u00e9cup\u00e9ration acc\u00e9l\u00e9r\u00e9e et \u00e0 une am\u00e9lioration de l&rsquo;amplitude des mouvements par rapport \u00e0 leur \u00e9tat avant l&rsquo;op\u00e9ration.<br \/>\n&#8211; Le docteur Karkare utilise des techniques et des technologies de pointe pour assurer la mise en place pr\u00e9cise des composants de l&rsquo;implant par le biais d&rsquo;incisions plus petites qui pr\u00e9servent les tissus.<\/p>\n<h2>Avantages de l&rsquo;arthroplastie personnalis\u00e9e du genou et de la hanche :<\/h2>\n<p>&#8211; Soulagement des douleurs articulaires et de la g\u00eane caus\u00e9e par les l\u00e9sions.<br \/>\n&#8211; Am\u00e9lioration de la mobilit\u00e9 et de l&rsquo;amplitude des mouvements.<br \/>\n&#8211; Am\u00e9lioration de la qualit\u00e9 de vie globale.<br \/>\n&#8211; R\u00e9cup\u00e9ration plus rapide que les m\u00e9thodes chirurgicales traditionnelles.<br \/>\n&#8211; Utilisation de techniques chirurgicales peu invasives pour r\u00e9duire la douleur et acc\u00e9l\u00e9rer le r\u00e9tablissement.<br \/>\n&#8211; Mise en place pr\u00e9cise des composants de l&rsquo;implant par le biais d&rsquo;incisions plus petites, pr\u00e9servant les tissus.<br \/>\n&#8211; Implants personnalis\u00e9s adapt\u00e9s \u00e0 l&rsquo;anatomie unique du patient, ce qui permet d&rsquo;obtenir des r\u00e9sultats sup\u00e9rieurs.<\/p>\n<p>Le docteur Karkare s&rsquo;est engag\u00e9 \u00e0 fournir des services complets aux personnes souffrant d&rsquo;une s\u00e9rie de troubles musculo-squelettiques. Il comprend l&rsquo;impact profond que les probl\u00e8mes orthop\u00e9diques et les blessures peuvent avoir sur la vie quotidienne, et il se consacre \u00e0 aider les patients \u00e0 retrouver leur mobilit\u00e9, \u00e0 soulager la douleur et \u00e0 am\u00e9liorer leur qualit\u00e9 de vie en g\u00e9n\u00e9ral. Les consultations sont disponibles dans plusieurs endroits \u00e0 Manhattan et Long Island, New York, ce qui permet aux patients de choisir l&rsquo;endroit qui leur convient le mieux pour une consultation sans engagement.<\/p>\n<p>Si vous souffrez de douleurs articulaires, de raideurs, de gonflements ou si vous avez subi une blessure, n&rsquo;h\u00e9sitez pas \u00e0 nous contacter. Notre \u00e9quipe de sp\u00e9cialistes est l\u00e0 pour faciliter votre retour aux activit\u00e9s que vous aimez. Nous sommes vos voisins et votre bien-\u00eatre est notre priorit\u00e9 absolue. Laissez-nous vous guider sur la voie d&rsquo;une meilleure sant\u00e9 orthop\u00e9dique.<\/p>\n<h1><\/h1>\n<h1><\/h1>\n<h1>\u00c0 propos de Cold Spring Harbor<\/h1>\n<p>Cold Spring Harbor, NY est un hameau et un lieu d\u00e9sign\u00e9 par le recensement (CDP) situ\u00e9 dans la ville de Huntington, dans le comt\u00e9 de Suffolk, sur la c\u00f4te nord de Long Island, dans l&rsquo;\u00c9tat de New York. Le village a une histoire riche, une culture vivante et une industrie touristique en plein essor.<\/p>\n<p><strong>Histoire de Cold Spring Harbor, NY<\/strong><\/p>\n<p>Cold Spring Harbor doit son nom aux sources d&rsquo;eau douce naturellement froides qui coulent dans la r\u00e9gion. Son \u00e9conomie \u00e9tait principalement li\u00e9e \u00e0 la meunerie et aux activit\u00e9s portuaires, et elle est devenue une communaut\u00e9 de chasseurs de baleines au milieu du dix-neuvi\u00e8me si\u00e8cle. Apr\u00e8s le d\u00e9clin de la p\u00eache \u00e0 la baleine dans les ann\u00e9es 1860, la ville est devenue un lieu de vill\u00e9giature avec plusieurs h\u00f4tels. Aujourd&rsquo;hui, il s&rsquo;agit principalement d&rsquo;une cit\u00e9-dortoir de la ville de New York, avec une petite zone commerciale centrale le long de la route 25A.<\/p>\n<p>&nbsp;<\/p>\n<p><strong>Culture de Cold Spring Harbor, NY<\/strong><\/p>\n<p>Cold Spring Harbor, NY a une histoire culturelle riche et le village abrite un certain nombre de mus\u00e9es et d&rsquo;institutions culturelles. Le village est \u00e9galement connu pour ses belles plages, qui attirent des visiteurs du monde entier. Le village abrite un quartier commercial o\u00f9 l&rsquo;on trouve une vie nocturne, des h\u00f4tels, des restaurants au bord de l&rsquo;eau et une vari\u00e9t\u00e9 de magasins.<\/p>\n<p>Le village abrite \u00e9galement le Cold Spring Harbor Laboratory, une institution de recherche de renomm\u00e9e mondiale qui a apport\u00e9 d&rsquo;importantes contributions aux domaines de la g\u00e9n\u00e9tique et de la recherche sur le cancer. Le laboratoire propose toute une s\u00e9rie de programmes et d&rsquo;\u00e9v\u00e9nements tout au long de l&rsquo;ann\u00e9e, notamment des conf\u00e9rences, des ateliers et d&rsquo;autres \u00e9v\u00e9nements culturels.<\/p>\n<p>&nbsp;<\/p>\n<p><strong>Tourisme \u00e0 Cold Spring Harbor, NY<\/strong><\/p>\n<p>Cold Spring Harbor, NY, est une destination touristique en plein essor, en partie gr\u00e2ce \u00e0 ses belles plages, ses charmants villages et son riche patrimoine culturel. Le village abrite un certain nombre d&rsquo;attractions qui attirent des visiteurs du monde entier.<\/p>\n<p>L&rsquo;une des attractions les plus populaires de Cold Spring Harbor est la beaut\u00e9 de ses plages. Les visiteurs peuvent se baigner, prendre des bains de soleil et pratiquer divers sports nautiques sur les plages du village. Le village abrite \u00e9galement un certain nombre de parcs et de r\u00e9serves naturelles, dont le Cold Spring Harbor State Park, qui propose des sentiers de randonn\u00e9e et des possibilit\u00e9s d&rsquo;observation des oiseaux.<\/p>\n<p>Une autre attraction populaire de Cold Spring Harbor est le Cold Spring Harbor Laboratory, qui propose une vari\u00e9t\u00e9 de programmes et d&rsquo;\u00e9v\u00e9nements tout au long de l&rsquo;ann\u00e9e. Les visiteurs peuvent assister \u00e0 des conf\u00e9rences, des ateliers et d&rsquo;autres \u00e9v\u00e9nements culturels au laboratoire.<\/p>\n<p>Cold Spring Harbor, NY, est un village \u00e0 l&rsquo;histoire riche, \u00e0 la culture dynamique et \u00e0 l&rsquo;industrie touristique en plein essor. Les visiteurs du village peuvent d\u00e9couvrir ses mus\u00e9es et ses institutions culturelles, profiter de ses belles plages et de ses r\u00e9serves naturelles, et se d\u00e9tendre dans ses charmants villages. Que vous soyez passionn\u00e9 d&rsquo;histoire, amoureux de la nature ou adepte de la plage, Cold Spring Harbor a quelque chose \u00e0 offrir \u00e0 chacun.<\/p>\n<p>&nbsp;<\/p>\n<h2>Directions<\/h2>\n<p>Voici l&rsquo;itin\u00e9raire \u00e0 suivre pour se rendre de Cold Spring Harbor, NY \u00e0 Complete Orthopedics, 52-21 Little Neck Parkway, Little Neck, NY 11362 :<\/p>\n<p>1. Prendre la direction sud sur Main St vers Harbor Rd.<br \/>\n2. Tourner \u00e0 gauche sur NY-25A E\/Harbor Rd.<br \/>\n3. Tourner \u00e0 droite sur Lawrence Hill Rd.<br \/>\n4. Tourner \u00e0 gauche sur NY-108 N.<br \/>\n5. Tourner \u00e0 droite sur NY-25A E\/Northern Blvd.<br \/>\n6. Tourner \u00e0 gauche sur Little Neck Pkwy.<br \/>\n7. Complete Orthopedics sera sur la droite au 52-21 Little Neck Pkwy.<\/p>\n<p>&nbsp;<\/p>\n<h2>Soins de sant\u00e9 pr\u00e8s de Cold Spring Harbor<\/h2>\n<p><strong>Pharmacies<\/strong><\/p>\n<p>1. CVS Pharmacy &#8211; 55 Cold Spring Rd, Syosset, NY 11791<br \/>\n2. Rite Aid Pharmacy &#8211; 135 Jackson Ave, Syosset, NY 11791<br \/>\n3. Walgreens Pharmacy &#8211; 391 Jericho Turnpike, Syosset, NY 11791<\/p>\n<p><strong>Centres de radiologie<\/strong><\/p>\n<p>1. Northwell Health Imaging at Syosset &#8211; 221 Jericho Turnpike, Syosset, NY 11791<br \/>\n2. Radiologie de l&rsquo;h\u00f4pital de Syosset &#8211; 221 Jericho Turnpike, Syosset, NY 11791<br \/>\n3. North Shore Radiology Associates &#8211; 221 Jericho Turnpike, Syosset, NY 11791<\/p>\n<p><strong>Centres de soins d&rsquo;urgence<\/strong><\/p>\n<p>1. MinuteClinic &#8211; 55 Cold Spring Rd, Syosset, NY 11791<br \/>\n2. Northwell Health-GoHealth Urgent Care &#8211; 260 Jericho Turnpike, Syosset, NY 11791<br \/>\n3. ProHEALTH Urgent Care &#8211; 260 W Jericho Turnpike, Syosset, NY 11791<\/p>\n<p><strong>H\u00f4pitaux<\/strong><\/p>\n<p>1. Charles Hospital &#8211; 200 Belle Terre Rd, Port Jefferson, NY 11777<br \/>\n2. NYC Health + Hospitals\/Elmhurst &#8211; 79-01 Broadway, Elmhurst, NY 11373<br \/>\n3. Cold Spring Hills Center for Nursing and Rehabilitation &#8211; 378 Syosset-Woodbury Rd, Woodbury, NY 11797<\/p>\n<p>Note : Les informations fournies sont exactes \u00e0 la date d&rsquo;octobre 2023. Il est toujours recommand\u00e9 de v\u00e9rifier les informations avant de se rendre sur place.<\/p>\n<p>Au c\u0153ur de notre mission se trouve l&rsquo;engagement d&rsquo;offrir des soins orthop\u00e9diques complets \u00e0 notre communaut\u00e9 locale, y compris aux personnes mentionn\u00e9es pr\u00e9c\u00e9demment. Que vous nous adressiez une demande de traitement orthop\u00e9dique ou que vous ayez des pr\u00e9occupations d&rsquo;ordre orthop\u00e9dique, notre \u00e9quipe d\u00e9vou\u00e9e, disponible 24 heures sur 24 et 7 jours sur 7, n&rsquo;est qu&rsquo;\u00e0 un coup de fil, pr\u00eate \u00e0 vous fournir une assistance rapide et compatissante.<\/p>\n<p>Nous reconnaissons que de nombreuses personnes se font soigner dans des centres de soins d&rsquo;urgence et des h\u00f4pitaux pour des blessures li\u00e9es au travail et couvertes par l&rsquo;assurance contre les accidents du travail et l&rsquo;assurance sans \u00e9gard \u00e0 la responsabilit\u00e9. Si votre blessure ne n\u00e9cessite pas une visite \u00e0 l&rsquo;h\u00f4pital, nous sommes tout \u00e0 fait dispos\u00e9s \u00e0 vous fournir un traitement orthop\u00e9dique sp\u00e9cialis\u00e9 adapt\u00e9 \u00e0 votre situation sp\u00e9cifique. N&rsquo;h\u00e9sitez pas \u00e0 nous contacter au 631-981-2663 pour prendre rendez-vous d\u00e8s aujourd&rsquo;hui. Votre bien-\u00eatre reste notre priorit\u00e9 absolue.<\/p>\n","protected":false},"excerpt":{"rendered":"<p>Centre orthop\u00e9dique du Dr Nakul Karkare : Votre partenaire local pour les soins orthop\u00e9diques, de Little Neck \u00e0 Cold Spring Harbor, NY Bienvenue au Centre orthop\u00e9dique du Dr Nakul Karkare, votre source d\u00e9vou\u00e9e de soins orthop\u00e9diques de qualit\u00e9 sup\u00e9rieure, qui s&rsquo;\u00e9tend de Little Neck \u00e0 la communaut\u00e9 accueillante de Cold Spring Harbor, dans l&rsquo;\u00c9tat de [&hellip;]<\/p>\n","protected":false},"author":33,"featured_media":0,"parent":17598,"menu_order":0,"comment_status":"closed","ping_status":"closed","template":"","meta":{"_et_pb_use_builder":"","_et_pb_old_content":"","_et_gb_content_width":"","footnotes":""},"class_list":["post-20910","page","type-page","status-publish","hentry"],"yoast_head":"<!-- This site is optimized with the Yoast SEO plugin v27.2 - https:\/\/yoast.com\/product\/yoast-seo-wordpress\/ -->\n<title>Cold Spring Harbor, NY | Best Hip &amp; Knee Surgeon | NY, USA<\/title>\n<meta name=\"description\" content=\"Centre orthop\u00e9dique du Dr Nakul Karkare : Votre partenaire local pour les soins orthop\u00e9diques, de Little Neck \u00e0 Cold Spring Harbor, NY Bienvenue au Centre\" \/>\n<meta name=\"robots\" content=\"index, follow, max-snippet:-1, max-image-preview:large, max-video-preview:-1\" \/>\n<link rel=\"canonical\" href=\"https:\/\/www.newyorkhipknee.com\/fr\/contact\/little-neck-meilleur-chirurgien-pour-larthroplastie-de-la-hanche-et-du-genou\/cold-spring-harbor-ny\/\" \/>\n<meta property=\"og:locale\" content=\"fr_FR\" \/>\n<meta property=\"og:type\" content=\"article\" \/>\n<meta property=\"og:title\" content=\"Cold Spring Harbor, NY | Best Hip &amp; Knee Surgeon | NY, USA\" \/>\n<meta property=\"og:description\" content=\"Centre orthop\u00e9dique du Dr Nakul Karkare : Votre partenaire local pour les soins orthop\u00e9diques, de Little Neck \u00e0 Cold Spring Harbor, NY Bienvenue au Centre\" \/>\n<meta property=\"og:url\" content=\"https:\/\/www.newyorkhipknee.com\/fr\/contact\/little-neck-meilleur-chirurgien-pour-larthroplastie-de-la-hanche-et-du-genou\/cold-spring-harbor-ny\/\" \/>\n<meta property=\"og:site_name\" content=\"Best Hip &amp; Knee Surgeon | NY, USA\" \/>\n<meta name=\"twitter:card\" content=\"summary_large_image\" \/>\n<meta name=\"twitter:label1\" content=\"Dur\u00e9e de lecture estim\u00e9e\" \/>\n\t<meta name=\"twitter:data1\" content=\"10 minutes\" \/>\n<script type=\"application\/ld+json\" class=\"yoast-schema-graph\">{\"@context\":\"https:\/\/schema.org\",\"@graph\":[{\"@type\":[\"WebPage\",\"MedicalWebPage\"],\"@id\":\"https:\/\/www.newyorkhipknee.com\/fr\/contact\/little-neck-meilleur-chirurgien-pour-larthroplastie-de-la-hanche-et-du-genou\/cold-spring-harbor-ny\/\",\"url\":\"https:\/\/www.newyorkhipknee.com\/fr\/contact\/little-neck-meilleur-chirurgien-pour-larthroplastie-de-la-hanche-et-du-genou\/cold-spring-harbor-ny\/\",\"name\":\"Cold Spring Harbor, NY | Best Hip &amp; Knee Surgeon | NY, USA\",\"isPartOf\":{\"@id\":\"https:\/\/www.newyorkhipknee.com\/fr\/#website\"},\"datePublished\":\"2023-11-17T21:19:32+00:00\",\"description\":\"Centre orthop\u00e9dique du Dr Nakul Karkare : Votre partenaire local pour les soins orthop\u00e9diques, de Little Neck \u00e0 Cold Spring Harbor, NY Bienvenue au Centre\",\"breadcrumb\":{\"@id\":\"https:\/\/www.newyorkhipknee.com\/fr\/contact\/little-neck-meilleur-chirurgien-pour-larthroplastie-de-la-hanche-et-du-genou\/cold-spring-harbor-ny\/#breadcrumb\"},\"inLanguage\":\"fr-FR\",\"potentialAction\":[{\"@type\":\"ReadAction\",\"target\":[\"https:\/\/www.newyorkhipknee.com\/fr\/contact\/little-neck-meilleur-chirurgien-pour-larthroplastie-de-la-hanche-et-du-genou\/cold-spring-harbor-ny\/\"]}]},{\"@type\":\"BreadcrumbList\",\"@id\":\"https:\/\/www.newyorkhipknee.com\/fr\/contact\/little-neck-meilleur-chirurgien-pour-larthroplastie-de-la-hanche-et-du-genou\/cold-spring-harbor-ny\/#breadcrumb\",\"itemListElement\":[{\"@type\":\"ListItem\",\"position\":1,\"name\":\"Home\",\"item\":\"https:\/\/www.newyorkhipknee.com\/fr\/\"},{\"@type\":\"ListItem\",\"position\":2,\"name\":\"CONTACT\",\"item\":\"https:\/\/www.newyorkhipknee.com\/fr\/contact\/\"},{\"@type\":\"ListItem\",\"position\":3,\"name\":\"Little Neck &#8211; Meilleur chirurgien pour l&rsquo;arthroplastie de la hanche et du genou\",\"item\":\"https:\/\/www.newyorkhipknee.com\/fr\/contact\/little-neck-meilleur-chirurgien-pour-larthroplastie-de-la-hanche-et-du-genou\/\"},{\"@type\":\"ListItem\",\"position\":4,\"name\":\"Cold Spring Harbor, NY\"}]},{\"@type\":\"WebSite\",\"@id\":\"https:\/\/www.newyorkhipknee.com\/fr\/#website\",\"url\":\"https:\/\/www.newyorkhipknee.com\/fr\/\",\"name\":\"Best Hip & Knee Surgeon | NY, USA\",\"description\":\"\",\"potentialAction\":[{\"@type\":\"SearchAction\",\"target\":{\"@type\":\"EntryPoint\",\"urlTemplate\":\"https:\/\/www.newyorkhipknee.com\/fr\/?s={search_term_string}\"},\"query-input\":{\"@type\":\"PropertyValueSpecification\",\"valueRequired\":true,\"valueName\":\"search_term_string\"}}],\"inLanguage\":\"fr-FR\"}]}<\/script>\n<!-- \/ Yoast SEO plugin. -->","yoast_head_json":{"title":"Cold Spring Harbor, NY | Best Hip &amp; Knee Surgeon | NY, USA","description":"Centre orthop\u00e9dique du Dr Nakul Karkare : Votre partenaire local pour les soins orthop\u00e9diques, de Little Neck \u00e0 Cold Spring Harbor, NY Bienvenue au Centre","robots":{"index":"index","follow":"follow","max-snippet":"max-snippet:-1","max-image-preview":"max-image-preview:large","max-video-preview":"max-video-preview:-1"},"canonical":"https:\/\/www.newyorkhipknee.com\/fr\/contact\/little-neck-meilleur-chirurgien-pour-larthroplastie-de-la-hanche-et-du-genou\/cold-spring-harbor-ny\/","og_locale":"fr_FR","og_type":"article","og_title":"Cold Spring Harbor, NY | Best Hip &amp; Knee Surgeon | NY, USA","og_description":"Centre orthop\u00e9dique du Dr Nakul Karkare : Votre partenaire local pour les soins orthop\u00e9diques, de Little Neck \u00e0 Cold Spring Harbor, NY Bienvenue au Centre","og_url":"https:\/\/www.newyorkhipknee.com\/fr\/contact\/little-neck-meilleur-chirurgien-pour-larthroplastie-de-la-hanche-et-du-genou\/cold-spring-harbor-ny\/","og_site_name":"Best Hip &amp; Knee Surgeon | NY, USA","twitter_card":"summary_large_image","twitter_misc":{"Dur\u00e9e de lecture estim\u00e9e":"10 minutes"},"schema":{"@context":"https:\/\/schema.org","@graph":[{"@type":["WebPage","MedicalWebPage"],"@id":"https:\/\/www.newyorkhipknee.com\/fr\/contact\/little-neck-meilleur-chirurgien-pour-larthroplastie-de-la-hanche-et-du-genou\/cold-spring-harbor-ny\/","url":"https:\/\/www.newyorkhipknee.com\/fr\/contact\/little-neck-meilleur-chirurgien-pour-larthroplastie-de-la-hanche-et-du-genou\/cold-spring-harbor-ny\/","name":"Cold Spring Harbor, NY | Best Hip &amp; Knee Surgeon | NY, USA","isPartOf":{"@id":"https:\/\/www.newyorkhipknee.com\/fr\/#website"},"datePublished":"2023-11-17T21:19:32+00:00","description":"Centre orthop\u00e9dique du Dr Nakul Karkare : Votre partenaire local pour les soins orthop\u00e9diques, de Little Neck \u00e0 Cold Spring Harbor, NY Bienvenue au Centre","breadcrumb":{"@id":"https:\/\/www.newyorkhipknee.com\/fr\/contact\/little-neck-meilleur-chirurgien-pour-larthroplastie-de-la-hanche-et-du-genou\/cold-spring-harbor-ny\/#breadcrumb"},"inLanguage":"fr-FR","potentialAction":[{"@type":"ReadAction","target":["https:\/\/www.newyorkhipknee.com\/fr\/contact\/little-neck-meilleur-chirurgien-pour-larthroplastie-de-la-hanche-et-du-genou\/cold-spring-harbor-ny\/"]}]},{"@type":"BreadcrumbList","@id":"https:\/\/www.newyorkhipknee.com\/fr\/contact\/little-neck-meilleur-chirurgien-pour-larthroplastie-de-la-hanche-et-du-genou\/cold-spring-harbor-ny\/#breadcrumb","itemListElement":[{"@type":"ListItem","position":1,"name":"Home","item":"https:\/\/www.newyorkhipknee.com\/fr\/"},{"@type":"ListItem","position":2,"name":"CONTACT","item":"https:\/\/www.newyorkhipknee.com\/fr\/contact\/"},{"@type":"ListItem","position":3,"name":"Little Neck &#8211; Meilleur chirurgien pour l&rsquo;arthroplastie de la hanche et du genou","item":"https:\/\/www.newyorkhipknee.com\/fr\/contact\/little-neck-meilleur-chirurgien-pour-larthroplastie-de-la-hanche-et-du-genou\/"},{"@type":"ListItem","position":4,"name":"Cold Spring Harbor, NY"}]},{"@type":"WebSite","@id":"https:\/\/www.newyorkhipknee.com\/fr\/#website","url":"https:\/\/www.newyorkhipknee.com\/fr\/","name":"Best Hip & Knee Surgeon | NY, USA","description":"","potentialAction":[{"@type":"SearchAction","target":{"@type":"EntryPoint","urlTemplate":"https:\/\/www.newyorkhipknee.com\/fr\/?s={search_term_string}"},"query-input":{"@type":"PropertyValueSpecification","valueRequired":true,"valueName":"search_term_string"}}],"inLanguage":"fr-FR"}]}},"_links":{"self":[{"href":"https:\/\/www.newyorkhipknee.com\/fr\/wp-json\/wp\/v2\/pages\/20910","targetHints":{"allow":["GET"]}}],"collection":[{"href":"https:\/\/www.newyorkhipknee.com\/fr\/wp-json\/wp\/v2\/pages"}],"about":[{"href":"https:\/\/www.newyorkhipknee.com\/fr\/wp-json\/wp\/v2\/types\/page"}],"author":[{"embeddable":true,"href":"https:\/\/www.newyorkhipknee.com\/fr\/wp-json\/wp\/v2\/users\/33"}],"replies":[{"embeddable":true,"href":"https:\/\/www.newyorkhipknee.com\/fr\/wp-json\/wp\/v2\/comments?post=20910"}],"version-history":[{"count":0,"href":"https:\/\/www.newyorkhipknee.com\/fr\/wp-json\/wp\/v2\/pages\/20910\/revisions"}],"up":[{"embeddable":true,"href":"https:\/\/www.newyorkhipknee.com\/fr\/wp-json\/wp\/v2\/pages\/17598"}],"wp:attachment":[{"href":"https:\/\/www.newyorkhipknee.com\/fr\/wp-json\/wp\/v2\/media?parent=20910"}],"curies":[{"name":"wp","href":"https:\/\/api.w.org\/{rel}","templated":true}]}}