{"id":20912,"date":"2023-11-20T15:10:08","date_gmt":"2023-11-20T20:10:08","guid":{"rendered":"https:\/\/newyorkhipknee.com\/contact\/little-neck-meilleur-chirurgien-pour-larthroplastie-de-la-hanche-et-du-genou\/east-meadow-ny\/"},"modified":"2023-11-20T15:10:08","modified_gmt":"2023-11-20T20:10:08","slug":"east-meadow-ny","status":"publish","type":"page","link":"https:\/\/www.newyorkhipknee.com\/fr\/contact\/little-neck-meilleur-chirurgien-pour-larthroplastie-de-la-hanche-et-du-genou\/east-meadow-ny\/","title":{"rendered":"East Meadow, NY"},"content":{"rendered":"<h1>Centre orthop\u00e9dique du Dr Nakul Karkare : Votre fournisseur de soins orthop\u00e9diques de confiance \u00e0 East Meadow, NY<\/h1>\n<p>Bienvenue au Centre orthop\u00e9dique du Dr Nakul Karkare, votre premi\u00e8re destination pour les soins orthop\u00e9diques \u00e0 Little Neck, NY. Le Dr Karkare et son \u00e9quipe hautement qualifi\u00e9e de chirurgiens orthop\u00e9diques et de sp\u00e9cialistes se consacrent \u00e0 la fourniture de services orthop\u00e9diques de qualit\u00e9 sup\u00e9rieure aux r\u00e9sidents d&rsquo;East Meadow et des r\u00e9gions environnantes.<\/p>\n<p>Au centre orthop\u00e9dique du Dr Nakul Karkare, nous proposons une gamme compl\u00e8te de services orthop\u00e9diques pour traiter les diff\u00e9rentes affections et blessures musculo-squelettiques. Nos services comprennent<\/p>\n<p>1.<strong> Remplacement des articulations :<\/strong> Le docteur Karkare et ses experts en orthop\u00e9die sont sp\u00e9cialis\u00e9s dans les proc\u00e9dures de remplacement des articulations de la hanche, du genou et de l&rsquo;\u00e9paule afin d&rsquo;am\u00e9liorer votre mobilit\u00e9 et votre qualit\u00e9 de vie.<\/p>\n<p><strong>3. M\u00e9decine sportive :<\/strong> Le docteur Karkare et ses sp\u00e9cialistes en m\u00e9decine sportive sont l\u00e0 pour aider les athl\u00e8tes de tous niveaux \u00e0 se remettre de leurs blessures et \u00e0 am\u00e9liorer leurs performances.<\/p>\n<p><strong>A propos du Dr. Nakul Karkare :<\/strong><br \/>\nLe Dr Nakul Karkare est un chirurgien orthop\u00e9dique certifi\u00e9 par le conseil d&rsquo;administration qui poss\u00e8de une grande exp\u00e9rience et une grande expertise dans la fourniture de soins orthop\u00e9diques exceptionnels. Il est titulaire de nombreuses certifications et se consacre \u00e0 des techniques chirurgicales avanc\u00e9es, garantissant aux patients des soins de la plus haute qualit\u00e9 adapt\u00e9s \u00e0 leurs besoins particuliers.<\/p>\n<p>L&rsquo;approche centr\u00e9e sur le patient et les solutions innovantes du docteur Karkare sont \u00e0 la pointe de l&rsquo;excellence orthop\u00e9dique, ce qui fait de lui un nom de confiance dans ce domaine. Lorsque vous choisissez le centre orthop\u00e9dique du Dr Nakul Karkare, vous choisissez les conseils d&rsquo;experts et les soins personnalis\u00e9s du Dr Karkare pour vous aider \u00e0 atteindre une sant\u00e9 et un bien-\u00eatre orthop\u00e9diques optimaux.<\/p>\n<p><strong>Pourquoi choisir le centre orthop\u00e9dique du Dr Nakul Karkare ?<\/strong><br \/>\nExpertise : L&rsquo;\u00e9quipe du Dr Karkare est compos\u00e9e de chirurgiens orthop\u00e9diques et de professionnels de la sant\u00e9 exp\u00e9riment\u00e9s qui s&rsquo;attachent \u00e0 fournir des soins de la plus haute qualit\u00e9 sous la direction du Dr Karkare.<\/p>\n<p><strong>Commodit\u00e9<\/strong>: Situ\u00e9s \u00e0 Little Neck, nous sommes facilement accessibles aux r\u00e9sidents d&rsquo;East Meadow, ce qui vous permet de recevoir des soins orthop\u00e9diques en temps voulu sous la direction experte du Dr Karkare.<\/p>\n<p><strong>Compassion<\/strong>: Le docteur Karkare et son \u00e9quipe accordent la priorit\u00e9 \u00e0 votre bien-\u00eatre et s&rsquo;efforcent de rendre votre parcours orthop\u00e9dique aussi confortable que possible.<\/p>\n<p><strong>Une technologie de pointe :<\/strong> Le docteur Karkare utilise les derni\u00e8res avanc\u00e9es de la m\u00e9decine orthop\u00e9dique pour vous offrir les meilleurs traitements et r\u00e9sultats possibles.<\/p>\n<p>&nbsp;<\/p>\n<h1>Nos services :<\/h1>\n<h2><a role=\"link\" href=\"https:\/\/newyorkhipknee.com\/custom-knee-replacement-surgery\/\" target=\"_blank\" rel=\"noopener\"><strong>Remplacement individualis\u00e9 du genou :<\/strong><\/a><\/h2>\n<ul>\n<li>Le remplacement personnalis\u00e9 du genou est une proc\u00e9dure chirurgicale avanc\u00e9e qui consiste \u00e0 remplacer une articulation du genou endommag\u00e9e par un implant artificiel sp\u00e9cialement con\u00e7u et m\u00e9ticuleusement adapt\u00e9 \u00e0 la structure anatomique unique du patient.<\/li>\n<li>Cet implant est fa\u00e7onn\u00e9 de mani\u00e8re complexe \u00e0 l&rsquo;aide d&rsquo;une technologie d&rsquo;imagerie de pointe, qui cr\u00e9e un mod\u00e8le tridimensionnel de l&rsquo;articulation du genou du patient. Ensuite, un implant sur mesure est m\u00e9ticuleusement fabriqu\u00e9 pour s&rsquo;adapter parfaitement au genou du patient.<\/li>\n<li>Cette proc\u00e9dure est recommand\u00e9e aux personnes qui souffrent de douleurs, de raideurs et de gonflements importants au niveau du genou, limitant consid\u00e9rablement leurs activit\u00e9s quotidiennes et leur qualit\u00e9 de vie.<\/li>\n<li>Une proth\u00e8se de genou individualis\u00e9e peut soulager efficacement la douleur, am\u00e9liorer la mobilit\u00e9 et la qualit\u00e9 de vie globale des patients aux prises avec des probl\u00e8mes d&rsquo;articulation du genou.<\/li>\n<li>Le docteur Karkare poss\u00e8de des comp\u00e9tences exceptionnelles en mati\u00e8re de techniques chirurgicales mini-invasives pour le remplacement des articulations. Il utilise des m\u00e9thodes innovantes et une technologie de pointe pour garantir la mise en place pr\u00e9cise des composants de l&rsquo;implant par le biais d&rsquo;incisions plus petites, pr\u00e9servant les tissus.<\/li>\n<li>Les patients qui subissent une arthroplastie du genou personnalis\u00e9e peuvent s&rsquo;attendre \u00e0 une r\u00e9duction de la douleur, \u00e0 une r\u00e9cup\u00e9ration acc\u00e9l\u00e9r\u00e9e et \u00e0 une meilleure amplitude de mouvement par rapport aux proc\u00e9dures traditionnelles d&rsquo;arthroplastie du genou.<\/li>\n<\/ul>\n<p>&nbsp;<\/p>\n<p><a role=\"link\" href=\"https:\/\/newyorkhipknee.com\/hip-replacement-surgery\/\" target=\"_blank\" rel=\"noopener\"><strong>Remplacement de la hanche :<\/strong><\/a><\/p>\n<ul>\n<li>L&rsquo;arthroplastie de la hanche est une intervention chirurgicale sophistiqu\u00e9e qui consiste \u00e0 remplacer une articulation de la hanche dysfonctionnelle par un implant artificiel m\u00e9ticuleusement con\u00e7u, reproduisant avec art la structure et la fonction naturelles de l&rsquo;articulation de la hanche. Cela permet aux patients de retrouver leur mobilit\u00e9 et de soulager leur inconfort.<\/li>\n<li>Cette proc\u00e9dure est recommand\u00e9e aux personnes souffrant de douleurs, de raideurs et de gonflements s\u00e9v\u00e8res de la hanche, qui entravent consid\u00e9rablement leurs activit\u00e9s quotidiennes et leur qualit\u00e9 de vie.<\/li>\n<li>Le Dr Karkare est tr\u00e8s comp\u00e9tent dans l&rsquo;utilisation des techniques chirurgicales traditionnelles \u00ab\u00a0ouvertes\u00a0\u00bb et des approches mini-invasives pour la chirurgie de remplacement de la hanche.<\/li>\n<li>Les patients qui subissent une arthroplastie de la hanche peuvent s&rsquo;attendre \u00e0 une diminution de la douleur, \u00e0 une r\u00e9cup\u00e9ration acc\u00e9l\u00e9r\u00e9e et \u00e0 une am\u00e9lioration de l&rsquo;amplitude des mouvements par rapport \u00e0 leur \u00e9tat avant l&rsquo;op\u00e9ration.<\/li>\n<li>Le docteur Karkare utilise des techniques et des technologies de pointe pour assurer la mise en place pr\u00e9cise des composants de l&rsquo;implant par le biais d&rsquo;incisions plus petites qui pr\u00e9servent les tissus.<\/li>\n<\/ul>\n<p><strong>Avantages de l&rsquo;arthroplastie personnalis\u00e9e du genou et de la hanche :<\/strong><\/p>\n<ul>\n<li>Soulagement des douleurs articulaires et de la g\u00eane caus\u00e9e par les l\u00e9sions.<\/li>\n<li>Am\u00e9lioration de la mobilit\u00e9 et de l&rsquo;amplitude des mouvements.<\/li>\n<li>Am\u00e9lioration de la qualit\u00e9 de vie globale.<\/li>\n<li>R\u00e9cup\u00e9ration plus rapide que les m\u00e9thodes chirurgicales traditionnelles.<\/li>\n<li>Utilisation de techniques chirurgicales peu invasives pour r\u00e9duire la douleur et acc\u00e9l\u00e9rer le r\u00e9tablissement.<\/li>\n<li>Mise en place pr\u00e9cise des composants de l&rsquo;implant par le biais d&rsquo;incisions plus petites, pr\u00e9servant les tissus.<\/li>\n<li>Implants personnalis\u00e9s adapt\u00e9s \u00e0 l&rsquo;anatomie unique du patient, ce qui permet d&rsquo;obtenir des r\u00e9sultats sup\u00e9rieurs.<\/li>\n<\/ul>\n<p>Le docteur Karkare s&rsquo;est engag\u00e9 \u00e0 fournir des services complets aux personnes souffrant d&rsquo;une s\u00e9rie de troubles musculo-squelettiques. Il comprend l&rsquo;impact profond que les probl\u00e8mes orthop\u00e9diques et les blessures peuvent avoir sur la vie quotidienne, et il se consacre \u00e0 aider les patients \u00e0 retrouver leur mobilit\u00e9, \u00e0 soulager la douleur et \u00e0 am\u00e9liorer leur qualit\u00e9 de vie en g\u00e9n\u00e9ral. Les consultations sont disponibles dans plusieurs endroits \u00e0 Manhattan et Long Island, New York, ce qui permet aux patients de choisir l&rsquo;endroit qui leur convient le mieux pour une consultation sans engagement.<\/p>\n<p>Si vous souffrez de douleurs articulaires, de raideurs, de gonflements ou si vous avez subi une blessure, n&rsquo;h\u00e9sitez pas \u00e0 nous contacter. Notre \u00e9quipe de sp\u00e9cialistes est l\u00e0 pour faciliter votre retour aux activit\u00e9s que vous aimez. Nous sommes vos voisins et votre bien-\u00eatre est notre priorit\u00e9 absolue. Laissez-nous vous guider sur la voie d&rsquo;une meilleure sant\u00e9 orthop\u00e9dique.<\/p>\n<p>&nbsp;<\/p>\n<h1>\u00c0 propos d&rsquo;East Meadow<\/h1>\n<p><span class=\"\">East Meadow, NY est un hameau et un lieu d\u00e9sign\u00e9 par le recensement (CDP) situ\u00e9 dans la ville de Hempstead dans le comt\u00e9 de Nassau, sur Long Island, New York, \u00c9tats-Unis. La population \u00e9tait de 38 132 habitants au recensement de 2010.  <\/span>Le hameau a une histoire riche, une culture vivante et une industrie touristique en plein essor.<\/p>\n<p>&nbsp;<\/p>\n<h3>Histoire d&rsquo;East Meadow, NY<\/h3>\n<p><span class=\"\">East Meadow, NY, a \u00e9t\u00e9 colonis\u00e9 \u00e0 l&rsquo;origine par la tribu am\u00e9rindienne Lenape. Le hameau a \u00e9t\u00e9 nomm\u00e9 d&rsquo;apr\u00e8s les prairies qui couvraient autrefois la r\u00e9gion. Le hameau \u00e9tait avant tout une communaut\u00e9 agricole, l&rsquo;agriculture et la p\u00eache \u00e9tant les principales industries. Au cours du XIXe si\u00e8cle, le hameau est devenu une destination populaire pour les riches New-Yorkais, qui y ont construit des r\u00e9sidences d&rsquo;\u00e9t\u00e9 et des centres de vill\u00e9giature.<\/span><\/p>\n<p>&nbsp;<\/p>\n<h3>Culture de East Meadow, NY<\/h3>\n<p><span class=\"\">East Meadow, NY a une histoire culturelle riche, et le hameau abrite un certain nombre de mus\u00e9es et d&rsquo;institutions culturelles. Le hameau est \u00e9galement connu pour ses magnifiques parcs, qui attirent des visiteurs du monde entier. Le hameau abrite un quartier commercial o\u00f9 l&rsquo;on trouve une vie nocturne, des h\u00f4tels, des restaurants au bord de l&rsquo;eau et une vari\u00e9t\u00e9 de magasins.<\/span><\/p>\n<p>&nbsp;<\/p>\n<h3>Tourisme \u00e0 East Meadow, NY<\/h3>\n<p><span class=\"\">East Meadow, NY est une destination touristique en plein essor, notamment gr\u00e2ce \u00e0 ses magnifiques parcs, ses charmants villages et son riche patrimoine culturel. Le hameau abrite un certain nombre d&rsquo;attractions qui attirent des visiteurs du monde entier.<\/span><span class=\"\">L&rsquo;une des attractions les plus populaires d&rsquo;East Meadow est la beaut\u00e9 de ses parcs. Les visiteurs peuvent profiter d&rsquo;une vari\u00e9t\u00e9 d&rsquo;activit\u00e9s de plein air, y compris la randonn\u00e9e, le v\u00e9lo et le pique-nique, dans les parcs du hameau.<\/span><\/p>\n<p><span class=\"\">Le hameau abrite \u00e9galement un certain nombre de r\u00e9serves naturelles, dont le parc Eisenhower, qui propose des sentiers de randonn\u00e9e et des possibilit\u00e9s d&rsquo;observation des oiseaux.<\/span><span class=\"\">Une autre attraction populaire d&rsquo;East Meadow est le Nassau County Museum of Art, une institution culturelle qui propose une vari\u00e9t\u00e9 d&rsquo;expositions et d&rsquo;\u00e9v\u00e9nements tout au long de l&rsquo;ann\u00e9e. Le mus\u00e9e a pour mission de promouvoir les arts et la culture de la r\u00e9gion.<\/span><\/p>\n<p>&nbsp;<\/p>\n<h3>Conclusion<\/h3>\n<p><span class=\"\">East Meadow, dans l&rsquo;\u00c9tat de New York, est un hameau \u00e0 l&rsquo;histoire riche, \u00e0 la culture dynamique et \u00e0 l&rsquo;industrie touristique en plein essor. Les visiteurs du hameau peuvent d\u00e9couvrir ses mus\u00e9es et ses institutions culturelles, profiter de ses magnifiques parcs et r\u00e9serves naturelles, et se d\u00e9tendre dans ses charmants villages. Que vous soyez passionn\u00e9 d&rsquo;histoire, de nature ou d&rsquo;art, East Meadow a quelque chose \u00e0 offrir \u00e0 chacun.<\/span><span class=\"\">Voici quelques ressources suppl\u00e9mentaires pour ceux qui souhaitent en savoir plus sur East Meadow, NY :<\/span><\/p>\n<p>&nbsp;<\/p>\n<h2>Directions<\/h2>\n<p><span class=\"\">Voici l&rsquo;itin\u00e9raire \u00e0 suivre pour se rendre de East Meadow, NY \u00e0 Complete Orthopedics au 52-21 Little Neck Parkway, Little Neck, NY 11362 :<\/span><\/p>\n<ol class=\"list-outside list-decimal marker:font-mono marker:text-sm pl-11\">\n<li><span class=\"\">Prendre la direction sud sur Prospect Ave vers Front St.<\/span><\/li>\n<li><span class=\"\">Tourner \u00e0 gauche sur Front St.<\/span><\/li>\n<li><span class=\"\">Tourner \u00e0 droite sur Hempstead Turnpike.<\/span><\/li>\n<li><span class=\"\">Tourner \u00e0 gauche sur Nassau Blvd.<\/span><\/li>\n<li><span class=\"\">Tourner \u00e0 droite sur Stewart Ave.<\/span><\/li>\n<li><span class=\"\">Tourner \u00e0 gauche sur Northern Blvd.<\/span><\/li>\n<li><span class=\"\">Tourner \u00e0 droite sur Little Neck Pkwy.<\/span><\/li>\n<li><span class=\"\">Complete Orthopedics sera sur la gauche au 52-21 Little Neck Pkwy.<\/span><\/li>\n<\/ol>\n<p><span class=\"\">Note : Les directions exactes peuvent varier en fonction de votre lieu de d\u00e9part.<\/span><\/p>\n<h2><\/h2>\n<h2>Soins de sant\u00e9 pr\u00e8s de East Meadow<\/h2>\n<h4>Pharmacies<\/h4>\n<ol class=\"list-outside list-decimal marker:font-mono marker:text-sm pl-11\">\n<li><span class=\"\">CVS Pharmacy &#8211; 1900 Hempstead Turnpike, East Meadow, NY 11554<\/span><\/li>\n<li><span class=\"\">Walgreens Pharmacy &#8211; 2475 Hempstead Turnpike, East Meadow, NY 11554<\/span><\/li>\n<li><span class=\"\">Rite Aid Pharmacy &#8211; 2475 Hempstead Turnpike, East Meadow, NY 11554<\/span><\/li>\n<\/ol>\n<h4>Centres de radiologie<\/h4>\n<ol class=\"list-outside list-decimal marker:font-mono marker:text-sm pl-11\">\n<li><span class=\"\">South Nassau Radiology &#8211; 2277 Grand Ave, Baldwin, NY 11510<\/span><\/li>\n<li><span class=\"\">South Shore Radiology &#8211; 242 Merrick Rd, Rockville Centre, NY 11570<\/span><\/li>\n<li><span class=\"\">Diagnostic Radiology Associates &#8211; 165 N Village Ave, Rockville Centre, NY 11570<\/span><\/li>\n<\/ol>\n<h4>Centres de soins d&rsquo;urgence<\/h4>\n<ol class=\"list-outside list-decimal marker:font-mono marker:text-sm pl-11\">\n<li><span class=\"\">Northwell Health-GoHealth Urgent Care &#8211; 243 Merrick Rd, Rockville Centre, NY 11570<\/span><\/li>\n<li><span class=\"\">CityMD Rockville Centre Urgent Care &#8211; Long Island &#8211; 77 N Centre Ave, Rockville Centre, NY 11570<\/span><\/li>\n<li><span class=\"\">ProHEALTH Urgent Care &#8211; 2064 Merrick Rd, Merrick, NY 11566<\/span><\/li>\n<\/ol>\n<h4>H\u00f4pitaux<\/h4>\n<ol class=\"list-outside list-decimal marker:font-mono marker:text-sm pl-11\">\n<li><span class=\"\">South Nassau Communities Hospital &#8211; 1 Healthy Way, Oceanside, NY 11572<\/span><\/li>\n<li><span class=\"\">Mercy Medical Center &#8211; 1000 N Village Ave, Rockville Centre, NY 11570<\/span><\/li>\n<li><span class=\"\">Mount Sinai South Nassau &#8211; 2277 Grand Ave, Baldwin, NY 11510<\/span><\/li>\n<\/ol>\n<p><span class=\"\">Note : Les informations fournies sont exactes \u00e0 la date d&rsquo;octobre 2023. Il est toujours recommand\u00e9 de v\u00e9rifier les informations avant de se rendre sur place.<\/span><\/p>\n<p>Nous sommes tr\u00e8s fiers de fournir des soins orthop\u00e9diques complets aux patients des diff\u00e9rents \u00e9tablissements de sant\u00e9 de notre communaut\u00e9, y compris ceux mentionn\u00e9s pr\u00e9c\u00e9demment.<\/p>\n<p>Que vous nous adressiez une demande de traitement orthop\u00e9dique ou que vous souhaitiez simplement nous consulter sur un probl\u00e8me orthop\u00e9dique, n&rsquo;h\u00e9sitez pas \u00e0 prendre contact avec notre \u00e9quipe d\u00e9vou\u00e9e, disponible 24 heures sur 24 et 7 jours sur 7. Nous sommes l\u00e0 pour offrir une assistance rapide et compatissante.<\/p>\n<p>De nombreuses personnes se font soigner dans des centres de soins d&rsquo;urgence et des h\u00f4pitaux pour des blessures li\u00e9es \u00e0 l&rsquo;indemnisation des accidents du travail et \u00e0 l&rsquo;assurance sans \u00e9gard \u00e0 la responsabilit\u00e9. Si votre blessure ne n\u00e9cessite pas une visite \u00e0 l&rsquo;h\u00f4pital, nous sommes ravis d&rsquo;offrir des soins orthop\u00e9diques sp\u00e9cialis\u00e9s adapt\u00e9s \u00e0 ce type de situation. N&rsquo;h\u00e9sitez pas \u00e0 nous contacter au <a href=\"tel:631-981-2663\" target=\"_blank\" rel=\"noopener\">631-981-2663<\/a> pour prendre rendez-vous avec nous d\u00e8s aujourd&rsquo;hui. Votre bien-\u00eatre est notre priorit\u00e9 absolue.<\/p>\n","protected":false},"excerpt":{"rendered":"<p>Centre orthop\u00e9dique du Dr Nakul Karkare : Votre fournisseur de soins orthop\u00e9diques de confiance \u00e0 East Meadow, NY Bienvenue au Centre orthop\u00e9dique du Dr Nakul Karkare, votre premi\u00e8re destination pour les soins orthop\u00e9diques \u00e0 Little Neck, NY. Le Dr Karkare et son \u00e9quipe hautement qualifi\u00e9e de chirurgiens orthop\u00e9diques et de sp\u00e9cialistes se consacrent \u00e0 la [&hellip;]<\/p>\n","protected":false},"author":33,"featured_media":0,"parent":17598,"menu_order":0,"comment_status":"closed","ping_status":"closed","template":"","meta":{"_et_pb_use_builder":"","_et_pb_old_content":"","_et_gb_content_width":"","footnotes":""},"class_list":["post-20912","page","type-page","status-publish","hentry"],"yoast_head":"<!-- This site is optimized with the Yoast SEO plugin v27.2 - https:\/\/yoast.com\/product\/yoast-seo-wordpress\/ -->\n<title>East Meadow, NY | Best Hip &amp; Knee Surgeon | NY, USA<\/title>\n<meta name=\"description\" content=\"Centre orthop\u00e9dique du Dr Nakul Karkare : Votre fournisseur de soins orthop\u00e9diques de confiance \u00e0 East Meadow, NY Bienvenue au Centre orthop\u00e9dique du Dr\" \/>\n<meta name=\"robots\" content=\"index, follow, max-snippet:-1, max-image-preview:large, max-video-preview:-1\" \/>\n<link rel=\"canonical\" href=\"https:\/\/www.newyorkhipknee.com\/fr\/contact\/little-neck-meilleur-chirurgien-pour-larthroplastie-de-la-hanche-et-du-genou\/east-meadow-ny\/\" \/>\n<meta property=\"og:locale\" content=\"fr_FR\" \/>\n<meta property=\"og:type\" content=\"article\" \/>\n<meta property=\"og:title\" content=\"East Meadow, NY | Best Hip &amp; Knee Surgeon | NY, USA\" \/>\n<meta property=\"og:description\" content=\"Centre orthop\u00e9dique du Dr Nakul Karkare : Votre fournisseur de soins orthop\u00e9diques de confiance \u00e0 East Meadow, NY Bienvenue au Centre orthop\u00e9dique du Dr\" \/>\n<meta property=\"og:url\" content=\"https:\/\/www.newyorkhipknee.com\/fr\/contact\/little-neck-meilleur-chirurgien-pour-larthroplastie-de-la-hanche-et-du-genou\/east-meadow-ny\/\" \/>\n<meta property=\"og:site_name\" content=\"Best Hip &amp; Knee Surgeon | NY, USA\" \/>\n<meta name=\"twitter:card\" content=\"summary_large_image\" \/>\n<meta name=\"twitter:label1\" content=\"Dur\u00e9e de lecture estim\u00e9e\" \/>\n\t<meta name=\"twitter:data1\" content=\"10 minutes\" \/>\n<script type=\"application\/ld+json\" class=\"yoast-schema-graph\">{\"@context\":\"https:\/\/schema.org\",\"@graph\":[{\"@type\":[\"WebPage\",\"MedicalWebPage\"],\"@id\":\"https:\/\/www.newyorkhipknee.com\/fr\/contact\/little-neck-meilleur-chirurgien-pour-larthroplastie-de-la-hanche-et-du-genou\/east-meadow-ny\/\",\"url\":\"https:\/\/www.newyorkhipknee.com\/fr\/contact\/little-neck-meilleur-chirurgien-pour-larthroplastie-de-la-hanche-et-du-genou\/east-meadow-ny\/\",\"name\":\"East Meadow, NY | Best Hip &amp; Knee Surgeon | NY, USA\",\"isPartOf\":{\"@id\":\"https:\/\/www.newyorkhipknee.com\/fr\/#website\"},\"datePublished\":\"2023-11-20T20:10:08+00:00\",\"description\":\"Centre orthop\u00e9dique du Dr Nakul Karkare : Votre fournisseur de soins orthop\u00e9diques de confiance \u00e0 East Meadow, NY Bienvenue au Centre orthop\u00e9dique du Dr\",\"breadcrumb\":{\"@id\":\"https:\/\/www.newyorkhipknee.com\/fr\/contact\/little-neck-meilleur-chirurgien-pour-larthroplastie-de-la-hanche-et-du-genou\/east-meadow-ny\/#breadcrumb\"},\"inLanguage\":\"fr-FR\",\"potentialAction\":[{\"@type\":\"ReadAction\",\"target\":[\"https:\/\/www.newyorkhipknee.com\/fr\/contact\/little-neck-meilleur-chirurgien-pour-larthroplastie-de-la-hanche-et-du-genou\/east-meadow-ny\/\"]}]},{\"@type\":\"BreadcrumbList\",\"@id\":\"https:\/\/www.newyorkhipknee.com\/fr\/contact\/little-neck-meilleur-chirurgien-pour-larthroplastie-de-la-hanche-et-du-genou\/east-meadow-ny\/#breadcrumb\",\"itemListElement\":[{\"@type\":\"ListItem\",\"position\":1,\"name\":\"Home\",\"item\":\"https:\/\/www.newyorkhipknee.com\/fr\/\"},{\"@type\":\"ListItem\",\"position\":2,\"name\":\"CONTACT\",\"item\":\"https:\/\/www.newyorkhipknee.com\/fr\/contact\/\"},{\"@type\":\"ListItem\",\"position\":3,\"name\":\"Little Neck &#8211; Meilleur chirurgien pour l&rsquo;arthroplastie de la hanche et du genou\",\"item\":\"https:\/\/www.newyorkhipknee.com\/fr\/contact\/little-neck-meilleur-chirurgien-pour-larthroplastie-de-la-hanche-et-du-genou\/\"},{\"@type\":\"ListItem\",\"position\":4,\"name\":\"East Meadow, NY\"}]},{\"@type\":\"WebSite\",\"@id\":\"https:\/\/www.newyorkhipknee.com\/fr\/#website\",\"url\":\"https:\/\/www.newyorkhipknee.com\/fr\/\",\"name\":\"Best Hip & Knee Surgeon | NY, USA\",\"description\":\"\",\"potentialAction\":[{\"@type\":\"SearchAction\",\"target\":{\"@type\":\"EntryPoint\",\"urlTemplate\":\"https:\/\/www.newyorkhipknee.com\/fr\/?s={search_term_string}\"},\"query-input\":{\"@type\":\"PropertyValueSpecification\",\"valueRequired\":true,\"valueName\":\"search_term_string\"}}],\"inLanguage\":\"fr-FR\"}]}<\/script>\n<!-- \/ Yoast SEO plugin. -->","yoast_head_json":{"title":"East Meadow, NY | Best Hip &amp; Knee Surgeon | NY, USA","description":"Centre orthop\u00e9dique du Dr Nakul Karkare : Votre fournisseur de soins orthop\u00e9diques de confiance \u00e0 East Meadow, NY Bienvenue au Centre orthop\u00e9dique du Dr","robots":{"index":"index","follow":"follow","max-snippet":"max-snippet:-1","max-image-preview":"max-image-preview:large","max-video-preview":"max-video-preview:-1"},"canonical":"https:\/\/www.newyorkhipknee.com\/fr\/contact\/little-neck-meilleur-chirurgien-pour-larthroplastie-de-la-hanche-et-du-genou\/east-meadow-ny\/","og_locale":"fr_FR","og_type":"article","og_title":"East Meadow, NY | Best Hip &amp; Knee Surgeon | NY, USA","og_description":"Centre orthop\u00e9dique du Dr Nakul Karkare : Votre fournisseur de soins orthop\u00e9diques de confiance \u00e0 East Meadow, NY Bienvenue au Centre orthop\u00e9dique du Dr","og_url":"https:\/\/www.newyorkhipknee.com\/fr\/contact\/little-neck-meilleur-chirurgien-pour-larthroplastie-de-la-hanche-et-du-genou\/east-meadow-ny\/","og_site_name":"Best Hip &amp; Knee Surgeon | NY, USA","twitter_card":"summary_large_image","twitter_misc":{"Dur\u00e9e de lecture estim\u00e9e":"10 minutes"},"schema":{"@context":"https:\/\/schema.org","@graph":[{"@type":["WebPage","MedicalWebPage"],"@id":"https:\/\/www.newyorkhipknee.com\/fr\/contact\/little-neck-meilleur-chirurgien-pour-larthroplastie-de-la-hanche-et-du-genou\/east-meadow-ny\/","url":"https:\/\/www.newyorkhipknee.com\/fr\/contact\/little-neck-meilleur-chirurgien-pour-larthroplastie-de-la-hanche-et-du-genou\/east-meadow-ny\/","name":"East Meadow, NY | Best Hip &amp; Knee Surgeon | NY, USA","isPartOf":{"@id":"https:\/\/www.newyorkhipknee.com\/fr\/#website"},"datePublished":"2023-11-20T20:10:08+00:00","description":"Centre orthop\u00e9dique du Dr Nakul Karkare : Votre fournisseur de soins orthop\u00e9diques de confiance \u00e0 East Meadow, NY Bienvenue au Centre orthop\u00e9dique du Dr","breadcrumb":{"@id":"https:\/\/www.newyorkhipknee.com\/fr\/contact\/little-neck-meilleur-chirurgien-pour-larthroplastie-de-la-hanche-et-du-genou\/east-meadow-ny\/#breadcrumb"},"inLanguage":"fr-FR","potentialAction":[{"@type":"ReadAction","target":["https:\/\/www.newyorkhipknee.com\/fr\/contact\/little-neck-meilleur-chirurgien-pour-larthroplastie-de-la-hanche-et-du-genou\/east-meadow-ny\/"]}]},{"@type":"BreadcrumbList","@id":"https:\/\/www.newyorkhipknee.com\/fr\/contact\/little-neck-meilleur-chirurgien-pour-larthroplastie-de-la-hanche-et-du-genou\/east-meadow-ny\/#breadcrumb","itemListElement":[{"@type":"ListItem","position":1,"name":"Home","item":"https:\/\/www.newyorkhipknee.com\/fr\/"},{"@type":"ListItem","position":2,"name":"CONTACT","item":"https:\/\/www.newyorkhipknee.com\/fr\/contact\/"},{"@type":"ListItem","position":3,"name":"Little Neck &#8211; Meilleur chirurgien pour l&rsquo;arthroplastie de la hanche et du genou","item":"https:\/\/www.newyorkhipknee.com\/fr\/contact\/little-neck-meilleur-chirurgien-pour-larthroplastie-de-la-hanche-et-du-genou\/"},{"@type":"ListItem","position":4,"name":"East Meadow, NY"}]},{"@type":"WebSite","@id":"https:\/\/www.newyorkhipknee.com\/fr\/#website","url":"https:\/\/www.newyorkhipknee.com\/fr\/","name":"Best Hip & Knee Surgeon | NY, USA","description":"","potentialAction":[{"@type":"SearchAction","target":{"@type":"EntryPoint","urlTemplate":"https:\/\/www.newyorkhipknee.com\/fr\/?s={search_term_string}"},"query-input":{"@type":"PropertyValueSpecification","valueRequired":true,"valueName":"search_term_string"}}],"inLanguage":"fr-FR"}]}},"_links":{"self":[{"href":"https:\/\/www.newyorkhipknee.com\/fr\/wp-json\/wp\/v2\/pages\/20912","targetHints":{"allow":["GET"]}}],"collection":[{"href":"https:\/\/www.newyorkhipknee.com\/fr\/wp-json\/wp\/v2\/pages"}],"about":[{"href":"https:\/\/www.newyorkhipknee.com\/fr\/wp-json\/wp\/v2\/types\/page"}],"author":[{"embeddable":true,"href":"https:\/\/www.newyorkhipknee.com\/fr\/wp-json\/wp\/v2\/users\/33"}],"replies":[{"embeddable":true,"href":"https:\/\/www.newyorkhipknee.com\/fr\/wp-json\/wp\/v2\/comments?post=20912"}],"version-history":[{"count":0,"href":"https:\/\/www.newyorkhipknee.com\/fr\/wp-json\/wp\/v2\/pages\/20912\/revisions"}],"up":[{"embeddable":true,"href":"https:\/\/www.newyorkhipknee.com\/fr\/wp-json\/wp\/v2\/pages\/17598"}],"wp:attachment":[{"href":"https:\/\/www.newyorkhipknee.com\/fr\/wp-json\/wp\/v2\/media?parent=20912"}],"curies":[{"name":"wp","href":"https:\/\/api.w.org\/{rel}","templated":true}]}}