{"id":20931,"date":"2023-11-21T10:42:03","date_gmt":"2023-11-21T15:42:03","guid":{"rendered":"https:\/\/newyorkhipknee.com\/contact\/little-neck-meilleur-chirurgien-pour-larthroplastie-de-la-hanche-et-du-genou\/garden-city-ny\/"},"modified":"2023-11-21T10:42:03","modified_gmt":"2023-11-21T15:42:03","slug":"garden-city-ny","status":"publish","type":"page","link":"https:\/\/www.newyorkhipknee.com\/fr\/contact\/little-neck-meilleur-chirurgien-pour-larthroplastie-de-la-hanche-et-du-genou\/garden-city-ny\/","title":{"rendered":"Garden City, NY"},"content":{"rendered":"<h1>Bonjour \u00e0 Complete Orthopedics : votre principal fournisseur de soins orthop\u00e9diques \u00e0 Garden City, NY !<\/h1>\n<p>Au c\u0153ur du travail du Dr Nakul Karkare se trouve la fourniture de soins orthop\u00e9diques complets. Que vous soyez r\u00e9f\u00e9r\u00e9 pour un traitement orthop\u00e9dique ou que vous ayez simplement besoin de conseils sur des questions orthop\u00e9diques, notre \u00e9quipe d\u00e9vou\u00e9e, disponible 24 heures sur 24 et 7 jours sur 7, est \u00e0 votre disposition. Nous sommes l\u00e0 pour vous offrir une assistance rapide et compatissante.<\/p>\n<p>Nous comprenons que de nombreuses personnes souffrant d&rsquo;accidents du travail couverts par l&rsquo;indemnisation des accidents du travail et l&rsquo;assurance sans responsabilit\u00e9 se rendent souvent dans des centres de soins d&rsquo;urgence et des h\u00f4pitaux. Si votre blessure ne n\u00e9cessite pas une visite \u00e0 l&rsquo;h\u00f4pital, nous serons ravis de vous fournir un traitement orthop\u00e9dique sp\u00e9cialis\u00e9 adapt\u00e9 \u00e0 votre cas particulier. Votre bien-\u00eatre est notre priorit\u00e9 absolue.<\/p>\n<p>&nbsp;<\/p>\n<h1>Nous sommes fiers de proposer un large \u00e9ventail de services orthop\u00e9diques \u00e0 Garden City, NY.<\/h1>\n<h2><a href=\"https:\/\/newyorkhipknee.com\/hip-replacement-surgery\/\" target=\"_blank\" rel=\"noopener\">Chirurgie de remplacement total de la hanche<\/a><\/h2>\n<p>L&rsquo;arthroplastie totale de la hanche consiste \u00e0 remplacer une articulation de la hanche endommag\u00e9e ou us\u00e9e par une articulation artificielle. Cette proc\u00e9dure est souvent recommand\u00e9e aux personnes souffrant de douleurs s\u00e9v\u00e8res \u00e0 la hanche, de raideurs ou d&rsquo;une mobilit\u00e9 r\u00e9duite en raison de pathologies telles que l&rsquo;arthrite ou les fractures.<\/p>\n<p>Le Dr Nakul Karkare est un excellent choix pour cette chirurgie, et ce pour plusieurs raisons. Sa grande exp\u00e9rience et son expertise en chirurgie orthop\u00e9dique, en particulier dans le domaine des proth\u00e8ses de hanche, font de lui une option de premier ordre. Le docteur Karkare est connu pour son engagement \u00e0 fournir des soins personnalis\u00e9s \u00e0 ses patients, en veillant \u00e0 ce que chaque personne re\u00e7oive un plan de traitement adapt\u00e9 \u00e0 ses besoins et \u00e0 sa situation sp\u00e9cifiques.<\/p>\n<p>En outre, son recours \u00e0 des techniques chirurgicales avanc\u00e9es et \u00e0 des technologies de pointe permet d&rsquo;obtenir des r\u00e9sultats optimaux pour les patients qui subissent une arthroplastie totale de la hanche. La r\u00e9putation de compassion du docteur Karkare, associ\u00e9e \u00e0 sa volont\u00e9 de se tenir au courant des derni\u00e8res avanc\u00e9es en mati\u00e8re d&rsquo;orthop\u00e9die, font de lui un choix fiable pour la pose d&rsquo;une proth\u00e8se totale de la hanche.<\/p>\n<p>&nbsp;<\/p>\n<h2><a href=\"https:\/\/newyorkhipknee.com\/faqs\/total-knee-replacement-faqs\/\" target=\"_blank\" rel=\"noopener\">Remplacement du genou sur mesure<\/a><\/h2>\n<p>Nous sommes ravis de proposer une chirurgie de remplacement du genou personnalis\u00e9e et adapt\u00e9e aux besoins uniques de chaque individu ici \u00e0 Garden City, NY. Le Dr Nakul Karkare est un excellent choix pour cette proc\u00e9dure sp\u00e9cialis\u00e9e. Gr\u00e2ce \u00e0 sa grande exp\u00e9rience et \u00e0 son engagement \u00e0 fournir des soins personnalis\u00e9s, il s&rsquo;impose comme l&rsquo;option de choix. L&rsquo;utilisation par le Dr Karkare de techniques avanc\u00e9es et le fait de se tenir au courant des derni\u00e8res nouveaut\u00e9s en mati\u00e8re d&rsquo;orthop\u00e9die garantissent que vous recevrez les meilleurs soins possibles pour votre proth\u00e8se de genou sur mesure. Vous pouvez lui faire confiance pour apporter une touche humaine \u00e0 votre parcours orthop\u00e9dique.<\/p>\n<p>Le Dr Nakul Karkare est consid\u00e9r\u00e9 comme un choix optimal pour la chirurgie de remplacement du genou sur mesure pour plusieurs raisons imp\u00e9rieuses. Il se distingue par sa grande exp\u00e9rience et son expertise en chirurgie orthop\u00e9dique, en particulier dans le domaine des proth\u00e8ses de genou. Le docteur Karkare est connu pour son engagement \u00e0 fournir des soins individualis\u00e9s \u00e0 ses patients, en tenant compte des besoins et des conditions sp\u00e9cifiques de chacun.<\/p>\n<p>En outre, le docteur Karkare int\u00e8gre des techniques chirurgicales avanc\u00e9es et des technologies de pointe dans sa pratique, ce qui am\u00e9liore la pr\u00e9cision et les r\u00e9sultats pour les patients qui subissent une arthroplastie du genou sur mesure. Sa r\u00e9putation de compassion et sa volont\u00e9 de se tenir au courant des derni\u00e8res avanc\u00e9es en mati\u00e8re d&rsquo;orthop\u00e9die font de lui une option fiable pour ceux qui recherchent une approche personnalis\u00e9e de l&rsquo;arthroplastie du genou.<\/p>\n<p>&nbsp;<\/p>\n<h1>\u00c0 propos de Garden City<\/h1>\n<p>Garden City, NY est un village situ\u00e9 sur Long Island dans le comt\u00e9 de Nassau, New York. Le village s&rsquo;enorgueillit d&rsquo;une histoire diversifi\u00e9e, d&rsquo;une sc\u00e8ne culturelle anim\u00e9e et d&rsquo;un secteur touristique en pleine expansion.<\/p>\n<p>&nbsp;<\/p>\n<h3>Histoire de Garden City, NY<\/h3>\n<p>Fond\u00e9e en 1869 par le marchand de textile Alexander Turney Stewart, Garden City, NY, est l&rsquo;une des premi\u00e8res communaut\u00e9s planifi\u00e9es des \u00c9tats-Unis. Les descendants de Stewart ont fond\u00e9 la Garden City Company, qui a jou\u00e9 un r\u00f4le essentiel dans la supervision de la croissance de la communaut\u00e9 jusqu&rsquo;\u00e0 ce qu&rsquo;elle devienne officiellement un village par incorporation en 1919.<\/p>\n<p>Le village est r\u00e9put\u00e9 pour ses quartiers r\u00e9sidentiels attrayants et son ambiance de jardin tranquille. Il abrite la cath\u00e9drale gothique anglaise de l&rsquo;Incarnation, qui sert de si\u00e8ge au dioc\u00e8se \u00e9piscopal de Long Island. Le George Mercer Jr. La Memorial School of Theology est situ\u00e9e \u00e0 Garden City. En outre, l&rsquo;universit\u00e9 Adelphi, cr\u00e9\u00e9e en 1896 \u00e0 Brooklyn, a \u00e9t\u00e9 transf\u00e9r\u00e9e \u00e0 Garden City en 1929. Garden City abrite le Nassau Community College, membre du syst\u00e8me de l&rsquo;universit\u00e9 d&rsquo;\u00c9tat de New York.<\/p>\n<p>&nbsp;<\/p>\n<h3>Culture de Garden City, NY<\/h3>\n<p>Garden City, NY, s&rsquo;enorgueillit d&rsquo;une histoire culturellement riche, le village \u00e9tant le si\u00e8ge de plusieurs mus\u00e9es et institutions culturelles. Le village abrite un quartier commercial qui comprend une vie nocturne anim\u00e9e, des h\u00f4tels, des restaurants au bord de l&rsquo;eau et un \u00e9ventail diversifi\u00e9 de boutiques.<\/p>\n<p>&nbsp;<\/p>\n<h3>Tourisme \u00e0 Garden City, NY<\/h3>\n<p>Garden City, NY, devient un lieu touristique de plus en plus populaire, gr\u00e2ce \u00e0 ses parcs attrayants, ses villages pittoresques et son abondant patrimoine culturel. Le village abrite diverses attractions qui s\u00e9duisent les visiteurs du monde entier. Parmi ceux-ci, le mus\u00e9e du berceau de l&rsquo;aviation se distingue en tant qu&rsquo;institution culturelle de premier plan, pr\u00e9sentant diverses expositions et \u00e9v\u00e9nements tout au long de l&rsquo;ann\u00e9e.<\/p>\n<p>Le mus\u00e9e s&rsquo;engage \u00e0 pr\u00e9senter l&rsquo;histoire et l&rsquo;importance culturelle de l&rsquo;aviation. Une autre destination appr\u00e9ci\u00e9e \u00e0 Garden City est le Roosevelt Field Mall, un centre commercial abritant une gamme vari\u00e9e de magasins et de restaurants. Le centre commercial tire son nom du Roosevelt Field adjacent, le site de lancement historique du vol transatlantique r\u00e9volutionnaire de Charles A. Lindbergh en 1927.<\/p>\n<p>Garden City, NY, est un village charg\u00e9 d&rsquo;histoire, dot\u00e9 d&rsquo;une culture vivante et d&rsquo;un secteur touristique florissant. Ceux qui s&rsquo;aventurent dans le village peuvent se plonger dans ses mus\u00e9es et ses \u00e9tablissements culturels, se d\u00e9lecter de la beaut\u00e9 de ses parcs et de ses r\u00e9serves naturelles, et se d\u00e9tendre dans ses charmants villages. Que vous soyez passionn\u00e9 d&rsquo;histoire, de nature ou de shopping, Garden City r\u00e9pond \u00e0 une grande diversit\u00e9 d&rsquo;int\u00e9r\u00eats.<\/p>\n<h1>Directions<\/h1>\n<p>Voici l&rsquo;itin\u00e9raire \u00e0 suivre pour se rendre de Garden City, NY \u00e0 Complete Orthopedics au 52-21 Little Neck Parkway, Little Neck, NY 11362 :<\/p>\n<p>1. Prendre la direction est sur Stewart Ave vers Franklin Ave.<br \/>\n2. Tourner \u00e0 gauche sur Franklin Ave.<br \/>\n3. Tourner \u00e0 droite sur la 7e rue.<br \/>\n4. Tourner \u00e0 gauche sur le Nassau Blvd.<br \/>\n5. Tourner \u00e0 droite sur Jericho Turnpike.<br \/>\n6. Tourner \u00e0 gauche sur Lakeville Rd.<br \/>\n7. Tournez \u00e0 droite sur la rampe d&rsquo;acc\u00e8s \u00e0 NY-25 E\/Jericho Turnpike.<br \/>\n8. Rejoindre la NY-25 E\/Jericho Turnpike.<br \/>\n9. Tourner \u00e0 droite sur Little Neck Pkwy.<br \/>\n10. Complete Orthopedics se trouve sur la droite au 52-21 Little Neck Pkwy.<\/p>\n<p>Note : Les directions exactes peuvent varier en fonction de votre lieu de d\u00e9part. Il est recommand\u00e9 d&rsquo;utiliser un GPS ou un service de cartographie pour obtenir les indications les plus pr\u00e9cises.<\/p>\n<p>&nbsp;<\/p>\n<h1>Soins de sant\u00e9 pr\u00e8s de Garden City<\/h1>\n<h4>Pharmacies<\/h4>\n<ol class=\"list-outside list-decimal marker:font-mono marker:text-sm pl-11\">\n<li><span class=\"\">CVS Pharmacy &#8211; 630 Old Country Rd, Garden City, NY 11530<\/span><\/li>\n<li><span class=\"\">Walgreens Pharmacy &#8211; 655 Franklin Ave, Franklin Square, NY 11010<\/span><\/li>\n<li><span class=\"\">Rite Aid Pharmacy &#8211; 925 Hempstead Turnpike, Franklin Square, NY 11010<\/span><\/li>\n<\/ol>\n<h4>Centres de radiologie<\/h4>\n<ol class=\"list-outside list-decimal marker:font-mono marker:text-sm pl-11\">\n<li><span class=\"\">South Nassau Radiology &#8211; 2277 Grand Ave, Baldwin, NY 11510<\/span><\/li>\n<li><span class=\"\">South Shore Radiology &#8211; 242 Merrick Rd, Rockville Centre, NY 11570<\/span><\/li>\n<li><span class=\"\">Diagnostic Radiology Associates &#8211; 165 N Village Ave, Rockville Centre, NY 11570<\/span><\/li>\n<\/ol>\n<h4>Centres de soins d&rsquo;urgence<\/h4>\n<ol class=\"list-outside list-decimal marker:font-mono marker:text-sm pl-11\">\n<li><span class=\"\">Northwell Health-GoHealth Urgent Care &#8211; 243 Merrick Rd, Rockville Centre, NY 11570<\/span><\/li>\n<li><span class=\"\">CityMD Rockville Centre Urgent Care &#8211; Long Island &#8211; 77 N Centre Ave, Rockville Centre, NY 11570<\/span><\/li>\n<li><span class=\"\">ProHEALTH Urgent Care &#8211; 2064 Merrick Rd, Merrick, NY 11566<\/span><\/li>\n<\/ol>\n<h4>H\u00f4pitaux<\/h4>\n<ol class=\"list-outside list-decimal marker:font-mono marker:text-sm pl-11\">\n<li><span class=\"\">Centre m\u00e9dical juif de Long Island &#8211; 270-05 76th Ave, New Hyde Park, NY 11040<\/span><\/li>\n<li><span class=\"\">H\u00f4pital universitaire North Shore &#8211; 300 Community Dr, Manhasset, NY 11030<\/span><\/li>\n<li><span class=\"\">Mercy Medical Center &#8211; 1000 N Village Ave, Rockville Centre, NY 11570<\/span><\/li>\n<\/ol>\n<p>Notre mission principale consiste \u00e0 fournir des soins orthop\u00e9diques complets aux personnes de notre communaut\u00e9, y compris celles mentionn\u00e9es plus haut. Que vous nous soyez adress\u00e9 pour un traitement orthop\u00e9dique ou que vous recherchiez des conseils pour tout probl\u00e8me orthop\u00e9dique, notre \u00e9quipe d\u00e9vou\u00e9e, disponible 24 heures sur 24 et 7 jours sur 7, est pr\u00eate \u00e0 vous fournir une assistance rapide et compatissante.<\/p>\n<p>Nous savons que de nombreuses personnes dont les blessures li\u00e9es au travail sont couvertes par l&rsquo;indemnisation des accidents du travail et l&rsquo;assurance sans \u00e9gard \u00e0 la responsabilit\u00e9 se tournent souvent vers les centres de soins d&rsquo;urgence et les h\u00f4pitaux pour se faire soigner. Si votre blessure ne n\u00e9cessite pas une visite \u00e0 l&rsquo;h\u00f4pital, nous sommes tout \u00e0 fait dispos\u00e9s \u00e0 vous fournir un traitement orthop\u00e9dique sp\u00e9cialis\u00e9 adapt\u00e9 \u00e0 votre cas sp\u00e9cifique. N&rsquo;h\u00e9sitez pas \u00e0 nous contacter au 631-981-2663 pour prendre rendez-vous d\u00e8s aujourd&rsquo;hui. Votre bien-\u00eatre reste notre priorit\u00e9 absolue.<\/p>\n","protected":false},"excerpt":{"rendered":"<p>Bonjour \u00e0 Complete Orthopedics : votre principal fournisseur de soins orthop\u00e9diques \u00e0 Garden City, NY ! Au c\u0153ur du travail du Dr Nakul Karkare se trouve la fourniture de soins orthop\u00e9diques complets. Que vous soyez r\u00e9f\u00e9r\u00e9 pour un traitement orthop\u00e9dique ou que vous ayez simplement besoin de conseils sur des questions orthop\u00e9diques, notre \u00e9quipe d\u00e9vou\u00e9e, [&hellip;]<\/p>\n","protected":false},"author":33,"featured_media":0,"parent":17598,"menu_order":0,"comment_status":"closed","ping_status":"closed","template":"","meta":{"_et_pb_use_builder":"","_et_pb_old_content":"","_et_gb_content_width":"","footnotes":""},"class_list":["post-20931","page","type-page","status-publish","hentry"],"yoast_head":"<!-- This site is optimized with the Yoast SEO plugin v27.2 - https:\/\/yoast.com\/product\/yoast-seo-wordpress\/ -->\n<title>Garden City, NY | Best Hip &amp; Knee Surgeon | NY, USA<\/title>\n<meta name=\"description\" content=\"Bonjour \u00e0 Complete Orthopedics : votre principal fournisseur de soins orthop\u00e9diques \u00e0 Garden City, NY ! Au c\u0153ur du travail du Dr Nakul Karkare se trouve\" \/>\n<meta name=\"robots\" content=\"index, follow, max-snippet:-1, max-image-preview:large, max-video-preview:-1\" \/>\n<link rel=\"canonical\" href=\"https:\/\/www.newyorkhipknee.com\/fr\/contact\/little-neck-meilleur-chirurgien-pour-larthroplastie-de-la-hanche-et-du-genou\/garden-city-ny\/\" \/>\n<meta property=\"og:locale\" content=\"fr_FR\" \/>\n<meta property=\"og:type\" content=\"article\" \/>\n<meta property=\"og:title\" content=\"Garden City, NY | Best Hip &amp; Knee Surgeon | NY, USA\" \/>\n<meta property=\"og:description\" content=\"Bonjour \u00e0 Complete Orthopedics : votre principal fournisseur de soins orthop\u00e9diques \u00e0 Garden City, NY ! Au c\u0153ur du travail du Dr Nakul Karkare se trouve\" \/>\n<meta property=\"og:url\" content=\"https:\/\/www.newyorkhipknee.com\/fr\/contact\/little-neck-meilleur-chirurgien-pour-larthroplastie-de-la-hanche-et-du-genou\/garden-city-ny\/\" \/>\n<meta property=\"og:site_name\" content=\"Best Hip &amp; Knee Surgeon | NY, USA\" \/>\n<meta name=\"twitter:card\" content=\"summary_large_image\" \/>\n<meta name=\"twitter:label1\" content=\"Dur\u00e9e de lecture estim\u00e9e\" \/>\n\t<meta name=\"twitter:data1\" content=\"8 minutes\" \/>\n<script type=\"application\/ld+json\" class=\"yoast-schema-graph\">{\"@context\":\"https:\/\/schema.org\",\"@graph\":[{\"@type\":[\"WebPage\",\"MedicalWebPage\"],\"@id\":\"https:\/\/www.newyorkhipknee.com\/fr\/contact\/little-neck-meilleur-chirurgien-pour-larthroplastie-de-la-hanche-et-du-genou\/garden-city-ny\/\",\"url\":\"https:\/\/www.newyorkhipknee.com\/fr\/contact\/little-neck-meilleur-chirurgien-pour-larthroplastie-de-la-hanche-et-du-genou\/garden-city-ny\/\",\"name\":\"Garden City, NY | Best Hip &amp; Knee Surgeon | NY, USA\",\"isPartOf\":{\"@id\":\"https:\/\/www.newyorkhipknee.com\/fr\/#website\"},\"datePublished\":\"2023-11-21T15:42:03+00:00\",\"description\":\"Bonjour \u00e0 Complete Orthopedics : votre principal fournisseur de soins orthop\u00e9diques \u00e0 Garden City, NY ! Au c\u0153ur du travail du Dr Nakul Karkare se trouve\",\"breadcrumb\":{\"@id\":\"https:\/\/www.newyorkhipknee.com\/fr\/contact\/little-neck-meilleur-chirurgien-pour-larthroplastie-de-la-hanche-et-du-genou\/garden-city-ny\/#breadcrumb\"},\"inLanguage\":\"fr-FR\",\"potentialAction\":[{\"@type\":\"ReadAction\",\"target\":[\"https:\/\/www.newyorkhipknee.com\/fr\/contact\/little-neck-meilleur-chirurgien-pour-larthroplastie-de-la-hanche-et-du-genou\/garden-city-ny\/\"]}]},{\"@type\":\"BreadcrumbList\",\"@id\":\"https:\/\/www.newyorkhipknee.com\/fr\/contact\/little-neck-meilleur-chirurgien-pour-larthroplastie-de-la-hanche-et-du-genou\/garden-city-ny\/#breadcrumb\",\"itemListElement\":[{\"@type\":\"ListItem\",\"position\":1,\"name\":\"Home\",\"item\":\"https:\/\/www.newyorkhipknee.com\/fr\/\"},{\"@type\":\"ListItem\",\"position\":2,\"name\":\"CONTACT\",\"item\":\"https:\/\/www.newyorkhipknee.com\/fr\/contact\/\"},{\"@type\":\"ListItem\",\"position\":3,\"name\":\"Little Neck &#8211; Meilleur chirurgien pour l&rsquo;arthroplastie de la hanche et du genou\",\"item\":\"https:\/\/www.newyorkhipknee.com\/fr\/contact\/little-neck-meilleur-chirurgien-pour-larthroplastie-de-la-hanche-et-du-genou\/\"},{\"@type\":\"ListItem\",\"position\":4,\"name\":\"Garden City, NY\"}]},{\"@type\":\"WebSite\",\"@id\":\"https:\/\/www.newyorkhipknee.com\/fr\/#website\",\"url\":\"https:\/\/www.newyorkhipknee.com\/fr\/\",\"name\":\"Best Hip & Knee Surgeon | NY, USA\",\"description\":\"\",\"potentialAction\":[{\"@type\":\"SearchAction\",\"target\":{\"@type\":\"EntryPoint\",\"urlTemplate\":\"https:\/\/www.newyorkhipknee.com\/fr\/?s={search_term_string}\"},\"query-input\":{\"@type\":\"PropertyValueSpecification\",\"valueRequired\":true,\"valueName\":\"search_term_string\"}}],\"inLanguage\":\"fr-FR\"}]}<\/script>\n<!-- \/ Yoast SEO plugin. -->","yoast_head_json":{"title":"Garden City, NY | Best Hip &amp; Knee Surgeon | NY, USA","description":"Bonjour \u00e0 Complete Orthopedics : votre principal fournisseur de soins orthop\u00e9diques \u00e0 Garden City, NY ! Au c\u0153ur du travail du Dr Nakul Karkare se trouve","robots":{"index":"index","follow":"follow","max-snippet":"max-snippet:-1","max-image-preview":"max-image-preview:large","max-video-preview":"max-video-preview:-1"},"canonical":"https:\/\/www.newyorkhipknee.com\/fr\/contact\/little-neck-meilleur-chirurgien-pour-larthroplastie-de-la-hanche-et-du-genou\/garden-city-ny\/","og_locale":"fr_FR","og_type":"article","og_title":"Garden City, NY | Best Hip &amp; Knee Surgeon | NY, USA","og_description":"Bonjour \u00e0 Complete Orthopedics : votre principal fournisseur de soins orthop\u00e9diques \u00e0 Garden City, NY ! Au c\u0153ur du travail du Dr Nakul Karkare se trouve","og_url":"https:\/\/www.newyorkhipknee.com\/fr\/contact\/little-neck-meilleur-chirurgien-pour-larthroplastie-de-la-hanche-et-du-genou\/garden-city-ny\/","og_site_name":"Best Hip &amp; Knee Surgeon | NY, USA","twitter_card":"summary_large_image","twitter_misc":{"Dur\u00e9e de lecture estim\u00e9e":"8 minutes"},"schema":{"@context":"https:\/\/schema.org","@graph":[{"@type":["WebPage","MedicalWebPage"],"@id":"https:\/\/www.newyorkhipknee.com\/fr\/contact\/little-neck-meilleur-chirurgien-pour-larthroplastie-de-la-hanche-et-du-genou\/garden-city-ny\/","url":"https:\/\/www.newyorkhipknee.com\/fr\/contact\/little-neck-meilleur-chirurgien-pour-larthroplastie-de-la-hanche-et-du-genou\/garden-city-ny\/","name":"Garden City, NY | Best Hip &amp; Knee Surgeon | NY, USA","isPartOf":{"@id":"https:\/\/www.newyorkhipknee.com\/fr\/#website"},"datePublished":"2023-11-21T15:42:03+00:00","description":"Bonjour \u00e0 Complete Orthopedics : votre principal fournisseur de soins orthop\u00e9diques \u00e0 Garden City, NY ! Au c\u0153ur du travail du Dr Nakul Karkare se trouve","breadcrumb":{"@id":"https:\/\/www.newyorkhipknee.com\/fr\/contact\/little-neck-meilleur-chirurgien-pour-larthroplastie-de-la-hanche-et-du-genou\/garden-city-ny\/#breadcrumb"},"inLanguage":"fr-FR","potentialAction":[{"@type":"ReadAction","target":["https:\/\/www.newyorkhipknee.com\/fr\/contact\/little-neck-meilleur-chirurgien-pour-larthroplastie-de-la-hanche-et-du-genou\/garden-city-ny\/"]}]},{"@type":"BreadcrumbList","@id":"https:\/\/www.newyorkhipknee.com\/fr\/contact\/little-neck-meilleur-chirurgien-pour-larthroplastie-de-la-hanche-et-du-genou\/garden-city-ny\/#breadcrumb","itemListElement":[{"@type":"ListItem","position":1,"name":"Home","item":"https:\/\/www.newyorkhipknee.com\/fr\/"},{"@type":"ListItem","position":2,"name":"CONTACT","item":"https:\/\/www.newyorkhipknee.com\/fr\/contact\/"},{"@type":"ListItem","position":3,"name":"Little Neck &#8211; Meilleur chirurgien pour l&rsquo;arthroplastie de la hanche et du genou","item":"https:\/\/www.newyorkhipknee.com\/fr\/contact\/little-neck-meilleur-chirurgien-pour-larthroplastie-de-la-hanche-et-du-genou\/"},{"@type":"ListItem","position":4,"name":"Garden City, NY"}]},{"@type":"WebSite","@id":"https:\/\/www.newyorkhipknee.com\/fr\/#website","url":"https:\/\/www.newyorkhipknee.com\/fr\/","name":"Best Hip & Knee Surgeon | NY, USA","description":"","potentialAction":[{"@type":"SearchAction","target":{"@type":"EntryPoint","urlTemplate":"https:\/\/www.newyorkhipknee.com\/fr\/?s={search_term_string}"},"query-input":{"@type":"PropertyValueSpecification","valueRequired":true,"valueName":"search_term_string"}}],"inLanguage":"fr-FR"}]}},"_links":{"self":[{"href":"https:\/\/www.newyorkhipknee.com\/fr\/wp-json\/wp\/v2\/pages\/20931","targetHints":{"allow":["GET"]}}],"collection":[{"href":"https:\/\/www.newyorkhipknee.com\/fr\/wp-json\/wp\/v2\/pages"}],"about":[{"href":"https:\/\/www.newyorkhipknee.com\/fr\/wp-json\/wp\/v2\/types\/page"}],"author":[{"embeddable":true,"href":"https:\/\/www.newyorkhipknee.com\/fr\/wp-json\/wp\/v2\/users\/33"}],"replies":[{"embeddable":true,"href":"https:\/\/www.newyorkhipknee.com\/fr\/wp-json\/wp\/v2\/comments?post=20931"}],"version-history":[{"count":0,"href":"https:\/\/www.newyorkhipknee.com\/fr\/wp-json\/wp\/v2\/pages\/20931\/revisions"}],"up":[{"embeddable":true,"href":"https:\/\/www.newyorkhipknee.com\/fr\/wp-json\/wp\/v2\/pages\/17598"}],"wp:attachment":[{"href":"https:\/\/www.newyorkhipknee.com\/fr\/wp-json\/wp\/v2\/media?parent=20931"}],"curies":[{"name":"wp","href":"https:\/\/api.w.org\/{rel}","templated":true}]}}