{"id":20934,"date":"2023-11-20T15:47:09","date_gmt":"2023-11-20T20:47:09","guid":{"rendered":"https:\/\/newyorkhipknee.com\/contact\/little-neck-meilleur-chirurgien-pour-larthroplastie-de-la-hanche-et-du-genou\/floral-park-ny\/"},"modified":"2023-11-20T15:47:09","modified_gmt":"2023-11-20T20:47:09","slug":"floral-park-ny","status":"publish","type":"page","link":"https:\/\/www.newyorkhipknee.com\/fr\/contact\/little-neck-meilleur-chirurgien-pour-larthroplastie-de-la-hanche-et-du-genou\/floral-park-ny\/","title":{"rendered":"Floral Park, NY"},"content":{"rendered":"<h2>Nakul Karkare Orthopedics : Votre fournisseur de soins orthop\u00e9diques de confiance \u00e0 Floral Park, NY<\/h2>\n<p>Nakul Karkare, votre fournisseur de soins orthop\u00e9diques d\u00e9vou\u00e9 situ\u00e9 \u00e0 Litlle Neck, NY. Nous sommes ravis d&rsquo;offrir nos services orthop\u00e9diques professionnels et amicaux \u00e0 la merveilleuse communaut\u00e9 de Floral Park, NY. Chez Complete Orthopedics, nous ne nous contentons pas d&rsquo;\u00eatre un cabinet m\u00e9dical ; nous sommes vos partenaires compatissants sur la voie de l&rsquo;am\u00e9lioration de votre sant\u00e9 orthop\u00e9dique.<\/p>\n<h2>Pourquoi choisir le Dr. Nakul Karkare :<\/h2>\n<p>Le docteur Nakul Karkare se distingue par son excellence dans le domaine de l&rsquo;orthop\u00e9die, et voici pourquoi nous sommes votre choix pr\u00e9f\u00e9r\u00e9 pour les soins orthop\u00e9diques \u00e0 Floral Park :<\/p>\n<p>Une <strong>\u00e9quipe exp\u00e9riment\u00e9e<\/strong>: Notre \u00e9quipe est compos\u00e9e de sp\u00e9cialistes en orthop\u00e9die hautement qualifi\u00e9s, chacun excellant dans son domaine sp\u00e9cifique. Gr\u00e2ce \u00e0 leur vaste exp\u00e9rience et \u00e0 leur approche chaleureuse, ils s&rsquo;attachent \u00e0 fournir des soins de la plus haute qualit\u00e9.<\/p>\n<p>Des <strong>soins personnalis\u00e9s<\/strong>: Nous savons que chaque patient est unique. Notre approche est individualis\u00e9e, ce qui garantit que votre plan de traitement est adapt\u00e9 \u00e0 vos besoins particuliers. Votre confort et votre bien-\u00eatre sont nos premi\u00e8res priorit\u00e9s.<\/p>\n<p><strong>Des solutions de pointe<\/strong>: Nous nous engageons \u00e0 rester \u00e0 la pointe des progr\u00e8s orthop\u00e9diques. Cet engagement garantit que vous avez acc\u00e8s aux traitements et aux technologies les plus r\u00e9cents, vous offrant ainsi les meilleurs soins possibles.<\/p>\n<p><strong>Int\u00e9gration communautaire<\/strong>: Nous croyons fermement que des soins orthop\u00e9diques exceptionnels doivent \u00eatre accessibles \u00e0 tous. Notre d\u00e9cision d&rsquo;\u00e9tendre nos services \u00e0 Floral Park refl\u00e8te notre volont\u00e9 de r\u00e9pondre aux besoins orthop\u00e9diques de votre communaut\u00e9.<\/p>\n<p>Une <strong>excellence prouv\u00e9e<\/strong>: Nos ant\u00e9c\u00e9dents en disent long sur notre engagement \u00e0 aider les personnes \u00e0 retrouver leur mobilit\u00e9, \u00e0 soulager leur douleur et \u00e0 am\u00e9liorer leur qualit\u00e9 de vie.<\/p>\n<p>Votre sant\u00e9 orthop\u00e9dique est d&rsquo;une importance capitale et nous sommes ravis de faire partie de la communaut\u00e9 de Floral Park. Qu&rsquo;il s&rsquo;agisse de probl\u00e8mes articulaires, de blessures li\u00e9es au sport, de fractures ou de tout autre probl\u00e8me orthop\u00e9dique, le docteur Nakul Karkare est l\u00e0 pour vous aider de mani\u00e8re professionnelle et amicale.<\/p>\n<p>Si vous r\u00e9sidez \u00e0 Floral Park, NY, et que vous \u00eates \u00e0 la recherche de soins orthop\u00e9diques, nous vous invitons \u00e0 d\u00e9couvrir les services exceptionnels du Dr Nakul Karkare. Contactez-nous au<a role=\"link\" href=\"tel:(631)%20981-2663\" target=\"_blank\" rel=\"noopener\">(631) 981-2663<\/a>, et permettez-nous d&rsquo;\u00eatre vos partenaires de confiance sur votre chemin vers une sant\u00e9 orthop\u00e9dique sup\u00e9rieure. Nous sommes l\u00e0 pour vous aider avec professionnalisme et un sourire sinc\u00e8re.<\/p>\n<p>&nbsp;<\/p>\n<h2>Nous sommes fiers de proposer une gamme compl\u00e8te de services orthop\u00e9diques dans les environs de Floral Park, NY :<\/h2>\n<h2><a role=\"link\" href=\"https:\/\/newyorkhipknee.com\/hip-replacement-surgery\/\" target=\"_blank\" rel=\"noopener\">Chirurgie de remplacement de la hanche :<\/a><\/h2>\n<p><strong>Indications :<\/strong> L&rsquo;arthroplastie de la hanche est g\u00e9n\u00e9ralement recommand\u00e9e aux personnes qui souffrent de l\u00e9sions de l&rsquo;articulation de la hanche dues \u00e0 des affections telles que l&rsquo;arthrose, la polyarthrite rhumato\u00efde ou des fractures. L&rsquo;objectif principal de cette intervention chirurgicale est de soulager la douleur, de restaurer la mobilit\u00e9 et d&rsquo;am\u00e9liorer la qualit\u00e9 de vie globale du patient.<\/p>\n<p><strong>Options chirurgicales :<\/strong> Il existe deux principaux types de proth\u00e8ses de hanche : la proth\u00e8se totale de hanche (PTH) et la proth\u00e8se partielle de hanche (h\u00e9miarthroplastie). L&rsquo;arthroplastie de la hanche consiste \u00e0 remplacer \u00e0 la fois la rotule et la cavit\u00e9 de l&rsquo;articulation de la hanche, tandis que l&rsquo;h\u00e9miarthroplastie ne remplace que la rotule.<\/p>\n<p><strong>Implants :<\/strong> Les composants de l&rsquo;articulation artificielle de la hanche sont g\u00e9n\u00e9ralement fabriqu\u00e9s \u00e0 partir de mat\u00e9riaux tels que le m\u00e9tal, le plastique ou la c\u00e9ramique, choisis en fonction de l&rsquo;\u00e2ge du patient, de son niveau d&rsquo;activit\u00e9 et de ses besoins sp\u00e9cifiques.<\/p>\n<p><strong>R\u00e9cup\u00e9ration :<\/strong> Apr\u00e8s l&rsquo;op\u00e9ration, les patients suivent g\u00e9n\u00e9ralement une p\u00e9riode de kin\u00e9sith\u00e9rapie pour retrouver leur force et leur mobilit\u00e9. Cela permet de r\u00e9duire la douleur et d&rsquo;am\u00e9liorer la fonction de la hanche, ce qui aide les patients \u00e0 reprendre leurs activit\u00e9s normales.<\/p>\n<p>&nbsp;<\/p>\n<h2><a role=\"link\" href=\"https:\/\/newyorkhipknee.com\/custom-knee-replacement-surgery\/\" target=\"_blank\" rel=\"noopener\">Remplacement du genou sur mesure :<\/a><\/h2>\n<p><strong>Indications :<\/strong> L&rsquo;arthroplastie du genou sur mesure est une approche hautement personnalis\u00e9e de l&rsquo;arthroplastie du genou, con\u00e7ue pour les personnes souffrant de douleurs s\u00e9v\u00e8res au genou ou de l\u00e9sions articulaires qui n&rsquo;ont pas r\u00e9pondu aux traitements conservateurs.<\/p>\n<p><strong>Processus chirurgical :<\/strong> L&rsquo;imagerie avanc\u00e9e et la mod\u00e9lisation informatique sont utilis\u00e9es pour \u00e9valuer l&rsquo;anatomie du genou du patient avant l&rsquo;op\u00e9ration. Ces informations sont cruciales pour la conception d&rsquo;un implant de genou sur mesure qui correspond parfaitement \u00e0 l&rsquo;anatomie unique du patient.<\/p>\n<p><strong>Avantages :<\/strong> Les proth\u00e8ses de genou sur mesure permettent souvent d&rsquo;am\u00e9liorer l&rsquo;alignement et la stabilit\u00e9 et de r\u00e9duire la douleur par rapport aux proth\u00e8ses de genou standard.<\/p>\n<p><strong>R\u00e9adaptation :<\/strong> Le processus de gu\u00e9rison comprend une p\u00e9riode de th\u00e9rapie physique pour retrouver la force et l&rsquo;amplitude des mouvements du genou. Il en r\u00e9sulte g\u00e9n\u00e9ralement une diminution de la douleur et une am\u00e9lioration de la fonction du genou, ce qui permet aux patients de reprendre leurs activit\u00e9s quotidiennes plus confortablement.<\/p>\n<p>&nbsp;<\/p>\n<p>&nbsp;<\/p>\n<h1>\u00c0 propos de Floral Park<\/h1>\n<p><span class=\"\">Floral Park, NY est un village incorpor\u00e9 situ\u00e9 dans le comt\u00e9 de Nassau, sur Long Island, New York, \u00c9tats-Unis. Le village a une histoire riche, une culture vivante et une industrie touristique en plein essor.<\/span><\/p>\n<h3>Histoire de Floral Park, NY<\/h3>\n<p><span class=\"\">L&rsquo;histoire de Floral Park commence en 1874, lorsque John Lewis Childs, \u00e2g\u00e9 de 17 ans, arrive dans la r\u00e9gion connue sous le nom d&rsquo;East Hinsdale. La communaut\u00e9, qui faisait alors partie du Queens, \u00e9tait avant tout une communaut\u00e9 agricole, l&rsquo;agriculture et la p\u00eache \u00e9tant les principales industries. Childs \u00e9tait un marchand de graines et un horticulteur prosp\u00e8re qui souhaitait cr\u00e9er une communaut\u00e9 mod\u00e8le. Il ach\u00e8te un grand terrain et commence \u00e0 l&rsquo;am\u00e9nager en construisant des maisons, des magasins et un bureau de poste.<\/span><\/p>\n<p><span class=\"\">Childs nomme le nouveau territoire Floral Park, en donnant aux rues et aux avenues le nom de fleurs et d&rsquo;arbres. Le bureau de poste fut bient\u00f4t rebaptis\u00e9 Floral Park Post Office et, en 1888, le chemin de fer changea \u00e9galement le nom de sa gare.<\/span><span class=\"\">En 1904, la Turnpike and Light Horse Road (aujourd&rsquo;hui Tulip Avenue) \u00e9tait un endroit populaire pour assister \u00e0 la premi\u00e8re course de la Vanderbilt Cup. En 1926, Floral Park a \u00e9t\u00e9 class\u00e9 comme village de premi\u00e8re classe avec une population de plus de 5 000 habitants. En 1921, une obligation a \u00e9t\u00e9 \u00e9mise pour le pavage des rues du village, un projet qui a pris de nombreuses ann\u00e9es.<\/span><\/p>\n<p><span class=\"\">Le village compte aujourd&rsquo;hui environ 37 miles de routes goudronn\u00e9es.<\/span><span class=\"\">Un changement majeur est intervenu au d\u00e9but des ann\u00e9es 60 avec l&rsquo;\u00e9largissement de la Jericho Turnpike par l&rsquo;\u00c9tat de New York. Le terrain et les b\u00e2timents ont \u00e9t\u00e9 condamn\u00e9s du c\u00f4t\u00e9 nord de la rue, et le village a pu acheter le terrain et cr\u00e9er un parking municipal.<\/span><\/p>\n<h3><\/h3>\n<h3>Culture de Floral Park, NY<\/h3>\n<p><span class=\"\">Floral Park, NY a une histoire culturelle riche, et le village abrite un certain nombre de mus\u00e9es et d&rsquo;institutions culturelles. Le village est \u00e9galement connu pour ses magnifiques parcs, qui attirent des visiteurs du monde entier. Le village abrite un quartier commercial o\u00f9 l&rsquo;on trouve une vie nocturne, des h\u00f4tels, des restaurants au bord de l&rsquo;eau et une vari\u00e9t\u00e9 de magasins.<\/span><\/p>\n<h3><\/h3>\n<h3>Tourisme \u00e0 Floral Park, NY<\/h3>\n<p><span class=\"\">Floral Park, NY est une destination touristique en plein essor, notamment gr\u00e2ce \u00e0 ses magnifiques parcs, ses charmants villages et son riche patrimoine culturel. Le village abrite un certain nombre d&rsquo;attractions qui attirent des visiteurs du monde entier.<\/span><span class=\"\">L&rsquo;une des attractions les plus populaires de Floral Park est le Belmont Park, un champ de courses de chevaux pur-sang situ\u00e9 juste \u00e0 l&rsquo;est de la ville de New York.<\/span><\/p>\n<p><span class=\"\">L&rsquo;hippodrome, les tribunes, les installations d&rsquo;entra\u00eenement et les granges sont enti\u00e8rement situ\u00e9s dans la communaut\u00e9 d&rsquo;Elmont, dans le comt\u00e9 de Nassau, \u00e0 New York. Belmont Park est l&rsquo;un des principaux hippodromes du nord-est des \u00c9tats-Unis et accueille les Belmont Stakes, la troisi\u00e8me \u00e9tape de la Triple Couronne des courses de chevaux de race Thoroughbred.<\/span><span class=\"\">Une autre attraction populaire de Floral Park est la Floral Park Historical Society, une institution culturelle qui propose une vari\u00e9t\u00e9 d&rsquo;expositions et d&rsquo;\u00e9v\u00e9nements tout au long de l&rsquo;ann\u00e9e. L&rsquo;association se consacre \u00e0 la promotion de l&rsquo;histoire et de la culture de la r\u00e9gion.<\/span><\/p>\n<h3>Conclusion<\/h3>\n<p><span class=\"\">Floral Park, NY est un village \u00e0 l&rsquo;histoire riche, \u00e0 la culture dynamique et \u00e0 l&rsquo;industrie touristique en plein essor. Les visiteurs du village peuvent d\u00e9couvrir ses mus\u00e9es et ses institutions culturelles, profiter de ses magnifiques parcs et r\u00e9serves naturelles, et se d\u00e9tendre dans ses charmants villages. Que vous soyez passionn\u00e9 d&rsquo;histoire, de nature ou de courses de chevaux.<\/span><\/p>\n<p>&nbsp;<\/p>\n<h1>Directions<\/h1>\n<p>Voici l&rsquo;itin\u00e9raire \u00e0 suivre pour se rendre de Floral Park, NY \u00e0 Complete Orthopedics au 52-21 Little Neck Parkway, Little Neck, NY 11362 :<\/p>\n<p>1. Prendre la direction nord sur Tulip Ave vers Verbena Ave.<br \/>\n2. Tourner \u00e0 droite sur Jericho Turnpike.<br \/>\n3. Tourner \u00e0 gauche sur Lakeville Rd.<br \/>\n4. Tournez \u00e0 droite sur la rampe d&rsquo;acc\u00e8s \u00e0 NY-25 E\/Jericho Turnpike.<br \/>\n5. Rejoindre la NY-25 E\/Jericho Turnpike.<br \/>\n6. Tourner \u00e0 droite sur Little Neck Pkwy.<br \/>\n7. Complete Orthopedics sera sur la droite au 52-21 Little Neck Pkwy.<\/p>\n<p>Note : Les directions exactes peuvent varier en fonction de votre lieu de d\u00e9part. Il est recommand\u00e9 d&rsquo;utiliser un GPS ou un service de cartographie pour obtenir les indications les plus pr\u00e9cises.<\/p>\n<p>&nbsp;<\/p>\n<h1>Soins de sant\u00e9 pr\u00e8s de Floral park<\/h1>\n<h4>Pharmacies<\/h4>\n<ol class=\"list-outside list-decimal marker:font-mono marker:text-sm pl-11\">\n<li><span class=\"\">CVS Pharmacy &#8211; 35 Covert Ave, Floral Park, NY 11001<\/span><\/li>\n<li><span class=\"\">Walgreens Pharmacy &#8211; 259-01 Union Tpke, Glen Oaks, NY 11004<\/span><\/li>\n<li><span class=\"\">Rite Aid Pharmacy &#8211; 248-12 Northern Blvd, Little Neck, NY 11362<\/span><\/li>\n<\/ol>\n<h4>Centres de radiologie<\/h4>\n<ol class=\"list-outside list-decimal marker:font-mono marker:text-sm pl-11\">\n<li><span class=\"\">North Shore Radiology Associates &#8211; 611 Northern Blvd, Great Neck, NY 11021<\/span><\/li>\n<li><span class=\"\">South Shore Radiology &#8211; 242 Merrick Rd, Rockville Centre, NY 11570<\/span><\/li>\n<li><span class=\"\">Diagnostic Radiology Associates &#8211; 165 N Village Ave, Rockville Centre, NY 11570<\/span><\/li>\n<\/ol>\n<h4>Centres de soins d&rsquo;urgence<\/h4>\n<ol class=\"list-outside list-decimal marker:font-mono marker:text-sm pl-11\">\n<li><span class=\"\">Northwell Health-GoHealth Urgent Care &#8211; 243 Merrick Rd, Rockville Centre, NY 11570<\/span><\/li>\n<li><span class=\"\">CityMD Rockville Centre Urgent Care &#8211; Long Island &#8211; 77 N Centre Ave, Rockville Centre, NY 11570<\/span><\/li>\n<li><span class=\"\">ProHEALTH Urgent Care &#8211; 2064 Merrick Rd, Merrick, NY 11566<\/span><\/li>\n<\/ol>\n<h4>H\u00f4pitaux<\/h4>\n<ol class=\"list-outside list-decimal marker:font-mono marker:text-sm pl-11\">\n<li><span class=\"\">Centre m\u00e9dical juif de Long Island &#8211; 270-05 76th Ave, New Hyde Park, NY 11040<\/span><\/li>\n<li><span class=\"\">H\u00f4pital universitaire North Shore &#8211; 300 Community Dr, Manhasset, NY 11030<\/span><\/li>\n<li><span class=\"\">Mercy Medical Center &#8211; 1000 N Village Ave, Rockville Centre, NY 11570<\/span><\/li>\n<\/ol>\n<p><span class=\"\">Note : Les informations fournies sont exactes \u00e0 la date d&rsquo;octobre 2023. Il est toujours recommand\u00e9 de v\u00e9rifier les informations avant de se rendre sur place.<\/span><\/p>\n<p>Que vous ayez \u00e9t\u00e9 orient\u00e9 vers nous pour un traitement orthop\u00e9dique ou que vous ayez simplement des questions sur les probl\u00e8mes orthop\u00e9diques, n&rsquo;h\u00e9sitez pas \u00e0 contacter notre \u00e9quipe d\u00e9vou\u00e9e 24 heures sur 24 et 7 jours sur 7. Nous sommes l\u00e0 pour vous offrir une assistance rapide et compatissante.<\/p>\n<p>De nombreuses personnes se font soigner dans des centres de soins d&rsquo;urgence et des h\u00f4pitaux pour des accidents du travail et des cas d&rsquo;assurance sans responsabilit\u00e9. Si votre blessure ne n\u00e9cessite pas une visite \u00e0 l&rsquo;h\u00f4pital, nous sommes ravis d&rsquo;offrir des soins orthop\u00e9diques sp\u00e9cialis\u00e9s adapt\u00e9s \u00e0 ce type de situation. N&rsquo;h\u00e9sitez pas \u00e0 nous contacter au 631-981-2663 pour prendre rendez-vous avec nous d\u00e8s aujourd&rsquo;hui. Votre bien-\u00eatre est notre priorit\u00e9 absolue, et nous sommes l\u00e0 pour vous aider sur la voie de la gu\u00e9rison.<\/p>\n<p>&nbsp;<\/p>\n","protected":false},"excerpt":{"rendered":"<p>Nakul Karkare Orthopedics : Votre fournisseur de soins orthop\u00e9diques de confiance \u00e0 Floral Park, NY Nakul Karkare, votre fournisseur de soins orthop\u00e9diques d\u00e9vou\u00e9 situ\u00e9 \u00e0 Litlle Neck, NY. Nous sommes ravis d&rsquo;offrir nos services orthop\u00e9diques professionnels et amicaux \u00e0 la merveilleuse communaut\u00e9 de Floral Park, NY. Chez Complete Orthopedics, nous ne nous contentons pas d&rsquo;\u00eatre [&hellip;]<\/p>\n","protected":false},"author":33,"featured_media":0,"parent":17598,"menu_order":0,"comment_status":"closed","ping_status":"closed","template":"","meta":{"_et_pb_use_builder":"","_et_pb_old_content":"","_et_gb_content_width":"","footnotes":""},"class_list":["post-20934","page","type-page","status-publish","hentry"],"yoast_head":"<!-- This site is optimized with the Yoast SEO plugin v27.2 - https:\/\/yoast.com\/product\/yoast-seo-wordpress\/ -->\n<title>Floral Park, NY | Best Hip &amp; Knee Surgeon | NY, USA<\/title>\n<meta name=\"description\" content=\"Nakul Karkare Orthopedics : Votre fournisseur de soins orthop\u00e9diques de confiance \u00e0 Floral Park, NY Nakul Karkare, votre fournisseur de soins\" \/>\n<meta name=\"robots\" content=\"index, follow, max-snippet:-1, max-image-preview:large, max-video-preview:-1\" \/>\n<link rel=\"canonical\" href=\"https:\/\/www.newyorkhipknee.com\/fr\/contact\/little-neck-meilleur-chirurgien-pour-larthroplastie-de-la-hanche-et-du-genou\/floral-park-ny\/\" \/>\n<meta property=\"og:locale\" content=\"fr_FR\" \/>\n<meta property=\"og:type\" content=\"article\" \/>\n<meta property=\"og:title\" content=\"Floral Park, NY | Best Hip &amp; Knee Surgeon | NY, USA\" \/>\n<meta property=\"og:description\" content=\"Nakul Karkare Orthopedics : Votre fournisseur de soins orthop\u00e9diques de confiance \u00e0 Floral Park, NY Nakul Karkare, votre fournisseur de soins\" \/>\n<meta property=\"og:url\" content=\"https:\/\/www.newyorkhipknee.com\/fr\/contact\/little-neck-meilleur-chirurgien-pour-larthroplastie-de-la-hanche-et-du-genou\/floral-park-ny\/\" \/>\n<meta property=\"og:site_name\" content=\"Best Hip &amp; Knee Surgeon | NY, USA\" \/>\n<meta name=\"twitter:card\" content=\"summary_large_image\" \/>\n<meta name=\"twitter:label1\" content=\"Dur\u00e9e de lecture estim\u00e9e\" \/>\n\t<meta name=\"twitter:data1\" content=\"9 minutes\" \/>\n<script type=\"application\/ld+json\" class=\"yoast-schema-graph\">{\"@context\":\"https:\/\/schema.org\",\"@graph\":[{\"@type\":[\"WebPage\",\"MedicalWebPage\"],\"@id\":\"https:\/\/www.newyorkhipknee.com\/fr\/contact\/little-neck-meilleur-chirurgien-pour-larthroplastie-de-la-hanche-et-du-genou\/floral-park-ny\/\",\"url\":\"https:\/\/www.newyorkhipknee.com\/fr\/contact\/little-neck-meilleur-chirurgien-pour-larthroplastie-de-la-hanche-et-du-genou\/floral-park-ny\/\",\"name\":\"Floral Park, NY | Best Hip &amp; Knee Surgeon | NY, USA\",\"isPartOf\":{\"@id\":\"https:\/\/www.newyorkhipknee.com\/fr\/#website\"},\"datePublished\":\"2023-11-20T20:47:09+00:00\",\"description\":\"Nakul Karkare Orthopedics : Votre fournisseur de soins orthop\u00e9diques de confiance \u00e0 Floral Park, NY Nakul Karkare, votre fournisseur de soins\",\"breadcrumb\":{\"@id\":\"https:\/\/www.newyorkhipknee.com\/fr\/contact\/little-neck-meilleur-chirurgien-pour-larthroplastie-de-la-hanche-et-du-genou\/floral-park-ny\/#breadcrumb\"},\"inLanguage\":\"fr-FR\",\"potentialAction\":[{\"@type\":\"ReadAction\",\"target\":[\"https:\/\/www.newyorkhipknee.com\/fr\/contact\/little-neck-meilleur-chirurgien-pour-larthroplastie-de-la-hanche-et-du-genou\/floral-park-ny\/\"]}]},{\"@type\":\"BreadcrumbList\",\"@id\":\"https:\/\/www.newyorkhipknee.com\/fr\/contact\/little-neck-meilleur-chirurgien-pour-larthroplastie-de-la-hanche-et-du-genou\/floral-park-ny\/#breadcrumb\",\"itemListElement\":[{\"@type\":\"ListItem\",\"position\":1,\"name\":\"Home\",\"item\":\"https:\/\/www.newyorkhipknee.com\/fr\/\"},{\"@type\":\"ListItem\",\"position\":2,\"name\":\"CONTACT\",\"item\":\"https:\/\/www.newyorkhipknee.com\/fr\/contact\/\"},{\"@type\":\"ListItem\",\"position\":3,\"name\":\"Little Neck &#8211; Meilleur chirurgien pour l&rsquo;arthroplastie de la hanche et du genou\",\"item\":\"https:\/\/www.newyorkhipknee.com\/fr\/contact\/little-neck-meilleur-chirurgien-pour-larthroplastie-de-la-hanche-et-du-genou\/\"},{\"@type\":\"ListItem\",\"position\":4,\"name\":\"Floral Park, NY\"}]},{\"@type\":\"WebSite\",\"@id\":\"https:\/\/www.newyorkhipknee.com\/fr\/#website\",\"url\":\"https:\/\/www.newyorkhipknee.com\/fr\/\",\"name\":\"Best Hip & Knee Surgeon | NY, USA\",\"description\":\"\",\"potentialAction\":[{\"@type\":\"SearchAction\",\"target\":{\"@type\":\"EntryPoint\",\"urlTemplate\":\"https:\/\/www.newyorkhipknee.com\/fr\/?s={search_term_string}\"},\"query-input\":{\"@type\":\"PropertyValueSpecification\",\"valueRequired\":true,\"valueName\":\"search_term_string\"}}],\"inLanguage\":\"fr-FR\"}]}<\/script>\n<!-- \/ Yoast SEO plugin. -->","yoast_head_json":{"title":"Floral Park, NY | Best Hip &amp; Knee Surgeon | NY, USA","description":"Nakul Karkare Orthopedics : Votre fournisseur de soins orthop\u00e9diques de confiance \u00e0 Floral Park, NY Nakul Karkare, votre fournisseur de soins","robots":{"index":"index","follow":"follow","max-snippet":"max-snippet:-1","max-image-preview":"max-image-preview:large","max-video-preview":"max-video-preview:-1"},"canonical":"https:\/\/www.newyorkhipknee.com\/fr\/contact\/little-neck-meilleur-chirurgien-pour-larthroplastie-de-la-hanche-et-du-genou\/floral-park-ny\/","og_locale":"fr_FR","og_type":"article","og_title":"Floral Park, NY | Best Hip &amp; Knee Surgeon | NY, USA","og_description":"Nakul Karkare Orthopedics : Votre fournisseur de soins orthop\u00e9diques de confiance \u00e0 Floral Park, NY Nakul Karkare, votre fournisseur de soins","og_url":"https:\/\/www.newyorkhipknee.com\/fr\/contact\/little-neck-meilleur-chirurgien-pour-larthroplastie-de-la-hanche-et-du-genou\/floral-park-ny\/","og_site_name":"Best Hip &amp; Knee Surgeon | NY, USA","twitter_card":"summary_large_image","twitter_misc":{"Dur\u00e9e de lecture estim\u00e9e":"9 minutes"},"schema":{"@context":"https:\/\/schema.org","@graph":[{"@type":["WebPage","MedicalWebPage"],"@id":"https:\/\/www.newyorkhipknee.com\/fr\/contact\/little-neck-meilleur-chirurgien-pour-larthroplastie-de-la-hanche-et-du-genou\/floral-park-ny\/","url":"https:\/\/www.newyorkhipknee.com\/fr\/contact\/little-neck-meilleur-chirurgien-pour-larthroplastie-de-la-hanche-et-du-genou\/floral-park-ny\/","name":"Floral Park, NY | Best Hip &amp; Knee Surgeon | NY, USA","isPartOf":{"@id":"https:\/\/www.newyorkhipknee.com\/fr\/#website"},"datePublished":"2023-11-20T20:47:09+00:00","description":"Nakul Karkare Orthopedics : Votre fournisseur de soins orthop\u00e9diques de confiance \u00e0 Floral Park, NY Nakul Karkare, votre fournisseur de soins","breadcrumb":{"@id":"https:\/\/www.newyorkhipknee.com\/fr\/contact\/little-neck-meilleur-chirurgien-pour-larthroplastie-de-la-hanche-et-du-genou\/floral-park-ny\/#breadcrumb"},"inLanguage":"fr-FR","potentialAction":[{"@type":"ReadAction","target":["https:\/\/www.newyorkhipknee.com\/fr\/contact\/little-neck-meilleur-chirurgien-pour-larthroplastie-de-la-hanche-et-du-genou\/floral-park-ny\/"]}]},{"@type":"BreadcrumbList","@id":"https:\/\/www.newyorkhipknee.com\/fr\/contact\/little-neck-meilleur-chirurgien-pour-larthroplastie-de-la-hanche-et-du-genou\/floral-park-ny\/#breadcrumb","itemListElement":[{"@type":"ListItem","position":1,"name":"Home","item":"https:\/\/www.newyorkhipknee.com\/fr\/"},{"@type":"ListItem","position":2,"name":"CONTACT","item":"https:\/\/www.newyorkhipknee.com\/fr\/contact\/"},{"@type":"ListItem","position":3,"name":"Little Neck &#8211; Meilleur chirurgien pour l&rsquo;arthroplastie de la hanche et du genou","item":"https:\/\/www.newyorkhipknee.com\/fr\/contact\/little-neck-meilleur-chirurgien-pour-larthroplastie-de-la-hanche-et-du-genou\/"},{"@type":"ListItem","position":4,"name":"Floral Park, NY"}]},{"@type":"WebSite","@id":"https:\/\/www.newyorkhipknee.com\/fr\/#website","url":"https:\/\/www.newyorkhipknee.com\/fr\/","name":"Best Hip & Knee Surgeon | NY, USA","description":"","potentialAction":[{"@type":"SearchAction","target":{"@type":"EntryPoint","urlTemplate":"https:\/\/www.newyorkhipknee.com\/fr\/?s={search_term_string}"},"query-input":{"@type":"PropertyValueSpecification","valueRequired":true,"valueName":"search_term_string"}}],"inLanguage":"fr-FR"}]}},"_links":{"self":[{"href":"https:\/\/www.newyorkhipknee.com\/fr\/wp-json\/wp\/v2\/pages\/20934","targetHints":{"allow":["GET"]}}],"collection":[{"href":"https:\/\/www.newyorkhipknee.com\/fr\/wp-json\/wp\/v2\/pages"}],"about":[{"href":"https:\/\/www.newyorkhipknee.com\/fr\/wp-json\/wp\/v2\/types\/page"}],"author":[{"embeddable":true,"href":"https:\/\/www.newyorkhipknee.com\/fr\/wp-json\/wp\/v2\/users\/33"}],"replies":[{"embeddable":true,"href":"https:\/\/www.newyorkhipknee.com\/fr\/wp-json\/wp\/v2\/comments?post=20934"}],"version-history":[{"count":0,"href":"https:\/\/www.newyorkhipknee.com\/fr\/wp-json\/wp\/v2\/pages\/20934\/revisions"}],"up":[{"embeddable":true,"href":"https:\/\/www.newyorkhipknee.com\/fr\/wp-json\/wp\/v2\/pages\/17598"}],"wp:attachment":[{"href":"https:\/\/www.newyorkhipknee.com\/fr\/wp-json\/wp\/v2\/media?parent=20934"}],"curies":[{"name":"wp","href":"https:\/\/api.w.org\/{rel}","templated":true}]}}