{"id":20938,"date":"2023-11-20T15:38:04","date_gmt":"2023-11-20T20:38:04","guid":{"rendered":"https:\/\/newyorkhipknee.com\/contact\/little-neck-meilleur-chirurgien-pour-larthroplastie-de-la-hanche-et-du-genou\/elmont-ny\/"},"modified":"2023-11-20T15:38:04","modified_gmt":"2023-11-20T20:38:04","slug":"elmont-ny","status":"publish","type":"page","link":"https:\/\/www.newyorkhipknee.com\/fr\/contact\/little-neck-meilleur-chirurgien-pour-larthroplastie-de-la-hanche-et-du-genou\/elmont-ny\/","title":{"rendered":"Elmont, NY"},"content":{"rendered":"<h1>Centre orthop\u00e9dique du Dr Nakul Karkare : Votre partenaire de confiance en mati\u00e8re de soins orthop\u00e9diques, reliant Little Neck \u00e0 Elmont, NY<\/h1>\n<p>Bienvenue au Centre orthop\u00e9dique du Dr Nakul Karkare, votre source d\u00e9vou\u00e9e de soins orthop\u00e9diques de premier ordre qui relie de mani\u00e8re transparente la communaut\u00e9 dynamique de Centereach \u00e0 la ville voisine d&rsquo;Elmont, dans l&rsquo;\u00c9tat de New York. Nous sommes fiers d&rsquo;\u00eatre votre destination locale en mati\u00e8re de soins orthop\u00e9diques, et nous nous engageons \u00e0 am\u00e9liorer le bien-\u00eatre des r\u00e9sidents et des individus dans cette r\u00e9gion dynamique.<\/p>\n<p>Le Dr Nakul Karkare est un orthop\u00e9diste hautement qualifi\u00e9 qui se passionne pour les soins orthop\u00e9diques complets, compatissants et de pointe. Il comprend le r\u00f4le essentiel que joue la sant\u00e9 orthop\u00e9dique dans votre vie quotidienne.<\/p>\n<p>Que vous soyez sur la voie de la gu\u00e9rison apr\u00e8s une blessure, que vous g\u00e9riez des troubles musculo-squelettiques chroniques ou que vous cherchiez des conseils pour atteindre un bien-\u00eatre orthop\u00e9dique optimal, le docteur Nakul Karkare et son \u00e9quipe d&rsquo;experts sont l\u00e0 pour vous guider vers une mobilit\u00e9 am\u00e9lior\u00e9e et une vie sans douleur.<\/p>\n<p>Notre pr\u00e9sence relie de mani\u00e8re transparente Little Neck \u00e0 Elmont, vous garantissant un acc\u00e8s pratique \u00e0 nos services orthop\u00e9diques exceptionnels. Gr\u00e2ce \u00e0 notre blog informatif et \u00e0 nos ressources \u00e9ducatives, nous souhaitons vous apporter des informations pr\u00e9cieuses, les derni\u00e8res avanc\u00e9es en mati\u00e8re de traitements orthop\u00e9diques et des conseils pratiques pour vous aider \u00e0 mener un mode de vie actif et sain. Le centre orthop\u00e9dique du Dr Nakul Karkare est votre partenaire de confiance sur la voie d&rsquo;une meilleure sant\u00e9 orthop\u00e9dique.<\/p>\n<p>&nbsp;<\/p>\n<h2 class=\"nitro-offscreen\">Nous avons l&rsquo;honneur de proposer une large gamme de services orthop\u00e9diques dans les environs d&rsquo;Elmont, NY :<\/h2>\n<h2><a role=\"link\" href=\"https:\/\/newyorkhipknee.com\/custom-knee-replacement-surgery\/\" target=\"_blank\" rel=\"noopener\"><strong>Remplacement du genou sur mesure :<\/strong><\/a><\/h2>\n<ul>\n<li>L&rsquo;arthroplastie personnalis\u00e9e du genou est une proc\u00e9dure chirurgicale qui offre aux patients une solution individualis\u00e9e \u00e0 leurs probl\u00e8mes d&rsquo;articulation du genou. Elle consiste \u00e0 remplacer une articulation du genou endommag\u00e9e par un implant artificiel soigneusement adapt\u00e9 \u00e0 l&rsquo;anatomie unique du patient.<\/li>\n<li>L&rsquo;implant est m\u00e9ticuleusement fabriqu\u00e9 \u00e0 l&rsquo;aide d&rsquo;une technologie d&rsquo;imagerie avanc\u00e9e qui g\u00e9n\u00e8re un mod\u00e8le en 3D de l&rsquo;articulation du genou du patient. Ce mod\u00e8le sert de plan pour la cr\u00e9ation d&rsquo;un implant sur mesure qui s&rsquo;adapte avec pr\u00e9cision au genou du patient.<\/li>\n<li>Cette proc\u00e9dure est recommand\u00e9e pour les patients qui souffrent de douleurs, de raideurs et de gonflements importants au niveau du genou, ce qui a un impact significatif sur leurs activit\u00e9s quotidiennes et leur qualit\u00e9 de vie en g\u00e9n\u00e9ral.<\/li>\n<li>Une proth\u00e8se de genou sur mesure peut apporter un soulagement en r\u00e9duisant la douleur, en am\u00e9liorant la mobilit\u00e9 et, en fin de compte, en augmentant la qualit\u00e9 de vie globale du patient.<\/li>\n<li>Le docteur Karkare est hautement qualifi\u00e9 dans la r\u00e9alisation de proc\u00e9dures chirurgicales mini-invasives pour le remplacement des articulations. Il utilise des techniques innovantes et une technologie de pointe pour assurer la mise en place pr\u00e9cise des composants de l&rsquo;implant \u00e0 travers des incisions plus petites, \u00e9pargnant les tissus.<\/li>\n<li>Les patients qui subissent une arthroplastie personnalis\u00e9e du genou peuvent s&rsquo;attendre \u00e0 ressentir moins d&rsquo;inconfort, \u00e0 se r\u00e9tablir plus rapidement et \u00e0 b\u00e9n\u00e9ficier d&rsquo;une meilleure amplitude de mouvement que dans le cas d&rsquo;une arthroplastie conventionnelle du genou.<\/li>\n<\/ul>\n<p>&nbsp;<\/p>\n<h2><a role=\"link\" href=\"https:\/\/newyorkhipknee.com\/hip-replacement-surgery\/\" target=\"_blank\" rel=\"noopener\"><strong>Remplacement de la hanche :<\/strong><\/a><\/h2>\n<ul>\n<li>L&rsquo;arthroplastie de la hanche est une intervention chirurgicale destin\u00e9e \u00e0 redonner de la mobilit\u00e9 aux patients et \u00e0 les soulager des douleurs de l&rsquo;articulation de la hanche. Elle consiste \u00e0 remplacer une articulation de la hanche endommag\u00e9e par un implant artificiel m\u00e9ticuleusement con\u00e7u pour imiter la structure et le fonctionnement naturels de l&rsquo;articulation de la hanche.<\/li>\n<li>Cette intervention est recommand\u00e9e aux patients qui souffrent de douleurs, de raideurs et de gonflements importants de la hanche qui entravent consid\u00e9rablement leurs activit\u00e9s quotidiennes et leur qualit\u00e9 de vie en g\u00e9n\u00e9ral.<\/li>\n<li>Le Dr Karkare est hautement qualifi\u00e9 dans les techniques chirurgicales traditionnelles \u00ab\u00a0ouvertes\u00a0\u00bb et les approches mini-invasives pour la chirurgie de remplacement de la hanche.<\/li>\n<li>Les patients qui subissent une arthroplastie de la hanche peuvent s&rsquo;attendre \u00e0 ressentir moins de douleur, \u00e0 se r\u00e9tablir plus rapidement et \u00e0 b\u00e9n\u00e9ficier d&rsquo;une meilleure amplitude de mouvement par rapport \u00e0 leur \u00e9tat avant l&rsquo;op\u00e9ration.<\/li>\n<li>Le docteur Karkare utilise des approches innovantes et une technologie de pointe pour garantir la mise en place pr\u00e9cise des composants de l&rsquo;implant par le biais d&rsquo;incisions plus petites, \u00e9pargnant les tissus.<\/li>\n<li>Les patients qui subissent une arthroplastie de la hanche peuvent s&rsquo;attendre \u00e0 b\u00e9n\u00e9ficier d&rsquo;un plus grand confort, d&rsquo;un r\u00e9tablissement plus rapide et d&rsquo;une meilleure amplitude de mouvement par rapport \u00e0 leur \u00e9tat avant l&rsquo;op\u00e9ration.<\/li>\n<\/ul>\n<p><strong>Avantages de l&rsquo;arthroplastie personnalis\u00e9e du genou et de la hanche :<\/strong><\/p>\n<ul>\n<li>Att\u00e9nuation de la douleur et de l&rsquo;inconfort li\u00e9s aux l\u00e9sions articulaires<\/li>\n<li>Am\u00e9lioration de la mobilit\u00e9 et de l&rsquo;amplitude des mouvements<\/li>\n<li>Une meilleure qualit\u00e9 de vie globale<\/li>\n<li>R\u00e9cup\u00e9ration rapide par rapport \u00e0 la chirurgie traditionnelle<\/li>\n<li>Techniques chirurgicales mini-invasives permettant de r\u00e9duire l&rsquo;inconfort et d&rsquo;acc\u00e9l\u00e9rer le r\u00e9tablissement.<\/li>\n<\/ul>\n<p>&nbsp;<\/p>\n<h1>\u00c0 propos d&rsquo;Elmont, NY<\/h1>\n<p><span class=\"\">Elmont, NY est un hameau non incorpor\u00e9 et un lieu d\u00e9sign\u00e9 par le recensement (CDP) situ\u00e9 au nord-ouest de Hempstead dans le comt\u00e9 de Nassau, New York, \u00c9tats-Unis. Le hameau se trouve \u00e0 la fronti\u00e8re entre le Queens (NYC) et le comt\u00e9 de Nassau, ce qui lui a valu le nom de \u00ab\u00a0porte d&rsquo;entr\u00e9e de Long Island\u00a0\u00bb. Elmont est la deuxi\u00e8me banlieue la plus diversifi\u00e9e de l&rsquo;\u00c9tat de New York, avec une population de 35 265 habitants au recensement de 2020.  <\/span>Le hameau a une histoire riche, une culture vivante et une industrie touristique en plein essor.<\/p>\n<p>&nbsp;<\/p>\n<h3>Histoire d&rsquo;Elmont, NY<\/h3>\n<p><span class=\"\">La ville d&rsquo;Elmont, dans l&rsquo;\u00c9tat de New York, a \u00e9t\u00e9 colonis\u00e9e \u00e0 l&rsquo;origine par la tribu am\u00e9rindienne Matinecock. Le hameau \u00e9tait avant tout une communaut\u00e9 agricole, l&rsquo;agriculture et la p\u00eache \u00e9tant les principales industries. Au cours du XIXe si\u00e8cle, le hameau est devenu une destination populaire pour les riches New-Yorkais, qui y ont construit des r\u00e9sidences d&rsquo;\u00e9t\u00e9 et des centres de vill\u00e9giature.<\/span><\/p>\n<p>&nbsp;<\/p>\n<h3>Culture d&rsquo;Elmont, NY<\/h3>\n<p><span class=\"\">Elmont, NY a une histoire culturelle riche, et le hameau abrite un certain nombre de mus\u00e9es et d&rsquo;institutions culturelles. Le hameau est \u00e9galement connu pour ses magnifiques parcs, qui attirent des visiteurs du monde entier. Le hameau abrite un quartier commercial o\u00f9 l&rsquo;on trouve une vie nocturne, des h\u00f4tels, des restaurants au bord de l&rsquo;eau et une vari\u00e9t\u00e9 de magasins.<\/span><\/p>\n<p>&nbsp;<\/p>\n<h3>Tourisme \u00e0 Elmont, NY<\/h3>\n<p><span class=\"\">Elmont, NY est une destination touristique en plein essor, notamment gr\u00e2ce \u00e0 ses magnifiques parcs, ses charmants villages et son riche patrimoine culturel. Le hameau abrite un certain nombre d&rsquo;attractions qui attirent des visiteurs du monde entier.<\/span><span class=\"\">L&rsquo;une des attractions les plus populaires d&rsquo;Elmont est le Belmont Park, un champ de courses de chevaux pur-sang situ\u00e9 juste \u00e0 l&rsquo;est de la ville de New York.<\/span><\/p>\n<p><span class=\"\">L&rsquo;hippodrome, les tribunes, les installations d&rsquo;entra\u00eenement et les granges sont enti\u00e8rement situ\u00e9s dans la communaut\u00e9 d&rsquo;Elmont, dans le comt\u00e9 de Nassau, \u00e0 New York. Belmont Park est l&rsquo;un des principaux hippodromes du nord-est des \u00c9tats-Unis et accueille les Belmont Stakes, la troisi\u00e8me \u00e9tape de la Triple Couronne des courses de chevaux de race Thoroughbred.<\/span><span class=\"\">Une autre attraction populaire d&rsquo;Elmont est le Hempstead Lake State Park, une institution culturelle qui propose une vari\u00e9t\u00e9 d&rsquo;expositions et d&rsquo;\u00e9v\u00e9nements tout au long de l&rsquo;ann\u00e9e. Le parc est d\u00e9di\u00e9 \u00e0 la promotion des arts et de la culture de la r\u00e9gion.<\/span><\/p>\n<p><span class=\"\">Elmont, dans l&rsquo;\u00c9tat de New York, est un hameau \u00e0 l&rsquo;histoire riche, \u00e0 la culture dynamique et \u00e0 l&rsquo;industrie touristique en plein essor. Les visiteurs du hameau peuvent d\u00e9couvrir ses mus\u00e9es et ses institutions culturelles, profiter de ses magnifiques parcs et r\u00e9serves naturelles, et se d\u00e9tendre dans ses charmants villages. Que vous soyez passionn\u00e9 d&rsquo;histoire, de nature ou de courses de chevaux.<\/span><\/p>\n<h4><\/h4>\n<h2>Soins de sant\u00e9 pr\u00e8s d&rsquo;Elmont<\/h2>\n<h4>Pharmacies<\/h4>\n<ol class=\"list-outside list-decimal marker:font-mono marker:text-sm pl-11\">\n<li><span class=\"\">CVS Pharmacy &#8211; 238-20 Linden Blvd, Elmont, NY 11003<\/span><\/li>\n<li><span class=\"\">Walgreens Pharmacy &#8211; 238-11 Linden Blvd, Elmont, NY 11003<\/span><\/li>\n<li><span class=\"\">Rite Aid Pharmacy &#8211; 238-20 Linden Blvd, Elmont, NY 11003<\/span><\/li>\n<\/ol>\n<h4>Centres de radiologie<\/h4>\n<ol class=\"list-outside list-decimal marker:font-mono marker:text-sm pl-11\">\n<li><span class=\"\">South Nassau Radiology &#8211; 2277 Grand Ave, Baldwin, NY 11510<\/span><\/li>\n<li><span class=\"\">South Shore Radiology &#8211; 242 Merrick Rd, Rockville Centre, NY 11570<\/span><\/li>\n<li><span class=\"\">Diagnostic Radiology Associates &#8211; 165 N Village Ave, Rockville Centre, NY 11570<\/span><\/li>\n<\/ol>\n<h4>Centres de soins d&rsquo;urgence<\/h4>\n<ol class=\"list-outside list-decimal marker:font-mono marker:text-sm pl-11\">\n<li><span class=\"\">Northwell Health-GoHealth Urgent Care &#8211; 243 Merrick Rd, Rockville Centre, NY 11570<\/span><\/li>\n<li><span class=\"\">CityMD Rockville Centre Urgent Care &#8211; Long Island &#8211; 77 N Centre Ave, Rockville Centre, NY 11570<\/span><\/li>\n<li><span class=\"\">ProHEALTH Urgent Care &#8211; 2064 Merrick Rd, Merrick, NY 11566<\/span><\/li>\n<\/ol>\n<h4>H\u00f4pitaux<\/h4>\n<ol class=\"list-outside list-decimal marker:font-mono marker:text-sm pl-11\">\n<li><span class=\"\">South Nassau Communities Hospital &#8211; 1 Healthy Way, Oceanside, NY 11572<\/span><\/li>\n<li><span class=\"\">Mercy Medical Center &#8211; 1000 N Village Ave, Rockville Centre, NY 11570<\/span><\/li>\n<li><span class=\"\">Mount Sinai South Nassau &#8211; 2277 Grand Ave, Baldwin, NY 11510<\/span><\/li>\n<\/ol>\n<p><span class=\"\">Note : Les informations fournies sont exactes \u00e0 la date d&rsquo;octobre 2023. Il est toujours recommand\u00e9 de v\u00e9rifier les informations avant de se rendre sur place.<\/span><\/p>\n<p>Au c\u0153ur de notre pratique, notre engagement profond consiste \u00e0 fournir des soins orthop\u00e9diques complets \u00e0 notre merveilleuse communaut\u00e9, y compris \u00e0 ceux que nous avons mentionn\u00e9s plus haut. Que vous nous adressiez une demande de traitement orthop\u00e9dique ou que vous souhaitiez simplement discuter avec nous de vos probl\u00e8mes orthop\u00e9diques, nous vous invitons chaleureusement \u00e0 prendre contact avec notre \u00e9quipe d\u00e9vou\u00e9e, disponible 24 heures sur 24 et 7 jours sur 7. Vous pouvez \u00eatre tranquille en sachant que nous sommes l\u00e0 pour vous apporter un soutien rapide et compatissant.<\/p>\n<p>Nous savons que de nombreuses personnes se rendent dans des centres de soins d&rsquo;urgence et des h\u00f4pitaux pour des blessures li\u00e9es \u00e0 l&rsquo;indemnisation des accidents du travail et \u00e0 l&rsquo;assurance sans \u00e9gard \u00e0 la responsabilit\u00e9. Si votre blessure ne n\u00e9cessite pas une visite \u00e0 l&rsquo;h\u00f4pital, nous sommes v\u00e9ritablement ravis de vous proposer un traitement orthop\u00e9dique sp\u00e9cialis\u00e9, adapt\u00e9 pr\u00e9cis\u00e9ment \u00e0 votre situation unique. N&rsquo;h\u00e9sitez pas \u00e0 nous contacter au 631-981-2663 pour prendre rendez-vous d\u00e8s aujourd&rsquo;hui. Votre bien-\u00eatre est, et sera toujours, notre plus grande priorit\u00e9, et nous sommes l\u00e0 pour vous aider \u00e0 chaque \u00e9tape.<\/p>\n","protected":false},"excerpt":{"rendered":"<p>Centre orthop\u00e9dique du Dr Nakul Karkare : Votre partenaire de confiance en mati\u00e8re de soins orthop\u00e9diques, reliant Little Neck \u00e0 Elmont, NY Bienvenue au Centre orthop\u00e9dique du Dr Nakul Karkare, votre source d\u00e9vou\u00e9e de soins orthop\u00e9diques de premier ordre qui relie de mani\u00e8re transparente la communaut\u00e9 dynamique de Centereach \u00e0 la ville voisine d&rsquo;Elmont, dans [&hellip;]<\/p>\n","protected":false},"author":33,"featured_media":0,"parent":17598,"menu_order":0,"comment_status":"closed","ping_status":"closed","template":"","meta":{"_et_pb_use_builder":"","_et_pb_old_content":"","_et_gb_content_width":"","footnotes":""},"class_list":["post-20938","page","type-page","status-publish","hentry"],"yoast_head":"<!-- This site is optimized with the Yoast SEO plugin v27.2 - https:\/\/yoast.com\/product\/yoast-seo-wordpress\/ -->\n<title>Elmont, NY | Best Hip &amp; Knee Surgeon | NY, USA<\/title>\n<meta name=\"description\" content=\"Centre orthop\u00e9dique du Dr Nakul Karkare : Votre partenaire de confiance en mati\u00e8re de soins orthop\u00e9diques, reliant Little Neck \u00e0 Elmont, NY Bienvenue au\" \/>\n<meta name=\"robots\" content=\"index, follow, max-snippet:-1, max-image-preview:large, max-video-preview:-1\" \/>\n<link rel=\"canonical\" href=\"https:\/\/www.newyorkhipknee.com\/fr\/contact\/little-neck-meilleur-chirurgien-pour-larthroplastie-de-la-hanche-et-du-genou\/elmont-ny\/\" \/>\n<meta property=\"og:locale\" content=\"fr_FR\" \/>\n<meta property=\"og:type\" content=\"article\" \/>\n<meta property=\"og:title\" content=\"Elmont, NY | Best Hip &amp; Knee Surgeon | NY, USA\" \/>\n<meta property=\"og:description\" content=\"Centre orthop\u00e9dique du Dr Nakul Karkare : Votre partenaire de confiance en mati\u00e8re de soins orthop\u00e9diques, reliant Little Neck \u00e0 Elmont, NY Bienvenue au\" \/>\n<meta property=\"og:url\" content=\"https:\/\/www.newyorkhipknee.com\/fr\/contact\/little-neck-meilleur-chirurgien-pour-larthroplastie-de-la-hanche-et-du-genou\/elmont-ny\/\" \/>\n<meta property=\"og:site_name\" content=\"Best Hip &amp; Knee Surgeon | NY, USA\" \/>\n<meta name=\"twitter:card\" content=\"summary_large_image\" \/>\n<meta name=\"twitter:label1\" content=\"Dur\u00e9e de lecture estim\u00e9e\" \/>\n\t<meta name=\"twitter:data1\" content=\"8 minutes\" \/>\n<script type=\"application\/ld+json\" class=\"yoast-schema-graph\">{\"@context\":\"https:\/\/schema.org\",\"@graph\":[{\"@type\":[\"WebPage\",\"MedicalWebPage\"],\"@id\":\"https:\/\/www.newyorkhipknee.com\/fr\/contact\/little-neck-meilleur-chirurgien-pour-larthroplastie-de-la-hanche-et-du-genou\/elmont-ny\/\",\"url\":\"https:\/\/www.newyorkhipknee.com\/fr\/contact\/little-neck-meilleur-chirurgien-pour-larthroplastie-de-la-hanche-et-du-genou\/elmont-ny\/\",\"name\":\"Elmont, NY | Best Hip &amp; Knee Surgeon | NY, USA\",\"isPartOf\":{\"@id\":\"https:\/\/www.newyorkhipknee.com\/fr\/#website\"},\"datePublished\":\"2023-11-20T20:38:04+00:00\",\"description\":\"Centre orthop\u00e9dique du Dr Nakul Karkare : Votre partenaire de confiance en mati\u00e8re de soins orthop\u00e9diques, reliant Little Neck \u00e0 Elmont, NY Bienvenue au\",\"breadcrumb\":{\"@id\":\"https:\/\/www.newyorkhipknee.com\/fr\/contact\/little-neck-meilleur-chirurgien-pour-larthroplastie-de-la-hanche-et-du-genou\/elmont-ny\/#breadcrumb\"},\"inLanguage\":\"fr-FR\",\"potentialAction\":[{\"@type\":\"ReadAction\",\"target\":[\"https:\/\/www.newyorkhipknee.com\/fr\/contact\/little-neck-meilleur-chirurgien-pour-larthroplastie-de-la-hanche-et-du-genou\/elmont-ny\/\"]}]},{\"@type\":\"BreadcrumbList\",\"@id\":\"https:\/\/www.newyorkhipknee.com\/fr\/contact\/little-neck-meilleur-chirurgien-pour-larthroplastie-de-la-hanche-et-du-genou\/elmont-ny\/#breadcrumb\",\"itemListElement\":[{\"@type\":\"ListItem\",\"position\":1,\"name\":\"Home\",\"item\":\"https:\/\/www.newyorkhipknee.com\/fr\/\"},{\"@type\":\"ListItem\",\"position\":2,\"name\":\"CONTACT\",\"item\":\"https:\/\/www.newyorkhipknee.com\/fr\/contact\/\"},{\"@type\":\"ListItem\",\"position\":3,\"name\":\"Little Neck &#8211; Meilleur chirurgien pour l&rsquo;arthroplastie de la hanche et du genou\",\"item\":\"https:\/\/www.newyorkhipknee.com\/fr\/contact\/little-neck-meilleur-chirurgien-pour-larthroplastie-de-la-hanche-et-du-genou\/\"},{\"@type\":\"ListItem\",\"position\":4,\"name\":\"Elmont, NY\"}]},{\"@type\":\"WebSite\",\"@id\":\"https:\/\/www.newyorkhipknee.com\/fr\/#website\",\"url\":\"https:\/\/www.newyorkhipknee.com\/fr\/\",\"name\":\"Best Hip & Knee Surgeon | NY, USA\",\"description\":\"\",\"potentialAction\":[{\"@type\":\"SearchAction\",\"target\":{\"@type\":\"EntryPoint\",\"urlTemplate\":\"https:\/\/www.newyorkhipknee.com\/fr\/?s={search_term_string}\"},\"query-input\":{\"@type\":\"PropertyValueSpecification\",\"valueRequired\":true,\"valueName\":\"search_term_string\"}}],\"inLanguage\":\"fr-FR\"}]}<\/script>\n<!-- \/ Yoast SEO plugin. -->","yoast_head_json":{"title":"Elmont, NY | Best Hip &amp; Knee Surgeon | NY, USA","description":"Centre orthop\u00e9dique du Dr Nakul Karkare : Votre partenaire de confiance en mati\u00e8re de soins orthop\u00e9diques, reliant Little Neck \u00e0 Elmont, NY Bienvenue au","robots":{"index":"index","follow":"follow","max-snippet":"max-snippet:-1","max-image-preview":"max-image-preview:large","max-video-preview":"max-video-preview:-1"},"canonical":"https:\/\/www.newyorkhipknee.com\/fr\/contact\/little-neck-meilleur-chirurgien-pour-larthroplastie-de-la-hanche-et-du-genou\/elmont-ny\/","og_locale":"fr_FR","og_type":"article","og_title":"Elmont, NY | Best Hip &amp; Knee Surgeon | NY, USA","og_description":"Centre orthop\u00e9dique du Dr Nakul Karkare : Votre partenaire de confiance en mati\u00e8re de soins orthop\u00e9diques, reliant Little Neck \u00e0 Elmont, NY Bienvenue au","og_url":"https:\/\/www.newyorkhipknee.com\/fr\/contact\/little-neck-meilleur-chirurgien-pour-larthroplastie-de-la-hanche-et-du-genou\/elmont-ny\/","og_site_name":"Best Hip &amp; Knee Surgeon | NY, USA","twitter_card":"summary_large_image","twitter_misc":{"Dur\u00e9e de lecture estim\u00e9e":"8 minutes"},"schema":{"@context":"https:\/\/schema.org","@graph":[{"@type":["WebPage","MedicalWebPage"],"@id":"https:\/\/www.newyorkhipknee.com\/fr\/contact\/little-neck-meilleur-chirurgien-pour-larthroplastie-de-la-hanche-et-du-genou\/elmont-ny\/","url":"https:\/\/www.newyorkhipknee.com\/fr\/contact\/little-neck-meilleur-chirurgien-pour-larthroplastie-de-la-hanche-et-du-genou\/elmont-ny\/","name":"Elmont, NY | Best Hip &amp; Knee Surgeon | NY, USA","isPartOf":{"@id":"https:\/\/www.newyorkhipknee.com\/fr\/#website"},"datePublished":"2023-11-20T20:38:04+00:00","description":"Centre orthop\u00e9dique du Dr Nakul Karkare : Votre partenaire de confiance en mati\u00e8re de soins orthop\u00e9diques, reliant Little Neck \u00e0 Elmont, NY Bienvenue au","breadcrumb":{"@id":"https:\/\/www.newyorkhipknee.com\/fr\/contact\/little-neck-meilleur-chirurgien-pour-larthroplastie-de-la-hanche-et-du-genou\/elmont-ny\/#breadcrumb"},"inLanguage":"fr-FR","potentialAction":[{"@type":"ReadAction","target":["https:\/\/www.newyorkhipknee.com\/fr\/contact\/little-neck-meilleur-chirurgien-pour-larthroplastie-de-la-hanche-et-du-genou\/elmont-ny\/"]}]},{"@type":"BreadcrumbList","@id":"https:\/\/www.newyorkhipknee.com\/fr\/contact\/little-neck-meilleur-chirurgien-pour-larthroplastie-de-la-hanche-et-du-genou\/elmont-ny\/#breadcrumb","itemListElement":[{"@type":"ListItem","position":1,"name":"Home","item":"https:\/\/www.newyorkhipknee.com\/fr\/"},{"@type":"ListItem","position":2,"name":"CONTACT","item":"https:\/\/www.newyorkhipknee.com\/fr\/contact\/"},{"@type":"ListItem","position":3,"name":"Little Neck &#8211; Meilleur chirurgien pour l&rsquo;arthroplastie de la hanche et du genou","item":"https:\/\/www.newyorkhipknee.com\/fr\/contact\/little-neck-meilleur-chirurgien-pour-larthroplastie-de-la-hanche-et-du-genou\/"},{"@type":"ListItem","position":4,"name":"Elmont, NY"}]},{"@type":"WebSite","@id":"https:\/\/www.newyorkhipknee.com\/fr\/#website","url":"https:\/\/www.newyorkhipknee.com\/fr\/","name":"Best Hip & Knee Surgeon | NY, USA","description":"","potentialAction":[{"@type":"SearchAction","target":{"@type":"EntryPoint","urlTemplate":"https:\/\/www.newyorkhipknee.com\/fr\/?s={search_term_string}"},"query-input":{"@type":"PropertyValueSpecification","valueRequired":true,"valueName":"search_term_string"}}],"inLanguage":"fr-FR"}]}},"_links":{"self":[{"href":"https:\/\/www.newyorkhipknee.com\/fr\/wp-json\/wp\/v2\/pages\/20938","targetHints":{"allow":["GET"]}}],"collection":[{"href":"https:\/\/www.newyorkhipknee.com\/fr\/wp-json\/wp\/v2\/pages"}],"about":[{"href":"https:\/\/www.newyorkhipknee.com\/fr\/wp-json\/wp\/v2\/types\/page"}],"author":[{"embeddable":true,"href":"https:\/\/www.newyorkhipknee.com\/fr\/wp-json\/wp\/v2\/users\/33"}],"replies":[{"embeddable":true,"href":"https:\/\/www.newyorkhipknee.com\/fr\/wp-json\/wp\/v2\/comments?post=20938"}],"version-history":[{"count":0,"href":"https:\/\/www.newyorkhipknee.com\/fr\/wp-json\/wp\/v2\/pages\/20938\/revisions"}],"up":[{"embeddable":true,"href":"https:\/\/www.newyorkhipknee.com\/fr\/wp-json\/wp\/v2\/pages\/17598"}],"wp:attachment":[{"href":"https:\/\/www.newyorkhipknee.com\/fr\/wp-json\/wp\/v2\/media?parent=20938"}],"curies":[{"name":"wp","href":"https:\/\/api.w.org\/{rel}","templated":true}]}}