{"id":20954,"date":"2023-11-22T12:15:43","date_gmt":"2023-11-22T17:15:43","guid":{"rendered":"https:\/\/newyorkhipknee.com\/contact\/little-neck-meilleur-chirurgien-pour-larthroplastie-de-la-hanche-et-du-genou\/lynbrook-ny\/"},"modified":"2023-11-22T12:15:43","modified_gmt":"2023-11-22T17:15:43","slug":"lynbrook-ny","status":"publish","type":"page","link":"https:\/\/www.newyorkhipknee.com\/fr\/contact\/little-neck-meilleur-chirurgien-pour-larthroplastie-de-la-hanche-et-du-genou\/lynbrook-ny\/","title":{"rendered":"Lynbrook, NY"},"content":{"rendered":"<h1>Complete Orthopedics : Votre premier choix pour les soins orthop\u00e9diques \u00e0 Lynbrook, NY<\/h1>\n<p>Bienvenue au Centre orthop\u00e9dique du Dr Nakul Karkare, votre destination privil\u00e9gi\u00e9e pour des soins orthop\u00e9diques exceptionnels, ici m\u00eame \u00e0 Lynbrook, dans l&rsquo;\u00c9tat de New York. Nich\u00e9e \u00e0 Little Neck, dans l&rsquo;\u00c9tat de New York, notre \u00e9quipe d\u00e9vou\u00e9e est ravie d&rsquo;apporter son expertise \u00e0 la communaut\u00e9 de Lynbrook, en fournissant des solutions orthop\u00e9diques in\u00e9gal\u00e9es con\u00e7ues pour am\u00e9liorer votre bien-\u00eatre g\u00e9n\u00e9ral et votre mobilit\u00e9.<\/p>\n<p>Pourquoi choisir le centre orthop\u00e9dique du Dr Nakul Karkare \u00e0 Lynbrook ?<\/p>\n<ol>\n<li><strong>Une expertise in\u00e9gal\u00e9e :<\/strong> Nos sp\u00e9cialistes en orthop\u00e9die apportent des ann\u00e9es d&rsquo;exp\u00e9rience et de connaissances sp\u00e9cialis\u00e9es, couvrant divers aspects des soins orthop\u00e9diques. Votre sant\u00e9 et votre confort sont nos principales priorit\u00e9s.<\/li>\n<li><strong>Soins personnalis\u00e9s :<\/strong> Reconnaissant que chaque patient est unique, nous adoptons une approche personnalis\u00e9e du traitement. Votre plan orthop\u00e9dique est con\u00e7u pour r\u00e9pondre \u00e0 vos besoins individuels, ce qui garantit une solution adapt\u00e9e et efficace.<\/li>\n<li><strong>Des techniques de pointe :<\/strong> En restant \u00e0 la pointe de la m\u00e9decine orthop\u00e9dique, nous adoptons les derni\u00e8res avanc\u00e9es dans ce domaine. Comptez sur nous pour vous fournir des solutions de pointe pour votre condition sp\u00e9cifique, en utilisant des techniques d&rsquo;avant-garde.<\/li>\n<li><strong>L&rsquo;accent mis sur la communaut\u00e9 :<\/strong> Notre r\u00e9cente expansion \u00e0 Old Bethpage refl\u00e8te notre engagement profond \u00e0 servir la communaut\u00e9 locale. Nous sommes l\u00e0 pour avoir un impact positif sur la sant\u00e9 orthop\u00e9dique des habitants de Lynbrook.<\/li>\n<li><strong>Une exp\u00e9rience \u00e9prouv\u00e9e :<\/strong> Nos succ\u00e8s pass\u00e9s t\u00e9moignent de l&rsquo;excellence que nous apportons aux soins orthop\u00e9diques. De nombreuses personnes nous ont fait confiance pour retrouver leur mobilit\u00e9, soulager leur douleur et am\u00e9liorer leur qualit\u00e9 de vie.<\/li>\n<\/ol>\n<p>Que vous soyez aux prises avec des probl\u00e8mes articulaires, des blessures sportives, des fractures ou tout autre probl\u00e8me orthop\u00e9dique, le centre orthop\u00e9dique du Dr Nakul Karkare est votre partenaire d\u00e9vou\u00e9. Nous sommes fiers d&rsquo;offrir \u00e0 la communaut\u00e9 de Yaphank des soins comp\u00e9tents et empreints de compassion, qui vous permettent de profiter pleinement de la vie. Votre voyage vers une meilleure sant\u00e9 orthop\u00e9dique commence avec nous.<\/p>\n<h2>Nous sommes fiers de proposer une gamme compl\u00e8te de services orthop\u00e9diques dans la r\u00e9gion de Montauk, NY :<\/h2>\n<h3><a href=\"https:\/\/newyorkhipknee.com\/custom-knee-replacement-surgery\/\" target=\"_blank\" rel=\"noopener\"><strong>Remplacement du genou sur mesure :<\/strong><\/a><\/h3>\n<p><em>Qui b\u00e9n\u00e9ficie de cette intervention ?<\/em> La proth\u00e8se de genou personnalis\u00e9e, \u00e9galement connue sous le nom de proth\u00e8se de genou sur mesure, est une solution hautement recommand\u00e9e pour les personnes souffrant de douleurs, de raideurs et de gonflements s\u00e9v\u00e8res au niveau du genou, qui ont un impact significatif sur leurs activit\u00e9s quotidiennes et leur qualit\u00e9 de vie en g\u00e9n\u00e9ral. Ces sympt\u00f4mes sont g\u00e9n\u00e9ralement dus \u00e0 des affections telles que l&rsquo;arthrose, la polyarthrite rhumato\u00efde, des l\u00e9sions traumatiques ou d&rsquo;autres troubles d\u00e9g\u00e9n\u00e9ratifs de l&rsquo;articulation du genou.<\/p>\n<p><em>Le processus chirurgical :<\/em> L&rsquo;arthroplastie du genou sur mesure est une intervention chirurgicale avanc\u00e9e au cours de laquelle l&rsquo;articulation du genou endommag\u00e9e est remplac\u00e9e de mani\u00e8re experte par un implant artificiel con\u00e7u avec pr\u00e9cision. Cet implant est personnalis\u00e9 en fonction de la structure anatomique unique du patient, cr\u00e9\u00e9e \u00e0 l&rsquo;aide d&rsquo;une technologie d&rsquo;imagerie avanc\u00e9e qui produit un mod\u00e8le tridimensionnel exact de l&rsquo;articulation du genou du patient. Ce mod\u00e8le guide le d\u00e9veloppement d&rsquo;un implant qui s&rsquo;adapte parfaitement au genou du patient. La proc\u00e9dure chirurgicale elle-m\u00eame se d\u00e9roule sous anesth\u00e9sie pour assurer le confort du patient. Au cours de l&rsquo;op\u00e9ration, le chirurgien orthop\u00e9dique retire m\u00e9ticuleusement l&rsquo;articulation endommag\u00e9e et introduit l&rsquo;implant sur mesure.<\/p>\n<p><em>Avantages :<\/em> La proth\u00e8se de genou sur mesure offre une multitude d&rsquo;avantages aux patients, notamment<\/p>\n<ol>\n<li><strong>Soulagement de la douleur :<\/strong> L&rsquo;implant sur mesure est con\u00e7u pour minimiser l&rsquo;inconfort, ce qui permet aux patients de retrouver leur mobilit\u00e9 et de reprendre leurs activit\u00e9s quotidiennes.<\/li>\n<li><strong>Am\u00e9lioration de la mobilit\u00e9 :<\/strong> Les proth\u00e8ses de genou sur mesure am\u00e9liorent consid\u00e9rablement l&rsquo;amplitude de mouvement du patient, permettant un mouvement plus naturel et sans douleur de l&rsquo;articulation du genou.<\/li>\n<li><strong>Am\u00e9lioration de la qualit\u00e9 de vie :<\/strong> Les patients constatent souvent une am\u00e9lioration significative de leur qualit\u00e9 de vie globale, retrouvant la possibilit\u00e9 de participer \u00e0 des activit\u00e9s auxquelles ils avaient d\u00fb renoncer en raison de leurs douleurs au genou.<\/li>\n<li><strong>R\u00e9tablissement rapide :<\/strong> Les proth\u00e8ses de genou sur mesure permettent g\u00e9n\u00e9ralement un r\u00e9tablissement plus rapide que les proth\u00e8ses de genou traditionnelles, ce qui minimise la douleur postop\u00e9ratoire et acc\u00e9l\u00e8re la r\u00e9\u00e9ducation.<\/li>\n<\/ol>\n<p>&nbsp;<\/p>\n<p><a href=\"https:\/\/newyorkhipknee.com\/hip-replacement-surgery\/\" target=\"_blank\" rel=\"noopener\"><strong>Remplacement de la hanche :<\/strong><\/a><\/p>\n<p><em>Qui b\u00e9n\u00e9ficie de cette intervention ?<\/em> L&rsquo;arthroplastie de la hanche est fortement recommand\u00e9e aux personnes souffrant de douleurs, de raideurs et de gonflements s\u00e9v\u00e8res de la hanche qui entravent consid\u00e9rablement leurs activit\u00e9s quotidiennes et leur qualit\u00e9 de vie en g\u00e9n\u00e9ral. Les causes sous-jacentes les plus courantes sont l&rsquo;arthrose, la polyarthrite rhumato\u00efde, la n\u00e9crose avasculaire ou les fractures de la hanche.<\/p>\n<p><em>Le processus chirurgical :<\/em> L&rsquo;arthroplastie de la hanche est une intervention chirurgicale sophistiqu\u00e9e au cours de laquelle l&rsquo;articulation de la hanche endommag\u00e9e est remplac\u00e9e par un implant artificiel de conception complexe. Cet implant reproduit la structure et la fonction naturelles de l&rsquo;articulation de la hanche, offrant aux patients un regain de mobilit\u00e9 et un soulagement de l&rsquo;inconfort. Sous anesth\u00e9sie, le chirurgien orthop\u00e9dique retire l&rsquo;articulation endommag\u00e9e et introduit l&rsquo;implant artificiel, comme dans le cas d&rsquo;une arthroplastie du genou.<\/p>\n<p><em>Avantages :<\/em> L&rsquo;arthroplastie de la hanche offre une multitude d&rsquo;avantages aux patients, notamment<\/p>\n<ol>\n<li><strong>Soulagement de la douleur :<\/strong> Le principal avantage est le soulagement de la douleur s\u00e9v\u00e8re \u00e0 la hanche, ce qui permet aux patients de retrouver leur mobilit\u00e9 et de reprendre sans heurt leurs activit\u00e9s quotidiennes.<\/li>\n<li><strong>Mobilit\u00e9 accrue :<\/strong> les proth\u00e8ses de hanche am\u00e9liorent consid\u00e9rablement l&rsquo;amplitude des mouvements de l&rsquo;articulation de la hanche, ce qui permet aux patients d&rsquo;effectuer des mouvements plus fluides et plus souples.<\/li>\n<li><strong>Une meilleure qualit\u00e9 de vie :<\/strong> Les patients constatent souvent une am\u00e9lioration profonde de leur qualit\u00e9 de vie globale, retrouvant la capacit\u00e9 de participer \u00e0 des activit\u00e9s qui \u00e9taient auparavant difficiles, voire impossibles, en raison de la douleur \u00e0 la hanche.<\/li>\n<li><strong>R\u00e9cup\u00e9ration rapide :<\/strong> L&rsquo;arthroplastie de la hanche permet g\u00e9n\u00e9ralement un r\u00e9tablissement plus rapide, les patients ressentant moins de douleurs et b\u00e9n\u00e9ficiant d&rsquo;une meilleure amplitude de mouvement qu&rsquo;avant l&rsquo;op\u00e9ration.<\/li>\n<\/ol>\n<p>Dans les deux cas, le Dr Nakul Karkare utilise des techniques chirurgicales avanc\u00e9es et une technologie de pointe pour assurer la mise en place pr\u00e9cise des composants de l&rsquo;implant par le biais d&rsquo;incisions plus petites et \u00e9pargnant les tissus. Cette approche minimise l&rsquo;inconfort et acc\u00e9l\u00e8re le processus de gu\u00e9rison. L&rsquo;expertise du Dr Karkare dans ces proc\u00e9dures, combin\u00e9e \u00e0 la nature personnalis\u00e9e des implants sur mesure, contribue \u00e0 des r\u00e9sultats sup\u00e9rieurs pour les patients qui cherchent \u00e0 soulager leurs probl\u00e8mes d&rsquo;articulation du genou et de la hanche.<\/p>\n<p>Si vous souffrez de douleurs articulaires, de raideurs, de gonflements ou si vous avez subi une blessure, n&rsquo;h\u00e9sitez pas \u00e0 contacter le centre orthop\u00e9dique du Dr Nakul Karkare. Notre \u00e9quipe d&rsquo;experts se consacre \u00e0 vous aider \u00e0 retrouver la mobilit\u00e9, \u00e0 soulager la douleur et \u00e0 am\u00e9liorer votre qualit\u00e9 de vie en g\u00e9n\u00e9ral. Votre bien-\u00eatre est notre priorit\u00e9 absolue, et nous sommes l\u00e0 pour vous guider sur la voie d&rsquo;une meilleure sant\u00e9 orthop\u00e9dique.<\/p>\n<p>&nbsp;<\/p>\n<h1>\u00c0 propos de Lynbrook, NY<\/h1>\n<p>Bienvenue \u00e0 Lynbrook, un charmant village nich\u00e9 sur la rive sud de Long Island, dans l&rsquo;\u00c9tat de New York, o\u00f9 l&rsquo;histoire, la culture et la communaut\u00e9 s&rsquo;\u00e9panouissent. Lynbrook n&rsquo;est pas seulement un village ; c&rsquo;est une tapisserie d&rsquo;exp\u00e9riences, depuis ses parcs enchanteurs et ses \u00e9coles de premier ordre jusqu&rsquo;\u00e0 son quartier commercial anim\u00e9.<\/p>\n<p><strong>Un aper\u00e7u du pass\u00e9 de Lynbrook :<\/strong> Remontez le temps et d\u00e9couvrez la riche histoire de Lynbrook, qui remonte \u00e0 l&rsquo;\u00e9poque coloniale, lorsque la terre a \u00e9t\u00e9 habit\u00e9e pour la premi\u00e8re fois par la tribu am\u00e9rindienne Lenape. Au XVIIe si\u00e8cle, les colons europ\u00e9ens sont arriv\u00e9s et ont transform\u00e9 Lynbrook en un centre d&rsquo;agriculture et de p\u00eache. Au XIXe si\u00e8cle, le village est devenu un havre de paix pour les riches New-Yorkais, qui ont agr\u00e9ment\u00e9 le paysage de r\u00e9sidences d&rsquo;\u00e9t\u00e9 et de centres de vill\u00e9giature. Les racines industrielles de Lynbrook, notamment les brasseries, les tanneries et les chantiers navals, sont venues enrichir sa tapisserie. Au d\u00e9but du XXe si\u00e8cle, Lynbrook s&rsquo;est transform\u00e9 en une communaut\u00e9 r\u00e9sidentielle, dot\u00e9e d&rsquo;un patrimoine architectural diversifi\u00e9 compos\u00e9 de b\u00e2timents et de maisons historiques.<\/p>\n<p><strong>D\u00e9couvrez la culture dynamique de Lynbrook :<\/strong> Le c\u0153ur de Lynbrook r\u00e9sonne dans sa culture diversifi\u00e9e et dynamique, mise en valeur par des mus\u00e9es, des institutions culturelles et des parcs \u00e0 couper le souffle. De magnifiques parcs, qui attirent des visiteurs du monde entier, donnent un aper\u00e7u de la beaut\u00e9 naturelle de Lynbrook. Le quartier commercial, agr\u00e9ment\u00e9 d&rsquo;une vie nocturne, d&rsquo;h\u00f4tels, de restaurants au bord de l&rsquo;eau et d&rsquo;une vari\u00e9t\u00e9 de magasins, donne une image vivante de la culture contemporaine de Lynbrook.<\/p>\n<p><strong>D\u00e9lices touristiques \u00e0 Lynbrook :<\/strong> Embarquez pour un voyage d&rsquo;exploration \u00e0 Lynbrook, une destination touristique en plein essor, c\u00e9l\u00e8bre pour ses magnifiques parcs, ses charmants villages et sa richesse culturelle. Le Greis Park est un havre de paix de 28 acres, dot\u00e9 d&rsquo;une piscine, de courts de tennis et d&rsquo;une aire de jeux. C&rsquo;est une destination pris\u00e9e des habitants et des touristes. D\u00e9couvrez les r\u00e9cits captivants du pass\u00e9 de Lynbrook \u00e0 la Lynbrook Historical Society, o\u00f9 les expositions du mus\u00e9e tissent un r\u00e9cit qui trouve un \u00e9cho chez les habitants comme chez les visiteurs.<\/p>\n<p>Alors que Lynbrook \u00e9merge comme une destination recherch\u00e9e, le m\u00e9lange d&rsquo;histoire, de culture et de beaut\u00e9 naturelle cr\u00e9e une tapisserie invitante pour tous ceux qui s&rsquo;y aventurent. Explorez, laissez-vous tenter et savourez le charme unique de Lynbrook, qui en fait un village \u00e0 nul autre pareil.<\/p>\n<p>&nbsp;<\/p>\n<h1>Directions<\/h1>\n<p><span class=\"\">Voici l&rsquo;itin\u00e9raire \u00e0 suivre pour se rendre de Lynbrook, NY \u00e0 Complete Orthopedics au 52-21 Little Neck Parkway, Little Neck, NY 11362 :<\/span><\/p>\n<ol class=\"list-outside list-decimal marker:font-mono marker:text-sm pl-11\">\n<li><span class=\"\">Prendre la direction est sur Merrick Rd vers Horton Ave.<\/span><\/li>\n<li><span class=\"\">Tourner \u00e0 gauche sur Peninsula Blvd.<\/span><\/li>\n<li><span class=\"\">Tourner \u00e0 droite sur Nassau Expy.<\/span><\/li>\n<li><span class=\"\">Fusionner sur Cross Island Pkwy.<\/span><\/li>\n<li><span class=\"\">Prendre la sortie 29N pour Little Neck Parkwy.<\/span><\/li>\n<li><span class=\"\">Prendre Little Neck Pkwy.<\/span><\/li>\n<li><span class=\"\">Complete Orthopedics sera sur la gauche au 52-21 Little Neck Pkwy.<\/span><\/li>\n<\/ol>\n<p><span class=\"\">Note : Les directions exactes peuvent varier en fonction de votre lieu de d\u00e9part. Il est recommand\u00e9 d&rsquo;utiliser un GPS ou un service de cartographie pour obtenir les indications les plus pr\u00e9cises.<\/span><\/p>\n<p>&nbsp;<\/p>\n<h1>Soins de sant\u00e9 pr\u00e8s de Lynbrook<\/h1>\n<h3><\/h3>\n<p><span class=\"\">Voici trois pharmacies, trois centres de radiologie, trois centres de soins d&rsquo;urgence et trois h\u00f4pitaux pr\u00e8s de Lynbrook, NY avec leurs adresses :<\/span><\/p>\n<h4>Pharmacies<\/h4>\n<ol class=\"list-outside list-decimal marker:font-mono marker:text-sm pl-11\">\n<li><span class=\"\">CVS Pharmacy &#8211; 20 Atlantic Ave, Lynbrook, NY 11563<\/span><\/li>\n<li><span class=\"\">Walgreens Pharmacy &#8211; 405 Sunrise Hwy, Lynbrook, NY 11563<\/span><\/li>\n<li><span class=\"\">Rite Aid Pharmacy &#8211; 2 Broadway, Lynbrook, NY 11563<\/span><\/li>\n<\/ol>\n<h4>Centres de radiologie<\/h4>\n<ol class=\"list-outside list-decimal marker:font-mono marker:text-sm pl-11\">\n<li><span class=\"\">South Nassau Radiology &#8211; 1 Healthy Way, Oceanside, NY 11572<\/span><\/li>\n<li><span class=\"\">Lynbrook Medical Imaging &#8211; 444 Merrick Rd, Lynbrook, NY 11563<\/span><\/li>\n<li><span class=\"\">Diagnostic Radiology Associates &#8211; 165 N Village Ave, Rockville Centre, NY 11570<\/span><\/li>\n<\/ol>\n<h4>Centres de soins d&rsquo;urgence<\/h4>\n<ol class=\"list-outside list-decimal marker:font-mono marker:text-sm pl-11\">\n<li><span class=\"\">CityMD Lynbrook Urgent Care &#8211; 693 Sunrise Hwy, Lynbrook, NY 11563<\/span><\/li>\n<li><span class=\"\">ProHEALTH Urgent Care &#8211; 444 Merrick Rd, Lynbrook, NY 11563<\/span><\/li>\n<li><span class=\"\">South Nassau Urgent Care &#8211; 325 E Bay Dr, Long Beach, NY 11561<\/span><\/li>\n<\/ol>\n<h4>H\u00f4pitaux<\/h4>\n<ol class=\"list-outside list-decimal marker:font-mono marker:text-sm pl-11\">\n<li><span class=\"\">South Nassau Communities Hospital &#8211; 1 Healthy Way, Oceanside, NY 11572<\/span><\/li>\n<li><span class=\"\">Mercy Medical Center &#8211; 1000 N Village Ave, Rockville Centre, NY 11570<\/span><\/li>\n<li><span class=\"\">NYU Langone Hospital-Long Island &#8211; 259 1st St, Mineola, NY 11501<\/span><\/li>\n<\/ol>\n<p><span class=\"\">Note : Les informations fournies sont exactes \u00e0 la date d&rsquo;octobre 2023.<\/span><\/p>\n<p>&nbsp;<\/p>\n<p>Nous sommes tr\u00e8s fiers de fournir des soins orthop\u00e9diques complets aux patients de divers h\u00f4pitaux et centres de soins d&rsquo;urgence de notre communaut\u00e9, y compris ceux mentionn\u00e9s plus haut.<\/p>\n<p>Que vous ayez besoin d&rsquo;un traitement orthop\u00e9dique ou que vous souhaitiez simplement nous consulter pour tout probl\u00e8me orthop\u00e9dique, n&rsquo;h\u00e9sitez pas \u00e0 contacter notre \u00e9quipe d\u00e9vou\u00e9e, disponible 24 heures sur 24 et 7 jours sur 7. Nous sommes l\u00e0 pour vous aider rapidement et avec compassion.<\/p>\n<p>De nombreuses personnes se rendent dans des centres de soins d&rsquo;urgence et des h\u00f4pitaux pour des blessures li\u00e9es \u00e0 l&rsquo;indemnisation des accidents du travail et \u00e0 l&rsquo;assurance sans \u00e9gard \u00e0 la responsabilit\u00e9. Si votre blessure ne n\u00e9cessite pas une visite \u00e0 l&rsquo;h\u00f4pital, nous sommes heureux de vous proposer un traitement orthop\u00e9dique professionnel adapt\u00e9 \u00e0 ce type de cas. N&rsquo;h\u00e9sitez pas \u00e0 nous contacter au <a href=\"tel:631-981-2663\" target=\"_blank\" rel=\"noopener\">631-981-2663<\/a> pour prendre rendez-vous avec nous d\u00e8s aujourd&rsquo;hui. Votre bien-\u00eatre est notre priorit\u00e9<\/p>\n","protected":false},"excerpt":{"rendered":"<p>Complete Orthopedics : Votre premier choix pour les soins orthop\u00e9diques \u00e0 Lynbrook, NY Bienvenue au Centre orthop\u00e9dique du Dr Nakul Karkare, votre destination privil\u00e9gi\u00e9e pour des soins orthop\u00e9diques exceptionnels, ici m\u00eame \u00e0 Lynbrook, dans l&rsquo;\u00c9tat de New York. Nich\u00e9e \u00e0 Little Neck, dans l&rsquo;\u00c9tat de New York, notre \u00e9quipe d\u00e9vou\u00e9e est ravie d&rsquo;apporter son expertise [&hellip;]<\/p>\n","protected":false},"author":33,"featured_media":0,"parent":17598,"menu_order":0,"comment_status":"closed","ping_status":"closed","template":"","meta":{"_et_pb_use_builder":"","_et_pb_old_content":"","_et_gb_content_width":"","footnotes":""},"class_list":["post-20954","page","type-page","status-publish","hentry"],"yoast_head":"<!-- This site is optimized with the Yoast SEO plugin v27.2 - https:\/\/yoast.com\/product\/yoast-seo-wordpress\/ -->\n<title>Lynbrook, NY | Best Hip &amp; Knee Surgeon | NY, USA<\/title>\n<meta name=\"description\" content=\"Complete Orthopedics : Votre premier choix pour les soins orthop\u00e9diques \u00e0 Lynbrook, NY Bienvenue au Centre orthop\u00e9dique du Dr Nakul Karkare, votre\" \/>\n<meta name=\"robots\" content=\"index, follow, max-snippet:-1, max-image-preview:large, max-video-preview:-1\" \/>\n<link rel=\"canonical\" href=\"https:\/\/www.newyorkhipknee.com\/fr\/contact\/little-neck-meilleur-chirurgien-pour-larthroplastie-de-la-hanche-et-du-genou\/lynbrook-ny\/\" \/>\n<meta property=\"og:locale\" content=\"fr_FR\" \/>\n<meta property=\"og:type\" content=\"article\" \/>\n<meta property=\"og:title\" content=\"Lynbrook, NY | Best Hip &amp; Knee Surgeon | NY, USA\" \/>\n<meta property=\"og:description\" content=\"Complete Orthopedics : Votre premier choix pour les soins orthop\u00e9diques \u00e0 Lynbrook, NY Bienvenue au Centre orthop\u00e9dique du Dr Nakul Karkare, votre\" \/>\n<meta property=\"og:url\" content=\"https:\/\/www.newyorkhipknee.com\/fr\/contact\/little-neck-meilleur-chirurgien-pour-larthroplastie-de-la-hanche-et-du-genou\/lynbrook-ny\/\" \/>\n<meta property=\"og:site_name\" content=\"Best Hip &amp; Knee Surgeon | NY, USA\" \/>\n<meta name=\"twitter:card\" content=\"summary_large_image\" \/>\n<meta name=\"twitter:label1\" content=\"Dur\u00e9e de lecture estim\u00e9e\" \/>\n\t<meta name=\"twitter:data1\" content=\"11 minutes\" \/>\n<script type=\"application\/ld+json\" class=\"yoast-schema-graph\">{\"@context\":\"https:\/\/schema.org\",\"@graph\":[{\"@type\":[\"WebPage\",\"MedicalWebPage\"],\"@id\":\"https:\/\/www.newyorkhipknee.com\/fr\/contact\/little-neck-meilleur-chirurgien-pour-larthroplastie-de-la-hanche-et-du-genou\/lynbrook-ny\/\",\"url\":\"https:\/\/www.newyorkhipknee.com\/fr\/contact\/little-neck-meilleur-chirurgien-pour-larthroplastie-de-la-hanche-et-du-genou\/lynbrook-ny\/\",\"name\":\"Lynbrook, NY | Best Hip &amp; Knee Surgeon | NY, USA\",\"isPartOf\":{\"@id\":\"https:\/\/www.newyorkhipknee.com\/fr\/#website\"},\"datePublished\":\"2023-11-22T17:15:43+00:00\",\"description\":\"Complete Orthopedics : Votre premier choix pour les soins orthop\u00e9diques \u00e0 Lynbrook, NY Bienvenue au Centre orthop\u00e9dique du Dr Nakul Karkare, votre\",\"breadcrumb\":{\"@id\":\"https:\/\/www.newyorkhipknee.com\/fr\/contact\/little-neck-meilleur-chirurgien-pour-larthroplastie-de-la-hanche-et-du-genou\/lynbrook-ny\/#breadcrumb\"},\"inLanguage\":\"fr-FR\",\"potentialAction\":[{\"@type\":\"ReadAction\",\"target\":[\"https:\/\/www.newyorkhipknee.com\/fr\/contact\/little-neck-meilleur-chirurgien-pour-larthroplastie-de-la-hanche-et-du-genou\/lynbrook-ny\/\"]}]},{\"@type\":\"BreadcrumbList\",\"@id\":\"https:\/\/www.newyorkhipknee.com\/fr\/contact\/little-neck-meilleur-chirurgien-pour-larthroplastie-de-la-hanche-et-du-genou\/lynbrook-ny\/#breadcrumb\",\"itemListElement\":[{\"@type\":\"ListItem\",\"position\":1,\"name\":\"Home\",\"item\":\"https:\/\/www.newyorkhipknee.com\/fr\/\"},{\"@type\":\"ListItem\",\"position\":2,\"name\":\"CONTACT\",\"item\":\"https:\/\/www.newyorkhipknee.com\/fr\/contact\/\"},{\"@type\":\"ListItem\",\"position\":3,\"name\":\"Little Neck &#8211; Meilleur chirurgien pour l&rsquo;arthroplastie de la hanche et du genou\",\"item\":\"https:\/\/www.newyorkhipknee.com\/fr\/contact\/little-neck-meilleur-chirurgien-pour-larthroplastie-de-la-hanche-et-du-genou\/\"},{\"@type\":\"ListItem\",\"position\":4,\"name\":\"Lynbrook, NY\"}]},{\"@type\":\"WebSite\",\"@id\":\"https:\/\/www.newyorkhipknee.com\/fr\/#website\",\"url\":\"https:\/\/www.newyorkhipknee.com\/fr\/\",\"name\":\"Best Hip & Knee Surgeon | NY, USA\",\"description\":\"\",\"potentialAction\":[{\"@type\":\"SearchAction\",\"target\":{\"@type\":\"EntryPoint\",\"urlTemplate\":\"https:\/\/www.newyorkhipknee.com\/fr\/?s={search_term_string}\"},\"query-input\":{\"@type\":\"PropertyValueSpecification\",\"valueRequired\":true,\"valueName\":\"search_term_string\"}}],\"inLanguage\":\"fr-FR\"}]}<\/script>\n<!-- \/ Yoast SEO plugin. -->","yoast_head_json":{"title":"Lynbrook, NY | Best Hip &amp; Knee Surgeon | NY, USA","description":"Complete Orthopedics : Votre premier choix pour les soins orthop\u00e9diques \u00e0 Lynbrook, NY Bienvenue au Centre orthop\u00e9dique du Dr Nakul Karkare, votre","robots":{"index":"index","follow":"follow","max-snippet":"max-snippet:-1","max-image-preview":"max-image-preview:large","max-video-preview":"max-video-preview:-1"},"canonical":"https:\/\/www.newyorkhipknee.com\/fr\/contact\/little-neck-meilleur-chirurgien-pour-larthroplastie-de-la-hanche-et-du-genou\/lynbrook-ny\/","og_locale":"fr_FR","og_type":"article","og_title":"Lynbrook, NY | Best Hip &amp; Knee Surgeon | NY, USA","og_description":"Complete Orthopedics : Votre premier choix pour les soins orthop\u00e9diques \u00e0 Lynbrook, NY Bienvenue au Centre orthop\u00e9dique du Dr Nakul Karkare, votre","og_url":"https:\/\/www.newyorkhipknee.com\/fr\/contact\/little-neck-meilleur-chirurgien-pour-larthroplastie-de-la-hanche-et-du-genou\/lynbrook-ny\/","og_site_name":"Best Hip &amp; Knee Surgeon | NY, USA","twitter_card":"summary_large_image","twitter_misc":{"Dur\u00e9e de lecture estim\u00e9e":"11 minutes"},"schema":{"@context":"https:\/\/schema.org","@graph":[{"@type":["WebPage","MedicalWebPage"],"@id":"https:\/\/www.newyorkhipknee.com\/fr\/contact\/little-neck-meilleur-chirurgien-pour-larthroplastie-de-la-hanche-et-du-genou\/lynbrook-ny\/","url":"https:\/\/www.newyorkhipknee.com\/fr\/contact\/little-neck-meilleur-chirurgien-pour-larthroplastie-de-la-hanche-et-du-genou\/lynbrook-ny\/","name":"Lynbrook, NY | Best Hip &amp; Knee Surgeon | NY, USA","isPartOf":{"@id":"https:\/\/www.newyorkhipknee.com\/fr\/#website"},"datePublished":"2023-11-22T17:15:43+00:00","description":"Complete Orthopedics : Votre premier choix pour les soins orthop\u00e9diques \u00e0 Lynbrook, NY Bienvenue au Centre orthop\u00e9dique du Dr Nakul Karkare, votre","breadcrumb":{"@id":"https:\/\/www.newyorkhipknee.com\/fr\/contact\/little-neck-meilleur-chirurgien-pour-larthroplastie-de-la-hanche-et-du-genou\/lynbrook-ny\/#breadcrumb"},"inLanguage":"fr-FR","potentialAction":[{"@type":"ReadAction","target":["https:\/\/www.newyorkhipknee.com\/fr\/contact\/little-neck-meilleur-chirurgien-pour-larthroplastie-de-la-hanche-et-du-genou\/lynbrook-ny\/"]}]},{"@type":"BreadcrumbList","@id":"https:\/\/www.newyorkhipknee.com\/fr\/contact\/little-neck-meilleur-chirurgien-pour-larthroplastie-de-la-hanche-et-du-genou\/lynbrook-ny\/#breadcrumb","itemListElement":[{"@type":"ListItem","position":1,"name":"Home","item":"https:\/\/www.newyorkhipknee.com\/fr\/"},{"@type":"ListItem","position":2,"name":"CONTACT","item":"https:\/\/www.newyorkhipknee.com\/fr\/contact\/"},{"@type":"ListItem","position":3,"name":"Little Neck &#8211; Meilleur chirurgien pour l&rsquo;arthroplastie de la hanche et du genou","item":"https:\/\/www.newyorkhipknee.com\/fr\/contact\/little-neck-meilleur-chirurgien-pour-larthroplastie-de-la-hanche-et-du-genou\/"},{"@type":"ListItem","position":4,"name":"Lynbrook, NY"}]},{"@type":"WebSite","@id":"https:\/\/www.newyorkhipknee.com\/fr\/#website","url":"https:\/\/www.newyorkhipknee.com\/fr\/","name":"Best Hip & Knee Surgeon | NY, USA","description":"","potentialAction":[{"@type":"SearchAction","target":{"@type":"EntryPoint","urlTemplate":"https:\/\/www.newyorkhipknee.com\/fr\/?s={search_term_string}"},"query-input":{"@type":"PropertyValueSpecification","valueRequired":true,"valueName":"search_term_string"}}],"inLanguage":"fr-FR"}]}},"_links":{"self":[{"href":"https:\/\/www.newyorkhipknee.com\/fr\/wp-json\/wp\/v2\/pages\/20954","targetHints":{"allow":["GET"]}}],"collection":[{"href":"https:\/\/www.newyorkhipknee.com\/fr\/wp-json\/wp\/v2\/pages"}],"about":[{"href":"https:\/\/www.newyorkhipknee.com\/fr\/wp-json\/wp\/v2\/types\/page"}],"author":[{"embeddable":true,"href":"https:\/\/www.newyorkhipknee.com\/fr\/wp-json\/wp\/v2\/users\/33"}],"replies":[{"embeddable":true,"href":"https:\/\/www.newyorkhipknee.com\/fr\/wp-json\/wp\/v2\/comments?post=20954"}],"version-history":[{"count":0,"href":"https:\/\/www.newyorkhipknee.com\/fr\/wp-json\/wp\/v2\/pages\/20954\/revisions"}],"up":[{"embeddable":true,"href":"https:\/\/www.newyorkhipknee.com\/fr\/wp-json\/wp\/v2\/pages\/17598"}],"wp:attachment":[{"href":"https:\/\/www.newyorkhipknee.com\/fr\/wp-json\/wp\/v2\/media?parent=20954"}],"curies":[{"name":"wp","href":"https:\/\/api.w.org\/{rel}","templated":true}]}}