{"id":20964,"date":"2023-11-22T10:48:17","date_gmt":"2023-11-22T15:48:17","guid":{"rendered":"https:\/\/newyorkhipknee.com\/contact\/little-neck-meilleur-chirurgien-pour-larthroplastie-de-la-hanche-et-du-genou\/long-beach-ny\/"},"modified":"2023-11-22T10:48:17","modified_gmt":"2023-11-22T15:48:17","slug":"long-beach-ny","status":"publish","type":"page","link":"https:\/\/www.newyorkhipknee.com\/fr\/contact\/little-neck-meilleur-chirurgien-pour-larthroplastie-de-la-hanche-et-du-genou\/long-beach-ny\/","title":{"rendered":"Long Beach, NY"},"content":{"rendered":"<h1>Nakul Karkare Orthopedics \u00e0 Long Beach, NY &#8211; Votre premi\u00e8re destination orthop\u00e9dique !<\/h1>\n<p>Nous sommes heureux d&rsquo;\u00e9tendre nos soins orthop\u00e9diques sp\u00e9cialis\u00e9s \u00e0 la communaut\u00e9 dynamique de Long Beach, NY. Nakul Karkare Orthopedics se consacre \u00e0 la fourniture de services orthop\u00e9diques professionnels et sophistiqu\u00e9s adapt\u00e9s aux besoins uniques de Jamesport et des r\u00e9gions voisines.<\/p>\n<p>Pourquoi choisir le Dr Nakul Karkare Orthopedics \u00e0 Long Beach ?<\/p>\n<ol>\n<li><strong>L&rsquo;excellence orthop\u00e9dique :<\/strong> Notre \u00e9quipe est compos\u00e9e de sp\u00e9cialistes en orthop\u00e9die hautement qualifi\u00e9s et dot\u00e9s d&rsquo;une grande exp\u00e9rience. Nous ne nous contentons pas de prodiguer des soins de premier ordre, nous nous effor\u00e7ons d&rsquo;\u00eatre vos partenaires orthop\u00e9diques de confiance.<\/li>\n<li><strong>Soins personnalis\u00e9s :<\/strong> Conscients de l&rsquo;individualit\u00e9 de chaque patient, nous prenons le temps d&rsquo;\u00e9laborer des plans de traitement orthop\u00e9dique personnalis\u00e9s, con\u00e7us sp\u00e9cialement pour vous. Vos besoins et objectifs uniques sont les principes directeurs de notre approche.<\/li>\n<li><strong>Des traitements de pointe :<\/strong> Soucieux de rester \u00e0 la pointe des progr\u00e8s de l&rsquo;orthop\u00e9die, notre cabinet offre l&rsquo;acc\u00e8s \u00e0 des traitements et des techniques de pointe pour un large \u00e9ventail d&rsquo;affections orthop\u00e9diques.<\/li>\n<li><strong>Int\u00e9gration dans la communaut\u00e9 :<\/strong> Notre expansion \u00e0 Levittown souligne notre engagement \u00e0 faire partie int\u00e9grante de votre communaut\u00e9. Nous sommes ici pour avoir un impact substantiel sur la sant\u00e9 orthop\u00e9dique et le bien-\u00eatre des habitants de Long Beach.<\/li>\n<li><strong>Des r\u00e9sultats probants :<\/strong> Nos r\u00e9sultats parlent d&rsquo;eux-m\u00eames. D&rsquo;innombrables patients ont b\u00e9n\u00e9fici\u00e9 d&rsquo;une am\u00e9lioration de leur mobilit\u00e9, d&rsquo;un soulagement de la douleur et d&rsquo;une meilleure qualit\u00e9 de vie en g\u00e9n\u00e9ral. Nous nous distinguons par notre engagement in\u00e9branlable \u00e0 fournir des soins exceptionnels.<\/li>\n<\/ol>\n<p>Que vous soyez aux prises avec des probl\u00e8mes d&rsquo;articulation, des blessures li\u00e9es au sport, des fractures ou tout autre probl\u00e8me orthop\u00e9dique, le Dr Nakul Karkare Orthopedics est votre partenaire fiable \u00e0 Long Beach. Notre mission est claire : vous donner les moyens de mener une vie plus saine et plus active. Votre bien-\u00eatre orthop\u00e9dique est notre priorit\u00e9, et nous nous r\u00e9jouissons d&rsquo;entreprendre ce voyage avec vous<\/p>\n<p>Bienvenue dans le domaine de l&rsquo;excellence orthop\u00e9dique, o\u00f9 nous nous sp\u00e9cialisons dans deux proc\u00e9dures transformatrices : l&rsquo;arthroplastie du genou sur mesure et l&rsquo;arthroplastie totale de la hanche. \u00c0 la t\u00eate de ces interventions r\u00e9volutionnaires se trouve l&rsquo;\u00e9minent Dr Nakul Karkare, r\u00e9put\u00e9 pour son expertise in\u00e9gal\u00e9e et son engagement en faveur de votre bien-\u00eatre orthop\u00e9dique.<\/p>\n<p><a href=\"https:\/\/newyorkhipknee.com\/custom-knee-replacement-surgery\/\" target=\"_blank\" rel=\"noopener\"><strong>Chirurgie de remplacement du genou sur mesure :<\/strong><\/a><\/p>\n<p><em>Indications :<\/em> La proth\u00e8se de genou sur mesure, \u00e9galement connue sous le nom de proth\u00e8se de genou personnalis\u00e9e, est une lueur d&rsquo;espoir pour les personnes souffrant de douleurs, de raideurs et de gonflements importants au niveau du genou, qui les emp\u00eachent de mener \u00e0 bien leurs activit\u00e9s quotidiennes. Qu&rsquo;elle soit caus\u00e9e par l&rsquo;arthrose, la polyarthrite rhumato\u00efde, des l\u00e9sions traumatiques ou d&rsquo;autres troubles d\u00e9g\u00e9n\u00e9ratifs de l&rsquo;articulation du genou, cette chirurgie est adapt\u00e9e aux personnes qui recherchent un soulagement durable.<\/p>\n<p><em>Proc\u00e9dure :<\/em> Le processus commence par une technologie d&rsquo;imagerie de pointe qui g\u00e9n\u00e8re un mod\u00e8le tridimensionnel de l&rsquo;articulation unique de votre genou. Ce plan sert de base \u00e0 la fabrication d&rsquo;un implant sur mesure, parfaitement adapt\u00e9 \u00e0 l&rsquo;anatomie de votre genou. Sous les mains expertes du Dr Nakul Karkare, l&rsquo;articulation endommag\u00e9e est remplac\u00e9e au cours de l&rsquo;op\u00e9ration, ce qui garantit un ajustement parfait pour un confort et une mobilit\u00e9 optimaux.<\/p>\n<p><em>Avantages :<\/em><\/p>\n<ul>\n<li><strong>Soulagement de la douleur :<\/strong> Lib\u00e9rez-vous de vos douleurs chroniques au genou et retrouvez votre mobilit\u00e9.<\/li>\n<li><strong>Am\u00e9lioration de la mobilit\u00e9 :<\/strong> Red\u00e9couvrez la joie d&rsquo;un mouvement naturel car votre genou fonctionne avec un alignement et une stabilit\u00e9 am\u00e9lior\u00e9s.<\/li>\n<li><strong>Une meilleure qualit\u00e9 de vie :<\/strong> Dites adieu aux limitations et accueillez une vie o\u00f9 les activit\u00e9s quotidiennes ne sont plus entrav\u00e9es par la douleur au genou.<\/li>\n<li><strong>R\u00e9cup\u00e9ration plus rapide :<\/strong> B\u00e9n\u00e9ficiez d&rsquo;une r\u00e9cup\u00e9ration plus rapide gr\u00e2ce \u00e0 la pr\u00e9cision des implants sur mesure et aux techniques chirurgicales peu invasives.<\/li>\n<\/ul>\n<p><a href=\"https:\/\/newyorkhipknee.com\/hip-replacement-surgery\/\" target=\"_blank\" rel=\"noopener\"><strong>Chirurgie de remplacement total de la hanche :<\/strong><\/a><\/p>\n<p><em>Indications :<\/em> Recommand\u00e9e aux personnes souffrant de douleurs s\u00e9v\u00e8res \u00e0 la hanche, de raideurs et de gonflements qui les emp\u00eachent de vaquer \u00e0 leurs occupations quotidiennes, l&rsquo;arthroplastie totale de la hanche est une lueur d&rsquo;espoir. Qu&rsquo;il s&rsquo;agisse d&rsquo;arthrose, de polyarthrite rhumato\u00efde, de n\u00e9crose avasculaire ou de fracture de la hanche, cette chirurgie est destin\u00e9e \u00e0 ceux qui aspirent \u00e0 retrouver une mobilit\u00e9 sans douleur.<\/p>\n<p><em>Proc\u00e9dure :<\/em> Sous les conseils avis\u00e9s du Dr Nakul Karkare, l&rsquo;arthroplastie totale de la hanche consiste \u00e0 remplacer une articulation de la hanche endommag\u00e9e par un implant artificiel de conception complexe. Cette proth\u00e8se imite la structure et la fonction naturelles de l&rsquo;articulation de la hanche, offrant une voie vers une mobilit\u00e9 restaur\u00e9e et un soulagement de l&rsquo;inconfort. L&rsquo;op\u00e9ration, r\u00e9alis\u00e9e sous anesth\u00e9sie, permet au patient de vivre une exp\u00e9rience transparente et sans douleur.<\/p>\n<p><em>Avantages :<\/em><\/p>\n<ul>\n<li><strong>Att\u00e9nuation de la douleur :<\/strong> Dites adieu \u00e0 la douleur s\u00e9v\u00e8re \u00e0 la hanche, et ouvrez la voie \u00e0 un regain de mobilit\u00e9 et d&rsquo;activit\u00e9 quotidienne.<\/li>\n<li><strong>Am\u00e9lioration de la mobilit\u00e9 :<\/strong> L&rsquo;amplitude des mouvements de l&rsquo;articulation de la hanche est accrue, ce qui favorise les mouvements naturels et la flexibilit\u00e9.<\/li>\n<li><strong>Am\u00e9lioration de la qualit\u00e9 de vie :<\/strong> Retrouvez la capacit\u00e9 de participer \u00e0 des activit\u00e9s qui \u00e9taient auparavant difficiles \u00e0 cause de la douleur \u00e0 la hanche.<\/li>\n<li><strong>R\u00e9cup\u00e9ration plus rapide :<\/strong> Profitez d&rsquo;un r\u00e9tablissement plus rapide, marqu\u00e9 par une r\u00e9duction de la douleur et une am\u00e9lioration de l&rsquo;amplitude des mouvements par rapport \u00e0 la situation qui pr\u00e9valait avant l&rsquo;intervention chirurgicale.<\/li>\n<\/ul>\n<p><strong>Pourquoi choisir le Dr Nakul Karkare ?<\/strong><\/p>\n<p>Le Dr Nakul Karkare, une sommit\u00e9 dans le domaine de la chirurgie orthop\u00e9dique, apporte plus de 15 ans d&rsquo;exp\u00e9rience \u00e0 la table d&rsquo;op\u00e9ration. Son engagement \u00e0 fournir des soins personnalis\u00e9s, associ\u00e9 \u00e0 des techniques chirurgicales innovantes, garantit des r\u00e9sultats optimaux pour ses patients. En tant que partenaire orthop\u00e9dique de confiance, la mission du Dr Karkare est claire : vous guider sur le chemin de la gu\u00e9rison, o\u00f9 la douleur est remplac\u00e9e par la vitalit\u00e9, et o\u00f9 les limitations c\u00e8dent la place \u00e0 une vie aux possibilit\u00e9s illimit\u00e9es. Votre transformation orthop\u00e9dique commence ici.<\/p>\n<p>.<\/p>\n<h1>\u00c0 propos de Long Beach, NY<\/h1>\n<p>Bienvenue \u00e0 Long Beach, NY, une ville dynamique nich\u00e9e sur la rive sud de Long Island, connue pour son histoire captivante, sa culture diversifi\u00e9e et ses plages magnifiques. De la promenade anim\u00e9e aux \u00e9coles de premier ordre, en passant par une communaut\u00e9 prosp\u00e8re, Long Beach a de quoi satisfaire tout le monde.<\/p>\n<p>La riche histoire de Long Beach : Plongez dans les racines de l&rsquo;\u00e9poque coloniale de Long Beach, habit\u00e9e \u00e0 l&rsquo;origine par la tribu am\u00e9rindienne Lenape. Le XVIIe si\u00e8cle a vu l&rsquo;arriv\u00e9e de colons europ\u00e9ens, qui ont transform\u00e9 la r\u00e9gion en un centre de p\u00eache et d&rsquo;agriculture. Au XIXe si\u00e8cle, elle est devenue un lieu de retraite recherch\u00e9 par les riches New-Yorkais, donnant naissance \u00e0 des r\u00e9sidences d&rsquo;\u00e9t\u00e9, \u00e0 des stations baln\u00e9aires et \u00e0 une industrie florissante de la construction navale et de la p\u00eache. \u00c0 l&rsquo;aube du XXe si\u00e8cle, Long Beach s&rsquo;est transform\u00e9e en une communaut\u00e9 r\u00e9sidentielle, m\u00ealant maisons individuelles, appartements et condominiums, mettant en valeur un riche patrimoine architectural.<\/p>\n<p>Culture \u00e0 Long Beach, NY : D\u00e9couvrez la culture vari\u00e9e et vivante de Long Beach, avec son \u00e9ventail de mus\u00e9es, d&rsquo;institutions culturelles et de plages captivantes qui attirent des visiteurs du monde entier. Le quartier commercial de la ville ajoute \u00e0 l&rsquo;attrait de la ville, avec une vie nocturne anim\u00e9e, des restaurants au bord de l&rsquo;eau, des h\u00f4tels et un m\u00e9lange \u00e9clectique de magasins.<\/p>\n<p>Tourisme \u00e0 Long Beach, NY : Long Beach est une destination touristique privil\u00e9gi\u00e9e, gr\u00e2ce \u00e0 ses belles plages, ses charmants villages et ses joyaux culturels. Explorez la promenade embl\u00e9matique de Long Beach, longue de 2,2 miles, ou plongez dans l&rsquo;histoire de la ville au Long Beach Historical Museum.<\/p>\n<p>Les plages immacul\u00e9es de Long Beach : Long Beach, dans l&rsquo;\u00c9tat de New York, poss\u00e8de certaines des plages les plus renomm\u00e9es, chacune ayant un charme unique :<\/p>\n<ol>\n<li><strong>Long Beach :<\/strong> La plage principale, r\u00e9put\u00e9e pour son sable doux et ses eaux claires, est id\u00e9ale pour la baignade, les bains de soleil et la d\u00e9tente.<\/li>\n<li><strong>Plage du Lido :<\/strong> Un endroit populaire avec une grande \u00e9tendue de sable et des eaux calmes, id\u00e9al pour la baignade, le surf et le beach-volley.<\/li>\n<li><strong>Plage Nickerson :<\/strong> Familiale, elle offre des eaux calmes et du sable doux, cr\u00e9ant un cadre id\u00e9al pour la baignade, les bains de soleil et les jeux de plage.<\/li>\n<\/ol>\n<p>The Pike &#8211; Long Beach, Californie : Traversez les c\u00f4tes pour vous rendre \u00e0 Long Beach, en Californie, o\u00f9 se trouve The Pike, une zone d&rsquo;attractions embl\u00e9matique fond\u00e9e en 1902. Avec ses montagnes russes, sa grande roue et sa promenade anim\u00e9e, The Pike \u00e9tait le lieu de pr\u00e9dilection des touristes et des habitants de la r\u00e9gion.<\/p>\n<h1>Directions<\/h1>\n<div class=\"relative default font-sans text-base text-textMain dark:text-textMainDark selection:bg-superDuper selection:text-textMain\">\n<div class=\"break-words min-w-0 [word-break:break-word]\">\n<div dir=\"auto\">\n<div class=\"prose dark:prose-invert inline leading-normal break-words min-w-0 [word-break:break-word]\"><span class=\"\">Voici l&rsquo;itin\u00e9raire \u00e0 suivre pour se rendre de Long Beach, NY \u00e0 Complete Orthopedics, 52-21 Little Neck Parkway, Little Neck, NY 11362 :<\/span>&nbsp;<\/p>\n<ol class=\"list-outside list-decimal marker:font-mono marker:text-sm pl-11\">\n<li><span class=\"\">Prendre la direction est sur Park Ave vers Long Beach Blvd.<\/span><\/li>\n<li><span class=\"\">Tourner \u00e0 droite sur Long Beach Blvd.<\/span><\/li>\n<li><span class=\"\">Tourner \u00e0 gauche sur E Park Ave.<\/span><\/li>\n<li><span class=\"\">Tourner \u00e0 droite sur Long Beach Rd.<\/span><\/li>\n<li><span class=\"\">Tourner \u00e0 gauche sur NY-25A W\/Northern Blvd.<\/span><\/li>\n<li><span class=\"\">Tourner \u00e0 droite sur Little Neck Pkwy.<\/span><\/li>\n<li><span class=\"\">Complete Orthopedics sera sur la gauche au 52-21 Little Neck Pkwy.<\/span><\/li>\n<\/ol>\n<p><span class=\"\">Note : Les directions exactes peuvent varier en fonction de votre lieu de d\u00e9part. Il est recommand\u00e9 d&rsquo;utiliser un GPS ou un service de cartographie pour obtenir les indications les plus pr\u00e9cises.<\/span><\/p>\n<\/div>\n<\/div>\n<\/div>\n<\/div>\n<div class=\"flex items-center justify-between\">\n<div class=\"flex items-center gap-xs mt-sm -ml-sm\">\n<div>\n<div class=\"flex items-center leading-none justify-center gap-xs\">\n<div class=\"text-align-center relative\"><\/div>\n<\/div>\n<\/div>\n<\/div>\n<\/div>\n<h1>Soins de sant\u00e9 pr\u00e8s de Long Beach<\/h1>\n<p><span class=\"\">Voici trois pharmacies, trois centres de radiologie, trois centres de soins urgents et trois h\u00f4pitaux pr\u00e8s de Long Beach, NY avec leurs adresses :<\/span><\/p>\n<h4>Pharmacies<\/h4>\n<ol class=\"list-outside list-decimal marker:font-mono marker:text-sm pl-11\">\n<li><span class=\"\">CVS Pharmacy &#8211; 665 Long Beach Blvd, Long Beach, NY 11561<\/span><\/li>\n<li><span class=\"\">Walgreens Pharmacy &#8211; 120 E Park Ave, Long Beach, NY 11561<\/span><\/li>\n<li><span class=\"\">Rite Aid Pharmacy &#8211; 221 E Park Ave, Long Beach, NY 11561<\/span><\/li>\n<\/ol>\n<h4>Centres de radiologie<\/h4>\n<ol class=\"list-outside list-decimal marker:font-mono marker:text-sm pl-11\">\n<li><span class=\"\">South Nassau Radiology &#8211; 325 E Bay Dr, Long Beach, NY 11561<\/span><\/li>\n<li><span class=\"\">Long Beach Medical Imaging &#8211; 325 E Bay Dr, Long Beach, NY 11561<\/span><\/li>\n<li><span class=\"\">Diagnostic Radiology Associates &#8211; 165 N Village Ave, Rockville Centre, NY 11570<\/span><\/li>\n<\/ol>\n<h4>Centres de soins d&rsquo;urgence<\/h4>\n<ol class=\"list-outside list-decimal marker:font-mono marker:text-sm pl-11\">\n<li><span class=\"\">CityMD Long Beach Urgent Care &#8211; 698 Long Beach Blvd, Long Beach, NY 11561<\/span><\/li>\n<li><span class=\"\">ProHEALTH Urgent Care &#8211; 698 Long Beach Blvd, Long Beach, NY 11561<\/span><\/li>\n<li><span class=\"\">South Nassau Urgent Care &#8211; 325 E Bay Dr, Long Beach, NY 11561<\/span><\/li>\n<\/ol>\n<h4>H\u00f4pitaux<\/h4>\n<ol class=\"list-outside list-decimal marker:font-mono marker:text-sm pl-11\">\n<li><span class=\"\">Centre m\u00e9dical de Long Beach &#8211; 455 E Bay Dr, Long Beach, NY 11561<\/span><\/li>\n<li><span class=\"\">South Nassau Communities Hospital &#8211; 1 Healthy Way, Oceanside, NY 11572<\/span><\/li>\n<li><span class=\"\">NYU Langone Hospital-Long Island &#8211; 455 E Bay Dr, Long Beach, NY 11561<\/span><\/li>\n<\/ol>\n<p><span class=\"\">Note : Les informations fournies sont exactes \u00e0 la date d&rsquo;octobre 2023.<\/span><\/p>\n<p>&nbsp;<\/p>\n<p>Chez Complete Orthopedics, nous sommes fiers d&rsquo;offrir des soins orthop\u00e9diques complets aux patients de divers \u00e9tablissements de sant\u00e9 de notre communaut\u00e9, y compris ceux mentionn\u00e9s pr\u00e9c\u00e9demment. Que vous nous adressiez une demande de traitement orthop\u00e9dique ou que vous souhaitiez simplement nous consulter au sujet d&rsquo;un probl\u00e8me orthop\u00e9dique, notre \u00e9quipe d\u00e9vou\u00e9e, disponible 24 heures sur 24 et 7 jours sur 7, est l\u00e0 pour vous offrir une assistance rapide et compatissante.<\/p>\n<p>Nous savons que de nombreuses personnes cherchent \u00e0 se faire soigner dans des centres de soins d&rsquo;urgence et des h\u00f4pitaux pour des blessures li\u00e9es \u00e0 l&rsquo;indemnisation des accidents du travail et \u00e0 l&rsquo;assurance sans \u00e9gard \u00e0 la responsabilit\u00e9. Si votre blessure ne n\u00e9cessite pas une visite \u00e0 l&rsquo;h\u00f4pital, nous sommes ravis d&rsquo;offrir des soins orthop\u00e9diques sp\u00e9cialis\u00e9s adapt\u00e9s \u00e0 ce type de situation. N&rsquo;h\u00e9sitez pas \u00e0 nous contacter au 631-981-2663 pour prendre rendez-vous avec nous d\u00e8s aujourd&rsquo;hui. Votre bien-\u00eatre est notre priorit\u00e9 absolue, et nous sommes l\u00e0 pour vous aider sur la voie de la gu\u00e9rison.<\/p>\n<p>&nbsp;<\/p>\n","protected":false},"excerpt":{"rendered":"<p>Nakul Karkare Orthopedics \u00e0 Long Beach, NY &#8211; Votre premi\u00e8re destination orthop\u00e9dique ! Nous sommes heureux d&rsquo;\u00e9tendre nos soins orthop\u00e9diques sp\u00e9cialis\u00e9s \u00e0 la communaut\u00e9 dynamique de Long Beach, NY. Nakul Karkare Orthopedics se consacre \u00e0 la fourniture de services orthop\u00e9diques professionnels et sophistiqu\u00e9s adapt\u00e9s aux besoins uniques de Jamesport et des r\u00e9gions voisines. Pourquoi choisir [&hellip;]<\/p>\n","protected":false},"author":33,"featured_media":0,"parent":17598,"menu_order":0,"comment_status":"closed","ping_status":"closed","template":"","meta":{"_et_pb_use_builder":"","_et_pb_old_content":"","_et_gb_content_width":"","footnotes":""},"class_list":["post-20964","page","type-page","status-publish","hentry"],"yoast_head":"<!-- This site is optimized with the Yoast SEO plugin v27.2 - https:\/\/yoast.com\/product\/yoast-seo-wordpress\/ -->\n<title>Long Beach, NY | Best Hip &amp; Knee Surgeon | NY, USA<\/title>\n<meta name=\"description\" content=\"Nakul Karkare Orthopedics \u00e0 Long Beach, NY - Votre premi\u00e8re destination orthop\u00e9dique ! Nous sommes heureux d&#039;\u00e9tendre nos soins orthop\u00e9diques sp\u00e9cialis\u00e9s \u00e0\" \/>\n<meta name=\"robots\" content=\"index, follow, max-snippet:-1, max-image-preview:large, max-video-preview:-1\" \/>\n<link rel=\"canonical\" href=\"https:\/\/www.newyorkhipknee.com\/fr\/contact\/little-neck-meilleur-chirurgien-pour-larthroplastie-de-la-hanche-et-du-genou\/long-beach-ny\/\" \/>\n<meta property=\"og:locale\" content=\"fr_FR\" \/>\n<meta property=\"og:type\" content=\"article\" \/>\n<meta property=\"og:title\" content=\"Long Beach, NY | Best Hip &amp; Knee Surgeon | NY, USA\" \/>\n<meta property=\"og:description\" content=\"Nakul Karkare Orthopedics \u00e0 Long Beach, NY - Votre premi\u00e8re destination orthop\u00e9dique ! Nous sommes heureux d&#039;\u00e9tendre nos soins orthop\u00e9diques sp\u00e9cialis\u00e9s \u00e0\" \/>\n<meta property=\"og:url\" content=\"https:\/\/www.newyorkhipknee.com\/fr\/contact\/little-neck-meilleur-chirurgien-pour-larthroplastie-de-la-hanche-et-du-genou\/long-beach-ny\/\" \/>\n<meta property=\"og:site_name\" content=\"Best Hip &amp; Knee Surgeon | NY, USA\" \/>\n<meta name=\"twitter:card\" content=\"summary_large_image\" \/>\n<meta name=\"twitter:label1\" content=\"Dur\u00e9e de lecture estim\u00e9e\" \/>\n\t<meta name=\"twitter:data1\" content=\"10 minutes\" \/>\n<script type=\"application\/ld+json\" class=\"yoast-schema-graph\">{\"@context\":\"https:\/\/schema.org\",\"@graph\":[{\"@type\":[\"WebPage\",\"MedicalWebPage\"],\"@id\":\"https:\/\/www.newyorkhipknee.com\/fr\/contact\/little-neck-meilleur-chirurgien-pour-larthroplastie-de-la-hanche-et-du-genou\/long-beach-ny\/\",\"url\":\"https:\/\/www.newyorkhipknee.com\/fr\/contact\/little-neck-meilleur-chirurgien-pour-larthroplastie-de-la-hanche-et-du-genou\/long-beach-ny\/\",\"name\":\"Long Beach, NY | Best Hip &amp; Knee Surgeon | NY, USA\",\"isPartOf\":{\"@id\":\"https:\/\/www.newyorkhipknee.com\/fr\/#website\"},\"datePublished\":\"2023-11-22T15:48:17+00:00\",\"description\":\"Nakul Karkare Orthopedics \u00e0 Long Beach, NY - Votre premi\u00e8re destination orthop\u00e9dique ! Nous sommes heureux d'\u00e9tendre nos soins orthop\u00e9diques sp\u00e9cialis\u00e9s \u00e0\",\"breadcrumb\":{\"@id\":\"https:\/\/www.newyorkhipknee.com\/fr\/contact\/little-neck-meilleur-chirurgien-pour-larthroplastie-de-la-hanche-et-du-genou\/long-beach-ny\/#breadcrumb\"},\"inLanguage\":\"fr-FR\",\"potentialAction\":[{\"@type\":\"ReadAction\",\"target\":[\"https:\/\/www.newyorkhipknee.com\/fr\/contact\/little-neck-meilleur-chirurgien-pour-larthroplastie-de-la-hanche-et-du-genou\/long-beach-ny\/\"]}]},{\"@type\":\"BreadcrumbList\",\"@id\":\"https:\/\/www.newyorkhipknee.com\/fr\/contact\/little-neck-meilleur-chirurgien-pour-larthroplastie-de-la-hanche-et-du-genou\/long-beach-ny\/#breadcrumb\",\"itemListElement\":[{\"@type\":\"ListItem\",\"position\":1,\"name\":\"Home\",\"item\":\"https:\/\/www.newyorkhipknee.com\/fr\/\"},{\"@type\":\"ListItem\",\"position\":2,\"name\":\"CONTACT\",\"item\":\"https:\/\/www.newyorkhipknee.com\/fr\/contact\/\"},{\"@type\":\"ListItem\",\"position\":3,\"name\":\"Little Neck &#8211; Meilleur chirurgien pour l&rsquo;arthroplastie de la hanche et du genou\",\"item\":\"https:\/\/www.newyorkhipknee.com\/fr\/contact\/little-neck-meilleur-chirurgien-pour-larthroplastie-de-la-hanche-et-du-genou\/\"},{\"@type\":\"ListItem\",\"position\":4,\"name\":\"Long Beach, NY\"}]},{\"@type\":\"WebSite\",\"@id\":\"https:\/\/www.newyorkhipknee.com\/fr\/#website\",\"url\":\"https:\/\/www.newyorkhipknee.com\/fr\/\",\"name\":\"Best Hip & Knee Surgeon | NY, USA\",\"description\":\"\",\"potentialAction\":[{\"@type\":\"SearchAction\",\"target\":{\"@type\":\"EntryPoint\",\"urlTemplate\":\"https:\/\/www.newyorkhipknee.com\/fr\/?s={search_term_string}\"},\"query-input\":{\"@type\":\"PropertyValueSpecification\",\"valueRequired\":true,\"valueName\":\"search_term_string\"}}],\"inLanguage\":\"fr-FR\"}]}<\/script>\n<!-- \/ Yoast SEO plugin. -->","yoast_head_json":{"title":"Long Beach, NY | Best Hip &amp; Knee Surgeon | NY, USA","description":"Nakul Karkare Orthopedics \u00e0 Long Beach, NY - Votre premi\u00e8re destination orthop\u00e9dique ! Nous sommes heureux d'\u00e9tendre nos soins orthop\u00e9diques sp\u00e9cialis\u00e9s \u00e0","robots":{"index":"index","follow":"follow","max-snippet":"max-snippet:-1","max-image-preview":"max-image-preview:large","max-video-preview":"max-video-preview:-1"},"canonical":"https:\/\/www.newyorkhipknee.com\/fr\/contact\/little-neck-meilleur-chirurgien-pour-larthroplastie-de-la-hanche-et-du-genou\/long-beach-ny\/","og_locale":"fr_FR","og_type":"article","og_title":"Long Beach, NY | Best Hip &amp; Knee Surgeon | NY, USA","og_description":"Nakul Karkare Orthopedics \u00e0 Long Beach, NY - Votre premi\u00e8re destination orthop\u00e9dique ! Nous sommes heureux d'\u00e9tendre nos soins orthop\u00e9diques sp\u00e9cialis\u00e9s \u00e0","og_url":"https:\/\/www.newyorkhipknee.com\/fr\/contact\/little-neck-meilleur-chirurgien-pour-larthroplastie-de-la-hanche-et-du-genou\/long-beach-ny\/","og_site_name":"Best Hip &amp; Knee Surgeon | NY, USA","twitter_card":"summary_large_image","twitter_misc":{"Dur\u00e9e de lecture estim\u00e9e":"10 minutes"},"schema":{"@context":"https:\/\/schema.org","@graph":[{"@type":["WebPage","MedicalWebPage"],"@id":"https:\/\/www.newyorkhipknee.com\/fr\/contact\/little-neck-meilleur-chirurgien-pour-larthroplastie-de-la-hanche-et-du-genou\/long-beach-ny\/","url":"https:\/\/www.newyorkhipknee.com\/fr\/contact\/little-neck-meilleur-chirurgien-pour-larthroplastie-de-la-hanche-et-du-genou\/long-beach-ny\/","name":"Long Beach, NY | Best Hip &amp; Knee Surgeon | NY, USA","isPartOf":{"@id":"https:\/\/www.newyorkhipknee.com\/fr\/#website"},"datePublished":"2023-11-22T15:48:17+00:00","description":"Nakul Karkare Orthopedics \u00e0 Long Beach, NY - Votre premi\u00e8re destination orthop\u00e9dique ! Nous sommes heureux d'\u00e9tendre nos soins orthop\u00e9diques sp\u00e9cialis\u00e9s \u00e0","breadcrumb":{"@id":"https:\/\/www.newyorkhipknee.com\/fr\/contact\/little-neck-meilleur-chirurgien-pour-larthroplastie-de-la-hanche-et-du-genou\/long-beach-ny\/#breadcrumb"},"inLanguage":"fr-FR","potentialAction":[{"@type":"ReadAction","target":["https:\/\/www.newyorkhipknee.com\/fr\/contact\/little-neck-meilleur-chirurgien-pour-larthroplastie-de-la-hanche-et-du-genou\/long-beach-ny\/"]}]},{"@type":"BreadcrumbList","@id":"https:\/\/www.newyorkhipknee.com\/fr\/contact\/little-neck-meilleur-chirurgien-pour-larthroplastie-de-la-hanche-et-du-genou\/long-beach-ny\/#breadcrumb","itemListElement":[{"@type":"ListItem","position":1,"name":"Home","item":"https:\/\/www.newyorkhipknee.com\/fr\/"},{"@type":"ListItem","position":2,"name":"CONTACT","item":"https:\/\/www.newyorkhipknee.com\/fr\/contact\/"},{"@type":"ListItem","position":3,"name":"Little Neck &#8211; Meilleur chirurgien pour l&rsquo;arthroplastie de la hanche et du genou","item":"https:\/\/www.newyorkhipknee.com\/fr\/contact\/little-neck-meilleur-chirurgien-pour-larthroplastie-de-la-hanche-et-du-genou\/"},{"@type":"ListItem","position":4,"name":"Long Beach, NY"}]},{"@type":"WebSite","@id":"https:\/\/www.newyorkhipknee.com\/fr\/#website","url":"https:\/\/www.newyorkhipknee.com\/fr\/","name":"Best Hip & Knee Surgeon | NY, USA","description":"","potentialAction":[{"@type":"SearchAction","target":{"@type":"EntryPoint","urlTemplate":"https:\/\/www.newyorkhipknee.com\/fr\/?s={search_term_string}"},"query-input":{"@type":"PropertyValueSpecification","valueRequired":true,"valueName":"search_term_string"}}],"inLanguage":"fr-FR"}]}},"_links":{"self":[{"href":"https:\/\/www.newyorkhipknee.com\/fr\/wp-json\/wp\/v2\/pages\/20964","targetHints":{"allow":["GET"]}}],"collection":[{"href":"https:\/\/www.newyorkhipknee.com\/fr\/wp-json\/wp\/v2\/pages"}],"about":[{"href":"https:\/\/www.newyorkhipknee.com\/fr\/wp-json\/wp\/v2\/types\/page"}],"author":[{"embeddable":true,"href":"https:\/\/www.newyorkhipknee.com\/fr\/wp-json\/wp\/v2\/users\/33"}],"replies":[{"embeddable":true,"href":"https:\/\/www.newyorkhipknee.com\/fr\/wp-json\/wp\/v2\/comments?post=20964"}],"version-history":[{"count":0,"href":"https:\/\/www.newyorkhipknee.com\/fr\/wp-json\/wp\/v2\/pages\/20964\/revisions"}],"up":[{"embeddable":true,"href":"https:\/\/www.newyorkhipknee.com\/fr\/wp-json\/wp\/v2\/pages\/17598"}],"wp:attachment":[{"href":"https:\/\/www.newyorkhipknee.com\/fr\/wp-json\/wp\/v2\/media?parent=20964"}],"curies":[{"name":"wp","href":"https:\/\/api.w.org\/{rel}","templated":true}]}}