{"id":20969,"date":"2023-11-22T13:32:10","date_gmt":"2023-11-22T18:32:10","guid":{"rendered":"https:\/\/newyorkhipknee.com\/contact\/little-neck-meilleur-chirurgien-pour-larthroplastie-de-la-hanche-et-du-genou\/mill-neck-ny\/"},"modified":"2023-11-22T13:32:10","modified_gmt":"2023-11-22T18:32:10","slug":"mill-neck-ny","status":"publish","type":"page","link":"https:\/\/www.newyorkhipknee.com\/fr\/contact\/little-neck-meilleur-chirurgien-pour-larthroplastie-de-la-hanche-et-du-genou\/mill-neck-ny\/","title":{"rendered":"Mill Neck, NY"},"content":{"rendered":"<div class=\"flex-1 overflow-hidden\">\n<div class=\"react-scroll-to-bottom--css-gtazl-79elbk h-full\">\n<div class=\"react-scroll-to-bottom--css-gtazl-1n7m0yu\">\n<div class=\"flex flex-col text-sm gizmo:pb-9 dark:bg-gray-800 gizmo:dark:bg-transparent\">\n<div class=\"w-full text-token-text-primary border-b border-black\/10 gizmo:border-0 dark:border-gray-900\/50 gizmo:dark:border-0 bg-gray-50 gizmo:bg-transparent dark:bg-[#444654] gizmo:dark:bg-transparent\" data-testid=\"conversation-turn-83\">\n<div class=\"p-4 gizmo:py-2 justify-center text-base md:gap-6 md:py-6 m-auto\">\n<div class=\"flex flex-1 gap-4 text-base mx-auto md:gap-6 gizmo:gap-3 gizmo:md:px-5 gizmo:lg:px-1 gizmo:xl:px-5 md:max-w-2xl lg:max-w-[38rem] gizmo:md:max-w-3xl gizmo:lg:max-w-[40rem] gizmo:xl:max-w-[48rem] xl:max-w-3xl } group final-completion\">\n<div class=\"relative flex w-[calc(100%-50px)] flex-col gizmo:w-full lg:w-[calc(100%-115px)] agent-turn\">\n<div class=\"flex-col gap-1 md:gap-3\">\n<div class=\"flex flex-grow flex-col max-w-full gap-3 gizmo:gap-0\">\n<div class=\"min-h-[20px] text-message flex flex-col items-start gap-3 whitespace-pre-wrap break-words [.text-message+&amp;]:mt-5 overflow-x-auto\" data-message-author-role=\"assistant\" data-message-id=\"f3225dee-768a-4662-864b-e0bd59d83c0f\">\n<div class=\"markdown prose w-full break-words dark:prose-invert dark\">\n<h1>Nakul Karkare&rsquo;s Orthopedic Care, votre havre de paix pour des services orthop\u00e9diques exceptionnels.<\/h1>\n<p>Bien que nous soyons fiers d&rsquo;habiter \u00e0 Little Neck, NY, nous sommes ravis d&rsquo;\u00e9tendre nos soins experts et compatissants \u00e0 la communaut\u00e9 anim\u00e9e de Mill Neck, NY. Nakul Karkare&rsquo;s Orthopedic Care, nous ne nous contentons pas d&rsquo;\u00eatre un simple cabinet orthop\u00e9dique ; nous sommes vos compagnons empathiques sur la voie d&rsquo;une meilleure sant\u00e9 orthop\u00e9dique.<\/p>\n<p>Voici pourquoi les soins orthop\u00e9diques du Dr Nakul Karkare sont votre meilleur choix pour les soins orthop\u00e9diques \u00e0 New York :<\/p>\n<p>Voici le Dr Nakul Karkare : Sp\u00e9cialiste orthop\u00e9dique chevronn\u00e9, le docteur Karkare est r\u00e9put\u00e9 pour son expertise, ses nombreuses certifications et son approche compatissante. Il est votre guide de confiance sur la voie du bien-\u00eatre orthop\u00e9dique.<\/p>\n<p>Des soins personnalis\u00e9s : Reconnaissant que chaque patient est unique, notre approche est chaleureuse, invitante et adapt\u00e9e \u00e0 vos besoins sp\u00e9cifiques. Vos soins sont con\u00e7us pour \u00eatre uniques.<\/p>\n<p>Des solutions de pointe : Nous restons \u00e0 la pointe des avanc\u00e9es orthop\u00e9diques, ce qui vous permet de b\u00e9n\u00e9ficier des traitements et des technologies les plus r\u00e9cents. Vos soins sont soutenus par des pratiques de pointe sous la direction experte du Dr Nakul Karkare.<\/p>\n<p>Ax\u00e9 sur la communaut\u00e9 : Notre engagement \u00e0 rendre accessibles \u00e0 tous des soins orthop\u00e9diques exceptionnels se refl\u00e8te dans l&rsquo;extension de nos services \u00e0 Mill Neck, ce qui t\u00e9moigne de notre d\u00e9vouement \u00e0 votre bien-\u00eatre.<\/p>\n<p>Une r\u00e9ussite av\u00e9r\u00e9e : Nos ant\u00e9c\u00e9dents t\u00e9moignent de notre capacit\u00e9 \u00e0 permettre \u00e0 de nombreuses personnes de retrouver leur mobilit\u00e9, de r\u00e9duire leur douleur et d&rsquo;am\u00e9liorer leur qualit\u00e9 de vie sous les soins experts du Dr Nakul Karkare.<\/p>\n<p>Votre sant\u00e9 orthop\u00e9dique est notre priorit\u00e9 absolue, et nous sommes ravis de faire partie de la communaut\u00e9 de Mill Neck. Que vous soyez aux prises avec des probl\u00e8mes d&rsquo;articulation, des blessures sportives, des fractures ou tout autre probl\u00e8me orthop\u00e9dique, les soins orthop\u00e9diques du Dr Nakul Karkare sont l\u00e0 pour vous apporter leur soutien avec un sourire chaleureux et des soins experts.<\/p>\n<p>Si vous \u00eates \u00e0 Mill Neck, NY, et que vous avez besoin de soins orthop\u00e9diques, nous vous invitons chaleureusement \u00e0 faire l&rsquo;exp\u00e9rience du service exceptionnel des soins orthop\u00e9diques du Dr Nakul Karkare. N&rsquo;h\u00e9sitez pas \u00e0 nous contacter, et laissez-nous \u00eatre vos partenaires de confiance sur votre chemin vers une sant\u00e9 orthop\u00e9dique sup\u00e9rieure. Nous sommes l\u00e0 pour vous aider et nous avons h\u00e2te de vous rencontrer !<\/p>\n<p>&nbsp;<\/p>\n<h1><strong>Services orthop\u00e9diques complets \u00e0 Mill Neck, NY :<\/strong><\/h1>\n<p><strong><a href=\"https:\/\/newyorkhipknee.com\/faqs\/total-hip-replacement-faqs\/\" target=\"_blank\" rel=\"noopener\">Chirurgie de remplacement de la hanche<\/a>:<\/strong> Retrouvez une <strong>vie sans douleur \u00e0 la hanche<\/strong> <strong>De quoi<\/strong> s&rsquo;agit-il ? L&rsquo;arthroplastie de la hanche est la solution lorsque l&rsquo;articulation de la hanche est touch\u00e9e par des probl\u00e8mes tels que l&rsquo;arthrose, la polyarthrite rhumato\u00efde ou les fractures. L&rsquo;objectif est de faire dispara\u00eetre votre douleur, de r\u00e9tablir votre mobilit\u00e9 et d&rsquo;am\u00e9liorer votre qualit\u00e9 de vie en g\u00e9n\u00e9ral.<\/p>\n<p><strong>Comment cela fonctionne-t-il ?<\/strong> L&rsquo;arthroplastie de la hanche se pr\u00e9sente sous deux formes : l&rsquo;arthroplastie totale de la hanche (THR), qui consiste \u00e0 remplacer la boule et la cavit\u00e9 de l&rsquo;articulation de la hanche, et l&rsquo;arthroplastie partielle de la hanche (h\u00e9miarthroplastie), qui consiste \u00e0 ne changer que la partie sph\u00e9rique.<\/p>\n<p><strong>Votre nouvelle hanche :<\/strong> Nos chirurgiens qualifi\u00e9s s\u00e9lectionnent les composants de l&rsquo;articulation artificielle de la hanche en fonction de votre \u00e2ge, de votre niveau d&rsquo;activit\u00e9 et de vos besoins sp\u00e9cifiques. Nous proposons une gamme de mat\u00e9riaux tels que le m\u00e9tal, le plastique ou la c\u00e9ramique.<\/p>\n<p><strong>Rebondir :<\/strong> Apr\u00e8s l&rsquo;op\u00e9ration, vous travaillerez avec un kin\u00e9sith\u00e9rapeute pour retrouver votre force et remettre votre hanche en pleine forme. Vous constaterez souvent que vos douleurs appartiennent au pass\u00e9 et que votre hanche a repris ses anciennes habitudes.<\/p>\n<p><strong>L&rsquo;<a href=\"https:\/\/newyorkhipknee.com\/custom-knee-replacement-surgery\/\" target=\"_blank\" rel=\"noopener\">arthroplastie du genou sur mesure<\/a>: Votre solution unique contre la douleur au genou<\/strong> <strong>De quoi<\/strong> s&rsquo;agit-il ? L&rsquo;arthroplastie du genou sur mesure est la solution \u00e0 adopter lorsque vos genoux vous causent une douleur extr\u00eame et que vous avez essay\u00e9 toutes les autres solutions. Il s&rsquo;agit d&rsquo;une approche personnalis\u00e9e de la chirurgie du genou, faite sur mesure pour vous.<\/p>\n<p><strong>Comment cela fonctionne-t-il ?<\/strong> Avant de proc\u00e9der \u00e0 une intervention chirurgicale, nous examinons en profondeur la structure de votre genou. L&rsquo;imagerie avanc\u00e9e et la mod\u00e9lisation informatique nous aident \u00e0 cr\u00e9er un implant de genou aussi unique que vous.<\/p>\n<p><strong>Les avantages :<\/strong> Les proth\u00e8ses de genou sur mesure permettent souvent un meilleur alignement, une plus grande stabilit\u00e9 et moins de douleur que les proth\u00e8ses de genou standard. C&rsquo;est comme si vous receviez un genou fait sp\u00e9cialement pour vous !<\/p>\n<p><strong>Rebondir (\u00e0 nouveau) :<\/strong> La gu\u00e9rison consiste \u00e0 travailler avec un kin\u00e9sith\u00e9rapeute pour renforcer la force et la souplesse de votre genou. Cela permet g\u00e9n\u00e9ralement de r\u00e9duire la douleur et d&rsquo;am\u00e9liorer la fonction du genou. Dites adieu \u00e0 cette douleur lancinante au genou !<\/p>\n<p>Au cabinet du Dr Nakul Karkare, nous ne sommes pas seulement l\u00e0 pour traiter vos probl\u00e8mes orthop\u00e9diques ; nous sommes l\u00e0 pour nous assurer que vous comprenez parfaitement les options qui s&rsquo;offrent \u00e0 vous, que vous vous sentez \u00e0 l&rsquo;aise avec vos choix et que vous reprenez le cours de votre vie. Si vous \u00eates pr\u00eat \u00e0 faire le premier pas vers un avenir actif et sans douleur, voyons comment nous pouvons vous aider.<\/p>\n<h1>\u00c0 propos de Mill Neck, NY<\/h1>\n<p>Nich\u00e9 dans le comt\u00e9 de Nassau, sur la pittoresque c\u00f4te nord de Long Island, New York, Mill Neck vous accueille avec son charme de petit village, sa riche histoire et sa beaut\u00e9 naturelle captivante. En explorant Mill Neck, vous d\u00e9couvrirez une communaut\u00e9 qui ch\u00e9rit son pass\u00e9 tout en embrassant le dynamisme du pr\u00e9sent.<\/p>\n<p><strong>Histoire de Mill Neck, NY :<\/strong> Plongez dans les racines coloniales de Mill Neck, o\u00f9 la terre abritait autrefois la tribu am\u00e9rindienne Matinecock. Le XVIIe si\u00e8cle a vu l&rsquo;arriv\u00e9e des premiers colons europ\u00e9ens, qui ont fait de la r\u00e9gion une plaque tournante de l&rsquo;agriculture et de la p\u00eache.<\/p>\n<p>Au XIXe si\u00e8cle, Mill Neck s&rsquo;est transform\u00e9 en un havre de paix pour les New-Yorkais fortun\u00e9s qui cherchaient le r\u00e9confort dans des r\u00e9sidences d&rsquo;\u00e9t\u00e9 et des domaines. Le village a prosp\u00e9r\u00e9 gr\u00e2ce \u00e0 des industries telles que la construction navale et l&rsquo;ostr\u00e9iculture. Au d\u00e9but du XXe si\u00e8cle, Mill Neck s&rsquo;est transform\u00e9 en une communaut\u00e9 r\u00e9sidentielle, m\u00ealant maisons individuelles, appartements et condominiums. Aujourd&rsquo;hui, les b\u00e2timents historiques t\u00e9moignent du patrimoine architectural de ce village dynamique.<\/p>\n<p><strong>Culture de Mill Neck, NY :<\/strong> Mill Neck est anim\u00e9 d&rsquo;une culture diversifi\u00e9e et dynamique, avec des mus\u00e9es et des institutions culturelles qui refl\u00e8tent le riche patrimoine du village. Les magnifiques parcs et l&rsquo;environnement naturel attirent des visiteurs du monde entier. Le quartier commercial, agr\u00e9ment\u00e9 d&rsquo;une vie nocturne, d&rsquo;h\u00f4tels, de restaurants au bord de l&rsquo;eau et d&rsquo;un \u00e9ventail de magasins, offre une d\u00e9licieuse fusion de commodit\u00e9s modernes dans un cadre historique.<\/p>\n<p><strong>Tourisme \u00e0 Mill Neck, NY :<\/strong> Mill Neck est devenue une destination touristique de plus en plus recherch\u00e9e, attirant les visiteurs avec ses parcs pittoresques, ses villages pittoresques et ses tr\u00e9sors culturels. L&rsquo;une des attractions les plus remarquables est le Mill Neck Manor, un manoir historique datant du d\u00e9but du XXe si\u00e8cle. Ce joyau architectural ne s\u00e9duit pas seulement les habitants, il sert aussi de lieu pittoresque pour les mariages et les \u00e9v\u00e9nements sp\u00e9ciaux.<\/p>\n<p>Les amoureux de la nature trouveront du r\u00e9confort dans le Oyster Bay National Wildlife Refuge, un sanctuaire tentaculaire de 3 209 acres qui regorge d&rsquo;esp\u00e8ces animales et v\u00e9g\u00e9tales diverses. Havre de paix pour les ornithologues et les randonneurs, ce refuge vous invite \u00e0 vous immerger dans la beaut\u00e9 du monde naturel.<\/p>\n<p>Mill Neck est plus qu&rsquo;un simple village ; c&rsquo;est une tapisserie vivante d&rsquo;histoire, de culture et de merveilles naturelles. Explorez ses coins et recoins, impr\u00e9gnez-vous de son ambiance et d\u00e9couvrez les histoires qui font de Mill Neck une destination vraiment sp\u00e9ciale.<\/p>\n<\/div>\n<\/div>\n<\/div>\n<div class=\"flex justify-between empty:hidden gizmo:mt-1 gizmo:justify-start gizmo:gap-3 lg:block gizmo:lg:flex\">\n<div class=\"text-gray-400 flex self-end lg:self-center justify-center gizmo:lg:justify-start mt-2 gizmo:mt-0 visible gap-1\"><button class=\"flex ml-auto gizmo:ml-0 gap-1 items-center rounded-md p-1 text-xs gizmo:gap-1.5 gizmo:pl-0 dark:text-gray-400 dark:hover:text-gray-200 disabled:dark:hover:text-gray-400 hover:text-gray-950 md:invisible md:group-hover:visible md:group-[.final-completion]:visible\"><\/button><\/p>\n<div class=\"flex gap-1\"><\/div>\n<div class=\"flex items-center gap-1.5 text-xs\"><\/div>\n<\/div>\n<\/div>\n<\/div>\n<\/div>\n<\/div>\n<\/div>\n<\/div>\n<\/div>\n<\/div>\n<\/div>\n<\/div>\n<div class=\"w-full pt-2 md:pt-0 border-t md:border-t-0 gizmo:border-t-0 dark:border-white\/20 md:border-transparent md:dark:border-transparent md:pl-2 gizmo:pl-0 gizmo:md:pl-0 md:w-[calc(100%-.5rem)]\">\n<form class=\"stretch mx-2 flex flex-row gap-3 last:mb-2 md:mx-4 md:last:mb-6 lg:mx-auto lg:max-w-2xl xl:max-w-3xl\">\n<div class=\"relative flex h-full flex-1 items-stretch md:flex-col\">\n<div class=\"flex w-full items-center\">\n<h1>Directions<\/h1>\n<p><span class=\"\">Voici l&rsquo;itin\u00e9raire \u00e0 suivre pour se rendre de Mill Neck, NY \u00e0 Complete Orthopedics au 52-21 Little Neck Parkway, Little Neck, NY 11362 :<\/span><\/p>\n<ol class=\"list-outside list-decimal marker:font-mono marker:text-sm pl-11\">\n<li><span class=\"\">Prendre la direction sud sur Mill Neck Rd vers Frost Mill Rd.<\/span><\/li>\n<li><span class=\"\">Tourner \u00e0 gauche sur Oyster Bay Rd.<\/span><\/li>\n<li><span class=\"\">Tourner \u00e0 droite sur NY-25A W\/Northern Blvd.<\/span><\/li>\n<li><span class=\"\">Tourner \u00e0 gauche sur Little Neck Pkwy.<\/span><\/li>\n<li><span class=\"\">Complete Orthopedics sera sur la gauche au 52-21 Little Neck Pkwy.<\/span><\/li>\n<\/ol>\n<p><span class=\"\">Note : Les directions exactes peuvent varier en fonction de votre lieu de d\u00e9part. Il est recommand\u00e9 d&rsquo;utiliser un GPS ou un service de cartographie pour obtenir les indications les plus pr\u00e9cises.<\/span><\/p>\n<p>&nbsp;<\/p>\n<h1>Centre de sant\u00e9 pr\u00e8s de Mill Neck<\/h1>\n<h4>Pharmacies<\/h4>\n<ol class=\"list-outside list-decimal marker:font-mono marker:text-sm pl-11\">\n<li><span class=\"\">CVS Pharmacy &#8211; 100 Forest Ave, Glen Cove, NY 11542<\/span><\/li>\n<li><span class=\"\">Walgreens Pharmacy &#8211; 1 School St, Glen Cove, NY 11542<\/span><\/li>\n<li><span class=\"\">Rite Aid Pharmacy &#8211; 5 Forest Ave, Glen Cove, NY 11542<\/span><\/li>\n<\/ol>\n<h4>Centres de radiologie<\/h4>\n<ol class=\"list-outside list-decimal marker:font-mono marker:text-sm pl-11\">\n<li><span class=\"\">North Shore Radiology Associates &#8211; 300 Community Dr, Manhasset, NY 11030<\/span><\/li>\n<li><span class=\"\">Glen Cove Radiology &#8211; 101 St Andrews Ln, Glen Cove, NY 11542<\/span><\/li>\n<li><span class=\"\">Diagnostic Radiology Associates &#8211; 165 N Village Ave, Rockville Centre, NY 11570<\/span><\/li>\n<\/ol>\n<h4>Centres de soins d&rsquo;urgence<\/h4>\n<ol class=\"list-outside list-decimal marker:font-mono marker:text-sm pl-11\">\n<li><span class=\"\">CityMD Glen Cove Urgent Care &#8211; 10 Cedar Swamp Rd, Glen Cove, NY 11542<\/span><\/li>\n<li><span class=\"\">ProHEALTH Urgent Care &#8211; 10 Cedar Swamp Rd, Glen Cove, NY 11542<\/span><\/li>\n<li><span class=\"\">Northwell Health-GoHealth Urgent Care &#8211; 1070 Northern Blvd, Roslyn, NY 11576<\/span><\/li>\n<\/ol>\n<h4>H\u00f4pitaux<\/h4>\n<ol class=\"list-outside list-decimal marker:font-mono marker:text-sm pl-11\">\n<li><span class=\"\">H\u00f4pital de Glen Cove &#8211; 101 St Andrews Ln, Glen Cove, NY 11542<\/span><\/li>\n<li><span class=\"\">H\u00f4pital universitaire North Shore &#8211; 300 Community Dr, Manhasset, NY 11030<\/span><\/li>\n<li><span class=\"\">Francis Hospital &#8211; 100 Port Washington Blvd, Roslyn, NY 11576<\/span><\/li>\n<\/ol>\n<p><span class=\"\">Note : Les informations fournies sont exactes \u00e0 la date d&rsquo;octobre 2023.<\/span><\/p>\n<p>Au c\u0153ur de notre mission se trouve un d\u00e9vouement sinc\u00e8re \u00e0 la fourniture de soins orthop\u00e9diques complets \u00e0 notre merveilleuse communaut\u00e9 locale, y compris aux personnes que nous avons eu le plaisir d&rsquo;aider auparavant. Que vous ayez \u00e9t\u00e9 orient\u00e9 vers nous pour un traitement orthop\u00e9dique ou que vous ayez un quelconque probl\u00e8me orthop\u00e9dique, notre \u00e9quipe d\u00e9vou\u00e9e, disponible 24 heures sur 24 et 7 jours sur 7, n&rsquo;est qu&rsquo;\u00e0 un coup de fil, pr\u00eate et d\u00e9sireuse de vous offrir non seulement un soutien rapide, mais aussi une v\u00e9ritable empathie.<\/p>\n<p>Nous savons que de nombreuses personnes ont besoin de soins \u00e0 la suite d&rsquo;accidents du travail, souvent couverts par l&rsquo;assurance contre les accidents du travail et l&rsquo;assurance sans \u00e9gard \u00e0 la responsabilit\u00e9, et qu&rsquo;elles se tournent g\u00e9n\u00e9ralement vers les centres de soins d&rsquo;urgence et les h\u00f4pitaux. Toutefois, si votre blessure ne n\u00e9cessite pas une visite \u00e0 l&rsquo;h\u00f4pital, sachez que nous sommes parfaitement \u00e9quip\u00e9s et plus que d\u00e9sireux de vous fournir un traitement orthop\u00e9dique sp\u00e9cialis\u00e9, pr\u00e9cis\u00e9ment adapt\u00e9 \u00e0 votre situation unique.<\/p>\n<p>N&rsquo;h\u00e9sitez pas \u00e0 nous contacter directement au 631-981-2663 pour prendre rendez-vous au moment qui vous convient le mieux. Votre bien-\u00eatre n&rsquo;est pas seulement notre priorit\u00e9, c&rsquo;est notre engagement le plus sinc\u00e8re. Travaillons ensemble pour votre sant\u00e9 et votre bonheur !<\/p>\n<\/div>\n<\/div>\n<\/form>\n<\/div>\n","protected":false},"excerpt":{"rendered":"<p>Nakul Karkare&rsquo;s Orthopedic Care, votre havre de paix pour des services orthop\u00e9diques exceptionnels. Bien que nous soyons fiers d&rsquo;habiter \u00e0 Little Neck, NY, nous sommes ravis d&rsquo;\u00e9tendre nos soins experts et compatissants \u00e0 la communaut\u00e9 anim\u00e9e de Mill Neck, NY. Nakul Karkare&rsquo;s Orthopedic Care, nous ne nous contentons pas d&rsquo;\u00eatre un simple cabinet orthop\u00e9dique ; [&hellip;]<\/p>\n","protected":false},"author":33,"featured_media":0,"parent":17598,"menu_order":0,"comment_status":"closed","ping_status":"closed","template":"","meta":{"_et_pb_use_builder":"","_et_pb_old_content":"","_et_gb_content_width":"","footnotes":""},"class_list":["post-20969","page","type-page","status-publish","hentry"],"yoast_head":"<!-- This site is optimized with the Yoast SEO plugin v27.2 - https:\/\/yoast.com\/product\/yoast-seo-wordpress\/ -->\n<title>Mill Neck, NY | Best Hip &amp; Knee Surgeon | NY, USA<\/title>\n<meta name=\"description\" content=\"Nakul Karkare&#039;s Orthopedic Care, votre havre de paix pour des services orthop\u00e9diques exceptionnels. Bien que nous soyons fiers d&#039;habiter \u00e0 Little Neck,\" \/>\n<meta name=\"robots\" content=\"index, follow, max-snippet:-1, max-image-preview:large, max-video-preview:-1\" \/>\n<link rel=\"canonical\" href=\"https:\/\/www.newyorkhipknee.com\/fr\/contact\/little-neck-meilleur-chirurgien-pour-larthroplastie-de-la-hanche-et-du-genou\/mill-neck-ny\/\" \/>\n<meta property=\"og:locale\" content=\"fr_FR\" \/>\n<meta property=\"og:type\" content=\"article\" \/>\n<meta property=\"og:title\" content=\"Mill Neck, NY | Best Hip &amp; Knee Surgeon | NY, USA\" \/>\n<meta property=\"og:description\" content=\"Nakul Karkare&#039;s Orthopedic Care, votre havre de paix pour des services orthop\u00e9diques exceptionnels. Bien que nous soyons fiers d&#039;habiter \u00e0 Little Neck,\" \/>\n<meta property=\"og:url\" content=\"https:\/\/www.newyorkhipknee.com\/fr\/contact\/little-neck-meilleur-chirurgien-pour-larthroplastie-de-la-hanche-et-du-genou\/mill-neck-ny\/\" \/>\n<meta property=\"og:site_name\" content=\"Best Hip &amp; Knee Surgeon | NY, USA\" \/>\n<meta name=\"twitter:card\" content=\"summary_large_image\" \/>\n<meta name=\"twitter:label1\" content=\"Dur\u00e9e de lecture estim\u00e9e\" \/>\n\t<meta name=\"twitter:data1\" content=\"9 minutes\" \/>\n<script type=\"application\/ld+json\" class=\"yoast-schema-graph\">{\"@context\":\"https:\/\/schema.org\",\"@graph\":[{\"@type\":[\"WebPage\",\"MedicalWebPage\"],\"@id\":\"https:\/\/www.newyorkhipknee.com\/fr\/contact\/little-neck-meilleur-chirurgien-pour-larthroplastie-de-la-hanche-et-du-genou\/mill-neck-ny\/\",\"url\":\"https:\/\/www.newyorkhipknee.com\/fr\/contact\/little-neck-meilleur-chirurgien-pour-larthroplastie-de-la-hanche-et-du-genou\/mill-neck-ny\/\",\"name\":\"Mill Neck, NY | Best Hip &amp; Knee Surgeon | NY, USA\",\"isPartOf\":{\"@id\":\"https:\/\/www.newyorkhipknee.com\/fr\/#website\"},\"datePublished\":\"2023-11-22T18:32:10+00:00\",\"description\":\"Nakul Karkare's Orthopedic Care, votre havre de paix pour des services orthop\u00e9diques exceptionnels. Bien que nous soyons fiers d'habiter \u00e0 Little Neck,\",\"breadcrumb\":{\"@id\":\"https:\/\/www.newyorkhipknee.com\/fr\/contact\/little-neck-meilleur-chirurgien-pour-larthroplastie-de-la-hanche-et-du-genou\/mill-neck-ny\/#breadcrumb\"},\"inLanguage\":\"fr-FR\",\"potentialAction\":[{\"@type\":\"ReadAction\",\"target\":[\"https:\/\/www.newyorkhipknee.com\/fr\/contact\/little-neck-meilleur-chirurgien-pour-larthroplastie-de-la-hanche-et-du-genou\/mill-neck-ny\/\"]}]},{\"@type\":\"BreadcrumbList\",\"@id\":\"https:\/\/www.newyorkhipknee.com\/fr\/contact\/little-neck-meilleur-chirurgien-pour-larthroplastie-de-la-hanche-et-du-genou\/mill-neck-ny\/#breadcrumb\",\"itemListElement\":[{\"@type\":\"ListItem\",\"position\":1,\"name\":\"Home\",\"item\":\"https:\/\/www.newyorkhipknee.com\/fr\/\"},{\"@type\":\"ListItem\",\"position\":2,\"name\":\"CONTACT\",\"item\":\"https:\/\/www.newyorkhipknee.com\/fr\/contact\/\"},{\"@type\":\"ListItem\",\"position\":3,\"name\":\"Little Neck &#8211; Meilleur chirurgien pour l&rsquo;arthroplastie de la hanche et du genou\",\"item\":\"https:\/\/www.newyorkhipknee.com\/fr\/contact\/little-neck-meilleur-chirurgien-pour-larthroplastie-de-la-hanche-et-du-genou\/\"},{\"@type\":\"ListItem\",\"position\":4,\"name\":\"Mill Neck, NY\"}]},{\"@type\":\"WebSite\",\"@id\":\"https:\/\/www.newyorkhipknee.com\/fr\/#website\",\"url\":\"https:\/\/www.newyorkhipknee.com\/fr\/\",\"name\":\"Best Hip & Knee Surgeon | NY, USA\",\"description\":\"\",\"potentialAction\":[{\"@type\":\"SearchAction\",\"target\":{\"@type\":\"EntryPoint\",\"urlTemplate\":\"https:\/\/www.newyorkhipknee.com\/fr\/?s={search_term_string}\"},\"query-input\":{\"@type\":\"PropertyValueSpecification\",\"valueRequired\":true,\"valueName\":\"search_term_string\"}}],\"inLanguage\":\"fr-FR\"}]}<\/script>\n<!-- \/ Yoast SEO plugin. -->","yoast_head_json":{"title":"Mill Neck, NY | Best Hip &amp; Knee Surgeon | NY, USA","description":"Nakul Karkare's Orthopedic Care, votre havre de paix pour des services orthop\u00e9diques exceptionnels. Bien que nous soyons fiers d'habiter \u00e0 Little Neck,","robots":{"index":"index","follow":"follow","max-snippet":"max-snippet:-1","max-image-preview":"max-image-preview:large","max-video-preview":"max-video-preview:-1"},"canonical":"https:\/\/www.newyorkhipknee.com\/fr\/contact\/little-neck-meilleur-chirurgien-pour-larthroplastie-de-la-hanche-et-du-genou\/mill-neck-ny\/","og_locale":"fr_FR","og_type":"article","og_title":"Mill Neck, NY | Best Hip &amp; Knee Surgeon | NY, USA","og_description":"Nakul Karkare's Orthopedic Care, votre havre de paix pour des services orthop\u00e9diques exceptionnels. Bien que nous soyons fiers d'habiter \u00e0 Little Neck,","og_url":"https:\/\/www.newyorkhipknee.com\/fr\/contact\/little-neck-meilleur-chirurgien-pour-larthroplastie-de-la-hanche-et-du-genou\/mill-neck-ny\/","og_site_name":"Best Hip &amp; Knee Surgeon | NY, USA","twitter_card":"summary_large_image","twitter_misc":{"Dur\u00e9e de lecture estim\u00e9e":"9 minutes"},"schema":{"@context":"https:\/\/schema.org","@graph":[{"@type":["WebPage","MedicalWebPage"],"@id":"https:\/\/www.newyorkhipknee.com\/fr\/contact\/little-neck-meilleur-chirurgien-pour-larthroplastie-de-la-hanche-et-du-genou\/mill-neck-ny\/","url":"https:\/\/www.newyorkhipknee.com\/fr\/contact\/little-neck-meilleur-chirurgien-pour-larthroplastie-de-la-hanche-et-du-genou\/mill-neck-ny\/","name":"Mill Neck, NY | Best Hip &amp; Knee Surgeon | NY, USA","isPartOf":{"@id":"https:\/\/www.newyorkhipknee.com\/fr\/#website"},"datePublished":"2023-11-22T18:32:10+00:00","description":"Nakul Karkare's Orthopedic Care, votre havre de paix pour des services orthop\u00e9diques exceptionnels. Bien que nous soyons fiers d'habiter \u00e0 Little Neck,","breadcrumb":{"@id":"https:\/\/www.newyorkhipknee.com\/fr\/contact\/little-neck-meilleur-chirurgien-pour-larthroplastie-de-la-hanche-et-du-genou\/mill-neck-ny\/#breadcrumb"},"inLanguage":"fr-FR","potentialAction":[{"@type":"ReadAction","target":["https:\/\/www.newyorkhipknee.com\/fr\/contact\/little-neck-meilleur-chirurgien-pour-larthroplastie-de-la-hanche-et-du-genou\/mill-neck-ny\/"]}]},{"@type":"BreadcrumbList","@id":"https:\/\/www.newyorkhipknee.com\/fr\/contact\/little-neck-meilleur-chirurgien-pour-larthroplastie-de-la-hanche-et-du-genou\/mill-neck-ny\/#breadcrumb","itemListElement":[{"@type":"ListItem","position":1,"name":"Home","item":"https:\/\/www.newyorkhipknee.com\/fr\/"},{"@type":"ListItem","position":2,"name":"CONTACT","item":"https:\/\/www.newyorkhipknee.com\/fr\/contact\/"},{"@type":"ListItem","position":3,"name":"Little Neck &#8211; Meilleur chirurgien pour l&rsquo;arthroplastie de la hanche et du genou","item":"https:\/\/www.newyorkhipknee.com\/fr\/contact\/little-neck-meilleur-chirurgien-pour-larthroplastie-de-la-hanche-et-du-genou\/"},{"@type":"ListItem","position":4,"name":"Mill Neck, NY"}]},{"@type":"WebSite","@id":"https:\/\/www.newyorkhipknee.com\/fr\/#website","url":"https:\/\/www.newyorkhipknee.com\/fr\/","name":"Best Hip & Knee Surgeon | NY, USA","description":"","potentialAction":[{"@type":"SearchAction","target":{"@type":"EntryPoint","urlTemplate":"https:\/\/www.newyorkhipknee.com\/fr\/?s={search_term_string}"},"query-input":{"@type":"PropertyValueSpecification","valueRequired":true,"valueName":"search_term_string"}}],"inLanguage":"fr-FR"}]}},"_links":{"self":[{"href":"https:\/\/www.newyorkhipknee.com\/fr\/wp-json\/wp\/v2\/pages\/20969","targetHints":{"allow":["GET"]}}],"collection":[{"href":"https:\/\/www.newyorkhipknee.com\/fr\/wp-json\/wp\/v2\/pages"}],"about":[{"href":"https:\/\/www.newyorkhipknee.com\/fr\/wp-json\/wp\/v2\/types\/page"}],"author":[{"embeddable":true,"href":"https:\/\/www.newyorkhipknee.com\/fr\/wp-json\/wp\/v2\/users\/33"}],"replies":[{"embeddable":true,"href":"https:\/\/www.newyorkhipknee.com\/fr\/wp-json\/wp\/v2\/comments?post=20969"}],"version-history":[{"count":0,"href":"https:\/\/www.newyorkhipknee.com\/fr\/wp-json\/wp\/v2\/pages\/20969\/revisions"}],"up":[{"embeddable":true,"href":"https:\/\/www.newyorkhipknee.com\/fr\/wp-json\/wp\/v2\/pages\/17598"}],"wp:attachment":[{"href":"https:\/\/www.newyorkhipknee.com\/fr\/wp-json\/wp\/v2\/media?parent=20969"}],"curies":[{"name":"wp","href":"https:\/\/api.w.org\/{rel}","templated":true}]}}