{"id":20978,"date":"2023-11-17T16:37:28","date_gmt":"2023-11-17T21:37:28","guid":{"rendered":"https:\/\/newyorkhipknee.com\/contact\/little-neck-meilleur-chirurgien-pour-larthroplastie-de-la-hanche-et-du-genou\/mount-sinai-ny\/"},"modified":"2023-11-17T16:37:28","modified_gmt":"2023-11-17T21:37:28","slug":"mount-sinai-ny","status":"publish","type":"page","link":"https:\/\/www.newyorkhipknee.com\/fr\/contact\/little-neck-meilleur-chirurgien-pour-larthroplastie-de-la-hanche-et-du-genou\/mount-sinai-ny\/","title":{"rendered":"Mount Sinai, NY"},"content":{"rendered":"<h1>Le centre orthop\u00e9dique du Dr Nakul Karkare : Votre destination locale pour les soins orthop\u00e9diques de Little Neck \u00e0 Mount Sinai, NY<\/h1>\n<p>Bienvenue au Centre orthop\u00e9dique du Dr Nakul Karkare, votre premi\u00e8re source de soins orthop\u00e9diques exceptionnels qui s&rsquo;\u00e9tendent de Little Neck \u00e0 la communaut\u00e9 dynamique de Mount Sinai, New York. Nous sommes honor\u00e9s d&rsquo;\u00eatre votre \u00e9tablissement orthop\u00e9dique local de confiance, qui s&rsquo;engage \u00e0 am\u00e9liorer le bien-\u00eatre des r\u00e9sidents et des personnes de cette r\u00e9gion dynamique.<\/p>\n<p>Au centre orthop\u00e9dique du Dr Nakul Karkare, notre mission est in\u00e9branlable : fournir des soins orthop\u00e9diques complets, compatissants et \u00e0 la pointe de la technologie. Nous comprenons le r\u00f4le essentiel que joue la sant\u00e9 orthop\u00e9dique dans votre vie quotidienne.<\/p>\n<p>Que vous soyez sur la voie de la gu\u00e9rison apr\u00e8s une blessure, que vous g\u00e9riez des troubles musculo-squelettiques chroniques ou que vous cherchiez des conseils pour atteindre et maintenir un bien-\u00eatre orthop\u00e9dique optimal, notre \u00e9quipe d&rsquo;experts est l\u00e0 pour vous guider vers une mobilit\u00e9 am\u00e9lior\u00e9e et une vie sans inconfort.<\/p>\n<p>Notre pr\u00e9sence relie de mani\u00e8re transparente Little Neck \u00e0 Mount Sinai, vous garantissant un acc\u00e8s pratique \u00e0 nos services orthop\u00e9diques exceptionnels. Gr\u00e2ce \u00e0 notre blog informatif et \u00e0 nos ressources \u00e9ducatives, nous souhaitons vous apporter des informations pr\u00e9cieuses, les derni\u00e8res avanc\u00e9es en mati\u00e8re de traitements orthop\u00e9diques et des conseils pratiques pour vous aider \u00e0 mener une vie active et saine.<\/p>\n<h2>Nous sommes fiers d&rsquo;offrir un large \u00e9ventail de services orthop\u00e9diques dans la r\u00e9gion de Mount Sinai, NY :<\/h2>\n<h2><a role=\"link\" href=\"https:\/\/newyorkhipknee.com\/custom-knee-replacement-surgery\/\" target=\"_blank\" rel=\"noopener\"><strong>Remplacement du genou sur mesure :<\/strong><\/a><\/h2>\n<p><strong>Qui peut b\u00e9n\u00e9ficier d&rsquo;une arthroplastie personnalis\u00e9e du genou ?<\/strong> La proth\u00e8se de genou personnalis\u00e9e, \u00e9galement connue sous le nom de proth\u00e8se de genou sur mesure, est g\u00e9n\u00e9ralement recommand\u00e9e aux personnes souffrant de douleurs, de raideurs et de gonflements importants au niveau du genou, qui entravent consid\u00e9rablement leurs activit\u00e9s quotidiennes et leur qualit\u00e9 de vie en g\u00e9n\u00e9ral. Les facteurs sous-jacents courants de cette affection sont l&rsquo;arthrose, la polyarthrite rhumato\u00efde, les l\u00e9sions traumatiques ou d&rsquo;autres troubles d\u00e9g\u00e9n\u00e9ratifs de l&rsquo;articulation du genou.<\/p>\n<p><strong>La proc\u00e9dure chirurgicale :<\/strong> La proth\u00e8se de genou sur mesure est une intervention chirurgicale avanc\u00e9e au cours de laquelle l&rsquo;articulation du genou endommag\u00e9e est remplac\u00e9e par un implant artificiel sur mesure con\u00e7u pour s&rsquo;adapter \u00e0 la structure anatomique unique du patient. Le processus commence par l&rsquo;utilisation d&rsquo;une technologie d&rsquo;imagerie avanc\u00e9e, qui cr\u00e9e un mod\u00e8le tridimensionnel d\u00e9taill\u00e9 de l&rsquo;articulation du genou du patient. Ce mod\u00e8le est ensuite utilis\u00e9 pour fabriquer un implant sur mesure qui s&rsquo;adapte parfaitement au genou du patient.<\/p>\n<p>Au cours de l&rsquo;intervention chirurgicale, le chirurgien orthop\u00e9dique retire m\u00e9ticuleusement l&rsquo;articulation endommag\u00e9e et la remplace par l&rsquo;implant sur mesure. L&rsquo;ensemble du processus se d\u00e9roule sous anesth\u00e9sie afin que le patient ne ressente aucune douleur et reste \u00e0 l&rsquo;aise pendant toute la dur\u00e9e de l&rsquo;intervention.<\/p>\n<p><strong>Les avantages :<\/strong> La proth\u00e8se de genou sur mesure pr\u00e9sente de nombreux avantages pour les patients, notamment<\/p>\n<ol>\n<li><strong>Soulagement de la douleur :<\/strong> L&rsquo;un des principaux avantages est le soulagement des douleurs chroniques du genou. L&rsquo;implant sur mesure est con\u00e7u pour minimiser l&rsquo;inconfort, ce qui permet aux patients de retrouver leur mobilit\u00e9 et de reprendre leurs activit\u00e9s quotidiennes.<\/li>\n<li><strong>Am\u00e9lioration de la mobilit\u00e9 :<\/strong> Les proth\u00e8ses de genou sur mesure am\u00e9liorent l&rsquo;amplitude de mouvement du patient, permettant un mouvement plus naturel de l&rsquo;articulation du genou.<\/li>\n<li><strong>Am\u00e9lioration de la qualit\u00e9 de vie :<\/strong> Les patients constatent souvent une am\u00e9lioration substantielle de leur qualit\u00e9 de vie globale, car ils peuvent \u00e0 nouveau s&rsquo;adonner \u00e0 des activit\u00e9s auxquelles ils avaient d\u00fb renoncer en raison de leurs douleurs au genou.<\/li>\n<li><strong>R\u00e9cup\u00e9ration plus rapide :<\/strong> Les proth\u00e8ses de genou sur mesure permettent g\u00e9n\u00e9ralement un r\u00e9tablissement plus rapide que les proth\u00e8ses de genou traditionnelles. La pr\u00e9cision de l&rsquo;implant sur mesure et les techniques chirurgicales peu invasives permettent de r\u00e9duire les douleurs postop\u00e9ratoires et d&rsquo;acc\u00e9l\u00e9rer le processus de r\u00e9\u00e9ducation.<\/li>\n<\/ol>\n<p>&nbsp;<\/p>\n<h2><a role=\"link\" href=\"https:\/\/newyorkhipknee.com\/hip-replacement-surgery\/\" target=\"_blank\" rel=\"noopener\"><strong>Remplacement de la hanche :<\/strong><\/a><\/h2>\n<p><strong>Qui peut b\u00e9n\u00e9ficier d&rsquo;une arthroplastie de la hanche ?<\/strong> L&rsquo;arthroplastie de la hanche est recommand\u00e9e aux personnes souffrant d&rsquo;une douleur, d&rsquo;une raideur et d&rsquo;un gonflement s\u00e9v\u00e8res de la hanche qui entravent consid\u00e9rablement leurs activit\u00e9s quotidiennes et leur qualit\u00e9 de vie. Les causes les plus courantes de cette affection sont l&rsquo;arthrose, la polyarthrite rhumato\u00efde, la n\u00e9crose avasculaire ou les fractures de la hanche.<\/p>\n<p><strong>La proc\u00e9dure chirurgicale :<\/strong> L&rsquo;arthroplastie de la hanche est une intervention chirurgicale qui consiste \u00e0 remplacer une articulation de la hanche endommag\u00e9e par un implant artificiel m\u00e9ticuleusement con\u00e7u pour reproduire la structure et le fonctionnement naturels de l&rsquo;articulation de la hanche, ce qui permet aux patients de retrouver leur mobilit\u00e9 et de soulager leur inconfort.<\/p>\n<p>Au cours de l&rsquo;op\u00e9ration, le chirurgien orthop\u00e9dique retire habilement l&rsquo;articulation endommag\u00e9e et la remplace par l&rsquo;implant artificiel. Comme pour le remplacement du genou, cette intervention est r\u00e9alis\u00e9e sous anesth\u00e9sie pour assurer le confort du patient.<\/p>\n<p><strong>Les avantages :<\/strong> Le remplacement de la hanche offre plusieurs avantages aux patients :<\/p>\n<ol>\n<li><strong>Soulagement de la douleur :<\/strong> Le principal avantage est le soulagement de la douleur s\u00e9v\u00e8re \u00e0 la hanche, ce qui permet aux patients de retrouver leur mobilit\u00e9 et de reprendre leurs activit\u00e9s quotidiennes.<\/li>\n<li><strong>Am\u00e9lioration de la mobilit\u00e9 :<\/strong> les proth\u00e8ses de hanche am\u00e9liorent l&rsquo;amplitude des mouvements de l&rsquo;articulation de la hanche, ce qui permet aux patients de b\u00e9n\u00e9ficier d&rsquo;une souplesse et d&rsquo;un mouvement plus naturels.<\/li>\n<li><strong>Am\u00e9lioration de la qualit\u00e9 de vie :<\/strong> Les patients constatent souvent une am\u00e9lioration significative de leur qualit\u00e9 de vie globale, car ils retrouvent la possibilit\u00e9 d&rsquo;entreprendre des activit\u00e9s qui \u00e9taient auparavant difficiles, voire impossibles, en raison de la douleur \u00e0 la hanche.<\/li>\n<li><strong>R\u00e9cup\u00e9ration acc\u00e9l\u00e9r\u00e9e :<\/strong> L&rsquo;arthroplastie de la hanche permet g\u00e9n\u00e9ralement un r\u00e9tablissement plus rapide, les patients ressentant moins de douleur et b\u00e9n\u00e9ficiant d&rsquo;une meilleure amplitude de mouvement qu&rsquo;avant l&rsquo;op\u00e9ration.<\/li>\n<\/ol>\n<p>Dans les deux cas, le Dr Nakul Karkare utilise des techniques chirurgicales avanc\u00e9es et une technologie de pointe pour assurer la mise en place pr\u00e9cise des composants de l&rsquo;implant par le biais d&rsquo;incisions plus petites, \u00e9pargnant les tissus.<\/p>\n<p>Cette approche permet de minimiser l&rsquo;inconfort et d&rsquo;acc\u00e9l\u00e9rer le processus de r\u00e9tablissement. L&rsquo;expertise du Dr Karkare dans ces proc\u00e9dures, combin\u00e9e \u00e0 la nature personnalis\u00e9e des implants sur mesure, contribue \u00e0 am\u00e9liorer les r\u00e9sultats pour les patients qui cherchent \u00e0 soulager leurs probl\u00e8mes d&rsquo;articulation du genou et de la hanche. Si vous souffrez de douleurs articulaires, de raideurs, de gonflements ou si vous avez subi une blessure, n&rsquo;h\u00e9sitez pas \u00e0 contacter le centre orthop\u00e9dique du Dr Nakul Karkare.<\/p>\n<p>Leur \u00e9quipe de sp\u00e9cialistes a pour mission de vous aider \u00e0 retrouver votre mobilit\u00e9, \u00e0 soulager vos douleurs et \u00e0 am\u00e9liorer votre qualit\u00e9 de vie en g\u00e9n\u00e9ral. Votre bien-\u00eatre est leur priorit\u00e9 absolue, et ils sont l\u00e0 pour vous guider sur la voie d&rsquo;une meilleure sant\u00e9 orthop\u00e9dique.<\/p>\n<p>&nbsp;<\/p>\n<h1><\/h1>\n<h1>\u00c0 propos du Mont Sina\u00ef<\/h1>\n<p>Mount Sinai, NY est un hameau et un lieu d\u00e9sign\u00e9 par le recensement situ\u00e9 dans la ville de Brookhaven, dans le comt\u00e9 de Suffolk, New York, \u00c9tats-Unis. La population \u00e9tait de 12 118 habitants au recensement de 2010. Le hameau est situ\u00e9 sur la c\u00f4te nord de Long Island, en bordure du Long Island Sound. Mount Sinai est une communaut\u00e9 en pleine expansion, avec une histoire riche, une culture dynamique et une industrie touristique en plein essor.<\/p>\n<p><strong>Histoire de Mount Sinai, NY<\/strong><\/p>\n<p>Mount Sinai, NY a \u00e9t\u00e9 colonis\u00e9 \u00e0 l&rsquo;origine par la tribu am\u00e9rindienne Setauket. Le hameau a \u00e9t\u00e9 nomm\u00e9 d&rsquo;apr\u00e8s le mont Sina\u00ef biblique, cens\u00e9 \u00eatre l&rsquo;endroit o\u00f9 Mo\u00efse a re\u00e7u les dix commandements. Le hameau \u00e9tait avant tout une communaut\u00e9 agricole, l&rsquo;agriculture et la p\u00eache \u00e9tant les principales industries. Au cours du XIXe si\u00e8cle, le hameau est devenu une destination populaire pour les riches New-Yorkais, qui y ont construit des r\u00e9sidences d&rsquo;\u00e9t\u00e9 et des centres de vill\u00e9giature.<\/p>\n<p><strong>Culture de Mount Sinai, NY<\/strong><\/p>\n<p>Mount Sinai, NY a une histoire culturelle riche, et le hameau abrite un certain nombre de mus\u00e9es et d&rsquo;institutions culturelles. Le hameau est \u00e9galement connu pour ses belles plages, qui attirent des visiteurs du monde entier. Le hameau abrite un quartier commercial o\u00f9 l&rsquo;on trouve une vie nocturne, des h\u00f4tels, des restaurants au bord de l&rsquo;eau et une vari\u00e9t\u00e9 de magasins.<\/p>\n<p>Le hameau abrite \u00e9galement l&rsquo;h\u00f4pital Mount Sinai, une institution de recherche de renomm\u00e9e mondiale qui a apport\u00e9 des contributions significatives aux domaines de la m\u00e9decine et des soins de sant\u00e9. L&rsquo;h\u00f4pital propose toute une s\u00e9rie de programmes et d&rsquo;\u00e9v\u00e9nements tout au long de l&rsquo;ann\u00e9e, notamment des conf\u00e9rences, des ateliers et d&rsquo;autres manifestations culturelles.<\/p>\n<p><strong>Tourisme \u00e0 Mount Sinai, NY<\/strong><\/p>\n<p>Mount Sinai, NY est une destination touristique en plein essor, notamment gr\u00e2ce \u00e0 ses belles plages, ses charmants villages et son riche patrimoine culturel. Le hameau abrite un certain nombre d&rsquo;attractions qui attirent des visiteurs du monde entier.<\/p>\n<p>L&rsquo;une des attractions les plus populaires du Mont Sina\u00ef est la beaut\u00e9 de ses plages. Les visiteurs peuvent se baigner, prendre des bains de soleil et pratiquer divers sports nautiques sur les plages du hameau. Le hameau abrite \u00e9galement un certain nombre de parcs et de r\u00e9serves naturelles, dont le Cedar Beach County Park, qui propose des sentiers de randonn\u00e9e et des possibilit\u00e9s d&rsquo;observation des oiseaux.<\/p>\n<p>Une autre attraction populaire de Mount Sinai est l&rsquo;h\u00f4pital Mount Sinai, qui offre une vari\u00e9t\u00e9 de programmes et d&rsquo;\u00e9v\u00e9nements tout au long de l&rsquo;ann\u00e9e. Les visiteurs peuvent assister \u00e0 des conf\u00e9rences, des ateliers et d&rsquo;autres \u00e9v\u00e9nements culturels \u00e0 l&rsquo;h\u00f4pital.<\/p>\n<p><strong>Conclusion<\/strong><\/p>\n<p>Mount Sinai, NY est un hameau \u00e0 l&rsquo;histoire riche, \u00e0 la culture dynamique et \u00e0 l&rsquo;industrie touristique en plein essor. Les visiteurs du hameau peuvent d\u00e9couvrir ses mus\u00e9es et ses institutions culturelles, profiter de ses belles plages et de ses r\u00e9serves naturelles, et se d\u00e9tendre dans ses charmants villages. Que vous soyez f\u00e9ru d&rsquo;histoire, amoureux de la nature ou adepte de la plage, le Mont Sina\u00ef a quelque chose \u00e0 offrir \u00e0 chacun.<\/p>\n<p>&nbsp;<\/p>\n<h1>Directions<\/h1>\n<p>Voici l&rsquo;itin\u00e9raire \u00e0 suivre pour se rendre de Mount Sinai, NY \u00e0 Complete Orthopedics au 52-21 Little Neck Parkway, Little Neck, NY 11362 :<\/p>\n<p>1. Prendre la direction sud sur NY-25A W vers Shore Rd.<br \/>\n2. Tourner \u00e0 gauche sur NY-25 W.<br \/>\n3. Tourner \u00e0 droite sur NY-347 E.<br \/>\n4. Utiliser les 2 voies de gauche pour tourner \u00e0 gauche sur NY-454 E\/Veterans Memorial Hwy.<br \/>\n5. Emprunter la voie de droite pour prendre la bretelle d&rsquo;acc\u00e8s \u00e0 Northern State Pkwy.<br \/>\n6. Rejoindre Northern State Pkwy.<br \/>\n7. Utilisez les 2 voies de droite pour prendre la sortie 25A afin de fusionner sur NY-25A E\/Northern Blvd en direction de Roslyn.<br \/>\n8. Tourner \u00e0 droite sur Little Neck Pkwy.<br \/>\n9. Complete Orthopedics sera sur la droite au 52-21 Little Neck Pkwy.<\/p>\n<p>&nbsp;<\/p>\n<h2>Soins de sant\u00e9 pr\u00e8s de Mount Sinai<\/h2>\n<p><strong>Pharmacies<\/strong><\/p>\n<p>1. CVS Pharmacy &#8211; 5507 Nesconset Hwy, Mount Sinai, NY 11766<br \/>\n2. Walgreens Pharmacy &#8211; 331 Rte 25A, Mount Sinai, NY 11766<br \/>\n3. Rite Aid Pharmacy &#8211; 5507 Nesconset Hwy, Mount Sinai, NY 11766<\/p>\n<p><strong>Centres de radiologie<\/strong><\/p>\n<p>1. Peconic Bay Medical Center Radiology &#8211; 1300 Roanoke Ave, Riverhead, NY 11901<br \/>\n2. East End Radiology &#8211; 1333 Roanoke Ave, Riverhead, NY 11901<br \/>\n3. Northwell Health Imaging at Riverhead &#8211; 877 E Main St, Riverhead, NY 11901<\/p>\n<p><strong>Centres de soins d&rsquo;urgence<\/strong><\/p>\n<p>1. ProHEALTH Urgent Care &#8211; 5507 Nesconset Hwy, Mount Sinai, NY 11766<br \/>\n2. Northwell Health-GoHealth Urgent Care &#8211; 499-5 NY-25A, Rocky Point, NY 11778<br \/>\n3. Stat Health Immediate Medical Care &#8211; 4747 Nesconset Hwy, Port Jefferson Station, NY 11776<\/p>\n<p><strong>H\u00f4pitaux<\/strong><\/p>\n<p>1. John T. Mather Memorial Hospital &#8211; 75 N Country Rd, Port Jefferson, NY 11777<br \/>\n2. H\u00f4pital Stony Brook Eastern Long Island &#8211; 201 Manor Pl, Greenport, NY 11944<br \/>\n3. Charles Hospital &#8211; 200 Belle Terre Rd, Port Jefferson, NY 11777<\/p>\n<p>Note : Les informations fournies sont exactes \u00e0 la date d&rsquo;octobre 2023. Il est toujours recommand\u00e9 de v\u00e9rifier les informations avant de se rendre sur place.<\/p>\n<p>Au c\u0153ur de notre mission se trouve un engagement in\u00e9branlable \u00e0 fournir des soins orthop\u00e9diques complets \u00e0 notre communaut\u00e9 locale, y compris aux personnes mentionn\u00e9es plus haut. Que vous nous adressiez une demande de traitement orthop\u00e9dique ou que vous ayez des pr\u00e9occupations d&rsquo;ordre orthop\u00e9dique, notre \u00e9quipe d\u00e9vou\u00e9e, disponible 24 heures sur 24 et 7 jours sur 7, est \u00e0 votre disposition pour vous fournir une assistance rapide et empathique.<\/p>\n<p>Nous savons que de nombreuses personnes se font soigner dans des centres de soins d&rsquo;urgence et des h\u00f4pitaux pour des blessures li\u00e9es au travail et couvertes par l&rsquo;assurance contre les accidents du travail et l&rsquo;assurance sans \u00e9gard \u00e0 la responsabilit\u00e9. Si votre blessure ne n\u00e9cessite pas une visite \u00e0 l&rsquo;h\u00f4pital, nous sommes tout \u00e0 fait dispos\u00e9s \u00e0 vous proposer un traitement orthop\u00e9dique sp\u00e9cialis\u00e9 adapt\u00e9 \u00e0 votre situation sp\u00e9cifique. N&rsquo;h\u00e9sitez pas \u00e0 nous contacter au 631-981-2663 pour prendre rendez-vous d\u00e8s aujourd&rsquo;hui. Votre bien-\u00eatre reste notre priorit\u00e9 absolue.<\/p>\n","protected":false},"excerpt":{"rendered":"<p>Le centre orthop\u00e9dique du Dr Nakul Karkare : Votre destination locale pour les soins orthop\u00e9diques de Little Neck \u00e0 Mount Sinai, NY Bienvenue au Centre orthop\u00e9dique du Dr Nakul Karkare, votre premi\u00e8re source de soins orthop\u00e9diques exceptionnels qui s&rsquo;\u00e9tendent de Little Neck \u00e0 la communaut\u00e9 dynamique de Mount Sinai, New York. Nous sommes honor\u00e9s d&rsquo;\u00eatre [&hellip;]<\/p>\n","protected":false},"author":33,"featured_media":0,"parent":17598,"menu_order":0,"comment_status":"closed","ping_status":"closed","template":"","meta":{"_et_pb_use_builder":"","_et_pb_old_content":"","_et_gb_content_width":"","footnotes":""},"class_list":["post-20978","page","type-page","status-publish","hentry"],"yoast_head":"<!-- This site is optimized with the Yoast SEO plugin v27.2 - https:\/\/yoast.com\/product\/yoast-seo-wordpress\/ -->\n<title>Mount Sinai, NY | Best Hip &amp; Knee Surgeon | NY, USA<\/title>\n<meta name=\"description\" content=\"Le centre orthop\u00e9dique du Dr Nakul Karkare : Votre destination locale pour les soins orthop\u00e9diques de Little Neck \u00e0 Mount Sinai, NY Bienvenue au Centre\" \/>\n<meta name=\"robots\" content=\"index, follow, max-snippet:-1, max-image-preview:large, max-video-preview:-1\" \/>\n<link rel=\"canonical\" href=\"https:\/\/www.newyorkhipknee.com\/fr\/contact\/little-neck-meilleur-chirurgien-pour-larthroplastie-de-la-hanche-et-du-genou\/mount-sinai-ny\/\" \/>\n<meta property=\"og:locale\" content=\"fr_FR\" \/>\n<meta property=\"og:type\" content=\"article\" \/>\n<meta property=\"og:title\" content=\"Mount Sinai, NY | Best Hip &amp; Knee Surgeon | NY, USA\" \/>\n<meta property=\"og:description\" content=\"Le centre orthop\u00e9dique du Dr Nakul Karkare : Votre destination locale pour les soins orthop\u00e9diques de Little Neck \u00e0 Mount Sinai, NY Bienvenue au Centre\" \/>\n<meta property=\"og:url\" content=\"https:\/\/www.newyorkhipknee.com\/fr\/contact\/little-neck-meilleur-chirurgien-pour-larthroplastie-de-la-hanche-et-du-genou\/mount-sinai-ny\/\" \/>\n<meta property=\"og:site_name\" content=\"Best Hip &amp; Knee Surgeon | NY, USA\" \/>\n<meta name=\"twitter:card\" content=\"summary_large_image\" \/>\n<meta name=\"twitter:label1\" content=\"Dur\u00e9e de lecture estim\u00e9e\" \/>\n\t<meta name=\"twitter:data1\" content=\"11 minutes\" \/>\n<script type=\"application\/ld+json\" class=\"yoast-schema-graph\">{\"@context\":\"https:\/\/schema.org\",\"@graph\":[{\"@type\":[\"WebPage\",\"MedicalWebPage\"],\"@id\":\"https:\/\/www.newyorkhipknee.com\/fr\/contact\/little-neck-meilleur-chirurgien-pour-larthroplastie-de-la-hanche-et-du-genou\/mount-sinai-ny\/\",\"url\":\"https:\/\/www.newyorkhipknee.com\/fr\/contact\/little-neck-meilleur-chirurgien-pour-larthroplastie-de-la-hanche-et-du-genou\/mount-sinai-ny\/\",\"name\":\"Mount Sinai, NY | Best Hip &amp; Knee Surgeon | NY, USA\",\"isPartOf\":{\"@id\":\"https:\/\/www.newyorkhipknee.com\/fr\/#website\"},\"datePublished\":\"2023-11-17T21:37:28+00:00\",\"description\":\"Le centre orthop\u00e9dique du Dr Nakul Karkare : Votre destination locale pour les soins orthop\u00e9diques de Little Neck \u00e0 Mount Sinai, NY Bienvenue au Centre\",\"breadcrumb\":{\"@id\":\"https:\/\/www.newyorkhipknee.com\/fr\/contact\/little-neck-meilleur-chirurgien-pour-larthroplastie-de-la-hanche-et-du-genou\/mount-sinai-ny\/#breadcrumb\"},\"inLanguage\":\"fr-FR\",\"potentialAction\":[{\"@type\":\"ReadAction\",\"target\":[\"https:\/\/www.newyorkhipknee.com\/fr\/contact\/little-neck-meilleur-chirurgien-pour-larthroplastie-de-la-hanche-et-du-genou\/mount-sinai-ny\/\"]}]},{\"@type\":\"BreadcrumbList\",\"@id\":\"https:\/\/www.newyorkhipknee.com\/fr\/contact\/little-neck-meilleur-chirurgien-pour-larthroplastie-de-la-hanche-et-du-genou\/mount-sinai-ny\/#breadcrumb\",\"itemListElement\":[{\"@type\":\"ListItem\",\"position\":1,\"name\":\"Home\",\"item\":\"https:\/\/www.newyorkhipknee.com\/fr\/\"},{\"@type\":\"ListItem\",\"position\":2,\"name\":\"CONTACT\",\"item\":\"https:\/\/www.newyorkhipknee.com\/fr\/contact\/\"},{\"@type\":\"ListItem\",\"position\":3,\"name\":\"Little Neck &#8211; Meilleur chirurgien pour l&rsquo;arthroplastie de la hanche et du genou\",\"item\":\"https:\/\/www.newyorkhipknee.com\/fr\/contact\/little-neck-meilleur-chirurgien-pour-larthroplastie-de-la-hanche-et-du-genou\/\"},{\"@type\":\"ListItem\",\"position\":4,\"name\":\"Mount Sinai, NY\"}]},{\"@type\":\"WebSite\",\"@id\":\"https:\/\/www.newyorkhipknee.com\/fr\/#website\",\"url\":\"https:\/\/www.newyorkhipknee.com\/fr\/\",\"name\":\"Best Hip & Knee Surgeon | NY, USA\",\"description\":\"\",\"potentialAction\":[{\"@type\":\"SearchAction\",\"target\":{\"@type\":\"EntryPoint\",\"urlTemplate\":\"https:\/\/www.newyorkhipknee.com\/fr\/?s={search_term_string}\"},\"query-input\":{\"@type\":\"PropertyValueSpecification\",\"valueRequired\":true,\"valueName\":\"search_term_string\"}}],\"inLanguage\":\"fr-FR\"}]}<\/script>\n<!-- \/ Yoast SEO plugin. -->","yoast_head_json":{"title":"Mount Sinai, NY | Best Hip &amp; Knee Surgeon | NY, USA","description":"Le centre orthop\u00e9dique du Dr Nakul Karkare : Votre destination locale pour les soins orthop\u00e9diques de Little Neck \u00e0 Mount Sinai, NY Bienvenue au Centre","robots":{"index":"index","follow":"follow","max-snippet":"max-snippet:-1","max-image-preview":"max-image-preview:large","max-video-preview":"max-video-preview:-1"},"canonical":"https:\/\/www.newyorkhipknee.com\/fr\/contact\/little-neck-meilleur-chirurgien-pour-larthroplastie-de-la-hanche-et-du-genou\/mount-sinai-ny\/","og_locale":"fr_FR","og_type":"article","og_title":"Mount Sinai, NY | Best Hip &amp; Knee Surgeon | NY, USA","og_description":"Le centre orthop\u00e9dique du Dr Nakul Karkare : Votre destination locale pour les soins orthop\u00e9diques de Little Neck \u00e0 Mount Sinai, NY Bienvenue au Centre","og_url":"https:\/\/www.newyorkhipknee.com\/fr\/contact\/little-neck-meilleur-chirurgien-pour-larthroplastie-de-la-hanche-et-du-genou\/mount-sinai-ny\/","og_site_name":"Best Hip &amp; Knee Surgeon | NY, USA","twitter_card":"summary_large_image","twitter_misc":{"Dur\u00e9e de lecture estim\u00e9e":"11 minutes"},"schema":{"@context":"https:\/\/schema.org","@graph":[{"@type":["WebPage","MedicalWebPage"],"@id":"https:\/\/www.newyorkhipknee.com\/fr\/contact\/little-neck-meilleur-chirurgien-pour-larthroplastie-de-la-hanche-et-du-genou\/mount-sinai-ny\/","url":"https:\/\/www.newyorkhipknee.com\/fr\/contact\/little-neck-meilleur-chirurgien-pour-larthroplastie-de-la-hanche-et-du-genou\/mount-sinai-ny\/","name":"Mount Sinai, NY | Best Hip &amp; Knee Surgeon | NY, USA","isPartOf":{"@id":"https:\/\/www.newyorkhipknee.com\/fr\/#website"},"datePublished":"2023-11-17T21:37:28+00:00","description":"Le centre orthop\u00e9dique du Dr Nakul Karkare : Votre destination locale pour les soins orthop\u00e9diques de Little Neck \u00e0 Mount Sinai, NY Bienvenue au Centre","breadcrumb":{"@id":"https:\/\/www.newyorkhipknee.com\/fr\/contact\/little-neck-meilleur-chirurgien-pour-larthroplastie-de-la-hanche-et-du-genou\/mount-sinai-ny\/#breadcrumb"},"inLanguage":"fr-FR","potentialAction":[{"@type":"ReadAction","target":["https:\/\/www.newyorkhipknee.com\/fr\/contact\/little-neck-meilleur-chirurgien-pour-larthroplastie-de-la-hanche-et-du-genou\/mount-sinai-ny\/"]}]},{"@type":"BreadcrumbList","@id":"https:\/\/www.newyorkhipknee.com\/fr\/contact\/little-neck-meilleur-chirurgien-pour-larthroplastie-de-la-hanche-et-du-genou\/mount-sinai-ny\/#breadcrumb","itemListElement":[{"@type":"ListItem","position":1,"name":"Home","item":"https:\/\/www.newyorkhipknee.com\/fr\/"},{"@type":"ListItem","position":2,"name":"CONTACT","item":"https:\/\/www.newyorkhipknee.com\/fr\/contact\/"},{"@type":"ListItem","position":3,"name":"Little Neck &#8211; Meilleur chirurgien pour l&rsquo;arthroplastie de la hanche et du genou","item":"https:\/\/www.newyorkhipknee.com\/fr\/contact\/little-neck-meilleur-chirurgien-pour-larthroplastie-de-la-hanche-et-du-genou\/"},{"@type":"ListItem","position":4,"name":"Mount Sinai, NY"}]},{"@type":"WebSite","@id":"https:\/\/www.newyorkhipknee.com\/fr\/#website","url":"https:\/\/www.newyorkhipknee.com\/fr\/","name":"Best Hip & Knee Surgeon | NY, USA","description":"","potentialAction":[{"@type":"SearchAction","target":{"@type":"EntryPoint","urlTemplate":"https:\/\/www.newyorkhipknee.com\/fr\/?s={search_term_string}"},"query-input":{"@type":"PropertyValueSpecification","valueRequired":true,"valueName":"search_term_string"}}],"inLanguage":"fr-FR"}]}},"_links":{"self":[{"href":"https:\/\/www.newyorkhipknee.com\/fr\/wp-json\/wp\/v2\/pages\/20978","targetHints":{"allow":["GET"]}}],"collection":[{"href":"https:\/\/www.newyorkhipknee.com\/fr\/wp-json\/wp\/v2\/pages"}],"about":[{"href":"https:\/\/www.newyorkhipknee.com\/fr\/wp-json\/wp\/v2\/types\/page"}],"author":[{"embeddable":true,"href":"https:\/\/www.newyorkhipknee.com\/fr\/wp-json\/wp\/v2\/users\/33"}],"replies":[{"embeddable":true,"href":"https:\/\/www.newyorkhipknee.com\/fr\/wp-json\/wp\/v2\/comments?post=20978"}],"version-history":[{"count":0,"href":"https:\/\/www.newyorkhipknee.com\/fr\/wp-json\/wp\/v2\/pages\/20978\/revisions"}],"up":[{"embeddable":true,"href":"https:\/\/www.newyorkhipknee.com\/fr\/wp-json\/wp\/v2\/pages\/17598"}],"wp:attachment":[{"href":"https:\/\/www.newyorkhipknee.com\/fr\/wp-json\/wp\/v2\/media?parent=20978"}],"curies":[{"name":"wp","href":"https:\/\/api.w.org\/{rel}","templated":true}]}}