{"id":20980,"date":"2023-11-22T16:32:00","date_gmt":"2023-11-22T21:32:00","guid":{"rendered":"https:\/\/newyorkhipknee.com\/contact\/little-neck-meilleur-chirurgien-pour-larthroplastie-de-la-hanche-et-du-genou\/old-westbury-ny\/"},"modified":"2023-11-22T16:32:00","modified_gmt":"2023-11-22T21:32:00","slug":"old-westbury-ny","status":"publish","type":"page","link":"https:\/\/www.newyorkhipknee.com\/fr\/contact\/little-neck-meilleur-chirurgien-pour-larthroplastie-de-la-hanche-et-du-genou\/old-westbury-ny\/","title":{"rendered":"Old Westbury, NY"},"content":{"rendered":"<h1>Bienvenue au cabinet orthop\u00e9dique du Dr Nakul Karkare, votre source de confiance pour des soins orthop\u00e9diques in\u00e9gal\u00e9s, maintenant fi\u00e8rement au service de la communaut\u00e9 dynamique d&rsquo;Old Westbury, NY.<\/h1>\n<p>Nich\u00e9 au c\u0153ur de Little Neck, notre cabinet s&rsquo;attache \u00e0 favoriser un environnement chaleureux et compatissant tout en offrant des services orthop\u00e9diques de premier ordre.<\/p>\n<p><strong>Pourquoi choisir le cabinet orthop\u00e9dique du Dr Nakul Karkare :<\/strong><\/p>\n<p><strong>1. L&rsquo;expertise avec une touche personnelle :<\/strong> Le Dr Nakul Karkare et notre \u00e9quipe d&rsquo;orthop\u00e9distes apportent une grande expertise dans ce domaine, en se sp\u00e9cialisant dans la reconstruction des membres et la chirurgie de remplacement des articulations. Au-del\u00e0 de nos prouesses professionnelles, nous sommes fiers d&rsquo;entretenir des relations personnelles avec nos patients. Votre parcours vers la sant\u00e9 orthop\u00e9dique n&rsquo;est pas seulement une exp\u00e9rience m\u00e9dicale, mais aussi une exp\u00e9rience humaine, et nous sommes l\u00e0 pour vous guider \u00e0 chaque \u00e9tape.<\/p>\n<p><strong>2. Approche centr\u00e9e sur la communaut\u00e9 :<\/strong> Nous comprenons les besoins uniques de la communaut\u00e9 d&rsquo;Old Westbury, et notre pratique est con\u00e7ue pour vous servir de fa\u00e7on globale. Qu&rsquo;il s&rsquo;agisse de traiter les probl\u00e8mes d&rsquo;articulation ou de fournir des solutions sur mesure pour les blessures sportives et les fractures, notre engagement va au-del\u00e0 de l&rsquo;expertise m\u00e9dicale &#8211; il s&rsquo;agit d&rsquo;\u00eatre vos partenaires fiables sur la voie de la gu\u00e9rison.<\/p>\n<p><strong>3. Un traitement de pointe avec une touche de douceur :<\/strong> En restant \u00e0 la pointe des progr\u00e8s orthop\u00e9diques, nous veillons \u00e0 ce que nos patients b\u00e9n\u00e9ficient des traitements et des technologies les plus r\u00e9cents. Les comp\u00e9tences chirurgicales du docteur Karkare sont compl\u00e9t\u00e9es par un engagement \u00e0 fournir des soins personnalis\u00e9s, garantissant que chaque patient re\u00e7oit un plan de traitement adapt\u00e9 \u00e0 ses besoins individuels.<\/p>\n<p><strong>4. Soins centr\u00e9s sur le patient :<\/strong> votre bien-\u00eatre est notre priorit\u00e9 et nous prenons le temps d&rsquo;informer nos patients. Nous pensons que des d\u00e9cisions \u00e9clair\u00e9es conduisent \u00e0 de meilleurs r\u00e9sultats. Le docteur Karkare et notre \u00e9quipe discuteront des options chirurgicales disponibles, en tenant compte de facteurs tels que l&rsquo;\u00e2ge, l&rsquo;\u00e9tat de sant\u00e9 et le niveau d&rsquo;activit\u00e9, afin de vous fournir les connaissances n\u00e9cessaires pour faire les meilleurs choix pour votre sant\u00e9 orthop\u00e9dique.<\/p>\n<p><strong>5. Acc\u00e8s pratique :<\/strong> Situ\u00e9 \u00e0 Little Neck, notre cabinet offre un emplacement pratique pour les r\u00e9sidents d&rsquo;Old Westbury. L&rsquo;acc\u00e8s \u00e0 des soins orthop\u00e9diques exceptionnels devrait \u00eatre facile, et nous sommes ravis de rapprocher nos services de votre communaut\u00e9.<\/p>\n<p>Le cabinet orthop\u00e9dique du Dr Nakul Karkare vous accompagne sur la voie du bien-\u00eatre orthop\u00e9dique. Au-del\u00e0 de la comp\u00e9tence m\u00e9dicale, vous trouverez une \u00e9quipe qui s&rsquo;attache \u00e0 cr\u00e9er un environnement convivial et accueillant. Votre confort, votre confiance et des r\u00e9sultats positifs sont nos forces motrices. Nous nous r\u00e9jouissons d&rsquo;\u00eatre vos partenaires en mati\u00e8re de sant\u00e9 et de vous guider vers une vie de mobilit\u00e9, de confort et de vitalit\u00e9. Bienvenue dans une nouvelle \u00e8re de soins orthop\u00e9diques, o\u00f9 le professionnalisme rencontre la compassion et l&rsquo;expertise l&#8217;empathie.<\/p>\n<h4>Bienvenue dans le monde des soins orthop\u00e9diques au cabinet du Dr Nakul Karkare, o\u00f9 vos besoins uniques sont au centre des pr\u00e9occupations. Si vous \u00eates confront\u00e9 \u00e0 des probl\u00e8mes d&rsquo;articulation du genou ou de la hanche, nous sommes l\u00e0 pour vous pr\u00e9senter nos interventions chirurgicales sp\u00e9cialis\u00e9es : l&rsquo;arthroplastie du genou sur mesure et l&rsquo;arthroplastie totale de la hanche.<\/h4>\n<h3><a href=\"https:\/\/newyorkhipknee.com\/custom-knee-replacement-surgery\/\" target=\"_blank\" rel=\"noopener\"><strong>Chirurgie de remplacement du genou sur mesure :<\/strong><\/a><\/h3>\n<p><em>Indications :<\/em> Lorsque la vie vous inflige de l&rsquo;arthrite, des blessures ou des probl\u00e8mes orthop\u00e9diques et que les traitements habituels ne suffisent pas, le Dr Nakul Karkare recommande d&rsquo;envisager une arthroplastie du genou sur mesure. Son expertise garantit une proc\u00e9dure adapt\u00e9e \u00e0 vos besoins.<\/p>\n<p><em>Avantages :<\/em> La proth\u00e8se de genou sur mesure est une solution personnalis\u00e9e qui s&rsquo;adapte \u00e0 votre anatomie. Cela se traduit par une am\u00e9lioration de la fonction articulaire, une r\u00e9duction de la douleur et une exp\u00e9rience de remplacement du genou con\u00e7ue uniquement pour vous.<\/p>\n<p><em>Proc\u00e9dure :<\/em> Sous les mains habiles du Dr Karkare, l&rsquo;op\u00e9ration consiste \u00e0 retirer le cartilage et l&rsquo;os endommag\u00e9s et \u00e0 les remplacer par un implant proth\u00e9tique qui imite votre articulation naturelle. L&rsquo;imagerie avanc\u00e9e garantit un ajustement sur mesure pour un alignement et une fonction optimaux.<\/p>\n<p><em>R\u00e9tablissement :<\/em> Le docteur Karkare apporte une touche personnalis\u00e9e \u00e0 votre r\u00e9tablissement. En \u00e9troite collaboration avec notre \u00e9quipe, votre plan de r\u00e9\u00e9ducation est con\u00e7u pour vous aider \u00e0 retrouver force et mobilit\u00e9, avec pour objectif non seulement un r\u00e9tablissement rapide, mais aussi un retour aux activit\u00e9s sans douleur que vous aimez.<\/p>\n<h3><a href=\"https:\/\/newyorkhipknee.com\/hip-replacement-surgery\/\" target=\"_blank\" rel=\"noopener\"><strong>Chirurgie de remplacement total de la hanche :<\/strong><\/a><\/h3>\n<p><em>Indications :<\/em> Lorsque la douleur de la hanche devient un obstacle quotidien en raison de l&rsquo;arthrite, de blessures ou d&rsquo;autres affections de la hanche, l&rsquo;arthroplastie totale de la hanche est votre solution potentielle. Le Dr Nakul Karkare recommande cette proc\u00e9dure lorsqu&rsquo;elle correspond parfaitement \u00e0 vos besoins sp\u00e9cifiques.<\/p>\n<p><em>Avantages :<\/em> L&rsquo;arthroplastie totale de la hanche offre un soulagement, une am\u00e9lioration de la fonction articulaire et une mobilit\u00e9 accrue. L&rsquo;approche m\u00e9ticuleuse du Dr Karkare consiste \u00e0 s\u00e9lectionner les bons mat\u00e9riaux et les bonnes techniques pour obtenir une nouvelle articulation de la hanche qui s&rsquo;adapte parfaitement \u00e0 votre corps.<\/p>\n<p><em>Proc\u00e9dure :<\/em> La technique du Dr Karkare consiste \u00e0 retirer le cartilage et l&rsquo;os endommag\u00e9s et \u00e0 les remplacer par un implant artificiel. La pr\u00e9cision de la mise en place et le choix des mat\u00e9riaux de l&rsquo;implant contribuent \u00e0 la long\u00e9vit\u00e9 et \u00e0 la fonctionnalit\u00e9 de la nouvelle articulation.<\/p>\n<p><em>R\u00e9tablissement :<\/em> Guid\u00e9 par l&rsquo;\u00e9quipe du Dr Karkare, votre parcours de r\u00e9tablissement est ax\u00e9 sur la kin\u00e9sith\u00e9rapie et un plan de r\u00e9adaptation personnalis\u00e9. L&rsquo;objectif n&rsquo;est pas seulement de restaurer la fonction de la hanche, mais de vous permettre de mener une vie active et sans douleur.<\/p>\n<p><strong>Pourquoi le Dr Nakul Karkare est votre meilleur choix :<\/strong><\/p>\n<p>Le Dr Nakul Karkare apporte une expertise in\u00e9gal\u00e9e aux op\u00e9rations de remplacement du genou et de la hanche, fruit d&rsquo;ann\u00e9es consacr\u00e9es \u00e0 l&rsquo;excellence orthop\u00e9dique. Son approche garantit que chaque patient re\u00e7oit des soins sur mesure, r\u00e9pondant \u00e0 ses besoins uniques. Au-del\u00e0 des comp\u00e9tences chirurgicales, le docteur Karkare donne la priorit\u00e9 \u00e0 la relation humaine, en cr\u00e9ant une exp\u00e9rience centr\u00e9e sur le patient, \u00e0 la fois compatissante et compl\u00e8te.<\/p>\n<p>Choisir le Dr Karkare, c&rsquo;est confier votre sant\u00e9 orthop\u00e9dique \u00e0 un chirurgien qui allie comp\u00e9tence technique et v\u00e9ritable engagement pour votre bien-\u00eatre. D\u00e9couvrez la diff\u00e9rence des soins personnalis\u00e9s sous la direction experte du Dr Nakul Karkare, un chirurgien qui comprend non seulement la science de l&rsquo;orthop\u00e9die, mais aussi l&rsquo;art de la gu\u00e9rison par la compassion. Bienvenue aux soins orthop\u00e9diques red\u00e9finis.<\/p>\n<h1>\u00c0 propos de Old Westbury, NY<\/h1>\n<p>Bienvenue \u00e0 Old Westbury, NY, un charmant village nich\u00e9 dans le comt\u00e9 de Nassau sur la pittoresque Long Island, New York, \u00c9tats-Unis. C\u00e9l\u00e9br\u00e9e pour son histoire captivante, sa diversit\u00e9 culturelle et ses paysages naturels idylliques, Old Westbury est une communaut\u00e9 qui allie harmonieusement le pass\u00e9 et le pr\u00e9sent, offrant une pl\u00e9thore d&rsquo;exp\u00e9riences, des monuments historiques aux \u00e9tablissements d&rsquo;enseignement de premier plan, en passant par une communaut\u00e9 locale prosp\u00e8re.<\/p>\n<p><strong>Histoire de Old Westbury, NY :<\/strong> Old Westbury, NY, remonte \u00e0 l&rsquo;\u00e9poque coloniale, habit\u00e9 \u00e0 l&rsquo;origine par la tribu am\u00e9rindienne Matinecock. Au XVIIe si\u00e8cle, les colons europ\u00e9ens ont fait de la r\u00e9gion un centre d&rsquo;agriculture et de p\u00eache. Au XIXe si\u00e8cle, Old Westbury s&rsquo;est transform\u00e9 en un havre de paix pour les riches New-Yorkais qui cherchaient refuge dans des r\u00e9sidences d&rsquo;\u00e9t\u00e9 et de grands domaines. Riche d&rsquo;une histoire marqu\u00e9e par la construction navale et l&rsquo;ostr\u00e9iculture, le village s&rsquo;est transform\u00e9 en une communaut\u00e9 r\u00e9sidentielle au d\u00e9but du XXe si\u00e8cle, avec un m\u00e9lange de maisons individuelles, d&rsquo;appartements et de condominiums. Le patrimoine architectural est grav\u00e9 dans les b\u00e2timents et les maisons historiques, qui racontent l&rsquo;h\u00e9ritage durable du village.<\/p>\n<p><strong>Culture de Old Westbury, NY :<\/strong> Dot\u00e9 d&rsquo;une culture dynamique et diversifi\u00e9e, Old Westbury abrite de nombreux mus\u00e9es et institutions culturelles qui donnent vie \u00e0 son histoire. Les parcs enchanteurs du village attirent des visiteurs du monde entier, tandis que le quartier commercial, agr\u00e9ment\u00e9 de lieux de vie nocturne, d&rsquo;h\u00f4tels, de restaurants au bord de l&rsquo;eau et de magasins \u00e9clectiques, invite \u00e0 l&rsquo;exploration.<\/p>\n<p><strong>Tourisme \u00e0 Old Westbury, NY :<\/strong> Old Westbury est devenu une destination touristique en plein essor, attirant les visiteurs gr\u00e2ce \u00e0 ses parcs pittoresques, ses villages pittoresques et son riche patrimoine culturel. Les c\u00e9l\u00e8bres Old Westbury Gardens, un manoir historique et des jardins datant du d\u00e9but du XXe si\u00e8cle, comptent parmi les attractions les plus remarquables de la ville. V\u00e9n\u00e9r\u00e9s par les habitants et les touristes, les jardins sont un lieu pittoresque pour les mariages et les \u00e9v\u00e9nements sp\u00e9ciaux. En outre, le campus de SUNY Old Westbury, une universit\u00e9 publique d&rsquo;arts lib\u00e9raux au sein du syst\u00e8me de l&rsquo;Universit\u00e9 de l&rsquo;\u00c9tat de New York, est une destination importante pour les \u00e9tudiants et les visiteurs, accueillant souvent des programmes et des \u00e9v\u00e9nements \u00e9ducatifs.<\/p>\n<p>Que vous soyez attir\u00e9 par le charme historique des Old Westbury Gardens ou par l&rsquo;attrait \u00e9ducatif du campus de SUNY Old Westbury, le village promet une exp\u00e9rience enrichissante \u00e0 tous ceux qui s&rsquo;aventurent dans ses bras accueillants. Visitez Old Westbury et plongez dans une tapisserie d&rsquo;histoire, de culture et de beaut\u00e9 naturelle qui continue \u00e0 captiver les c\u0153urs du monde entier.<\/p>\n<p>&nbsp;<\/p>\n<h1>Directions<\/h1>\n<ol class=\"list-outside list-decimal marker:font-mono marker:text-sm pl-11\">\n<li><span class=\"\">Prendre la direction est sur Old Country Rd vers Post Ave.<\/span><\/li>\n<li><span class=\"\">Tourner \u00e0 droite sur Post Ave.<\/span><\/li>\n<li><span class=\"\">Tourner \u00e0 gauche sur Jericho Turnpike.<\/span><\/li>\n<li><span class=\"\">Tourner \u00e0 droite sur Lakeville Rd.<\/span><\/li>\n<li><span class=\"\">Tourner \u00e0 gauche sur Northern Blvd.<\/span><\/li>\n<li><span class=\"\">Tourner \u00e0 gauche sur Little Neck Pkwy.<\/span><\/li>\n<li><span class=\"\">Complete Orthopedics sera sur la gauche au 52-21 Little Neck Pkwy.<\/span><\/li>\n<\/ol>\n<p><span class=\"\">Note : Les directions exactes peuvent varier en fonction de votre lieu de d\u00e9part. Il est recommand\u00e9 d&rsquo;utiliser un GPS ou un service de cartographie pour obtenir les indications les plus pr\u00e9cises.<\/span><\/p>\n<h1><\/h1>\n<h1>Soins de sant\u00e9 pr\u00e8s de Old Westbury<\/h1>\n<h4>Pharmacies<\/h4>\n<ol class=\"list-outside list-decimal marker:font-mono marker:text-sm pl-11\">\n<li><span class=\"\">CVS Pharmacy &#8211; 1050 Old Country Rd, Westbury, NY 11590<\/span><\/li>\n<li><span class=\"\">Walgreens Pharmacy &#8211; 15 Old Country Rd, Westbury, NY 11590<\/span><\/li>\n<li><span class=\"\">Rite Aid Pharmacy &#8211; 700 Old Country Rd, Garden City, NY 11530<\/span><\/li>\n<\/ol>\n<h4>Centres de radiologie<\/h4>\n<ol class=\"list-outside list-decimal marker:font-mono marker:text-sm pl-11\">\n<li><span class=\"\">North Shore Radiology Associates &#8211; 300 Community Dr, Manhasset, NY 11030<\/span><\/li>\n<li><span class=\"\">Long Island Radiology Associates &#8211; 865 Merrick Ave, Westbury, NY 11590<\/span><\/li>\n<li><span class=\"\">Diagnostic Radiology Associates &#8211; 165 N Village Ave, Rockville Centre, NY 11570<\/span><\/li>\n<\/ol>\n<h4>Centres de soins d&rsquo;urgence<\/h4>\n<ol class=\"list-outside list-decimal marker:font-mono marker:text-sm pl-11\">\n<li><span class=\"\">CityMD Westbury Urgent Care &#8211; 865 Merrick Ave, Westbury, NY 11590<\/span><\/li>\n<li><span class=\"\">ProHEALTH Urgent Care &#8211; 865 Merrick Ave, Westbury, NY 11590<\/span><\/li>\n<li><span class=\"\">Northwell Health-GoHealth Urgent Care &#8211; 1070 Northern Blvd, Roslyn, NY 11576<\/span><\/li>\n<\/ol>\n<h4>H\u00f4pitaux<\/h4>\n<ol class=\"list-outside list-decimal marker:font-mono marker:text-sm pl-11\">\n<li><span class=\"\">NYU Langone Hospital-Long Island &#8211; 259 1st St, Mineola, NY 11501<\/span><\/li>\n<li><span class=\"\">H\u00f4pital universitaire Winthrop &#8211; 259 1st St, Mineola, NY 11501<\/span><\/li>\n<li><span class=\"\">Francis Hospital &#8211; 100 Port Washington Blvd, Roslyn, NY 11576<\/span><\/li>\n<\/ol>\n<p><span class=\"\">Note : Les informations fournies sont exactes \u00e0 la date d&rsquo;octobre 2023.<\/span><\/p>\n<p>Nous sommes tr\u00e8s fiers d&rsquo;offrir des soins orthop\u00e9diques complets aux patients des diff\u00e9rents \u00e9tablissements de sant\u00e9 de notre communaut\u00e9, y compris ceux mentionn\u00e9s plus haut.<\/p>\n<p>Que vous nous adressiez une demande de traitement orthop\u00e9dique ou que vous recherchiez simplement des conseils d&rsquo;experts pour vos probl\u00e8mes orthop\u00e9diques, nous voulons que vous sachiez que notre \u00e9quipe d\u00e9vou\u00e9e, disponible 24 heures sur 24 et 7 jours sur 7, n&rsquo;est qu&rsquo;\u00e0 un coup de fil, toujours pr\u00eate \u00e0 vous fournir une assistance rapide et compatissante.<\/p>\n<p>Nous savons que les accidents du travail couverts par l&rsquo;indemnisation des accidents du travail et l&rsquo;assurance sans faute conduisent souvent les personnes \u00e0 se rendre dans des centres de soins d&rsquo;urgence et des h\u00f4pitaux. Toutefois, si votre blessure ne n\u00e9cessite pas une visite \u00e0 l&rsquo;h\u00f4pital, nous sommes ravis de vous proposer un traitement orthop\u00e9dique sp\u00e9cialis\u00e9 adapt\u00e9 \u00e0 ces cas sp\u00e9cifiques.<\/p>\n<p>N&rsquo;h\u00e9sitez pas \u00e0 nous contacter au 631-981-2663 pour prendre rendez-vous avec nous d\u00e8s aujourd&rsquo;hui. Votre bien-\u00eatre est, et sera toujours, notre plus grande priorit\u00e9.<\/p>\n","protected":false},"excerpt":{"rendered":"<p>Bienvenue au cabinet orthop\u00e9dique du Dr Nakul Karkare, votre source de confiance pour des soins orthop\u00e9diques in\u00e9gal\u00e9s, maintenant fi\u00e8rement au service de la communaut\u00e9 dynamique d&rsquo;Old Westbury, NY. Nich\u00e9 au c\u0153ur de Little Neck, notre cabinet s&rsquo;attache \u00e0 favoriser un environnement chaleureux et compatissant tout en offrant des services orthop\u00e9diques de premier ordre. Pourquoi choisir [&hellip;]<\/p>\n","protected":false},"author":33,"featured_media":0,"parent":17598,"menu_order":0,"comment_status":"closed","ping_status":"closed","template":"","meta":{"_et_pb_use_builder":"","_et_pb_old_content":"","_et_gb_content_width":"","footnotes":""},"class_list":["post-20980","page","type-page","status-publish","hentry"],"yoast_head":"<!-- This site is optimized with the Yoast SEO plugin v27.2 - https:\/\/yoast.com\/product\/yoast-seo-wordpress\/ -->\n<title>Old Westbury, NY | Best Hip &amp; Knee Surgeon | NY, USA<\/title>\n<meta name=\"description\" content=\"Bienvenue au cabinet orthop\u00e9dique du Dr Nakul Karkare, votre source de confiance pour des soins orthop\u00e9diques in\u00e9gal\u00e9s, maintenant fi\u00e8rement au service de\" \/>\n<meta name=\"robots\" content=\"index, follow, max-snippet:-1, max-image-preview:large, max-video-preview:-1\" \/>\n<link rel=\"canonical\" href=\"https:\/\/www.newyorkhipknee.com\/fr\/contact\/little-neck-meilleur-chirurgien-pour-larthroplastie-de-la-hanche-et-du-genou\/old-westbury-ny\/\" \/>\n<meta property=\"og:locale\" content=\"fr_FR\" \/>\n<meta property=\"og:type\" content=\"article\" \/>\n<meta property=\"og:title\" content=\"Old Westbury, NY | Best Hip &amp; Knee Surgeon | NY, USA\" \/>\n<meta property=\"og:description\" content=\"Bienvenue au cabinet orthop\u00e9dique du Dr Nakul Karkare, votre source de confiance pour des soins orthop\u00e9diques in\u00e9gal\u00e9s, maintenant fi\u00e8rement au service de\" \/>\n<meta property=\"og:url\" content=\"https:\/\/www.newyorkhipknee.com\/fr\/contact\/little-neck-meilleur-chirurgien-pour-larthroplastie-de-la-hanche-et-du-genou\/old-westbury-ny\/\" \/>\n<meta property=\"og:site_name\" content=\"Best Hip &amp; Knee Surgeon | NY, USA\" \/>\n<meta name=\"twitter:card\" content=\"summary_large_image\" \/>\n<meta name=\"twitter:label1\" content=\"Dur\u00e9e de lecture estim\u00e9e\" \/>\n\t<meta name=\"twitter:data1\" content=\"10 minutes\" \/>\n<script type=\"application\/ld+json\" class=\"yoast-schema-graph\">{\"@context\":\"https:\/\/schema.org\",\"@graph\":[{\"@type\":[\"WebPage\",\"MedicalWebPage\"],\"@id\":\"https:\/\/www.newyorkhipknee.com\/fr\/contact\/little-neck-meilleur-chirurgien-pour-larthroplastie-de-la-hanche-et-du-genou\/old-westbury-ny\/\",\"url\":\"https:\/\/www.newyorkhipknee.com\/fr\/contact\/little-neck-meilleur-chirurgien-pour-larthroplastie-de-la-hanche-et-du-genou\/old-westbury-ny\/\",\"name\":\"Old Westbury, NY | Best Hip &amp; Knee Surgeon | NY, USA\",\"isPartOf\":{\"@id\":\"https:\/\/www.newyorkhipknee.com\/fr\/#website\"},\"datePublished\":\"2023-11-22T21:32:00+00:00\",\"description\":\"Bienvenue au cabinet orthop\u00e9dique du Dr Nakul Karkare, votre source de confiance pour des soins orthop\u00e9diques in\u00e9gal\u00e9s, maintenant fi\u00e8rement au service de\",\"breadcrumb\":{\"@id\":\"https:\/\/www.newyorkhipknee.com\/fr\/contact\/little-neck-meilleur-chirurgien-pour-larthroplastie-de-la-hanche-et-du-genou\/old-westbury-ny\/#breadcrumb\"},\"inLanguage\":\"fr-FR\",\"potentialAction\":[{\"@type\":\"ReadAction\",\"target\":[\"https:\/\/www.newyorkhipknee.com\/fr\/contact\/little-neck-meilleur-chirurgien-pour-larthroplastie-de-la-hanche-et-du-genou\/old-westbury-ny\/\"]}]},{\"@type\":\"BreadcrumbList\",\"@id\":\"https:\/\/www.newyorkhipknee.com\/fr\/contact\/little-neck-meilleur-chirurgien-pour-larthroplastie-de-la-hanche-et-du-genou\/old-westbury-ny\/#breadcrumb\",\"itemListElement\":[{\"@type\":\"ListItem\",\"position\":1,\"name\":\"Home\",\"item\":\"https:\/\/www.newyorkhipknee.com\/fr\/\"},{\"@type\":\"ListItem\",\"position\":2,\"name\":\"CONTACT\",\"item\":\"https:\/\/www.newyorkhipknee.com\/fr\/contact\/\"},{\"@type\":\"ListItem\",\"position\":3,\"name\":\"Little Neck &#8211; Meilleur chirurgien pour l&rsquo;arthroplastie de la hanche et du genou\",\"item\":\"https:\/\/www.newyorkhipknee.com\/fr\/contact\/little-neck-meilleur-chirurgien-pour-larthroplastie-de-la-hanche-et-du-genou\/\"},{\"@type\":\"ListItem\",\"position\":4,\"name\":\"Old Westbury, NY\"}]},{\"@type\":\"WebSite\",\"@id\":\"https:\/\/www.newyorkhipknee.com\/fr\/#website\",\"url\":\"https:\/\/www.newyorkhipknee.com\/fr\/\",\"name\":\"Best Hip & Knee Surgeon | NY, USA\",\"description\":\"\",\"potentialAction\":[{\"@type\":\"SearchAction\",\"target\":{\"@type\":\"EntryPoint\",\"urlTemplate\":\"https:\/\/www.newyorkhipknee.com\/fr\/?s={search_term_string}\"},\"query-input\":{\"@type\":\"PropertyValueSpecification\",\"valueRequired\":true,\"valueName\":\"search_term_string\"}}],\"inLanguage\":\"fr-FR\"}]}<\/script>\n<!-- \/ Yoast SEO plugin. -->","yoast_head_json":{"title":"Old Westbury, NY | Best Hip &amp; Knee Surgeon | NY, USA","description":"Bienvenue au cabinet orthop\u00e9dique du Dr Nakul Karkare, votre source de confiance pour des soins orthop\u00e9diques in\u00e9gal\u00e9s, maintenant fi\u00e8rement au service de","robots":{"index":"index","follow":"follow","max-snippet":"max-snippet:-1","max-image-preview":"max-image-preview:large","max-video-preview":"max-video-preview:-1"},"canonical":"https:\/\/www.newyorkhipknee.com\/fr\/contact\/little-neck-meilleur-chirurgien-pour-larthroplastie-de-la-hanche-et-du-genou\/old-westbury-ny\/","og_locale":"fr_FR","og_type":"article","og_title":"Old Westbury, NY | Best Hip &amp; Knee Surgeon | NY, USA","og_description":"Bienvenue au cabinet orthop\u00e9dique du Dr Nakul Karkare, votre source de confiance pour des soins orthop\u00e9diques in\u00e9gal\u00e9s, maintenant fi\u00e8rement au service de","og_url":"https:\/\/www.newyorkhipknee.com\/fr\/contact\/little-neck-meilleur-chirurgien-pour-larthroplastie-de-la-hanche-et-du-genou\/old-westbury-ny\/","og_site_name":"Best Hip &amp; Knee Surgeon | NY, USA","twitter_card":"summary_large_image","twitter_misc":{"Dur\u00e9e de lecture estim\u00e9e":"10 minutes"},"schema":{"@context":"https:\/\/schema.org","@graph":[{"@type":["WebPage","MedicalWebPage"],"@id":"https:\/\/www.newyorkhipknee.com\/fr\/contact\/little-neck-meilleur-chirurgien-pour-larthroplastie-de-la-hanche-et-du-genou\/old-westbury-ny\/","url":"https:\/\/www.newyorkhipknee.com\/fr\/contact\/little-neck-meilleur-chirurgien-pour-larthroplastie-de-la-hanche-et-du-genou\/old-westbury-ny\/","name":"Old Westbury, NY | Best Hip &amp; Knee Surgeon | NY, USA","isPartOf":{"@id":"https:\/\/www.newyorkhipknee.com\/fr\/#website"},"datePublished":"2023-11-22T21:32:00+00:00","description":"Bienvenue au cabinet orthop\u00e9dique du Dr Nakul Karkare, votre source de confiance pour des soins orthop\u00e9diques in\u00e9gal\u00e9s, maintenant fi\u00e8rement au service de","breadcrumb":{"@id":"https:\/\/www.newyorkhipknee.com\/fr\/contact\/little-neck-meilleur-chirurgien-pour-larthroplastie-de-la-hanche-et-du-genou\/old-westbury-ny\/#breadcrumb"},"inLanguage":"fr-FR","potentialAction":[{"@type":"ReadAction","target":["https:\/\/www.newyorkhipknee.com\/fr\/contact\/little-neck-meilleur-chirurgien-pour-larthroplastie-de-la-hanche-et-du-genou\/old-westbury-ny\/"]}]},{"@type":"BreadcrumbList","@id":"https:\/\/www.newyorkhipknee.com\/fr\/contact\/little-neck-meilleur-chirurgien-pour-larthroplastie-de-la-hanche-et-du-genou\/old-westbury-ny\/#breadcrumb","itemListElement":[{"@type":"ListItem","position":1,"name":"Home","item":"https:\/\/www.newyorkhipknee.com\/fr\/"},{"@type":"ListItem","position":2,"name":"CONTACT","item":"https:\/\/www.newyorkhipknee.com\/fr\/contact\/"},{"@type":"ListItem","position":3,"name":"Little Neck &#8211; Meilleur chirurgien pour l&rsquo;arthroplastie de la hanche et du genou","item":"https:\/\/www.newyorkhipknee.com\/fr\/contact\/little-neck-meilleur-chirurgien-pour-larthroplastie-de-la-hanche-et-du-genou\/"},{"@type":"ListItem","position":4,"name":"Old Westbury, NY"}]},{"@type":"WebSite","@id":"https:\/\/www.newyorkhipknee.com\/fr\/#website","url":"https:\/\/www.newyorkhipknee.com\/fr\/","name":"Best Hip & Knee Surgeon | NY, USA","description":"","potentialAction":[{"@type":"SearchAction","target":{"@type":"EntryPoint","urlTemplate":"https:\/\/www.newyorkhipknee.com\/fr\/?s={search_term_string}"},"query-input":{"@type":"PropertyValueSpecification","valueRequired":true,"valueName":"search_term_string"}}],"inLanguage":"fr-FR"}]}},"_links":{"self":[{"href":"https:\/\/www.newyorkhipknee.com\/fr\/wp-json\/wp\/v2\/pages\/20980","targetHints":{"allow":["GET"]}}],"collection":[{"href":"https:\/\/www.newyorkhipknee.com\/fr\/wp-json\/wp\/v2\/pages"}],"about":[{"href":"https:\/\/www.newyorkhipknee.com\/fr\/wp-json\/wp\/v2\/types\/page"}],"author":[{"embeddable":true,"href":"https:\/\/www.newyorkhipknee.com\/fr\/wp-json\/wp\/v2\/users\/33"}],"replies":[{"embeddable":true,"href":"https:\/\/www.newyorkhipknee.com\/fr\/wp-json\/wp\/v2\/comments?post=20980"}],"version-history":[{"count":0,"href":"https:\/\/www.newyorkhipknee.com\/fr\/wp-json\/wp\/v2\/pages\/20980\/revisions"}],"up":[{"embeddable":true,"href":"https:\/\/www.newyorkhipknee.com\/fr\/wp-json\/wp\/v2\/pages\/17598"}],"wp:attachment":[{"href":"https:\/\/www.newyorkhipknee.com\/fr\/wp-json\/wp\/v2\/media?parent=20980"}],"curies":[{"name":"wp","href":"https:\/\/api.w.org\/{rel}","templated":true}]}}