{"id":20988,"date":"2023-11-23T16:15:11","date_gmt":"2023-11-23T21:15:11","guid":{"rendered":"https:\/\/newyorkhipknee.com\/contact\/little-neck-meilleur-chirurgien-pour-larthroplastie-de-la-hanche-et-du-genou\/uniondale-ny\/"},"modified":"2023-11-23T16:15:11","modified_gmt":"2023-11-23T21:15:11","slug":"uniondale-ny","status":"publish","type":"page","link":"https:\/\/www.newyorkhipknee.com\/fr\/contact\/little-neck-meilleur-chirurgien-pour-larthroplastie-de-la-hanche-et-du-genou\/uniondale-ny\/","title":{"rendered":"Uniondale, NY"},"content":{"rendered":"<h1><strong>Bienvenue au cabinet d&rsquo;orthop\u00e9die du Dr Nakul Karkare \u00e0 Little Neck, d\u00e9sormais au service d&rsquo;Uniondale<\/strong><\/h1>\n<p>Nakul Karkare Orthopedics, nous souhaitons la bienvenue \u00e0 la communaut\u00e9 dynamique d&rsquo;Uniondale, NY. Notre engagement \u00e0 fournir des soins orthop\u00e9diques in\u00e9gal\u00e9s s&rsquo;\u00e9tend d\u00e9sormais \u00e0 votre quartier, et nous sommes ravis de faire partie de votre parcours vers une meilleure sant\u00e9 musculo-squelettique.<\/p>\n<p><strong>Pourquoi nous choisir ?<\/strong><\/p>\n<p><em>L&rsquo;excellence orthop\u00e9dique centr\u00e9e sur l&rsquo;homme :<\/em> Ce qui nous distingue, c&rsquo;est notre attachement ind\u00e9fectible \u00e0 une approche des soins orthop\u00e9diques centr\u00e9e sur l&rsquo;\u00eatre humain. Nous comprenons que chaque patient est unique, et notre approche refl\u00e8te cette compr\u00e9hension. Notre engagement en faveur de soins personnalis\u00e9s garantit que vous recevrez un traitement adapt\u00e9 \u00e0 vos besoins sp\u00e9cifiques, en vous apportant non seulement une expertise m\u00e9dicale mais aussi une v\u00e9ritable compassion tout au long de votre processus de gu\u00e9rison.<\/p>\n<p><em>L&rsquo;expertise du Dr Nakul Karkare :<\/em> Notre cabinet est dirig\u00e9 par le Dr Nakul Karkare, un chirurgien orthop\u00e9dique distingu\u00e9, certifi\u00e9 par le conseil d&rsquo;administration et dot\u00e9 d&rsquo;une grande exp\u00e9rience. L&rsquo;engagement du Dr Karkare \u00e0 rester \u00e0 la pointe des progr\u00e8s orthop\u00e9diques n&rsquo;a d&rsquo;\u00e9gal que sa passion pour les soins aux patients. Gr\u00e2ce \u00e0 sa connaissance approfondie des diverses affections orthop\u00e9diques, il apporte un haut niveau de comp\u00e9tence et d&rsquo;expertise \u00e0 chaque cas.<\/p>\n<p><em>Techniques et technologies de pointe :<\/em> Nous sommes fiers d&rsquo;utiliser des techniques chirurgicales et des technologies de pointe pour garantir les meilleurs r\u00e9sultats possibles \u00e0 nos patients. L&rsquo;approche du docteur Karkare implique la pr\u00e9cision dans tous les aspects du traitement orthop\u00e9dique, du diagnostic \u00e0 l&rsquo;intervention chirurgicale et, en fin de compte, le chemin vers la gu\u00e9rison.<\/p>\n<p><strong>A propos du Dr. Nakul Karkare :<\/strong><\/p>\n<p>Le docteur Nakul Karkare est un chirurgien orthop\u00e9dique certifi\u00e9 par le conseil d&rsquo;administration qui a acquis sa r\u00e9putation en se consacrant \u00e0 l&rsquo;excellence des soins prodigu\u00e9s aux patients. Dipl\u00f4m\u00e9 d&rsquo;institutions prestigieuses et fort d&rsquo;une longue exp\u00e9rience, le docteur Karkare se sp\u00e9cialise dans les techniques chirurgicales peu invasives, privil\u00e9giant votre confort et garantissant un r\u00e9tablissement rapide.<\/p>\n<p>Sa mission va au-del\u00e0 du traitement des affections orthop\u00e9diques ; il s&rsquo;agit de restaurer votre mobilit\u00e9, de soulager votre douleur et d&rsquo;am\u00e9liorer votre qualit\u00e9 de vie en g\u00e9n\u00e9ral. L&rsquo;approche holistique du Dr Karkare en mati\u00e8re d&rsquo;orthop\u00e9die englobe non seulement l&rsquo;expertise m\u00e9dicale, mais aussi un v\u00e9ritable engagement en faveur de votre bien-\u00eatre.<\/p>\n<p>Alors que nous entamons ce nouveau chapitre \u00e0 Uniondale, Dr. Nakul Karkare Orthopedics reste fid\u00e8le \u00e0 sa promesse de fournir des soins orthop\u00e9diques personnalis\u00e9s, empreints de compassion et d&rsquo;expertise. Votre voyage vers une meilleure sant\u00e9 orthop\u00e9dique commence avec nous, et nous nous r\u00e9jouissons d&rsquo;\u00eatre votre partenaire de confiance \u00e0 chaque \u00e9tape du chemin.<\/p>\n<h1><\/h1>\n<h1>Nous sommes tr\u00e8s fiers de pr\u00e9senter une gamme compl\u00e8te de services orthop\u00e9diques m\u00e9ticuleusement adapt\u00e9s aux besoins sp\u00e9cifiques de la communaut\u00e9 d&rsquo;Uniondale.<\/h1>\n<h3><a href=\"https:\/\/newyorkhipknee.com\/custom-knee-replacement-surgery\/\" target=\"_blank\" rel=\"noopener\"><strong>Remplacement du genou sur mesure :<\/strong><\/a><\/h3>\n<p><em>Qui pourrait en b\u00e9n\u00e9ficier ?<\/em> L&rsquo;arthroplastie du genou sur mesure, \u00e9galement appel\u00e9e arthroplastie personnalis\u00e9e du genou, constitue une solution sur mesure pour les personnes souffrant de douleurs, de raideurs et de gonflements importants au niveau du genou, qui entravent consid\u00e9rablement leurs activit\u00e9s quotidiennes. Les causes peuvent aller de l&rsquo;arthrose \u00e0 la polyarthrite rhumato\u00efde, en passant par les traumatismes et les troubles d\u00e9g\u00e9n\u00e9ratifs de l&rsquo;articulation du genou.<\/p>\n<p><em>La proc\u00e9dure chirurgicale :<\/em> Cette intervention complexe consiste \u00e0 remplacer l&rsquo;articulation du genou endommag\u00e9e par un implant artificiel m\u00e9ticuleusement con\u00e7u et personnalis\u00e9 en fonction de la structure anatomique unique du patient. Gr\u00e2ce \u00e0 une technologie d&rsquo;imagerie de pointe, un mod\u00e8le 3D pr\u00e9cis de l&rsquo;articulation du genou est g\u00e9n\u00e9r\u00e9, garantissant un ajustement sur mesure. La proc\u00e9dure, r\u00e9alis\u00e9e sous anesth\u00e9sie, donne la priorit\u00e9 au confort du patient tout au long de la proc\u00e9dure.<\/p>\n<p><em>Les avantages :<\/em><\/p>\n<ol>\n<li><strong>Soulagement de la douleur :<\/strong> Les implants sur mesure minimisent l&rsquo;inconfort, facilitant le retour \u00e0 la mobilit\u00e9 et aux activit\u00e9s quotidiennes.<\/li>\n<li><strong>Am\u00e9lioration de la mobilit\u00e9 :<\/strong> Am\u00e9liore l&rsquo;amplitude de mouvement pour un mouvement plus naturel de l&rsquo;articulation du genou.<\/li>\n<li><strong>Am\u00e9lioration de la qualit\u00e9 de vie :<\/strong> Les patients retrouvent la capacit\u00e9 de s&rsquo;engager dans des activit\u00e9s auparavant limit\u00e9es par la douleur au genou.<\/li>\n<li><strong>R\u00e9cup\u00e9ration plus rapide :<\/strong> La pr\u00e9cision et les techniques peu invasives permettent un r\u00e9tablissement plus rapide que les m\u00e9thodes traditionnelles.<\/li>\n<\/ol>\n<p>&nbsp;<\/p>\n<h3><a href=\"https:\/\/newyorkhipknee.com\/hip-replacement-surgery\/\" target=\"_blank\" rel=\"noopener\"><strong>Remplacement de la hanche :<\/strong><\/a><\/h3>\n<p><em>Qui peut en b\u00e9n\u00e9ficier ?<\/em> L&rsquo;arthroplastie de la hanche est recommand\u00e9e aux personnes souffrant de douleurs, de raideurs et de gonflements s\u00e9v\u00e8res de la hanche, souvent dus \u00e0 l&rsquo;arthrose, \u00e0 la polyarthrite rhumato\u00efde, \u00e0 la n\u00e9crose avasculaire ou \u00e0 des fractures de la hanche.<\/p>\n<p><em>La proc\u00e9dure chirurgicale :<\/em> Cette merveille chirurgicale consiste \u00e0 remplacer une articulation de la hanche endommag\u00e9e par un implant artificiel m\u00e9ticuleusement con\u00e7u pour reproduire la structure et la fonction naturelles de l&rsquo;articulation de la hanche. Comme pour le remplacement du genou, cette intervention est r\u00e9alis\u00e9e sous anesth\u00e9sie, ce qui garantit le confort du patient.<\/p>\n<p><em>Les avantages :<\/em><\/p>\n<ol>\n<li><strong>Soulagement de la douleur :<\/strong> Soulage la douleur s\u00e9v\u00e8re \u00e0 la hanche, r\u00e9tablit la mobilit\u00e9 et les activit\u00e9s quotidiennes.<\/li>\n<li><strong>Am\u00e9lioration de la mobilit\u00e9 :<\/strong> Am\u00e9liore l&rsquo;amplitude des mouvements de l&rsquo;articulation de la hanche.<\/li>\n<li><strong>Am\u00e9lioration de la qualit\u00e9 de vie :<\/strong> Les patients retrouvent la capacit\u00e9 de participer \u00e0 des activit\u00e9s entrav\u00e9es par la douleur de la hanche.<\/li>\n<li><strong>R\u00e9cup\u00e9ration plus rapide :<\/strong> R\u00e9cup\u00e9ration plus rapide, avec r\u00e9duction de la douleur et am\u00e9lioration de l&rsquo;amplitude des mouvements par rapport \u00e0 l&rsquo;\u00e9tat ant\u00e9rieur \u00e0 l&rsquo;op\u00e9ration.<\/li>\n<\/ol>\n<p>Dans les deux cas, le Dr Nakul Karkare utilise des techniques chirurgicales innovantes et une technologie de pointe pour placer les implants avec pr\u00e9cision par le biais d&rsquo;incisions plus petites qui \u00e9pargnent les tissus. Cette approche minimise la douleur et acc\u00e9l\u00e8re le r\u00e9tablissement.<\/p>\n<p>L&rsquo;expertise du Dr Karkare, associ\u00e9e \u00e0 la nature personnalis\u00e9e des implants sur mesure, garantit des r\u00e9sultats sup\u00e9rieurs aux patients qui cherchent \u00e0 soulager leurs probl\u00e8mes d&rsquo;articulation du genou et de la hanche.<\/p>\n<p>Si vous souffrez de douleurs articulaires, de raideurs, de gonflements ou de blessures, n&rsquo;h\u00e9sitez pas \u00e0 contacter le centre orthop\u00e9dique du Dr Nakul Karkare. Notre \u00e9quipe sp\u00e9cialis\u00e9e s&rsquo;engage \u00e0 vous aider \u00e0 retrouver votre mobilit\u00e9, \u00e0 soulager vos douleurs et \u00e0 am\u00e9liorer votre qualit\u00e9 de vie en g\u00e9n\u00e9ral. Votre bien-\u00eatre est notre principale pr\u00e9occupation, et nous vous guidons sur la voie d&rsquo;une meilleure sant\u00e9 orthop\u00e9dique.<\/p>\n<p>&nbsp;<\/p>\n<h1>\u00c0 propos de Uniondale, Ny<\/h1>\n<p>Bienvenue \u00e0 Uniondale, NY, un hameau captivant nich\u00e9 dans le comt\u00e9 de Nassau, Long Island, o\u00f9 se d\u00e9ploie une riche tapisserie d&rsquo;histoire, de culture et de beaut\u00e9 naturelle. Uniondale t\u00e9moigne de l&rsquo;h\u00e9ritage durable de son pass\u00e9 et de l&rsquo;\u00e9nergie vibrante de son pr\u00e9sent.<\/p>\n<p><strong>Histoire d&rsquo;Uniondale, NY :<\/strong> Les racines d&rsquo;Uniondale remontent \u00e0 l&rsquo;\u00e9poque coloniale, o\u00f9 la tribu am\u00e9rindienne des Matinecocks y vivait. Le XVIIe si\u00e8cle a accueilli des colons europ\u00e9ens, marquant l&rsquo;\u00e9volution du hameau en un centre d&rsquo;agriculture et de p\u00eache. Tout au long du XIXe si\u00e8cle, Uniondale a attir\u00e9 les New-Yorkais fortun\u00e9s qui y ont \u00e9tabli des retraites d&rsquo;\u00e9t\u00e9, tissant ainsi une tapisserie de domaines luxueux.<\/p>\n<p>L&rsquo;importance historique du hameau s&rsquo;\u00e9tend \u00e0 diverses industries, dont la construction navale et l&rsquo;ostr\u00e9iculture. \u00c0 l&rsquo;aube du XXe si\u00e8cle, Uniondale s&rsquo;est m\u00e9tamorphos\u00e9e en un havre r\u00e9sidentiel, avec un m\u00e9lange \u00e9clectique de maisons individuelles, d&rsquo;appartements et de condominiums. Aujourd&rsquo;hui, Uniondale pr\u00e9serve fi\u00e8rement son patrimoine architectural, agr\u00e9ment\u00e9 de b\u00e2timents historiques qui racontent des histoires d&rsquo;une \u00e9poque r\u00e9volue.<\/p>\n<p><strong>Culture d&rsquo;Uniondale, NY :<\/strong> Plongez dans la culture dynamique et diversifi\u00e9e d&rsquo;Uniondale, o\u00f9 une myriade de mus\u00e9es et d&rsquo;institutions culturelles vous attendent. De magnifiques parcs pars\u00e8ment le paysage, attirant des visiteurs de tous horizons. Le quartier commercial bouillonne de vie, avec une vie nocturne anim\u00e9e, des h\u00f4tels confortables, des restaurants au bord de l&rsquo;eau et un grand nombre de magasins \u00e0 d\u00e9couvrir.<\/p>\n<p><strong>Tourisme \u00e0 Uniondale, NY :<\/strong> Uniondale appara\u00eet comme une destination touristique enchanteresse, c\u00e9l\u00e9br\u00e9e pour ses parcs pittoresques, ses villages charmants et une tapisserie culturelle qui captive l&rsquo;imagination. Parmi ses joyaux, le Nassau Veterans Memorial Coliseum, une ar\u00e8ne historique qui a \u00e9t\u00e9 le th\u00e9\u00e2tre d&rsquo;\u00e9v\u00e9nements majeurs, qu&rsquo;il s&rsquo;agisse de concerts, de spectacles sportifs ou de rassemblements politiques. Au-del\u00e0 du divertissement, l&rsquo;ar\u00e8ne sert de plaque tournante pour les programmes \u00e9ducatifs et les \u00e9v\u00e9nements, invitant \u00e0 la fois les habitants et les touristes.<\/p>\n<p>Un autre joyau de la couronne d&rsquo;Uniondale est le mus\u00e9e d&rsquo;art de l&rsquo;universit\u00e9 Hofstra, une institution historique qui retrace le r\u00e9cit captivant de l&rsquo;histoire de l&rsquo;art. Fr\u00e9quent\u00e9 par les habitants et les visiteurs, ce mus\u00e9e sert de point de convergence pour les programmes \u00e9ducatifs et les \u00e9v\u00e9nements, contribuant ainsi au dynamisme culturel d&rsquo;Uniondale.<\/p>\n<p>\u00c0 Uniondale, chaque coin de rue raconte une histoire et chaque point de rep\u00e8re invite \u00e0 l&rsquo;exploration. Que vous soyez attir\u00e9 par ses ar\u00e8nes historiques, ses institutions culturelles ou ses parcs luxuriants, Uniondale vous invite \u00e0 faire partie de son r\u00e9cit, o\u00f9 l&rsquo;histoire et la modernit\u00e9 convergent dans une danse harmonieuse.<\/p>\n<h1>Directions<\/h1>\n<p><span class=\"\">Voici l&rsquo;itin\u00e9raire \u00e0 suivre pour se rendre de Uniondale, NY \u00e0 Complete Orthopedics au 52-21 Little Neck Parkway, Little Neck, NY 11362 :<\/span><\/p>\n<ol class=\"list-outside list-decimal marker:font-mono marker:text-sm pl-11\">\n<li><span class=\"\">Prendre la direction ouest sur Hempstead Turnpike vers Uniondale Ave.<\/span><\/li>\n<li><span class=\"\">Tourner \u00e0 droite sur Uniondale Ave.<\/span><\/li>\n<li><span class=\"\">Tourner \u00e0 gauche sur Stewart Ave.<\/span><\/li>\n<li><span class=\"\">Tourner \u00e0 droite sur Northern Blvd.<\/span><\/li>\n<li><span class=\"\">Tourner \u00e0 gauche sur Little Neck Pkwy.<\/span><\/li>\n<li><span class=\"\">Complete Orthopedics sera sur la gauche au 52-21 Little Neck Pkwy.<\/span><\/li>\n<\/ol>\n<p><span class=\"\">Note : Les directions exactes peuvent varier en fonction de votre lieu de d\u00e9part. Il est recommand\u00e9 d&rsquo;utiliser un GPS ou un service de cartographie pour obtenir les indications les plus pr\u00e9cises.<\/span><\/p>\n<p><span class=\"\">.<\/span><\/p>\n<h1>Soins de sant\u00e9 pr\u00e8s de Uniondale<\/h1>\n<h4>Pharmacies<\/h4>\n<ol class=\"list-outside list-decimal marker:font-mono marker:text-sm pl-11\">\n<li><span class=\"\">CVS Pharmacy &#8211; 1180 Hempstead Turnpike, Uniondale, NY 11553<\/span><\/li>\n<li><span class=\"\">Walgreens Pharmacy &#8211; 399 Port Washington Blvd, Port Washington, NY 11050<\/span><\/li>\n<li><span class=\"\">Rite Aid Pharmacy &#8211; 1 N Village Ave, Rockville Centre, NY 11570<\/span><\/li>\n<\/ol>\n<h4>Centres de radiologie<\/h4>\n<ol class=\"list-outside list-decimal marker:font-mono marker:text-sm pl-11\">\n<li><span class=\"\">North Shore Radiology Associates &#8211; 300 Community Dr, Manhasset, NY 11030<\/span><\/li>\n<li><span class=\"\">Long Island Radiology Associates &#8211; 865 Merrick Ave, Westbury, NY 11590<\/span><\/li>\n<li><span class=\"\">Diagnostic Radiology Associates &#8211; 165 N Village Ave, Rockville Centre, NY 11570<\/span><\/li>\n<\/ol>\n<h4>Centres de soins d&rsquo;urgence<\/h4>\n<ol class=\"list-outside list-decimal marker:font-mono marker:text-sm pl-11\">\n<li><span class=\"\">CityMD Uniondale Urgent Care &#8211; 625 Hempstead Turnpike, Uniondale, NY 11553<\/span><\/li>\n<li><span class=\"\">ProHEALTH Urgent Care &#8211; 1 Expressway Plaza, Roslyn Heights, NY 11577<\/span><\/li>\n<li><span class=\"\">Northwell Health-GoHealth Urgent Care &#8211; 1070 Northern Blvd, Roslyn, NY 11576<\/span><\/li>\n<\/ol>\n<h4>H\u00f4pitaux<\/h4>\n<ol class=\"list-outside list-decimal marker:font-mono marker:text-sm pl-11\">\n<li><span class=\"\">Nassau University Medical Center &#8211; 2201 Hempstead Turnpike, East Meadow, NY 11554<\/span><\/li>\n<li><span class=\"\">Mercy Medical Center &#8211; 1000 N Village Ave, Rockville Centre, NY 11570<\/span><\/li>\n<li><span class=\"\">Francis Hospital &#8211; 100 Port Washington Blvd, Roslyn, NY 11576<\/span><\/li>\n<\/ol>\n<p><span class=\"\">Note : Les informations fournies sont exactes \u00e0 la date d&rsquo;octobre 2023.<\/span><\/p>\n<p>Nous sommes tr\u00e8s fiers d&rsquo;offrir des soins orthop\u00e9diques complets aux patients des diff\u00e9rents \u00e9tablissements de sant\u00e9 de notre communaut\u00e9, y compris ceux mentionn\u00e9s plus haut.<\/p>\n<p>Que vous nous adressiez une demande de traitement orthop\u00e9dique ou que vous recherchiez simplement des conseils d&rsquo;experts pour vos probl\u00e8mes orthop\u00e9diques, nous voulons que vous sachiez que notre \u00e9quipe d\u00e9vou\u00e9e, disponible 24 heures sur 24 et 7 jours sur 7, n&rsquo;est qu&rsquo;\u00e0 un coup de fil, toujours pr\u00eate \u00e0 vous fournir une assistance rapide et compatissante.<\/p>\n<p>Nous savons que les accidents du travail couverts par l&rsquo;indemnisation des accidents du travail et l&rsquo;assurance sans faute conduisent souvent les personnes \u00e0 se rendre dans des centres de soins d&rsquo;urgence et des h\u00f4pitaux. Toutefois, si votre blessure ne n\u00e9cessite pas une visite \u00e0 l&rsquo;h\u00f4pital, nous sommes ravis de vous proposer un traitement orthop\u00e9dique sp\u00e9cialis\u00e9 adapt\u00e9 \u00e0 ces cas sp\u00e9cifiques.<\/p>\n<p>N&rsquo;h\u00e9sitez pas \u00e0 nous contacter au 631-981-2663 pour prendre rendez-vous avec nous d\u00e8s aujourd&rsquo;hui. Votre bien-\u00eatre est, et sera toujours, notre plus grande priorit\u00e9.<\/p>\n","protected":false},"excerpt":{"rendered":"<p>Bienvenue au cabinet d&rsquo;orthop\u00e9die du Dr Nakul Karkare \u00e0 Little Neck, d\u00e9sormais au service d&rsquo;Uniondale Nakul Karkare Orthopedics, nous souhaitons la bienvenue \u00e0 la communaut\u00e9 dynamique d&rsquo;Uniondale, NY. Notre engagement \u00e0 fournir des soins orthop\u00e9diques in\u00e9gal\u00e9s s&rsquo;\u00e9tend d\u00e9sormais \u00e0 votre quartier, et nous sommes ravis de faire partie de votre parcours vers une meilleure sant\u00e9 [&hellip;]<\/p>\n","protected":false},"author":33,"featured_media":0,"parent":17598,"menu_order":0,"comment_status":"closed","ping_status":"closed","template":"","meta":{"_et_pb_use_builder":"","_et_pb_old_content":"","_et_gb_content_width":"","footnotes":""},"class_list":["post-20988","page","type-page","status-publish","hentry"],"yoast_head":"<!-- This site is optimized with the Yoast SEO plugin v27.2 - https:\/\/yoast.com\/product\/yoast-seo-wordpress\/ -->\n<title>Uniondale, NY | Best Hip &amp; Knee Surgeon | NY, USA<\/title>\n<meta name=\"description\" content=\"Bienvenue au cabinet d&#039;orthop\u00e9die du Dr Nakul Karkare \u00e0 Little Neck, d\u00e9sormais au service d&#039;Uniondale Nakul Karkare Orthopedics, nous souhaitons la\" \/>\n<meta name=\"robots\" content=\"index, follow, max-snippet:-1, max-image-preview:large, max-video-preview:-1\" \/>\n<link rel=\"canonical\" href=\"https:\/\/www.newyorkhipknee.com\/fr\/contact\/little-neck-meilleur-chirurgien-pour-larthroplastie-de-la-hanche-et-du-genou\/uniondale-ny\/\" \/>\n<meta property=\"og:locale\" content=\"fr_FR\" \/>\n<meta property=\"og:type\" content=\"article\" \/>\n<meta property=\"og:title\" content=\"Uniondale, NY | Best Hip &amp; Knee Surgeon | NY, USA\" \/>\n<meta property=\"og:description\" content=\"Bienvenue au cabinet d&#039;orthop\u00e9die du Dr Nakul Karkare \u00e0 Little Neck, d\u00e9sormais au service d&#039;Uniondale Nakul Karkare Orthopedics, nous souhaitons la\" \/>\n<meta property=\"og:url\" content=\"https:\/\/www.newyorkhipknee.com\/fr\/contact\/little-neck-meilleur-chirurgien-pour-larthroplastie-de-la-hanche-et-du-genou\/uniondale-ny\/\" \/>\n<meta property=\"og:site_name\" content=\"Best Hip &amp; Knee Surgeon | NY, USA\" \/>\n<meta name=\"twitter:card\" content=\"summary_large_image\" \/>\n<meta name=\"twitter:label1\" content=\"Dur\u00e9e de lecture estim\u00e9e\" \/>\n\t<meta name=\"twitter:data1\" content=\"10 minutes\" \/>\n<script type=\"application\/ld+json\" class=\"yoast-schema-graph\">{\"@context\":\"https:\/\/schema.org\",\"@graph\":[{\"@type\":[\"WebPage\",\"MedicalWebPage\"],\"@id\":\"https:\/\/www.newyorkhipknee.com\/fr\/contact\/little-neck-meilleur-chirurgien-pour-larthroplastie-de-la-hanche-et-du-genou\/uniondale-ny\/\",\"url\":\"https:\/\/www.newyorkhipknee.com\/fr\/contact\/little-neck-meilleur-chirurgien-pour-larthroplastie-de-la-hanche-et-du-genou\/uniondale-ny\/\",\"name\":\"Uniondale, NY | Best Hip &amp; Knee Surgeon | NY, USA\",\"isPartOf\":{\"@id\":\"https:\/\/www.newyorkhipknee.com\/fr\/#website\"},\"datePublished\":\"2023-11-23T21:15:11+00:00\",\"description\":\"Bienvenue au cabinet d'orthop\u00e9die du Dr Nakul Karkare \u00e0 Little Neck, d\u00e9sormais au service d'Uniondale Nakul Karkare Orthopedics, nous souhaitons la\",\"breadcrumb\":{\"@id\":\"https:\/\/www.newyorkhipknee.com\/fr\/contact\/little-neck-meilleur-chirurgien-pour-larthroplastie-de-la-hanche-et-du-genou\/uniondale-ny\/#breadcrumb\"},\"inLanguage\":\"fr-FR\",\"potentialAction\":[{\"@type\":\"ReadAction\",\"target\":[\"https:\/\/www.newyorkhipknee.com\/fr\/contact\/little-neck-meilleur-chirurgien-pour-larthroplastie-de-la-hanche-et-du-genou\/uniondale-ny\/\"]}]},{\"@type\":\"BreadcrumbList\",\"@id\":\"https:\/\/www.newyorkhipknee.com\/fr\/contact\/little-neck-meilleur-chirurgien-pour-larthroplastie-de-la-hanche-et-du-genou\/uniondale-ny\/#breadcrumb\",\"itemListElement\":[{\"@type\":\"ListItem\",\"position\":1,\"name\":\"Home\",\"item\":\"https:\/\/www.newyorkhipknee.com\/fr\/\"},{\"@type\":\"ListItem\",\"position\":2,\"name\":\"CONTACT\",\"item\":\"https:\/\/www.newyorkhipknee.com\/fr\/contact\/\"},{\"@type\":\"ListItem\",\"position\":3,\"name\":\"Little Neck &#8211; Meilleur chirurgien pour l&rsquo;arthroplastie de la hanche et du genou\",\"item\":\"https:\/\/www.newyorkhipknee.com\/fr\/contact\/little-neck-meilleur-chirurgien-pour-larthroplastie-de-la-hanche-et-du-genou\/\"},{\"@type\":\"ListItem\",\"position\":4,\"name\":\"Uniondale, NY\"}]},{\"@type\":\"WebSite\",\"@id\":\"https:\/\/www.newyorkhipknee.com\/fr\/#website\",\"url\":\"https:\/\/www.newyorkhipknee.com\/fr\/\",\"name\":\"Best Hip & Knee Surgeon | NY, USA\",\"description\":\"\",\"potentialAction\":[{\"@type\":\"SearchAction\",\"target\":{\"@type\":\"EntryPoint\",\"urlTemplate\":\"https:\/\/www.newyorkhipknee.com\/fr\/?s={search_term_string}\"},\"query-input\":{\"@type\":\"PropertyValueSpecification\",\"valueRequired\":true,\"valueName\":\"search_term_string\"}}],\"inLanguage\":\"fr-FR\"}]}<\/script>\n<!-- \/ Yoast SEO plugin. -->","yoast_head_json":{"title":"Uniondale, NY | Best Hip &amp; Knee Surgeon | NY, USA","description":"Bienvenue au cabinet d'orthop\u00e9die du Dr Nakul Karkare \u00e0 Little Neck, d\u00e9sormais au service d'Uniondale Nakul Karkare Orthopedics, nous souhaitons la","robots":{"index":"index","follow":"follow","max-snippet":"max-snippet:-1","max-image-preview":"max-image-preview:large","max-video-preview":"max-video-preview:-1"},"canonical":"https:\/\/www.newyorkhipknee.com\/fr\/contact\/little-neck-meilleur-chirurgien-pour-larthroplastie-de-la-hanche-et-du-genou\/uniondale-ny\/","og_locale":"fr_FR","og_type":"article","og_title":"Uniondale, NY | Best Hip &amp; Knee Surgeon | NY, USA","og_description":"Bienvenue au cabinet d'orthop\u00e9die du Dr Nakul Karkare \u00e0 Little Neck, d\u00e9sormais au service d'Uniondale Nakul Karkare Orthopedics, nous souhaitons la","og_url":"https:\/\/www.newyorkhipknee.com\/fr\/contact\/little-neck-meilleur-chirurgien-pour-larthroplastie-de-la-hanche-et-du-genou\/uniondale-ny\/","og_site_name":"Best Hip &amp; Knee Surgeon | NY, USA","twitter_card":"summary_large_image","twitter_misc":{"Dur\u00e9e de lecture estim\u00e9e":"10 minutes"},"schema":{"@context":"https:\/\/schema.org","@graph":[{"@type":["WebPage","MedicalWebPage"],"@id":"https:\/\/www.newyorkhipknee.com\/fr\/contact\/little-neck-meilleur-chirurgien-pour-larthroplastie-de-la-hanche-et-du-genou\/uniondale-ny\/","url":"https:\/\/www.newyorkhipknee.com\/fr\/contact\/little-neck-meilleur-chirurgien-pour-larthroplastie-de-la-hanche-et-du-genou\/uniondale-ny\/","name":"Uniondale, NY | Best Hip &amp; Knee Surgeon | NY, USA","isPartOf":{"@id":"https:\/\/www.newyorkhipknee.com\/fr\/#website"},"datePublished":"2023-11-23T21:15:11+00:00","description":"Bienvenue au cabinet d'orthop\u00e9die du Dr Nakul Karkare \u00e0 Little Neck, d\u00e9sormais au service d'Uniondale Nakul Karkare Orthopedics, nous souhaitons la","breadcrumb":{"@id":"https:\/\/www.newyorkhipknee.com\/fr\/contact\/little-neck-meilleur-chirurgien-pour-larthroplastie-de-la-hanche-et-du-genou\/uniondale-ny\/#breadcrumb"},"inLanguage":"fr-FR","potentialAction":[{"@type":"ReadAction","target":["https:\/\/www.newyorkhipknee.com\/fr\/contact\/little-neck-meilleur-chirurgien-pour-larthroplastie-de-la-hanche-et-du-genou\/uniondale-ny\/"]}]},{"@type":"BreadcrumbList","@id":"https:\/\/www.newyorkhipknee.com\/fr\/contact\/little-neck-meilleur-chirurgien-pour-larthroplastie-de-la-hanche-et-du-genou\/uniondale-ny\/#breadcrumb","itemListElement":[{"@type":"ListItem","position":1,"name":"Home","item":"https:\/\/www.newyorkhipknee.com\/fr\/"},{"@type":"ListItem","position":2,"name":"CONTACT","item":"https:\/\/www.newyorkhipknee.com\/fr\/contact\/"},{"@type":"ListItem","position":3,"name":"Little Neck &#8211; Meilleur chirurgien pour l&rsquo;arthroplastie de la hanche et du genou","item":"https:\/\/www.newyorkhipknee.com\/fr\/contact\/little-neck-meilleur-chirurgien-pour-larthroplastie-de-la-hanche-et-du-genou\/"},{"@type":"ListItem","position":4,"name":"Uniondale, NY"}]},{"@type":"WebSite","@id":"https:\/\/www.newyorkhipknee.com\/fr\/#website","url":"https:\/\/www.newyorkhipknee.com\/fr\/","name":"Best Hip & Knee Surgeon | NY, USA","description":"","potentialAction":[{"@type":"SearchAction","target":{"@type":"EntryPoint","urlTemplate":"https:\/\/www.newyorkhipknee.com\/fr\/?s={search_term_string}"},"query-input":{"@type":"PropertyValueSpecification","valueRequired":true,"valueName":"search_term_string"}}],"inLanguage":"fr-FR"}]}},"_links":{"self":[{"href":"https:\/\/www.newyorkhipknee.com\/fr\/wp-json\/wp\/v2\/pages\/20988","targetHints":{"allow":["GET"]}}],"collection":[{"href":"https:\/\/www.newyorkhipknee.com\/fr\/wp-json\/wp\/v2\/pages"}],"about":[{"href":"https:\/\/www.newyorkhipknee.com\/fr\/wp-json\/wp\/v2\/types\/page"}],"author":[{"embeddable":true,"href":"https:\/\/www.newyorkhipknee.com\/fr\/wp-json\/wp\/v2\/users\/33"}],"replies":[{"embeddable":true,"href":"https:\/\/www.newyorkhipknee.com\/fr\/wp-json\/wp\/v2\/comments?post=20988"}],"version-history":[{"count":0,"href":"https:\/\/www.newyorkhipknee.com\/fr\/wp-json\/wp\/v2\/pages\/20988\/revisions"}],"up":[{"embeddable":true,"href":"https:\/\/www.newyorkhipknee.com\/fr\/wp-json\/wp\/v2\/pages\/17598"}],"wp:attachment":[{"href":"https:\/\/www.newyorkhipknee.com\/fr\/wp-json\/wp\/v2\/media?parent=20988"}],"curies":[{"name":"wp","href":"https:\/\/api.w.org\/{rel}","templated":true}]}}