{"id":20992,"date":"2023-11-23T12:43:51","date_gmt":"2023-11-23T17:43:51","guid":{"rendered":"https:\/\/newyorkhipknee.com\/contact\/little-neck-meilleur-chirurgien-pour-larthroplastie-de-la-hanche-et-du-genou\/roslyn-ny\/"},"modified":"2023-11-23T12:43:51","modified_gmt":"2023-11-23T17:43:51","slug":"roslyn-ny","status":"publish","type":"page","link":"https:\/\/www.newyorkhipknee.com\/fr\/contact\/little-neck-meilleur-chirurgien-pour-larthroplastie-de-la-hanche-et-du-genou\/roslyn-ny\/","title":{"rendered":"Roslyn, NY"},"content":{"rendered":"<h1>Bienvenue au Dr. Nakul Karkare&rsquo;s Orthopedic Haven, votre source d\u00e9vou\u00e9e pour des soins orthop\u00e9diques exceptionnels \u00e0 Roslyn, NY !<\/h1>\n<p>Le Dr Karkare est ravi d&rsquo;\u00e9tendre ses services orthop\u00e9diques complets \u00e0 la communaut\u00e9 chaleureuse et accueillante de Roslyn. Avec un m\u00e9lange unique de professionnalisme et une approche centr\u00e9e sur le patient, le docteur Karkare s&rsquo;assure que vous recevez le plus haut niveau de soins orthop\u00e9diques personnalis\u00e9s.<\/p>\n<p>Choisir le Dr Nakul Karkare, c&rsquo;est choisir un partenaire de confiance pour vos besoins orthop\u00e9diques. Le docteur Karkare, sp\u00e9cialiste orthop\u00e9dique r\u00e9put\u00e9, apporte sa grande exp\u00e9rience et son expertise pour diagnostiquer et traiter efficacement un large \u00e9ventail d&rsquo;affections orthop\u00e9diques.<\/p>\n<p><strong>Voici pourquoi les services orthop\u00e9diques du Dr Nakul Karkare se distinguent :<\/strong><\/p>\n<p><strong>Des soins orthop\u00e9diques de haut niveau :<\/strong> Le docteur Karkare est un sp\u00e9cialiste orthop\u00e9dique hautement qualifi\u00e9 qui s&rsquo;attache \u00e0 fournir des soins de premier ordre. Ses connaissances approfondies et son expertise garantissent que vous recevrez le meilleur traitement possible, adapt\u00e9 \u00e0 vos besoins uniques.<\/p>\n<p><strong>Plans de traitement personnalis\u00e9s :<\/strong> Comprenant le caract\u00e8re unique de chaque patient, le Dr Karkare personnalise les plans de traitement en fonction de vos besoins et objectifs sp\u00e9cifiques. Votre confort et votre bien-\u00eatre sont ses premi\u00e8res priorit\u00e9s.<\/p>\n<p><strong>Des soins accessibles :<\/strong> Bien que l&rsquo;\u00e9tablissement principal du Dr Karkare se trouve \u00e0 Little Neck, NY, il est ravi d&rsquo;\u00e9tendre ses services \u00e0 Roslyn. Le docteur Karkare est convaincu que des soins orthop\u00e9diques exceptionnels sont accessibles \u00e0 tous. Sa volont\u00e9 d&rsquo;\u00e9tendre son champ d&rsquo;action vous permet d&rsquo;acc\u00e9der \u00e0 des services orthop\u00e9diques de premier ordre plus pr\u00e8s de chez vous.<\/p>\n<p>Votre sant\u00e9 orthop\u00e9dique est entre les mains expertes du Dr Nakul Karkare. Il est l\u00e0 pour vous aider \u00e0 retrouver votre mobilit\u00e9, \u00e0 soulager vos douleurs et \u00e0 am\u00e9liorer votre qualit\u00e9 de vie en g\u00e9n\u00e9ral. Que vous souffriez de douleurs articulaires, de blessures sportives, de fractures ou de tout autre probl\u00e8me orthop\u00e9dique, faites confiance au docteur Nakul Karkare pour vous accompagner sur la voie de la gu\u00e9rison.<\/p>\n<h1>Bienvenue \u00e0 nos services orthop\u00e9diques complets \u00e0 Roslyn, NY, pr\u00e9sent\u00e9s par le Dr Nakul Karkare :<\/h1>\n<p><strong>L&rsquo;arthroplastie du genou sur mesure :<\/strong> Qui peut en b\u00e9n\u00e9ficier ? La proth\u00e8se de genou sur mesure, \u00e9galement appel\u00e9e proth\u00e8se de genou personnalis\u00e9e, est une solution hautement recommand\u00e9e pour les personnes souffrant de douleurs, de raideurs et de gonflements intenses au niveau du genou, qui ont un impact significatif sur leurs activit\u00e9s quotidiennes et leur qualit\u00e9 de vie en g\u00e9n\u00e9ral. Ces sympt\u00f4mes r\u00e9sultent souvent d&rsquo;affections telles que l&rsquo;arthrose, la polyarthrite rhumato\u00efde, des l\u00e9sions traumatiques ou d&rsquo;autres troubles d\u00e9g\u00e9n\u00e9ratifs affectant l&rsquo;articulation du genou.<\/p>\n<p>La proc\u00e9dure : L&rsquo;arthroplastie du genou sur mesure est une intervention chirurgicale avanc\u00e9e au cours de laquelle l&rsquo;articulation du genou endommag\u00e9e est remplac\u00e9e de mani\u00e8re experte par un implant artificiel m\u00e9ticuleusement con\u00e7u. Cet implant est adapt\u00e9 \u00e0 la structure anatomique individuelle du patient, gr\u00e2ce \u00e0 une technologie d&rsquo;imagerie avanc\u00e9e qui g\u00e9n\u00e8re un mod\u00e8le tridimensionnel pr\u00e9cis de l&rsquo;articulation du genou du patient. Ce mod\u00e8le personnalis\u00e9 guide la cr\u00e9ation d&rsquo;un implant qui s&rsquo;aligne parfaitement sur le genou du patient.<\/p>\n<p>Le processus chirurgical se d\u00e9roule sous anesth\u00e9sie, ce qui garantit le confort du patient. Pendant l&rsquo;op\u00e9ration, le chirurgien orthop\u00e9dique retire m\u00e9ticuleusement l&rsquo;articulation endommag\u00e9e et introduit l&rsquo;implant sur mesure.<\/p>\n<p>Les avantages : La proth\u00e8se de genou sur mesure pr\u00e9sente de nombreux avantages pour les patients, notamment<\/p>\n<ul>\n<li>Soulagement de la douleur : Le principal avantage est le soulagement de la douleur chronique du genou. L&rsquo;implant sur mesure est con\u00e7u pour minimiser l&rsquo;inconfort, ce qui permet aux patients de retrouver leur mobilit\u00e9 et de reprendre leurs activit\u00e9s quotidiennes.<\/li>\n<li>Am\u00e9lioration de la mobilit\u00e9 : Les proth\u00e8ses de genou sur mesure am\u00e9liorent consid\u00e9rablement l&rsquo;amplitude de mouvement du patient, permettant un mouvement plus naturel et sans douleur de l&rsquo;articulation du genou.<\/li>\n<li>Am\u00e9lioration de la qualit\u00e9 de vie : Les patients constatent souvent une am\u00e9lioration significative de leur qualit\u00e9 de vie globale. Ils peuvent \u00e0 nouveau participer \u00e0 des activit\u00e9s auxquelles ils avaient d\u00fb renoncer en raison de douleurs au genou.<\/li>\n<li>R\u00e9cup\u00e9ration rapide : Les proth\u00e8ses de genou sur mesure permettent g\u00e9n\u00e9ralement un r\u00e9tablissement plus rapide que les proth\u00e8ses de genou traditionnelles. La pr\u00e9cision de l&rsquo;implant personnalis\u00e9 et les techniques chirurgicales peu invasives permettent de r\u00e9duire les douleurs postop\u00e9ratoires et d&rsquo;acc\u00e9l\u00e9rer la r\u00e9\u00e9ducation.<\/li>\n<\/ul>\n<p><strong>Renouvellement de la hanche :<\/strong> Qui peut en b\u00e9n\u00e9ficier ? L&rsquo;arthroplastie de la hanche est fortement recommand\u00e9e aux personnes souffrant de douleurs, de raideurs et de gonflements s\u00e9v\u00e8res de la hanche qui entravent de mani\u00e8re significative leurs activit\u00e9s quotidiennes et leur qualit\u00e9 de vie en g\u00e9n\u00e9ral. Les causes sous-jacentes les plus courantes sont l&rsquo;arthrose, la polyarthrite rhumato\u00efde, la n\u00e9crose avasculaire ou les fractures de la hanche.<\/p>\n<p>La proc\u00e9dure : L&rsquo;arthroplastie de la hanche est une intervention chirurgicale sophistiqu\u00e9e au cours de laquelle l&rsquo;articulation endommag\u00e9e de la hanche est remplac\u00e9e par un implant artificiel de conception complexe. Cet implant reproduit la structure et la fonction naturelles de l&rsquo;articulation de la hanche, offrant aux patients un regain de mobilit\u00e9 et un soulagement de l&rsquo;inconfort.<\/p>\n<p>Sous anesth\u00e9sie, le chirurgien orthop\u00e9dique retire l&rsquo;articulation endommag\u00e9e et introduit l&rsquo;implant artificiel, comme dans le cas d&rsquo;une arthroplastie du genou.<\/p>\n<p>Les avantages : L&rsquo;arthroplastie de la hanche offre une multitude d&rsquo;avantages aux patients, notamment<\/p>\n<ul>\n<li>Soulagement de la douleur : Le principal avantage est le soulagement de la douleur s\u00e9v\u00e8re \u00e0 la hanche, ce qui permet aux patients de retrouver leur mobilit\u00e9 et de reprendre sans heurt leurs activit\u00e9s quotidiennes.<\/li>\n<li>Mobilit\u00e9 accrue : les proth\u00e8ses de hanche am\u00e9liorent consid\u00e9rablement l&rsquo;amplitude des mouvements de l&rsquo;articulation de la hanche, ce qui permet aux patients d&rsquo;effectuer des mouvements plus fluides et plus souples.<\/li>\n<li>Une meilleure qualit\u00e9 de vie : Les patients constatent souvent une am\u00e9lioration profonde de leur qualit\u00e9 de vie globale. Ils retrouvent la capacit\u00e9 de participer \u00e0 des activit\u00e9s qui \u00e9taient auparavant difficiles, voire impossibles, en raison de la douleur \u00e0 la hanche.<\/li>\n<li>R\u00e9cup\u00e9ration rapide : L&rsquo;arthroplastie de la hanche permet g\u00e9n\u00e9ralement un r\u00e9tablissement plus rapide, les patients ressentant moins de douleurs et b\u00e9n\u00e9ficiant d&rsquo;une meilleure amplitude de mouvement qu&rsquo;avant l&rsquo;op\u00e9ration.<\/li>\n<\/ul>\n<p>Dans les deux cas, le Dr Nakul Karkare utilise des techniques chirurgicales avanc\u00e9es et une technologie de pointe pour assurer la mise en place pr\u00e9cise des composants de l&rsquo;implant par le biais d&rsquo;incisions plus petites, \u00e9pargnant les tissus.<\/p>\n<p>Cette approche minimise l&rsquo;inconfort et acc\u00e9l\u00e8re le processus de gu\u00e9rison. L&rsquo;expertise du Dr Karkare dans ces proc\u00e9dures, combin\u00e9e \u00e0 la nature personnalis\u00e9e des implants sur mesure, contribue \u00e0 des r\u00e9sultats sup\u00e9rieurs pour les patients qui cherchent \u00e0 soulager leurs probl\u00e8mes d&rsquo;articulation du genou et de la hanche.<\/p>\n<p>Si vous souffrez de douleurs articulaires, de raideurs, de gonflements ou si vous avez subi une blessure, n&rsquo;h\u00e9sitez pas \u00e0 contacter le centre orthop\u00e9dique du Dr Nakul Karkare. Notre \u00e9quipe d&rsquo;experts se consacre \u00e0 vous aider \u00e0 retrouver la mobilit\u00e9, \u00e0 soulager la douleur et \u00e0 am\u00e9liorer votre qualit\u00e9 de vie en g\u00e9n\u00e9ral. Votre bien-\u00eatre est notre priorit\u00e9 absolue, et nous sommes l\u00e0 pour vous guider sur la voie d&rsquo;une meilleure sant\u00e9 orthop\u00e9dique.<\/p>\n<p>&nbsp;<\/p>\n<h1>\u00c0 propos de Roslyn, NY<\/h1>\n<p>Roslyn, NY, situ\u00e9 dans le comt\u00e9 de Nassau sur Long Island, New York, est un village r\u00e9put\u00e9 pour sa riche histoire, sa culture diversifi\u00e9e et son environnement naturel \u00e9poustouflant. Avec un m\u00e9lange de monuments historiques, d&rsquo;excellentes \u00e9coles et une communaut\u00e9 prosp\u00e8re, Roslyn est une localit\u00e9 accueillante qui offre de nombreuses possibilit\u00e9s d&rsquo;exploration.<\/p>\n<p><strong>Histoire de Roslyn, NY<\/strong><\/p>\n<p>Avec des racines remontant \u00e0 l&rsquo;\u00e9poque coloniale, Roslyn, NY, \u00e9tait \u00e0 l&rsquo;origine habit\u00e9e par la tribu am\u00e9rindienne Matinecock. L&rsquo;arriv\u00e9e des colons europ\u00e9ens au XVIIe si\u00e8cle a marqu\u00e9 le d\u00e9but d&rsquo;une transformation qui a fait de la r\u00e9gion un centre d&rsquo;activit\u00e9s agricoles et de p\u00eache. Au XIXe si\u00e8cle, Roslyn est devenu un lieu de retraite recherch\u00e9 par les New-Yorkais ais\u00e9s, qui y ont construit des r\u00e9sidences d&rsquo;\u00e9t\u00e9 et des domaines.<\/p>\n<p>Le paysage historique du village comprend diverses industries telles que la construction navale et l&rsquo;ostr\u00e9iculture. Au cours du XXe si\u00e8cle, Roslyn a connu une \u00e9volution vers le d\u00e9veloppement r\u00e9sidentiel, incorporant un m\u00e9lange de maisons individuelles, d&rsquo;appartements et de condominiums. Aujourd&rsquo;hui, Roslyn pr\u00e9serve fi\u00e8rement son patrimoine architectural, avec de nombreux b\u00e2timents et maisons historiques.<\/p>\n<p><strong>Culture de Roslyn, NY<\/strong><\/p>\n<p>Roslyn, dans l&rsquo;\u00c9tat de New York, favorise une culture dynamique et diversifi\u00e9e, comme en t\u00e9moignent ses nombreux mus\u00e9es et institutions culturelles. De beaux parcs, qui attirent des visiteurs du monde entier, contribuent \u00e0 l&rsquo;attrait du village. Un quartier commercial anim\u00e9 propose une vie nocturne, des h\u00f4tels, des restaurants au bord de l&rsquo;eau et une vari\u00e9t\u00e9 de magasins.<\/p>\n<p><strong>Tourisme \u00e0 Roslyn, NY<\/strong><\/p>\n<p>Destination touristique en plein essor, Roslyn s\u00e9duit les visiteurs par ses parcs pittoresques, ses charmants villages et son riche patrimoine culturel. Le Roslyn Landmark Society Annual House Tour est une attraction populaire qui pr\u00e9sente chaque ann\u00e9e des maisons et des b\u00e2timents historiques. Cet \u00e9v\u00e9nement, pl\u00e9biscit\u00e9 par les habitants et les touristes, sert souvent de plateforme pour des programmes et des \u00e9v\u00e9nements \u00e9ducatifs.<\/p>\n<p>Le parc Gerry, autre attraction notable, invite les visiteurs \u00e0 d\u00e9couvrir la beaut\u00e9 de ses paysages et ses activit\u00e9s r\u00e9cr\u00e9atives, ce qui en fait une destination privil\u00e9gi\u00e9e pour les habitants et les touristes. Le parc accueille divers \u00e9v\u00e9nements et festivals, contribuant ainsi au dynamisme de la sc\u00e8ne touristique de Roslyn.<\/p>\n<p>Par essence, Roslyn, NY, invite \u00e0 l&rsquo;exploration avec son charme historique, sa richesse culturelle et un \u00e9ventail d&rsquo;attractions qui promettent une exp\u00e9rience enrichissante \u00e0 tous ceux qui la visitent.<\/p>\n<p>&nbsp;<\/p>\n<h1>Directions<\/h1>\n<div class=\"relative default font-sans text-base text-textMain dark:text-textMainDark selection:bg-superDuper selection:text-textMain\">\n<div class=\"break-words min-w-0 [word-break:break-word]\">\n<div dir=\"auto\">\n<div class=\"prose dark:prose-invert inline leading-normal break-words min-w-0 [word-break:break-word]\"><span class=\"\">Voici l&rsquo;itin\u00e9raire \u00e0 suivre pour se rendre de Roslyn, NY \u00e0 Complete Orthopedics au 52-21 Little Neck Parkway, Little Neck, NY 11362 :<\/span>&nbsp;<\/p>\n<ol class=\"list-outside list-decimal marker:font-mono marker:text-sm pl-11\">\n<li><span class=\"\">Prendre la direction ouest sur Main St vers Old Northern Blvd.<\/span><\/li>\n<li><span class=\"\">Tourner \u00e0 droite sur Old Northern Blvd.<\/span><\/li>\n<li><span class=\"\">Tourner \u00e0 gauche sur Port Washington Blvd.<\/span><\/li>\n<li><span class=\"\">Tourner \u00e0 droite sur Northern Blvd.<\/span><\/li>\n<li><span class=\"\">Tourner \u00e0 gauche sur Little Neck Pkwy.<\/span><\/li>\n<li><span class=\"\">Complete Orthopedics sera sur la gauche au 52-21 Little Neck Pkwy.<\/span><\/li>\n<\/ol>\n<p><span class=\"\">Note : Les directions exactes peuvent varier en fonction de votre lieu de d\u00e9part. Il est recommand\u00e9 d&rsquo;utiliser un GPS ou un service de cartographie pour obtenir les indications les plus pr\u00e9cises.<\/span><\/p>\n<\/div>\n<\/div>\n<\/div>\n<\/div>\n<div class=\"my-md border-borderMain\/60 dark:border-borderMainDark\/80 divide-borderMain\/60 dark:divide-borderMainDark\/80 ring-borderMain dark:ring-borderMainDark bg-transparent\">\n<div>\n<div><\/div>\n<\/div>\n<\/div>\n<div class=\"flex items-center justify-between\">\n<div class=\"flex items-center gap-xs mt-sm -ml-sm\">\n<div class=\"flex items-center leading-none justify-center gap-xs\"><\/div>\n<\/div>\n<\/div>\n<p>&nbsp;<\/p>\n<h1>Soins de sant\u00e9 pr\u00e8s de Roslyn :<\/h1>\n<div class=\"relative default font-sans text-base text-textMain dark:text-textMainDark selection:bg-superDuper selection:text-textMain\">\n<div class=\"break-words min-w-0 [word-break:break-word]\">\n<div dir=\"auto\">\n<div class=\"prose dark:prose-invert inline leading-normal break-words min-w-0 [word-break:break-word]\">\n<h4>Pharmacies<\/h4>\n<ol class=\"list-outside list-decimal marker:font-mono marker:text-sm pl-11\">\n<li><span class=\"\">CVS Pharmacy &#8211; 1060 Northern Blvd, Roslyn, NY 11576<\/span><\/li>\n<li><span class=\"\">Walgreens Pharmacy &#8211; 399 Port Washington Blvd, Port Washington, NY 11050<\/span><\/li>\n<li><span class=\"\">Rite Aid Pharmacy &#8211; 1 N Village Ave, Rockville Centre, NY 11570<\/span><\/li>\n<\/ol>\n<h4>Centres de radiologie<\/h4>\n<ol class=\"list-outside list-decimal marker:font-mono marker:text-sm pl-11\">\n<li><span class=\"\">North Shore Radiology Associates &#8211; 300 Community Dr, Manhasset, NY 11030<\/span><\/li>\n<li><span class=\"\">Long Island Radiology Associates &#8211; 865 Merrick Ave, Westbury, NY 11590<\/span><\/li>\n<li><span class=\"\">Diagnostic Radiology Associates &#8211; 165 N Village Ave, Rockville Centre, NY 11570<\/span><\/li>\n<\/ol>\n<h4>Centres de soins d&rsquo;urgence<\/h4>\n<ol class=\"list-outside list-decimal marker:font-mono marker:text-sm pl-11\">\n<li><span class=\"\">CityMD Roslyn Urgent Care &#8211; 1044 Northern Blvd, Roslyn, NY 11576<\/span><\/li>\n<li><span class=\"\">ProHEALTH Urgent Care &#8211; 1 Expressway Plaza, Roslyn Heights, NY 11577<\/span><\/li>\n<li><span class=\"\">Northwell Health-GoHealth Urgent Care &#8211; 1070 Northern Blvd, Roslyn, NY 11576<\/span><\/li>\n<\/ol>\n<h4>H\u00f4pitaux<\/h4>\n<ol class=\"list-outside list-decimal marker:font-mono marker:text-sm pl-11\">\n<li><span class=\"\">Francis Hospital &#8211; 100 Port Washington Blvd, Roslyn, NY 11576<\/span><\/li>\n<li><span class=\"\">H\u00f4pital universitaire North Shore &#8211; 300 Community Dr, Manhasset, NY 11030<\/span><\/li>\n<li><span class=\"\">Centre m\u00e9dical juif de Long Island &#8211; 270-05 76th Ave, New Hyde Park, NY 11040<\/span><\/li>\n<\/ol>\n<\/div>\n<\/div>\n<\/div>\n<\/div>\n","protected":false},"excerpt":{"rendered":"<p>Bienvenue au Dr. Nakul Karkare&rsquo;s Orthopedic Haven, votre source d\u00e9vou\u00e9e pour des soins orthop\u00e9diques exceptionnels \u00e0 Roslyn, NY ! Le Dr Karkare est ravi d&rsquo;\u00e9tendre ses services orthop\u00e9diques complets \u00e0 la communaut\u00e9 chaleureuse et accueillante de Roslyn. Avec un m\u00e9lange unique de professionnalisme et une approche centr\u00e9e sur le patient, le docteur Karkare s&rsquo;assure que [&hellip;]<\/p>\n","protected":false},"author":33,"featured_media":0,"parent":17598,"menu_order":0,"comment_status":"closed","ping_status":"closed","template":"","meta":{"_et_pb_use_builder":"","_et_pb_old_content":"","_et_gb_content_width":"","footnotes":""},"class_list":["post-20992","page","type-page","status-publish","hentry"],"yoast_head":"<!-- This site is optimized with the Yoast SEO plugin v27.2 - https:\/\/yoast.com\/product\/yoast-seo-wordpress\/ -->\n<title>Roslyn, NY | Best Hip &amp; Knee Surgeon | NY, USA<\/title>\n<meta name=\"description\" content=\"Bienvenue au Dr. Nakul Karkare&#039;s Orthopedic Haven, votre source d\u00e9vou\u00e9e pour des soins orthop\u00e9diques exceptionnels \u00e0 Roslyn, NY ! Le Dr Karkare est ravi\" \/>\n<meta name=\"robots\" content=\"index, follow, max-snippet:-1, max-image-preview:large, max-video-preview:-1\" \/>\n<link rel=\"canonical\" href=\"https:\/\/www.newyorkhipknee.com\/fr\/contact\/little-neck-meilleur-chirurgien-pour-larthroplastie-de-la-hanche-et-du-genou\/roslyn-ny\/\" \/>\n<meta property=\"og:locale\" content=\"fr_FR\" \/>\n<meta property=\"og:type\" content=\"article\" \/>\n<meta property=\"og:title\" content=\"Roslyn, NY | Best Hip &amp; Knee Surgeon | NY, USA\" \/>\n<meta property=\"og:description\" content=\"Bienvenue au Dr. Nakul Karkare&#039;s Orthopedic Haven, votre source d\u00e9vou\u00e9e pour des soins orthop\u00e9diques exceptionnels \u00e0 Roslyn, NY ! Le Dr Karkare est ravi\" \/>\n<meta property=\"og:url\" content=\"https:\/\/www.newyorkhipknee.com\/fr\/contact\/little-neck-meilleur-chirurgien-pour-larthroplastie-de-la-hanche-et-du-genou\/roslyn-ny\/\" \/>\n<meta property=\"og:site_name\" content=\"Best Hip &amp; Knee Surgeon | NY, USA\" \/>\n<meta name=\"twitter:card\" content=\"summary_large_image\" \/>\n<meta name=\"twitter:label1\" content=\"Dur\u00e9e de lecture estim\u00e9e\" \/>\n\t<meta name=\"twitter:data1\" content=\"10 minutes\" \/>\n<script type=\"application\/ld+json\" class=\"yoast-schema-graph\">{\"@context\":\"https:\/\/schema.org\",\"@graph\":[{\"@type\":[\"WebPage\",\"MedicalWebPage\"],\"@id\":\"https:\/\/www.newyorkhipknee.com\/fr\/contact\/little-neck-meilleur-chirurgien-pour-larthroplastie-de-la-hanche-et-du-genou\/roslyn-ny\/\",\"url\":\"https:\/\/www.newyorkhipknee.com\/fr\/contact\/little-neck-meilleur-chirurgien-pour-larthroplastie-de-la-hanche-et-du-genou\/roslyn-ny\/\",\"name\":\"Roslyn, NY | Best Hip &amp; Knee Surgeon | NY, USA\",\"isPartOf\":{\"@id\":\"https:\/\/www.newyorkhipknee.com\/fr\/#website\"},\"datePublished\":\"2023-11-23T17:43:51+00:00\",\"description\":\"Bienvenue au Dr. Nakul Karkare's Orthopedic Haven, votre source d\u00e9vou\u00e9e pour des soins orthop\u00e9diques exceptionnels \u00e0 Roslyn, NY ! Le Dr Karkare est ravi\",\"breadcrumb\":{\"@id\":\"https:\/\/www.newyorkhipknee.com\/fr\/contact\/little-neck-meilleur-chirurgien-pour-larthroplastie-de-la-hanche-et-du-genou\/roslyn-ny\/#breadcrumb\"},\"inLanguage\":\"fr-FR\",\"potentialAction\":[{\"@type\":\"ReadAction\",\"target\":[\"https:\/\/www.newyorkhipknee.com\/fr\/contact\/little-neck-meilleur-chirurgien-pour-larthroplastie-de-la-hanche-et-du-genou\/roslyn-ny\/\"]}]},{\"@type\":\"BreadcrumbList\",\"@id\":\"https:\/\/www.newyorkhipknee.com\/fr\/contact\/little-neck-meilleur-chirurgien-pour-larthroplastie-de-la-hanche-et-du-genou\/roslyn-ny\/#breadcrumb\",\"itemListElement\":[{\"@type\":\"ListItem\",\"position\":1,\"name\":\"Home\",\"item\":\"https:\/\/www.newyorkhipknee.com\/fr\/\"},{\"@type\":\"ListItem\",\"position\":2,\"name\":\"CONTACT\",\"item\":\"https:\/\/www.newyorkhipknee.com\/fr\/contact\/\"},{\"@type\":\"ListItem\",\"position\":3,\"name\":\"Little Neck &#8211; Meilleur chirurgien pour l&rsquo;arthroplastie de la hanche et du genou\",\"item\":\"https:\/\/www.newyorkhipknee.com\/fr\/contact\/little-neck-meilleur-chirurgien-pour-larthroplastie-de-la-hanche-et-du-genou\/\"},{\"@type\":\"ListItem\",\"position\":4,\"name\":\"Roslyn, NY\"}]},{\"@type\":\"WebSite\",\"@id\":\"https:\/\/www.newyorkhipknee.com\/fr\/#website\",\"url\":\"https:\/\/www.newyorkhipknee.com\/fr\/\",\"name\":\"Best Hip & Knee Surgeon | NY, USA\",\"description\":\"\",\"potentialAction\":[{\"@type\":\"SearchAction\",\"target\":{\"@type\":\"EntryPoint\",\"urlTemplate\":\"https:\/\/www.newyorkhipknee.com\/fr\/?s={search_term_string}\"},\"query-input\":{\"@type\":\"PropertyValueSpecification\",\"valueRequired\":true,\"valueName\":\"search_term_string\"}}],\"inLanguage\":\"fr-FR\"}]}<\/script>\n<!-- \/ Yoast SEO plugin. -->","yoast_head_json":{"title":"Roslyn, NY | Best Hip &amp; Knee Surgeon | NY, USA","description":"Bienvenue au Dr. Nakul Karkare's Orthopedic Haven, votre source d\u00e9vou\u00e9e pour des soins orthop\u00e9diques exceptionnels \u00e0 Roslyn, NY ! Le Dr Karkare est ravi","robots":{"index":"index","follow":"follow","max-snippet":"max-snippet:-1","max-image-preview":"max-image-preview:large","max-video-preview":"max-video-preview:-1"},"canonical":"https:\/\/www.newyorkhipknee.com\/fr\/contact\/little-neck-meilleur-chirurgien-pour-larthroplastie-de-la-hanche-et-du-genou\/roslyn-ny\/","og_locale":"fr_FR","og_type":"article","og_title":"Roslyn, NY | Best Hip &amp; Knee Surgeon | NY, USA","og_description":"Bienvenue au Dr. Nakul Karkare's Orthopedic Haven, votre source d\u00e9vou\u00e9e pour des soins orthop\u00e9diques exceptionnels \u00e0 Roslyn, NY ! Le Dr Karkare est ravi","og_url":"https:\/\/www.newyorkhipknee.com\/fr\/contact\/little-neck-meilleur-chirurgien-pour-larthroplastie-de-la-hanche-et-du-genou\/roslyn-ny\/","og_site_name":"Best Hip &amp; Knee Surgeon | NY, USA","twitter_card":"summary_large_image","twitter_misc":{"Dur\u00e9e de lecture estim\u00e9e":"10 minutes"},"schema":{"@context":"https:\/\/schema.org","@graph":[{"@type":["WebPage","MedicalWebPage"],"@id":"https:\/\/www.newyorkhipknee.com\/fr\/contact\/little-neck-meilleur-chirurgien-pour-larthroplastie-de-la-hanche-et-du-genou\/roslyn-ny\/","url":"https:\/\/www.newyorkhipknee.com\/fr\/contact\/little-neck-meilleur-chirurgien-pour-larthroplastie-de-la-hanche-et-du-genou\/roslyn-ny\/","name":"Roslyn, NY | Best Hip &amp; Knee Surgeon | NY, USA","isPartOf":{"@id":"https:\/\/www.newyorkhipknee.com\/fr\/#website"},"datePublished":"2023-11-23T17:43:51+00:00","description":"Bienvenue au Dr. Nakul Karkare's Orthopedic Haven, votre source d\u00e9vou\u00e9e pour des soins orthop\u00e9diques exceptionnels \u00e0 Roslyn, NY ! Le Dr Karkare est ravi","breadcrumb":{"@id":"https:\/\/www.newyorkhipknee.com\/fr\/contact\/little-neck-meilleur-chirurgien-pour-larthroplastie-de-la-hanche-et-du-genou\/roslyn-ny\/#breadcrumb"},"inLanguage":"fr-FR","potentialAction":[{"@type":"ReadAction","target":["https:\/\/www.newyorkhipknee.com\/fr\/contact\/little-neck-meilleur-chirurgien-pour-larthroplastie-de-la-hanche-et-du-genou\/roslyn-ny\/"]}]},{"@type":"BreadcrumbList","@id":"https:\/\/www.newyorkhipknee.com\/fr\/contact\/little-neck-meilleur-chirurgien-pour-larthroplastie-de-la-hanche-et-du-genou\/roslyn-ny\/#breadcrumb","itemListElement":[{"@type":"ListItem","position":1,"name":"Home","item":"https:\/\/www.newyorkhipknee.com\/fr\/"},{"@type":"ListItem","position":2,"name":"CONTACT","item":"https:\/\/www.newyorkhipknee.com\/fr\/contact\/"},{"@type":"ListItem","position":3,"name":"Little Neck &#8211; Meilleur chirurgien pour l&rsquo;arthroplastie de la hanche et du genou","item":"https:\/\/www.newyorkhipknee.com\/fr\/contact\/little-neck-meilleur-chirurgien-pour-larthroplastie-de-la-hanche-et-du-genou\/"},{"@type":"ListItem","position":4,"name":"Roslyn, NY"}]},{"@type":"WebSite","@id":"https:\/\/www.newyorkhipknee.com\/fr\/#website","url":"https:\/\/www.newyorkhipknee.com\/fr\/","name":"Best Hip & Knee Surgeon | NY, USA","description":"","potentialAction":[{"@type":"SearchAction","target":{"@type":"EntryPoint","urlTemplate":"https:\/\/www.newyorkhipknee.com\/fr\/?s={search_term_string}"},"query-input":{"@type":"PropertyValueSpecification","valueRequired":true,"valueName":"search_term_string"}}],"inLanguage":"fr-FR"}]}},"_links":{"self":[{"href":"https:\/\/www.newyorkhipknee.com\/fr\/wp-json\/wp\/v2\/pages\/20992","targetHints":{"allow":["GET"]}}],"collection":[{"href":"https:\/\/www.newyorkhipknee.com\/fr\/wp-json\/wp\/v2\/pages"}],"about":[{"href":"https:\/\/www.newyorkhipknee.com\/fr\/wp-json\/wp\/v2\/types\/page"}],"author":[{"embeddable":true,"href":"https:\/\/www.newyorkhipknee.com\/fr\/wp-json\/wp\/v2\/users\/33"}],"replies":[{"embeddable":true,"href":"https:\/\/www.newyorkhipknee.com\/fr\/wp-json\/wp\/v2\/comments?post=20992"}],"version-history":[{"count":0,"href":"https:\/\/www.newyorkhipknee.com\/fr\/wp-json\/wp\/v2\/pages\/20992\/revisions"}],"up":[{"embeddable":true,"href":"https:\/\/www.newyorkhipknee.com\/fr\/wp-json\/wp\/v2\/pages\/17598"}],"wp:attachment":[{"href":"https:\/\/www.newyorkhipknee.com\/fr\/wp-json\/wp\/v2\/media?parent=20992"}],"curies":[{"name":"wp","href":"https:\/\/api.w.org\/{rel}","templated":true}]}}