{"id":20994,"date":"2023-11-28T15:44:09","date_gmt":"2023-11-28T20:44:09","guid":{"rendered":"https:\/\/newyorkhipknee.com\/contact\/little-neck-meilleur-chirurgien-pour-larthroplastie-de-la-hanche-et-du-genou\/valley-stream-ny\/"},"modified":"2023-12-30T03:31:27","modified_gmt":"2023-12-30T08:31:27","slug":"valley-stream-ny","status":"publish","type":"page","link":"https:\/\/www.newyorkhipknee.com\/fr\/contact\/little-neck-meilleur-chirurgien-pour-larthroplastie-de-la-hanche-et-du-genou\/valley-stream-ny\/","title":{"rendered":"Valley Stream, NY"},"content":{"rendered":"<h2>Dr. Nakul Karkare : Votre partenaire de confiance pour les soins orthop\u00e9diques \u00e0 Valley Stream, NY<\/h2>\n<p><span class=\"\">Le Dr Nakul Karkare est un chirurgien orthop\u00e9dique accompli, sp\u00e9cialis\u00e9 dans les proc\u00e9dures chirurgicales mini-invasives pour le remplacement des articulations.  <\/span><\/p>\n<p><span class=\"\">Il est affili\u00e9 \u00e0 des \u00e9tablissements m\u00e9dicaux tels que l&rsquo;h\u00f4pital Mather et l&rsquo;h\u00f4pital Lenox Hill, et a des privil\u00e8ges op\u00e9ratoires dans plusieurs h\u00f4pitaux de New York. Le Dr Karkare est membre du comit\u00e9 consultatif de la FDA, dans le cadre du groupe des dispositifs orthop\u00e9diques et de r\u00e9adaptation (Orthopedic and Rehabilitation Device Panel).  <\/span><\/p>\n<p><span class=\"\">Il propose des rendez-vous dans plusieurs endroits \u00e0 Manhattan et Long Island, New York.<\/span><span class=\"\">Le cabinet du Dr Karkare, Complete Orthopedics, est connu pour ses sp\u00e9cialistes experts, son approche personnalis\u00e9e, ses solutions de pointe, ses soins ax\u00e9s sur la communaut\u00e9 et son excellence av\u00e9r\u00e9e.<\/span><\/p>\n<p><span class=\"\">  L&rsquo;\u00e9quipe s&rsquo;attache \u00e0 fournir des soins orthop\u00e9diques du plus haut niveau, en s&rsquo;effor\u00e7ant de r\u00e9pondre aux besoins de la communaut\u00e9. Les patients souffrant de probl\u00e8mes articulaires, de blessures sportives, de fractures ou de tout autre probl\u00e8me orthop\u00e9dique peuvent b\u00e9n\u00e9ficier des soins exceptionnels prodigu\u00e9s par le Dr Karkare et son \u00e9quipe.<\/span><span class=\"\">Pour les rendez-vous et les consultations, les personnes peuvent contacter le cabinet du Dr Karkare au (516) 735-4032.<\/span><\/p>\n<h2>Nous sommes heureux de proposer ces services orthop\u00e9diques complets \u00e0 Valley Stream, NY :<\/h2>\n<h3><a href=\"https:\/\/newyorkhipknee.com\/custom-knee-replacement-surgery\/\" target=\"_blank\" rel=\"noopener\">Remplacement du genou sur mesure<\/a><\/h3>\n<p><span class=\"\">L&rsquo;arthroplastie du genou sur mesure est une avanc\u00e9e dans le traitement de l&rsquo;arthrite, offrant une solution personnalis\u00e9e aux patients qui pr\u00e9sentent des sympt\u00f4mes li\u00e9s \u00e0 l&rsquo;arthrose sous-jacente. Cette proc\u00e9dure implique l&rsquo;utilisation d&rsquo;une conception assist\u00e9e par ordinateur pour cr\u00e9er une proth\u00e8se de genou qui s&rsquo;adapte pr\u00e9cis\u00e9ment \u00e0 la morphologie de l&rsquo;articulation du patient. La proth\u00e8se de genou sur mesure est con\u00e7ue \u00e0 partir d&rsquo;une image tridimensionnelle du genou du patient, ce qui permet aux chirurgiens d&rsquo;adapter la proth\u00e8se \u00e0 l&rsquo;anatomie sp\u00e9cifique de chaque personne.<\/span><\/p>\n<p><strong>Indications et avantages<\/strong><\/p>\n<p><span class=\"\">Les indications pour une proth\u00e8se de genou sur mesure sont similaires \u00e0 celles d&rsquo;une proth\u00e8se de genou de type normal, y compris les sympt\u00f4mes li\u00e9s \u00e0 l&rsquo;arthrose sous-jacente qui ont \u00e9t\u00e9 d\u00e9montr\u00e9s par radiographie et confirm\u00e9s par un examen physique. Cette proc\u00e9dure peut \u00eatre particuli\u00e8rement utile pour les patients qui ont d\u00e9j\u00e0 subi une arthroplastie du genou.<\/span><\/p>\n<p><span class=\"\">L&rsquo;un des principaux avantages d&rsquo;une proth\u00e8se de genou sur mesure est l&rsquo;ajustement pr\u00e9cis de l&rsquo;implant, qui peut conduire \u00e0 des r\u00e9sultats plus r\u00e9guliers pour les patients et \u00e0 une durabilit\u00e9 potentiellement plus longue de l&rsquo;implant. Les patients peuvent \u00e9galement b\u00e9n\u00e9ficier d&rsquo;une p\u00e9riode de r\u00e9cup\u00e9ration plus courte et d&rsquo;une douleur postop\u00e9ratoire moindre par rapport aux m\u00e9thodes traditionnelles de remplacement du genou.<\/span><\/p>\n<p class=\"inline-flex relative -top-[0.3rem] light font-sans text-base text-textOff dark:text-textOffDark selection:bg-superDuper selection:text-textMain\">\n<p><strong>R\u00e9cup\u00e9ration<\/strong><\/p>\n<p><span class=\"\">Le r\u00e9tablissement d&rsquo;une proth\u00e8se de genou sur mesure n\u00e9cessite g\u00e9n\u00e9ralement un s\u00e9jour \u00e0 l&rsquo;h\u00f4pital de deux \u00e0 quatre jours. La convalescence postop\u00e9ratoire imm\u00e9diate implique la r\u00e9alisation d&rsquo;exercices avec un kin\u00e9sith\u00e9rapeute afin d&rsquo;am\u00e9liorer la mobilit\u00e9 et le confort du patient. Le processus de r\u00e9tablissement est similaire \u00e0 celui d&rsquo;une arthroplastie traditionnelle du genou, avec l&rsquo;avantage suppl\u00e9mentaire d&rsquo;un implant plus pr\u00e9cis\u00e9ment adapt\u00e9.<\/span><\/p>\n<div class=\"inline-flex h-[1rem] min-w-[1rem] px-[0.2em] rounded-full items-center justify-center text-center font-mono font-bold md:hover:text-white tabular-nums border-borderMain\/60 dark:border-borderMainDark\/80 divide-borderMain\/60 dark:divide-borderMainDark\/80 ring-borderMain dark:ring-borderMainDark transition duration-300 bg-offsetPlus dark:bg-offsetPlusDark md:hover:bg-super\">.<\/div>\n<h3><a href=\"https:\/\/newyorkhipknee.com\/hip-replacement-surgery\/\" target=\"_blank\" rel=\"noopener\">Remplacement total de la hanche<\/a><\/h3>\n<p><span class=\"\">L&rsquo;arthroplastie totale de la hanche est une intervention chirurgicale qui consiste \u00e0 remplacer le cartilage et l&rsquo;os endommag\u00e9s par une proth\u00e8se articulaire. Cette intervention est consid\u00e9r\u00e9e comme moins douloureuse qu&rsquo;une arthroplastie totale du genou, et les protocoles d&rsquo;amplitude de mouvement et de r\u00e9\u00e9ducation rapide sont con\u00e7us pour r\u00e9duire la raideur et la douleur pr\u00e9coces, ce qui rend l&rsquo;intervention beaucoup moins douloureuse que par le pass\u00e9.<\/span><\/p>\n<p><span class=\"\">La d\u00e9cision de proc\u00e9der \u00e0 une arthroplastie totale de la hanche implique une conversation r\u00e9fl\u00e9chie avec le chirurgien, en tenant compte de la douleur et de l&rsquo;invalidit\u00e9 dues \u00e0 l&rsquo;arthrite qui influencent la qualit\u00e9 de vie et les activit\u00e9s quotidiennes du patient. L&rsquo;intervention offre un excellent soulagement de la douleur, la plupart des patients b\u00e9n\u00e9ficiant d&rsquo;un soulagement d&rsquo;environ 95 %. Les complications sont relativement rares (1 \u00e0 5 % des patients) et peuvent inclure des complications graves, voire mortelles, telles qu&rsquo;une crise cardiaque, un accident vasculaire c\u00e9r\u00e9bral, une embolie pulmonaire ou une insuffisance r\u00e9nale.<\/span><\/p>\n<p><span class=\"\">En r\u00e9sum\u00e9, les proth\u00e8ses de genou sur mesure et les proth\u00e8ses totales de hanche offrent des solutions avanc\u00e9es aux patients souffrant de probl\u00e8mes articulaires, en proposant des options de traitement personnalis\u00e9es et efficaces pour am\u00e9liorer la mobilit\u00e9, soulager la douleur et am\u00e9liorer la qualit\u00e9 de vie en g\u00e9n\u00e9ral.<\/span><\/p>\n<p>&nbsp;<\/p>\n<h1>\u00c0 propos de Valley Stream, NY<\/h1>\n<p>Valley Stream, situ\u00e9 dans le comt\u00e9 de Nassau sur Long Island, New York, est un village c\u00e9l\u00e8bre pour son histoire captivante, sa culture diversifi\u00e9e et son environnement naturel pittoresque. Avec un m\u00e9lange de monuments historiques, d&rsquo;\u00e9coles de premier ordre et d&rsquo;une communaut\u00e9 prosp\u00e8re, Valley Stream offre une multitude d&rsquo;attractions.<\/p>\n<p><strong>Histoire de Valley Stream, NY :<\/strong> Remontant \u00e0 l&rsquo;\u00e9poque coloniale, Valley Stream s&rsquo;est transform\u00e9e de terres agricoles et bois\u00e9es en une communaut\u00e9 prosp\u00e8re. Dans les ann\u00e9es 1670, l&rsquo;angle nord-ouest, connu sous le nom de \u00ab\u00a0Fosters Meadow\u00a0\u00bb, bordait l&rsquo;actuelle ville d&rsquo;Elmont. Au cours du XIXe si\u00e8cle, Valley Stream a gagn\u00e9 en popularit\u00e9 aupr\u00e8s des New-Yorkais fortun\u00e9s qui y ont construit des r\u00e9sidences d&rsquo;\u00e9t\u00e9 et des domaines.<\/p>\n<p>Le paysage historique du village comprend un m\u00e9lange d&rsquo;industries, telles que la construction navale et l&rsquo;ostr\u00e9iculture. \u00c0 l&rsquo;aube du XXe si\u00e8cle, Valley Stream s&rsquo;est transform\u00e9 en un centre r\u00e9sidentiel au patrimoine architectural diversifi\u00e9, comprenant de nombreux b\u00e2timents et maisons historiques.<\/p>\n<p><strong>Culture de Valley Stream, NY :<\/strong> Valley Stream s&rsquo;enorgueillit d&rsquo;une culture vibrante et diversifi\u00e9e, abritant une vari\u00e9t\u00e9 de mus\u00e9es et d&rsquo;institutions culturelles. Les magnifiques parcs du village sont r\u00e9put\u00e9s et attirent des visiteurs du monde entier. En outre, le quartier commercial offre une vie nocturne anim\u00e9e, des h\u00f4tels, des restaurants au bord de l&rsquo;eau et un grand nombre de magasins.<\/p>\n<p><strong>Tourisme \u00e0 Valley Stream, NY :<\/strong> Destination touristique en plein essor, Valley Stream s\u00e9duit les visiteurs par ses charmants villages, ses magnifiques parcs et son riche h\u00e9ritage culturel. Parmi ses attractions, le parc d&rsquo;\u00c9tat de Valley Stream se distingue comme un magnifique havre de paix pour la baignade, les bains de soleil et les activit\u00e9s r\u00e9cr\u00e9atives, accueillant des \u00e9v\u00e9nements et des festivals.<\/p>\n<p>Une autre destination importante est le Green Acres Mall, un complexe commercial tentaculaire qui propose une gamme vari\u00e9e de magasins, de restaurants et d&rsquo;options de divertissement. Les habitants et les touristes fr\u00e9quentent le centre commercial pour faire du shopping et se divertir, ce qui contribue \u00e0 faire de Valley Stream un lieu dynamique et attrayant.<\/p>\n<h1>Directions<\/h1>\n<p><span class=\"\">Voici l&rsquo;itin\u00e9raire \u00e0 suivre pour se rendre de Valley Stream, NY \u00e0 Complete Orthopedics au 52-21 Little Neck Parkway, Little Neck, NY 11362 :<\/span><\/p>\n<ol class=\"list-outside list-decimal marker:font-mono marker:text-sm pl-11\">\n<li><span class=\"\">Prendre la direction nord sur Rockaway Ave vers W Jamaica Ave.<\/span><\/li>\n<li><span class=\"\">Tourner \u00e0 droite sur W Jamaica Ave.<\/span><\/li>\n<li><span class=\"\">Tourner \u00e0 gauche sur Franklin Ave.<\/span><\/li>\n<li><span class=\"\">Tourner \u00e0 droite sur Stewart Ave.<\/span><\/li>\n<li><span class=\"\">Tourner \u00e0 gauche sur Northern Blvd.<\/span><\/li>\n<li><span class=\"\">Tourner \u00e0 gauche sur Little Neck Pkwy.<\/span><\/li>\n<li><span class=\"\">Complete Orthopedics sera sur la gauche au 52-21 Little Neck Pkwy.<\/span><\/li>\n<\/ol>\n<p><span class=\"\">Note : Les directions exactes peuvent varier en fonction de votre lieu de d\u00e9part. Il est recommand\u00e9 d&rsquo;utiliser un GPS ou un service de cartographie pour obtenir les indications les plus pr\u00e9cises.<\/span><\/p>\n<p>&nbsp;<\/p>\n<h1>Soins de sant\u00e9 pr\u00e8s de Valley Stream<\/h1>\n<h4>Pharmacies<\/h4>\n<ol class=\"list-outside list-decimal marker:font-mono marker:text-sm pl-11\">\n<li><span class=\"\">CVS Pharmacy &#8211; 20 W Merrick Rd, Valley Stream, NY 11580<\/span><\/li>\n<li><span class=\"\">Walgreens Pharmacy &#8211; 399 Port Washington Blvd, Port Washington, NY 11050<\/span><\/li>\n<li><span class=\"\">Rite Aid Pharmacy &#8211; 1 N Village Ave, Rockville Centre, NY 11570<\/span><\/li>\n<\/ol>\n<h4>Centres de radiologie<\/h4>\n<ol class=\"list-outside list-decimal marker:font-mono marker:text-sm pl-11\">\n<li><span class=\"\">North Shore Radiology Associates &#8211; 300 Community Dr, Manhasset, NY 11030<\/span><\/li>\n<li><span class=\"\">Long Island Radiology Associates &#8211; 865 Merrick Ave, Westbury, NY 11590<\/span><\/li>\n<li><span class=\"\">Diagnostic Radiology Associates &#8211; 165 N Village Ave, Rockville Centre, NY 11570<\/span><\/li>\n<\/ol>\n<h4>Centres de soins d&rsquo;urgence<\/h4>\n<ol class=\"list-outside list-decimal marker:font-mono marker:text-sm pl-11\">\n<li><span class=\"\">CityMD Valley Stream Urgent Care &#8211; 750 W Sunrise Hwy, Valley Stream, NY 11581<\/span><\/li>\n<li><span class=\"\">ProHEALTH Urgent Care &#8211; 1 Expressway Plaza, Roslyn Heights, NY 11577<\/span><\/li>\n<li><span class=\"\">Northwell Health-GoHealth Urgent Care &#8211; 1070 Northern Blvd, Roslyn, NY 11576<\/span><\/li>\n<\/ol>\n<h4>H\u00f4pitaux<\/h4>\n<ol class=\"list-outside list-decimal marker:font-mono marker:text-sm pl-11\">\n<li><span class=\"\">South Nassau Communities Hospital &#8211; 1 Healthy Way, Oceanside, NY 11572<\/span><\/li>\n<li><span class=\"\">Mercy Medical Center &#8211; 1000 N Village Ave, Rockville Centre, NY 11570<\/span><\/li>\n<li><span class=\"\">Centre m\u00e9dical juif de Long Island &#8211; 270-05 76th Ave, New Hyde Park, NY 11040<\/span><\/li>\n<\/ol>\n<p><span class=\"\">Note : Les informations fournies sont exactes \u00e0 la date d&rsquo;octobre 2023.<\/span><\/p>\n<p>Nous sommes tr\u00e8s fiers de fournir des soins orthop\u00e9diques complets aux patients de divers h\u00f4pitaux et centres de soins d&rsquo;urgence de notre communaut\u00e9, y compris ceux mentionn\u00e9s plus haut.<\/p>\n<p>Que vous ayez besoin d&rsquo;un traitement orthop\u00e9dique ou que vous souhaitiez simplement nous consulter pour tout probl\u00e8me orthop\u00e9dique, n&rsquo;h\u00e9sitez pas \u00e0 contacter notre \u00e9quipe d\u00e9vou\u00e9e, disponible 24 heures sur 24 et 7 jours sur 7. Nous sommes l\u00e0 pour vous aider rapidement et avec compassion.<\/p>\n<p>De nombreuses personnes se rendent dans des centres de soins d&rsquo;urgence et des h\u00f4pitaux pour des blessures li\u00e9es \u00e0 l&rsquo;indemnisation des accidents du travail et \u00e0 l&rsquo;assurance sans \u00e9gard \u00e0 la responsabilit\u00e9. Si votre blessure ne n\u00e9cessite pas une visite \u00e0 l&rsquo;h\u00f4pital, nous sommes heureux de vous proposer un traitement orthop\u00e9dique professionnel adapt\u00e9 \u00e0 ce type de cas. N&rsquo;h\u00e9sitez pas \u00e0 nous contacter au <a href=\"tel:631-981-2663\" target=\"_blank\" rel=\"noopener\">631-981-2663<\/a> pour prendre rendez-vous avec nous d\u00e8s aujourd&rsquo;hui. Votre bien-\u00eatre est notre priorit\u00e9<\/p>\n<p>&nbsp;<\/p>\n","protected":false},"excerpt":{"rendered":"<p>Dr. Nakul Karkare : Votre partenaire de confiance pour les soins orthop\u00e9diques \u00e0 Valley Stream, NY Le Dr Nakul Karkare est un chirurgien orthop\u00e9dique accompli, sp\u00e9cialis\u00e9 dans les proc\u00e9dures chirurgicales mini-invasives pour le remplacement des articulations. Il est affili\u00e9 \u00e0 des \u00e9tablissements m\u00e9dicaux tels que l&rsquo;h\u00f4pital Mather et l&rsquo;h\u00f4pital Lenox Hill, et a des privil\u00e8ges [&hellip;]<\/p>\n","protected":false},"author":33,"featured_media":0,"parent":17598,"menu_order":0,"comment_status":"closed","ping_status":"closed","template":"","meta":{"_et_pb_use_builder":"","_et_pb_old_content":"","_et_gb_content_width":"","footnotes":""},"class_list":["post-20994","page","type-page","status-publish","hentry"],"yoast_head":"<!-- This site is optimized with the Yoast SEO plugin v27.2 - https:\/\/yoast.com\/product\/yoast-seo-wordpress\/ -->\n<title>Valley Stream, NY | Best Hip &amp; Knee Surgeon | NY, USA<\/title>\n<meta name=\"description\" content=\"Dr. Nakul Karkare : Votre partenaire de confiance pour les soins orthop\u00e9diques \u00e0 Valley Stream, NY Le Dr Nakul Karkare est un chirurgien orthop\u00e9dique\" \/>\n<meta name=\"robots\" content=\"index, follow, max-snippet:-1, max-image-preview:large, max-video-preview:-1\" \/>\n<link rel=\"canonical\" href=\"https:\/\/www.newyorkhipknee.com\/fr\/contact\/little-neck-meilleur-chirurgien-pour-larthroplastie-de-la-hanche-et-du-genou\/valley-stream-ny\/\" \/>\n<meta property=\"og:locale\" content=\"fr_FR\" \/>\n<meta property=\"og:type\" content=\"article\" \/>\n<meta property=\"og:title\" content=\"Valley Stream, NY | Best Hip &amp; Knee Surgeon | NY, USA\" \/>\n<meta property=\"og:description\" content=\"Dr. Nakul Karkare : Votre partenaire de confiance pour les soins orthop\u00e9diques \u00e0 Valley Stream, NY Le Dr Nakul Karkare est un chirurgien orthop\u00e9dique\" \/>\n<meta property=\"og:url\" content=\"https:\/\/www.newyorkhipknee.com\/fr\/contact\/little-neck-meilleur-chirurgien-pour-larthroplastie-de-la-hanche-et-du-genou\/valley-stream-ny\/\" \/>\n<meta property=\"og:site_name\" content=\"Best Hip &amp; Knee Surgeon | NY, USA\" \/>\n<meta property=\"article:modified_time\" content=\"2023-12-30T08:31:27+00:00\" \/>\n<meta name=\"twitter:card\" content=\"summary_large_image\" \/>\n<meta name=\"twitter:label1\" content=\"Dur\u00e9e de lecture estim\u00e9e\" \/>\n\t<meta name=\"twitter:data1\" content=\"8 minutes\" \/>\n<script type=\"application\/ld+json\" class=\"yoast-schema-graph\">{\"@context\":\"https:\/\/schema.org\",\"@graph\":[{\"@type\":[\"WebPage\",\"MedicalWebPage\"],\"@id\":\"https:\/\/www.newyorkhipknee.com\/fr\/contact\/little-neck-meilleur-chirurgien-pour-larthroplastie-de-la-hanche-et-du-genou\/valley-stream-ny\/\",\"url\":\"https:\/\/www.newyorkhipknee.com\/fr\/contact\/little-neck-meilleur-chirurgien-pour-larthroplastie-de-la-hanche-et-du-genou\/valley-stream-ny\/\",\"name\":\"Valley Stream, NY | Best Hip &amp; Knee Surgeon | NY, USA\",\"isPartOf\":{\"@id\":\"https:\/\/www.newyorkhipknee.com\/fr\/#website\"},\"datePublished\":\"2023-11-28T20:44:09+00:00\",\"dateModified\":\"2023-12-30T08:31:27+00:00\",\"description\":\"Dr. Nakul Karkare : Votre partenaire de confiance pour les soins orthop\u00e9diques \u00e0 Valley Stream, NY Le Dr Nakul Karkare est un chirurgien orthop\u00e9dique\",\"breadcrumb\":{\"@id\":\"https:\/\/www.newyorkhipknee.com\/fr\/contact\/little-neck-meilleur-chirurgien-pour-larthroplastie-de-la-hanche-et-du-genou\/valley-stream-ny\/#breadcrumb\"},\"inLanguage\":\"fr-FR\",\"potentialAction\":[{\"@type\":\"ReadAction\",\"target\":[\"https:\/\/www.newyorkhipknee.com\/fr\/contact\/little-neck-meilleur-chirurgien-pour-larthroplastie-de-la-hanche-et-du-genou\/valley-stream-ny\/\"]}]},{\"@type\":\"BreadcrumbList\",\"@id\":\"https:\/\/www.newyorkhipknee.com\/fr\/contact\/little-neck-meilleur-chirurgien-pour-larthroplastie-de-la-hanche-et-du-genou\/valley-stream-ny\/#breadcrumb\",\"itemListElement\":[{\"@type\":\"ListItem\",\"position\":1,\"name\":\"Home\",\"item\":\"https:\/\/www.newyorkhipknee.com\/fr\/\"},{\"@type\":\"ListItem\",\"position\":2,\"name\":\"CONTACT\",\"item\":\"https:\/\/www.newyorkhipknee.com\/fr\/contact\/\"},{\"@type\":\"ListItem\",\"position\":3,\"name\":\"Little Neck &#8211; Meilleur chirurgien pour l&rsquo;arthroplastie de la hanche et du genou\",\"item\":\"https:\/\/www.newyorkhipknee.com\/fr\/contact\/little-neck-meilleur-chirurgien-pour-larthroplastie-de-la-hanche-et-du-genou\/\"},{\"@type\":\"ListItem\",\"position\":4,\"name\":\"Valley Stream, NY\"}]},{\"@type\":\"WebSite\",\"@id\":\"https:\/\/www.newyorkhipknee.com\/fr\/#website\",\"url\":\"https:\/\/www.newyorkhipknee.com\/fr\/\",\"name\":\"Best Hip & Knee Surgeon | NY, USA\",\"description\":\"\",\"potentialAction\":[{\"@type\":\"SearchAction\",\"target\":{\"@type\":\"EntryPoint\",\"urlTemplate\":\"https:\/\/www.newyorkhipknee.com\/fr\/?s={search_term_string}\"},\"query-input\":{\"@type\":\"PropertyValueSpecification\",\"valueRequired\":true,\"valueName\":\"search_term_string\"}}],\"inLanguage\":\"fr-FR\"}]}<\/script>\n<!-- \/ Yoast SEO plugin. -->","yoast_head_json":{"title":"Valley Stream, NY | Best Hip &amp; Knee Surgeon | NY, USA","description":"Dr. Nakul Karkare : Votre partenaire de confiance pour les soins orthop\u00e9diques \u00e0 Valley Stream, NY Le Dr Nakul Karkare est un chirurgien orthop\u00e9dique","robots":{"index":"index","follow":"follow","max-snippet":"max-snippet:-1","max-image-preview":"max-image-preview:large","max-video-preview":"max-video-preview:-1"},"canonical":"https:\/\/www.newyorkhipknee.com\/fr\/contact\/little-neck-meilleur-chirurgien-pour-larthroplastie-de-la-hanche-et-du-genou\/valley-stream-ny\/","og_locale":"fr_FR","og_type":"article","og_title":"Valley Stream, NY | Best Hip &amp; Knee Surgeon | NY, USA","og_description":"Dr. Nakul Karkare : Votre partenaire de confiance pour les soins orthop\u00e9diques \u00e0 Valley Stream, NY Le Dr Nakul Karkare est un chirurgien orthop\u00e9dique","og_url":"https:\/\/www.newyorkhipknee.com\/fr\/contact\/little-neck-meilleur-chirurgien-pour-larthroplastie-de-la-hanche-et-du-genou\/valley-stream-ny\/","og_site_name":"Best Hip &amp; Knee Surgeon | NY, USA","article_modified_time":"2023-12-30T08:31:27+00:00","twitter_card":"summary_large_image","twitter_misc":{"Dur\u00e9e de lecture estim\u00e9e":"8 minutes"},"schema":{"@context":"https:\/\/schema.org","@graph":[{"@type":["WebPage","MedicalWebPage"],"@id":"https:\/\/www.newyorkhipknee.com\/fr\/contact\/little-neck-meilleur-chirurgien-pour-larthroplastie-de-la-hanche-et-du-genou\/valley-stream-ny\/","url":"https:\/\/www.newyorkhipknee.com\/fr\/contact\/little-neck-meilleur-chirurgien-pour-larthroplastie-de-la-hanche-et-du-genou\/valley-stream-ny\/","name":"Valley Stream, NY | Best Hip &amp; Knee Surgeon | NY, USA","isPartOf":{"@id":"https:\/\/www.newyorkhipknee.com\/fr\/#website"},"datePublished":"2023-11-28T20:44:09+00:00","dateModified":"2023-12-30T08:31:27+00:00","description":"Dr. Nakul Karkare : Votre partenaire de confiance pour les soins orthop\u00e9diques \u00e0 Valley Stream, NY Le Dr Nakul Karkare est un chirurgien orthop\u00e9dique","breadcrumb":{"@id":"https:\/\/www.newyorkhipknee.com\/fr\/contact\/little-neck-meilleur-chirurgien-pour-larthroplastie-de-la-hanche-et-du-genou\/valley-stream-ny\/#breadcrumb"},"inLanguage":"fr-FR","potentialAction":[{"@type":"ReadAction","target":["https:\/\/www.newyorkhipknee.com\/fr\/contact\/little-neck-meilleur-chirurgien-pour-larthroplastie-de-la-hanche-et-du-genou\/valley-stream-ny\/"]}]},{"@type":"BreadcrumbList","@id":"https:\/\/www.newyorkhipknee.com\/fr\/contact\/little-neck-meilleur-chirurgien-pour-larthroplastie-de-la-hanche-et-du-genou\/valley-stream-ny\/#breadcrumb","itemListElement":[{"@type":"ListItem","position":1,"name":"Home","item":"https:\/\/www.newyorkhipknee.com\/fr\/"},{"@type":"ListItem","position":2,"name":"CONTACT","item":"https:\/\/www.newyorkhipknee.com\/fr\/contact\/"},{"@type":"ListItem","position":3,"name":"Little Neck &#8211; Meilleur chirurgien pour l&rsquo;arthroplastie de la hanche et du genou","item":"https:\/\/www.newyorkhipknee.com\/fr\/contact\/little-neck-meilleur-chirurgien-pour-larthroplastie-de-la-hanche-et-du-genou\/"},{"@type":"ListItem","position":4,"name":"Valley Stream, NY"}]},{"@type":"WebSite","@id":"https:\/\/www.newyorkhipknee.com\/fr\/#website","url":"https:\/\/www.newyorkhipknee.com\/fr\/","name":"Best Hip & Knee Surgeon | NY, USA","description":"","potentialAction":[{"@type":"SearchAction","target":{"@type":"EntryPoint","urlTemplate":"https:\/\/www.newyorkhipknee.com\/fr\/?s={search_term_string}"},"query-input":{"@type":"PropertyValueSpecification","valueRequired":true,"valueName":"search_term_string"}}],"inLanguage":"fr-FR"}]}},"_links":{"self":[{"href":"https:\/\/www.newyorkhipknee.com\/fr\/wp-json\/wp\/v2\/pages\/20994","targetHints":{"allow":["GET"]}}],"collection":[{"href":"https:\/\/www.newyorkhipknee.com\/fr\/wp-json\/wp\/v2\/pages"}],"about":[{"href":"https:\/\/www.newyorkhipknee.com\/fr\/wp-json\/wp\/v2\/types\/page"}],"author":[{"embeddable":true,"href":"https:\/\/www.newyorkhipknee.com\/fr\/wp-json\/wp\/v2\/users\/33"}],"replies":[{"embeddable":true,"href":"https:\/\/www.newyorkhipknee.com\/fr\/wp-json\/wp\/v2\/comments?post=20994"}],"version-history":[{"count":0,"href":"https:\/\/www.newyorkhipknee.com\/fr\/wp-json\/wp\/v2\/pages\/20994\/revisions"}],"up":[{"embeddable":true,"href":"https:\/\/www.newyorkhipknee.com\/fr\/wp-json\/wp\/v2\/pages\/17598"}],"wp:attachment":[{"href":"https:\/\/www.newyorkhipknee.com\/fr\/wp-json\/wp\/v2\/media?parent=20994"}],"curies":[{"name":"wp","href":"https:\/\/api.w.org\/{rel}","templated":true}]}}