{"id":21009,"date":"2023-11-28T16:31:24","date_gmt":"2023-11-28T21:31:24","guid":{"rendered":"https:\/\/newyorkhipknee.com\/contact\/little-neck-meilleur-chirurgien-pour-larthroplastie-de-la-hanche-et-du-genou\/westbury-ny\/"},"modified":"2023-11-28T16:31:24","modified_gmt":"2023-11-28T21:31:24","slug":"westbury-ny","status":"publish","type":"page","link":"https:\/\/www.newyorkhipknee.com\/fr\/contact\/little-neck-meilleur-chirurgien-pour-larthroplastie-de-la-hanche-et-du-genou\/westbury-ny\/","title":{"rendered":"Westbury, NY"},"content":{"rendered":"<h1><span class=\"\">Bienvenue au Centre orthop\u00e9dique du Dr Nakul Karkare, votre source d\u00e9vou\u00e9e de soins orthop\u00e9diques de premier ordre qui relie de mani\u00e8re transparente la communaut\u00e9 dynamique de Little Neck \u00e0 la ville voisine de Westbury, dans l&rsquo;\u00c9tat de New York.  <\/span><\/h1>\n<p><span class=\"\">Nous sommes fiers d&rsquo;\u00eatre votre destination locale en mati\u00e8re de soins orthop\u00e9diques, et nous nous engageons \u00e0 am\u00e9liorer le bien-\u00eatre des r\u00e9sidents et des individus dans cette r\u00e9gion dynamique.<\/span><span class=\"\">Le Dr Nakul Karkare est un orthop\u00e9diste hautement qualifi\u00e9 qui se passionne pour les soins orthop\u00e9diques complets, compatissants et de pointe. Il comprend le r\u00f4le essentiel que joue la sant\u00e9 orthop\u00e9dique dans votre vie quotidienne.  <\/span><\/p>\n<p><span class=\"\">Que vous soyez sur la voie de la gu\u00e9rison apr\u00e8s une blessure, que vous g\u00e9riez des troubles musculo-squelettiques chroniques ou que vous cherchiez des conseils pour atteindre un bien-\u00eatre orthop\u00e9dique optimal, le docteur Nakul Karkare et son \u00e9quipe d&rsquo;experts sont l\u00e0 pour vous guider vers une mobilit\u00e9 am\u00e9lior\u00e9e et une vie sans douleur.<\/span><\/p>\n<p><span class=\"\">Notre pr\u00e9sence relie de mani\u00e8re transparente Litle Neck \u00e0 Westbury, vous assurant un acc\u00e8s pratique \u00e0 nos services orthop\u00e9diques exceptionnels. Gr\u00e2ce \u00e0 notre blog informatif et \u00e0 nos ressources \u00e9ducatives, nous souhaitons vous apporter des informations pr\u00e9cieuses, les derni\u00e8res avanc\u00e9es en mati\u00e8re de traitements orthop\u00e9diques et des conseils pratiques pour vous aider \u00e0 mener un mode de vie actif et sain. Le centre orthop\u00e9dique du Dr Nakul Karkare est votre partenaire de confiance sur la voie d&rsquo;une meilleure sant\u00e9 orthop\u00e9dique.<\/span><span class=\"\">Pour les rendez-vous et les consultations, les personnes peuvent contacter le centre orthop\u00e9dique du Dr Nakul Karkare au (631) 992-6437. Nous sommes l\u00e0 pour vous aider \u00e0 am\u00e9liorer votre sant\u00e9 orthop\u00e9dique et votre bien-\u00eatre.<\/span><\/p>\n<p>&nbsp;<\/p>\n<h2><span class=\"\">Nous avons l&rsquo;honneur de fournir une gamme compl\u00e8te de services orthop\u00e9diques \u00e0 Westbury, NY.<\/span><\/h2>\n<h3><a href=\"https:\/\/newyorkhipknee.com\/custom-knee-replacement-surgery\/\" target=\"_blank\" rel=\"noopener\">Remplacement du genou sur mesure<\/a><\/h3>\n<h4>Qui b\u00e9n\u00e9ficie d&rsquo;une proth\u00e8se de genou personnalis\u00e9e ?<\/h4>\n<p><span class=\"\">La proth\u00e8se de genou personnalis\u00e9e, \u00e9galement connue sous le nom de proth\u00e8se de genou sur mesure, est g\u00e9n\u00e9ralement recommand\u00e9e aux personnes souffrant de douleurs, de raideurs et de gonflements importants au niveau du genou, qui entravent consid\u00e9rablement leurs activit\u00e9s quotidiennes et leur qualit\u00e9 de vie en g\u00e9n\u00e9ral. Les facteurs sous-jacents courants de cette affection sont l&rsquo;arthrose, la polyarthrite rhumato\u00efde, les l\u00e9sions traumatiques ou d&rsquo;autres troubles d\u00e9g\u00e9n\u00e9ratifs de l&rsquo;articulation du genou.<\/span><\/p>\n<h4>L&rsquo;intervention chirurgicale<\/h4>\n<p><span class=\"\">Le remplacement du genou sur mesure est une intervention chirurgicale sophistiqu\u00e9e au cours de laquelle l&rsquo;articulation du genou endommag\u00e9e est remplac\u00e9e par un implant artificiel sur mesure con\u00e7u pour s&rsquo;harmoniser avec la structure anatomique unique du patient. Le processus commence par l&rsquo;utilisation d&rsquo;une technologie d&rsquo;imagerie avanc\u00e9e, qui g\u00e9n\u00e8re un mod\u00e8le tridimensionnel m\u00e9ticuleux de l&rsquo;articulation du genou du patient. Ce mod\u00e8le est ensuite utilis\u00e9 pour fabriquer un implant sur mesure qui s&rsquo;adapte parfaitement au genou du patient.<\/span><span class=\"\">Au cours de l&rsquo;intervention chirurgicale, le chirurgien orthop\u00e9dique retire m\u00e9ticuleusement l&rsquo;articulation endommag\u00e9e et la remplace par l&rsquo;implant sur mesure. L&rsquo;ensemble du processus se d\u00e9roule sous anesth\u00e9sie afin que le patient ne ressente aucune douleur et reste \u00e0 l&rsquo;aise pendant toute la dur\u00e9e de l&rsquo;intervention.<\/span><\/p>\n<h4>Les avantages<\/h4>\n<p><span class=\"\">La proth\u00e8se de genou sur mesure offre de nombreux avantages aux patients, notamment<\/span><\/p>\n<ul class=\"list-outside list-disc pl-8\">\n<li><span class=\"\">Att\u00e9nuation de la douleur<\/span><\/li>\n<li><span class=\"\">Mobilit\u00e9 accrue<\/span><\/li>\n<li><span class=\"\">Am\u00e9lioration de la qualit\u00e9 de vie<\/span><\/li>\n<li><span class=\"\">R\u00e9cup\u00e9ration plus rapide<\/span><\/li>\n<\/ul>\n<h4><a href=\"https:\/\/newyorkhipknee.com\/hip-replacement-surgery\/\" target=\"_blank\" rel=\"noopener\">Remplacement de la hanche<\/a><\/h4>\n<h4>Qui b\u00e9n\u00e9ficie d&rsquo;une arthroplastie de la hanche ?<\/h4>\n<p><span class=\"\">L&rsquo;arthroplastie de la hanche est recommand\u00e9e aux personnes souffrant de douleurs, de raideurs et de gonflements s\u00e9v\u00e8res de la hanche qui entravent consid\u00e9rablement leurs activit\u00e9s quotidiennes et leur qualit\u00e9 de vie. Les causes les plus courantes de cette affection sont l&rsquo;arthrose, la polyarthrite rhumato\u00efde, la n\u00e9crose avasculaire ou les fractures de la hanche.<\/span><\/p>\n<h4>L&rsquo;intervention chirurgicale<\/h4>\n<p><span class=\"\">La proth\u00e8se de hanche est une intervention chirurgicale qui consiste \u00e0 remplacer une articulation de la hanche endommag\u00e9e par un implant artificiel m\u00e9ticuleusement con\u00e7u pour reproduire la structure et le fonctionnement naturels de l&rsquo;articulation de la hanche, ce qui permet aux patients de retrouver leur mobilit\u00e9 et de soulager leur inconfort.<\/span><\/p>\n<p><span class=\"\">Au cours de l&rsquo;op\u00e9ration, le chirurgien orthop\u00e9dique retire habilement l&rsquo;articulation endommag\u00e9e et la remplace par l&rsquo;implant artificiel. Comme pour le remplacement du genou, cette intervention est r\u00e9alis\u00e9e sous anesth\u00e9sie pour assurer le confort du patient.<\/span><span class=\"\">Dans les deux cas, le Dr Nakul Karkare utilise des techniques chirurgicales avanc\u00e9es et une technologie de pointe pour assurer la mise en place pr\u00e9cise des composants de l&rsquo;implant par le biais d&rsquo;incisions plus petites et \u00e9pargnant les tissus. <\/span><\/p>\n<p><span class=\"\">Cette approche permet de minimiser l&rsquo;inconfort et d&rsquo;acc\u00e9l\u00e9rer le processus de r\u00e9tablissement. L&rsquo;expertise du Dr Karkare dans ces proc\u00e9dures, combin\u00e9e \u00e0 la nature personnalis\u00e9e des implants sur mesure, contribue \u00e0 am\u00e9liorer les r\u00e9sultats pour les patients qui cherchent \u00e0 soulager leurs probl\u00e8mes d&rsquo;articulation du genou et de la hanche.<\/span><\/p>\n<p><span class=\"\">Si vous souffrez de douleurs articulaires, de raideurs, de gonflements ou si vous avez subi une blessure, n&rsquo;h\u00e9sitez pas \u00e0 contacter le centre orthop\u00e9dique du Dr Nakul Karkare. Leur \u00e9quipe de sp\u00e9cialistes a pour mission de vous aider \u00e0 retrouver votre mobilit\u00e9, \u00e0 soulager vos douleurs et \u00e0 am\u00e9liorer votre qualit\u00e9 de vie en g\u00e9n\u00e9ral. Votre bien-\u00eatre est leur priorit\u00e9 absolue, et ils sont l\u00e0 pour vous guider sur la voie d&rsquo;une meilleure sant\u00e9 orthop\u00e9dique<\/span><\/p>\n<p>&nbsp;<\/p>\n<h1>\u00c0 propos de Westbury, NY<\/h1>\n<div class=\"prose dark:prose-invert inline leading-normal break-words min-w-0 [word-break:break-word]\"><span class=\"\">Westbury, NY est un village situ\u00e9 dans le comt\u00e9 de Nassau, sur Long Island, New York, \u00c9tats-Unis. Le village est connu pour sa riche histoire, sa culture diversifi\u00e9e et son magnifique environnement naturel. Westbury a beaucoup \u00e0 offrir, de ses monuments historiques \u00e0 ses excellentes \u00e9coles, en passant par sa communaut\u00e9 grandissante.<\/span>&nbsp;<\/p>\n<h3><\/h3>\n<h3>Histoire de Westbury, NY<\/h3>\n<p><span class=\"\">Westbury, NY a une longue et riche histoire qui remonte \u00e0 l&rsquo;\u00e9poque coloniale. La r\u00e9gion \u00e9tait \u00e0 l&rsquo;origine habit\u00e9e par la tribu am\u00e9rindienne Lenape. Les premiers colons europ\u00e9ens sont arriv\u00e9s dans la r\u00e9gion au XVIIe si\u00e8cle, et la r\u00e9gion est devenue un centre d&rsquo;agriculture et de p\u00eache.<\/span><span class=\"\">Au cours du XIXe si\u00e8cle, Westbury est devenu une destination populaire pour les riches New-Yorkais, qui y ont construit des r\u00e9sidences d&rsquo;\u00e9t\u00e9 et des domaines. Le village a \u00e9galement accueilli un certain nombre d&rsquo;industries, dont la construction navale et l&rsquo;ostr\u00e9iculture.<\/span><span class=\"\">Au d\u00e9but du XXe si\u00e8cle, Westbury a commenc\u00e9 \u00e0 se d\u00e9velopper en une communaut\u00e9 r\u00e9sidentielle, avec un m\u00e9lange de maisons individuelles, d&rsquo;appartements et de condominiums. Le village poss\u00e8de un riche patrimoine architectural, avec de nombreux b\u00e2timents et maisons historiques.<\/span><\/p>\n<h3><\/h3>\n<h3>Culture de Westbury, NY<\/h3>\n<p><span class=\"\">Westbury, NY poss\u00e8de une culture vari\u00e9e et dynamique, et le village abrite un certain nombre de mus\u00e9es et d&rsquo;institutions culturelles. Le village est \u00e9galement connu pour ses magnifiques parcs, qui attirent des visiteurs du monde entier. Le village abrite un quartier commercial o\u00f9 l&rsquo;on trouve une vie nocturne, des h\u00f4tels, des restaurants au bord de l&rsquo;eau et une vari\u00e9t\u00e9 de magasins.<\/span><\/p>\n<h3><\/h3>\n<h3>Tourisme \u00e0 Westbury, NY<\/h3>\n<p><span class=\"\">Westbury, NY est une destination touristique en plein essor, en partie gr\u00e2ce \u00e0 ses magnifiques parcs, ses charmants villages et son riche patrimoine culturel. Le village abrite un certain nombre d&rsquo;attractions qui attirent des visiteurs du monde entier.<\/span><span class=\"\">L&rsquo;une des attractions les plus populaires de Westbury est le Old Westbury Gardens, un magnifique jardin qui offre aux visiteurs un aper\u00e7u du pass\u00e9.<\/span><\/p>\n<\/div>\n<div><\/div>\n<div class=\"prose dark:prose-invert inline leading-normal break-words min-w-0 [word-break:break-word]\"><span class=\"\">Le jardin est une destination populaire pour les habitants et les touristes, et il est souvent utilis\u00e9 pour des \u00e9v\u00e9nements et des festivals.<\/span><span class=\"\">Une autre attraction populaire de Westbury est le NYCB Theatre at Westbury, un th\u00e9\u00e2tre historique qui a accueilli un certain nombre d&rsquo;\u00e9v\u00e9nements majeurs, notamment des concerts, des pi\u00e8ces de th\u00e9\u00e2tre et des spectacles comiques. Le th\u00e9\u00e2tre est une destination populaire pour les habitants et les touristes, et il est souvent utilis\u00e9 pour des programmes et des \u00e9v\u00e9nements \u00e9ducatifs.<\/span><\/div>\n<div>\n<h1>Directions<\/h1>\n<p><span class=\"\">Voici l&rsquo;itin\u00e9raire \u00e0 suivre pour se rendre de Westbury, NY \u00e0 Complete Orthopedics au 52-21 Little Neck Parkway, Little Neck, NY 11362 :<\/span><\/p>\n<ol class=\"list-outside list-decimal marker:font-mono marker:text-sm pl-11\">\n<li><span class=\"\">Prendre la direction nord sur Post Ave vers Maple Ave.<\/span><\/li>\n<li><span class=\"\">Tourner \u00e0 droite sur Maple Ave.<\/span><\/li>\n<li><span class=\"\">Tourner \u00e0 gauche sur Jericho Turnpike.<\/span><\/li>\n<li><span class=\"\">Tourner \u00e0 droite sur Little Neck Pkwy.<\/span><\/li>\n<li><span class=\"\">Complete Orthopedics sera sur la gauche au 52-21 Little Neck Pkwy.<\/span><\/li>\n<\/ol>\n<p><span class=\"\">Note : Les directions exactes peuvent varier en fonction de votre lieu de d\u00e9part. Il est recommand\u00e9 d&rsquo;utiliser un GPS ou un service de cartographie pour obtenir les indications les plus pr\u00e9cises.<\/span><\/p>\n<p>&nbsp;<\/p>\n<h1>Soins de sant\u00e9 pr\u00e8s de Westbury<\/h1>\n<div class=\"relative default font-sans text-base text-textMain dark:text-textMainDark selection:bg-superDuper selection:text-textMain\">\n<div class=\"break-words min-w-0 [word-break:break-word]\">\n<div dir=\"auto\">\n<div class=\"prose dark:prose-invert inline leading-normal break-words min-w-0 [word-break:break-word]\">\n<h4>Pharmacies<\/h4>\n<ol class=\"list-outside list-decimal marker:font-mono marker:text-sm pl-11\">\n<li><span class=\"\">CVS Pharmacy &#8211; 15 Old Country Rd, Westbury, NY 11590<\/span><\/li>\n<li><span class=\"\">Walgreens Pharmacy &#8211; 399 Port Washington Blvd, Port Washington, NY 11050<\/span><\/li>\n<li><span class=\"\">Rite Aid Pharmacy &#8211; 1 N Village Ave, Rockville Centre, NY 11570<\/span><\/li>\n<\/ol>\n<h4>Centres de radiologie<\/h4>\n<ol class=\"list-outside list-decimal marker:font-mono marker:text-sm pl-11\">\n<li><span class=\"\">North Shore Radiology Associates &#8211; 300 Community Dr, Manhasset, NY 11030<\/span><\/li>\n<li><span class=\"\">Long Island Radiology Associates &#8211; 865 Merrick Ave, Westbury, NY 11590<\/span><\/li>\n<li><span class=\"\">Diagnostic Radiology Associates &#8211; 165 N Village Ave, Rockville Centre, NY 11570<\/span><\/li>\n<\/ol>\n<h4>Centres de soins d&rsquo;urgence<\/h4>\n<ol class=\"list-outside list-decimal marker:font-mono marker:text-sm pl-11\">\n<li><span class=\"\">CityMD Westbury Urgent Care &#8211; 865 Merrick Ave, Westbury, NY 11590<\/span><\/li>\n<li><span class=\"\">ProHEALTH Urgent Care &#8211; 1 Expressway Plaza, Roslyn Heights, NY 11577<\/span><\/li>\n<li><span class=\"\">Northwell Health-GoHealth Urgent Care &#8211; 1070 Northern Blvd, Roslyn, NY 11576<\/span><\/li>\n<\/ol>\n<h4>H\u00f4pitaux<\/h4>\n<ol class=\"list-outside list-decimal marker:font-mono marker:text-sm pl-11\">\n<li><span class=\"\">H\u00f4pital NYU Winthrop &#8211; 259 1st St, Mineola, NY 11501<\/span><\/li>\n<li><span class=\"\">Mercy Medical Center &#8211; 1000 N Village Ave, Rockville Centre, NY 11570<\/span><\/li>\n<li><span class=\"\">Centre m\u00e9dical juif de Long Island &#8211; 270-05 76th Ave, New Hyde Park, NY 11040<\/span><\/li>\n<\/ol>\n<p><span class=\"\">Note : Les informations fournies sont exactes \u00e0 la date d&rsquo;octobre 2023.<\/span><\/p>\n<\/div>\n<\/div>\n<\/div>\n<\/div>\n<div class=\"my-md border-borderMain\/60 dark:border-borderMainDark\/80 divide-borderMain\/60 dark:divide-borderMainDark\/80 ring-borderMain dark:ring-borderMainDark bg-transparent\">\n<div>\n<p>Chez Complete Orthopedics, nous sommes fiers d&rsquo;offrir des soins orthop\u00e9diques complets aux patients de divers \u00e9tablissements de sant\u00e9 de notre communaut\u00e9, y compris ceux mentionn\u00e9s pr\u00e9c\u00e9demment. Que vous nous adressiez une demande de traitement orthop\u00e9dique ou que vous souhaitiez simplement nous consulter au sujet d&rsquo;un probl\u00e8me orthop\u00e9dique, notre \u00e9quipe d\u00e9vou\u00e9e, disponible 24 heures sur 24 et 7 jours sur 7, est l\u00e0 pour vous offrir une assistance rapide et compatissante.<\/p>\n<p>Nous savons que de nombreuses personnes cherchent \u00e0 se faire soigner dans des centres de soins d&rsquo;urgence et des h\u00f4pitaux pour des blessures li\u00e9es \u00e0 l&rsquo;indemnisation des accidents du travail et \u00e0 l&rsquo;assurance sans \u00e9gard \u00e0 la responsabilit\u00e9. Si votre blessure ne n\u00e9cessite pas une visite \u00e0 l&rsquo;h\u00f4pital, nous sommes ravis d&rsquo;offrir des soins orthop\u00e9diques sp\u00e9cialis\u00e9s adapt\u00e9s \u00e0 ce type de situation. N&rsquo;h\u00e9sitez pas \u00e0 nous contacter au 631-981-2663 pour prendre rendez-vous avec nous d\u00e8s aujourd&rsquo;hui. Votre bien-\u00eatre est notre priorit\u00e9 absolue, et nous sommes l\u00e0 pour vous aider sur la voie de la gu\u00e9rison.<\/p>\n<\/div>\n<\/div>\n<\/div>\n","protected":false},"excerpt":{"rendered":"<p>Bienvenue au Centre orthop\u00e9dique du Dr Nakul Karkare, votre source d\u00e9vou\u00e9e de soins orthop\u00e9diques de premier ordre qui relie de mani\u00e8re transparente la communaut\u00e9 dynamique de Little Neck \u00e0 la ville voisine de Westbury, dans l&rsquo;\u00c9tat de New York. Nous sommes fiers d&rsquo;\u00eatre votre destination locale en mati\u00e8re de soins orthop\u00e9diques, et nous nous engageons [&hellip;]<\/p>\n","protected":false},"author":33,"featured_media":0,"parent":17598,"menu_order":0,"comment_status":"closed","ping_status":"closed","template":"","meta":{"_et_pb_use_builder":"","_et_pb_old_content":"","_et_gb_content_width":"","footnotes":""},"class_list":["post-21009","page","type-page","status-publish","hentry"],"yoast_head":"<!-- This site is optimized with the Yoast SEO plugin v27.2 - https:\/\/yoast.com\/product\/yoast-seo-wordpress\/ -->\n<title>Westbury, NY | Best Hip &amp; Knee Surgeon | NY, USA<\/title>\n<meta name=\"description\" content=\"Bienvenue au Centre orthop\u00e9dique du Dr Nakul Karkare, votre source d\u00e9vou\u00e9e de soins orthop\u00e9diques de premier ordre qui relie de mani\u00e8re transparente la\" \/>\n<meta name=\"robots\" content=\"index, follow, max-snippet:-1, max-image-preview:large, max-video-preview:-1\" \/>\n<link rel=\"canonical\" href=\"https:\/\/www.newyorkhipknee.com\/fr\/contact\/little-neck-meilleur-chirurgien-pour-larthroplastie-de-la-hanche-et-du-genou\/westbury-ny\/\" \/>\n<meta property=\"og:locale\" content=\"fr_FR\" \/>\n<meta property=\"og:type\" content=\"article\" \/>\n<meta property=\"og:title\" content=\"Westbury, NY | Best Hip &amp; Knee Surgeon | NY, USA\" \/>\n<meta property=\"og:description\" content=\"Bienvenue au Centre orthop\u00e9dique du Dr Nakul Karkare, votre source d\u00e9vou\u00e9e de soins orthop\u00e9diques de premier ordre qui relie de mani\u00e8re transparente la\" \/>\n<meta property=\"og:url\" content=\"https:\/\/www.newyorkhipknee.com\/fr\/contact\/little-neck-meilleur-chirurgien-pour-larthroplastie-de-la-hanche-et-du-genou\/westbury-ny\/\" \/>\n<meta property=\"og:site_name\" content=\"Best Hip &amp; Knee Surgeon | NY, USA\" \/>\n<meta name=\"twitter:card\" content=\"summary_large_image\" \/>\n<meta name=\"twitter:label1\" content=\"Dur\u00e9e de lecture estim\u00e9e\" \/>\n\t<meta name=\"twitter:data1\" content=\"9 minutes\" \/>\n<script type=\"application\/ld+json\" class=\"yoast-schema-graph\">{\"@context\":\"https:\/\/schema.org\",\"@graph\":[{\"@type\":[\"WebPage\",\"MedicalWebPage\"],\"@id\":\"https:\/\/www.newyorkhipknee.com\/fr\/contact\/little-neck-meilleur-chirurgien-pour-larthroplastie-de-la-hanche-et-du-genou\/westbury-ny\/\",\"url\":\"https:\/\/www.newyorkhipknee.com\/fr\/contact\/little-neck-meilleur-chirurgien-pour-larthroplastie-de-la-hanche-et-du-genou\/westbury-ny\/\",\"name\":\"Westbury, NY | Best Hip &amp; Knee Surgeon | NY, USA\",\"isPartOf\":{\"@id\":\"https:\/\/www.newyorkhipknee.com\/fr\/#website\"},\"datePublished\":\"2023-11-28T21:31:24+00:00\",\"description\":\"Bienvenue au Centre orthop\u00e9dique du Dr Nakul Karkare, votre source d\u00e9vou\u00e9e de soins orthop\u00e9diques de premier ordre qui relie de mani\u00e8re transparente la\",\"breadcrumb\":{\"@id\":\"https:\/\/www.newyorkhipknee.com\/fr\/contact\/little-neck-meilleur-chirurgien-pour-larthroplastie-de-la-hanche-et-du-genou\/westbury-ny\/#breadcrumb\"},\"inLanguage\":\"fr-FR\",\"potentialAction\":[{\"@type\":\"ReadAction\",\"target\":[\"https:\/\/www.newyorkhipknee.com\/fr\/contact\/little-neck-meilleur-chirurgien-pour-larthroplastie-de-la-hanche-et-du-genou\/westbury-ny\/\"]}]},{\"@type\":\"BreadcrumbList\",\"@id\":\"https:\/\/www.newyorkhipknee.com\/fr\/contact\/little-neck-meilleur-chirurgien-pour-larthroplastie-de-la-hanche-et-du-genou\/westbury-ny\/#breadcrumb\",\"itemListElement\":[{\"@type\":\"ListItem\",\"position\":1,\"name\":\"Home\",\"item\":\"https:\/\/www.newyorkhipknee.com\/fr\/\"},{\"@type\":\"ListItem\",\"position\":2,\"name\":\"CONTACT\",\"item\":\"https:\/\/www.newyorkhipknee.com\/fr\/contact\/\"},{\"@type\":\"ListItem\",\"position\":3,\"name\":\"Little Neck &#8211; Meilleur chirurgien pour l&rsquo;arthroplastie de la hanche et du genou\",\"item\":\"https:\/\/www.newyorkhipknee.com\/fr\/contact\/little-neck-meilleur-chirurgien-pour-larthroplastie-de-la-hanche-et-du-genou\/\"},{\"@type\":\"ListItem\",\"position\":4,\"name\":\"Westbury, NY\"}]},{\"@type\":\"WebSite\",\"@id\":\"https:\/\/www.newyorkhipknee.com\/fr\/#website\",\"url\":\"https:\/\/www.newyorkhipknee.com\/fr\/\",\"name\":\"Best Hip & Knee Surgeon | NY, USA\",\"description\":\"\",\"potentialAction\":[{\"@type\":\"SearchAction\",\"target\":{\"@type\":\"EntryPoint\",\"urlTemplate\":\"https:\/\/www.newyorkhipknee.com\/fr\/?s={search_term_string}\"},\"query-input\":{\"@type\":\"PropertyValueSpecification\",\"valueRequired\":true,\"valueName\":\"search_term_string\"}}],\"inLanguage\":\"fr-FR\"}]}<\/script>\n<!-- \/ Yoast SEO plugin. -->","yoast_head_json":{"title":"Westbury, NY | Best Hip &amp; Knee Surgeon | NY, USA","description":"Bienvenue au Centre orthop\u00e9dique du Dr Nakul Karkare, votre source d\u00e9vou\u00e9e de soins orthop\u00e9diques de premier ordre qui relie de mani\u00e8re transparente la","robots":{"index":"index","follow":"follow","max-snippet":"max-snippet:-1","max-image-preview":"max-image-preview:large","max-video-preview":"max-video-preview:-1"},"canonical":"https:\/\/www.newyorkhipknee.com\/fr\/contact\/little-neck-meilleur-chirurgien-pour-larthroplastie-de-la-hanche-et-du-genou\/westbury-ny\/","og_locale":"fr_FR","og_type":"article","og_title":"Westbury, NY | Best Hip &amp; Knee Surgeon | NY, USA","og_description":"Bienvenue au Centre orthop\u00e9dique du Dr Nakul Karkare, votre source d\u00e9vou\u00e9e de soins orthop\u00e9diques de premier ordre qui relie de mani\u00e8re transparente la","og_url":"https:\/\/www.newyorkhipknee.com\/fr\/contact\/little-neck-meilleur-chirurgien-pour-larthroplastie-de-la-hanche-et-du-genou\/westbury-ny\/","og_site_name":"Best Hip &amp; Knee Surgeon | NY, USA","twitter_card":"summary_large_image","twitter_misc":{"Dur\u00e9e de lecture estim\u00e9e":"9 minutes"},"schema":{"@context":"https:\/\/schema.org","@graph":[{"@type":["WebPage","MedicalWebPage"],"@id":"https:\/\/www.newyorkhipknee.com\/fr\/contact\/little-neck-meilleur-chirurgien-pour-larthroplastie-de-la-hanche-et-du-genou\/westbury-ny\/","url":"https:\/\/www.newyorkhipknee.com\/fr\/contact\/little-neck-meilleur-chirurgien-pour-larthroplastie-de-la-hanche-et-du-genou\/westbury-ny\/","name":"Westbury, NY | Best Hip &amp; Knee Surgeon | NY, USA","isPartOf":{"@id":"https:\/\/www.newyorkhipknee.com\/fr\/#website"},"datePublished":"2023-11-28T21:31:24+00:00","description":"Bienvenue au Centre orthop\u00e9dique du Dr Nakul Karkare, votre source d\u00e9vou\u00e9e de soins orthop\u00e9diques de premier ordre qui relie de mani\u00e8re transparente la","breadcrumb":{"@id":"https:\/\/www.newyorkhipknee.com\/fr\/contact\/little-neck-meilleur-chirurgien-pour-larthroplastie-de-la-hanche-et-du-genou\/westbury-ny\/#breadcrumb"},"inLanguage":"fr-FR","potentialAction":[{"@type":"ReadAction","target":["https:\/\/www.newyorkhipknee.com\/fr\/contact\/little-neck-meilleur-chirurgien-pour-larthroplastie-de-la-hanche-et-du-genou\/westbury-ny\/"]}]},{"@type":"BreadcrumbList","@id":"https:\/\/www.newyorkhipknee.com\/fr\/contact\/little-neck-meilleur-chirurgien-pour-larthroplastie-de-la-hanche-et-du-genou\/westbury-ny\/#breadcrumb","itemListElement":[{"@type":"ListItem","position":1,"name":"Home","item":"https:\/\/www.newyorkhipknee.com\/fr\/"},{"@type":"ListItem","position":2,"name":"CONTACT","item":"https:\/\/www.newyorkhipknee.com\/fr\/contact\/"},{"@type":"ListItem","position":3,"name":"Little Neck &#8211; Meilleur chirurgien pour l&rsquo;arthroplastie de la hanche et du genou","item":"https:\/\/www.newyorkhipknee.com\/fr\/contact\/little-neck-meilleur-chirurgien-pour-larthroplastie-de-la-hanche-et-du-genou\/"},{"@type":"ListItem","position":4,"name":"Westbury, NY"}]},{"@type":"WebSite","@id":"https:\/\/www.newyorkhipknee.com\/fr\/#website","url":"https:\/\/www.newyorkhipknee.com\/fr\/","name":"Best Hip & Knee Surgeon | NY, USA","description":"","potentialAction":[{"@type":"SearchAction","target":{"@type":"EntryPoint","urlTemplate":"https:\/\/www.newyorkhipknee.com\/fr\/?s={search_term_string}"},"query-input":{"@type":"PropertyValueSpecification","valueRequired":true,"valueName":"search_term_string"}}],"inLanguage":"fr-FR"}]}},"_links":{"self":[{"href":"https:\/\/www.newyorkhipknee.com\/fr\/wp-json\/wp\/v2\/pages\/21009","targetHints":{"allow":["GET"]}}],"collection":[{"href":"https:\/\/www.newyorkhipknee.com\/fr\/wp-json\/wp\/v2\/pages"}],"about":[{"href":"https:\/\/www.newyorkhipknee.com\/fr\/wp-json\/wp\/v2\/types\/page"}],"author":[{"embeddable":true,"href":"https:\/\/www.newyorkhipknee.com\/fr\/wp-json\/wp\/v2\/users\/33"}],"replies":[{"embeddable":true,"href":"https:\/\/www.newyorkhipknee.com\/fr\/wp-json\/wp\/v2\/comments?post=21009"}],"version-history":[{"count":0,"href":"https:\/\/www.newyorkhipknee.com\/fr\/wp-json\/wp\/v2\/pages\/21009\/revisions"}],"up":[{"embeddable":true,"href":"https:\/\/www.newyorkhipknee.com\/fr\/wp-json\/wp\/v2\/pages\/17598"}],"wp:attachment":[{"href":"https:\/\/www.newyorkhipknee.com\/fr\/wp-json\/wp\/v2\/media?parent=21009"}],"curies":[{"name":"wp","href":"https:\/\/api.w.org\/{rel}","templated":true}]}}