{"id":21020,"date":"2023-11-07T16:19:56","date_gmt":"2023-11-07T21:19:56","guid":{"rendered":"https:\/\/newyorkhipknee.com\/contact\/patchogue-meilleur-chirurgien-pour-larthroplastie-de-la-hanche-et-du-genou\/holtsville-ny\/"},"modified":"2023-11-07T16:19:56","modified_gmt":"2023-11-07T21:19:56","slug":"holtsville-ny","status":"publish","type":"page","link":"https:\/\/www.newyorkhipknee.com\/fr\/contact\/patchogue-meilleur-chirurgien-pour-larthroplastie-de-la-hanche-et-du-genou\/holtsville-ny\/","title":{"rendered":"Holtsville, NY"},"content":{"rendered":"<h1>Services orthop\u00e9diques complets \u00e0 Holtsville, NY, offerts par le Dr Nakul Karkare<\/h1>\n<p>Nakul Karkare vous salue ! Nous sommes votre source d\u00e9vou\u00e9e de soins orthop\u00e9diques exceptionnels et nous sommes ravis d&rsquo;annoncer l&rsquo;expansion de nos services orthop\u00e9diques complets dans la communaut\u00e9 chaleureuse et accueillante de Holtsville, NY.<\/p>\n<p>Au cabinet du Dr Nakul Karkare, nous associons le professionnalisme \u00e0 une approche amicale et centr\u00e9e sur le patient afin de vous garantir le meilleur niveau de soins orthop\u00e9diques.<\/p>\n<p>Au cabinet du Dr Nakul Karkare, nous sommes tr\u00e8s fiers d&rsquo;\u00eatre votre fournisseur de confiance en mati\u00e8re de soins orthop\u00e9diques. Voici pourquoi vous devriez nous consid\u00e9rer pour vos besoins orthop\u00e9diques :<\/p>\n<p>Des <strong>sp\u00e9cialistes en orthop\u00e9die tr\u00e8s exp\u00e9riment\u00e9s<\/strong>: Notre \u00e9quipe est compos\u00e9e de sp\u00e9cialistes orthop\u00e9diques tr\u00e8s exp\u00e9riment\u00e9s, dirig\u00e9s par le Dr Nakul Karkare, qui est r\u00e9put\u00e9 pour son expertise dans ce domaine. Gr\u00e2ce \u00e0 leurs vastes connaissances et \u00e0 leur exp\u00e9rience, ils diagnostiquent et traitent efficacement un large \u00e9ventail d&rsquo;affections orthop\u00e9diques.<\/p>\n<p><strong>Traitement personnalis\u00e9 :<\/strong> Nous savons que chaque patient est unique et nous adaptons nos plans de traitement \u00e0 vos besoins et objectifs sp\u00e9cifiques. Votre confort et votre bien-\u00eatre sont toujours nos priorit\u00e9s.<\/p>\n<p><strong>Des soins accessibles :<\/strong> Bien que notre site principal soit \u00e0<a href=\"https:\/\/newyorkhipknee.com\/contact\/patchogue-orthopedic-surgeon\/\" target=\"_blank\" rel=\"noopener\"> Patchogue<\/a>, NY, nous sommes ravis d&rsquo;\u00e9tendre nos services \u00e0 Holtsville,. Nous pensons que des soins orthop\u00e9diques exceptionnels devraient \u00eatre \u00e0 la port\u00e9e de tous, et notre engagement \u00e0 \u00e9tendre notre port\u00e9e garantit que vous pouvez acc\u00e9der \u00e0 des services orthop\u00e9diques de premier ordre plus pr\u00e8s de chez vous.<\/p>\n<p>Le Dr Nakul Karkare, chirurgien orthop\u00e9dique certifi\u00e9 avec plus de 15 ans d&rsquo;exp\u00e9rience, se consacre \u00e0 fournir le plus haut niveau de soins \u00e0 ses patients. Il est titulaire de nombreuses certifications et poss\u00e8de un solide palmar\u00e8s de traitements et d&rsquo;interventions chirurgicales r\u00e9ussis.<\/p>\n<p>Votre sant\u00e9 orthop\u00e9dique nous tient \u00e0 c\u0153ur et nous sommes l\u00e0 pour vous aider \u00e0 retrouver votre mobilit\u00e9, \u00e0 r\u00e9duire la douleur et \u00e0 am\u00e9liorer votre qualit\u00e9 de vie en g\u00e9n\u00e9ral. Que vous soyez aux prises avec des douleurs articulaires, des blessures sportives, des fractures ou tout autre probl\u00e8me orthop\u00e9dique, vous pouvez faire confiance au Dr Nakul Karkare et \u00e0 son \u00e9quipe pour \u00eatre vos partenaires in\u00e9branlables sur la voie de la gu\u00e9rison.<\/p>\n<p>&nbsp;<\/p>\n<h2>Nous sommes ravis de fournir ces services orthop\u00e9diques complets \u00e0 Holtsville, NY :<\/h2>\n<h2><a role=\"link\" href=\"https:\/\/newyorkhipknee.com\/custom-knee-replacement-surgery\/\" target=\"_blank\" rel=\"noopener\"><strong>Chirurgie de remplacement du genou sur mesure :<\/strong><\/a><\/h2>\n<p><strong><em>Pour une mobilit\u00e9 et un confort accrus<\/em><\/strong><\/p>\n<p><strong>Qui a besoin d&rsquo;une proth\u00e8se de genou sur mesure ?<\/strong><\/p>\n<p>L&rsquo;arthroplastie du genou sur mesure est recommand\u00e9e pour les personnes qui souffrent de fortes douleurs au genou et d&rsquo;une mobilit\u00e9 r\u00e9duite en raison d&rsquo;affections telles que l&rsquo;arthrose, la polyarthrite rhumato\u00efde ou des l\u00e9sions articulaires dues \u00e0 des traumatismes. Si votre douleur au genou a un impact significatif sur votre vie quotidienne et que les traitements conservateurs n&rsquo;ont pas apport\u00e9 un soulagement suffisant, cette intervention chirurgicale peut \u00eatre la solution dont vous avez besoin.<\/p>\n<p><strong>La proc\u00e9dure :<\/strong><\/p>\n<p>La proth\u00e8se de genou sur mesure, \u00e9galement connue sous le nom de proth\u00e8se de genou personnalis\u00e9e, est une proc\u00e9dure chirurgicale adapt\u00e9e \u00e0 votre anatomie unique. Elle commence par une \u00e9valuation approfondie de l&rsquo;articulation du genou \u00e0 l&rsquo;aide d&rsquo;une technologie d&rsquo;imagerie avanc\u00e9e. Sur la base de cette \u00e9valuation, un implant sur mesure est con\u00e7u pour s&rsquo;adapter pr\u00e9cis\u00e9ment \u00e0 votre genou. Au cours de l&rsquo;op\u00e9ration, l&rsquo;articulation du genou endommag\u00e9e est retir\u00e9e et l&rsquo;implant personnalis\u00e9 est soigneusement plac\u00e9. L&rsquo;objectif est de r\u00e9tablir la fonction naturelle de l&rsquo;articulation tout en r\u00e9duisant la g\u00eane.<\/p>\n<p><strong>Avantages de l&rsquo;arthroplastie du genou sur mesure :<\/strong><\/p>\n<ol>\n<li><strong>Ajustement pr\u00e9cis :<\/strong> L&rsquo;implant sur mesure est con\u00e7u pour s&rsquo;adapter \u00e0 la structure unique de votre genou, ce qui permet d&rsquo;obtenir une sensation plus naturelle et plus confortable.<\/li>\n<li><strong>Am\u00e9lioration de la mobilit\u00e9 :<\/strong> Avec un implant adapt\u00e9 avec pr\u00e9cision, vous pouvez vous attendre \u00e0 une am\u00e9lioration des mouvements de l&rsquo;articulation et \u00e0 une diminution de la douleur.<\/li>\n<li><strong>Des r\u00e9sultats durables :<\/strong> La proth\u00e8se de genou sur mesure peut apporter un soulagement \u00e0 long terme, vous permettant de profiter d&rsquo;un mode de vie plus actif et sans douleur.<\/li>\n<\/ol>\n<p>&nbsp;<\/p>\n<h2><a role=\"link\" href=\"https:\/\/newyorkhipknee.com\/hip-replacement-surgery\/\" target=\"_blank\" rel=\"noopener\"><strong>Chirurgie de remplacement de la hanche :<\/strong><\/a><\/h2>\n<p><strong><em>Red\u00e9couvrez le mouvement sans douleur<\/em><\/strong><\/p>\n<p><strong>Qui a besoin d&rsquo;une proth\u00e8se de hanche ?<\/strong><\/p>\n<p>L&rsquo;arthroplastie de la hanche est g\u00e9n\u00e9ralement recommand\u00e9e aux personnes souffrant de douleurs \u00e0 la hanche, de raideur ou d&rsquo;une diminution significative de la mobilit\u00e9 en raison de pathologies telles que l&rsquo;arthrose, les fractures de la hanche ou la n\u00e9crose avasculaire. Si votre douleur \u00e0 la hanche vous g\u00eane dans vos activit\u00e9s quotidiennes et nuit \u00e0 votre qualit\u00e9 de vie, la pose d&rsquo;une proth\u00e8se de hanche peut \u00eatre la solution.<\/p>\n<p><strong>La proc\u00e9dure :<\/strong><\/p>\n<p>L&rsquo;arthroplastie de la hanche consiste \u00e0 retirer l&rsquo;articulation endommag\u00e9e et \u00e0 la remplacer par une proth\u00e8se de hanche. L&rsquo;intervention est r\u00e9alis\u00e9e sous anesth\u00e9sie afin d&rsquo;assurer votre confort. Le chirurgien pratique une incision et retire avec pr\u00e9caution l&rsquo;articulation endommag\u00e9e. L&rsquo;implant proth\u00e9tique est ensuite plac\u00e9 en toute s\u00e9curit\u00e9 pour reproduire la fonction de l&rsquo;articulation naturelle de la hanche.<\/p>\n<p><strong>Avantages de l&rsquo;arthroplastie de la hanche :<\/strong><\/p>\n<ol>\n<li><strong>Soulagement de la douleur :<\/strong> l&rsquo;arthroplastie de la hanche offre un soulagement substantiel de la douleur chronique de la hanche, ce qui vous permet de retrouver un mode de vie actif.<\/li>\n<li><strong>Am\u00e9lioration de la mobilit\u00e9 :<\/strong> L&rsquo;intervention chirurgicale peut restaurer votre capacit\u00e9 \u00e0 marcher, \u00e0 vous d\u00e9placer et \u00e0 participer \u00e0 des activit\u00e9s sans g\u00eane.<\/li>\n<li><strong>Une meilleure qualit\u00e9 de vie :<\/strong> Avec une proth\u00e8se de hanche r\u00e9ussie, vous pouvez profiter d&rsquo;une vie plus \u00e9panouie et sans douleur.<\/li>\n<\/ol>\n<p>Les arthroplasties du genou et de la hanche sur mesure sont des solutions efficaces pour soulager la douleur et am\u00e9liorer la mobilit\u00e9.<\/p>\n<p>Si vous ressentez une g\u00eane persistante au niveau du genou ou de la hanche qui limite vos activit\u00e9s quotidiennes, envisagez de consulter le Dr Nakul Karkare, un chirurgien orthop\u00e9dique tr\u00e8s exp\u00e9riment\u00e9, afin d&rsquo;\u00e9tudier la proc\u00e9dure la mieux adapt\u00e9e \u00e0 vos besoins. Le Dr Karkare et son \u00e9quipe vous fourniront des soins personnalis\u00e9s pour vous aider \u00e0 retrouver votre qualit\u00e9 de vie gr\u00e2ce \u00e0 ces options chirurgicales avanc\u00e9es.<\/p>\n<p>&nbsp;<\/p>\n<h1>\u00c0 propos de Holstville<\/h1>\n<h2>Holtsville, New York : Une communaut\u00e9 diversifi\u00e9e et dynamique<\/h2>\n<h2>L&rsquo;histoire :<\/h2>\n<p>Holtsville, situ\u00e9e dans le comt\u00e9 de Suffolk \u00e0 Long Island (New York), a une histoire riche qui remonte aux premiers temps de sa colonisation par les Europ\u00e9ens. Le hameau a \u00e9t\u00e9 nomm\u00e9 d&rsquo;apr\u00e8s Joseph Holt, un des premiers propri\u00e9taires terriens de la r\u00e9gion, et a jou\u00e9 un r\u00f4le important dans le d\u00e9veloppement agricole de la r\u00e9gion au cours des 18e et 19e si\u00e8cles. La construction de la Long Island Rail Road au milieu des ann\u00e9es 1800 a facilit\u00e9 les transports \u00e0 destination et en provenance de Holtsville, contribuant ainsi \u00e0 sa croissance.<\/p>\n<p>&nbsp;<\/p>\n<h2>La culture :<\/h2>\n<p>La culture de Holtsville est le reflet de sa communaut\u00e9 diversifi\u00e9e et accueillante. Elle accueille diverses activit\u00e9s culturelles et r\u00e9cr\u00e9atives qui s&rsquo;adressent aux r\u00e9sidents de tous \u00e2ges. Le Holtsville Ecology Site, un joyau local, propose des programmes \u00e9ducatifs et des expositions ax\u00e9s sur la conservation de l&rsquo;environnement. Les familles visitent souvent le site pour profiter de son zoo pour enfants, de ses sentiers de randonn\u00e9e et de ses expositions \u00e9ducatives.<\/p>\n<p>La foire annuelle de Holtsville est un \u00e9v\u00e9nement anim\u00e9 qui rassemble la communaut\u00e9. On y trouve des vendeurs de produits alimentaires, de la musique en direct, de l&rsquo;artisanat et des jeux pour les enfants. Cet \u00e9v\u00e9nement met en valeur l&rsquo;esprit dynamique de Holtsville.<\/p>\n<p>&nbsp;<\/p>\n<h2>L&rsquo;\u00e9conomie :<\/h2>\n<p>L&rsquo;\u00e9conomie de Holtsville est diversifi\u00e9e, avec des r\u00e9sidents employ\u00e9s dans diff\u00e9rents secteurs, notamment la sant\u00e9, l&rsquo;\u00e9ducation et les services professionnels. La proximit\u00e9 des principaux centres d&#8217;emploi de Long Island et de la ville de New York fait de ce hameau un lieu de vie attrayant pour ceux qui recherchent un mode de vie suburbain tout en ayant acc\u00e8s \u00e0 des opportunit\u00e9s d&#8217;emploi.<\/p>\n<p>En outre, Holtsville abrite un nombre important de petites entreprises qui contribuent \u00e0 l&rsquo;\u00e9conomie locale. Il s&rsquo;agit notamment de restaurants, de magasins et de prestataires de services qui servent \u00e0 la fois les r\u00e9sidents et les visiteurs.<\/p>\n<p>&nbsp;<\/p>\n<h2>Donn\u00e9es d\u00e9mographiques :<\/h2>\n<p>Au recensement de 2020, Holtsville comptait une population d&rsquo;environ 19 714 habitants. La d\u00e9mographie du hameau refl\u00e8te son caract\u00e8re inclusif et sa diversit\u00e9. La majorit\u00e9 des r\u00e9sidents s&rsquo;identifient comme des Blancs, mais il y a aussi des populations noires ou afro-am\u00e9ricaines et asiatiques importantes. Cette diversit\u00e9 est l&rsquo;une des forces de Holtsville, car elle favorise un sentiment d&rsquo;unit\u00e9 et d&rsquo;inclusion parmi ses habitants.<\/p>\n<p>&nbsp;<\/p>\n<h2>Le tourisme :<\/h2>\n<p>Le tourisme \u00e0 Holtsville est principalement ax\u00e9 sur ses attractions uniques. Le Holtsville Ecology Site, avec ses programmes \u00e9ducatifs et ses expositions sur la faune et la flore, attire les visiteurs int\u00e9ress\u00e9s par la conservation de l&rsquo;environnement et les exp\u00e9riences en plein air. Les familles se rendent souvent sur le site pour interagir avec les animaux et explorer l&rsquo;environnement naturel.<\/p>\n<p>La situation centrale de Holtsville sur Long Island en fait \u00e9galement une base pratique pour les touristes qui explorent l&rsquo;ensemble de la r\u00e9gion. Les visiteurs peuvent facilement acc\u00e9der aux attractions des environs, notamment les plages renomm\u00e9es de la c\u00f4te sud de Long Island, les vignobles et les \u00e9v\u00e9nements culturels des Hamptons.<\/p>\n<p>En conclusion, Holtsville, dans l&rsquo;\u00c9tat de New York, est une communaut\u00e9 dynamique et ouverte \u00e0 tous, dot\u00e9e d&rsquo;une histoire riche, d&rsquo;une culture diversifi\u00e9e, d&rsquo;une \u00e9conomie en pleine croissance, d&rsquo;une composition d\u00e9mographique accueillante et d&rsquo;opportunit\u00e9s touristiques uniques. Son engagement en faveur de la conservation de l&rsquo;environnement, illustr\u00e9 par le site \u00e9cologique de Holtsville, refl\u00e8te l&rsquo;attachement du hameau \u00e0 la durabilit\u00e9 et au bien-\u00eatre de ses habitants et de ses visiteurs. Que vous soyez r\u00e9sident ou touriste, Holtsville offre un m\u00e9lange d&rsquo;histoire, de culture et de beaut\u00e9 naturelle qui en fait un endroit sp\u00e9cial de Long Island.<\/p>\n<p>&nbsp;<\/p>\n<h2>Directions<\/h2>\n<p>Voici l&rsquo;itin\u00e9raire \u00e0 suivre pour se rendre de Holtsville, NY, \u00e0 Complete Orthopedics, 105 Medford Ave Route 112, Suite A, Patchogue, NY 11772 :<\/p>\n<p>1. Commencez par vous diriger vers le sud sur Waverly Ave en direction de Union Ave.<\/p>\n<p>2. Tourner \u00e0 gauche sur Union Ave.<\/p>\n<p>3. Continuer sur Union Ave, puis rejoindre Patchogue-Holbrook Rd.<\/p>\n<p>4. Rester sur Patchogue-Holbrook Rd pendant environ 2 miles.<\/p>\n<p>5. Rejoindre NY-112 S par la bretelle d&rsquo;acc\u00e8s sur la gauche vers Patchogue.<\/p>\n<p>6. Continuer sur NY-112 S pendant environ 3 miles.<\/p>\n<p>7. Vous arriverez au 105 Medford Ave, Suite A, \u00e0 Patchogue, NY 11772. Complete Orthopedics se trouve sur votre gauche.<\/p>\n<p>Veuillez noter que ces indications sont approximatives et qu&rsquo;il est conseill\u00e9 d&rsquo;utiliser une application de navigation ou un GPS pour vous guider en temps r\u00e9el afin de vous assurer que vous atteignez votre destination avec pr\u00e9cision. Bon voyage !<\/p>\n<p>&nbsp;<\/p>\n<p>Les \u00e9tablissements de sant\u00e9 \u00e0 proximit\u00e9 de Holtsville, NY, y compris les pharmacies, un centre de radiologie, un centre de soins d&rsquo;urgence et les h\u00f4pitaux, avec leurs adresses :<\/p>\n<p><strong>Pharmacies :<\/strong><br \/>\n<strong>1. CVS Pharmacy &#8211; Holtsville<\/strong><br \/>\nAdresse : 640 Waverly Ave, Holtsville, NY 11742<\/p>\n<p><strong>2. Walgreens Pharmacy &#8211; Holtsville<\/strong><br \/>\nAdresse : 991 Waverly Ave, Holtsville, NY 11742<\/p>\n<p><strong>3. Rite Aid Pharmacy &#8211; Holtsville<\/strong><br \/>\nAdresse : 480 Waverly Ave, Holtsville, NY 11742<\/p>\n<p><strong>Centre de radiologie :<\/strong><br \/>\n<strong>1. Radiologie de la rive nord &#8211; Holbrook<\/strong><br \/>\nAdresse : 5000 Express Dr S, Holbrook, NY 11741<\/p>\n<p><strong>Soins d&rsquo;urgence :<\/strong><br \/>\n<strong>1. Stat Health Urgent Care &#8211; Holbrook<\/strong><br \/>\nAdresse : 5000 Express Dr S, Holbrook, NY 11741<\/p>\n<p><strong>H\u00f4pitaux :<\/strong><br \/>\n<strong>1. H\u00f4pital communautaire de Long Island &#8211; Patchogue<\/strong><br \/>\nAdresse : 101 Hospital Rd, Patchogue, NY 11772<\/p>\n<p><strong>2. H\u00f4pital universitaire de Stony Brook &#8211; Stony Brook<\/strong><br \/>\nAdresse : 101 Nicolls Rd, Stony Brook, NY 11794<\/p>\n<p>&nbsp;<\/p>\n<p>Au c\u0153ur de notre pratique, notre engagement profond consiste \u00e0 fournir des soins orthop\u00e9diques complets \u00e0 notre merveilleuse communaut\u00e9, y compris \u00e0 ceux que nous avons mentionn\u00e9s plus haut. Que vous nous adressiez une demande de traitement orthop\u00e9dique ou que vous souhaitiez simplement discuter avec nous de vos probl\u00e8mes orthop\u00e9diques, nous vous invitons chaleureusement \u00e0 prendre contact avec notre \u00e9quipe d\u00e9vou\u00e9e, disponible 24 heures sur 24 et 7 jours sur 7. Vous pouvez \u00eatre tranquille en sachant que nous sommes l\u00e0 pour vous apporter un soutien rapide et compatissant.<\/p>\n<p>Nous savons que de nombreuses personnes se rendent dans des centres de soins d&rsquo;urgence et des h\u00f4pitaux pour des blessures li\u00e9es \u00e0 l&rsquo;indemnisation des accidents du travail et \u00e0 l&rsquo;assurance sans \u00e9gard \u00e0 la responsabilit\u00e9. Si votre blessure ne n\u00e9cessite pas une visite \u00e0 l&rsquo;h\u00f4pital, nous sommes v\u00e9ritablement ravis de vous proposer un traitement orthop\u00e9dique sp\u00e9cialis\u00e9, adapt\u00e9 pr\u00e9cis\u00e9ment \u00e0 votre situation unique. N&rsquo;h\u00e9sitez pas \u00e0 nous contacter au 631-981-2663 pour prendre rendez-vous d\u00e8s aujourd&rsquo;hui. Votre bien-\u00eatre est, et sera toujours, notre plus grande priorit\u00e9, et nous sommes l\u00e0 pour vous aider \u00e0 chaque \u00e9tape.<\/p>\n","protected":false},"excerpt":{"rendered":"<p>Services orthop\u00e9diques complets \u00e0 Holtsville, NY, offerts par le Dr Nakul Karkare Nakul Karkare vous salue ! Nous sommes votre source d\u00e9vou\u00e9e de soins orthop\u00e9diques exceptionnels et nous sommes ravis d&rsquo;annoncer l&rsquo;expansion de nos services orthop\u00e9diques complets dans la communaut\u00e9 chaleureuse et accueillante de Holtsville, NY. Au cabinet du Dr Nakul Karkare, nous associons le [&hellip;]<\/p>\n","protected":false},"author":33,"featured_media":0,"parent":17602,"menu_order":0,"comment_status":"closed","ping_status":"closed","template":"","meta":{"_et_pb_use_builder":"","_et_pb_old_content":"","_et_gb_content_width":"","footnotes":""},"class_list":["post-21020","page","type-page","status-publish","hentry"],"yoast_head":"<!-- This site is optimized with the Yoast SEO plugin v27.2 - https:\/\/yoast.com\/product\/yoast-seo-wordpress\/ -->\n<title>Holtsville, NY | Best Hip &amp; Knee Surgeon | NY, USA<\/title>\n<meta name=\"description\" content=\"Services orthop\u00e9diques complets \u00e0 Holtsville, NY, offerts par le Dr Nakul Karkare Nakul Karkare vous salue ! Nous sommes votre source d\u00e9vou\u00e9e de soins\" \/>\n<meta name=\"robots\" content=\"index, follow, max-snippet:-1, max-image-preview:large, max-video-preview:-1\" \/>\n<link rel=\"canonical\" href=\"https:\/\/www.newyorkhipknee.com\/fr\/contact\/patchogue-meilleur-chirurgien-pour-larthroplastie-de-la-hanche-et-du-genou\/holtsville-ny\/\" \/>\n<meta property=\"og:locale\" content=\"fr_FR\" \/>\n<meta property=\"og:type\" content=\"article\" \/>\n<meta property=\"og:title\" content=\"Holtsville, NY | Best Hip &amp; Knee Surgeon | NY, USA\" \/>\n<meta property=\"og:description\" content=\"Services orthop\u00e9diques complets \u00e0 Holtsville, NY, offerts par le Dr Nakul Karkare Nakul Karkare vous salue ! Nous sommes votre source d\u00e9vou\u00e9e de soins\" \/>\n<meta property=\"og:url\" content=\"https:\/\/www.newyorkhipknee.com\/fr\/contact\/patchogue-meilleur-chirurgien-pour-larthroplastie-de-la-hanche-et-du-genou\/holtsville-ny\/\" \/>\n<meta property=\"og:site_name\" content=\"Best Hip &amp; Knee Surgeon | NY, USA\" \/>\n<meta name=\"twitter:card\" content=\"summary_large_image\" \/>\n<meta name=\"twitter:label1\" content=\"Dur\u00e9e de lecture estim\u00e9e\" \/>\n\t<meta name=\"twitter:data1\" content=\"11 minutes\" \/>\n<script type=\"application\/ld+json\" class=\"yoast-schema-graph\">{\"@context\":\"https:\/\/schema.org\",\"@graph\":[{\"@type\":[\"WebPage\",\"MedicalWebPage\"],\"@id\":\"https:\/\/www.newyorkhipknee.com\/fr\/contact\/patchogue-meilleur-chirurgien-pour-larthroplastie-de-la-hanche-et-du-genou\/holtsville-ny\/\",\"url\":\"https:\/\/www.newyorkhipknee.com\/fr\/contact\/patchogue-meilleur-chirurgien-pour-larthroplastie-de-la-hanche-et-du-genou\/holtsville-ny\/\",\"name\":\"Holtsville, NY | Best Hip &amp; Knee Surgeon | NY, USA\",\"isPartOf\":{\"@id\":\"https:\/\/www.newyorkhipknee.com\/fr\/#website\"},\"datePublished\":\"2023-11-07T21:19:56+00:00\",\"description\":\"Services orthop\u00e9diques complets \u00e0 Holtsville, NY, offerts par le Dr Nakul Karkare Nakul Karkare vous salue ! Nous sommes votre source d\u00e9vou\u00e9e de soins\",\"breadcrumb\":{\"@id\":\"https:\/\/www.newyorkhipknee.com\/fr\/contact\/patchogue-meilleur-chirurgien-pour-larthroplastie-de-la-hanche-et-du-genou\/holtsville-ny\/#breadcrumb\"},\"inLanguage\":\"fr-FR\",\"potentialAction\":[{\"@type\":\"ReadAction\",\"target\":[\"https:\/\/www.newyorkhipknee.com\/fr\/contact\/patchogue-meilleur-chirurgien-pour-larthroplastie-de-la-hanche-et-du-genou\/holtsville-ny\/\"]}]},{\"@type\":\"BreadcrumbList\",\"@id\":\"https:\/\/www.newyorkhipknee.com\/fr\/contact\/patchogue-meilleur-chirurgien-pour-larthroplastie-de-la-hanche-et-du-genou\/holtsville-ny\/#breadcrumb\",\"itemListElement\":[{\"@type\":\"ListItem\",\"position\":1,\"name\":\"Home\",\"item\":\"https:\/\/www.newyorkhipknee.com\/fr\/\"},{\"@type\":\"ListItem\",\"position\":2,\"name\":\"CONTACT\",\"item\":\"https:\/\/www.newyorkhipknee.com\/fr\/contact\/\"},{\"@type\":\"ListItem\",\"position\":3,\"name\":\"Patchogue &#8211; Meilleur chirurgien pour l&rsquo;arthroplastie de la hanche et du genou\",\"item\":\"https:\/\/www.newyorkhipknee.com\/fr\/contact\/patchogue-meilleur-chirurgien-pour-larthroplastie-de-la-hanche-et-du-genou\/\"},{\"@type\":\"ListItem\",\"position\":4,\"name\":\"Holtsville, NY\"}]},{\"@type\":\"WebSite\",\"@id\":\"https:\/\/www.newyorkhipknee.com\/fr\/#website\",\"url\":\"https:\/\/www.newyorkhipknee.com\/fr\/\",\"name\":\"Best Hip & Knee Surgeon | NY, USA\",\"description\":\"\",\"potentialAction\":[{\"@type\":\"SearchAction\",\"target\":{\"@type\":\"EntryPoint\",\"urlTemplate\":\"https:\/\/www.newyorkhipknee.com\/fr\/?s={search_term_string}\"},\"query-input\":{\"@type\":\"PropertyValueSpecification\",\"valueRequired\":true,\"valueName\":\"search_term_string\"}}],\"inLanguage\":\"fr-FR\"}]}<\/script>\n<!-- \/ Yoast SEO plugin. -->","yoast_head_json":{"title":"Holtsville, NY | Best Hip &amp; Knee Surgeon | NY, USA","description":"Services orthop\u00e9diques complets \u00e0 Holtsville, NY, offerts par le Dr Nakul Karkare Nakul Karkare vous salue ! Nous sommes votre source d\u00e9vou\u00e9e de soins","robots":{"index":"index","follow":"follow","max-snippet":"max-snippet:-1","max-image-preview":"max-image-preview:large","max-video-preview":"max-video-preview:-1"},"canonical":"https:\/\/www.newyorkhipknee.com\/fr\/contact\/patchogue-meilleur-chirurgien-pour-larthroplastie-de-la-hanche-et-du-genou\/holtsville-ny\/","og_locale":"fr_FR","og_type":"article","og_title":"Holtsville, NY | Best Hip &amp; Knee Surgeon | NY, USA","og_description":"Services orthop\u00e9diques complets \u00e0 Holtsville, NY, offerts par le Dr Nakul Karkare Nakul Karkare vous salue ! Nous sommes votre source d\u00e9vou\u00e9e de soins","og_url":"https:\/\/www.newyorkhipknee.com\/fr\/contact\/patchogue-meilleur-chirurgien-pour-larthroplastie-de-la-hanche-et-du-genou\/holtsville-ny\/","og_site_name":"Best Hip &amp; Knee Surgeon | NY, USA","twitter_card":"summary_large_image","twitter_misc":{"Dur\u00e9e de lecture estim\u00e9e":"11 minutes"},"schema":{"@context":"https:\/\/schema.org","@graph":[{"@type":["WebPage","MedicalWebPage"],"@id":"https:\/\/www.newyorkhipknee.com\/fr\/contact\/patchogue-meilleur-chirurgien-pour-larthroplastie-de-la-hanche-et-du-genou\/holtsville-ny\/","url":"https:\/\/www.newyorkhipknee.com\/fr\/contact\/patchogue-meilleur-chirurgien-pour-larthroplastie-de-la-hanche-et-du-genou\/holtsville-ny\/","name":"Holtsville, NY | Best Hip &amp; Knee Surgeon | NY, USA","isPartOf":{"@id":"https:\/\/www.newyorkhipknee.com\/fr\/#website"},"datePublished":"2023-11-07T21:19:56+00:00","description":"Services orthop\u00e9diques complets \u00e0 Holtsville, NY, offerts par le Dr Nakul Karkare Nakul Karkare vous salue ! Nous sommes votre source d\u00e9vou\u00e9e de soins","breadcrumb":{"@id":"https:\/\/www.newyorkhipknee.com\/fr\/contact\/patchogue-meilleur-chirurgien-pour-larthroplastie-de-la-hanche-et-du-genou\/holtsville-ny\/#breadcrumb"},"inLanguage":"fr-FR","potentialAction":[{"@type":"ReadAction","target":["https:\/\/www.newyorkhipknee.com\/fr\/contact\/patchogue-meilleur-chirurgien-pour-larthroplastie-de-la-hanche-et-du-genou\/holtsville-ny\/"]}]},{"@type":"BreadcrumbList","@id":"https:\/\/www.newyorkhipknee.com\/fr\/contact\/patchogue-meilleur-chirurgien-pour-larthroplastie-de-la-hanche-et-du-genou\/holtsville-ny\/#breadcrumb","itemListElement":[{"@type":"ListItem","position":1,"name":"Home","item":"https:\/\/www.newyorkhipknee.com\/fr\/"},{"@type":"ListItem","position":2,"name":"CONTACT","item":"https:\/\/www.newyorkhipknee.com\/fr\/contact\/"},{"@type":"ListItem","position":3,"name":"Patchogue &#8211; Meilleur chirurgien pour l&rsquo;arthroplastie de la hanche et du genou","item":"https:\/\/www.newyorkhipknee.com\/fr\/contact\/patchogue-meilleur-chirurgien-pour-larthroplastie-de-la-hanche-et-du-genou\/"},{"@type":"ListItem","position":4,"name":"Holtsville, NY"}]},{"@type":"WebSite","@id":"https:\/\/www.newyorkhipknee.com\/fr\/#website","url":"https:\/\/www.newyorkhipknee.com\/fr\/","name":"Best Hip & Knee Surgeon | NY, USA","description":"","potentialAction":[{"@type":"SearchAction","target":{"@type":"EntryPoint","urlTemplate":"https:\/\/www.newyorkhipknee.com\/fr\/?s={search_term_string}"},"query-input":{"@type":"PropertyValueSpecification","valueRequired":true,"valueName":"search_term_string"}}],"inLanguage":"fr-FR"}]}},"_links":{"self":[{"href":"https:\/\/www.newyorkhipknee.com\/fr\/wp-json\/wp\/v2\/pages\/21020","targetHints":{"allow":["GET"]}}],"collection":[{"href":"https:\/\/www.newyorkhipknee.com\/fr\/wp-json\/wp\/v2\/pages"}],"about":[{"href":"https:\/\/www.newyorkhipknee.com\/fr\/wp-json\/wp\/v2\/types\/page"}],"author":[{"embeddable":true,"href":"https:\/\/www.newyorkhipknee.com\/fr\/wp-json\/wp\/v2\/users\/33"}],"replies":[{"embeddable":true,"href":"https:\/\/www.newyorkhipknee.com\/fr\/wp-json\/wp\/v2\/comments?post=21020"}],"version-history":[{"count":0,"href":"https:\/\/www.newyorkhipknee.com\/fr\/wp-json\/wp\/v2\/pages\/21020\/revisions"}],"up":[{"embeddable":true,"href":"https:\/\/www.newyorkhipknee.com\/fr\/wp-json\/wp\/v2\/pages\/17602"}],"wp:attachment":[{"href":"https:\/\/www.newyorkhipknee.com\/fr\/wp-json\/wp\/v2\/media?parent=21020"}],"curies":[{"name":"wp","href":"https:\/\/api.w.org\/{rel}","templated":true}]}}