{"id":21022,"date":"2023-11-07T08:38:27","date_gmt":"2023-11-07T13:38:27","guid":{"rendered":"https:\/\/newyorkhipknee.com\/contact\/patchogue-meilleur-chirurgien-pour-larthroplastie-de-la-hanche-et-du-genou\/bellport-ny\/"},"modified":"2023-11-07T08:38:27","modified_gmt":"2023-11-07T13:38:27","slug":"bellport-ny","status":"publish","type":"page","link":"https:\/\/www.newyorkhipknee.com\/fr\/contact\/patchogue-meilleur-chirurgien-pour-larthroplastie-de-la-hanche-et-du-genou\/bellport-ny\/","title":{"rendered":"Bellport, NY"},"content":{"rendered":"<h1>Pr\u00e9sentation du cabinet orthop\u00e9dique du Dr Nakul Karkare \u00e0 Bellport, NY<\/h1>\n<p>Bienvenue au cabinet orthop\u00e9dique du Dr Nakul Karkare, o\u00f9 nous nous engageons avec passion \u00e0 fournir des soins orthop\u00e9diques exceptionnels \u00e0 la merveilleuse communaut\u00e9 de Bellport, NY. Notre mission est d&rsquo;am\u00e9liorer la qualit\u00e9 de vie de nos patients en offrant des services orthop\u00e9diques complets avec compassion, expertise et une touche personnelle.<\/p>\n<h2>Dr. Nakul Karkare : Votre partenaire orthop\u00e9dique de confiance<\/h2>\n<p>Le Dr Nakul Karkare, chirurgien orthop\u00e9dique certifi\u00e9, dirige notre cabinet. Fort d&rsquo;une grande exp\u00e9rience et d&rsquo;un nombre impressionnant de certifications, le docteur Karkare s&rsquo;attache \u00e0 garantir des soins de la plus haute qualit\u00e9, adapt\u00e9s \u00e0 vos besoins particuliers. Son approche centr\u00e9e sur le patient et ses solutions innovantes font de lui un nom respect\u00e9 dans le domaine de l&rsquo;orthop\u00e9die.<\/p>\n<p><strong>Notre engagement pour Bellport<\/strong><\/p>\n<p><strong>Localisation :<\/strong> Notre bureau de<a href=\"https:\/\/newyorkhipknee.com\/contact\/patchogue-orthopedic-surgeon\/\" target=\"_blank\" rel=\"noopener\"> Patchogue,<\/a> NY, est facilement accessible pour les r\u00e9sidents de Bellport. Nous comprenons l&rsquo;importance de l&rsquo;accessibilit\u00e9 des soins de sant\u00e9 et nous nous engageons fermement \u00e0 assurer votre bien-\u00eatre.<\/p>\n<h2>Orthop\u00e9die compl\u00e8te : Notre \u00e9quipe sp\u00e9cialis\u00e9e d&rsquo;experts en orthop\u00e9die propose un large \u00e9ventail de services, notamment<\/h2>\n<p><strong>Consultations orthop\u00e9diques :<\/strong> Que vous soyez orient\u00e9 vers un traitement orthop\u00e9dique ou que vous recherchiez un avis professionnel, notre \u00e9quipe d\u00e9vou\u00e9e est l\u00e0 pour vous fournir des conseils et des solutions sur mesure.<\/p>\n<p><strong>Traitements avanc\u00e9s :<\/strong> Des th\u00e9rapies non chirurgicales aux proc\u00e9dures chirurgicales de pointe, nous offrons une gamme compl\u00e8te d&rsquo;options de traitement. Notre objectif est de soulager la douleur, d&rsquo;am\u00e9liorer la mobilit\u00e9 et d&rsquo;am\u00e9liorer votre sant\u00e9 orthop\u00e9dique globale.<\/p>\n<p><strong>Gestion des blessures :<\/strong> Les accidents peuvent survenir. Si vous avez subi un accident du travail couvert par l&rsquo;assurance accidents du travail ou l&rsquo;assurance sans faute, nos traitements orthop\u00e9diques sp\u00e9cialis\u00e9s sont con\u00e7us pour faciliter votre r\u00e9tablissement et vous aider \u00e0 reprendre votre vie quotidienne.<\/p>\n<p><strong>Votre bien-\u00eatre est notre priorit\u00e9<\/strong><\/p>\n<p>Nous sommes tr\u00e8s fiers de la confiance que nous accordent nos patients. Votre bien-\u00eatre est notre priorit\u00e9 absolue et nous nous engageons \u00e0 vous fournir des soins orthop\u00e9diques rapides, compatissants et efficaces.<\/p>\n<p>&nbsp;<\/p>\n<h2>D\u00e9couvrez nos services orthop\u00e9diques :<\/h2>\n<h2><a href=\"https:\/\/newyorkhipknee.com\/hip-replacement-surgery\/\" target=\"_blank\" rel=\"noopener\">Chirurgie de remplacement de la hanche<\/a><\/h2>\n<p><strong>Objectif :<\/strong> L&rsquo;arthroplastie de la hanche est recommand\u00e9e lorsque l&rsquo;articulation de la hanche est endommag\u00e9e en raison de pathologies telles que l&rsquo;arthrose, la polyarthrite rhumato\u00efde ou des fractures. L&rsquo;objectif principal est de soulager la douleur, de r\u00e9tablir la mobilit\u00e9 et d&rsquo;am\u00e9liorer la qualit\u00e9 de vie du patient.<\/p>\n<p><strong>Proc\u00e9dure :<\/strong> Deux types principaux de proth\u00e8ses de hanche sont propos\u00e9s : la proth\u00e8se totale de hanche (PTH) et la proth\u00e8se partielle de hanche (h\u00e9miarthroplastie). La THR consiste \u00e0 remplacer \u00e0 la fois la rotule et la cavit\u00e9 de l&rsquo;articulation de la hanche, tandis que l&rsquo;h\u00e9miarthroplastie ne remplace que la partie rotule.<\/p>\n<p><strong>Implants :<\/strong> Les composants de l&rsquo;articulation artificielle de la hanche sont g\u00e9n\u00e9ralement constitu\u00e9s de mat\u00e9riaux tels que le m\u00e9tal, le plastique ou la c\u00e9ramique, choisis en fonction de l&rsquo;\u00e2ge du patient, de son niveau d&rsquo;activit\u00e9 et de ses besoins sp\u00e9cifiques.<\/p>\n<p><strong>R\u00e9cup\u00e9ration :<\/strong> Apr\u00e8s l&rsquo;op\u00e9ration, les patients suivent une th\u00e9rapie physique pour retrouver leur force et leur mobilit\u00e9, ce qui permet de r\u00e9duire la douleur et d&rsquo;am\u00e9liorer le fonctionnement de la hanche.<\/p>\n<p>&nbsp;<\/p>\n<h2><a href=\"https:\/\/newyorkhipknee.com\/custom-knee-replacement-surgery\/\" target=\"_blank\" rel=\"noopener\">Remplacement du genou sur mesure :<\/a><\/h2>\n<p><strong>Objectif :<\/strong> L&rsquo;arthroplastie du genou sur mesure est une approche hautement personnalis\u00e9e de l&rsquo;arthroplastie du genou, destin\u00e9e aux patients souffrant de douleurs s\u00e9v\u00e8res au genou ou de l\u00e9sions articulaires qui ne r\u00e9pondent pas aux traitements conservateurs.<\/p>\n<p><strong>Proc\u00e9dure :<\/strong> L&rsquo;imagerie avanc\u00e9e et la mod\u00e9lisation informatique sont utilis\u00e9es pour \u00e9valuer l&rsquo;anatomie du genou du patient avant l&rsquo;op\u00e9ration. Ces informations sont essentielles pour cr\u00e9er un implant de genou sur mesure qui s&rsquo;adapte plus pr\u00e9cis\u00e9ment \u00e0 l&rsquo;anatomie unique du patient.<\/p>\n<p><strong>Avantages :<\/strong> Les proth\u00e8ses de genou sur mesure permettent souvent d&rsquo;am\u00e9liorer l&rsquo;alignement et la stabilit\u00e9 et de r\u00e9duire la douleur par rapport aux proth\u00e8ses de genou standard.<\/p>\n<p><strong>R\u00e9tablissement<\/strong>: Le processus de gu\u00e9rison comprend une th\u00e9rapie physique pour retrouver la force et l&rsquo;amplitude des mouvements du genou. Les patients ressentent g\u00e9n\u00e9ralement moins de douleur et am\u00e9liorent la fonction de leur genou, ce qui leur permet de reprendre leurs activit\u00e9s quotidiennes plus confortablement.<\/p>\n<p>Au cabinet orthop\u00e9dique du Dr Nakul Karkare, nous sommes plus qu&rsquo;un simple fournisseur de soins m\u00e9dicaux ; nous sommes votre partenaire d\u00e9vou\u00e9 en mati\u00e8re de sant\u00e9 orthop\u00e9dique. Si vous vous trouvez \u00e0 Bellport, NY, ou dans les environs et que vous recherchez des soins orthop\u00e9diques, n&rsquo;h\u00e9sitez pas \u00e0 nous contacter. Nous sommes l\u00e0 pour vous guider sur la voie de l&rsquo;am\u00e9lioration de la sant\u00e9 et du bien-\u00eatre orthop\u00e9diques.<\/p>\n<p>&nbsp;<\/p>\n<h1>\u00c0 propos de Bellport<\/h1>\n<h2>A la d\u00e9couverte de Bellport, NY : Une exploration compl\u00e8te<\/h2>\n<p><strong>L&rsquo;histoire :<\/strong><\/p>\n<p>Bellport, dans l&rsquo;\u00c9tat de New York, poss\u00e8de une histoire captivante qui s&rsquo;\u00e9tend sur plus de deux si\u00e8cles. Fond\u00e9 au d\u00e9but du XIXe si\u00e8cle, le village a d&rsquo;abord prosp\u00e9r\u00e9 en tant que communaut\u00e9 maritime, connue pour la construction navale et la p\u00eache. Sa situation le long de la Great South Bay en a fait une plaque tournante pour le commerce c\u00f4tier.<\/p>\n<p>L&rsquo;un des joyaux historiques de Bellport est le district historique du village de Bellport, qui est inscrit au Registre national des lieux historiques. Le quartier pr\u00e9sente des exemples bien pr\u00e9serv\u00e9s d&rsquo;architecture du XIXe si\u00e8cle, notamment d&rsquo;\u00e9l\u00e9gantes maisons victoriennes et de charmants cottages, qui refl\u00e8tent le riche patrimoine du village.<\/p>\n<p><strong>L&rsquo;\u00e9conomie :<\/strong><\/p>\n<p>L&rsquo;\u00e9conomie de Bellport a \u00e9volu\u00e9 en harmonie avec son caract\u00e8re r\u00e9sidentiel. Tout en conservant son charme de petite ville, le village s&rsquo;est adapt\u00e9 \u00e0 l&rsquo;\u00e9volution des temps. Aujourd&rsquo;hui, elle abrite une communaut\u00e9 artistique florissante, avec de nombreuses galeries d&rsquo;art et boutiques qui bordent la rue principale. Ces \u00e9tablissements contribuent non seulement \u00e0 l&rsquo;\u00e9conomie locale, mais aussi au caract\u00e8re unique de Bellport.<\/p>\n<p>La proximit\u00e9 de Bellport avec les zones voisines, telles que Patchogue et Brookhaven, offre aux habitants un large \u00e9ventail d&rsquo;opportunit\u00e9s \u00e9conomiques. Ces villes voisines offrent d&rsquo;autres possibilit\u00e9s de shopping, de restauration et de divertissement.<\/p>\n<p><strong>Donn\u00e9es d\u00e9mographiques :<\/strong><\/p>\n<p>La diversit\u00e9 d\u00e9mographique de Bellport est le reflet d&rsquo;une communaut\u00e9 inclusive et accueillante. Le village attire un m\u00e9lange de familles, de professionnels et de retrait\u00e9s qui appr\u00e9cient son atmosph\u00e8re tranquille et sa beaut\u00e9 naturelle. Cette diversit\u00e9 contribue au dynamisme du tissu social du village et favorise le sentiment d&rsquo;unit\u00e9 de ses habitants.<\/p>\n<p>Les possibilit\u00e9s d&rsquo;\u00e9ducation \u00e0 Bellport sont \u00e9galement remarquables. Le South Country Central School District dessert la r\u00e9gion et offre une \u00e9ducation de qualit\u00e9 aux jeunes de la r\u00e9gion.<\/p>\n<p><strong>Le tourisme :<\/strong><\/p>\n<p>L&rsquo;attrait de Bellport en tant que destination touristique r\u00e9side dans la beaut\u00e9 de ses paysages et ses attractions culturelles. Les visiteurs et les r\u00e9sidents peuvent explorer une vari\u00e9t\u00e9 d&rsquo;activit\u00e9s, y compris :<\/p>\n<p><strong>Plages<\/strong>: Bellport poss\u00e8de deux belles plages, Ho-Hum Beach et Mother&rsquo;s Beach, o\u00f9 l&rsquo;on peut se d\u00e9tendre, nager ou pratiquer des sports nautiques tout en profitant d&rsquo;une vue imprenable sur la Great South Bay.<\/p>\n<p><strong>Centres culturels :<\/strong> La Soci\u00e9t\u00e9 historique de Bellport-Brookhaven et la Biblioth\u00e8que libre de Bellport-Brookhaven offrent un aper\u00e7u de l&rsquo;histoire et de la culture du village. La Soci\u00e9t\u00e9 historique organise des \u00e9v\u00e9nements et des expositions qui c\u00e9l\u00e8brent le patrimoine de Bellport.<\/p>\n<p><strong>Loisirs de plein air<\/strong>: Les amateurs de nature peuvent faire du kayak, du bateau et observer les oiseaux le long du littoral pittoresque. La proximit\u00e9 du village avec la baie de Bellport et le bras de mer de Fire Island permet de faire de la voile et d&rsquo;explorer les \u00eeles voisines.<\/p>\n<p><strong>Shopping et restauration :<\/strong> Le charmant centre-ville de Bellport est un tr\u00e9sor de boutiques uniques, de galeries d&rsquo;art et de restaurants aux cuisines vari\u00e9es. C&rsquo;est un endroit charmant pour acheter des cadeaux ou d\u00e9guster un repas dans un cadre chaleureux.<\/p>\n<p><strong>Bellport Country Club :<\/strong> Les amateurs de golf peuvent prendre le d\u00e9part au Bellport Country Club, un parcours de golf historique avec des all\u00e9es magnifiquement entretenues et des vues panoramiques.<\/p>\n<p>L&rsquo;attrait de Bellport r\u00e9side dans son m\u00e9lange harmonieux d&rsquo;importance historique, d&rsquo;esprit communautaire et de beaut\u00e9 naturelle. C&rsquo;est un joyau cach\u00e9 sur la rive sud de Long Island, qui offre un environnement serein et accueillant pour tous.<\/p>\n<p>&nbsp;<\/p>\n<h2>Directions<\/h2>\n<p>Pour aller de Bellport \u00e0 105 Medford Ave Route 112, Suite A, Patchogue, NY 11772, vous pouvez suivre ces directions :<\/p>\n<ol>\n<li>Prendre la direction ouest sur Montauk Hwy\/County Rd 80 W vers Station Rd.<\/li>\n<li>Continuer \u00e0 suivre la Montauk Hwy sur environ 3,4 miles.<\/li>\n<li>Rejoindre NY-112 N par la rampe d&rsquo;acc\u00e8s sur la gauche vers Patchogue.<\/li>\n<li>Continuer sur NY-112 N pendant environ 1,5 miles.<\/li>\n<li>Arrivez au 105 Medford Ave Route 112, Suite A, Patchogue, NY 11772, qui se trouve sur votre droite.<\/li>\n<\/ol>\n<p>&nbsp;<\/p>\n<h2>Pharmacies pr\u00e8s de Bellport<\/h2>\n<p><strong>1. Pharmacie CVS<\/strong><br \/>\n&#8211; Adresse : 107 S Country Rd, Bellport, NY 11713<\/p>\n<p><strong>2. Pharmacie du Phare<\/strong><br \/>\n&#8211; Adresse : 747 Montauk Hwy, East Patchogue, NY 11772<\/p>\n<p>3. <strong>Walgreens<\/strong><br \/>\n&#8211; Adresse 655 E Main St, East Patchogue, NY 11772<\/p>\n<h2>Centres de radiologie pr\u00e8s de Bellport<\/h2>\n<p><strong>1. H\u00f4pital communautaire de Long Island Radiologie<\/strong><br \/>\n&#8211; Adresse : 101 Hospital Rd, Patchogue, NY 11772<\/p>\n<p><strong>2. Radiologie de l&rsquo;h\u00f4pital Brookhaven Memorial<\/strong><br \/>\n&#8211; Adresse : 101 Hospital Rd, Patchogue, NY 11772<\/p>\n<p><strong>3. Centre m\u00e9dical de Peconic Bay Radiologie<\/strong><br \/>\n&#8211; Adresse : 1300 Roanoke Ave, Riverhead, NY 11901<\/p>\n<p>&nbsp;<\/p>\n<h2>H\u00f4pitaux et soins urgents pr\u00e8s de Bellport<\/h2>\n<p>Certainement ! Voici les h\u00f4pitaux et les centres de soins urgents proches de Bellport, NY, ainsi que leurs adresses :<\/p>\n<p><strong>H\u00f4pitaux :<\/strong><br \/>\n<strong>1. Centre m\u00e9dical Brookhaven Memorial Hospital<\/strong><br \/>\n&#8211; Adresse : 101 Hospital Road, Patchogue, NY 11772<\/p>\n<p><strong>Centres de soins d&rsquo;urgence :<\/strong><\/p>\n<p><strong>1. Centre de soins primaires de Bellport<\/strong><br \/>\n&#8211; Adresse : 515 Bellport Ave, Bellport, NY 11713<\/p>\n<p><strong>2. City MD Shirley Urgent Care &#8211; Long Island<\/strong><br \/>\n&#8211; Adresse : 895 Montauk Hwy, Shirley, NY 11967<\/p>\n<p><strong>3. Soins urgents de Patchogue<\/strong><br \/>\n&#8211; Adresse : 152 N Ocean Ave, Patchogue, NY 11772<\/p>\n<p>&nbsp;<\/p>\n<p>Nous sommes extr\u00eamement fiers de fournir des soins orthop\u00e9diques complets \u00e0 nos patients, ici m\u00eame, dans notre communaut\u00e9, qui comprend les installations que nous avons mentionn\u00e9es plus haut.<\/p>\n<p>Que vous ayez \u00e9t\u00e9 orient\u00e9 vers nous pour un traitement orthop\u00e9dique ou que vous souhaitiez simplement discuter de vos probl\u00e8mes orthop\u00e9diques, notre \u00e9quipe d\u00e9vou\u00e9e, disponible 24 heures sur 24 et 7 jours sur 7, est toujours \u00e0 votre disposition. Nous sommes l\u00e0 pour vous apporter une aide rapide et bienveillante.<\/p>\n<p>Nous comprenons que de nombreuses personnes se rendent dans des centres de soins d&rsquo;urgence et des h\u00f4pitaux pour des blessures li\u00e9es au travail couvertes par l&rsquo;indemnisation des travailleurs et l&rsquo;assurance sans \u00e9gard \u00e0 la responsabilit\u00e9. Si votre blessure ne n\u00e9cessite pas une visite \u00e0 l&rsquo;h\u00f4pital, nous sommes ravis de vous proposer un traitement orthop\u00e9dique sp\u00e9cialis\u00e9 adapt\u00e9 \u00e0 vos besoins sp\u00e9cifiques. N&rsquo;h\u00e9sitez pas \u00e0 nous contacter au 631-981-2663 pour prendre rendez-vous avec nous d\u00e8s aujourd&rsquo;hui. Votre bien-\u00eatre reste notre priorit\u00e9 absolue, et nous sommes l\u00e0 pour vous aider \u00e0 chaque \u00e9tape.<\/p>\n","protected":false},"excerpt":{"rendered":"<p>Pr\u00e9sentation du cabinet orthop\u00e9dique du Dr Nakul Karkare \u00e0 Bellport, NY Bienvenue au cabinet orthop\u00e9dique du Dr Nakul Karkare, o\u00f9 nous nous engageons avec passion \u00e0 fournir des soins orthop\u00e9diques exceptionnels \u00e0 la merveilleuse communaut\u00e9 de Bellport, NY. Notre mission est d&rsquo;am\u00e9liorer la qualit\u00e9 de vie de nos patients en offrant des services orthop\u00e9diques complets [&hellip;]<\/p>\n","protected":false},"author":33,"featured_media":0,"parent":17602,"menu_order":0,"comment_status":"closed","ping_status":"closed","template":"","meta":{"_et_pb_use_builder":"","_et_pb_old_content":"","_et_gb_content_width":"","footnotes":""},"class_list":["post-21022","page","type-page","status-publish","hentry"],"yoast_head":"<!-- This site is optimized with the Yoast SEO plugin v27.2 - https:\/\/yoast.com\/product\/yoast-seo-wordpress\/ -->\n<title>Bellport, NY | Best Hip &amp; Knee Surgeon | NY, USA<\/title>\n<meta name=\"description\" content=\"Pr\u00e9sentation du cabinet orthop\u00e9dique du Dr Nakul Karkare \u00e0 Bellport, NY Bienvenue au cabinet orthop\u00e9dique du Dr Nakul Karkare, o\u00f9 nous nous engageons avec\" \/>\n<meta name=\"robots\" content=\"index, follow, max-snippet:-1, max-image-preview:large, max-video-preview:-1\" \/>\n<link rel=\"canonical\" href=\"https:\/\/www.newyorkhipknee.com\/fr\/contact\/patchogue-meilleur-chirurgien-pour-larthroplastie-de-la-hanche-et-du-genou\/bellport-ny\/\" \/>\n<meta property=\"og:locale\" content=\"fr_FR\" \/>\n<meta property=\"og:type\" content=\"article\" \/>\n<meta property=\"og:title\" content=\"Bellport, NY | Best Hip &amp; Knee Surgeon | NY, USA\" \/>\n<meta property=\"og:description\" content=\"Pr\u00e9sentation du cabinet orthop\u00e9dique du Dr Nakul Karkare \u00e0 Bellport, NY Bienvenue au cabinet orthop\u00e9dique du Dr Nakul Karkare, o\u00f9 nous nous engageons avec\" \/>\n<meta property=\"og:url\" content=\"https:\/\/www.newyorkhipknee.com\/fr\/contact\/patchogue-meilleur-chirurgien-pour-larthroplastie-de-la-hanche-et-du-genou\/bellport-ny\/\" \/>\n<meta property=\"og:site_name\" content=\"Best Hip &amp; Knee Surgeon | NY, USA\" \/>\n<meta name=\"twitter:card\" content=\"summary_large_image\" \/>\n<meta name=\"twitter:label1\" content=\"Dur\u00e9e de lecture estim\u00e9e\" \/>\n\t<meta name=\"twitter:data1\" content=\"9 minutes\" \/>\n<script type=\"application\/ld+json\" class=\"yoast-schema-graph\">{\"@context\":\"https:\/\/schema.org\",\"@graph\":[{\"@type\":[\"WebPage\",\"MedicalWebPage\"],\"@id\":\"https:\/\/www.newyorkhipknee.com\/fr\/contact\/patchogue-meilleur-chirurgien-pour-larthroplastie-de-la-hanche-et-du-genou\/bellport-ny\/\",\"url\":\"https:\/\/www.newyorkhipknee.com\/fr\/contact\/patchogue-meilleur-chirurgien-pour-larthroplastie-de-la-hanche-et-du-genou\/bellport-ny\/\",\"name\":\"Bellport, NY | Best Hip &amp; Knee Surgeon | NY, USA\",\"isPartOf\":{\"@id\":\"https:\/\/www.newyorkhipknee.com\/fr\/#website\"},\"datePublished\":\"2023-11-07T13:38:27+00:00\",\"description\":\"Pr\u00e9sentation du cabinet orthop\u00e9dique du Dr Nakul Karkare \u00e0 Bellport, NY Bienvenue au cabinet orthop\u00e9dique du Dr Nakul Karkare, o\u00f9 nous nous engageons avec\",\"breadcrumb\":{\"@id\":\"https:\/\/www.newyorkhipknee.com\/fr\/contact\/patchogue-meilleur-chirurgien-pour-larthroplastie-de-la-hanche-et-du-genou\/bellport-ny\/#breadcrumb\"},\"inLanguage\":\"fr-FR\",\"potentialAction\":[{\"@type\":\"ReadAction\",\"target\":[\"https:\/\/www.newyorkhipknee.com\/fr\/contact\/patchogue-meilleur-chirurgien-pour-larthroplastie-de-la-hanche-et-du-genou\/bellport-ny\/\"]}]},{\"@type\":\"BreadcrumbList\",\"@id\":\"https:\/\/www.newyorkhipknee.com\/fr\/contact\/patchogue-meilleur-chirurgien-pour-larthroplastie-de-la-hanche-et-du-genou\/bellport-ny\/#breadcrumb\",\"itemListElement\":[{\"@type\":\"ListItem\",\"position\":1,\"name\":\"Home\",\"item\":\"https:\/\/www.newyorkhipknee.com\/fr\/\"},{\"@type\":\"ListItem\",\"position\":2,\"name\":\"CONTACT\",\"item\":\"https:\/\/www.newyorkhipknee.com\/fr\/contact\/\"},{\"@type\":\"ListItem\",\"position\":3,\"name\":\"Patchogue &#8211; Meilleur chirurgien pour l&rsquo;arthroplastie de la hanche et du genou\",\"item\":\"https:\/\/www.newyorkhipknee.com\/fr\/contact\/patchogue-meilleur-chirurgien-pour-larthroplastie-de-la-hanche-et-du-genou\/\"},{\"@type\":\"ListItem\",\"position\":4,\"name\":\"Bellport, NY\"}]},{\"@type\":\"WebSite\",\"@id\":\"https:\/\/www.newyorkhipknee.com\/fr\/#website\",\"url\":\"https:\/\/www.newyorkhipknee.com\/fr\/\",\"name\":\"Best Hip & Knee Surgeon | NY, USA\",\"description\":\"\",\"potentialAction\":[{\"@type\":\"SearchAction\",\"target\":{\"@type\":\"EntryPoint\",\"urlTemplate\":\"https:\/\/www.newyorkhipknee.com\/fr\/?s={search_term_string}\"},\"query-input\":{\"@type\":\"PropertyValueSpecification\",\"valueRequired\":true,\"valueName\":\"search_term_string\"}}],\"inLanguage\":\"fr-FR\"}]}<\/script>\n<!-- \/ Yoast SEO plugin. -->","yoast_head_json":{"title":"Bellport, NY | Best Hip &amp; Knee Surgeon | NY, USA","description":"Pr\u00e9sentation du cabinet orthop\u00e9dique du Dr Nakul Karkare \u00e0 Bellport, NY Bienvenue au cabinet orthop\u00e9dique du Dr Nakul Karkare, o\u00f9 nous nous engageons avec","robots":{"index":"index","follow":"follow","max-snippet":"max-snippet:-1","max-image-preview":"max-image-preview:large","max-video-preview":"max-video-preview:-1"},"canonical":"https:\/\/www.newyorkhipknee.com\/fr\/contact\/patchogue-meilleur-chirurgien-pour-larthroplastie-de-la-hanche-et-du-genou\/bellport-ny\/","og_locale":"fr_FR","og_type":"article","og_title":"Bellport, NY | Best Hip &amp; Knee Surgeon | NY, USA","og_description":"Pr\u00e9sentation du cabinet orthop\u00e9dique du Dr Nakul Karkare \u00e0 Bellport, NY Bienvenue au cabinet orthop\u00e9dique du Dr Nakul Karkare, o\u00f9 nous nous engageons avec","og_url":"https:\/\/www.newyorkhipknee.com\/fr\/contact\/patchogue-meilleur-chirurgien-pour-larthroplastie-de-la-hanche-et-du-genou\/bellport-ny\/","og_site_name":"Best Hip &amp; Knee Surgeon | NY, USA","twitter_card":"summary_large_image","twitter_misc":{"Dur\u00e9e de lecture estim\u00e9e":"9 minutes"},"schema":{"@context":"https:\/\/schema.org","@graph":[{"@type":["WebPage","MedicalWebPage"],"@id":"https:\/\/www.newyorkhipknee.com\/fr\/contact\/patchogue-meilleur-chirurgien-pour-larthroplastie-de-la-hanche-et-du-genou\/bellport-ny\/","url":"https:\/\/www.newyorkhipknee.com\/fr\/contact\/patchogue-meilleur-chirurgien-pour-larthroplastie-de-la-hanche-et-du-genou\/bellport-ny\/","name":"Bellport, NY | Best Hip &amp; Knee Surgeon | NY, USA","isPartOf":{"@id":"https:\/\/www.newyorkhipknee.com\/fr\/#website"},"datePublished":"2023-11-07T13:38:27+00:00","description":"Pr\u00e9sentation du cabinet orthop\u00e9dique du Dr Nakul Karkare \u00e0 Bellport, NY Bienvenue au cabinet orthop\u00e9dique du Dr Nakul Karkare, o\u00f9 nous nous engageons avec","breadcrumb":{"@id":"https:\/\/www.newyorkhipknee.com\/fr\/contact\/patchogue-meilleur-chirurgien-pour-larthroplastie-de-la-hanche-et-du-genou\/bellport-ny\/#breadcrumb"},"inLanguage":"fr-FR","potentialAction":[{"@type":"ReadAction","target":["https:\/\/www.newyorkhipknee.com\/fr\/contact\/patchogue-meilleur-chirurgien-pour-larthroplastie-de-la-hanche-et-du-genou\/bellport-ny\/"]}]},{"@type":"BreadcrumbList","@id":"https:\/\/www.newyorkhipknee.com\/fr\/contact\/patchogue-meilleur-chirurgien-pour-larthroplastie-de-la-hanche-et-du-genou\/bellport-ny\/#breadcrumb","itemListElement":[{"@type":"ListItem","position":1,"name":"Home","item":"https:\/\/www.newyorkhipknee.com\/fr\/"},{"@type":"ListItem","position":2,"name":"CONTACT","item":"https:\/\/www.newyorkhipknee.com\/fr\/contact\/"},{"@type":"ListItem","position":3,"name":"Patchogue &#8211; Meilleur chirurgien pour l&rsquo;arthroplastie de la hanche et du genou","item":"https:\/\/www.newyorkhipknee.com\/fr\/contact\/patchogue-meilleur-chirurgien-pour-larthroplastie-de-la-hanche-et-du-genou\/"},{"@type":"ListItem","position":4,"name":"Bellport, NY"}]},{"@type":"WebSite","@id":"https:\/\/www.newyorkhipknee.com\/fr\/#website","url":"https:\/\/www.newyorkhipknee.com\/fr\/","name":"Best Hip & Knee Surgeon | NY, USA","description":"","potentialAction":[{"@type":"SearchAction","target":{"@type":"EntryPoint","urlTemplate":"https:\/\/www.newyorkhipknee.com\/fr\/?s={search_term_string}"},"query-input":{"@type":"PropertyValueSpecification","valueRequired":true,"valueName":"search_term_string"}}],"inLanguage":"fr-FR"}]}},"_links":{"self":[{"href":"https:\/\/www.newyorkhipknee.com\/fr\/wp-json\/wp\/v2\/pages\/21022","targetHints":{"allow":["GET"]}}],"collection":[{"href":"https:\/\/www.newyorkhipknee.com\/fr\/wp-json\/wp\/v2\/pages"}],"about":[{"href":"https:\/\/www.newyorkhipknee.com\/fr\/wp-json\/wp\/v2\/types\/page"}],"author":[{"embeddable":true,"href":"https:\/\/www.newyorkhipknee.com\/fr\/wp-json\/wp\/v2\/users\/33"}],"replies":[{"embeddable":true,"href":"https:\/\/www.newyorkhipknee.com\/fr\/wp-json\/wp\/v2\/comments?post=21022"}],"version-history":[{"count":0,"href":"https:\/\/www.newyorkhipknee.com\/fr\/wp-json\/wp\/v2\/pages\/21022\/revisions"}],"up":[{"embeddable":true,"href":"https:\/\/www.newyorkhipknee.com\/fr\/wp-json\/wp\/v2\/pages\/17602"}],"wp:attachment":[{"href":"https:\/\/www.newyorkhipknee.com\/fr\/wp-json\/wp\/v2\/media?parent=21022"}],"curies":[{"name":"wp","href":"https:\/\/api.w.org\/{rel}","templated":true}]}}