{"id":21024,"date":"2023-11-07T13:08:17","date_gmt":"2023-11-07T18:08:17","guid":{"rendered":"https:\/\/newyorkhipknee.com\/contact\/patchogue-meilleur-chirurgien-pour-larthroplastie-de-la-hanche-et-du-genou\/bohemia-ny\/"},"modified":"2023-11-07T13:08:17","modified_gmt":"2023-11-07T18:08:17","slug":"bohemia-ny","status":"publish","type":"page","link":"https:\/\/www.newyorkhipknee.com\/fr\/contact\/patchogue-meilleur-chirurgien-pour-larthroplastie-de-la-hanche-et-du-genou\/bohemia-ny\/","title":{"rendered":"Bohemia, NY"},"content":{"rendered":"<h1>Soins orthop\u00e9diques avec le Dr. Nakul Karkare \u00e0 Bohemia, NY<\/h1>\n<p>Bienvenue au cabinet orthop\u00e9dique du Dr Nakul Karkare, votre source de confiance pour des soins orthop\u00e9diques exceptionnels \u00e0 Bohemia, NY. Notre engagement \u00e0 fournir des services orthop\u00e9diques de premier ordre nous a amen\u00e9s \u00e0 nous installer dans la communaut\u00e9 dynamique de Bohemia.<\/p>\n<p><strong>Voici le Dr Nakul Karkare :<\/strong><br \/>\nNotre cabinet est dirig\u00e9 par le Dr Nakul Karkare, un chirurgien orthop\u00e9dique certifi\u00e9 par le conseil d&rsquo;administration et tr\u00e8s exp\u00e9riment\u00e9, qui a fait ses preuves dans ce domaine. Le d\u00e9vouement du Dr Karkare \u00e0 l&rsquo;excellence orthop\u00e9dique est \u00e9tay\u00e9 par sa vaste exp\u00e9rience et ses nombreuses certifications. Avec son approche centr\u00e9e sur le patient et son engagement \u00e0 fournir des soins personnalis\u00e9s, vous \u00eates entre de bonnes mains lorsque vous choisissez le cabinet orthop\u00e9dique du Dr Nakul Karkare.<\/p>\n<p><strong>Pourquoi choisir le cabinet orthop\u00e9dique du Dr Nakul Karkare ?<\/strong><br \/>\n<strong>Expertise<\/strong>: Notre \u00e9quipe de chirurgiens orthop\u00e9diques et de sp\u00e9cialistes, dirig\u00e9e par le Dr Karkare, apporte des ann\u00e9es d&rsquo;exp\u00e9rience et d&rsquo;expertise. Nous nous consacrons au diagnostic et au traitement d&rsquo;un large \u00e9ventail d&rsquo;affections orthop\u00e9diques, des l\u00e9sions articulaires aux probl\u00e8mes de colonne vert\u00e9brale.<\/p>\n<p><strong>Des services complets :<\/strong> Nous proposons une gamme \u00e9tendue de services orthop\u00e9diques con\u00e7us pour r\u00e9pondre \u00e0 vos besoins sp\u00e9cifiques. Que vous souffriez d&rsquo;une blessure li\u00e9e au sport, d&rsquo;une douleur chronique ou que vous ayez besoin d&rsquo;une proth\u00e8se articulaire, nos services couvrent tous les besoins.<\/p>\n<p>Des <strong>installations ultramodernes<\/strong>: Nous sommes fiers de disposer d&rsquo;installations ultramodernes, \u00e9quip\u00e9es d&rsquo;une technologie de pointe pour garantir un diagnostic pr\u00e9cis et un traitement efficace. Votre bien-\u00eatre est notre priorit\u00e9 absolue et nous mettons tout en \u0153uvre pour vous offrir les meilleurs soins.<\/p>\n<p><strong>Des soins personnalis\u00e9s :<\/strong> Notre approche des soins aux patients est hautement personnalis\u00e9e et centr\u00e9e sur le patient. Nous comprenons que les besoins orthop\u00e9diques de chaque individu sont uniques. Par cons\u00e9quent, nos plans de traitement sont adapt\u00e9s \u00e0 votre condition sp\u00e9cifique, ce qui garantit le meilleur r\u00e9sultat possible.<\/p>\n<p><strong>Engagement<\/strong> envers l&rsquo;excellence : Nous sommes in\u00e9branlables dans notre engagement \u00e0 l&rsquo;excellence dans tous les aspects de notre pratique. Notre mission est de vous aider \u00e0 retrouver votre mobilit\u00e9, \u00e0 r\u00e9duire la douleur et \u00e0 am\u00e9liorer votre qualit\u00e9 de vie en g\u00e9n\u00e9ral. Votre satisfaction est la mesure de notre succ\u00e8s.<\/p>\n<h1>Nos services orthop\u00e9diques \u00e9tendus pour Bohemia, NY :<\/h1>\n<h2><a href=\"https:\/\/newyorkhipknee.com\/hip-replacement-surgery\/\" target=\"_blank\" rel=\"noopener\">Chirurgie de remplacement de la hanche :<\/a><\/h2>\n<p><strong>Objectif<\/strong>: L&rsquo;arthroplastie de la hanche est recommand\u00e9e aux personnes souffrant de l\u00e9sions de l&rsquo;articulation de la hanche caus\u00e9es par des affections telles que l&rsquo;arthrose, la polyarthrite rhumato\u00efde ou des fractures. L&rsquo;objectif principal est de soulager la g\u00eane, de restaurer la mobilit\u00e9 et d&rsquo;am\u00e9liorer la qualit\u00e9 de vie en g\u00e9n\u00e9ral.<\/p>\n<p><strong>Proc\u00e9dure :<\/strong> Il existe deux types principaux de proth\u00e8ses de la hanche : la proth\u00e8se totale de la hanche (PTH) et la proth\u00e8se partielle de la hanche (h\u00e9miarthroplastie). L&rsquo;arthroplastie de la hanche consiste \u00e0 remplacer \u00e0 la fois la rotule et la cavit\u00e9 de la hanche, tandis que l&rsquo;h\u00e9miarthroplastie ne concerne que la rotule.<\/p>\n<p><strong>Implants :<\/strong> Les composants de l&rsquo;articulation artificielle de la hanche sont g\u00e9n\u00e9ralement fabriqu\u00e9s \u00e0 partir de mat\u00e9riaux tels que le m\u00e9tal, le plastique ou la c\u00e9ramique, s\u00e9lectionn\u00e9s en fonction de l&rsquo;\u00e2ge du patient, de son niveau d&rsquo;activit\u00e9 et de ses besoins sp\u00e9cifiques.<\/p>\n<p><strong>R\u00e9cup\u00e9ration<\/strong>: Apr\u00e8s l&rsquo;intervention, les patients suivent une th\u00e9rapie physique pour retrouver leur force et leur mobilit\u00e9, ce qui permet de r\u00e9duire la douleur et d&rsquo;am\u00e9liorer la fonction de la hanche.<\/p>\n<p>&nbsp;<\/p>\n<h2><a href=\"https:\/\/newyorkhipknee.com\/custom-knee-replacement-surgery\/\" target=\"_blank\" rel=\"noopener\"><strong>Remplacement du genou sur mesure :<\/strong><\/a><\/h2>\n<p><strong>Objectif<\/strong>: L&rsquo;arthroplastie du genou sur mesure offre une approche personnalis\u00e9e de l&rsquo;arthroplastie du genou, adapt\u00e9e aux personnes souffrant de douleurs s\u00e9v\u00e8res au genou ou de l\u00e9sions articulaires ne r\u00e9pondant pas aux traitements conservateurs.<\/p>\n<p><strong>Proc\u00e9dure :<\/strong> L&rsquo;imagerie avanc\u00e9e et la mod\u00e9lisation informatique \u00e9valuent l&rsquo;anatomie du genou du patient avant l&rsquo;op\u00e9ration, ce qui permet de concevoir un implant de genou sur mesure adapt\u00e9 \u00e0 l&rsquo;anatomie unique du patient.<\/p>\n<p><strong>Avantages :<\/strong> Les proth\u00e8ses de genou sur mesure permettent souvent d&rsquo;am\u00e9liorer l&rsquo;alignement et la stabilit\u00e9 et de r\u00e9duire la douleur par rapport aux proth\u00e8ses de genou standard.<\/p>\n<p><strong>R\u00e9tablissement :<\/strong> Le processus de gu\u00e9rison comprend une th\u00e9rapie physique pour retrouver la force et l&rsquo;amplitude des mouvements du genou, ce qui se traduit g\u00e9n\u00e9ralement par une diminution de la douleur et une am\u00e9lioration de la fonction du genou.<\/p>\n<p>Nous sommes plus qu&rsquo;un simple cabinet d&rsquo;orthop\u00e9die ; nous sommes votre partenaire dans votre cheminement vers une meilleure sant\u00e9 orthop\u00e9dique. Si vous vous trouvez \u00e0 Bohemia, NY, ou dans les environs et que vous recherchez des soins orthop\u00e9diques, n&rsquo;h\u00e9sitez pas \u00e0 nous contacter. Nous sommes l\u00e0 pour vous fournir des soins orthop\u00e9diques personnalis\u00e9s, comp\u00e9tents et empreints de compassion.<\/p>\n<h2>Prendre rendez-vous :<\/h2>\n<p>Prendre un rendez-vous \u00e0 Bohemia, NY, est facile. Vous pouvez nous contacter au <a href=\"tel:(631)%20981-2663\" target=\"_blank\" rel=\"noopener\">(631) 981-2663<\/a> pour prendre rendez-vous. Nous nous r\u00e9jouissons de pouvoir vous aider dans votre qu\u00eate d&rsquo;une meilleure sant\u00e9 orthop\u00e9dique.<\/p>\n<p>En nous choisissant, vous choisissez l&rsquo;excellence, la compassion et l&rsquo;engagement pour votre bien-\u00eatre. Faites l&rsquo;exp\u00e9rience des meilleurs soins orthop\u00e9diques ici m\u00eame \u00e0 Bohemia, dans l&rsquo;\u00c9tat de New York.<\/p>\n<p>Adresse : 105 Medford Ave, Ste A, Patchogue, NY 11772<\/p>\n<h1>A propos de Bohemia, NY : L\u00e0 o\u00f9 l&rsquo;histoire, la communaut\u00e9 et le charme se rencontrent<\/h1>\n<h2>L&rsquo;histoire :<\/h2>\n<p>Nich\u00e9e dans le comt\u00e9 de Suffolk, \u00e0 Long Island, la ville de Bohemia, dans l&rsquo;\u00c9tat de New York, s&rsquo;enorgueillit d&rsquo;une riche tapisserie historique remontant \u00e0 la fin du XVIIe si\u00e8cle. Peupl\u00e9e \u00e0 l&rsquo;origine par des tribus am\u00e9rindiennes, Bohemia est devenue une communaut\u00e9 agricole prosp\u00e8re au XIXe si\u00e8cle. La construction de la Long Island Rail Road au XIXe si\u00e8cle a facilit\u00e9 sa croissance et en a fait un quartier r\u00e9sidentiel de premier plan.<\/p>\n<p>&nbsp;<\/p>\n<h2>L&rsquo;\u00e9conomie :<\/h2>\n<p>L&rsquo;\u00e9conomie de la Boh\u00eame est un m\u00e9lange de petites entreprises, de soci\u00e9t\u00e9s technologiques et d&rsquo;entreprises locales. Sa situation strat\u00e9gique \u00e0 proximit\u00e9 des grands axes routiers et de l&rsquo;a\u00e9roport MacArthur de Long Island en fait un lieu id\u00e9al pour le commerce. Les entreprises locales prosp\u00e8rent, offrant divers services et produits aux r\u00e9sidents et aux visiteurs.<\/p>\n<p>&nbsp;<\/p>\n<h2>Donn\u00e9es d\u00e9mographiques :<\/h2>\n<p>La diversit\u00e9 de la population de Bohemia cr\u00e9e une communaut\u00e9 dynamique et inclusive. Familles, jeunes professionnels et retrait\u00e9s coexistent harmonieusement, formant un quartier soud\u00e9. La ville est fi\u00e8re de sa riche diversit\u00e9 culturelle, qui renforce le tissu de la communaut\u00e9.<\/p>\n<p>&nbsp;<\/p>\n<h2>Le tourisme :<\/h2>\n<p>Le charme de la Boh\u00eame r\u00e9side dans sa beaut\u00e9 naturelle et son offre de loisirs. Le Connetquot River State Park Preserve, un havre pour les amateurs de nature, propose des sentiers de randonn\u00e9e et des lieux de p\u00eache. Les amateurs d&rsquo;aventure peuvent explorer les sites historiques, notamment la Bohemia Historical Society, qui pr\u00e9serve le patrimoine de la ville. En outre, la proximit\u00e9 de Bohemia avec les Hamptons et Fire Island ajoute \u00e0 son attrait et en fait une porte d&rsquo;entr\u00e9e vers les principales destinations touristiques de Long Island.<\/p>\n<p>Cuisine locale et shopping :<br \/>\nLa sc\u00e8ne culinaire de Boh\u00eame est une d\u00e9licieuse fusion de saveurs internationales. Les amateurs de gastronomie seront combl\u00e9s, qu&rsquo;il s&rsquo;agisse de restaurants accueillants servant des petits d\u00e9jeuners copieux ou de restaurants gastronomiques proposant des cuisines exquises. Le quartier commer\u00e7ant de la ville est un tr\u00e9sor de boutiques, de magasins d&rsquo;antiquit\u00e9s et de march\u00e9s locaux, parfaits pour trouver des souvenirs uniques.<\/p>\n<p>\u00c9v\u00e9nements communautaires :<br \/>\nLa Boh\u00eame c\u00e9l\u00e8bre son esprit de communaut\u00e9 \u00e0 travers divers \u00e9v\u00e9nements. Les festivals annuels, les march\u00e9s de producteurs et les expositions d&rsquo;art mettent en valeur les talents locaux et favorisent le sentiment d&rsquo;appartenance des habitants. Ces \u00e9v\u00e9nements cr\u00e9ent une atmosph\u00e8re chaleureuse, invitant les visiteurs \u00e0 d\u00e9couvrir l&rsquo;hospitalit\u00e9 de la Boh\u00eame.<\/p>\n<p>Par essence, Bohemia, NY, est une ville o\u00f9 l&rsquo;histoire est honor\u00e9e, l&rsquo;\u00e9conomie prosp\u00e8re, la d\u00e9mographie diversifi\u00e9e, le tourisme florissant et les liens communautaires ch\u00e9ris. Que vous soyez passionn\u00e9 d&rsquo;histoire, amoureux de la nature ou \u00e0 la recherche d&rsquo;une communaut\u00e9 accueillante, Bohemia vous ouvre grand les bras et vous invite \u00e0 d\u00e9couvrir sa beaut\u00e9 et son hospitalit\u00e9.<\/p>\n<p>&nbsp;<\/p>\n<h2>Directions<\/h2>\n<p>Voici l&rsquo;itin\u00e9raire \u00e0 suivre pour se rendre de Bohemia, NY \u00e0 Complete Orthopedics, 105 Medford Ave, Ste A, Patchogue, NY 11772 :<\/p>\n<p>1. Commencez par vous diriger vers le sud-ouest sur Oakdale-Bohemia Road en direction d&rsquo;Albin Road.<br \/>\n2. Continuer tout droit sur Oakdale-Bohemia Road.<br \/>\n3. Tourner \u00e0 gauche sur la Sunrise Highway North Service Road.<br \/>\n4. Rejoindre Sunrise Highway E via la bretelle d&rsquo;acc\u00e8s \u00e0 Patchogue.<br \/>\n5. Prendre la sortie 51 vers Waverly Avenue.<br \/>\n6. Rejoindre la route de service Sunrise Highway North.<br \/>\n7. Prendre la voie de droite pour tourner \u00e0 droite sur Waverly Avenue.<br \/>\n8. Continuer tout droit sur Medford Avenue.<br \/>\n9. Vous trouverez Complete Orthopedics au 105 Medford Ave, Ste A, Patchogue, NY 11772 sur votre gauche.<\/p>\n<p>Veuillez noter que ces indications sont approximatives et qu&rsquo;il est conseill\u00e9 d&rsquo;utiliser une application de navigation ou un GPS pour vous guider en temps r\u00e9el pendant votre voyage.<\/p>\n<p>&nbsp;<\/p>\n<h2>Pharmacies pr\u00e8s de Bohemia<\/h2>\n<p><strong>1. Pharmacie CVS<\/strong><br \/>\n&#8211; Adresse : BOHEMIA Shopping Plaza, Bohemia, NY<\/p>\n<p><strong>2. Pharmacie Lakeland<\/strong><br \/>\n&#8211; Adresse : 886 Johnson Ave, Ronkonkoma, NY 11779 (\u00e0 environ 2,6 miles de Bohemia)<br \/>\n&#8211; T\u00e9l\u00e9phone : (631) 588-6330<\/p>\n<p><strong>3. Santorelli, Gina Marie<\/strong><br \/>\n&#8211; Adresse : 116 Wilbur Pl, Bohemia, NY<\/p>\n<h2>Centres de radiologie :<\/h2>\n<p><strong>1. Complete Orthopedics (offre des services de radiologie)<\/strong><br \/>\n&#8211; Adresse : 105 Medford Ave, Ste A, Patchogue, NY 11772 (Environ 5.6 miles de Bohemia)<br \/>\n&#8211; T\u00e9l\u00e9phone : (631) 406-4631<\/p>\n<p><strong>2. Northwell Health Grossman Imaging \u00e0 Manorville<\/strong><br \/>\n&#8211; Adresse : 496 County Rd 111, Building F, Manorville, NY 11949 (\u00e0 environ 10,5 miles de Bohemia)<\/p>\n<p>&nbsp;<\/p>\n<h2>H\u00f4pitaux :<\/h2>\n<p><strong>1. H\u00f4pital universitaire de Stony Brook<\/strong><br \/>\n&#8211; Adresse : 101 Nicolls Rd, Stony Brook, NY 11794 (\u00e0 environ 10,5 miles de Bohemia)<br \/>\n&#8211; T\u00e9l\u00e9phone : (631) 444-4000<\/p>\n<p><strong>2. Centre m\u00e9dical de l&rsquo;h\u00f4pital du Bon Samaritain<\/strong><br \/>\n&#8211; Adresse : 1000 Montauk Hwy, West Islip, NY 11795 (\u00e0 environ 6,5 miles de Bohemia)<br \/>\n&#8211; T\u00e9l\u00e9phone : (631) 376-3000<\/p>\n<h2>Centres de soins d&rsquo;urgence :<\/h2>\n<p><strong>1. Northwell Health-GoHealth Urgent Care (Sayville Location)<\/strong><br \/>\n&#8211; Adresse : 201 N Main St, Sayville, NY 11782 (\u00e0 environ 3,5 miles de Bohemia)<br \/>\n&#8211; T\u00e9l\u00e9phone : (631) 676-6700<\/p>\n<p><strong>2. AFC Urgent Care Patchogue<\/strong><br \/>\n&#8211; Adresse : 855 W Montauk Hwy, West Babylon, NY 11704 (\u00e0 environ 4,7 miles de Bohemia)<br \/>\n&#8211; T\u00e9l\u00e9phone : (631) 870-4114<\/p>\n<p>Nous sommes tr\u00e8s fiers de fournir des soins orthop\u00e9diques complets aux patients de divers h\u00f4pitaux et centres de soins d&rsquo;urgence de notre communaut\u00e9, y compris ceux mentionn\u00e9s plus haut.<\/p>\n<p>Que vous ayez besoin d&rsquo;un traitement orthop\u00e9dique ou que vous souhaitiez simplement nous consulter pour tout probl\u00e8me orthop\u00e9dique, n&rsquo;h\u00e9sitez pas \u00e0 contacter notre \u00e9quipe d\u00e9vou\u00e9e, disponible 24 heures sur 24 et 7 jours sur 7. Nous sommes l\u00e0 pour vous aider rapidement et avec compassion.<\/p>\n<p>De nombreuses personnes se rendent dans des centres de soins d&rsquo;urgence et des h\u00f4pitaux pour des blessures li\u00e9es \u00e0 l&rsquo;indemnisation des accidents du travail et \u00e0 l&rsquo;assurance sans \u00e9gard \u00e0 la responsabilit\u00e9. Si votre blessure ne n\u00e9cessite pas une visite \u00e0 l&rsquo;h\u00f4pital, nous sommes heureux de vous proposer un traitement orthop\u00e9dique professionnel adapt\u00e9 \u00e0 ce type de cas. N&rsquo;h\u00e9sitez pas \u00e0 nous contacter au <a href=\"tel:631-981-2663\" target=\"_blank\" rel=\"noopener\">631-981-2663<\/a> pour prendre rendez-vous avec nous d\u00e8s aujourd&rsquo;hui. Votre bien-\u00eatre est notre priorit\u00e9<\/p>\n","protected":false},"excerpt":{"rendered":"<p>Soins orthop\u00e9diques avec le Dr. Nakul Karkare \u00e0 Bohemia, NY Bienvenue au cabinet orthop\u00e9dique du Dr Nakul Karkare, votre source de confiance pour des soins orthop\u00e9diques exceptionnels \u00e0 Bohemia, NY. Notre engagement \u00e0 fournir des services orthop\u00e9diques de premier ordre nous a amen\u00e9s \u00e0 nous installer dans la communaut\u00e9 dynamique de Bohemia. Voici le Dr [&hellip;]<\/p>\n","protected":false},"author":33,"featured_media":0,"parent":17602,"menu_order":0,"comment_status":"closed","ping_status":"closed","template":"","meta":{"_et_pb_use_builder":"","_et_pb_old_content":"","_et_gb_content_width":"","footnotes":""},"class_list":["post-21024","page","type-page","status-publish","hentry"],"yoast_head":"<!-- This site is optimized with the Yoast SEO plugin v27.2 - https:\/\/yoast.com\/product\/yoast-seo-wordpress\/ -->\n<title>Bohemia, NY | Best Hip &amp; Knee Surgeon | NY, USA<\/title>\n<meta name=\"description\" content=\"Soins orthop\u00e9diques avec le Dr. Nakul Karkare \u00e0 Bohemia, NY Bienvenue au cabinet orthop\u00e9dique du Dr Nakul Karkare, votre source de confiance pour des\" \/>\n<meta name=\"robots\" content=\"index, follow, max-snippet:-1, max-image-preview:large, max-video-preview:-1\" \/>\n<link rel=\"canonical\" href=\"https:\/\/www.newyorkhipknee.com\/fr\/contact\/patchogue-meilleur-chirurgien-pour-larthroplastie-de-la-hanche-et-du-genou\/bohemia-ny\/\" \/>\n<meta property=\"og:locale\" content=\"fr_FR\" \/>\n<meta property=\"og:type\" content=\"article\" \/>\n<meta property=\"og:title\" content=\"Bohemia, NY | Best Hip &amp; Knee Surgeon | NY, USA\" \/>\n<meta property=\"og:description\" content=\"Soins orthop\u00e9diques avec le Dr. Nakul Karkare \u00e0 Bohemia, NY Bienvenue au cabinet orthop\u00e9dique du Dr Nakul Karkare, votre source de confiance pour des\" \/>\n<meta property=\"og:url\" content=\"https:\/\/www.newyorkhipknee.com\/fr\/contact\/patchogue-meilleur-chirurgien-pour-larthroplastie-de-la-hanche-et-du-genou\/bohemia-ny\/\" \/>\n<meta property=\"og:site_name\" content=\"Best Hip &amp; Knee Surgeon | NY, USA\" \/>\n<meta name=\"twitter:card\" content=\"summary_large_image\" \/>\n<meta name=\"twitter:label1\" content=\"Dur\u00e9e de lecture estim\u00e9e\" \/>\n\t<meta name=\"twitter:data1\" content=\"9 minutes\" \/>\n<script type=\"application\/ld+json\" class=\"yoast-schema-graph\">{\"@context\":\"https:\/\/schema.org\",\"@graph\":[{\"@type\":[\"WebPage\",\"MedicalWebPage\"],\"@id\":\"https:\/\/www.newyorkhipknee.com\/fr\/contact\/patchogue-meilleur-chirurgien-pour-larthroplastie-de-la-hanche-et-du-genou\/bohemia-ny\/\",\"url\":\"https:\/\/www.newyorkhipknee.com\/fr\/contact\/patchogue-meilleur-chirurgien-pour-larthroplastie-de-la-hanche-et-du-genou\/bohemia-ny\/\",\"name\":\"Bohemia, NY | Best Hip &amp; Knee Surgeon | NY, USA\",\"isPartOf\":{\"@id\":\"https:\/\/www.newyorkhipknee.com\/fr\/#website\"},\"datePublished\":\"2023-11-07T18:08:17+00:00\",\"description\":\"Soins orthop\u00e9diques avec le Dr. Nakul Karkare \u00e0 Bohemia, NY Bienvenue au cabinet orthop\u00e9dique du Dr Nakul Karkare, votre source de confiance pour des\",\"breadcrumb\":{\"@id\":\"https:\/\/www.newyorkhipknee.com\/fr\/contact\/patchogue-meilleur-chirurgien-pour-larthroplastie-de-la-hanche-et-du-genou\/bohemia-ny\/#breadcrumb\"},\"inLanguage\":\"fr-FR\",\"potentialAction\":[{\"@type\":\"ReadAction\",\"target\":[\"https:\/\/www.newyorkhipknee.com\/fr\/contact\/patchogue-meilleur-chirurgien-pour-larthroplastie-de-la-hanche-et-du-genou\/bohemia-ny\/\"]}]},{\"@type\":\"BreadcrumbList\",\"@id\":\"https:\/\/www.newyorkhipknee.com\/fr\/contact\/patchogue-meilleur-chirurgien-pour-larthroplastie-de-la-hanche-et-du-genou\/bohemia-ny\/#breadcrumb\",\"itemListElement\":[{\"@type\":\"ListItem\",\"position\":1,\"name\":\"Home\",\"item\":\"https:\/\/www.newyorkhipknee.com\/fr\/\"},{\"@type\":\"ListItem\",\"position\":2,\"name\":\"CONTACT\",\"item\":\"https:\/\/www.newyorkhipknee.com\/fr\/contact\/\"},{\"@type\":\"ListItem\",\"position\":3,\"name\":\"Patchogue &#8211; Meilleur chirurgien pour l&rsquo;arthroplastie de la hanche et du genou\",\"item\":\"https:\/\/www.newyorkhipknee.com\/fr\/contact\/patchogue-meilleur-chirurgien-pour-larthroplastie-de-la-hanche-et-du-genou\/\"},{\"@type\":\"ListItem\",\"position\":4,\"name\":\"Bohemia, NY\"}]},{\"@type\":\"WebSite\",\"@id\":\"https:\/\/www.newyorkhipknee.com\/fr\/#website\",\"url\":\"https:\/\/www.newyorkhipknee.com\/fr\/\",\"name\":\"Best Hip & Knee Surgeon | NY, USA\",\"description\":\"\",\"potentialAction\":[{\"@type\":\"SearchAction\",\"target\":{\"@type\":\"EntryPoint\",\"urlTemplate\":\"https:\/\/www.newyorkhipknee.com\/fr\/?s={search_term_string}\"},\"query-input\":{\"@type\":\"PropertyValueSpecification\",\"valueRequired\":true,\"valueName\":\"search_term_string\"}}],\"inLanguage\":\"fr-FR\"}]}<\/script>\n<!-- \/ Yoast SEO plugin. -->","yoast_head_json":{"title":"Bohemia, NY | Best Hip &amp; Knee Surgeon | NY, USA","description":"Soins orthop\u00e9diques avec le Dr. Nakul Karkare \u00e0 Bohemia, NY Bienvenue au cabinet orthop\u00e9dique du Dr Nakul Karkare, votre source de confiance pour des","robots":{"index":"index","follow":"follow","max-snippet":"max-snippet:-1","max-image-preview":"max-image-preview:large","max-video-preview":"max-video-preview:-1"},"canonical":"https:\/\/www.newyorkhipknee.com\/fr\/contact\/patchogue-meilleur-chirurgien-pour-larthroplastie-de-la-hanche-et-du-genou\/bohemia-ny\/","og_locale":"fr_FR","og_type":"article","og_title":"Bohemia, NY | Best Hip &amp; Knee Surgeon | NY, USA","og_description":"Soins orthop\u00e9diques avec le Dr. Nakul Karkare \u00e0 Bohemia, NY Bienvenue au cabinet orthop\u00e9dique du Dr Nakul Karkare, votre source de confiance pour des","og_url":"https:\/\/www.newyorkhipknee.com\/fr\/contact\/patchogue-meilleur-chirurgien-pour-larthroplastie-de-la-hanche-et-du-genou\/bohemia-ny\/","og_site_name":"Best Hip &amp; Knee Surgeon | NY, USA","twitter_card":"summary_large_image","twitter_misc":{"Dur\u00e9e de lecture estim\u00e9e":"9 minutes"},"schema":{"@context":"https:\/\/schema.org","@graph":[{"@type":["WebPage","MedicalWebPage"],"@id":"https:\/\/www.newyorkhipknee.com\/fr\/contact\/patchogue-meilleur-chirurgien-pour-larthroplastie-de-la-hanche-et-du-genou\/bohemia-ny\/","url":"https:\/\/www.newyorkhipknee.com\/fr\/contact\/patchogue-meilleur-chirurgien-pour-larthroplastie-de-la-hanche-et-du-genou\/bohemia-ny\/","name":"Bohemia, NY | Best Hip &amp; Knee Surgeon | NY, USA","isPartOf":{"@id":"https:\/\/www.newyorkhipknee.com\/fr\/#website"},"datePublished":"2023-11-07T18:08:17+00:00","description":"Soins orthop\u00e9diques avec le Dr. Nakul Karkare \u00e0 Bohemia, NY Bienvenue au cabinet orthop\u00e9dique du Dr Nakul Karkare, votre source de confiance pour des","breadcrumb":{"@id":"https:\/\/www.newyorkhipknee.com\/fr\/contact\/patchogue-meilleur-chirurgien-pour-larthroplastie-de-la-hanche-et-du-genou\/bohemia-ny\/#breadcrumb"},"inLanguage":"fr-FR","potentialAction":[{"@type":"ReadAction","target":["https:\/\/www.newyorkhipknee.com\/fr\/contact\/patchogue-meilleur-chirurgien-pour-larthroplastie-de-la-hanche-et-du-genou\/bohemia-ny\/"]}]},{"@type":"BreadcrumbList","@id":"https:\/\/www.newyorkhipknee.com\/fr\/contact\/patchogue-meilleur-chirurgien-pour-larthroplastie-de-la-hanche-et-du-genou\/bohemia-ny\/#breadcrumb","itemListElement":[{"@type":"ListItem","position":1,"name":"Home","item":"https:\/\/www.newyorkhipknee.com\/fr\/"},{"@type":"ListItem","position":2,"name":"CONTACT","item":"https:\/\/www.newyorkhipknee.com\/fr\/contact\/"},{"@type":"ListItem","position":3,"name":"Patchogue &#8211; Meilleur chirurgien pour l&rsquo;arthroplastie de la hanche et du genou","item":"https:\/\/www.newyorkhipknee.com\/fr\/contact\/patchogue-meilleur-chirurgien-pour-larthroplastie-de-la-hanche-et-du-genou\/"},{"@type":"ListItem","position":4,"name":"Bohemia, NY"}]},{"@type":"WebSite","@id":"https:\/\/www.newyorkhipknee.com\/fr\/#website","url":"https:\/\/www.newyorkhipknee.com\/fr\/","name":"Best Hip & Knee Surgeon | NY, USA","description":"","potentialAction":[{"@type":"SearchAction","target":{"@type":"EntryPoint","urlTemplate":"https:\/\/www.newyorkhipknee.com\/fr\/?s={search_term_string}"},"query-input":{"@type":"PropertyValueSpecification","valueRequired":true,"valueName":"search_term_string"}}],"inLanguage":"fr-FR"}]}},"_links":{"self":[{"href":"https:\/\/www.newyorkhipknee.com\/fr\/wp-json\/wp\/v2\/pages\/21024","targetHints":{"allow":["GET"]}}],"collection":[{"href":"https:\/\/www.newyorkhipknee.com\/fr\/wp-json\/wp\/v2\/pages"}],"about":[{"href":"https:\/\/www.newyorkhipknee.com\/fr\/wp-json\/wp\/v2\/types\/page"}],"author":[{"embeddable":true,"href":"https:\/\/www.newyorkhipknee.com\/fr\/wp-json\/wp\/v2\/users\/33"}],"replies":[{"embeddable":true,"href":"https:\/\/www.newyorkhipknee.com\/fr\/wp-json\/wp\/v2\/comments?post=21024"}],"version-history":[{"count":0,"href":"https:\/\/www.newyorkhipknee.com\/fr\/wp-json\/wp\/v2\/pages\/21024\/revisions"}],"up":[{"embeddable":true,"href":"https:\/\/www.newyorkhipknee.com\/fr\/wp-json\/wp\/v2\/pages\/17602"}],"wp:attachment":[{"href":"https:\/\/www.newyorkhipknee.com\/fr\/wp-json\/wp\/v2\/media?parent=21024"}],"curies":[{"name":"wp","href":"https:\/\/api.w.org\/{rel}","templated":true}]}}