{"id":21029,"date":"2023-11-08T13:42:37","date_gmt":"2023-11-08T18:42:37","guid":{"rendered":"https:\/\/newyorkhipknee.com\/contact\/patchogue-meilleur-chirurgien-pour-larthroplastie-de-la-hanche-et-du-genou\/mastic-ny\/"},"modified":"2023-11-08T13:42:37","modified_gmt":"2023-11-08T18:42:37","slug":"mastic-ny","status":"publish","type":"page","link":"https:\/\/www.newyorkhipknee.com\/fr\/contact\/patchogue-meilleur-chirurgien-pour-larthroplastie-de-la-hanche-et-du-genou\/mastic-ny\/","title":{"rendered":"Mastic, NY"},"content":{"rendered":"<h1>Centre orthop\u00e9dique du Dr Nakul Karkare : Votre partenaire local pour les soins orthop\u00e9diques, de Paatchogue \u00e0 Mastic, NY<\/h1>\n<p>Bienvenue au Centre orthop\u00e9dique du Dr Nakul Karkare, votre source d\u00e9vou\u00e9e de soins orthop\u00e9diques de qualit\u00e9 sup\u00e9rieure, qui s&rsquo;\u00e9tend de Patchogue \u00e0 la communaut\u00e9 accueillante de Mastic, New York. Nous sommes honor\u00e9s d&rsquo;\u00eatre votre \u00e9tablissement orthop\u00e9dique local de confiance, qui s&rsquo;engage \u00e0 am\u00e9liorer le bien-\u00eatre des r\u00e9sidents et des personnes de cette r\u00e9gion prosp\u00e8re.<\/p>\n<p>Au centre orthop\u00e9dique du Dr Nakul Karkare, notre mission est in\u00e9branlable : fournir des soins orthop\u00e9diques complets, compatissants et avanc\u00e9s. Nous sommes conscients du r\u00f4le essentiel que joue la sant\u00e9 orthop\u00e9dique dans votre vie quotidienne.<\/p>\n<p>Que vous soyez sur la voie de la gu\u00e9rison apr\u00e8s une blessure, que vous g\u00e9riez des troubles musculo-squelettiques chroniques ou que vous cherchiez des conseils pour optimiser votre bien-\u00eatre orthop\u00e9dique, notre \u00e9quipe d&rsquo;experts est l\u00e0 pour vous guider vers une mobilit\u00e9 am\u00e9lior\u00e9e et une vie sans inconfort.<\/p>\n<p>Notre pr\u00e9sence relie Patchogue \u00e0 Mastic, vous garantissant un acc\u00e8s pratique \u00e0 nos services orthop\u00e9diques exceptionnels. Gr\u00e2ce \u00e0 notre blog informatif et \u00e0 nos ressources \u00e9ducatives, nous souhaitons vous apporter des informations pr\u00e9cieuses, les derni\u00e8res innovations en mati\u00e8re de traitements orthop\u00e9diques et des conseils pratiques pour vous aider \u00e0 mener une vie active et sans douleur.<\/p>\n<p>&nbsp;<\/p>\n<h2>Nous sommes ravis de fournir ces services orthop\u00e9diques complets \u00e0 Mastic, NY :<\/h2>\n<h2><a role=\"link\" href=\"https:\/\/newyorkhipknee.com\/custom-knee-replacement-surgery\/\" target=\"_blank\" rel=\"noopener\">Remplacement individualis\u00e9 du genou :<\/a><\/h2>\n<p>&#8211; Le remplacement personnalis\u00e9 du genou est une proc\u00e9dure chirurgicale avanc\u00e9e qui consiste \u00e0 remplacer une articulation du genou endommag\u00e9e par un implant artificiel sp\u00e9cialement con\u00e7u et m\u00e9ticuleusement adapt\u00e9 \u00e0 la structure anatomique unique du patient.<br \/>\n&#8211; Cet implant est fa\u00e7onn\u00e9 de mani\u00e8re complexe \u00e0 l&rsquo;aide d&rsquo;une technologie d&rsquo;imagerie de pointe, qui cr\u00e9e un mod\u00e8le tridimensionnel de l&rsquo;articulation du genou du patient. Ensuite, un implant sur mesure est m\u00e9ticuleusement fabriqu\u00e9 pour s&rsquo;adapter parfaitement au genou du patient.<br \/>\n&#8211; Cette proc\u00e9dure est recommand\u00e9e aux personnes qui souffrent de douleurs, de raideurs et de gonflements importants au niveau du genou, limitant consid\u00e9rablement leurs activit\u00e9s quotidiennes et leur qualit\u00e9 de vie.<br \/>\n&#8211; Une proth\u00e8se de genou individualis\u00e9e peut soulager efficacement la douleur, am\u00e9liorer la mobilit\u00e9 et la qualit\u00e9 de vie globale des patients aux prises avec des probl\u00e8mes d&rsquo;articulation du genou.<br \/>\n&#8211; Le docteur Karkare poss\u00e8de des comp\u00e9tences exceptionnelles en mati\u00e8re de techniques chirurgicales mini-invasives pour le remplacement des articulations. Il utilise des m\u00e9thodes innovantes et une technologie de pointe pour garantir la mise en place pr\u00e9cise des composants de l&rsquo;implant par le biais d&rsquo;incisions plus petites, pr\u00e9servant les tissus.<br \/>\n&#8211; Les patients qui subissent une arthroplastie du genou personnalis\u00e9e peuvent s&rsquo;attendre \u00e0 une r\u00e9duction de la douleur, \u00e0 une r\u00e9cup\u00e9ration acc\u00e9l\u00e9r\u00e9e et \u00e0 une meilleure amplitude de mouvement par rapport aux proc\u00e9dures traditionnelles d&rsquo;arthroplastie du genou.<\/p>\n<p>&nbsp;<\/p>\n<h2><a role=\"link\" href=\"https:\/\/newyorkhipknee.com\/hip-replacement-surgery\/\" target=\"_blank\" rel=\"noopener\">Remplacement de la hanche :<\/a><\/h2>\n<p>&#8211; L&rsquo;arthroplastie de la hanche est une intervention chirurgicale sophistiqu\u00e9e qui consiste \u00e0 remplacer une articulation de la hanche dysfonctionnelle par un implant artificiel m\u00e9ticuleusement con\u00e7u, reproduisant avec art la structure et la fonction naturelles de l&rsquo;articulation de la hanche. Cela permet aux patients de retrouver leur mobilit\u00e9 et de soulager leur inconfort.<br \/>\n&#8211; Cette proc\u00e9dure est recommand\u00e9e aux personnes souffrant de douleurs, de raideurs et de gonflements s\u00e9v\u00e8res de la hanche, qui entravent consid\u00e9rablement leurs activit\u00e9s quotidiennes et leur qualit\u00e9 de vie.<br \/>\n&#8211; Le Dr Karkare est hautement qualifi\u00e9 dans l&rsquo;utilisation des techniques chirurgicales traditionnelles \u00ab\u00a0ouvertes\u00a0\u00bb et des approches mini-invasives pour la chirurgie de remplacement de la hanche.<br \/>\n&#8211; Les patients qui subissent une arthroplastie de la hanche peuvent s&rsquo;attendre \u00e0 une diminution de la douleur, \u00e0 une r\u00e9cup\u00e9ration acc\u00e9l\u00e9r\u00e9e et \u00e0 une am\u00e9lioration de l&rsquo;amplitude des mouvements par rapport \u00e0 leur \u00e9tat avant l&rsquo;op\u00e9ration.<br \/>\n&#8211; Le docteur Karkare utilise des techniques et des technologies de pointe pour assurer la mise en place pr\u00e9cise des composants de l&rsquo;implant par le biais d&rsquo;incisions plus petites qui pr\u00e9servent les tissus.<\/p>\n<h2>Avantages de l&rsquo;arthroplastie personnalis\u00e9e du genou et de la hanche :<\/h2>\n<p>&#8211; Soulagement des douleurs articulaires et de la g\u00eane caus\u00e9e par les l\u00e9sions.<br \/>\n&#8211; Am\u00e9lioration de la mobilit\u00e9 et de l&rsquo;amplitude des mouvements.<br \/>\n&#8211; Am\u00e9lioration de la qualit\u00e9 de vie globale.<br \/>\n&#8211; R\u00e9cup\u00e9ration plus rapide que les m\u00e9thodes chirurgicales traditionnelles.<br \/>\n&#8211; Utilisation de techniques chirurgicales peu invasives pour r\u00e9duire la douleur et acc\u00e9l\u00e9rer le r\u00e9tablissement.<br \/>\n&#8211; Mise en place pr\u00e9cise des composants de l&rsquo;implant par le biais d&rsquo;incisions plus petites, pr\u00e9servant les tissus.<br \/>\n&#8211; Implants personnalis\u00e9s adapt\u00e9s \u00e0 l&rsquo;anatomie unique du patient, ce qui permet d&rsquo;obtenir des r\u00e9sultats sup\u00e9rieurs.<\/p>\n<p>Le docteur Karkare s&rsquo;est engag\u00e9 \u00e0 fournir des services complets aux personnes souffrant d&rsquo;une s\u00e9rie de troubles musculo-squelettiques. Il comprend l&rsquo;impact profond que les probl\u00e8mes orthop\u00e9diques et les blessures peuvent avoir sur la vie quotidienne, et il se consacre \u00e0 aider les patients \u00e0 retrouver leur mobilit\u00e9, \u00e0 soulager la douleur et \u00e0 am\u00e9liorer leur qualit\u00e9 de vie en g\u00e9n\u00e9ral. Les consultations sont disponibles dans plusieurs endroits \u00e0 Manhattan et Long Island, New York, ce qui permet aux patients de choisir l&rsquo;endroit qui leur convient le mieux pour une consultation sans engagement.<\/p>\n<p>Si vous souffrez de douleurs articulaires, de raideurs, de gonflements ou si vous avez subi une blessure, n&rsquo;h\u00e9sitez pas \u00e0 nous contacter. Notre \u00e9quipe de sp\u00e9cialistes est l\u00e0 pour faciliter votre retour aux activit\u00e9s que vous aimez. Nous sommes vos voisins et votre bien-\u00eatre est notre priorit\u00e9 absolue. Laissez-nous vous guider sur la voie d&rsquo;une meilleure sant\u00e9 orthop\u00e9dique.<\/p>\n<h1><\/h1>\n<h1>\u00c0 propos de Mastic<\/h1>\n<h2>Mastic, New York : Un aper\u00e7u de l&rsquo;histoire, de la culture, de l&rsquo;\u00e9conomie, de la d\u00e9mographie et du tourisme<\/h2>\n<p>Mastic, un hameau pittoresque situ\u00e9 \u00e0 l&rsquo;extr\u00e9mit\u00e9 est de Long Island, dans l&rsquo;\u00c9tat de New York, poss\u00e8de une histoire riche, une culture dynamique, une \u00e9conomie diversifi\u00e9e, une d\u00e9mographie unique et un potentiel en tant que destination touristique. Cet article se penche sur les multiples facettes qui d\u00e9finissent Mastic, offrant ainsi une vue d&rsquo;ensemble de cette charmante communaut\u00e9.<\/p>\n<p>&nbsp;<\/p>\n<h2>L&rsquo;histoire :<\/h2>\n<p>L&rsquo;histoire de Mastic est profond\u00e9ment li\u00e9e aux premi\u00e8res colonies europ\u00e9ennes de Long Island. Le hameau \u00e9tait \u00e0 l&rsquo;origine habit\u00e9 par le peuple indig\u00e8ne Mastic, qui fait partie de la tribu de langue algonquienne. Au XVIIe si\u00e8cle, des colons europ\u00e9ens sont arriv\u00e9s et, \u00e0 la fin des ann\u00e9es 1600, la r\u00e9gion s&rsquo;\u00e9tait \u00e9tablie comme une communaut\u00e9 agricole.<\/p>\n<p>L&rsquo;une des figures les plus marquantes de l&rsquo;histoire de Mastic est William Floyd, l&rsquo;un des signataires de la D\u00e9claration d&rsquo;ind\u00e9pendance. La maison historique de Floyd, le William Floyd Estate, est situ\u00e9e \u00e0 Mastic Beach et sert aujourd&rsquo;hui de mus\u00e9e. Ce site embl\u00e9matique offre aux visiteurs un aper\u00e7u de la vie d&rsquo;un patriote am\u00e9ricain.<\/p>\n<p>&nbsp;<\/p>\n<h2>La culture :<\/h2>\n<p>Mastic s&rsquo;enorgueillit d&rsquo;une culture diversifi\u00e9e et dynamique, fa\u00e7onn\u00e9e par les origines et les exp\u00e9riences de ses habitants. La communaut\u00e9 c\u00e9l\u00e8bre son patrimoine par le biais d&rsquo;\u00e9v\u00e9nements et de festivals locaux. Le festival annuel des arts et de la musique de Mastic Beach, par exemple, met en valeur les talents des artistes, musiciens et artisans locaux. C&rsquo;est une journ\u00e9e remplie d&rsquo;art, de musique et de nourriture d\u00e9licieuse, qui t\u00e9moigne de l&rsquo;esprit cr\u00e9atif de Mastic.<\/p>\n<p>En outre, la proximit\u00e9 de Mastic avec le littoral pittoresque de la rive sud de Long Island conf\u00e8re \u00e0 la communaut\u00e9 un lien fort avec les traditions maritimes. Les habitants s&rsquo;adonnent souvent \u00e0 des activit\u00e9s telles que la p\u00eache, la navigation de plaisance et les belles plages, ce qui favorise l&rsquo;amour de la mer, profond\u00e9ment ancr\u00e9 dans la culture locale.<\/p>\n<p>&nbsp;<\/p>\n<h2>L&rsquo;\u00e9conomie :<\/h2>\n<p>L&rsquo;\u00e9conomie de Mastic a \u00e9volu\u00e9 au fil des ans, passant de ses racines agricoles \u00e0 divers secteurs. Si l&rsquo;agriculture joue toujours un r\u00f4le dans l&rsquo;\u00e9conomie locale, d&rsquo;autres secteurs ont pris de l&rsquo;importance, notamment la sant\u00e9, le commerce de d\u00e9tail et l&rsquo;h\u00f4tellerie. Mastic abrite de petites entreprises qui contribuent au dynamisme \u00e9conomique du hameau.<\/p>\n<p>Un d\u00e9veloppement \u00e9conomique notable est la croissance des vignobles locaux et des \u00e9tablissements vinicoles dans la r\u00e9gion \u00e9largie de Long Island. Ces caves attirent les touristes et soutiennent l&rsquo;\u00e9conomie en promouvant l&rsquo;\u0153notourisme. La proximit\u00e9 de ces vignobles fait de Mastic une base pratique pour les amateurs de vin qui visitent la r\u00e9gion.<\/p>\n<p>&nbsp;<\/p>\n<h2>Donn\u00e9es d\u00e9mographiques :<\/h2>\n<p>La d\u00e9mographie de Mastic refl\u00e8te la diversit\u00e9 de ses habitants. Selon les donn\u00e9es les plus r\u00e9centes, la population de Mastic est compos\u00e9e de personnes d&rsquo;origines raciales et ethniques diverses. La communaut\u00e9 se caract\u00e9rise par son atmosph\u00e8re accueillante, o\u00f9 des r\u00e9sidents de diff\u00e9rents horizons coexistent harmonieusement.<\/p>\n<p>&nbsp;<\/p>\n<h2>Le tourisme :<\/h2>\n<p>Mastic a un grand potentiel en tant que destination touristique en raison de sa beaut\u00e9 naturelle et de son importance historique. Les superbes plages du hameau, situ\u00e9es le long de la Great South Bay, offrent des possibilit\u00e9s de baignade, de bronzage et de sports nautiques. Les visiteurs peuvent \u00e9galement explorer la s\u00e9r\u00e9nit\u00e9 de la r\u00e9serve naturelle de Mastic Beach, un paradis pour l&rsquo;observation des oiseaux et la randonn\u00e9e.<\/p>\n<p>La proximit\u00e9 du domaine de William Floyd, un site historique national, fait de Mastic un point de d\u00e9part id\u00e9al pour les passionn\u00e9s d&rsquo;histoire. Les touristes peuvent se plonger dans le pass\u00e9 en visitant le domaine et en d\u00e9couvrant les contributions de William Floyd \u00e0 l&rsquo;ind\u00e9pendance am\u00e9ricaine.<\/p>\n<p>En outre, le festival annuel des arts et de la musique de Mastic Beach attire des visiteurs de toute l&rsquo;\u00eele de Long Island, contribuant \u00e0 l&rsquo;\u00e9conomie locale et favorisant l&rsquo;esprit de communaut\u00e9.<\/p>\n<p>En conclusion, Mastic, dans l&rsquo;\u00c9tat de New York, est un charmant hameau dot\u00e9 d&rsquo;une histoire riche, d&rsquo;une culture dynamique, d&rsquo;une \u00e9conomie diversifi\u00e9e, d&rsquo;une d\u00e9mographie unique et d&rsquo;un potentiel touristique. Tout en continuant \u00e0 \u00e9voluer, Mastic reste un lieu o\u00f9 les r\u00e9sidents et les visiteurs peuvent appr\u00e9cier la beaut\u00e9 de la rive sud de Long Island et l&rsquo;importance de ses sites historiques. Qu&rsquo;il s&rsquo;agisse d&rsquo;explorer ses plages de sable, de participer \u00e0 ses manifestations culturelles ou de s&rsquo;immerger dans sa riche histoire, Mastic offre quelque chose \u00e0 chacun, ce qui en fait un joyau cach\u00e9 de l&rsquo;extr\u00e9mit\u00e9 orientale de Long Island.<\/p>\n<p>&nbsp;<\/p>\n<h2>Directions<\/h2>\n<p>Voici l&rsquo;itin\u00e9raire \u00e0 suivre pour se rendre de Mastic, NY, \u00e0 Complete Orthopedics, 105 Medford Ave Route 112, Suite A, Patchogue, NY 11772 :<\/p>\n<p>1. Commencez par vous diriger vers le nord sur Mastic Rd en direction d&rsquo;Eleanor Ave.<\/p>\n<p>2. Continuer sur Mastic Rd pendant environ 2,5 miles.<\/p>\n<p>3. Tourner \u00e0 gauche sur Montauk Hwy\/NY-27A W.<\/p>\n<p>4. Rester sur Montauk Hwy\/NY-27A W pendant environ 5,7 miles.<\/p>\n<p>5. Rejoindre la NY-112 N par la bretelle d&rsquo;acc\u00e8s \u00e0 Medford\/Patchogue.<\/p>\n<p>6. Continuer sur NY-112 N pendant environ 3,2 miles.<\/p>\n<p>7. Vous arriverez au 105 Medford Ave, Suite A, \u00e0 Patchogue, NY 11772. Complete Orthopedics se trouve sur votre droite.<\/p>\n<p>Veuillez noter que ces indications sont approximatives et qu&rsquo;il est conseill\u00e9 d&rsquo;utiliser une application de navigation ou un GPS pour vous guider en temps r\u00e9el afin de vous assurer que vous atteignez votre destination avec pr\u00e9cision. Bon voyage !<\/p>\n<p>&nbsp;<\/p>\n<h2>Les \u00e9tablissements de sant\u00e9 pr\u00e8s de Mastic, NY, y compris les pharmacies, un centre de radiologie, un centre de soins d&rsquo;urgence et les h\u00f4pitaux.<\/h2>\n<p><strong>Pharmacies :<\/strong><br \/>\n<strong>1. Walgreens Pharmacy &#8211; Mastic<\/strong><br \/>\nAdresse : 1481 Montauk Hwy, Mastic, NY 11950<\/p>\n<p><strong>2. Rite Aid Pharmacy &#8211; Mastic Beach<\/strong><br \/>\nAdresse : 330 Mastic Rd, Mastic Beach, NY 11951<\/p>\n<p><strong>3. CVS Pharmacy &#8211; Shirley<\/strong><br \/>\nAdresse : 1019 Montauk Hwy, Shirley, NY 11967<\/p>\n<p><strong>Centre de radiologie :<\/strong><br \/>\n<strong>1. Centre m\u00e9dical de l&rsquo;h\u00f4pital Brookhaven Memorial &#8211; Service de radiologie<\/strong><br \/>\nAdresse : 101 Hospital Rd, Patchogue, NY 11772<\/p>\n<p><strong>Soins d&rsquo;urgence :<\/strong><br \/>\n<strong>1. GoHealth Urgent Care &#8211; Shirley<\/strong><br \/>\nAdresse : 865 Montauk Hwy, Shirley, NY 11967<\/p>\n<p><strong>H\u00f4pitaux :<\/strong><br \/>\n<strong>1. Centre m\u00e9dical de l&rsquo;h\u00f4pital Brookhaven Memorial &#8211; Patchogue<\/strong><br \/>\nAdresse : 101 Hospital Rd, Patchogue, NY 11772<\/p>\n<p><strong>2. Centre m\u00e9dical de Peconic Bay &#8211; Riverhead<\/strong><br \/>\nAdresse : 1300 Roanoke Ave, Riverhead, NY 11901.<\/p>\n<p>&nbsp;<\/p>\n<p>Nous sommes tr\u00e8s fiers de fournir des soins orthop\u00e9diques complets aux patients de divers h\u00f4pitaux et centres de soins d&rsquo;urgence locaux, y compris ceux que nous avons mentionn\u00e9s plus haut. Que vous ayez \u00e9t\u00e9 orient\u00e9 vers nous pour un traitement orthop\u00e9dique ou que vous ayez des questions ou des inqui\u00e9tudes concernant votre sant\u00e9 orthop\u00e9dique, n&rsquo;h\u00e9sitez pas \u00e0 contacter notre \u00e9quipe d\u00e9vou\u00e9e 24 heures sur 24 et 7 jours sur 7. Nous sommes l\u00e0 pour vous aider rapidement et avec une sinc\u00e8re empathie.<\/p>\n<p>Nous savons que de nombreuses personnes se font soigner dans des centres de soins d&rsquo;urgence et des h\u00f4pitaux pour des blessures li\u00e9es \u00e0 l&rsquo;indemnisation des accidents du travail et \u00e0 l&rsquo;assurance sans \u00e9gard \u00e0 la responsabilit\u00e9. Si votre blessure ne n\u00e9cessite pas une visite \u00e0 l&rsquo;h\u00f4pital, nous sommes tout \u00e0 fait dispos\u00e9s \u00e0 vous fournir un traitement orthop\u00e9dique expert adapt\u00e9 \u00e0 vos besoins. N&rsquo;h\u00e9sitez pas \u00e0 nous contacter au 631-981-2663 pour prendre rendez-vous avec nous d\u00e8s aujourd&rsquo;hui. Votre bien-\u00eatre reste notre priorit\u00e9 absolue et nous nous engageons \u00e0 vous soutenir sur la voie de la gu\u00e9rison.<\/p>\n","protected":false},"excerpt":{"rendered":"<p>Centre orthop\u00e9dique du Dr Nakul Karkare : Votre partenaire local pour les soins orthop\u00e9diques, de Paatchogue \u00e0 Mastic, NY Bienvenue au Centre orthop\u00e9dique du Dr Nakul Karkare, votre source d\u00e9vou\u00e9e de soins orthop\u00e9diques de qualit\u00e9 sup\u00e9rieure, qui s&rsquo;\u00e9tend de Patchogue \u00e0 la communaut\u00e9 accueillante de Mastic, New York. Nous sommes honor\u00e9s d&rsquo;\u00eatre votre \u00e9tablissement orthop\u00e9dique [&hellip;]<\/p>\n","protected":false},"author":33,"featured_media":0,"parent":17602,"menu_order":0,"comment_status":"closed","ping_status":"closed","template":"","meta":{"_et_pb_use_builder":"","_et_pb_old_content":"","_et_gb_content_width":"","footnotes":""},"class_list":["post-21029","page","type-page","status-publish","hentry"],"yoast_head":"<!-- This site is optimized with the Yoast SEO plugin v27.2 - https:\/\/yoast.com\/product\/yoast-seo-wordpress\/ -->\n<title>Mastic, NY | Best Hip &amp; Knee Surgeon | NY, USA<\/title>\n<meta name=\"description\" content=\"Centre orthop\u00e9dique du Dr Nakul Karkare : Votre partenaire local pour les soins orthop\u00e9diques, de Paatchogue \u00e0 Mastic, NY Bienvenue au Centre orthop\u00e9dique\" \/>\n<meta name=\"robots\" content=\"index, follow, max-snippet:-1, max-image-preview:large, max-video-preview:-1\" \/>\n<link rel=\"canonical\" href=\"https:\/\/www.newyorkhipknee.com\/fr\/contact\/patchogue-meilleur-chirurgien-pour-larthroplastie-de-la-hanche-et-du-genou\/mastic-ny\/\" \/>\n<meta property=\"og:locale\" content=\"fr_FR\" \/>\n<meta property=\"og:type\" content=\"article\" \/>\n<meta property=\"og:title\" content=\"Mastic, NY | Best Hip &amp; Knee Surgeon | NY, USA\" \/>\n<meta property=\"og:description\" content=\"Centre orthop\u00e9dique du Dr Nakul Karkare : Votre partenaire local pour les soins orthop\u00e9diques, de Paatchogue \u00e0 Mastic, NY Bienvenue au Centre orthop\u00e9dique\" \/>\n<meta property=\"og:url\" content=\"https:\/\/www.newyorkhipknee.com\/fr\/contact\/patchogue-meilleur-chirurgien-pour-larthroplastie-de-la-hanche-et-du-genou\/mastic-ny\/\" \/>\n<meta property=\"og:site_name\" content=\"Best Hip &amp; Knee Surgeon | NY, USA\" \/>\n<meta name=\"twitter:card\" content=\"summary_large_image\" \/>\n<meta name=\"twitter:label1\" content=\"Dur\u00e9e de lecture estim\u00e9e\" \/>\n\t<meta name=\"twitter:data1\" content=\"11 minutes\" \/>\n<script type=\"application\/ld+json\" class=\"yoast-schema-graph\">{\"@context\":\"https:\/\/schema.org\",\"@graph\":[{\"@type\":[\"WebPage\",\"MedicalWebPage\"],\"@id\":\"https:\/\/www.newyorkhipknee.com\/fr\/contact\/patchogue-meilleur-chirurgien-pour-larthroplastie-de-la-hanche-et-du-genou\/mastic-ny\/\",\"url\":\"https:\/\/www.newyorkhipknee.com\/fr\/contact\/patchogue-meilleur-chirurgien-pour-larthroplastie-de-la-hanche-et-du-genou\/mastic-ny\/\",\"name\":\"Mastic, NY | Best Hip &amp; Knee Surgeon | NY, USA\",\"isPartOf\":{\"@id\":\"https:\/\/www.newyorkhipknee.com\/fr\/#website\"},\"datePublished\":\"2023-11-08T18:42:37+00:00\",\"description\":\"Centre orthop\u00e9dique du Dr Nakul Karkare : Votre partenaire local pour les soins orthop\u00e9diques, de Paatchogue \u00e0 Mastic, NY Bienvenue au Centre orthop\u00e9dique\",\"breadcrumb\":{\"@id\":\"https:\/\/www.newyorkhipknee.com\/fr\/contact\/patchogue-meilleur-chirurgien-pour-larthroplastie-de-la-hanche-et-du-genou\/mastic-ny\/#breadcrumb\"},\"inLanguage\":\"fr-FR\",\"potentialAction\":[{\"@type\":\"ReadAction\",\"target\":[\"https:\/\/www.newyorkhipknee.com\/fr\/contact\/patchogue-meilleur-chirurgien-pour-larthroplastie-de-la-hanche-et-du-genou\/mastic-ny\/\"]}]},{\"@type\":\"BreadcrumbList\",\"@id\":\"https:\/\/www.newyorkhipknee.com\/fr\/contact\/patchogue-meilleur-chirurgien-pour-larthroplastie-de-la-hanche-et-du-genou\/mastic-ny\/#breadcrumb\",\"itemListElement\":[{\"@type\":\"ListItem\",\"position\":1,\"name\":\"Home\",\"item\":\"https:\/\/www.newyorkhipknee.com\/fr\/\"},{\"@type\":\"ListItem\",\"position\":2,\"name\":\"CONTACT\",\"item\":\"https:\/\/www.newyorkhipknee.com\/fr\/contact\/\"},{\"@type\":\"ListItem\",\"position\":3,\"name\":\"Patchogue &#8211; Meilleur chirurgien pour l&rsquo;arthroplastie de la hanche et du genou\",\"item\":\"https:\/\/www.newyorkhipknee.com\/fr\/contact\/patchogue-meilleur-chirurgien-pour-larthroplastie-de-la-hanche-et-du-genou\/\"},{\"@type\":\"ListItem\",\"position\":4,\"name\":\"Mastic, NY\"}]},{\"@type\":\"WebSite\",\"@id\":\"https:\/\/www.newyorkhipknee.com\/fr\/#website\",\"url\":\"https:\/\/www.newyorkhipknee.com\/fr\/\",\"name\":\"Best Hip & Knee Surgeon | NY, USA\",\"description\":\"\",\"potentialAction\":[{\"@type\":\"SearchAction\",\"target\":{\"@type\":\"EntryPoint\",\"urlTemplate\":\"https:\/\/www.newyorkhipknee.com\/fr\/?s={search_term_string}\"},\"query-input\":{\"@type\":\"PropertyValueSpecification\",\"valueRequired\":true,\"valueName\":\"search_term_string\"}}],\"inLanguage\":\"fr-FR\"}]}<\/script>\n<!-- \/ Yoast SEO plugin. -->","yoast_head_json":{"title":"Mastic, NY | Best Hip &amp; Knee Surgeon | NY, USA","description":"Centre orthop\u00e9dique du Dr Nakul Karkare : Votre partenaire local pour les soins orthop\u00e9diques, de Paatchogue \u00e0 Mastic, NY Bienvenue au Centre orthop\u00e9dique","robots":{"index":"index","follow":"follow","max-snippet":"max-snippet:-1","max-image-preview":"max-image-preview:large","max-video-preview":"max-video-preview:-1"},"canonical":"https:\/\/www.newyorkhipknee.com\/fr\/contact\/patchogue-meilleur-chirurgien-pour-larthroplastie-de-la-hanche-et-du-genou\/mastic-ny\/","og_locale":"fr_FR","og_type":"article","og_title":"Mastic, NY | Best Hip &amp; Knee Surgeon | NY, USA","og_description":"Centre orthop\u00e9dique du Dr Nakul Karkare : Votre partenaire local pour les soins orthop\u00e9diques, de Paatchogue \u00e0 Mastic, NY Bienvenue au Centre orthop\u00e9dique","og_url":"https:\/\/www.newyorkhipknee.com\/fr\/contact\/patchogue-meilleur-chirurgien-pour-larthroplastie-de-la-hanche-et-du-genou\/mastic-ny\/","og_site_name":"Best Hip &amp; Knee Surgeon | NY, USA","twitter_card":"summary_large_image","twitter_misc":{"Dur\u00e9e de lecture estim\u00e9e":"11 minutes"},"schema":{"@context":"https:\/\/schema.org","@graph":[{"@type":["WebPage","MedicalWebPage"],"@id":"https:\/\/www.newyorkhipknee.com\/fr\/contact\/patchogue-meilleur-chirurgien-pour-larthroplastie-de-la-hanche-et-du-genou\/mastic-ny\/","url":"https:\/\/www.newyorkhipknee.com\/fr\/contact\/patchogue-meilleur-chirurgien-pour-larthroplastie-de-la-hanche-et-du-genou\/mastic-ny\/","name":"Mastic, NY | Best Hip &amp; Knee Surgeon | NY, USA","isPartOf":{"@id":"https:\/\/www.newyorkhipknee.com\/fr\/#website"},"datePublished":"2023-11-08T18:42:37+00:00","description":"Centre orthop\u00e9dique du Dr Nakul Karkare : Votre partenaire local pour les soins orthop\u00e9diques, de Paatchogue \u00e0 Mastic, NY Bienvenue au Centre orthop\u00e9dique","breadcrumb":{"@id":"https:\/\/www.newyorkhipknee.com\/fr\/contact\/patchogue-meilleur-chirurgien-pour-larthroplastie-de-la-hanche-et-du-genou\/mastic-ny\/#breadcrumb"},"inLanguage":"fr-FR","potentialAction":[{"@type":"ReadAction","target":["https:\/\/www.newyorkhipknee.com\/fr\/contact\/patchogue-meilleur-chirurgien-pour-larthroplastie-de-la-hanche-et-du-genou\/mastic-ny\/"]}]},{"@type":"BreadcrumbList","@id":"https:\/\/www.newyorkhipknee.com\/fr\/contact\/patchogue-meilleur-chirurgien-pour-larthroplastie-de-la-hanche-et-du-genou\/mastic-ny\/#breadcrumb","itemListElement":[{"@type":"ListItem","position":1,"name":"Home","item":"https:\/\/www.newyorkhipknee.com\/fr\/"},{"@type":"ListItem","position":2,"name":"CONTACT","item":"https:\/\/www.newyorkhipknee.com\/fr\/contact\/"},{"@type":"ListItem","position":3,"name":"Patchogue &#8211; Meilleur chirurgien pour l&rsquo;arthroplastie de la hanche et du genou","item":"https:\/\/www.newyorkhipknee.com\/fr\/contact\/patchogue-meilleur-chirurgien-pour-larthroplastie-de-la-hanche-et-du-genou\/"},{"@type":"ListItem","position":4,"name":"Mastic, NY"}]},{"@type":"WebSite","@id":"https:\/\/www.newyorkhipknee.com\/fr\/#website","url":"https:\/\/www.newyorkhipknee.com\/fr\/","name":"Best Hip & Knee Surgeon | NY, USA","description":"","potentialAction":[{"@type":"SearchAction","target":{"@type":"EntryPoint","urlTemplate":"https:\/\/www.newyorkhipknee.com\/fr\/?s={search_term_string}"},"query-input":{"@type":"PropertyValueSpecification","valueRequired":true,"valueName":"search_term_string"}}],"inLanguage":"fr-FR"}]}},"_links":{"self":[{"href":"https:\/\/www.newyorkhipknee.com\/fr\/wp-json\/wp\/v2\/pages\/21029","targetHints":{"allow":["GET"]}}],"collection":[{"href":"https:\/\/www.newyorkhipknee.com\/fr\/wp-json\/wp\/v2\/pages"}],"about":[{"href":"https:\/\/www.newyorkhipknee.com\/fr\/wp-json\/wp\/v2\/types\/page"}],"author":[{"embeddable":true,"href":"https:\/\/www.newyorkhipknee.com\/fr\/wp-json\/wp\/v2\/users\/33"}],"replies":[{"embeddable":true,"href":"https:\/\/www.newyorkhipknee.com\/fr\/wp-json\/wp\/v2\/comments?post=21029"}],"version-history":[{"count":0,"href":"https:\/\/www.newyorkhipknee.com\/fr\/wp-json\/wp\/v2\/pages\/21029\/revisions"}],"up":[{"embeddable":true,"href":"https:\/\/www.newyorkhipknee.com\/fr\/wp-json\/wp\/v2\/pages\/17602"}],"wp:attachment":[{"href":"https:\/\/www.newyorkhipknee.com\/fr\/wp-json\/wp\/v2\/media?parent=21029"}],"curies":[{"name":"wp","href":"https:\/\/api.w.org\/{rel}","templated":true}]}}