{"id":21040,"date":"2023-11-10T16:51:08","date_gmt":"2023-11-10T21:51:08","guid":{"rendered":"https:\/\/newyorkhipknee.com\/contact\/riverhead-meilleur-chirurgien-pour-larthroplastie-du-genou-et-de-la-hanche\/hampton-bays-ny\/"},"modified":"2023-11-10T16:51:08","modified_gmt":"2023-11-10T21:51:08","slug":"hampton-bays-ny","status":"publish","type":"page","link":"https:\/\/www.newyorkhipknee.com\/fr\/contact\/riverhead-meilleur-chirurgien-pour-larthroplastie-du-genou-et-de-la-hanche\/hampton-bays-ny\/","title":{"rendered":"Hampton Bays, NY"},"content":{"rendered":"<h1>Nakul Karkare&rsquo;s Orthopedic Care : Votre partenaire de confiance en mati\u00e8re de soins orthop\u00e9diques \u00e0 Hampton Bays, NY<\/h1>\n<p>Nakul Karkare&rsquo;s Orthopedic Care, votre premi\u00e8re destination pour des soins orthop\u00e9diques exceptionnels. Bien que notre si\u00e8ge se trouve \u00e0 <a href=\"https:\/\/newyorkhipknee.com\/contact\/riverhead-orthopedic-surgeon\/\" target=\"_blank\" rel=\"noopener\">Riverhead<\/a> (New York), nous sommes ravis d&rsquo;\u00e9tendre nos services orthop\u00e9diques experts et amicaux \u00e0 la communaut\u00e9 dynamique de Hampton Bays (New York). Au cabinet orthop\u00e9dique du Dr Nakul Karkare, nous ne sommes pas seulement un cabinet orthop\u00e9dique ; nous sommes vos compagnons compatissants sur la voie de l&rsquo;am\u00e9lioration de votre sant\u00e9 orthop\u00e9dique.<\/p>\n<p>Nakul Karkare&rsquo;s Orthopedic Care se distingue en tant que cabinet orthop\u00e9dique de premier plan \u00e0 New York, et voici pourquoi nous sommes votre meilleur choix en mati\u00e8re de soins orthop\u00e9diques : <strong>Rencontrez le Dr Nakul Karkare.<\/strong><\/p>\n<p>Le docteur Nakul Karkare est un sp\u00e9cialiste orthop\u00e9dique tr\u00e8s exp\u00e9riment\u00e9, connu pour son expertise, ses nombreuses certifications et son approche compatissante. Il est votre guide de confiance dans votre parcours orthop\u00e9dique.<\/p>\n<p><strong>Des soins personnalis\u00e9s :<\/strong> Nous savons que chaque patient est unique. Notre approche est chaleureuse, accueillante et adapt\u00e9e \u00e0 vos besoins sp\u00e9cifiques, ce qui vous permet de recevoir les soins qui vous conviennent.<\/p>\n<p><strong>Des solutions de pointe :<\/strong> Nous restons \u00e0 l&rsquo;avant-garde des progr\u00e8s orthop\u00e9diques, ce qui vous permet d&rsquo;avoir acc\u00e8s aux traitements et aux technologies les plus r\u00e9cents. Vos soins sont pris en charge par les meilleurs du secteur, sous la direction experte du Dr Nakul Karkare.<\/p>\n<p><strong>Ax\u00e9 sur la communaut\u00e9 :<\/strong> Nous croyons qu&rsquo;il faut rendre accessibles \u00e0 tous des soins orthop\u00e9diques exceptionnels. Notre engagement \u00e0 \u00e9tendre nos services \u00e0 Hampton Bays refl\u00e8te notre d\u00e9vouement \u00e0 votre bien-\u00eatre.<\/p>\n<p><strong>Une r\u00e9ussite av\u00e9r\u00e9e :<\/strong> Nos r\u00e9sultats parlent d&rsquo;eux-m\u00eames. Nous avons permis \u00e0 de nombreuses personnes de retrouver leur mobilit\u00e9, de r\u00e9duire la douleur et d&rsquo;am\u00e9liorer leur qualit\u00e9 de vie sous la direction experte du Dr Nakul Karkare.<\/p>\n<p>Votre sant\u00e9 orthop\u00e9dique est notre priorit\u00e9 absolue, et nous sommes ravis de faire partie de la communaut\u00e9 de Smithtown. Que vous ayez des probl\u00e8mes d&rsquo;articulation, des blessures sportives, des fractures ou tout autre probl\u00e8me orthop\u00e9dique, les soins orthop\u00e9diques du Dr Nakul Karkare sont l\u00e0 pour vous aider avec un sourire chaleureux et des soins experts.<\/p>\n<p>Si vous \u00eates \u00e0 Hampton Bays, NY, et que vous avez besoin de soins orthop\u00e9diques, nous vous invitons chaleureusement \u00e0 faire l&rsquo;exp\u00e9rience du service exceptionnel du Dr Nakul Karkare&rsquo;s Orthopedic Care. N&rsquo;h\u00e9sitez pas \u00e0 nous contacter, et laissez-nous \u00eatre vos partenaires de confiance sur votre chemin vers une sant\u00e9 orthop\u00e9dique sup\u00e9rieure. Nous sommes l\u00e0 pour vous aider et nous avons h\u00e2te de vous rencontrer !<\/p>\n<h2>Nous sommes tr\u00e8s fiers d&rsquo;offrir une gamme compl\u00e8te de services orthop\u00e9diques dans les environs de Hampton Bays, NY :<\/h2>\n<h2><a role=\"link\" href=\"https:\/\/newyorkhipknee.com\/hip-replacement-surgery\/\" target=\"_blank\" rel=\"noopener\"><strong>Chirurgie de remplacement de la hanche :<\/strong> <em>Reprendre une vie sans douleur \u00e0 la hanche<\/em><\/a><\/h2>\n<p><strong>De quoi s&rsquo;agit-il ?<\/strong> L&rsquo;arthroplastie de la hanche est la solution lorsque l&rsquo;articulation de la hanche est touch\u00e9e par des probl\u00e8mes tels que l&rsquo;arthrose, la polyarthrite rhumato\u00efde ou des fractures. L&rsquo;objectif est de faire dispara\u00eetre votre douleur, de r\u00e9tablir votre mobilit\u00e9 et d&rsquo;am\u00e9liorer votre qualit\u00e9 de vie en g\u00e9n\u00e9ral.<\/p>\n<p><strong>Comment cela fonctionne-t-il ?<\/strong> L&rsquo;arthroplastie de la hanche se pr\u00e9sente sous deux formes : l&rsquo;arthroplastie totale de la hanche (THR), qui consiste \u00e0 remplacer la boule et la cavit\u00e9 de l&rsquo;articulation de la hanche, et l&rsquo;arthroplastie partielle de la hanche (h\u00e9miarthroplastie), qui consiste \u00e0 ne changer que la partie sph\u00e9rique.<\/p>\n<p><strong>Votre nouvelle hanche :<\/strong> Nos chirurgiens qualifi\u00e9s s\u00e9lectionnent les composants de l&rsquo;articulation artificielle de la hanche en fonction de votre \u00e2ge, de votre niveau d&rsquo;activit\u00e9 et de vos besoins sp\u00e9cifiques. Nous proposons une gamme de mat\u00e9riaux tels que le m\u00e9tal, le plastique ou la c\u00e9ramique.<\/p>\n<p><strong>Rebondir :<\/strong> Apr\u00e8s l&rsquo;op\u00e9ration, vous travaillerez avec un kin\u00e9sith\u00e9rapeute pour retrouver votre force et remettre votre hanche en pleine forme. Vous constaterez souvent que vos douleurs appartiennent au pass\u00e9 et que votre hanche a repris ses anciennes habitudes.<\/p>\n<p>&nbsp;<\/p>\n<h2><a role=\"link\" href=\"https:\/\/newyorkhipknee.com\/custom-knee-replacement-surgery\/\" target=\"_blank\" rel=\"noopener\"><strong>Remplacement du genou sur mesure :<\/strong> <em>Votre solution unique pour la douleur au genou<\/em><\/a><\/h2>\n<p><strong>De quoi s&rsquo;agit-il ?<\/strong> L&rsquo;arthroplastie du genou sur mesure est la solution \u00e0 adopter lorsque vos genoux vous causent une douleur extr\u00eame et que vous avez essay\u00e9 toutes les autres solutions. Il s&rsquo;agit d&rsquo;une approche personnalis\u00e9e de la chirurgie du genou, faite sur mesure pour vous.<\/p>\n<p><strong>Comment cela fonctionne-t-il ?<\/strong> Avant de proc\u00e9der \u00e0 une intervention chirurgicale, nous examinons en profondeur la structure de votre genou. L&rsquo;imagerie avanc\u00e9e et la mod\u00e9lisation informatique nous aident \u00e0 cr\u00e9er un implant de genou aussi unique que vous.<\/p>\n<p><strong>Les avantages :<\/strong> Les proth\u00e8ses de genou sur mesure permettent souvent un meilleur alignement, une plus grande stabilit\u00e9 et moins de douleur que les proth\u00e8ses de genou standard. C&rsquo;est comme si vous receviez un genou fait sp\u00e9cialement pour vous !<\/p>\n<p><strong>Rebondir (\u00e0 nouveau) :<\/strong> La gu\u00e9rison consiste \u00e0 travailler avec un kin\u00e9sith\u00e9rapeute pour renforcer la force et la souplesse de votre genou. Cela permet g\u00e9n\u00e9ralement de r\u00e9duire la douleur et d&rsquo;am\u00e9liorer la fonction du genou. Dites adieu \u00e0 cette douleur lancinante au genou !<\/p>\n<p>Au cabinet du Dr Nakul Karkare, nous ne sommes pas seulement l\u00e0 pour traiter vos probl\u00e8mes orthop\u00e9diques ; nous sommes l\u00e0 pour nous assurer que vous comprenez parfaitement les options qui s&rsquo;offrent \u00e0 vous, que vous vous sentez \u00e0 l&rsquo;aise avec vos choix et que vous reprenez le cours de votre vie. Si vous \u00eates pr\u00eat \u00e0 faire le premier pas vers un avenir actif et sans douleur, voyons comment nous pouvons vous aider.<\/p>\n<h2><\/h2>\n<h2>\u00c0 propos de Hampton Bay<\/h2>\n<p>Hampton Bays, NY est un hameau situ\u00e9 dans la ville de Southampton dans le comt\u00e9 de Suffolk sur Long Island, New York. Elle est consid\u00e9r\u00e9e comme faisant partie de la r\u00e9gion de Long Island connue sous le nom de Hamptons. Hampton Bays est une charmante destination c\u00f4ti\u00e8re qui allie la beaut\u00e9 de la nature \u00e0 l&rsquo;atmosph\u00e8re charmante d&rsquo;une petite ville. Avec son histoire riche, ses paysages pittoresques, ses diverses activit\u00e9s de loisirs et ses nombreux \u00e9quipements, Hampton Bays est le choix id\u00e9al pour une escapade relaxante et m\u00e9morable.<\/p>\n<p>&nbsp;<\/p>\n<h2>L&rsquo;histoire<\/h2>\n<p>L&rsquo;histoire de Hampton Bays remonte au XVIIe si\u00e8cle, lorsque la nation indienne Shinnecock s&rsquo;y est install\u00e9e. Tout au long de son histoire, le hameau a connu diverses transformations, depuis ses d\u00e9buts en tant que village de p\u00eacheurs anim\u00e9 jusqu&rsquo;\u00e0 son statut actuel de destination de vacances populaire. Un certain nombre de sites historiques se trouvent encore dans la r\u00e9gion et offrent un aper\u00e7u de son riche pass\u00e9.<\/p>\n<p>&nbsp;<\/p>\n<h2>Culture<\/h2>\n<p>Hampton Bays est un village au riche patrimoine culturel. Elle est r\u00e9put\u00e9e pour ses bons restaurants, ses boutiques et son h\u00e9bergement. Le village poss\u00e8de une architecture historique vari\u00e9e, des ports, des restaurants conviviaux, des bars et des boutiques. Hampton Bays abrite \u00e9galement plusieurs galeries d&rsquo;art et mus\u00e9es, dont le Southampton Arts Center, qui pr\u00e9sente des expositions sur les arts et la culture de la r\u00e9gion.<\/p>\n<p>&nbsp;<\/p>\n<h2>Donn\u00e9es d\u00e9mographiques<\/h2>\n<p>Selon le Bureau du recensement des \u00c9tats-Unis, la population de Hampton Bays \u00e9tait de 13 603 habitants au recensement de 2010. La composition raciale du village \u00e9tait la suivante : 77,6 % de Blancs, 12,3 % d&rsquo;Afro-am\u00e9ricains, 0,4 % d&rsquo;Am\u00e9rindiens, 1,3 % d&rsquo;Asiatiques, 0,1 % d&rsquo;insulaires du Pacifique, 5,5 % d&rsquo;autres races et 2,8 % de personnes appartenant \u00e0 deux races ou plus. Les Hispaniques ou Latinos de toute race repr\u00e9sentaient 28,6 % de la population.<\/p>\n<p>&nbsp;<\/p>\n<h2>Tourisme<\/h2>\n<p>Hampton Bays est une destination touristique populaire, surtout pendant les mois d&rsquo;\u00e9t\u00e9. Les visiteurs peuvent profiter d&rsquo;une vari\u00e9t\u00e9 d&rsquo;activit\u00e9s, y compris la navigation de plaisance, la p\u00eache et la natation. Le village poss\u00e8de plusieurs parcs et plages, dont la Ponquogue Beach, qui dispose d&rsquo;une marina, d&rsquo;une aire de jeux et d&rsquo;un snack-bar. Les visiteurs peuvent \u00e9galement faire le tour du village \u00e0 bord du Hampton Jitney, qui circule de Memorial Day \u00e0 Labor Day. Hampton Bays abrite \u00e9galement plusieurs domaines viticoles, dont le Duck Walk Vineyards, qui propose des d\u00e9gustations et des visites.<\/p>\n<p>&nbsp;<\/p>\n<h2>Immobilier<\/h2>\n<p>En octobre 2023, il y a plusieurs maisons \u00e0 vendre \u00e0 Hampton Bays, NY, allant de $399,000 \u00e0 $5,500,000. Il y a \u00e9galement plusieurs condos et maisons de ville \u00e0 vendre dans la r\u00e9gion, entre 399 000 et 1 200 000 dollars. La valeur m\u00e9diane des maisons \u00e0 Hampton Bays est de 625 000 $.<\/p>\n<p>En conclusion, Hampton Bays, NY est un charmant hameau dot\u00e9 d&rsquo;un riche patrimoine culturel et d&rsquo;une grande vari\u00e9t\u00e9 d&rsquo;activit\u00e9s pour les visiteurs. Elle est r\u00e9put\u00e9e pour ses bons restaurants, ses boutiques et son h\u00e9bergement, ainsi que pour son architecture historique, ses ports et ses mus\u00e9es. Le village abrite \u00e9galement plusieurs parcs et plages, des vignobles et des galeries d&rsquo;art. Que vous cherchiez \u00e0 visiter Hampton Bays ou \u00e0 y \u00e9lire domicile, c&rsquo;est un endroit merveilleux.<\/p>\n<h2><\/h2>\n<h2>Directions<\/h2>\n<p>Voici l&rsquo;itin\u00e9raire \u00e0 suivre pour se rendre de Hampton Bays, NY \u00e0 Complete Orthopedics, 887 Old Country Rd, Suite A, Riverhead, NY 11901 :<\/p>\n<p>1. Prendre la direction ouest sur Montauk Hwy vers Springville Rd.<br \/>\n2. Tourner \u00e0 gauche sur Old Riverhead Rd.<br \/>\n3. Tourner \u00e0 droite sur Flanders Rd.<br \/>\n4. Tourner \u00e0 gauche sur NY-24 W\/Nugent Dr.<br \/>\n5. Tourner \u00e0 droite sur Middle Rd.<br \/>\n6. Tourner \u00e0 gauche sur Roanoke Ave.<br \/>\n7. Tourner \u00e0 droite sur Commerce Dr.<br \/>\n8. Tourner \u00e0 gauche sur Old Country Rd.<br \/>\n9. Complete Orthopedics se trouve sur votre droite au 887 Old Country Rd, Suite A, Riverhead, NY 11901.<\/p>\n<p>La distance totale en voiture est d&rsquo;environ 14 miles et devrait prendre environ 25 minutes, en fonction de la circulation.<\/p>\n<p>&nbsp;<\/p>\n<h2>Soins de sant\u00e9 pr\u00e8s de Hampton Bay<\/h2>\n<p><strong>Pharmacies :<\/strong><br \/>\n&#8211; CVS Pharmacy, 190 W Montauk Hwy, Hampton Bays, NY 11946<br \/>\n&#8211; Rite Aid Pharmacy, 165 W Montauk Hwy, Hampton Bays, NY 11946<br \/>\n&#8211; Walgreens Pharmacy, 1196 Flanders Rd, Flanders, NY 11901<\/p>\n<p><strong>Centres de radiologie :<\/strong><br \/>\n&#8211; East End Radiology, 133 E Main St, Riverhead, NY 11901<br \/>\n&#8211; Peconic Bay Medical Center Radiology, 1300 Roanoke Ave, Riverhead, NY 11901<br \/>\n&#8211; Northwell Health Imaging at East Setauket, 4 Technology Dr, East Setauket, NY 11733<\/p>\n<p><strong>Centres de soins d&rsquo;urgence :<\/strong><br \/>\n&#8211; Northwell Health-GoHealth Urgent Care, 2044 Montauk Hwy, Bridgehampton, NY 11932<br \/>\n&#8211; Hampton Medical Care, 225 W Montauk Hwy, Hampton Bays, NY 11946<br \/>\n&#8211; Soins urgents \u00e0 Hampton Bays, NY| Northwell Health, 225 W Montauk Hwy, Hampton Bays, NY 11946<\/p>\n<p><strong>H\u00f4pitaux<\/strong>:<br \/>\n&#8211; H\u00f4pital Stony Brook Southampton, 240 Meeting House Ln, Southampton, NY 11968<br \/>\n&#8211; Centre m\u00e9dical de Peconic Bay, 1300 Roanoke Ave, Riverhead, NY 11901<br \/>\n&#8211; Centre de traitement militaire, 1 Heroes Way, Westhampton Beach, NY 11978<\/p>\n<p>Ces pharmacies, centres de radiologie, centres de soins urgents et h\u00f4pitaux se trouvent tous \u00e0 une distance raisonnable de Hampton Bays, NY et peuvent fournir des soins et des services m\u00e9dicaux \u00e0 la communaut\u00e9.<\/p>\n<p>&nbsp;<\/p>\n<div>\n<div class=\"Hhmu2e wDYxhc NFQFxe viOShc LKPcQc\" lang=\"en-US\" data-md=\"16\" data-hveid=\"CAkQAA\" data-ved=\"2ahUKEwjG9ODTiMmBAxWXOjQIHehtBpYQhyh6BAgJEAA\">\n<div class=\"Ftghae iirjIb DaSCDf GUV4E\">\n<div class=\"SPZz6b\">\n<div class=\"wDYxhc\" lang=\"en-US\" data-attrid=\"kc:\/location\/location:address\" data-md=\"1002\" data-hveid=\"CBYQAA\" data-ved=\"2ahUKEwjG9ODTiMmBAxWXOjQIHehtBpYQkCl6BAgWEAA\">\n<div class=\"Z1hOCe\">\n<div class=\"zloOqf PZPZlf\" data-dtype=\"d3ifr\" data-local-attribute=\"d3adr\" data-mid=\"\/g\/11fsw3zvsc\" data-ved=\"2ahUKEwjG9ODTiMmBAxWXOjQIHehtBpYQghwoAHoECBYQAQ\">\n<div class=\"GDRHkb\" data-at=\"2\" data-uid=\"1\">Nous sommes extr\u00eamement fiers des soins orthop\u00e9diques complets que nous fournissons aux patients de divers h\u00f4pitaux et centres de soins d&rsquo;urgence locaux, y compris ceux que nous avons mentionn\u00e9s plus haut.<\/div>\n<\/div>\n<\/div>\n<\/div>\n<\/div>\n<\/div>\n<\/div>\n<\/div>\n<p>Que vous ayez \u00e9t\u00e9 orient\u00e9 vers nous pour un traitement orthop\u00e9dique ou que vous ayez simplement des questions ou des inqui\u00e9tudes concernant votre sant\u00e9 orthop\u00e9dique, n&rsquo;h\u00e9sitez pas \u00e0 contacter notre \u00e9quipe d\u00e9vou\u00e9e 24 heures sur 24 et 7 jours sur 7. Nous sommes l\u00e0 pour vous aider rapidement et avec une r\u00e9elle empathie.<\/p>\n<p>Nous savons que de nombreuses personnes se font soigner dans des centres de soins d&rsquo;urgence et des h\u00f4pitaux pour des blessures li\u00e9es \u00e0 l&rsquo;indemnisation des accidents du travail et \u00e0 l&rsquo;assurance sans \u00e9gard \u00e0 la responsabilit\u00e9. Si votre blessure ne n\u00e9cessite pas une visite \u00e0 l&rsquo;h\u00f4pital, nous sommes tout \u00e0 fait dispos\u00e9s \u00e0 vous offrir un traitement orthop\u00e9dique expert adapt\u00e9 \u00e0 vos besoins. N&rsquo;h\u00e9sitez pas \u00e0 nous contacter au 631-981-2663 pour prendre rendez-vous avec nous d\u00e8s aujourd&rsquo;hui. Votre bien-\u00eatre reste notre priorit\u00e9 absolue et nous nous engageons \u00e0 \u00eatre \u00e0 vos c\u00f4t\u00e9s tout au long de votre parcours vers la gu\u00e9rison.<\/p>\n","protected":false},"excerpt":{"rendered":"<p>Nakul Karkare&rsquo;s Orthopedic Care : Votre partenaire de confiance en mati\u00e8re de soins orthop\u00e9diques \u00e0 Hampton Bays, NY Nakul Karkare&rsquo;s Orthopedic Care, votre premi\u00e8re destination pour des soins orthop\u00e9diques exceptionnels. Bien que notre si\u00e8ge se trouve \u00e0 Riverhead (New York), nous sommes ravis d&rsquo;\u00e9tendre nos services orthop\u00e9diques experts et amicaux \u00e0 la communaut\u00e9 dynamique de [&hellip;]<\/p>\n","protected":false},"author":33,"featured_media":0,"parent":17604,"menu_order":0,"comment_status":"closed","ping_status":"closed","template":"","meta":{"_et_pb_use_builder":"","_et_pb_old_content":"","_et_gb_content_width":"","footnotes":""},"class_list":["post-21040","page","type-page","status-publish","hentry"],"yoast_head":"<!-- This site is optimized with the Yoast SEO plugin v27.2 - https:\/\/yoast.com\/product\/yoast-seo-wordpress\/ -->\n<title>Hampton Bays, NY | Best Hip &amp; Knee Surgeon | NY, USA<\/title>\n<meta name=\"description\" content=\"Nakul Karkare&#039;s Orthopedic Care : Votre partenaire de confiance en mati\u00e8re de soins orthop\u00e9diques \u00e0 Hampton Bays, NY Nakul Karkare&#039;s Orthopedic Care,\" \/>\n<meta name=\"robots\" content=\"index, follow, max-snippet:-1, max-image-preview:large, max-video-preview:-1\" \/>\n<link rel=\"canonical\" href=\"https:\/\/www.newyorkhipknee.com\/fr\/contact\/riverhead-meilleur-chirurgien-pour-larthroplastie-du-genou-et-de-la-hanche\/hampton-bays-ny\/\" \/>\n<meta property=\"og:locale\" content=\"fr_FR\" \/>\n<meta property=\"og:type\" content=\"article\" \/>\n<meta property=\"og:title\" content=\"Hampton Bays, NY | Best Hip &amp; Knee Surgeon | NY, USA\" \/>\n<meta property=\"og:description\" content=\"Nakul Karkare&#039;s Orthopedic Care : Votre partenaire de confiance en mati\u00e8re de soins orthop\u00e9diques \u00e0 Hampton Bays, NY Nakul Karkare&#039;s Orthopedic Care,\" \/>\n<meta property=\"og:url\" content=\"https:\/\/www.newyorkhipknee.com\/fr\/contact\/riverhead-meilleur-chirurgien-pour-larthroplastie-du-genou-et-de-la-hanche\/hampton-bays-ny\/\" \/>\n<meta property=\"og:site_name\" content=\"Best Hip &amp; Knee Surgeon | NY, USA\" \/>\n<meta name=\"twitter:card\" content=\"summary_large_image\" \/>\n<meta name=\"twitter:label1\" content=\"Dur\u00e9e de lecture estim\u00e9e\" \/>\n\t<meta name=\"twitter:data1\" content=\"10 minutes\" \/>\n<script type=\"application\/ld+json\" class=\"yoast-schema-graph\">{\"@context\":\"https:\/\/schema.org\",\"@graph\":[{\"@type\":[\"WebPage\",\"MedicalWebPage\"],\"@id\":\"https:\/\/www.newyorkhipknee.com\/fr\/contact\/riverhead-meilleur-chirurgien-pour-larthroplastie-du-genou-et-de-la-hanche\/hampton-bays-ny\/\",\"url\":\"https:\/\/www.newyorkhipknee.com\/fr\/contact\/riverhead-meilleur-chirurgien-pour-larthroplastie-du-genou-et-de-la-hanche\/hampton-bays-ny\/\",\"name\":\"Hampton Bays, NY | Best Hip &amp; Knee Surgeon | NY, USA\",\"isPartOf\":{\"@id\":\"https:\/\/www.newyorkhipknee.com\/fr\/#website\"},\"datePublished\":\"2023-11-10T21:51:08+00:00\",\"description\":\"Nakul Karkare's Orthopedic Care : Votre partenaire de confiance en mati\u00e8re de soins orthop\u00e9diques \u00e0 Hampton Bays, NY Nakul Karkare's Orthopedic Care,\",\"breadcrumb\":{\"@id\":\"https:\/\/www.newyorkhipknee.com\/fr\/contact\/riverhead-meilleur-chirurgien-pour-larthroplastie-du-genou-et-de-la-hanche\/hampton-bays-ny\/#breadcrumb\"},\"inLanguage\":\"fr-FR\",\"potentialAction\":[{\"@type\":\"ReadAction\",\"target\":[\"https:\/\/www.newyorkhipknee.com\/fr\/contact\/riverhead-meilleur-chirurgien-pour-larthroplastie-du-genou-et-de-la-hanche\/hampton-bays-ny\/\"]}]},{\"@type\":\"BreadcrumbList\",\"@id\":\"https:\/\/www.newyorkhipknee.com\/fr\/contact\/riverhead-meilleur-chirurgien-pour-larthroplastie-du-genou-et-de-la-hanche\/hampton-bays-ny\/#breadcrumb\",\"itemListElement\":[{\"@type\":\"ListItem\",\"position\":1,\"name\":\"Home\",\"item\":\"https:\/\/www.newyorkhipknee.com\/fr\/\"},{\"@type\":\"ListItem\",\"position\":2,\"name\":\"CONTACT\",\"item\":\"https:\/\/www.newyorkhipknee.com\/fr\/contact\/\"},{\"@type\":\"ListItem\",\"position\":3,\"name\":\"Riverhead &#8211; Meilleur chirurgien pour l&#8217;arthroplastie du genou et de la hanche\",\"item\":\"https:\/\/www.newyorkhipknee.com\/fr\/contact\/riverhead-meilleur-chirurgien-pour-larthroplastie-du-genou-et-de-la-hanche\/\"},{\"@type\":\"ListItem\",\"position\":4,\"name\":\"Hampton Bays, NY\"}]},{\"@type\":\"WebSite\",\"@id\":\"https:\/\/www.newyorkhipknee.com\/fr\/#website\",\"url\":\"https:\/\/www.newyorkhipknee.com\/fr\/\",\"name\":\"Best Hip & Knee Surgeon | NY, USA\",\"description\":\"\",\"potentialAction\":[{\"@type\":\"SearchAction\",\"target\":{\"@type\":\"EntryPoint\",\"urlTemplate\":\"https:\/\/www.newyorkhipknee.com\/fr\/?s={search_term_string}\"},\"query-input\":{\"@type\":\"PropertyValueSpecification\",\"valueRequired\":true,\"valueName\":\"search_term_string\"}}],\"inLanguage\":\"fr-FR\"}]}<\/script>\n<!-- \/ Yoast SEO plugin. -->","yoast_head_json":{"title":"Hampton Bays, NY | Best Hip &amp; Knee Surgeon | NY, USA","description":"Nakul Karkare's Orthopedic Care : Votre partenaire de confiance en mati\u00e8re de soins orthop\u00e9diques \u00e0 Hampton Bays, NY Nakul Karkare's Orthopedic Care,","robots":{"index":"index","follow":"follow","max-snippet":"max-snippet:-1","max-image-preview":"max-image-preview:large","max-video-preview":"max-video-preview:-1"},"canonical":"https:\/\/www.newyorkhipknee.com\/fr\/contact\/riverhead-meilleur-chirurgien-pour-larthroplastie-du-genou-et-de-la-hanche\/hampton-bays-ny\/","og_locale":"fr_FR","og_type":"article","og_title":"Hampton Bays, NY | Best Hip &amp; Knee Surgeon | NY, USA","og_description":"Nakul Karkare's Orthopedic Care : Votre partenaire de confiance en mati\u00e8re de soins orthop\u00e9diques \u00e0 Hampton Bays, NY Nakul Karkare's Orthopedic Care,","og_url":"https:\/\/www.newyorkhipknee.com\/fr\/contact\/riverhead-meilleur-chirurgien-pour-larthroplastie-du-genou-et-de-la-hanche\/hampton-bays-ny\/","og_site_name":"Best Hip &amp; Knee Surgeon | NY, USA","twitter_card":"summary_large_image","twitter_misc":{"Dur\u00e9e de lecture estim\u00e9e":"10 minutes"},"schema":{"@context":"https:\/\/schema.org","@graph":[{"@type":["WebPage","MedicalWebPage"],"@id":"https:\/\/www.newyorkhipknee.com\/fr\/contact\/riverhead-meilleur-chirurgien-pour-larthroplastie-du-genou-et-de-la-hanche\/hampton-bays-ny\/","url":"https:\/\/www.newyorkhipknee.com\/fr\/contact\/riverhead-meilleur-chirurgien-pour-larthroplastie-du-genou-et-de-la-hanche\/hampton-bays-ny\/","name":"Hampton Bays, NY | Best Hip &amp; Knee Surgeon | NY, USA","isPartOf":{"@id":"https:\/\/www.newyorkhipknee.com\/fr\/#website"},"datePublished":"2023-11-10T21:51:08+00:00","description":"Nakul Karkare's Orthopedic Care : Votre partenaire de confiance en mati\u00e8re de soins orthop\u00e9diques \u00e0 Hampton Bays, NY Nakul Karkare's Orthopedic Care,","breadcrumb":{"@id":"https:\/\/www.newyorkhipknee.com\/fr\/contact\/riverhead-meilleur-chirurgien-pour-larthroplastie-du-genou-et-de-la-hanche\/hampton-bays-ny\/#breadcrumb"},"inLanguage":"fr-FR","potentialAction":[{"@type":"ReadAction","target":["https:\/\/www.newyorkhipknee.com\/fr\/contact\/riverhead-meilleur-chirurgien-pour-larthroplastie-du-genou-et-de-la-hanche\/hampton-bays-ny\/"]}]},{"@type":"BreadcrumbList","@id":"https:\/\/www.newyorkhipknee.com\/fr\/contact\/riverhead-meilleur-chirurgien-pour-larthroplastie-du-genou-et-de-la-hanche\/hampton-bays-ny\/#breadcrumb","itemListElement":[{"@type":"ListItem","position":1,"name":"Home","item":"https:\/\/www.newyorkhipknee.com\/fr\/"},{"@type":"ListItem","position":2,"name":"CONTACT","item":"https:\/\/www.newyorkhipknee.com\/fr\/contact\/"},{"@type":"ListItem","position":3,"name":"Riverhead &#8211; Meilleur chirurgien pour l&#8217;arthroplastie du genou et de la hanche","item":"https:\/\/www.newyorkhipknee.com\/fr\/contact\/riverhead-meilleur-chirurgien-pour-larthroplastie-du-genou-et-de-la-hanche\/"},{"@type":"ListItem","position":4,"name":"Hampton Bays, NY"}]},{"@type":"WebSite","@id":"https:\/\/www.newyorkhipknee.com\/fr\/#website","url":"https:\/\/www.newyorkhipknee.com\/fr\/","name":"Best Hip & Knee Surgeon | NY, USA","description":"","potentialAction":[{"@type":"SearchAction","target":{"@type":"EntryPoint","urlTemplate":"https:\/\/www.newyorkhipknee.com\/fr\/?s={search_term_string}"},"query-input":{"@type":"PropertyValueSpecification","valueRequired":true,"valueName":"search_term_string"}}],"inLanguage":"fr-FR"}]}},"_links":{"self":[{"href":"https:\/\/www.newyorkhipknee.com\/fr\/wp-json\/wp\/v2\/pages\/21040","targetHints":{"allow":["GET"]}}],"collection":[{"href":"https:\/\/www.newyorkhipknee.com\/fr\/wp-json\/wp\/v2\/pages"}],"about":[{"href":"https:\/\/www.newyorkhipknee.com\/fr\/wp-json\/wp\/v2\/types\/page"}],"author":[{"embeddable":true,"href":"https:\/\/www.newyorkhipknee.com\/fr\/wp-json\/wp\/v2\/users\/33"}],"replies":[{"embeddable":true,"href":"https:\/\/www.newyorkhipknee.com\/fr\/wp-json\/wp\/v2\/comments?post=21040"}],"version-history":[{"count":0,"href":"https:\/\/www.newyorkhipknee.com\/fr\/wp-json\/wp\/v2\/pages\/21040\/revisions"}],"up":[{"embeddable":true,"href":"https:\/\/www.newyorkhipknee.com\/fr\/wp-json\/wp\/v2\/pages\/17604"}],"wp:attachment":[{"href":"https:\/\/www.newyorkhipknee.com\/fr\/wp-json\/wp\/v2\/media?parent=21040"}],"curies":[{"name":"wp","href":"https:\/\/api.w.org\/{rel}","templated":true}]}}