{"id":21049,"date":"2023-11-10T16:53:50","date_gmt":"2023-11-10T21:53:50","guid":{"rendered":"https:\/\/newyorkhipknee.com\/contact\/riverhead-meilleur-chirurgien-pour-larthroplastie-du-genou-et-de-la-hanche\/manorville-ny\/"},"modified":"2023-11-10T16:53:50","modified_gmt":"2023-11-10T21:53:50","slug":"manorville-ny","status":"publish","type":"page","link":"https:\/\/www.newyorkhipknee.com\/fr\/contact\/riverhead-meilleur-chirurgien-pour-larthroplastie-du-genou-et-de-la-hanche\/manorville-ny\/","title":{"rendered":"Manorville, NY"},"content":{"rendered":"<h1><strong>Dr. Nakul Karkare Orthopedic Excellence : Votre partenaire de confiance pour les soins orthop\u00e9diques \u00e0 Manorville, NY<\/strong><\/h1>\n<p>Bienvenue chez Dr Karkare Orthopedic Excellence, o\u00f9 nous sommes fiers d&rsquo;\u00eatre votre premier fournisseur de soins orthop\u00e9diques, offrant nos services exceptionnels aux r\u00e9sidents de Manorville, NY.<\/p>\n<p>Bien que notre \u00e9tablissement principal soit situ\u00e9 \u00e0 <a href=\"https:\/\/newyorkhipknee.com\/contact\/riverhead-orthopedic-surgeon\/\" target=\"_blank\" rel=\"noopener\">Riverhead<\/a>, NY, notre engagement \u00e0 fournir des soins orthop\u00e9diques de haute qualit\u00e9 \u00e0 la communaut\u00e9 de Commack reste in\u00e9branlable.<\/p>\n<p>Chez Orthopedic Excellence, nous accordons la priorit\u00e9 \u00e0 votre bien-\u00eatre orthop\u00e9dique et notre mission est d&rsquo;\u00eatre votre partenaire de confiance pour am\u00e9liorer votre mobilit\u00e9, r\u00e9duire la douleur et am\u00e9liorer votre qualit\u00e9 de vie.<\/p>\n<p>Voici pourquoi vous devriez consid\u00e9rer le Dr Nakul Karkare Orthopedic Excellence :<\/p>\n<p><strong>Des soins orthop\u00e9diques de qualit\u00e9 :<\/strong> Notre \u00e9quipe est compos\u00e9e de sp\u00e9cialistes en orthop\u00e9die hautement qualifi\u00e9s qui s&rsquo;attachent \u00e0 fournir des soins de la plus haute qualit\u00e9. Gr\u00e2ce \u00e0 leurs connaissances approfondies et \u00e0 leur expertise, nous pouvons diagnostiquer et traiter efficacement un large \u00e9ventail d&rsquo;affections orthop\u00e9diques.<\/p>\n<p><strong>Traitement personnalis\u00e9 :<\/strong> Nous savons que chaque patient est unique et nos plans de traitement sont m\u00e9ticuleusement adapt\u00e9s \u00e0 vos besoins et aspirations sp\u00e9cifiques. Votre chemin vers la gu\u00e9rison est aussi individuel que vous l&rsquo;\u00eates.<\/p>\n<p><strong>Un acc\u00e8s pratique :<\/strong> Bien que notre \u00e9tablissement principal soit situ\u00e9 \u00e0 Riverhead, notre engagement envers la communaut\u00e9 de Manorville garantit que d&rsquo;excellents soins orthop\u00e9diques ne sont jamais tr\u00e8s loin. Nous croyons fermement que tout le monde devrait avoir acc\u00e8s \u00e0 des services orthop\u00e9diques de premier ordre.<\/p>\n<p>Votre sant\u00e9 orthop\u00e9dique et votre bien-\u00eatre g\u00e9n\u00e9ral sont au c\u0153ur de nos pr\u00e9occupations. Que vous souffriez de douleurs articulaires, de blessures li\u00e9es au sport, de fractures ou de tout autre probl\u00e8me orthop\u00e9dique, nous sommes l\u00e0 pour vous aider \u00e0 mener une vie plus \u00e9panouie.<\/p>\n<p>Si vous recherchez des soins orthop\u00e9diques \u00e0 Manorville, NY, n&rsquo;h\u00e9sitez pas \u00e0 nous contacter. Nous sommes impatients de devenir votre partenaire sur le chemin d&rsquo;une vie plus saine et plus active.<\/p>\n<p><strong>\u00c0 propos du Dr Nakul Karkare :<\/strong> Le Dr Nakul Karkare est un chirurgien orthop\u00e9dique certifi\u00e9 par le conseil d&rsquo;administration qui poss\u00e8de une grande exp\u00e9rience et une grande expertise dans la fourniture de soins orthop\u00e9diques exceptionnels.<\/p>\n<p>Titulaire de nombreuses certifications et adepte des techniques chirurgicales avanc\u00e9es, le docteur Karkare s&rsquo;engage \u00e0 ce que les patients re\u00e7oivent des soins de la plus haute qualit\u00e9, adapt\u00e9s \u00e0 leurs besoins particuliers.<\/p>\n<p>Son approche centr\u00e9e sur le patient et ses solutions innovantes sont \u00e0 la pointe de l&rsquo;excellence orthop\u00e9dique, ce qui fait de lui un nom de confiance dans le domaine. Lorsque vous choisissez l&rsquo;Excellence Orthop\u00e9dique, vous choisissez les conseils experts et les soins personnalis\u00e9s du Dr Karkare pour vous aider \u00e0 atteindre une sant\u00e9 et un bien-\u00eatre orthop\u00e9diques optimaux.<\/p>\n<p>&nbsp;<\/p>\n<h2>Nous sommes heureux de proposer ces services orthop\u00e9diques complets \u00e0 Manorville, NY :<\/h2>\n<h2><a role=\"link\" href=\"https:\/\/www.cortho.org\/hip\/total-hip-replacement\/\" target=\"_blank\" rel=\"noopener\"><strong>1. Chirurgie de remplacement de la hanche :<\/strong><\/a><\/h2>\n<p><strong>Objectif<\/strong>: L&rsquo;arthroplastie de la hanche est recommand\u00e9e pour les personnes dont l&rsquo;articulation de la hanche est endommag\u00e9e par des maladies telles que l&rsquo;arthrose, la polyarthrite rhumato\u00efde ou des fractures. L&rsquo;objectif est de soulager la douleur, de r\u00e9tablir la mobilit\u00e9 et d&rsquo;am\u00e9liorer la qualit\u00e9 de vie en g\u00e9n\u00e9ral.<\/p>\n<p><strong>Proc\u00e9dure<\/strong>: Il existe deux principaux types de proth\u00e8ses de hanche : la proth\u00e8se totale de hanche (PTH) et la proth\u00e8se partielle de hanche (h\u00e9miarthroplastie). La THR consiste \u00e0 remplacer \u00e0 la fois la rotule et la cavit\u00e9 de l&rsquo;articulation de la hanche, tandis que l&rsquo;h\u00e9miarthroplastie ne remplace que la rotule.<\/p>\n<p><strong>Implants<\/strong>: Les composants de l&rsquo;articulation artificielle de la hanche sont g\u00e9n\u00e9ralement fabriqu\u00e9s \u00e0 partir de mat\u00e9riaux tels que le m\u00e9tal, le plastique ou la c\u00e9ramique, choisis en fonction de l&rsquo;\u00e2ge du patient, de son niveau d&rsquo;activit\u00e9 et de ses besoins sp\u00e9cifiques.<\/p>\n<p><strong>R\u00e9cup\u00e9ration<\/strong>: Apr\u00e8s l&rsquo;op\u00e9ration, les patients suivent une th\u00e9rapie physique pour retrouver leur force et leur mobilit\u00e9, ce qui permet de r\u00e9duire la douleur et d&rsquo;am\u00e9liorer le fonctionnement de la hanche.<\/p>\n<p>&nbsp;<\/p>\n<h2><a role=\"link\" href=\"https:\/\/www.cortho.org\/knee\/custom-knee-replacement\/\" target=\"_blank\" rel=\"noopener\"><strong>2. Remplacement du genou sur mesure :<\/strong><\/a><\/h2>\n<p><strong>Objectif<\/strong>: L&rsquo;arthroplastie du genou sur mesure offre une approche personnalis\u00e9e de l&rsquo;arthroplastie du genou, adapt\u00e9e aux personnes souffrant de douleurs s\u00e9v\u00e8res au genou ou de l\u00e9sions articulaires ne r\u00e9pondant pas aux traitements conservateurs.<\/p>\n<p><strong>Proc\u00e9dure<\/strong>: L&rsquo;imagerie avanc\u00e9e et la mod\u00e9lisation informatique \u00e9valuent l&rsquo;anatomie du genou du patient avant l&rsquo;op\u00e9ration, ce qui permet de concevoir un implant de genou sur mesure, adapt\u00e9 \u00e0 l&rsquo;anatomie unique du patient.<\/p>\n<p><strong>Avantages<\/strong>: Les proth\u00e8ses de genou sur mesure permettent souvent d&rsquo;am\u00e9liorer l&rsquo;alignement et la stabilit\u00e9 et de r\u00e9duire la douleur par rapport aux proth\u00e8ses de genou standard.<\/p>\n<p><strong>R\u00e9tablissement<\/strong>: Le processus de gu\u00e9rison comprend une th\u00e9rapie physique pour retrouver la force et l&rsquo;amplitude des mouvements du genou, ce qui se traduit g\u00e9n\u00e9ralement par une r\u00e9duction de la douleur et une am\u00e9lioration de la fonction du genou.<\/p>\n<p>&nbsp;<\/p>\n<h1>\u00c0 propos de Manorville<\/h1>\n<p>Manorville, NY est une petite ville situ\u00e9e dans le comt\u00e9 de Suffolk, Long Island. Malgr\u00e9 sa petite taille, Manorville a beaucoup \u00e0 offrir, des activit\u00e9s de plein air aux services d&rsquo;am\u00e9lioration de l&rsquo;habitat. Voici quelques informations int\u00e9ressantes sur Manorville :<\/p>\n<p>1. Waterdrinker&rsquo;s Family Farm Adventure Waterdrinker&rsquo;s Family Farm Adventure est une attraction populaire \u00e0 Manorville. Il s&rsquo;agit d&rsquo;une ferme de 15 acres qui offre une vari\u00e9t\u00e9 d&rsquo;activit\u00e9s pour toute la famille. Parmi les activit\u00e9s propos\u00e9es, citons<\/p>\n<p>&#8211; Centre de jardinage : Waterdrinker&rsquo;s propose un grand choix de plantes, de fleurs et de mat\u00e9riel de jardinage.<br \/>\n&#8211; Animaux de la basse-cour : Les visiteurs peuvent interagir avec les animaux de la ferme tels que les ch\u00e8vres, les moutons et les poulets.<br \/>\n&#8211; Minigolf : La ferme dispose d&rsquo;un parcours de minigolf pour tous les \u00e2ges.<br \/>\n&#8211; Terrain de jeux en bois : Les enfants peuvent s&rsquo;amuser sur les structures de jeux en bois et les balan\u00e7oires.<\/p>\n<p>2. Festival de l&rsquo;ail de Long Island<br \/>\nLe festival de l&rsquo;ail de Long Island est un \u00e9v\u00e9nement annuel qui se tient \u00e0 Manorville. Il s&rsquo;agit d&rsquo;une c\u00e9l\u00e9bration de tout ce qui a trait \u00e0 l&rsquo;ail, avec de la musique en direct, des camions de nourriture et des vendeurs de produits li\u00e9s \u00e0 l&rsquo;ail. Le festival se tient en septembre et constitue un excellent moyen de lancer la saison automnale.<\/p>\n<p>3. Kamco Roofing Inc.<br \/>\nKamco Roofing Inc. est une entreprise de couverture tr\u00e8s appr\u00e9ci\u00e9e \u00e0 Manorville. Ils offrent une vari\u00e9t\u00e9 de services de toiture, y compris des r\u00e9parations, des remplacements et des installations. Ils ont re\u00e7u de nombreuses critiques positives de la part de clients satisfaits et sont r\u00e9put\u00e9s pour la qualit\u00e9 de leur travail.<\/p>\n<p>4. Monk&rsquo;s Home Improvements<br \/>\nMonk&rsquo;s Home Improvements est une entreprise de r\u00e9novation de maisons qui dessert Manorville et ses environs. Ils proposent une large gamme de services, notamment la r\u00e9novation de cuisines et de salles de bains, la peinture et la menuiserie. Ils ont re\u00e7u de nombreuses critiques positives de la part de clients satisfaits et sont r\u00e9put\u00e9s pour leur souci du d\u00e9tail.<\/p>\n<p>5. Coll\u00e8ge pour inventeurs<br \/>\nManorville a \u00e9t\u00e9 mentionn\u00e9 dans un magazine des ann\u00e9es 1930 intitul\u00e9 \u00ab\u00a0College for inventors\u00a0\u00bb[4]. Le magazine annon\u00e7ait un service de petites annonces pour les inventeurs et indiquait une adresse \u00e0 New York pour ce service. Bien que le magazine ne soit plus en circulation, il est int\u00e9ressant de noter que Manorville a \u00e9t\u00e9 mentionn\u00e9 dans une publication nationale.<\/p>\n<p>6. Festival du tournesol de Waterdrinker<br \/>\nLe Waterdrinker&rsquo;s Sunflower Festival est un autre \u00e9v\u00e9nement populaire organis\u00e9 \u00e0 la ferme. Il s&rsquo;agit d&rsquo;une c\u00e9l\u00e9bration des magnifiques tournesols qui poussent sur la ferme, avec des hectares de tournesols, de la musique en direct et des camions de nourriture. Le festival a lieu au mois d&rsquo;ao\u00fbt et constitue un excellent moyen de profiter du temps estival.<\/p>\n<p>En conclusion, Manorville, NY est peut-\u00eatre une petite ville, mais elle a beaucoup \u00e0 offrir. Des activit\u00e9s familiales aux services d&rsquo;am\u00e9lioration de l&rsquo;habitat, il y en a pour tous les go\u00fbts \u00e0 Manorville. Que vous soyez r\u00e9sident local ou de passage, ne manquez pas de d\u00e9couvrir les attractions et \u00e9v\u00e9nements uniques de la ville.<\/p>\n<p>&nbsp;<\/p>\n<h2>Directions<\/h2>\n<p>Pour se rendre \u00e0 Complete Orthopedics au 887 Old Country Rd. SUITE A, Riverhead, NY 11901 depuis Manorville, NY, vous pouvez suivre ces indications :<\/p>\n<p>1. Prendre la direction est sur NY-27 E\/Main St vers Ryerson Ave.<br \/>\n2. Tourner \u00e0 gauche sur Ryerson Ave.<br \/>\n3. Tourner \u00e0 droite sur Chapman Blvd.<br \/>\n4. Tourner \u00e0 gauche sur Wading River Manor Rd.<br \/>\n5. Tourner \u00e0 droite sur NY-25 W\/Middle Country Rd.<br \/>\n6. Tourner \u00e0 gauche sur Wading River Manor Rd.<br \/>\n7. Tourner \u00e0 droite sur NY-25 W\/Middle Country Rd.<br \/>\n8. Tourner \u00e0 gauche sur Old Country Rd.<br \/>\n9. Complete Orthopedics se trouve sur la droite au 887 Old Country Rd. SUITE A.<\/p>\n<p>La distance totale est d&rsquo;environ 11,5 miles et devrait prendre environ 20 minutes, en fonction du trafic.<\/p>\n<p>&nbsp;<\/p>\n<h2>Soins de sant\u00e9 pr\u00e8s de Manorville<\/h2>\n<p><strong>Pharmacies :<\/strong><br \/>\n&#8211; CVS Pharmacy, 460 County Rd 111, Manorville, NY 11949<br \/>\n&#8211; Rite Aid Pharmacy, 460 County Rd 111, Manorville, NY 11949<br \/>\n&#8211; Walgreens Pharmacy, 655 Montauk Hwy, East Patchogue, NY 11772<\/p>\n<p><strong>Centres de radiologie :<\/strong><br \/>\n&#8211; Centre m\u00e9dical de Peconic Bay \u00e0 Manorville, 496 County Rd 111, Manorville, NY 11949<br \/>\n&#8211; Northwell Health Grossman Imaging at Manorville, 496 County Rd 111, Manorville, NY 11949<br \/>\n&#8211; East End Radiology, 133 E Main St, Riverhead, NY 11901<\/p>\n<p><strong>Centres de soins d&rsquo;urgence :<\/strong><br \/>\n&#8211; LI Urgent Care, Manorville, 383 Sunrise Service Rd N, Manorville, NY 11949<br \/>\n&#8211; PBMC Health Immediate Care Center, 496 County Rd 111, Manorville, NY 11949<br \/>\n&#8211; Stat Health Immediate Medical Care, 411 W Main St, Riverhead, NY 11901<\/p>\n<p><strong>H\u00f4pitaux :<\/strong><br \/>\n&#8211; Centre m\u00e9dical de Peconic Bay, 1300 Roanoke Ave, Riverhead, NY 11901<br \/>\n&#8211; H\u00f4pital communautaire de Long Island, 101 Hospital Rd, Patchogue, NY 11772<br \/>\n&#8211; Centre m\u00e9dical de l&rsquo;h\u00f4pital Brookhaven Memorial, 101 Hospital Rd, Patchogue, NY 11772<\/p>\n<p>Ces pharmacies, centres de radiologie, centres de soins urgents et h\u00f4pitaux se trouvent tous \u00e0 une distance raisonnable de Manorville, NY et peuvent fournir des soins et des services m\u00e9dicaux \u00e0 la communaut\u00e9.<\/p>\n<p>&nbsp;<\/p>\n<p>&nbsp;<\/p>\n<div id=\"main-content\">\n<div class=\"container\">\n<div id=\"content-area\" class=\"clearfix\">\n<div id=\"left-area\">\n<article id=\"post-33451\" class=\"post-33451 page type-page status-publish has-post-thumbnail hentry\">\n<div class=\"entry-content\">\n<p>Au c\u0153ur de notre mission se trouve la fourniture de soins orthop\u00e9diques complets aux patients de notre communaut\u00e9, y compris ceux mentionn\u00e9s plus haut. Que vous nous adressiez une demande de traitement orthop\u00e9dique ou que vous recherchiez des conseils pour tout probl\u00e8me orthop\u00e9dique, notre \u00e9quipe d\u00e9vou\u00e9e, disponible 24 heures sur 24 et 7 jours sur 7, est toujours \u00e0 votre disposition. Nous sommes l\u00e0 pour vous apporter une aide rapide et bienveillante.<\/p>\n<p>Nous savons que de nombreuses personnes se font soigner dans des centres de soins d&rsquo;urgence et des h\u00f4pitaux pour des blessures li\u00e9es au travail et couvertes par l&rsquo;assurance contre les accidents du travail et l&rsquo;assurance sans \u00e9gard \u00e0 la responsabilit\u00e9. Si votre blessure ne n\u00e9cessite pas une visite \u00e0 l&rsquo;h\u00f4pital, nous serons ravis de vous proposer un traitement orthop\u00e9dique sp\u00e9cialis\u00e9 adapt\u00e9 \u00e0 votre cas particulier. N&rsquo;h\u00e9sitez pas \u00e0 nous contacter au 631-981-2663 pour prendre rendez-vous d\u00e8s aujourd&rsquo;hui. Votre bien-\u00eatre reste notre priorit\u00e9 absolue.<\/p>\n<\/div>\n<\/article>\n<\/div>\n<div id=\"sidebar\">\n<div id=\"text-14\" class=\"et_pb_widget widget_text\"><\/div>\n<\/div>\n<\/div>\n<\/div>\n<\/div>\n<footer id=\"main-footer\">\n<div class=\"container\">\n<div id=\"footer-widgets\" class=\"clearfix\">\n<div class=\"footer-widget\">\n<div id=\"text-12\" class=\"fwidget et_pb_widget widget_text\">\n<div class=\"textwidget\"><\/div>\n<\/div>\n<\/div>\n<\/div>\n<\/div>\n<\/footer>\n","protected":false},"excerpt":{"rendered":"<p>Dr. Nakul Karkare Orthopedic Excellence : Votre partenaire de confiance pour les soins orthop\u00e9diques \u00e0 Manorville, NY Bienvenue chez Dr Karkare Orthopedic Excellence, o\u00f9 nous sommes fiers d&rsquo;\u00eatre votre premier fournisseur de soins orthop\u00e9diques, offrant nos services exceptionnels aux r\u00e9sidents de Manorville, NY. Bien que notre \u00e9tablissement principal soit situ\u00e9 \u00e0 Riverhead, NY, notre engagement [&hellip;]<\/p>\n","protected":false},"author":33,"featured_media":0,"parent":17604,"menu_order":0,"comment_status":"closed","ping_status":"closed","template":"","meta":{"_et_pb_use_builder":"","_et_pb_old_content":"","_et_gb_content_width":"","footnotes":""},"class_list":["post-21049","page","type-page","status-publish","hentry"],"yoast_head":"<!-- This site is optimized with the Yoast SEO plugin v27.2 - https:\/\/yoast.com\/product\/yoast-seo-wordpress\/ -->\n<title>Manorville, NY | Best Hip &amp; Knee Surgeon | NY, USA<\/title>\n<meta name=\"description\" content=\"Dr. Nakul Karkare Orthopedic Excellence : Votre partenaire de confiance pour les soins orthop\u00e9diques \u00e0 Manorville, NY Bienvenue chez Dr Karkare Orthopedic\" \/>\n<meta name=\"robots\" content=\"index, follow, max-snippet:-1, max-image-preview:large, max-video-preview:-1\" \/>\n<link rel=\"canonical\" href=\"https:\/\/www.newyorkhipknee.com\/fr\/contact\/riverhead-meilleur-chirurgien-pour-larthroplastie-du-genou-et-de-la-hanche\/manorville-ny\/\" \/>\n<meta property=\"og:locale\" content=\"fr_FR\" \/>\n<meta property=\"og:type\" content=\"article\" \/>\n<meta property=\"og:title\" content=\"Manorville, NY | Best Hip &amp; Knee Surgeon | NY, USA\" \/>\n<meta property=\"og:description\" content=\"Dr. Nakul Karkare Orthopedic Excellence : Votre partenaire de confiance pour les soins orthop\u00e9diques \u00e0 Manorville, NY Bienvenue chez Dr Karkare Orthopedic\" \/>\n<meta property=\"og:url\" content=\"https:\/\/www.newyorkhipknee.com\/fr\/contact\/riverhead-meilleur-chirurgien-pour-larthroplastie-du-genou-et-de-la-hanche\/manorville-ny\/\" \/>\n<meta property=\"og:site_name\" content=\"Best Hip &amp; Knee Surgeon | NY, USA\" \/>\n<meta name=\"twitter:card\" content=\"summary_large_image\" \/>\n<meta name=\"twitter:label1\" content=\"Dur\u00e9e de lecture estim\u00e9e\" \/>\n\t<meta name=\"twitter:data1\" content=\"9 minutes\" \/>\n<script type=\"application\/ld+json\" class=\"yoast-schema-graph\">{\"@context\":\"https:\/\/schema.org\",\"@graph\":[{\"@type\":[\"WebPage\",\"MedicalWebPage\"],\"@id\":\"https:\/\/www.newyorkhipknee.com\/fr\/contact\/riverhead-meilleur-chirurgien-pour-larthroplastie-du-genou-et-de-la-hanche\/manorville-ny\/\",\"url\":\"https:\/\/www.newyorkhipknee.com\/fr\/contact\/riverhead-meilleur-chirurgien-pour-larthroplastie-du-genou-et-de-la-hanche\/manorville-ny\/\",\"name\":\"Manorville, NY | Best Hip &amp; Knee Surgeon | NY, USA\",\"isPartOf\":{\"@id\":\"https:\/\/www.newyorkhipknee.com\/fr\/#website\"},\"datePublished\":\"2023-11-10T21:53:50+00:00\",\"description\":\"Dr. Nakul Karkare Orthopedic Excellence : Votre partenaire de confiance pour les soins orthop\u00e9diques \u00e0 Manorville, NY Bienvenue chez Dr Karkare Orthopedic\",\"breadcrumb\":{\"@id\":\"https:\/\/www.newyorkhipknee.com\/fr\/contact\/riverhead-meilleur-chirurgien-pour-larthroplastie-du-genou-et-de-la-hanche\/manorville-ny\/#breadcrumb\"},\"inLanguage\":\"fr-FR\",\"potentialAction\":[{\"@type\":\"ReadAction\",\"target\":[\"https:\/\/www.newyorkhipknee.com\/fr\/contact\/riverhead-meilleur-chirurgien-pour-larthroplastie-du-genou-et-de-la-hanche\/manorville-ny\/\"]}]},{\"@type\":\"BreadcrumbList\",\"@id\":\"https:\/\/www.newyorkhipknee.com\/fr\/contact\/riverhead-meilleur-chirurgien-pour-larthroplastie-du-genou-et-de-la-hanche\/manorville-ny\/#breadcrumb\",\"itemListElement\":[{\"@type\":\"ListItem\",\"position\":1,\"name\":\"Home\",\"item\":\"https:\/\/www.newyorkhipknee.com\/fr\/\"},{\"@type\":\"ListItem\",\"position\":2,\"name\":\"CONTACT\",\"item\":\"https:\/\/www.newyorkhipknee.com\/fr\/contact\/\"},{\"@type\":\"ListItem\",\"position\":3,\"name\":\"Riverhead &#8211; Meilleur chirurgien pour l&#8217;arthroplastie du genou et de la hanche\",\"item\":\"https:\/\/www.newyorkhipknee.com\/fr\/contact\/riverhead-meilleur-chirurgien-pour-larthroplastie-du-genou-et-de-la-hanche\/\"},{\"@type\":\"ListItem\",\"position\":4,\"name\":\"Manorville, NY\"}]},{\"@type\":\"WebSite\",\"@id\":\"https:\/\/www.newyorkhipknee.com\/fr\/#website\",\"url\":\"https:\/\/www.newyorkhipknee.com\/fr\/\",\"name\":\"Best Hip & Knee Surgeon | NY, USA\",\"description\":\"\",\"potentialAction\":[{\"@type\":\"SearchAction\",\"target\":{\"@type\":\"EntryPoint\",\"urlTemplate\":\"https:\/\/www.newyorkhipknee.com\/fr\/?s={search_term_string}\"},\"query-input\":{\"@type\":\"PropertyValueSpecification\",\"valueRequired\":true,\"valueName\":\"search_term_string\"}}],\"inLanguage\":\"fr-FR\"}]}<\/script>\n<!-- \/ Yoast SEO plugin. -->","yoast_head_json":{"title":"Manorville, NY | Best Hip &amp; Knee Surgeon | NY, USA","description":"Dr. Nakul Karkare Orthopedic Excellence : Votre partenaire de confiance pour les soins orthop\u00e9diques \u00e0 Manorville, NY Bienvenue chez Dr Karkare Orthopedic","robots":{"index":"index","follow":"follow","max-snippet":"max-snippet:-1","max-image-preview":"max-image-preview:large","max-video-preview":"max-video-preview:-1"},"canonical":"https:\/\/www.newyorkhipknee.com\/fr\/contact\/riverhead-meilleur-chirurgien-pour-larthroplastie-du-genou-et-de-la-hanche\/manorville-ny\/","og_locale":"fr_FR","og_type":"article","og_title":"Manorville, NY | Best Hip &amp; Knee Surgeon | NY, USA","og_description":"Dr. Nakul Karkare Orthopedic Excellence : Votre partenaire de confiance pour les soins orthop\u00e9diques \u00e0 Manorville, NY Bienvenue chez Dr Karkare Orthopedic","og_url":"https:\/\/www.newyorkhipknee.com\/fr\/contact\/riverhead-meilleur-chirurgien-pour-larthroplastie-du-genou-et-de-la-hanche\/manorville-ny\/","og_site_name":"Best Hip &amp; Knee Surgeon | NY, USA","twitter_card":"summary_large_image","twitter_misc":{"Dur\u00e9e de lecture estim\u00e9e":"9 minutes"},"schema":{"@context":"https:\/\/schema.org","@graph":[{"@type":["WebPage","MedicalWebPage"],"@id":"https:\/\/www.newyorkhipknee.com\/fr\/contact\/riverhead-meilleur-chirurgien-pour-larthroplastie-du-genou-et-de-la-hanche\/manorville-ny\/","url":"https:\/\/www.newyorkhipknee.com\/fr\/contact\/riverhead-meilleur-chirurgien-pour-larthroplastie-du-genou-et-de-la-hanche\/manorville-ny\/","name":"Manorville, NY | Best Hip &amp; Knee Surgeon | NY, USA","isPartOf":{"@id":"https:\/\/www.newyorkhipknee.com\/fr\/#website"},"datePublished":"2023-11-10T21:53:50+00:00","description":"Dr. Nakul Karkare Orthopedic Excellence : Votre partenaire de confiance pour les soins orthop\u00e9diques \u00e0 Manorville, NY Bienvenue chez Dr Karkare Orthopedic","breadcrumb":{"@id":"https:\/\/www.newyorkhipknee.com\/fr\/contact\/riverhead-meilleur-chirurgien-pour-larthroplastie-du-genou-et-de-la-hanche\/manorville-ny\/#breadcrumb"},"inLanguage":"fr-FR","potentialAction":[{"@type":"ReadAction","target":["https:\/\/www.newyorkhipknee.com\/fr\/contact\/riverhead-meilleur-chirurgien-pour-larthroplastie-du-genou-et-de-la-hanche\/manorville-ny\/"]}]},{"@type":"BreadcrumbList","@id":"https:\/\/www.newyorkhipknee.com\/fr\/contact\/riverhead-meilleur-chirurgien-pour-larthroplastie-du-genou-et-de-la-hanche\/manorville-ny\/#breadcrumb","itemListElement":[{"@type":"ListItem","position":1,"name":"Home","item":"https:\/\/www.newyorkhipknee.com\/fr\/"},{"@type":"ListItem","position":2,"name":"CONTACT","item":"https:\/\/www.newyorkhipknee.com\/fr\/contact\/"},{"@type":"ListItem","position":3,"name":"Riverhead &#8211; Meilleur chirurgien pour l&#8217;arthroplastie du genou et de la hanche","item":"https:\/\/www.newyorkhipknee.com\/fr\/contact\/riverhead-meilleur-chirurgien-pour-larthroplastie-du-genou-et-de-la-hanche\/"},{"@type":"ListItem","position":4,"name":"Manorville, NY"}]},{"@type":"WebSite","@id":"https:\/\/www.newyorkhipknee.com\/fr\/#website","url":"https:\/\/www.newyorkhipknee.com\/fr\/","name":"Best Hip & Knee Surgeon | NY, USA","description":"","potentialAction":[{"@type":"SearchAction","target":{"@type":"EntryPoint","urlTemplate":"https:\/\/www.newyorkhipknee.com\/fr\/?s={search_term_string}"},"query-input":{"@type":"PropertyValueSpecification","valueRequired":true,"valueName":"search_term_string"}}],"inLanguage":"fr-FR"}]}},"_links":{"self":[{"href":"https:\/\/www.newyorkhipknee.com\/fr\/wp-json\/wp\/v2\/pages\/21049","targetHints":{"allow":["GET"]}}],"collection":[{"href":"https:\/\/www.newyorkhipknee.com\/fr\/wp-json\/wp\/v2\/pages"}],"about":[{"href":"https:\/\/www.newyorkhipknee.com\/fr\/wp-json\/wp\/v2\/types\/page"}],"author":[{"embeddable":true,"href":"https:\/\/www.newyorkhipknee.com\/fr\/wp-json\/wp\/v2\/users\/33"}],"replies":[{"embeddable":true,"href":"https:\/\/www.newyorkhipknee.com\/fr\/wp-json\/wp\/v2\/comments?post=21049"}],"version-history":[{"count":0,"href":"https:\/\/www.newyorkhipknee.com\/fr\/wp-json\/wp\/v2\/pages\/21049\/revisions"}],"up":[{"embeddable":true,"href":"https:\/\/www.newyorkhipknee.com\/fr\/wp-json\/wp\/v2\/pages\/17604"}],"wp:attachment":[{"href":"https:\/\/www.newyorkhipknee.com\/fr\/wp-json\/wp\/v2\/media?parent=21049"}],"curies":[{"name":"wp","href":"https:\/\/api.w.org\/{rel}","templated":true}]}}