{"id":21050,"date":"2023-11-08T13:13:39","date_gmt":"2023-11-08T18:13:39","guid":{"rendered":"https:\/\/newyorkhipknee.com\/contact\/patchogue-meilleur-chirurgien-pour-larthroplastie-de-la-hanche-et-du-genou\/oakdale-ny\/"},"modified":"2023-11-08T13:13:39","modified_gmt":"2023-11-08T18:13:39","slug":"oakdale-ny","status":"publish","type":"page","link":"https:\/\/www.newyorkhipknee.com\/fr\/contact\/patchogue-meilleur-chirurgien-pour-larthroplastie-de-la-hanche-et-du-genou\/oakdale-ny\/","title":{"rendered":"Oakdale, NY"},"content":{"rendered":"<h1><strong>Dr. Nakul Karkare Orthopedic Excellence : Votre partenaire de confiance pour les soins orthop\u00e9diques \u00e0 Oakdale<\/strong><strong>NY<\/strong><\/h1>\n<p>Bienvenue chez Dr Karkare Orthopedic Excellence, o\u00f9 nous sommes fiers d&rsquo;\u00eatre votre premier fournisseur de soins orthop\u00e9diques, offrant nos services exceptionnels aux r\u00e9sidents d&rsquo;Oakdale, NY.<\/p>\n<p>Bien que notre \u00e9tablissement principal soit situ\u00e9 \u00e0 <a href=\"https:\/\/newyorkhipknee.com\/contact\/patchogue-orthopedic-surgeon\/about-patchogue-ny\/\" target=\"_blank\" rel=\"noopener\">Patchoge, NY,<\/a> notre engagement \u00e0 fournir des soins orthop\u00e9diques de haute qualit\u00e9 \u00e0 la communaut\u00e9 d&rsquo;Oakdale reste in\u00e9branlable.<\/p>\n<p>Le docteur Nakul Karkare donnera toujours la priorit\u00e9 \u00e0 votre bien-\u00eatre orthop\u00e9dique, et notre mission est d&rsquo;\u00eatre votre partenaire de confiance pour am\u00e9liorer votre mobilit\u00e9, r\u00e9duire la douleur et am\u00e9liorer votre qualit\u00e9 de vie.<\/p>\n<h2>Voici pourquoi vous devriez consid\u00e9rer le Dr Nakul Karkare Orthopedic Excellence :<\/h2>\n<p><strong>Des soins orthop\u00e9diques de qualit\u00e9 :<\/strong> Notre \u00e9quipe est compos\u00e9e de sp\u00e9cialistes en orthop\u00e9die hautement qualifi\u00e9s qui s&rsquo;attachent \u00e0 fournir des soins de la plus haute qualit\u00e9. Gr\u00e2ce \u00e0 leurs connaissances approfondies et \u00e0 leur expertise, nous pouvons diagnostiquer et traiter efficacement un large \u00e9ventail d&rsquo;affections orthop\u00e9diques.<\/p>\n<p><strong>Traitement personnalis\u00e9 :<\/strong> Nous savons que chaque patient est unique et nos plans de traitement sont m\u00e9ticuleusement adapt\u00e9s \u00e0 vos besoins et aspirations sp\u00e9cifiques. Votre chemin vers la gu\u00e9rison est aussi individuel que vous l&rsquo;\u00eates.<\/p>\n<p><strong>Un acc\u00e8s pratique :<\/strong> Bien que notre \u00e9tablissement principal soit situ\u00e9 \u00e0 Lindenhurts, notre engagement envers la communaut\u00e9 de Commack garantit que d&rsquo;excellents soins orthop\u00e9diques ne sont jamais tr\u00e8s loin. Nous croyons fermement que tout le monde devrait avoir acc\u00e8s \u00e0 des services orthop\u00e9diques de premier ordre.<\/p>\n<p>Votre sant\u00e9 orthop\u00e9dique et votre bien-\u00eatre g\u00e9n\u00e9ral sont au c\u0153ur de nos pr\u00e9occupations. Que vous souffriez de douleurs articulaires, de blessures li\u00e9es au sport, de fractures ou de tout autre probl\u00e8me orthop\u00e9dique, nous sommes l\u00e0 pour vous aider \u00e0 mener une vie plus \u00e9panouie.<\/p>\n<p>Si vous recherchez des soins orthop\u00e9diques \u00e0 Commack, NY, n&rsquo;h\u00e9sitez pas \u00e0 nous contacter. Nous sommes impatients de devenir votre partenaire sur le chemin d&rsquo;une vie plus saine et plus active.<\/p>\n<p><strong>\u00c0 propos du Dr Nakul Karkare :<\/strong> Le Dr Nakul Karkare est un chirurgien orthop\u00e9dique certifi\u00e9 par le conseil d&rsquo;administration qui poss\u00e8de une grande exp\u00e9rience et une grande expertise dans la fourniture de soins orthop\u00e9diques exceptionnels.<\/p>\n<p>Titulaire de nombreuses certifications et adepte des techniques chirurgicales avanc\u00e9es, le docteur Karkare s&rsquo;engage \u00e0 ce que les patients re\u00e7oivent des soins de la plus haute qualit\u00e9, adapt\u00e9s \u00e0 leurs besoins particuliers.<\/p>\n<p>Son approche centr\u00e9e sur le patient et ses solutions innovantes sont \u00e0 la pointe de l&rsquo;excellence orthop\u00e9dique, ce qui fait de lui un nom de confiance dans le domaine. Lorsque vous choisissez l&rsquo;Excellence Orthop\u00e9dique, vous choisissez les conseils experts et les soins personnalis\u00e9s du Dr Karkare pour vous aider \u00e0 atteindre une sant\u00e9 et un bien-\u00eatre orthop\u00e9diques optimaux.<\/p>\n<p>&nbsp;<\/p>\n<h2>Nous sommes heureux de proposer ces services orthop\u00e9diques complets \u00e0 Oakdale, NY :<\/h2>\n<h2><a role=\"link\" href=\"https:\/\/www.cortho.org\/hip\/total-hip-replacement\/\" target=\"_blank\" rel=\"noopener\"><strong>1. Chirurgie de remplacement de la hanche :<\/strong><\/a><\/h2>\n<p><strong>Objectif<\/strong>: L&rsquo;arthroplastie de la hanche est recommand\u00e9e pour les personnes dont l&rsquo;articulation de la hanche est endommag\u00e9e par des maladies telles que l&rsquo;arthrose, la polyarthrite rhumato\u00efde ou des fractures. L&rsquo;objectif est de soulager la douleur, de r\u00e9tablir la mobilit\u00e9 et d&rsquo;am\u00e9liorer la qualit\u00e9 de vie en g\u00e9n\u00e9ral.<\/p>\n<p><strong>Proc\u00e9dure<\/strong>: Il existe deux principaux types de proth\u00e8ses de hanche : la proth\u00e8se totale de hanche (PTH) et la proth\u00e8se partielle de hanche (h\u00e9miarthroplastie). La THR consiste \u00e0 remplacer \u00e0 la fois la rotule et la cavit\u00e9 de l&rsquo;articulation de la hanche, tandis que l&rsquo;h\u00e9miarthroplastie ne remplace que la rotule.<\/p>\n<p><strong>Implants<\/strong>: Les composants de l&rsquo;articulation artificielle de la hanche sont g\u00e9n\u00e9ralement fabriqu\u00e9s \u00e0 partir de mat\u00e9riaux tels que le m\u00e9tal, le plastique ou la c\u00e9ramique, choisis en fonction de l&rsquo;\u00e2ge du patient, de son niveau d&rsquo;activit\u00e9 et de ses besoins sp\u00e9cifiques.<\/p>\n<p><strong>R\u00e9cup\u00e9ration<\/strong>: Apr\u00e8s l&rsquo;op\u00e9ration, les patients suivent une th\u00e9rapie physique pour retrouver leur force et leur mobilit\u00e9, ce qui permet de r\u00e9duire la douleur et d&rsquo;am\u00e9liorer le fonctionnement de la hanche.<\/p>\n<p>&nbsp;<\/p>\n<h2><a role=\"link\" href=\"https:\/\/www.cortho.org\/knee\/custom-knee-replacement\/\" target=\"_blank\" rel=\"noopener\"><strong>2. Remplacement du genou sur mesure :<\/strong><\/a><\/h2>\n<p><strong>Objectif<\/strong>: L&rsquo;arthroplastie du genou sur mesure offre une approche personnalis\u00e9e de l&rsquo;arthroplastie du genou, adapt\u00e9e aux personnes souffrant de douleurs s\u00e9v\u00e8res au genou ou de l\u00e9sions articulaires ne r\u00e9pondant pas aux traitements conservateurs.<\/p>\n<p><strong>Proc\u00e9dure<\/strong>: L&rsquo;imagerie avanc\u00e9e et la mod\u00e9lisation informatique \u00e9valuent l&rsquo;anatomie du genou du patient avant l&rsquo;op\u00e9ration, ce qui permet de concevoir un implant de genou sur mesure, adapt\u00e9 \u00e0 l&rsquo;anatomie unique du patient.<\/p>\n<p><strong>Avantages<\/strong>: Les proth\u00e8ses de genou sur mesure permettent souvent d&rsquo;am\u00e9liorer l&rsquo;alignement et la stabilit\u00e9 et de r\u00e9duire la douleur par rapport aux proth\u00e8ses de genou standard.<\/p>\n<p><strong>R\u00e9tablissement<\/strong>: Le processus de gu\u00e9rison comprend une th\u00e9rapie physique pour retrouver la force et l&rsquo;amplitude des mouvements du genou, ce qui se traduit g\u00e9n\u00e9ralement par une r\u00e9duction de la douleur et une am\u00e9lioration de la fonction du genou.<\/p>\n<h1><\/h1>\n<h1>\u00c0 propos d&rsquo;Oakdale<\/h1>\n<h2>Oakdale, New York : Un m\u00e9lange d&rsquo;histoire, de culture, de d\u00e9mographie, d&rsquo;\u00e9conomie et de tourisme<\/h2>\n<p>Oakdale, un charmant hameau situ\u00e9 sur la rive sud de Long Island, dans l&rsquo;\u00c9tat de New York, offre une riche tapisserie d&rsquo;histoire, de culture, de d\u00e9mographie, d&rsquo;\u00e9conomie et de tourisme. Situ\u00e9e dans le comt\u00e9 de Suffolk, la ville d&rsquo;Oakdale poss\u00e8de un caract\u00e8re unique fa\u00e7onn\u00e9 par son pass\u00e9 et son pr\u00e9sent. Cette exploration compl\u00e8te se penche sur les facettes qui d\u00e9finissent Oakdale, en donnant un aper\u00e7u de son \u00e9volution, de la diversit\u00e9 de la communaut\u00e9 qui l&rsquo;habite, de son paysage \u00e9conomique et de son attrait en tant que destination touristique.<\/p>\n<p>&nbsp;<\/p>\n<h2>L&rsquo;histoire<\/h2>\n<p>L&rsquo;histoire d&rsquo;Oakdale est profond\u00e9ment li\u00e9e au d\u00e9veloppement de Long Island. Peupl\u00e9e \u00e0 l&rsquo;origine par des tribus algonquiennes, la r\u00e9gion qui allait devenir Oakdale a \u00e9t\u00e9 colonis\u00e9e par les Europ\u00e9ens au milieu du XVIIe si\u00e8cle. Pendant la R\u00e9volution am\u00e9ricaine, il a servi de lieu strat\u00e9gique pour les forces britanniques, mais apr\u00e8s la guerre, le hameau a commenc\u00e9 \u00e0 se d\u00e9velopper en tant que communaut\u00e9 agricole.<\/p>\n<p>L&rsquo;un des lieux les plus embl\u00e9matiques d&rsquo;Oakdale est le manoir Vanderbilt, anciennement connu sous le nom de William K. Vanderbilt II Estate. Achev\u00e9e en 1936, cette opulente demeure refl\u00e8te l&rsquo;\u00e2ge d&rsquo;or et t\u00e9moigne de la richesse et du luxe de cette \u00e9poque. Aujourd&rsquo;hui, il sert de mus\u00e9e et constitue une attraction historique populaire.<\/p>\n<p>&nbsp;<\/p>\n<h2>Culture<\/h2>\n<p>La sc\u00e8ne culturelle d&rsquo;Oakdale est dynamique et enrichie par diverses formes d&rsquo;expression artistique. Le Bayard Cutting Arboretum State Park est un centre culturel notable, offrant de magnifiques jardins, des sentiers naturels et des concerts en plein air. Le parc abrite \u00e9galement l&rsquo;Islip Arts Council, qui organise des \u00e9v\u00e9nements culturels, des expositions d&rsquo;art et des programmes \u00e9ducatifs.<\/p>\n<p>Oakdale abrite \u00e9galement le CM Performing Arts Center, qui accueille des productions th\u00e9\u00e2trales, des com\u00e9dies musicales et des \u00e9v\u00e9nements communautaires. Le centre joue un r\u00f4le important en encourageant les talents locaux et en offrant des divertissements aux r\u00e9sidents et aux visiteurs.<\/p>\n<p>&nbsp;<\/p>\n<h2>Donn\u00e9es d\u00e9mographiques<\/h2>\n<p>Oakdale s&rsquo;enorgueillit d&rsquo;une population diversifi\u00e9e qui contribue au dynamisme de sa communaut\u00e9. Selon les derni\u00e8res donn\u00e9es disponibles du U.S. Census Bureau, Oakdale comptait, lors du recensement de 2020, une population d&rsquo;environ 8 065 habitants. La d\u00e9mographie d&rsquo;Oakdale refl\u00e8te un m\u00e9lange d&rsquo;\u00e2ges, d&rsquo;ethnies et d&rsquo;origines, cr\u00e9ant ainsi un environnement accueillant et inclusif.<\/p>\n<p>&nbsp;<\/p>\n<h2>L&rsquo;\u00e9conomie<\/h2>\n<p>L&rsquo;\u00e9conomie d&rsquo;Oakdale est diversifi\u00e9e et interconnect\u00e9e avec les r\u00e9gions environnantes de Long Island. Oakdale elle-m\u00eame offre de nombreuses possibilit\u00e9s d&#8217;emploi dans des secteurs tels que le commerce de d\u00e9tail, la sant\u00e9 et l&rsquo;\u00e9ducation. La pr\u00e9sence du Connetquot Central School District offre des emplois dans le secteur de l&rsquo;\u00e9ducation, tandis que les professionnels de la sant\u00e9 sont employ\u00e9s dans les \u00e9tablissements m\u00e9dicaux locaux.<\/p>\n<p>En outre, Oakdale b\u00e9n\u00e9ficie de la proximit\u00e9 de grands centres \u00e9conomiques tels que la ville de New York. De nombreux habitants font la navette entre la ville et leur lieu de travail, profitant de la gare Long Island Rail Road (LIRR) d&rsquo;Oakdale, qui les relie \u00e0 la r\u00e9gion m\u00e9tropolitaine.<\/p>\n<p>&nbsp;<\/p>\n<h2>Tourisme<\/h2>\n<p>Le tourisme est un aspect important de l&rsquo;identit\u00e9 d&rsquo;Oakdale, qui attire des visiteurs de pr\u00e8s et de loin. Le domaine William K. Vanderbilt II, mentionn\u00e9 plus haut, est une attraction touristique majeure, qui propose des visites guid\u00e9es du manoir et de son parc. Les visiteurs peuvent d\u00e9couvrir l&rsquo;histoire de la famille Vanderbilt et les liens entre le domaine et Oakdale.<\/p>\n<p>Le Bayard Cutting Arboretum State Park est une autre destination touristique de premier plan. Ses jardins pittoresques, ses sentiers de promenade et son atmosph\u00e8re sereine en font un lieu id\u00e9al pour les amateurs de nature, les randonneurs et les familles \u00e0 la recherche d&rsquo;une journ\u00e9e en plein air.<\/p>\n<p>Pour ceux qui s&rsquo;int\u00e9ressent \u00e0 l&rsquo;histoire maritime, le Scully Estate de la Seatuck Environmental Association propose des programmes \u00e9ducatifs, des promenades dans la nature et des expositions sur les \u00e9cosyst\u00e8mes de Long Island et de la Great South Bay.<\/p>\n<p>Oakdale, dans l&rsquo;\u00c9tat de New York, est un lieu o\u00f9 l&rsquo;histoire rencontre la culture, o\u00f9 la diversit\u00e9 d\u00e9mographique cr\u00e9e une communaut\u00e9 prosp\u00e8re, o\u00f9 une \u00e9conomie \u00e0 multiples facettes soutient les moyens de subsistance et o\u00f9 le tourisme prosp\u00e8re gr\u00e2ce \u00e0 ses attractions uniques. Alors qu&rsquo;Oakdale continue d&rsquo;\u00e9voluer, son riche patrimoine et son pr\u00e9sent dynamique lui permettent de rester un lieu attrayant et accueillant pour les r\u00e9sidents et les visiteurs, incarnant l&rsquo;essence m\u00eame de la rive sud de Long Island.<\/p>\n<h2><\/h2>\n<h2>Directions<\/h2>\n<p>Pour vous rendre d&rsquo;Oakdale, NY, \u00e0 Complete Orthopedics, 105 Medford Ave Route 112, Suite A, Patchogue, NY 11772, suivez ces indications :<\/p>\n<p>1. Commencez par vous diriger vers l&rsquo;est sur Montauk Hwy\/NY-27A E en direction de Maple Ave.<br \/>\n2. Continuer sur Montauk Hwy\/NY-27A E pendant environ 2,5 miles.<br \/>\n3. Rejoindre NY-27 E par la bretelle d&rsquo;acc\u00e8s \u00e0 Sunrise Hwy E.<br \/>\n4. Continuer sur NY-27 E pendant environ 3 miles.<br \/>\n5. Prendre la sortie 51 vers Patchogue\/NY-112.<br \/>\n6. Rejoindre la County Rd 19 S\/Waverly Ave.<br \/>\n7. Continuer sur Waverly Ave pendant environ 1 mile.<br \/>\n8. Tourner \u00e0 droite sur Montauk Hwy\/NY-27A W.<br \/>\n9. Prendre Hospital Rd en direction de NY-112 S\/Patchogue\/Yaphank.<br \/>\n10. Continuer sur Hospital Rd pendant environ 0,2 miles.<br \/>\n11. Tourner \u00e0 droite sur Medford Ave.<br \/>\n12. Continuer sur Medford Ave pendant environ 0,5 miles.<br \/>\n13. Vous arriverez au 105 Medford Ave Route 112, Suite A, Patchogue, NY 11772, sur votre gauche.<\/p>\n<p>Vous \u00eates arriv\u00e9 \u00e0 Complete Orthopedics \u00e0 Patchogue, NY, depuis Oakdale, NY.<\/p>\n<p>&nbsp;<\/p>\n<h2>Les \u00e9tablissements de sant\u00e9 pr\u00e8s de Oakdale, NY, y compris les pharmacies, un centre de radiologie, un centre de soins d&rsquo;urgence et les h\u00f4pitaux.<\/h2>\n<p><strong>Pharmacies :<\/strong><br \/>\n<strong>1. CVS Pharmacy &#8211; Oakdale<\/strong><br \/>\nAdresse : 1350 Montauk Hwy, Oakdale, NY 11769<\/p>\n<p><strong>2. Rite Aid Pharmacy &#8211; Oakdale<\/strong><br \/>\nAdresse : 891 Montauk Hwy, Oakdale, NY 11769<\/p>\n<p><strong>3. Walgreens Pharmacy &#8211; Sayville (pr\u00e8s de Oakdale)<\/strong><br \/>\nAdresse : 531 Sunrise Hwy, Sayville, NY 11782<\/p>\n<p><strong>Centre de radiologie :<\/strong><br \/>\n<strong>1. South Shore Radiology &#8211; Sayville (pr\u00e8s d&rsquo;Oakdale)<\/strong><br \/>\nAdresse : 475 Montauk Hwy, Sayville, NY 11782<\/p>\n<p><strong>Soins d&rsquo;urgence :<\/strong><br \/>\n<strong>1. GoHealth Urgent Care &#8211; Sayville (pr\u00e8s d&rsquo;Oakdale)<\/strong><br \/>\nAdresse : 333 Sunrise Hwy, Sayville, NY 11782<\/p>\n<p><strong>H\u00f4pitaux :<\/strong><br \/>\n<strong>1. H\u00f4pital Southside &#8211; Bay Shore (pr\u00e8s d&rsquo;Oakdale)<\/strong><br \/>\nAdresse : 301 E Main St, Bay Shore, NY 11706<\/p>\n<p><strong>2. Centre m\u00e9dical de l&rsquo;h\u00f4pital du Bon Samaritain &#8211; West Islip (pr\u00e8s d&rsquo;Oakdale)<\/strong><br \/>\nAdresse : 1000 Montauk Hwy, West Islip, NY 11795<\/p>\n<p>&nbsp;<\/p>\n<p>Au c\u0153ur de notre mission se trouve la fourniture de soins orthop\u00e9diques complets aux patients de notre communaut\u00e9, y compris ceux mentionn\u00e9s plus haut. Que vous nous adressiez une demande de traitement orthop\u00e9dique ou que vous recherchiez des conseils pour tout probl\u00e8me orthop\u00e9dique, notre \u00e9quipe d\u00e9vou\u00e9e, disponible 24 heures sur 24 et 7 jours sur 7, est toujours \u00e0 votre disposition. Nous sommes l\u00e0 pour vous apporter une aide rapide et bienveillante.<\/p>\n<p>Nous savons que de nombreuses personnes se font soigner dans des centres de soins d&rsquo;urgence et des h\u00f4pitaux pour des blessures li\u00e9es au travail et couvertes par l&rsquo;assurance contre les accidents du travail et l&rsquo;assurance sans \u00e9gard \u00e0 la responsabilit\u00e9. Si votre blessure ne n\u00e9cessite pas une visite \u00e0 l&rsquo;h\u00f4pital, nous serons ravis de vous proposer un traitement orthop\u00e9dique sp\u00e9cialis\u00e9 adapt\u00e9 \u00e0 votre cas particulier. N&rsquo;h\u00e9sitez pas \u00e0 nous contacter au 631-981-2663 pour prendre rendez-vous d\u00e8s aujourd&rsquo;hui. Votre bien-\u00eatre reste notre priorit\u00e9 absolue.<\/p>\n","protected":false},"excerpt":{"rendered":"<p>Dr. Nakul Karkare Orthopedic Excellence : Votre partenaire de confiance pour les soins orthop\u00e9diques \u00e0 OakdaleNY Bienvenue chez Dr Karkare Orthopedic Excellence, o\u00f9 nous sommes fiers d&rsquo;\u00eatre votre premier fournisseur de soins orthop\u00e9diques, offrant nos services exceptionnels aux r\u00e9sidents d&rsquo;Oakdale, NY. Bien que notre \u00e9tablissement principal soit situ\u00e9 \u00e0 Patchoge, NY, notre engagement \u00e0 fournir [&hellip;]<\/p>\n","protected":false},"author":33,"featured_media":0,"parent":17602,"menu_order":0,"comment_status":"closed","ping_status":"closed","template":"","meta":{"_et_pb_use_builder":"","_et_pb_old_content":"","_et_gb_content_width":"","footnotes":""},"class_list":["post-21050","page","type-page","status-publish","hentry"],"yoast_head":"<!-- This site is optimized with the Yoast SEO plugin v27.2 - https:\/\/yoast.com\/product\/yoast-seo-wordpress\/ -->\n<title>Oakdale, NY | Best Hip &amp; Knee Surgeon | NY, USA<\/title>\n<meta name=\"description\" content=\"Dr. Nakul Karkare Orthopedic Excellence : Votre partenaire de confiance pour les soins orthop\u00e9diques \u00e0 OakdaleNY Bienvenue chez Dr Karkare Orthopedic\" \/>\n<meta name=\"robots\" content=\"index, follow, max-snippet:-1, max-image-preview:large, max-video-preview:-1\" \/>\n<link rel=\"canonical\" href=\"https:\/\/www.newyorkhipknee.com\/fr\/contact\/patchogue-meilleur-chirurgien-pour-larthroplastie-de-la-hanche-et-du-genou\/oakdale-ny\/\" \/>\n<meta property=\"og:locale\" content=\"fr_FR\" \/>\n<meta property=\"og:type\" content=\"article\" \/>\n<meta property=\"og:title\" content=\"Oakdale, NY | Best Hip &amp; Knee Surgeon | NY, USA\" \/>\n<meta property=\"og:description\" content=\"Dr. Nakul Karkare Orthopedic Excellence : Votre partenaire de confiance pour les soins orthop\u00e9diques \u00e0 OakdaleNY Bienvenue chez Dr Karkare Orthopedic\" \/>\n<meta property=\"og:url\" content=\"https:\/\/www.newyorkhipknee.com\/fr\/contact\/patchogue-meilleur-chirurgien-pour-larthroplastie-de-la-hanche-et-du-genou\/oakdale-ny\/\" \/>\n<meta property=\"og:site_name\" content=\"Best Hip &amp; Knee Surgeon | NY, USA\" \/>\n<meta name=\"twitter:card\" content=\"summary_large_image\" \/>\n<meta name=\"twitter:label1\" content=\"Dur\u00e9e de lecture estim\u00e9e\" \/>\n\t<meta name=\"twitter:data1\" content=\"10 minutes\" \/>\n<script type=\"application\/ld+json\" class=\"yoast-schema-graph\">{\"@context\":\"https:\/\/schema.org\",\"@graph\":[{\"@type\":[\"WebPage\",\"MedicalWebPage\"],\"@id\":\"https:\/\/www.newyorkhipknee.com\/fr\/contact\/patchogue-meilleur-chirurgien-pour-larthroplastie-de-la-hanche-et-du-genou\/oakdale-ny\/\",\"url\":\"https:\/\/www.newyorkhipknee.com\/fr\/contact\/patchogue-meilleur-chirurgien-pour-larthroplastie-de-la-hanche-et-du-genou\/oakdale-ny\/\",\"name\":\"Oakdale, NY | Best Hip &amp; Knee Surgeon | NY, USA\",\"isPartOf\":{\"@id\":\"https:\/\/www.newyorkhipknee.com\/fr\/#website\"},\"datePublished\":\"2023-11-08T18:13:39+00:00\",\"description\":\"Dr. Nakul Karkare Orthopedic Excellence : Votre partenaire de confiance pour les soins orthop\u00e9diques \u00e0 OakdaleNY Bienvenue chez Dr Karkare Orthopedic\",\"breadcrumb\":{\"@id\":\"https:\/\/www.newyorkhipknee.com\/fr\/contact\/patchogue-meilleur-chirurgien-pour-larthroplastie-de-la-hanche-et-du-genou\/oakdale-ny\/#breadcrumb\"},\"inLanguage\":\"fr-FR\",\"potentialAction\":[{\"@type\":\"ReadAction\",\"target\":[\"https:\/\/www.newyorkhipknee.com\/fr\/contact\/patchogue-meilleur-chirurgien-pour-larthroplastie-de-la-hanche-et-du-genou\/oakdale-ny\/\"]}]},{\"@type\":\"BreadcrumbList\",\"@id\":\"https:\/\/www.newyorkhipknee.com\/fr\/contact\/patchogue-meilleur-chirurgien-pour-larthroplastie-de-la-hanche-et-du-genou\/oakdale-ny\/#breadcrumb\",\"itemListElement\":[{\"@type\":\"ListItem\",\"position\":1,\"name\":\"Home\",\"item\":\"https:\/\/www.newyorkhipknee.com\/fr\/\"},{\"@type\":\"ListItem\",\"position\":2,\"name\":\"CONTACT\",\"item\":\"https:\/\/www.newyorkhipknee.com\/fr\/contact\/\"},{\"@type\":\"ListItem\",\"position\":3,\"name\":\"Patchogue &#8211; Meilleur chirurgien pour l&rsquo;arthroplastie de la hanche et du genou\",\"item\":\"https:\/\/www.newyorkhipknee.com\/fr\/contact\/patchogue-meilleur-chirurgien-pour-larthroplastie-de-la-hanche-et-du-genou\/\"},{\"@type\":\"ListItem\",\"position\":4,\"name\":\"Oakdale, NY\"}]},{\"@type\":\"WebSite\",\"@id\":\"https:\/\/www.newyorkhipknee.com\/fr\/#website\",\"url\":\"https:\/\/www.newyorkhipknee.com\/fr\/\",\"name\":\"Best Hip & Knee Surgeon | NY, USA\",\"description\":\"\",\"potentialAction\":[{\"@type\":\"SearchAction\",\"target\":{\"@type\":\"EntryPoint\",\"urlTemplate\":\"https:\/\/www.newyorkhipknee.com\/fr\/?s={search_term_string}\"},\"query-input\":{\"@type\":\"PropertyValueSpecification\",\"valueRequired\":true,\"valueName\":\"search_term_string\"}}],\"inLanguage\":\"fr-FR\"}]}<\/script>\n<!-- \/ Yoast SEO plugin. -->","yoast_head_json":{"title":"Oakdale, NY | Best Hip &amp; Knee Surgeon | NY, USA","description":"Dr. Nakul Karkare Orthopedic Excellence : Votre partenaire de confiance pour les soins orthop\u00e9diques \u00e0 OakdaleNY Bienvenue chez Dr Karkare Orthopedic","robots":{"index":"index","follow":"follow","max-snippet":"max-snippet:-1","max-image-preview":"max-image-preview:large","max-video-preview":"max-video-preview:-1"},"canonical":"https:\/\/www.newyorkhipknee.com\/fr\/contact\/patchogue-meilleur-chirurgien-pour-larthroplastie-de-la-hanche-et-du-genou\/oakdale-ny\/","og_locale":"fr_FR","og_type":"article","og_title":"Oakdale, NY | Best Hip &amp; Knee Surgeon | NY, USA","og_description":"Dr. Nakul Karkare Orthopedic Excellence : Votre partenaire de confiance pour les soins orthop\u00e9diques \u00e0 OakdaleNY Bienvenue chez Dr Karkare Orthopedic","og_url":"https:\/\/www.newyorkhipknee.com\/fr\/contact\/patchogue-meilleur-chirurgien-pour-larthroplastie-de-la-hanche-et-du-genou\/oakdale-ny\/","og_site_name":"Best Hip &amp; Knee Surgeon | NY, USA","twitter_card":"summary_large_image","twitter_misc":{"Dur\u00e9e de lecture estim\u00e9e":"10 minutes"},"schema":{"@context":"https:\/\/schema.org","@graph":[{"@type":["WebPage","MedicalWebPage"],"@id":"https:\/\/www.newyorkhipknee.com\/fr\/contact\/patchogue-meilleur-chirurgien-pour-larthroplastie-de-la-hanche-et-du-genou\/oakdale-ny\/","url":"https:\/\/www.newyorkhipknee.com\/fr\/contact\/patchogue-meilleur-chirurgien-pour-larthroplastie-de-la-hanche-et-du-genou\/oakdale-ny\/","name":"Oakdale, NY | Best Hip &amp; Knee Surgeon | NY, USA","isPartOf":{"@id":"https:\/\/www.newyorkhipknee.com\/fr\/#website"},"datePublished":"2023-11-08T18:13:39+00:00","description":"Dr. Nakul Karkare Orthopedic Excellence : Votre partenaire de confiance pour les soins orthop\u00e9diques \u00e0 OakdaleNY Bienvenue chez Dr Karkare Orthopedic","breadcrumb":{"@id":"https:\/\/www.newyorkhipknee.com\/fr\/contact\/patchogue-meilleur-chirurgien-pour-larthroplastie-de-la-hanche-et-du-genou\/oakdale-ny\/#breadcrumb"},"inLanguage":"fr-FR","potentialAction":[{"@type":"ReadAction","target":["https:\/\/www.newyorkhipknee.com\/fr\/contact\/patchogue-meilleur-chirurgien-pour-larthroplastie-de-la-hanche-et-du-genou\/oakdale-ny\/"]}]},{"@type":"BreadcrumbList","@id":"https:\/\/www.newyorkhipknee.com\/fr\/contact\/patchogue-meilleur-chirurgien-pour-larthroplastie-de-la-hanche-et-du-genou\/oakdale-ny\/#breadcrumb","itemListElement":[{"@type":"ListItem","position":1,"name":"Home","item":"https:\/\/www.newyorkhipknee.com\/fr\/"},{"@type":"ListItem","position":2,"name":"CONTACT","item":"https:\/\/www.newyorkhipknee.com\/fr\/contact\/"},{"@type":"ListItem","position":3,"name":"Patchogue &#8211; Meilleur chirurgien pour l&rsquo;arthroplastie de la hanche et du genou","item":"https:\/\/www.newyorkhipknee.com\/fr\/contact\/patchogue-meilleur-chirurgien-pour-larthroplastie-de-la-hanche-et-du-genou\/"},{"@type":"ListItem","position":4,"name":"Oakdale, NY"}]},{"@type":"WebSite","@id":"https:\/\/www.newyorkhipknee.com\/fr\/#website","url":"https:\/\/www.newyorkhipknee.com\/fr\/","name":"Best Hip & Knee Surgeon | NY, USA","description":"","potentialAction":[{"@type":"SearchAction","target":{"@type":"EntryPoint","urlTemplate":"https:\/\/www.newyorkhipknee.com\/fr\/?s={search_term_string}"},"query-input":{"@type":"PropertyValueSpecification","valueRequired":true,"valueName":"search_term_string"}}],"inLanguage":"fr-FR"}]}},"_links":{"self":[{"href":"https:\/\/www.newyorkhipknee.com\/fr\/wp-json\/wp\/v2\/pages\/21050","targetHints":{"allow":["GET"]}}],"collection":[{"href":"https:\/\/www.newyorkhipknee.com\/fr\/wp-json\/wp\/v2\/pages"}],"about":[{"href":"https:\/\/www.newyorkhipknee.com\/fr\/wp-json\/wp\/v2\/types\/page"}],"author":[{"embeddable":true,"href":"https:\/\/www.newyorkhipknee.com\/fr\/wp-json\/wp\/v2\/users\/33"}],"replies":[{"embeddable":true,"href":"https:\/\/www.newyorkhipknee.com\/fr\/wp-json\/wp\/v2\/comments?post=21050"}],"version-history":[{"count":0,"href":"https:\/\/www.newyorkhipknee.com\/fr\/wp-json\/wp\/v2\/pages\/21050\/revisions"}],"up":[{"embeddable":true,"href":"https:\/\/www.newyorkhipknee.com\/fr\/wp-json\/wp\/v2\/pages\/17602"}],"wp:attachment":[{"href":"https:\/\/www.newyorkhipknee.com\/fr\/wp-json\/wp\/v2\/media?parent=21050"}],"curies":[{"name":"wp","href":"https:\/\/api.w.org\/{rel}","templated":true}]}}