{"id":21059,"date":"2023-11-09T15:20:39","date_gmt":"2023-11-09T20:20:39","guid":{"rendered":"https:\/\/newyorkhipknee.com\/contact\/riverhead-meilleur-chirurgien-pour-larthroplastie-du-genou-et-de-la-hanche\/eastport-ny\/"},"modified":"2023-11-09T15:20:39","modified_gmt":"2023-11-09T20:20:39","slug":"eastport-ny","status":"publish","type":"page","link":"https:\/\/www.newyorkhipknee.com\/fr\/contact\/riverhead-meilleur-chirurgien-pour-larthroplastie-du-genou-et-de-la-hanche\/eastport-ny\/","title":{"rendered":"Eastport, NY"},"content":{"rendered":"<h1>Nakul Karkare&rsquo;s Orthopedic Care : Votre premier fournisseur de soins orthop\u00e9diques \u00e0 Eastport, NY<\/h1>\n<p>Bienvenue \u00e0 la clinique orthop\u00e9dique du Dr Nakul Karkare, votre source de confiance pour des soins orthop\u00e9diques de premier ordre \u00e0 <a href=\"https:\/\/newyorkhipknee.com\/contact\/riverhead-orthopedic-surgeon\/\" target=\"_blank\" rel=\"noopener\">Riverhead,<\/a> NY. Nous sommes fiers d&rsquo;offrir nos services orthop\u00e9diques professionnels \u00e0 la communaut\u00e9 accueillante d&rsquo;Eastport, NY. Nakul Karkare&rsquo;s Orthopedic Care, nous sommes plus qu&rsquo;un simple cabinet d&rsquo;orthop\u00e9die ; nous sommes vos partenaires pour atteindre une sant\u00e9 orthop\u00e9dique optimale.<\/p>\n<p>Nakul Karkare&rsquo;s Orthopedic Care est un symbole d&rsquo;excellence dans le domaine de l&rsquo;orthop\u00e9die. Voici pourquoi nous sommes votre choix pr\u00e9f\u00e9r\u00e9 en mati\u00e8re de soins orthop\u00e9diques : <strong>Rencontrez le Dr Nakul Karkare<\/strong><\/p>\n<p>Le docteur Nakul Karkare est un orthop\u00e9diste hautement qualifi\u00e9 qui a une carri\u00e8re remarquable, de nombreuses certifications et une grande exp\u00e9rience dans ce domaine. Sa vaste expertise et son approche compatissante vous garantissent que vous \u00eates entre de bonnes mains dans votre parcours orthop\u00e9dique.<\/p>\n<p><strong>Des soins personnalis\u00e9s :<\/strong> Nous reconnaissons que chaque patient est unique. Notre approche est individualis\u00e9e, ce qui garantit que votre plan de soins est adapt\u00e9 \u00e0 vos besoins sp\u00e9cifiques. Votre bien-\u00eatre est notre premi\u00e8re pr\u00e9occupation.<\/p>\n<p><strong>Des solutions de pointe :<\/strong> Nous restons \u00e0 l&rsquo;avant-garde des progr\u00e8s orthop\u00e9diques, ce qui vous permet d&rsquo;avoir acc\u00e8s aux traitements et aux technologies les plus r\u00e9cents. Vos soins sont \u00e9tay\u00e9s par les meilleures pratiques du secteur, sous la direction du Dr Nakul Karkare.<\/p>\n<p><strong>Int\u00e9gration communautaire :<\/strong> Nous nous engageons \u00e0 rendre accessibles \u00e0 tous des soins orthop\u00e9diques exceptionnels. Notre d\u00e9cision d&rsquo;offrir des services \u00e0 Sound Beach refl\u00e8te notre engagement \u00e0 r\u00e9pondre \u00e0 vos besoins orthop\u00e9diques.<\/p>\n<p><strong>Une r\u00e9ussite av\u00e9r\u00e9e :<\/strong> Nos r\u00e9sultats t\u00e9moignent de notre engagement \u00e0 am\u00e9liorer la mobilit\u00e9, \u00e0 r\u00e9duire la douleur et \u00e0 am\u00e9liorer la qualit\u00e9 de vie d&rsquo;innombrables personnes sous la direction experte du Dr Nakul Karkare.<\/p>\n<p>Nous comprenons que votre sant\u00e9 orthop\u00e9dique est d&rsquo;une importance capitale et nous sommes ravis de faire partie int\u00e9grante de la communaut\u00e9 de Sound Beach. Que vous ayez besoin d&rsquo;aide pour des probl\u00e8mes d&rsquo;articulation, des blessures sportives, des fractures ou tout autre probl\u00e8me orthop\u00e9dique, les soins orthop\u00e9diques du Dr Nakul Karkare sont l\u00e0 pour vous fournir des soins professionnels et compatissants.<\/p>\n<h2>Nos services orthop\u00e9diques complets comprennent :<\/h2>\n<h2><a role=\"link\" href=\"https:\/\/newyorkhipknee.com\/hip-replacement-surgery\/\" target=\"_blank\" rel=\"noopener\"><strong>Chirurgie de remplacement de la hanche :<\/strong><\/a><\/h2>\n<p><strong>Objectif<\/strong>: L&rsquo;arthroplastie de la hanche est recommand\u00e9e pour les personnes dont l&rsquo;articulation de la hanche est endommag\u00e9e par des pathologies telles que l&rsquo;arthrose, la polyarthrite rhumato\u00efde ou des fractures. L&rsquo;objectif est de soulager la douleur, de r\u00e9tablir la mobilit\u00e9 et d&rsquo;am\u00e9liorer la qualit\u00e9 de vie globale du patient.<\/p>\n<p><strong>Proc\u00e9dure<\/strong>: Il existe deux types principaux de proth\u00e8ses de hanche : la proth\u00e8se totale de hanche (PTH) et la proth\u00e8se partielle de hanche (h\u00e9miarthroplastie). L&rsquo;arthroplastie de la hanche consiste \u00e0 remplacer \u00e0 la fois la rotule et la cavit\u00e9 de la hanche, tandis que l&rsquo;h\u00e9miarthroplastie ne remplace que la rotule.<\/p>\n<p><strong>Implants<\/strong>: Les composants de l&rsquo;articulation artificielle de la hanche sont g\u00e9n\u00e9ralement compos\u00e9s de mat\u00e9riaux tels que le m\u00e9tal, le plastique ou la c\u00e9ramique, s\u00e9lectionn\u00e9s en fonction de l&rsquo;\u00e2ge du patient, de son niveau d&rsquo;activit\u00e9 et de ses besoins sp\u00e9cifiques.<\/p>\n<p><strong>R\u00e9cup\u00e9ration<\/strong>: Apr\u00e8s l&rsquo;op\u00e9ration, les patients suivent une th\u00e9rapie physique pour retrouver leur force et leur mobilit\u00e9, ce qui permet de r\u00e9duire la douleur et d&rsquo;am\u00e9liorer le fonctionnement de la hanche.<\/p>\n<p>&nbsp;<\/p>\n<h2><a role=\"link\" href=\"https:\/\/newyorkhipknee.com\/custom-knee-replacement-surgery\/\" target=\"_blank\" rel=\"noopener\"><strong>Remplacement du genou sur mesure :<\/strong><\/a><\/h2>\n<p><strong>Objectif<\/strong>: L&rsquo;arthroplastie du genou sur mesure repr\u00e9sente une approche personnalis\u00e9e de l&rsquo;arthroplastie du genou, adapt\u00e9e aux personnes souffrant de douleurs s\u00e9v\u00e8res au niveau du genou ou de l\u00e9sions articulaires ne r\u00e9pondant pas aux traitements conservateurs.<\/p>\n<p><strong>Proc\u00e9dure<\/strong>: L&rsquo;imagerie avanc\u00e9e et la mod\u00e9lisation informatique permettent d&rsquo;\u00e9valuer l&rsquo;anatomie du genou du patient avant l&rsquo;intervention. Ces informations sont utilis\u00e9es pour concevoir un implant de genou sur mesure, adapt\u00e9 \u00e0 l&rsquo;anatomie unique du patient.<\/p>\n<p><strong>Avantages<\/strong>: Les proth\u00e8ses de genou sur mesure permettent souvent d&rsquo;am\u00e9liorer l&rsquo;alignement et la stabilit\u00e9 et de r\u00e9duire la douleur par rapport aux proth\u00e8ses de genou standard.<\/p>\n<p><strong>R\u00e9tablissement<\/strong>: Le processus de gu\u00e9rison implique une th\u00e9rapie physique pour retrouver la force et l&rsquo;amplitude des mouvements du genou, ce qui se traduit g\u00e9n\u00e9ralement par une diminution de la douleur et une am\u00e9lioration de la fonction du genou.<\/p>\n<h2><\/h2>\n<h2>\u00c0 propos d&rsquo;Eastport<\/h2>\n<p>Eastport, NY, est un hameau et un lieu d\u00e9sign\u00e9 par le recensement (CDP) situ\u00e9 dans le comt\u00e9 de Suffolk, New York, sur la rive sud de Long Island. La population \u00e9tait de 1 831 habitants lors du recensement de 2010, et en 2020, la population est pass\u00e9e \u00e0 2 219 habitants. Voici quelques faits et informations int\u00e9ressants sur Eastport, NY :<\/p>\n<p>&nbsp;<\/p>\n<h2>L&rsquo;histoire<\/h2>\n<p>L&rsquo;histoire d&rsquo;Eastport remonte aux ann\u00e9es 1730, lorsqu&rsquo;un moulin \u00e0 grains y a \u00e9t\u00e9 construit. Au d\u00e9part, il s&rsquo;agissait de deux hameaux, Seatuck et Waterville, et dans les ann\u00e9es 1850, ils ont demand\u00e9 un bureau de poste sous le nom de Seatuck. Elle a \u00e9t\u00e9 refus\u00e9e parce qu&rsquo;elle \u00e9tait trop semblable \u00e0 Setauket, New York. Elle a \u00e9t\u00e9 rebaptis\u00e9e Eastport.<\/p>\n<p>&nbsp;<\/p>\n<h2>G\u00e9ographie<\/h2>\n<p>Eastport a une superficie totale de 4,58 miles carr\u00e9s, dont 4,45 miles carr\u00e9s de terre et 0,13 miles carr\u00e9s d&rsquo;eau. Le hameau est situ\u00e9 sur la rive sud de Long Island et est bord\u00e9 par les hameaux de Speonk, Remsenburg et Westhampton.<\/p>\n<p>&nbsp;<\/p>\n<h2>Donn\u00e9es d\u00e9mographiques<\/h2>\n<p>Lors du recensement de 2010, 1 831 personnes, 662 m\u00e9nages et 496 familles r\u00e9sidaient dans le PCD. La composition raciale du CDP \u00e9tait la suivante : 94,3 % de Blancs, 1,3 % d&rsquo;Afro-Am\u00e9ricains, 0,1 % d&rsquo;Am\u00e9rindiens, 1,2 % d&rsquo;Asiatiques, 0,1 % d&rsquo;insulaires du Pacifique, 1,2 % d&rsquo;autres races et 1,8 % de personnes appartenant \u00e0 deux races ou plus. Les Hispaniques ou Latinos de toute race repr\u00e9sentaient 6,6 % de la population.<\/p>\n<p>&nbsp;<\/p>\n<h2>\u00c9ducation<\/h2>\n<p>Eastport est situ\u00e9 dans le district scolaire central d&rsquo;Eastport-South Manor. Le district compte quatre \u00e9coles : Eastport Elementary School, Tuttle Avenue School, Eastport-South Manor Junior-Senior High School et Dayton Avenue School.<\/p>\n<p>&nbsp;<\/p>\n<h2>Immobilier<\/h2>\n<p>En octobre 2023, il y a plusieurs maisons \u00e0 vendre \u00e0 Eastport, NY, allant de 399 000 $ \u00e0 1 200 000 $[4]. Il y a \u00e9galement plusieurs condos et maisons de ville \u00e0 vendre dans la r\u00e9gion, entre 399 000 $ et 1 200 000 $[5]. La valeur m\u00e9diane des maisons \u00e0 Eastport est de 506 000 $[6].<\/p>\n<p>En conclusion, Eastport, NY est un petit hameau situ\u00e9 sur la rive sud de Long Island. Elle a une histoire riche qui remonte aux ann\u00e9es 1730 et abrite plusieurs \u00e9coles, maisons et possibilit\u00e9s d&#8217;emploi.<\/p>\n<p>&nbsp;<\/p>\n<h2>Directions<\/h2>\n<p>Voici l&rsquo;itin\u00e9raire \u00e0 suivre pour se rendre de Eastport, NY \u00e0 Complete Orthopedics, 887 Old Country Rd, Suite A, Riverhead, NY 11901 :<\/p>\n<p>1. Prendre la direction nord sur Eastport Manor Rd vers Montauk Hwy.<br \/>\n2. Tourner \u00e0 gauche sur Montauk Hwy.<br \/>\n3. Tourner \u00e0 droite sur Speonk-Riverhead Rd.<br \/>\n4. Tourner \u00e0 gauche sur NY-24 W\/Nugent Dr.<br \/>\n5. Tourner \u00e0 droite sur Middle Rd.<br \/>\n6. Tourner \u00e0 gauche sur Roanoke Ave.<br \/>\n7. Tourner \u00e0 droite sur Commerce Dr.<br \/>\n8. Tourner \u00e0 gauche sur Old Country Rd.<br \/>\n9. Complete Orthopedics se trouve sur votre droite au 887 Old Country Rd, Suite A, Riverhead, NY 11901.<\/p>\n<p>La distance totale en voiture est d&rsquo;environ 10,5 miles et devrait prendre environ 20 minutes, en fonction du trafic.<\/p>\n<p>&nbsp;<\/p>\n<h2>Soins de sant\u00e9 pr\u00e8s de Eastport, NY<\/h2>\n<p><strong>Pharmacies :<\/strong><br \/>\n&#8211; CVS Pharmacy, 10 Eastport Manor Rd, Eastport, NY 11941<br \/>\n&#8211; Rite Aid Pharmacy, 10 Eastport Manor Rd, Eastport, NY 11941<br \/>\n&#8211; Walgreens Pharmacy, 2460 Montauk Hwy, Bridgehampton, NY 11932<\/p>\n<p><strong>Centres de radiologie :<\/strong><br \/>\n&#8211; East End Radiology, 133 E Main St, Riverhead, NY 11901<br \/>\n&#8211; Peconic Bay Medical Center Radiology, 1300 Roanoke Ave, Riverhead, NY 11901<br \/>\n&#8211; Northwell Health Imaging at East Setauket, 4 Technology Dr, East Setauket, NY 11733<\/p>\n<p><strong>Centres de soins d&rsquo;urgence :<\/strong><br \/>\n&#8211; LI Urgent Care, 1228 E Main St, Riverhead, NY 11901<br \/>\n&#8211; Centre de soins primaires de Westhampton, 240 Meeting House Creek Rd, Aquebogue, NY 11931<br \/>\n&#8211; Centre m\u00e9dical de Peconic Bay, 1300 Roanoke Ave, Riverhead, NY 11901<\/p>\n<p><strong>H\u00f4pitaux :<\/strong><br \/>\n&#8211; Centre m\u00e9dical de Peconic Bay, 1300 Roanoke Ave, Riverhead, NY 11901<br \/>\n&#8211; H\u00f4pital Stony Brook Eastern Long Island, 201 Manor Pl, Greenport, NY 11944<br \/>\n&#8211; H\u00f4pital de Southampton, 240 Meeting House Ln, Southampton, NY 11968<\/p>\n<p>&nbsp;<\/p>\n<p>Chez Complete Orthopedics, nous sommes fiers d&rsquo;offrir des soins orthop\u00e9diques complets aux patients de divers \u00e9tablissements de sant\u00e9 de notre communaut\u00e9. Que vous ayez \u00e9t\u00e9 orient\u00e9 vers nous pour un traitement orthop\u00e9dique ou que vous ayez simplement des questions sur les probl\u00e8mes orthop\u00e9diques, notre \u00e9quipe d\u00e9vou\u00e9e, disponible 24 heures sur 24 et 7 jours sur 7, est l\u00e0 pour vous offrir une assistance rapide et compatissante.<\/p>\n<p>Nous savons que de nombreuses personnes cherchent \u00e0 se faire soigner dans des centres de soins d&rsquo;urgence et des h\u00f4pitaux pour des accidents du travail et des cas d&rsquo;assurance sans \u00e9gard \u00e0 la responsabilit\u00e9. Si votre blessure ne n\u00e9cessite pas une visite \u00e0 l&rsquo;h\u00f4pital, nous sommes ravis d&rsquo;offrir des soins orthop\u00e9diques sp\u00e9cialis\u00e9s adapt\u00e9s \u00e0 ce type de situation. N&rsquo;h\u00e9sitez pas \u00e0 nous contacter au 631-981-2663 pour prendre rendez-vous avec nous d\u00e8s aujourd&rsquo;hui. Votre bien-\u00eatre est notre priorit\u00e9 absolue, et nous sommes l\u00e0 pour vous aider sur la voie de la gu\u00e9rison.<\/p>\n","protected":false},"excerpt":{"rendered":"<p>Nakul Karkare&rsquo;s Orthopedic Care : Votre premier fournisseur de soins orthop\u00e9diques \u00e0 Eastport, NY Bienvenue \u00e0 la clinique orthop\u00e9dique du Dr Nakul Karkare, votre source de confiance pour des soins orthop\u00e9diques de premier ordre \u00e0 Riverhead, NY. Nous sommes fiers d&rsquo;offrir nos services orthop\u00e9diques professionnels \u00e0 la communaut\u00e9 accueillante d&rsquo;Eastport, NY. Nakul Karkare&rsquo;s Orthopedic Care, [&hellip;]<\/p>\n","protected":false},"author":33,"featured_media":0,"parent":17604,"menu_order":0,"comment_status":"closed","ping_status":"closed","template":"","meta":{"_et_pb_use_builder":"","_et_pb_old_content":"","_et_gb_content_width":"","footnotes":""},"class_list":["post-21059","page","type-page","status-publish","hentry"],"yoast_head":"<!-- This site is optimized with the Yoast SEO plugin v27.2 - https:\/\/yoast.com\/product\/yoast-seo-wordpress\/ -->\n<title>Eastport, NY | Best Hip &amp; Knee Surgeon | NY, USA<\/title>\n<meta name=\"description\" content=\"Nakul Karkare&#039;s Orthopedic Care : Votre premier fournisseur de soins orthop\u00e9diques \u00e0 Eastport, NY Bienvenue \u00e0 la clinique orthop\u00e9dique du Dr Nakul\" \/>\n<meta name=\"robots\" content=\"index, follow, max-snippet:-1, max-image-preview:large, max-video-preview:-1\" \/>\n<link rel=\"canonical\" href=\"https:\/\/www.newyorkhipknee.com\/fr\/contact\/riverhead-meilleur-chirurgien-pour-larthroplastie-du-genou-et-de-la-hanche\/eastport-ny\/\" \/>\n<meta property=\"og:locale\" content=\"fr_FR\" \/>\n<meta property=\"og:type\" content=\"article\" \/>\n<meta property=\"og:title\" content=\"Eastport, NY | Best Hip &amp; Knee Surgeon | NY, USA\" \/>\n<meta property=\"og:description\" content=\"Nakul Karkare&#039;s Orthopedic Care : Votre premier fournisseur de soins orthop\u00e9diques \u00e0 Eastport, NY Bienvenue \u00e0 la clinique orthop\u00e9dique du Dr Nakul\" \/>\n<meta property=\"og:url\" content=\"https:\/\/www.newyorkhipknee.com\/fr\/contact\/riverhead-meilleur-chirurgien-pour-larthroplastie-du-genou-et-de-la-hanche\/eastport-ny\/\" \/>\n<meta property=\"og:site_name\" content=\"Best Hip &amp; Knee Surgeon | NY, USA\" \/>\n<meta name=\"twitter:card\" content=\"summary_large_image\" \/>\n<meta name=\"twitter:label1\" content=\"Dur\u00e9e de lecture estim\u00e9e\" \/>\n\t<meta name=\"twitter:data1\" content=\"7 minutes\" \/>\n<script type=\"application\/ld+json\" class=\"yoast-schema-graph\">{\"@context\":\"https:\/\/schema.org\",\"@graph\":[{\"@type\":[\"WebPage\",\"MedicalWebPage\"],\"@id\":\"https:\/\/www.newyorkhipknee.com\/fr\/contact\/riverhead-meilleur-chirurgien-pour-larthroplastie-du-genou-et-de-la-hanche\/eastport-ny\/\",\"url\":\"https:\/\/www.newyorkhipknee.com\/fr\/contact\/riverhead-meilleur-chirurgien-pour-larthroplastie-du-genou-et-de-la-hanche\/eastport-ny\/\",\"name\":\"Eastport, NY | Best Hip &amp; Knee Surgeon | NY, USA\",\"isPartOf\":{\"@id\":\"https:\/\/www.newyorkhipknee.com\/fr\/#website\"},\"datePublished\":\"2023-11-09T20:20:39+00:00\",\"description\":\"Nakul Karkare's Orthopedic Care : Votre premier fournisseur de soins orthop\u00e9diques \u00e0 Eastport, NY Bienvenue \u00e0 la clinique orthop\u00e9dique du Dr Nakul\",\"breadcrumb\":{\"@id\":\"https:\/\/www.newyorkhipknee.com\/fr\/contact\/riverhead-meilleur-chirurgien-pour-larthroplastie-du-genou-et-de-la-hanche\/eastport-ny\/#breadcrumb\"},\"inLanguage\":\"fr-FR\",\"potentialAction\":[{\"@type\":\"ReadAction\",\"target\":[\"https:\/\/www.newyorkhipknee.com\/fr\/contact\/riverhead-meilleur-chirurgien-pour-larthroplastie-du-genou-et-de-la-hanche\/eastport-ny\/\"]}]},{\"@type\":\"BreadcrumbList\",\"@id\":\"https:\/\/www.newyorkhipknee.com\/fr\/contact\/riverhead-meilleur-chirurgien-pour-larthroplastie-du-genou-et-de-la-hanche\/eastport-ny\/#breadcrumb\",\"itemListElement\":[{\"@type\":\"ListItem\",\"position\":1,\"name\":\"Home\",\"item\":\"https:\/\/www.newyorkhipknee.com\/fr\/\"},{\"@type\":\"ListItem\",\"position\":2,\"name\":\"CONTACT\",\"item\":\"https:\/\/www.newyorkhipknee.com\/fr\/contact\/\"},{\"@type\":\"ListItem\",\"position\":3,\"name\":\"Riverhead &#8211; Meilleur chirurgien pour l&#8217;arthroplastie du genou et de la hanche\",\"item\":\"https:\/\/www.newyorkhipknee.com\/fr\/contact\/riverhead-meilleur-chirurgien-pour-larthroplastie-du-genou-et-de-la-hanche\/\"},{\"@type\":\"ListItem\",\"position\":4,\"name\":\"Eastport, NY\"}]},{\"@type\":\"WebSite\",\"@id\":\"https:\/\/www.newyorkhipknee.com\/fr\/#website\",\"url\":\"https:\/\/www.newyorkhipknee.com\/fr\/\",\"name\":\"Best Hip & Knee Surgeon | NY, USA\",\"description\":\"\",\"potentialAction\":[{\"@type\":\"SearchAction\",\"target\":{\"@type\":\"EntryPoint\",\"urlTemplate\":\"https:\/\/www.newyorkhipknee.com\/fr\/?s={search_term_string}\"},\"query-input\":{\"@type\":\"PropertyValueSpecification\",\"valueRequired\":true,\"valueName\":\"search_term_string\"}}],\"inLanguage\":\"fr-FR\"}]}<\/script>\n<!-- \/ Yoast SEO plugin. -->","yoast_head_json":{"title":"Eastport, NY | Best Hip &amp; Knee Surgeon | NY, USA","description":"Nakul Karkare's Orthopedic Care : Votre premier fournisseur de soins orthop\u00e9diques \u00e0 Eastport, NY Bienvenue \u00e0 la clinique orthop\u00e9dique du Dr Nakul","robots":{"index":"index","follow":"follow","max-snippet":"max-snippet:-1","max-image-preview":"max-image-preview:large","max-video-preview":"max-video-preview:-1"},"canonical":"https:\/\/www.newyorkhipknee.com\/fr\/contact\/riverhead-meilleur-chirurgien-pour-larthroplastie-du-genou-et-de-la-hanche\/eastport-ny\/","og_locale":"fr_FR","og_type":"article","og_title":"Eastport, NY | Best Hip &amp; Knee Surgeon | NY, USA","og_description":"Nakul Karkare's Orthopedic Care : Votre premier fournisseur de soins orthop\u00e9diques \u00e0 Eastport, NY Bienvenue \u00e0 la clinique orthop\u00e9dique du Dr Nakul","og_url":"https:\/\/www.newyorkhipknee.com\/fr\/contact\/riverhead-meilleur-chirurgien-pour-larthroplastie-du-genou-et-de-la-hanche\/eastport-ny\/","og_site_name":"Best Hip &amp; Knee Surgeon | NY, USA","twitter_card":"summary_large_image","twitter_misc":{"Dur\u00e9e de lecture estim\u00e9e":"7 minutes"},"schema":{"@context":"https:\/\/schema.org","@graph":[{"@type":["WebPage","MedicalWebPage"],"@id":"https:\/\/www.newyorkhipknee.com\/fr\/contact\/riverhead-meilleur-chirurgien-pour-larthroplastie-du-genou-et-de-la-hanche\/eastport-ny\/","url":"https:\/\/www.newyorkhipknee.com\/fr\/contact\/riverhead-meilleur-chirurgien-pour-larthroplastie-du-genou-et-de-la-hanche\/eastport-ny\/","name":"Eastport, NY | Best Hip &amp; Knee Surgeon | NY, USA","isPartOf":{"@id":"https:\/\/www.newyorkhipknee.com\/fr\/#website"},"datePublished":"2023-11-09T20:20:39+00:00","description":"Nakul Karkare's Orthopedic Care : Votre premier fournisseur de soins orthop\u00e9diques \u00e0 Eastport, NY Bienvenue \u00e0 la clinique orthop\u00e9dique du Dr Nakul","breadcrumb":{"@id":"https:\/\/www.newyorkhipknee.com\/fr\/contact\/riverhead-meilleur-chirurgien-pour-larthroplastie-du-genou-et-de-la-hanche\/eastport-ny\/#breadcrumb"},"inLanguage":"fr-FR","potentialAction":[{"@type":"ReadAction","target":["https:\/\/www.newyorkhipknee.com\/fr\/contact\/riverhead-meilleur-chirurgien-pour-larthroplastie-du-genou-et-de-la-hanche\/eastport-ny\/"]}]},{"@type":"BreadcrumbList","@id":"https:\/\/www.newyorkhipknee.com\/fr\/contact\/riverhead-meilleur-chirurgien-pour-larthroplastie-du-genou-et-de-la-hanche\/eastport-ny\/#breadcrumb","itemListElement":[{"@type":"ListItem","position":1,"name":"Home","item":"https:\/\/www.newyorkhipknee.com\/fr\/"},{"@type":"ListItem","position":2,"name":"CONTACT","item":"https:\/\/www.newyorkhipknee.com\/fr\/contact\/"},{"@type":"ListItem","position":3,"name":"Riverhead &#8211; Meilleur chirurgien pour l&#8217;arthroplastie du genou et de la hanche","item":"https:\/\/www.newyorkhipknee.com\/fr\/contact\/riverhead-meilleur-chirurgien-pour-larthroplastie-du-genou-et-de-la-hanche\/"},{"@type":"ListItem","position":4,"name":"Eastport, NY"}]},{"@type":"WebSite","@id":"https:\/\/www.newyorkhipknee.com\/fr\/#website","url":"https:\/\/www.newyorkhipknee.com\/fr\/","name":"Best Hip & Knee Surgeon | NY, USA","description":"","potentialAction":[{"@type":"SearchAction","target":{"@type":"EntryPoint","urlTemplate":"https:\/\/www.newyorkhipknee.com\/fr\/?s={search_term_string}"},"query-input":{"@type":"PropertyValueSpecification","valueRequired":true,"valueName":"search_term_string"}}],"inLanguage":"fr-FR"}]}},"_links":{"self":[{"href":"https:\/\/www.newyorkhipknee.com\/fr\/wp-json\/wp\/v2\/pages\/21059","targetHints":{"allow":["GET"]}}],"collection":[{"href":"https:\/\/www.newyorkhipknee.com\/fr\/wp-json\/wp\/v2\/pages"}],"about":[{"href":"https:\/\/www.newyorkhipknee.com\/fr\/wp-json\/wp\/v2\/types\/page"}],"author":[{"embeddable":true,"href":"https:\/\/www.newyorkhipknee.com\/fr\/wp-json\/wp\/v2\/users\/33"}],"replies":[{"embeddable":true,"href":"https:\/\/www.newyorkhipknee.com\/fr\/wp-json\/wp\/v2\/comments?post=21059"}],"version-history":[{"count":0,"href":"https:\/\/www.newyorkhipknee.com\/fr\/wp-json\/wp\/v2\/pages\/21059\/revisions"}],"up":[{"embeddable":true,"href":"https:\/\/www.newyorkhipknee.com\/fr\/wp-json\/wp\/v2\/pages\/17604"}],"wp:attachment":[{"href":"https:\/\/www.newyorkhipknee.com\/fr\/wp-json\/wp\/v2\/media?parent=21059"}],"curies":[{"name":"wp","href":"https:\/\/api.w.org\/{rel}","templated":true}]}}