{"id":21069,"date":"2023-12-14T16:15:26","date_gmt":"2023-12-14T21:15:26","guid":{"rendered":"https:\/\/newyorkhipknee.com\/troubles-de-la-cheville-et-du-pied\/"},"modified":"2023-12-14T16:15:26","modified_gmt":"2023-12-14T21:15:26","slug":"troubles-de-la-cheville-et-du-pied","status":"publish","type":"page","link":"https:\/\/www.newyorkhipknee.com\/fr\/indemnisation-des-travailleurs\/lignes-directrices-pour-les-traitements-medicaux-mtg\/cheville-et-pied\/troubles-de-la-cheville-et-du-pied\/","title":{"rendered":"Troubles de la cheville et du pied"},"content":{"rendered":"<p>Les lignes directrices fournies par la commission des accidents du travail de l&rsquo;\u00c9tat de New York sont con\u00e7ues pour aider les m\u00e9decins, les podologues et les autres professionnels de la sant\u00e9 \u00e0 fournir un traitement adapt\u00e9 aux troubles de la cheville et du pied.<\/p>\n<p>Ces lignes directrices de la Commission des accidents du travail visent \u00e0 aider les professionnels de la sant\u00e9 \u00e0 d\u00e9terminer le niveau de soins appropri\u00e9 pour les patients souffrant de troubles de la cheville et du pied.<\/p>\n<p>Il est important de noter que ces lignes directrices doivent compl\u00e9ter le jugement clinique et l&rsquo;expertise professionnelle. La d\u00e9cision finale concernant les soins doit \u00eatre le fruit d&rsquo;une collaboration entre le patient et son prestataire de soins.<\/p>\n<p>&nbsp;<\/p>\n<h2>Introduction aux troubles de la cheville et du pied<\/h2>\n<p>Ces conseils portent sur des probl\u00e8mes courants et potentiellement li\u00e9s au travail concernant la cheville et le pied. Il comprend l&rsquo;\u00e9valuation, la reconnaissance des \u00ab\u00a0signaux d&rsquo;alarme\u00a0\u00bb ou des indicateurs de blessures ou de maladies potentiellement graves, le diagnostic, l&rsquo;utilisation de tests diagnostiques pour identifier la pathologie clinique, et les soins qui s&rsquo;ensuivent. Des indicateurs tels que les fractures, les dislocations, le cancer, les probl\u00e8mes m\u00e9taboliques, les infections et d&rsquo;autres conditions m\u00e9dicales sont tous pris en consid\u00e9ration.<\/p>\n<p>&nbsp;<\/p>\n<h2>Anamn\u00e8se et examen physique pour les troubles de la cheville et du pied<\/h2>\n<p>L&rsquo;examen physique et le recueil des ant\u00e9c\u00e9dents m\u00e9dicaux constituent la base et l&rsquo;orientation des mesures diagnostiques et th\u00e9rapeutiques. Dans les cas o\u00f9 les r\u00e9sultats des \u00e9valuations cliniques diff\u00e8rent de ceux obtenus par d&rsquo;autres m\u00e9thodes de diagnostic, la priorit\u00e9 doit \u00eatre donn\u00e9e aux r\u00e9sultats cliniques objectifs. Les informations suivantes doivent \u00eatre consign\u00e9es avec pr\u00e9cision dans le dossier m\u00e9dical :<\/p>\n<p>&nbsp;<\/p>\n<h3>Ant\u00e9c\u00e9dents de la blessure actuelle pour les troubles de la cheville et du pied<\/h3>\n<p>Le m\u00e9canisme de la l\u00e9sion, comprenant des d\u00e9tails sur l&rsquo;apparition et la progression des sympt\u00f4mes, ainsi que tout sympt\u00f4me r\u00e9sultant d&rsquo;ajustements posturaux ou fonctionnels dus \u00e0 la l\u00e9sion de la cheville et du pied ;<\/p>\n<p>Lien avec le travail : Une d\u00e9claration concernant la probabilit\u00e9 que l&rsquo;affection ou la blessure soit li\u00e9e au travail ;<\/p>\n<p>Blessures ant\u00e9rieures, li\u00e9es ou non au travail, affectant la m\u00eame zone, ainsi que tout traitement sp\u00e9cialis\u00e9 ant\u00e9rieur ;<\/p>\n<p>Capacit\u00e9 fonctionnelle \u00e0 effectuer des activit\u00e9s quotidiennes et des t\u00e2ches professionnelles ;<\/p>\n<p>Facteurs d&rsquo;aggravation ou d&rsquo;att\u00e9nuation des sympt\u00f4mes, en tenant compte non seulement de la cheville et du pied, mais aussi d&rsquo;autres aspects pertinents.<\/p>\n<p>&nbsp;<\/p>\n<h3>Ant\u00e9c\u00e9dents de troubles de la cheville et du pied<\/h3>\n<p>Les ant\u00e9c\u00e9dents m\u00e9dicaux peuvent comprendre des affections telles que le diab\u00e8te, la goutte, l&rsquo;arthrite et les n\u00e9oplasmes.<\/p>\n<p>L&rsquo;examen des syst\u00e8mes doit prendre en compte les sympt\u00f4mes li\u00e9s aux troubles rhumatologiques, neurologiques, endocriniens, n\u00e9oplasiques et autres troubles syst\u00e9miques, sans se limiter \u00e0 ceux qui concernent exclusivement le syst\u00e8me musculo-squelettique.<\/p>\n<p>Ant\u00e9c\u00e9dents de tabagisme ;<br \/>\nD\u00e9tails sur la carri\u00e8re et les activit\u00e9s de loisirs ;<br \/>\nDocumentation de toute \u00e9tude d&rsquo;imagerie ant\u00e9rieure ;<br \/>\nDossier d&rsquo;interventions chirurgicales ant\u00e9rieures.<\/p>\n<p>&nbsp;<\/p>\n<h3>Examen physique pour les troubles de la cheville et du pied<\/h3>\n<p>L&rsquo;examen de l&rsquo;articulation doit porter sur les parties sup\u00e9rieure et inf\u00e9rieure, ainsi que sur le c\u00f4t\u00e9 oppos\u00e9 \u00e0 des fins de comparaison. L&rsquo;examen physique doit utiliser des proc\u00e9dures et des tests adapt\u00e9s \u00e0 l&rsquo;articulation ou \u00e0 la zone \u00e9valu\u00e9e, tels que<\/p>\n<ol>\n<li><strong>Inspection visuelle :<\/strong> Recherchez les asym\u00e9tries et les anomalies pouvant indiquer une d\u00e9g\u00e9n\u00e9rescence, une malformation, une fracture ou une dislocation. Examinez les deux pieds et v\u00e9rifiez qu&rsquo;il n&rsquo;y a pas de blessures importantes, telles que des blessures par \u00e9crasement, des blessures par d\u00e9gantage, des lac\u00e9rations, des blessures par perforation et des blessures ouvertes.<\/li>\n<li><strong>Palpation :<\/strong><\/li>\n<li><strong>Qualit\u00e9 et amplitude des mouvements (actifs et passifs) :<\/strong> \u00c9valuer l&rsquo;amplitude des mouvements actifs et passifs du pied et de la cheville. Comparez la mobilit\u00e9 du c\u00f4t\u00e9 atteint avec celle du c\u00f4t\u00e9 non atteint.<\/li>\n<li><strong>La force contre l&rsquo;atrophie ou la faiblesse :<\/strong><\/li>\n<li><strong>Stabilit\u00e9 et int\u00e9grit\u00e9 des articulations :<\/strong> Solliciter les ligaments pour d\u00e9terminer la stabilit\u00e9 et comparer avec le c\u00f4t\u00e9 non affect\u00e9.<\/li>\n<li><strong>V\u00e9rification des d\u00e9formations et des d\u00e9placements :<\/strong> Examiner les d\u00e9formations et les d\u00e9placements \u00e9ventuels.<\/li>\n<li><strong>\u00c9valuation neurologique :<\/strong> \u00c9valuer les fonctions motrices, sensorielles et r\u00e9flexes en fonction de la situation clinique. \u00c9valuer l&rsquo;\u00e9tat vasculaire, y compris l&rsquo;int\u00e9grit\u00e9 de la circulation distale, les pouls p\u00e9riph\u00e9riques et la temp\u00e9rature de la peau. Soyez attentif aux indicateurs de plaies importantes, tels que le d\u00e9gantage, les lac\u00e9rations, les plaies par perforation, les plaies ouvertes et les plaies par \u00e9crasement.<\/li>\n<\/ol>\n<p>&nbsp;<\/p>\n<h3>\u00c9valuation des signaux d&rsquo;alerte pour les troubles de la cheville et du pied<\/h3>\n<p>Certaines constatations, souvent appel\u00e9es \u00ab\u00a0drapeaux rouges\u00a0\u00bb, indiquent la pr\u00e9sence potentielle de probl\u00e8mes m\u00e9dicaux importants. Lors de l&rsquo;examen des ant\u00e9c\u00e9dents et de l&rsquo;examen physique, il est essentiel d&rsquo;\u00eatre attentif aux signes d&rsquo;alerte. Dans le cas du pied et de la cheville, ces signes peuvent comprendre le syndrome des loges, les fractures, les luxations, les infections ou inflammations, les tumeurs, les ruptures de tendon et les infections ou inflammations.<\/p>\n<p>Les directives de traitement m\u00e9dical des blessures \u00e0 la cheville et au pied de l&rsquo;\u00c9tat de New York d\u00e9crivent les ajustements \u00e0 apporter \u00e0 la prise en charge clinique suite \u00e0 l&rsquo;identification de \u00ab\u00a0signaux d&rsquo;alerte\u00a0\u00bb. Dans ce cas, une \u00e9valuation compl\u00e9mentaire, une consultation ou une action urgente peut s&rsquo;av\u00e9rer n\u00e9cessaire.<\/p>\n<p>&nbsp;<\/p>\n<h3>Crit\u00e8res de diagnostic et diagnostic diff\u00e9rentiel pour les troubles de la cheville et du pied<\/h3>\n<p>Dans la majorit\u00e9 des cas d&rsquo;affections authentiques du pied et de la cheville, les tests diagnostiques sont g\u00e9n\u00e9ralement inutiles jusqu&rsquo;\u00e0 ce qu&rsquo;une p\u00e9riode de traitement conservateur et d&rsquo;observation ait \u00e9t\u00e9 mise en place. La plupart des probl\u00e8mes de cheville et de pied tendent \u00e0 s&rsquo;am\u00e9liorer une fois que les signes avant-coureurs ont \u00e9t\u00e9 pris en compte.<\/p>\n<p>Au cours du premier mois de restriction d&rsquo;activit\u00e9, les diagnostics de routine, y compris les tests de laboratoire, les radiographies simples du pied ou de la cheville ou les \u00e9tudes d&rsquo;imagerie sp\u00e9cialis\u00e9es, ne sont pas recommand\u00e9s. Des exceptions peuvent \u00eatre faites si les ant\u00e9c\u00e9dents ou les r\u00e9sultats de l&rsquo;examen permettent de suspecter un probl\u00e8me important au niveau du pied ou de la cheville ou une douleur r\u00e9f\u00e9r\u00e9e.<\/p>\n<p>&nbsp;<\/p>\n<h3>Tests et proc\u00e9dures de diagnostic pour les troubles de la cheville et du pied<\/h3>\n<p>Le choix de la proc\u00e9dure d&rsquo;imagerie diagnostique appropri\u00e9e est crucial pour garantir la pr\u00e9cision, minimiser les effets n\u00e9gatifs et promouvoir la rentabilit\u00e9. Les diff\u00e9rentes m\u00e9thodes d&rsquo;imagerie offrent des niveaux variables de sp\u00e9cificit\u00e9 et de sensibilit\u00e9 pour les diagnostics, et aucune n&rsquo;est exclusive d&rsquo;une condition particuli\u00e8re. Les informations cliniques recueillies lors de l&rsquo;anamn\u00e8se et de l&rsquo;examen physique doivent guider la s\u00e9lection et l&rsquo;interpr\u00e9tation des proc\u00e9dures de diagnostic.<\/p>\n<p>La r\u00e9p\u00e9tition d&rsquo;une proc\u00e9dure de diagnostic n&rsquo;est pas n\u00e9cessaire si la proc\u00e9dure initiale, accompagn\u00e9e de donn\u00e9es cliniques, fournit suffisamment d&rsquo;informations pour un diagnostic correct. Toutefois, si les premi\u00e8res proc\u00e9dures ne sont pas concluantes, une proc\u00e9dure de diagnostic ult\u00e9rieure, \u00e9ventuellement une r\u00e9p\u00e9tition de la m\u00eame proc\u00e9dure, peut \u00eatre envisag\u00e9e sur la base du jugement du professionnel.<\/p>\n<p>Le choix de la technique d&rsquo;imagerie d\u00e9pend de facteurs tels que la disponibilit\u00e9, la tol\u00e9rance du patient et l&rsquo;expertise du professionnel traitant. Des examens d&rsquo;imagerie r\u00e9p\u00e9t\u00e9s peuvent \u00eatre n\u00e9cessaires dans certains cas pour contr\u00f4ler l&rsquo;efficacit\u00e9 du traitement, r\u00e9\u00e9valuer la pathologie ou, apr\u00e8s l&rsquo;op\u00e9ration, pour contr\u00f4ler la cicatrisation. Il est essentiel d&rsquo;\u00eatre conscient de la dose cumulative de rayonnement associ\u00e9e aux examens tomodensitom\u00e9triques r\u00e9p\u00e9titifs et des risques qui en d\u00e9coulent.<\/p>\n<p>Une \u00e9valuation plus pouss\u00e9e des l\u00e9sions du pied et de la cheville peut s&rsquo;av\u00e9rer n\u00e9cessaire en fonction du m\u00e9canisme de la l\u00e9sion, des sympt\u00f4mes et des ant\u00e9c\u00e9dents du patient, le cas \u00e9ch\u00e9ant.<\/p>\n<p>&nbsp;<\/p>\n<h2>Ce que notre cabinet peut faire si vous \u00eates victime d&rsquo;une blessure \u00e0 la cheville ou au pied dans le cadre d&rsquo;un accident du travail<\/h2>\n<p>Nous disposons de l&rsquo;expertise n\u00e9cessaire pour vous aider \u00e0 r\u00e9soudre vos probl\u00e8mes d&rsquo;indemnisation des accidents du travail. Nous comprenons les d\u00e9fis auxquels vous \u00eates confront\u00e9s et nous nous engageons \u00e0 r\u00e9pondre \u00e0 vos besoins m\u00e9dicaux tout en respectant les directives \u00e9tablies par la Commission des accidents du travail de l&rsquo;\u00c9tat de New York.<\/p>\n<p>Conscients de l&rsquo;importance de vos dossiers d&rsquo;indemnisation des accidents du travail, nous sommes l\u00e0 pour vous guider dans la complexit\u00e9 des relations avec la compagnie d&rsquo;assurance des accidents du travail et avec votre employeur.<\/p>\n<p>Nous comprenons que cette p\u00e9riode peut \u00eatre stressante pour vous et votre famille. Si vous souhaitez prendre un rendez-vous, n&rsquo;h\u00e9sitez pas \u00e0 nous contacter et nous ferons tout notre possible pour que la proc\u00e9dure soit la plus simple et la plus pratique possible pour vous.<\/p>\n","protected":false},"excerpt":{"rendered":"<p>Les lignes directrices fournies par la commission des accidents du travail de l&rsquo;\u00c9tat de New York sont con\u00e7ues pour aider les m\u00e9decins, les podologues et les autres professionnels de la sant\u00e9 \u00e0 fournir un traitement adapt\u00e9 aux troubles de la cheville et du pied. Ces lignes directrices de la Commission des accidents du travail visent [&hellip;]<\/p>\n","protected":false},"author":33,"featured_media":0,"parent":21154,"menu_order":0,"comment_status":"closed","ping_status":"closed","template":"","meta":{"_et_pb_use_builder":"","_et_pb_old_content":"","_et_gb_content_width":"","footnotes":""},"class_list":["post-21069","page","type-page","status-publish","hentry"],"yoast_head":"<!-- This site is optimized with the Yoast SEO plugin v27.2 - https:\/\/yoast.com\/product\/yoast-seo-wordpress\/ -->\n<title>Troubles de la cheville et du pied | Best Hip &amp; Knee Surgeon | NY, USA<\/title>\n<meta name=\"description\" content=\"Les lignes directrices fournies par la commission des accidents du travail de l&#039;\u00c9tat de New York sont con\u00e7ues pour aider les m\u00e9decins, les podologues et\" \/>\n<meta name=\"robots\" content=\"index, follow, max-snippet:-1, max-image-preview:large, max-video-preview:-1\" \/>\n<link rel=\"canonical\" href=\"https:\/\/www.newyorkhipknee.com\/fr\/indemnisation-des-travailleurs\/lignes-directrices-pour-les-traitements-medicaux-mtg\/cheville-et-pied\/troubles-de-la-cheville-et-du-pied\/\" \/>\n<meta property=\"og:locale\" content=\"fr_FR\" \/>\n<meta property=\"og:type\" content=\"article\" \/>\n<meta property=\"og:title\" content=\"Troubles de la cheville et du pied | Best Hip &amp; Knee Surgeon | NY, USA\" \/>\n<meta property=\"og:description\" content=\"Les lignes directrices fournies par la commission des accidents du travail de l&#039;\u00c9tat de New York sont con\u00e7ues pour aider les m\u00e9decins, les podologues et\" \/>\n<meta property=\"og:url\" content=\"https:\/\/www.newyorkhipknee.com\/fr\/indemnisation-des-travailleurs\/lignes-directrices-pour-les-traitements-medicaux-mtg\/cheville-et-pied\/troubles-de-la-cheville-et-du-pied\/\" \/>\n<meta property=\"og:site_name\" content=\"Best Hip &amp; Knee Surgeon | NY, USA\" \/>\n<meta name=\"twitter:card\" content=\"summary_large_image\" \/>\n<meta name=\"twitter:label1\" content=\"Dur\u00e9e de lecture estim\u00e9e\" \/>\n\t<meta name=\"twitter:data1\" content=\"8 minutes\" \/>\n<script type=\"application\/ld+json\" class=\"yoast-schema-graph\">{\"@context\":\"https:\/\/schema.org\",\"@graph\":[{\"@type\":[\"WebPage\",\"MedicalWebPage\"],\"@id\":\"https:\/\/www.newyorkhipknee.com\/fr\/indemnisation-des-travailleurs\/lignes-directrices-pour-les-traitements-medicaux-mtg\/cheville-et-pied\/troubles-de-la-cheville-et-du-pied\/\",\"url\":\"https:\/\/www.newyorkhipknee.com\/fr\/indemnisation-des-travailleurs\/lignes-directrices-pour-les-traitements-medicaux-mtg\/cheville-et-pied\/troubles-de-la-cheville-et-du-pied\/\",\"name\":\"Troubles de la cheville et du pied | Best Hip &amp; Knee Surgeon | NY, USA\",\"isPartOf\":{\"@id\":\"https:\/\/www.newyorkhipknee.com\/fr\/#website\"},\"datePublished\":\"2023-12-14T21:15:26+00:00\",\"description\":\"Les lignes directrices fournies par la commission des accidents du travail de l'\u00c9tat de New York sont con\u00e7ues pour aider les m\u00e9decins, les podologues et\",\"breadcrumb\":{\"@id\":\"https:\/\/www.newyorkhipknee.com\/fr\/indemnisation-des-travailleurs\/lignes-directrices-pour-les-traitements-medicaux-mtg\/cheville-et-pied\/troubles-de-la-cheville-et-du-pied\/#breadcrumb\"},\"inLanguage\":\"fr-FR\",\"potentialAction\":[{\"@type\":\"ReadAction\",\"target\":[\"https:\/\/www.newyorkhipknee.com\/fr\/indemnisation-des-travailleurs\/lignes-directrices-pour-les-traitements-medicaux-mtg\/cheville-et-pied\/troubles-de-la-cheville-et-du-pied\/\"]}]},{\"@type\":\"BreadcrumbList\",\"@id\":\"https:\/\/www.newyorkhipknee.com\/fr\/indemnisation-des-travailleurs\/lignes-directrices-pour-les-traitements-medicaux-mtg\/cheville-et-pied\/troubles-de-la-cheville-et-du-pied\/#breadcrumb\",\"itemListElement\":[{\"@type\":\"ListItem\",\"position\":1,\"name\":\"Home\",\"item\":\"https:\/\/www.newyorkhipknee.com\/fr\/\"},{\"@type\":\"ListItem\",\"position\":2,\"name\":\"Indemnisation des travailleurs\",\"item\":\"https:\/\/www.newyorkhipknee.com\/fr\/indemnisation-des-travailleurs\/\"},{\"@type\":\"ListItem\",\"position\":3,\"name\":\"Lignes directrices pour les traitements m\u00e9dicaux (MTG)\",\"item\":\"https:\/\/www.newyorkhipknee.com\/fr\/indemnisation-des-travailleurs\/lignes-directrices-pour-les-traitements-medicaux-mtg\/\"},{\"@type\":\"ListItem\",\"position\":4,\"name\":\"Cheville et pied\",\"item\":\"https:\/\/www.newyorkhipknee.com\/fr\/indemnisation-des-travailleurs\/lignes-directrices-pour-les-traitements-medicaux-mtg\/cheville-et-pied\/\"},{\"@type\":\"ListItem\",\"position\":5,\"name\":\"Troubles de la cheville et du pied\"}]},{\"@type\":\"WebSite\",\"@id\":\"https:\/\/www.newyorkhipknee.com\/fr\/#website\",\"url\":\"https:\/\/www.newyorkhipknee.com\/fr\/\",\"name\":\"Best Hip & Knee Surgeon | NY, USA\",\"description\":\"\",\"potentialAction\":[{\"@type\":\"SearchAction\",\"target\":{\"@type\":\"EntryPoint\",\"urlTemplate\":\"https:\/\/www.newyorkhipknee.com\/fr\/?s={search_term_string}\"},\"query-input\":{\"@type\":\"PropertyValueSpecification\",\"valueRequired\":true,\"valueName\":\"search_term_string\"}}],\"inLanguage\":\"fr-FR\"}]}<\/script>\n<!-- \/ Yoast SEO plugin. -->","yoast_head_json":{"title":"Troubles de la cheville et du pied | Best Hip &amp; Knee Surgeon | NY, USA","description":"Les lignes directrices fournies par la commission des accidents du travail de l'\u00c9tat de New York sont con\u00e7ues pour aider les m\u00e9decins, les podologues et","robots":{"index":"index","follow":"follow","max-snippet":"max-snippet:-1","max-image-preview":"max-image-preview:large","max-video-preview":"max-video-preview:-1"},"canonical":"https:\/\/www.newyorkhipknee.com\/fr\/indemnisation-des-travailleurs\/lignes-directrices-pour-les-traitements-medicaux-mtg\/cheville-et-pied\/troubles-de-la-cheville-et-du-pied\/","og_locale":"fr_FR","og_type":"article","og_title":"Troubles de la cheville et du pied | Best Hip &amp; Knee Surgeon | NY, USA","og_description":"Les lignes directrices fournies par la commission des accidents du travail de l'\u00c9tat de New York sont con\u00e7ues pour aider les m\u00e9decins, les podologues et","og_url":"https:\/\/www.newyorkhipknee.com\/fr\/indemnisation-des-travailleurs\/lignes-directrices-pour-les-traitements-medicaux-mtg\/cheville-et-pied\/troubles-de-la-cheville-et-du-pied\/","og_site_name":"Best Hip &amp; Knee Surgeon | NY, USA","twitter_card":"summary_large_image","twitter_misc":{"Dur\u00e9e de lecture estim\u00e9e":"8 minutes"},"schema":{"@context":"https:\/\/schema.org","@graph":[{"@type":["WebPage","MedicalWebPage"],"@id":"https:\/\/www.newyorkhipknee.com\/fr\/indemnisation-des-travailleurs\/lignes-directrices-pour-les-traitements-medicaux-mtg\/cheville-et-pied\/troubles-de-la-cheville-et-du-pied\/","url":"https:\/\/www.newyorkhipknee.com\/fr\/indemnisation-des-travailleurs\/lignes-directrices-pour-les-traitements-medicaux-mtg\/cheville-et-pied\/troubles-de-la-cheville-et-du-pied\/","name":"Troubles de la cheville et du pied | Best Hip &amp; Knee Surgeon | NY, USA","isPartOf":{"@id":"https:\/\/www.newyorkhipknee.com\/fr\/#website"},"datePublished":"2023-12-14T21:15:26+00:00","description":"Les lignes directrices fournies par la commission des accidents du travail de l'\u00c9tat de New York sont con\u00e7ues pour aider les m\u00e9decins, les podologues et","breadcrumb":{"@id":"https:\/\/www.newyorkhipknee.com\/fr\/indemnisation-des-travailleurs\/lignes-directrices-pour-les-traitements-medicaux-mtg\/cheville-et-pied\/troubles-de-la-cheville-et-du-pied\/#breadcrumb"},"inLanguage":"fr-FR","potentialAction":[{"@type":"ReadAction","target":["https:\/\/www.newyorkhipknee.com\/fr\/indemnisation-des-travailleurs\/lignes-directrices-pour-les-traitements-medicaux-mtg\/cheville-et-pied\/troubles-de-la-cheville-et-du-pied\/"]}]},{"@type":"BreadcrumbList","@id":"https:\/\/www.newyorkhipknee.com\/fr\/indemnisation-des-travailleurs\/lignes-directrices-pour-les-traitements-medicaux-mtg\/cheville-et-pied\/troubles-de-la-cheville-et-du-pied\/#breadcrumb","itemListElement":[{"@type":"ListItem","position":1,"name":"Home","item":"https:\/\/www.newyorkhipknee.com\/fr\/"},{"@type":"ListItem","position":2,"name":"Indemnisation des travailleurs","item":"https:\/\/www.newyorkhipknee.com\/fr\/indemnisation-des-travailleurs\/"},{"@type":"ListItem","position":3,"name":"Lignes directrices pour les traitements m\u00e9dicaux (MTG)","item":"https:\/\/www.newyorkhipknee.com\/fr\/indemnisation-des-travailleurs\/lignes-directrices-pour-les-traitements-medicaux-mtg\/"},{"@type":"ListItem","position":4,"name":"Cheville et pied","item":"https:\/\/www.newyorkhipknee.com\/fr\/indemnisation-des-travailleurs\/lignes-directrices-pour-les-traitements-medicaux-mtg\/cheville-et-pied\/"},{"@type":"ListItem","position":5,"name":"Troubles de la cheville et du pied"}]},{"@type":"WebSite","@id":"https:\/\/www.newyorkhipknee.com\/fr\/#website","url":"https:\/\/www.newyorkhipknee.com\/fr\/","name":"Best Hip & Knee Surgeon | NY, USA","description":"","potentialAction":[{"@type":"SearchAction","target":{"@type":"EntryPoint","urlTemplate":"https:\/\/www.newyorkhipknee.com\/fr\/?s={search_term_string}"},"query-input":{"@type":"PropertyValueSpecification","valueRequired":true,"valueName":"search_term_string"}}],"inLanguage":"fr-FR"}]}},"_links":{"self":[{"href":"https:\/\/www.newyorkhipknee.com\/fr\/wp-json\/wp\/v2\/pages\/21069","targetHints":{"allow":["GET"]}}],"collection":[{"href":"https:\/\/www.newyorkhipknee.com\/fr\/wp-json\/wp\/v2\/pages"}],"about":[{"href":"https:\/\/www.newyorkhipknee.com\/fr\/wp-json\/wp\/v2\/types\/page"}],"author":[{"embeddable":true,"href":"https:\/\/www.newyorkhipknee.com\/fr\/wp-json\/wp\/v2\/users\/33"}],"replies":[{"embeddable":true,"href":"https:\/\/www.newyorkhipknee.com\/fr\/wp-json\/wp\/v2\/comments?post=21069"}],"version-history":[{"count":0,"href":"https:\/\/www.newyorkhipknee.com\/fr\/wp-json\/wp\/v2\/pages\/21069\/revisions"}],"up":[{"embeddable":true,"href":"https:\/\/www.newyorkhipknee.com\/fr\/wp-json\/wp\/v2\/pages\/21154"}],"wp:attachment":[{"href":"https:\/\/www.newyorkhipknee.com\/fr\/wp-json\/wp\/v2\/media?parent=21069"}],"curies":[{"name":"wp","href":"https:\/\/api.w.org\/{rel}","templated":true}]}}