{"id":21076,"date":"2023-12-15T16:39:25","date_gmt":"2023-12-15T21:39:25","guid":{"rendered":"https:\/\/newyorkhipknee.com\/tendinopathies-de-la-cheville\/"},"modified":"2024-01-01T09:26:28","modified_gmt":"2024-01-01T14:26:28","slug":"tendinopathies-de-la-cheville","status":"publish","type":"page","link":"https:\/\/www.newyorkhipknee.com\/fr\/indemnisation-des-travailleurs\/lignes-directrices-pour-les-traitements-medicaux-mtg\/cheville-et-pied\/tendinopathies-de-la-cheville\/","title":{"rendered":"Tendinopathies de la cheville"},"content":{"rendered":"<p>Les lignes directrices relatives aux tendinopathies de la cheville ont \u00e9t\u00e9 formul\u00e9es par la commission des accidents du travail de l&rsquo;\u00c9tat de New York afin d&rsquo;aider les m\u00e9decins, les podologues et les autres professionnels de la sant\u00e9 \u00e0 dispenser un traitement adapt\u00e9.<\/p>\n<p>Ces lignes directrices de la Commission des accidents du travail sont con\u00e7ues comme une ressource pr\u00e9cieuse pour les professionnels de la sant\u00e9, les aidant \u00e0 prendre des d\u00e9cisions \u00e9clair\u00e9es sur le niveau de soins appropri\u00e9 pour les patients souffrant de troubles de la cheville et du pied.<\/p>\n<p>Il est important de souligner que ces lignes directrices ne remplacent pas le jugement clinique ou l&rsquo;exp\u00e9rience professionnelle. La d\u00e9cision finale concernant les soins doit \u00eatre prise en collaboration entre le patient et son prestataire de soins.<\/p>\n<p>&nbsp;<\/p>\n<h2>Tendinopathies de la cheville (autres que la tendinopathie d&rsquo;Achille)<\/h2>\n<p>Comme au poignet, les compartiments tendineux de la cheville peuvent d\u00e9velopper une t\u00e9nosynovite st\u00e9nosante. Ces compartiments peuvent subir des changements d\u00e9g\u00e9n\u00e9ratifs li\u00e9s \u00e0 l&rsquo;\u00e2ge et \u00eatre influenc\u00e9s par diverses maladies, notamment les troubles rhumatismaux, le diab\u00e8te sucr\u00e9 et les infections. Les probl\u00e8mes li\u00e9s aux tendons de la cheville peuvent se traduire par des d\u00e9chirures, des luxations et des subluxations.<\/p>\n<p>Cependant, contrairement \u00e0 la tendinopathie d&rsquo;Achille, il n&rsquo;existe pas d&rsquo;essais de haute qualit\u00e9 portant sp\u00e9cifiquement sur les tendinopathies de la cheville. La prise en charge et le traitement de ces affections tendineuses de la cheville et du pied s&rsquo;appuient souvent sur des comparaisons avec d&rsquo;autres tendinopathies, en particulier celles qui affectent le poignet.<\/p>\n<p>&nbsp;<\/p>\n<h2>Ce que notre cabinet peut faire si vous souffrez de tendinopathies de la cheville<\/h2>\n<p>Nous mettons notre exp\u00e9rience \u00e0 votre service pour vous aider \u00e0 r\u00e9soudre vos probl\u00e8mes d&rsquo;indemnisation des accidents du travail. Nous comprenons les d\u00e9fis auxquels vous \u00eates confront\u00e9s et nous nous engageons \u00e0 r\u00e9pondre \u00e0 vos besoins m\u00e9dicaux tout en respectant les directives \u00e9tablies par la commission des accidents du travail de l&rsquo;\u00c9tat de New York.<\/p>\n<p>Conscients de l&rsquo;importance de vos dossiers d&rsquo;indemnisation des travailleurs, nous sommes l\u00e0 pour vous guider dans la complexit\u00e9 des relations avec la compagnie d&rsquo;assurance et votre employeur.<\/p>\n<p>Nous comprenons qu&rsquo;il s&rsquo;agit d&rsquo;une p\u00e9riode stressante pour vous et votre famille. Si vous souhaitez prendre rendez-vous, n&rsquo;h\u00e9sitez pas \u00e0 nous contacter. Nous nous effor\u00e7ons de rendre le processus aussi facile que possible pour vous et nous ferons tout ce qui est en notre pouvoir pour vous aider.<\/p>\n","protected":false},"excerpt":{"rendered":"<p>Les lignes directrices relatives aux tendinopathies de la cheville ont \u00e9t\u00e9 formul\u00e9es par la commission des accidents du travail de l&rsquo;\u00c9tat de New York afin d&rsquo;aider les m\u00e9decins, les podologues et les autres professionnels de la sant\u00e9 \u00e0 dispenser un traitement adapt\u00e9. Ces lignes directrices de la Commission des accidents du travail sont con\u00e7ues comme [&hellip;]<\/p>\n","protected":false},"author":33,"featured_media":0,"parent":21154,"menu_order":0,"comment_status":"closed","ping_status":"closed","template":"","meta":{"_et_pb_use_builder":"","_et_pb_old_content":"","_et_gb_content_width":"","footnotes":""},"class_list":["post-21076","page","type-page","status-publish","hentry"],"yoast_head":"<!-- This site is optimized with the Yoast SEO plugin v27.2 - https:\/\/yoast.com\/product\/yoast-seo-wordpress\/ -->\n<title>Tendinopathies de la cheville | Best Hip &amp; Knee Surgeon | NY, USA<\/title>\n<meta name=\"description\" content=\"Les lignes directrices relatives aux tendinopathies de la cheville ont \u00e9t\u00e9 formul\u00e9es par la commission des accidents du travail de l&#039;\u00c9tat de New York afin\" \/>\n<meta name=\"robots\" content=\"index, follow, max-snippet:-1, max-image-preview:large, max-video-preview:-1\" \/>\n<link rel=\"canonical\" href=\"https:\/\/www.newyorkhipknee.com\/fr\/indemnisation-des-travailleurs\/lignes-directrices-pour-les-traitements-medicaux-mtg\/cheville-et-pied\/tendinopathies-de-la-cheville\/\" \/>\n<meta property=\"og:locale\" content=\"fr_FR\" \/>\n<meta property=\"og:type\" content=\"article\" \/>\n<meta property=\"og:title\" content=\"Tendinopathies de la cheville | Best Hip &amp; Knee Surgeon | NY, USA\" \/>\n<meta property=\"og:description\" content=\"Les lignes directrices relatives aux tendinopathies de la cheville ont \u00e9t\u00e9 formul\u00e9es par la commission des accidents du travail de l&#039;\u00c9tat de New York afin\" \/>\n<meta property=\"og:url\" content=\"https:\/\/www.newyorkhipknee.com\/fr\/indemnisation-des-travailleurs\/lignes-directrices-pour-les-traitements-medicaux-mtg\/cheville-et-pied\/tendinopathies-de-la-cheville\/\" \/>\n<meta property=\"og:site_name\" content=\"Best Hip &amp; Knee Surgeon | NY, USA\" \/>\n<meta property=\"article:modified_time\" content=\"2024-01-01T14:26:28+00:00\" \/>\n<meta name=\"twitter:card\" content=\"summary_large_image\" \/>\n<meta name=\"twitter:label1\" content=\"Dur\u00e9e de lecture estim\u00e9e\" \/>\n\t<meta name=\"twitter:data1\" content=\"2 minutes\" \/>\n<script type=\"application\/ld+json\" class=\"yoast-schema-graph\">{\"@context\":\"https:\/\/schema.org\",\"@graph\":[{\"@type\":[\"WebPage\",\"MedicalWebPage\"],\"@id\":\"https:\/\/www.newyorkhipknee.com\/fr\/indemnisation-des-travailleurs\/lignes-directrices-pour-les-traitements-medicaux-mtg\/cheville-et-pied\/tendinopathies-de-la-cheville\/\",\"url\":\"https:\/\/www.newyorkhipknee.com\/fr\/indemnisation-des-travailleurs\/lignes-directrices-pour-les-traitements-medicaux-mtg\/cheville-et-pied\/tendinopathies-de-la-cheville\/\",\"name\":\"Tendinopathies de la cheville | Best Hip &amp; Knee Surgeon | NY, USA\",\"isPartOf\":{\"@id\":\"https:\/\/www.newyorkhipknee.com\/fr\/#website\"},\"datePublished\":\"2023-12-15T21:39:25+00:00\",\"dateModified\":\"2024-01-01T14:26:28+00:00\",\"description\":\"Les lignes directrices relatives aux tendinopathies de la cheville ont \u00e9t\u00e9 formul\u00e9es par la commission des accidents du travail de l'\u00c9tat de New York afin\",\"breadcrumb\":{\"@id\":\"https:\/\/www.newyorkhipknee.com\/fr\/indemnisation-des-travailleurs\/lignes-directrices-pour-les-traitements-medicaux-mtg\/cheville-et-pied\/tendinopathies-de-la-cheville\/#breadcrumb\"},\"inLanguage\":\"fr-FR\",\"potentialAction\":[{\"@type\":\"ReadAction\",\"target\":[\"https:\/\/www.newyorkhipknee.com\/fr\/indemnisation-des-travailleurs\/lignes-directrices-pour-les-traitements-medicaux-mtg\/cheville-et-pied\/tendinopathies-de-la-cheville\/\"]}]},{\"@type\":\"BreadcrumbList\",\"@id\":\"https:\/\/www.newyorkhipknee.com\/fr\/indemnisation-des-travailleurs\/lignes-directrices-pour-les-traitements-medicaux-mtg\/cheville-et-pied\/tendinopathies-de-la-cheville\/#breadcrumb\",\"itemListElement\":[{\"@type\":\"ListItem\",\"position\":1,\"name\":\"Home\",\"item\":\"https:\/\/www.newyorkhipknee.com\/fr\/\"},{\"@type\":\"ListItem\",\"position\":2,\"name\":\"Indemnisation des travailleurs\",\"item\":\"https:\/\/www.newyorkhipknee.com\/fr\/indemnisation-des-travailleurs\/\"},{\"@type\":\"ListItem\",\"position\":3,\"name\":\"Lignes directrices pour les traitements m\u00e9dicaux (MTG)\",\"item\":\"https:\/\/www.newyorkhipknee.com\/fr\/indemnisation-des-travailleurs\/lignes-directrices-pour-les-traitements-medicaux-mtg\/\"},{\"@type\":\"ListItem\",\"position\":4,\"name\":\"Cheville et pied\",\"item\":\"https:\/\/www.newyorkhipknee.com\/fr\/indemnisation-des-travailleurs\/lignes-directrices-pour-les-traitements-medicaux-mtg\/cheville-et-pied\/\"},{\"@type\":\"ListItem\",\"position\":5,\"name\":\"Tendinopathies de la cheville\"}]},{\"@type\":\"WebSite\",\"@id\":\"https:\/\/www.newyorkhipknee.com\/fr\/#website\",\"url\":\"https:\/\/www.newyorkhipknee.com\/fr\/\",\"name\":\"Best Hip & Knee Surgeon | NY, USA\",\"description\":\"\",\"potentialAction\":[{\"@type\":\"SearchAction\",\"target\":{\"@type\":\"EntryPoint\",\"urlTemplate\":\"https:\/\/www.newyorkhipknee.com\/fr\/?s={search_term_string}\"},\"query-input\":{\"@type\":\"PropertyValueSpecification\",\"valueRequired\":true,\"valueName\":\"search_term_string\"}}],\"inLanguage\":\"fr-FR\"}]}<\/script>\n<!-- \/ Yoast SEO plugin. -->","yoast_head_json":{"title":"Tendinopathies de la cheville | Best Hip &amp; Knee Surgeon | NY, USA","description":"Les lignes directrices relatives aux tendinopathies de la cheville ont \u00e9t\u00e9 formul\u00e9es par la commission des accidents du travail de l'\u00c9tat de New York afin","robots":{"index":"index","follow":"follow","max-snippet":"max-snippet:-1","max-image-preview":"max-image-preview:large","max-video-preview":"max-video-preview:-1"},"canonical":"https:\/\/www.newyorkhipknee.com\/fr\/indemnisation-des-travailleurs\/lignes-directrices-pour-les-traitements-medicaux-mtg\/cheville-et-pied\/tendinopathies-de-la-cheville\/","og_locale":"fr_FR","og_type":"article","og_title":"Tendinopathies de la cheville | Best Hip &amp; Knee Surgeon | NY, USA","og_description":"Les lignes directrices relatives aux tendinopathies de la cheville ont \u00e9t\u00e9 formul\u00e9es par la commission des accidents du travail de l'\u00c9tat de New York afin","og_url":"https:\/\/www.newyorkhipknee.com\/fr\/indemnisation-des-travailleurs\/lignes-directrices-pour-les-traitements-medicaux-mtg\/cheville-et-pied\/tendinopathies-de-la-cheville\/","og_site_name":"Best Hip &amp; Knee Surgeon | NY, USA","article_modified_time":"2024-01-01T14:26:28+00:00","twitter_card":"summary_large_image","twitter_misc":{"Dur\u00e9e de lecture estim\u00e9e":"2 minutes"},"schema":{"@context":"https:\/\/schema.org","@graph":[{"@type":["WebPage","MedicalWebPage"],"@id":"https:\/\/www.newyorkhipknee.com\/fr\/indemnisation-des-travailleurs\/lignes-directrices-pour-les-traitements-medicaux-mtg\/cheville-et-pied\/tendinopathies-de-la-cheville\/","url":"https:\/\/www.newyorkhipknee.com\/fr\/indemnisation-des-travailleurs\/lignes-directrices-pour-les-traitements-medicaux-mtg\/cheville-et-pied\/tendinopathies-de-la-cheville\/","name":"Tendinopathies de la cheville | Best Hip &amp; Knee Surgeon | NY, USA","isPartOf":{"@id":"https:\/\/www.newyorkhipknee.com\/fr\/#website"},"datePublished":"2023-12-15T21:39:25+00:00","dateModified":"2024-01-01T14:26:28+00:00","description":"Les lignes directrices relatives aux tendinopathies de la cheville ont \u00e9t\u00e9 formul\u00e9es par la commission des accidents du travail de l'\u00c9tat de New York afin","breadcrumb":{"@id":"https:\/\/www.newyorkhipknee.com\/fr\/indemnisation-des-travailleurs\/lignes-directrices-pour-les-traitements-medicaux-mtg\/cheville-et-pied\/tendinopathies-de-la-cheville\/#breadcrumb"},"inLanguage":"fr-FR","potentialAction":[{"@type":"ReadAction","target":["https:\/\/www.newyorkhipknee.com\/fr\/indemnisation-des-travailleurs\/lignes-directrices-pour-les-traitements-medicaux-mtg\/cheville-et-pied\/tendinopathies-de-la-cheville\/"]}]},{"@type":"BreadcrumbList","@id":"https:\/\/www.newyorkhipknee.com\/fr\/indemnisation-des-travailleurs\/lignes-directrices-pour-les-traitements-medicaux-mtg\/cheville-et-pied\/tendinopathies-de-la-cheville\/#breadcrumb","itemListElement":[{"@type":"ListItem","position":1,"name":"Home","item":"https:\/\/www.newyorkhipknee.com\/fr\/"},{"@type":"ListItem","position":2,"name":"Indemnisation des travailleurs","item":"https:\/\/www.newyorkhipknee.com\/fr\/indemnisation-des-travailleurs\/"},{"@type":"ListItem","position":3,"name":"Lignes directrices pour les traitements m\u00e9dicaux (MTG)","item":"https:\/\/www.newyorkhipknee.com\/fr\/indemnisation-des-travailleurs\/lignes-directrices-pour-les-traitements-medicaux-mtg\/"},{"@type":"ListItem","position":4,"name":"Cheville et pied","item":"https:\/\/www.newyorkhipknee.com\/fr\/indemnisation-des-travailleurs\/lignes-directrices-pour-les-traitements-medicaux-mtg\/cheville-et-pied\/"},{"@type":"ListItem","position":5,"name":"Tendinopathies de la cheville"}]},{"@type":"WebSite","@id":"https:\/\/www.newyorkhipknee.com\/fr\/#website","url":"https:\/\/www.newyorkhipknee.com\/fr\/","name":"Best Hip & Knee Surgeon | NY, USA","description":"","potentialAction":[{"@type":"SearchAction","target":{"@type":"EntryPoint","urlTemplate":"https:\/\/www.newyorkhipknee.com\/fr\/?s={search_term_string}"},"query-input":{"@type":"PropertyValueSpecification","valueRequired":true,"valueName":"search_term_string"}}],"inLanguage":"fr-FR"}]}},"_links":{"self":[{"href":"https:\/\/www.newyorkhipknee.com\/fr\/wp-json\/wp\/v2\/pages\/21076","targetHints":{"allow":["GET"]}}],"collection":[{"href":"https:\/\/www.newyorkhipknee.com\/fr\/wp-json\/wp\/v2\/pages"}],"about":[{"href":"https:\/\/www.newyorkhipknee.com\/fr\/wp-json\/wp\/v2\/types\/page"}],"author":[{"embeddable":true,"href":"https:\/\/www.newyorkhipknee.com\/fr\/wp-json\/wp\/v2\/users\/33"}],"replies":[{"embeddable":true,"href":"https:\/\/www.newyorkhipknee.com\/fr\/wp-json\/wp\/v2\/comments?post=21076"}],"version-history":[{"count":0,"href":"https:\/\/www.newyorkhipknee.com\/fr\/wp-json\/wp\/v2\/pages\/21076\/revisions"}],"up":[{"embeddable":true,"href":"https:\/\/www.newyorkhipknee.com\/fr\/wp-json\/wp\/v2\/pages\/21154"}],"wp:attachment":[{"href":"https:\/\/www.newyorkhipknee.com\/fr\/wp-json\/wp\/v2\/media?parent=21076"}],"curies":[{"name":"wp","href":"https:\/\/api.w.org\/{rel}","templated":true}]}}