{"id":21077,"date":"2023-12-15T16:28:30","date_gmt":"2023-12-15T21:28:30","guid":{"rendered":"https:\/\/newyorkhipknee.com\/oignons-hallux-valgus\/"},"modified":"2023-12-15T16:28:30","modified_gmt":"2023-12-15T21:28:30","slug":"oignons-hallux-valgus","status":"publish","type":"page","link":"https:\/\/www.newyorkhipknee.com\/fr\/indemnisation-des-travailleurs\/lignes-directrices-pour-les-traitements-medicaux-mtg\/cheville-et-pied\/oignons-hallux-valgus\/","title":{"rendered":"Oignons\/Hallux Valgus"},"content":{"rendered":"<p>Les lignes directrices relatives aux oignons et \u00e0 l&rsquo;hallux valgus ont \u00e9t\u00e9 \u00e9tablies par la commission des accidents du travail de l&rsquo;\u00c9tat de New York afin d&rsquo;aider les m\u00e9decins, les podologues et les autres professionnels de la sant\u00e9 \u00e0 dispenser un traitement appropri\u00e9.<\/p>\n<p>Ces lignes directrices de la Commission des accidents du travail sont con\u00e7ues comme une ressource pr\u00e9cieuse pour les professionnels de la sant\u00e9, les aidant \u00e0 prendre des d\u00e9cisions \u00e9clair\u00e9es sur le niveau de soins appropri\u00e9 pour les patients souffrant de troubles de la cheville et du pied.<\/p>\n<p>Il est important de souligner que ces lignes directrices ne remplacent pas le jugement clinique ou l&rsquo;exp\u00e9rience professionnelle. La d\u00e9cision finale concernant les soins doit \u00eatre prise en collaboration entre le patient et son prestataire de soins.<\/p>\n<p>&nbsp;<\/p>\n<h2>Oignons \/ Hallux Valgus<\/h2>\n<p>L&rsquo;hallux valgus, commun\u00e9ment appel\u00e9 oignon, d\u00e9signe la d\u00e9viation lat\u00e9rale du gros orteil au niveau de l&rsquo;articulation m\u00e9tatarso-phalangienne, qui s&rsquo;\u00e9carte de plus de 14,5 degr\u00e9s de la ligne m\u00e9diane du corps. Cette affection survient souvent en m\u00eame temps que la d\u00e9viation m\u00e9diale du premier m\u00e9tatarsien.<\/p>\n<p>Dans les cas d&rsquo;hallux valgus, les pieds pr\u00e9sentent g\u00e9n\u00e9ralement une d\u00e9viation en valgus, o\u00f9 le gros orteil est d\u00e9plac\u00e9 au-del\u00e0 de la premi\u00e8re articulation m\u00e9tatarso-phalangienne.<\/p>\n<p>&nbsp;<\/p>\n<h3>\u00c9tudes diagnostiques pour les oignons et l&rsquo;hallux valgus chez les travailleurs indemnis\u00e9s<\/h3>\n<p>Pour les travailleurs indemnis\u00e9s souffrant d&rsquo;oignons ou d&rsquo;hallux valgus, il est recommand\u00e9 de proc\u00e9der \u00e0 des examens diagnostiques, en particulier des radiographies. Les radiographies sont essentielles non seulement pour \u00e9valuer l&rsquo;affection elle-m\u00eame, mais aussi pour \u00e9valuer d&rsquo;autres maladies telles que la goutte, les maladies articulaires d\u00e9g\u00e9n\u00e9ratives et l&rsquo;ost\u00e9oarthrose.<\/p>\n<p>En outre, les radiographies jouent un r\u00f4le crucial dans la planification chirurgicale, en aidant les professionnels de la sant\u00e9 \u00e0 visualiser l&rsquo;\u00e9tendue de la d\u00e9formation et \u00e0 calculer les angles, ce qui est essentiel pour d\u00e9terminer le traitement appropri\u00e9.<\/p>\n<p>&nbsp;<\/p>\n<h3>Traitements des oignons \/ Hallux Valgus<\/h3>\n<h3>R\u00e9habilitation des oignons \/ Hallux Valgus<\/h3>\n<p>Les ultrasons de faible intensit\u00e9 ne sont pas recommand\u00e9s comme traitement postop\u00e9ratoire apr\u00e8s une ost\u00e9otomie de l&rsquo;hallux.<\/p>\n<p>En ce qui concerne la th\u00e9rapie Valgus, les d\u00e9tails sp\u00e9cifiques ou les recommandations ne sont pas fournis.<\/p>\n<p>La manipulation ou la mobilisation pour le traitement de l&rsquo;hallux valgus n&rsquo;est pas recommand\u00e9e.<\/p>\n<p>&nbsp;<\/p>\n<h3>Chirurgie des oignons \/ Hallux Valgus<\/h3>\n<p>La chirurgie de l&rsquo;hallux valgus est recommand\u00e9e dans les cas sp\u00e9cifiques o\u00f9 il existe des cas l\u00e9gers d&rsquo;hallux valgus, accompagn\u00e9s d&rsquo;une g\u00eane et\/ou d&rsquo;une faiblesse importantes. Cette recommandation s&rsquo;applique particuli\u00e8rement lorsque le changement de chaussures, l&rsquo;utilisation d&rsquo;orth\u00e8ses et la modification des chaussures ne suffisent pas \u00e0 contr\u00f4ler correctement les sympt\u00f4mes.<\/p>\n<p>&nbsp;<\/p>\n<h3>Autre des oignons \/ Hallux Valgus<\/h3>\n<p>L&rsquo;utilisation d&rsquo;orth\u00e8ses pour le traitement de l&rsquo;hallux valgus est recommand\u00e9e.<\/p>\n<p>Les indications pour l&rsquo;utilisation d&rsquo;orth\u00e8ses dans l&rsquo;hallux valgus comprennent g\u00e9n\u00e9ralement l&rsquo;une des deux conditions suivantes : 1) la pr\u00e9sence de signes radiographiques d&rsquo;hyperpronation, de pr\u00e9f\u00e9rence avec un angle de flexion talienne de 30 degr\u00e9s lors d&rsquo;une \u00e9tude en position debout, ou 2) la pr\u00e9sence d&rsquo;au moins deux pathologies douloureuses sur la face plantaire de l&rsquo;hallux m\u00e9tatarsien, ind\u00e9pendamment de la pr\u00e9sence d&rsquo;oignons.<\/p>\n<p>Cette recommandation se justifie par le fait que les orth\u00e8ses sont conseill\u00e9es aux personnes dont les sympt\u00f4mes ne peuvent pas \u00eatre suffisamment contr\u00f4l\u00e9s en changeant de style de chaussures.<\/p>\n<p>&nbsp;<\/p>\n<h2>Ce que notre cabinet peut faire si votre accident du travail a entra\u00een\u00e9 des oignons ou un hallux valgus<\/h2>\n<p>Dans le contexte des accidents du travail entra\u00eenant des oignons ou un hallux valgus, le cabinet met l&rsquo;accent sur son exp\u00e9rience et son engagement \u00e0 r\u00e9pondre aux besoins m\u00e9dicaux tout en respectant les lignes directrices \u00e9tablies par la commission des accidents du travail de l&rsquo;\u00c9tat de New York. Le bureau a pour objectif d&rsquo;aider les personnes \u00e0 s&rsquo;y retrouver dans la complexit\u00e9 des relations avec la compagnie d&rsquo;assurance contre les accidents du travail et avec leur employeur pendant cette p\u00e9riode potentiellement stressante. Il est possible de prendre rendez-vous et le bureau s&rsquo;efforce de rendre la proc\u00e9dure aussi facile que possible pour les individus et leurs familles.<\/p>\n","protected":false},"excerpt":{"rendered":"<p>Les lignes directrices relatives aux oignons et \u00e0 l&rsquo;hallux valgus ont \u00e9t\u00e9 \u00e9tablies par la commission des accidents du travail de l&rsquo;\u00c9tat de New York afin d&rsquo;aider les m\u00e9decins, les podologues et les autres professionnels de la sant\u00e9 \u00e0 dispenser un traitement appropri\u00e9. Ces lignes directrices de la Commission des accidents du travail sont con\u00e7ues [&hellip;]<\/p>\n","protected":false},"author":33,"featured_media":0,"parent":21154,"menu_order":0,"comment_status":"closed","ping_status":"closed","template":"","meta":{"_et_pb_use_builder":"","_et_pb_old_content":"","_et_gb_content_width":"","footnotes":""},"class_list":["post-21077","page","type-page","status-publish","hentry"],"yoast_head":"<!-- This site is optimized with the Yoast SEO plugin v27.2 - https:\/\/yoast.com\/product\/yoast-seo-wordpress\/ -->\n<title>Oignons\/Hallux Valgus | Best Hip &amp; Knee Surgeon | NY, USA<\/title>\n<meta name=\"description\" content=\"Les lignes directrices relatives aux oignons et \u00e0 l&#039;hallux valgus ont \u00e9t\u00e9 \u00e9tablies par la commission des accidents du travail de l&#039;\u00c9tat de New York afin\" \/>\n<meta name=\"robots\" content=\"index, follow, max-snippet:-1, max-image-preview:large, max-video-preview:-1\" \/>\n<link rel=\"canonical\" href=\"https:\/\/www.newyorkhipknee.com\/fr\/indemnisation-des-travailleurs\/lignes-directrices-pour-les-traitements-medicaux-mtg\/cheville-et-pied\/oignons-hallux-valgus\/\" \/>\n<meta property=\"og:locale\" content=\"fr_FR\" \/>\n<meta property=\"og:type\" content=\"article\" \/>\n<meta property=\"og:title\" content=\"Oignons\/Hallux Valgus | Best Hip &amp; Knee Surgeon | NY, USA\" \/>\n<meta property=\"og:description\" content=\"Les lignes directrices relatives aux oignons et \u00e0 l&#039;hallux valgus ont \u00e9t\u00e9 \u00e9tablies par la commission des accidents du travail de l&#039;\u00c9tat de New York afin\" \/>\n<meta property=\"og:url\" content=\"https:\/\/www.newyorkhipknee.com\/fr\/indemnisation-des-travailleurs\/lignes-directrices-pour-les-traitements-medicaux-mtg\/cheville-et-pied\/oignons-hallux-valgus\/\" \/>\n<meta property=\"og:site_name\" content=\"Best Hip &amp; Knee Surgeon | NY, USA\" \/>\n<meta name=\"twitter:card\" content=\"summary_large_image\" \/>\n<meta name=\"twitter:label1\" content=\"Dur\u00e9e de lecture estim\u00e9e\" \/>\n\t<meta name=\"twitter:data1\" content=\"4 minutes\" \/>\n<script type=\"application\/ld+json\" class=\"yoast-schema-graph\">{\"@context\":\"https:\/\/schema.org\",\"@graph\":[{\"@type\":[\"WebPage\",\"MedicalWebPage\"],\"@id\":\"https:\/\/www.newyorkhipknee.com\/fr\/indemnisation-des-travailleurs\/lignes-directrices-pour-les-traitements-medicaux-mtg\/cheville-et-pied\/oignons-hallux-valgus\/\",\"url\":\"https:\/\/www.newyorkhipknee.com\/fr\/indemnisation-des-travailleurs\/lignes-directrices-pour-les-traitements-medicaux-mtg\/cheville-et-pied\/oignons-hallux-valgus\/\",\"name\":\"Oignons\/Hallux Valgus | Best Hip &amp; Knee Surgeon | NY, USA\",\"isPartOf\":{\"@id\":\"https:\/\/www.newyorkhipknee.com\/fr\/#website\"},\"datePublished\":\"2023-12-15T21:28:30+00:00\",\"description\":\"Les lignes directrices relatives aux oignons et \u00e0 l'hallux valgus ont \u00e9t\u00e9 \u00e9tablies par la commission des accidents du travail de l'\u00c9tat de New York afin\",\"breadcrumb\":{\"@id\":\"https:\/\/www.newyorkhipknee.com\/fr\/indemnisation-des-travailleurs\/lignes-directrices-pour-les-traitements-medicaux-mtg\/cheville-et-pied\/oignons-hallux-valgus\/#breadcrumb\"},\"inLanguage\":\"fr-FR\",\"potentialAction\":[{\"@type\":\"ReadAction\",\"target\":[\"https:\/\/www.newyorkhipknee.com\/fr\/indemnisation-des-travailleurs\/lignes-directrices-pour-les-traitements-medicaux-mtg\/cheville-et-pied\/oignons-hallux-valgus\/\"]}]},{\"@type\":\"BreadcrumbList\",\"@id\":\"https:\/\/www.newyorkhipknee.com\/fr\/indemnisation-des-travailleurs\/lignes-directrices-pour-les-traitements-medicaux-mtg\/cheville-et-pied\/oignons-hallux-valgus\/#breadcrumb\",\"itemListElement\":[{\"@type\":\"ListItem\",\"position\":1,\"name\":\"Home\",\"item\":\"https:\/\/www.newyorkhipknee.com\/fr\/\"},{\"@type\":\"ListItem\",\"position\":2,\"name\":\"Indemnisation des travailleurs\",\"item\":\"https:\/\/www.newyorkhipknee.com\/fr\/indemnisation-des-travailleurs\/\"},{\"@type\":\"ListItem\",\"position\":3,\"name\":\"Lignes directrices pour les traitements m\u00e9dicaux (MTG)\",\"item\":\"https:\/\/www.newyorkhipknee.com\/fr\/indemnisation-des-travailleurs\/lignes-directrices-pour-les-traitements-medicaux-mtg\/\"},{\"@type\":\"ListItem\",\"position\":4,\"name\":\"Cheville et pied\",\"item\":\"https:\/\/www.newyorkhipknee.com\/fr\/indemnisation-des-travailleurs\/lignes-directrices-pour-les-traitements-medicaux-mtg\/cheville-et-pied\/\"},{\"@type\":\"ListItem\",\"position\":5,\"name\":\"Oignons\/Hallux Valgus\"}]},{\"@type\":\"WebSite\",\"@id\":\"https:\/\/www.newyorkhipknee.com\/fr\/#website\",\"url\":\"https:\/\/www.newyorkhipknee.com\/fr\/\",\"name\":\"Best Hip & Knee Surgeon | NY, USA\",\"description\":\"\",\"potentialAction\":[{\"@type\":\"SearchAction\",\"target\":{\"@type\":\"EntryPoint\",\"urlTemplate\":\"https:\/\/www.newyorkhipknee.com\/fr\/?s={search_term_string}\"},\"query-input\":{\"@type\":\"PropertyValueSpecification\",\"valueRequired\":true,\"valueName\":\"search_term_string\"}}],\"inLanguage\":\"fr-FR\"}]}<\/script>\n<!-- \/ Yoast SEO plugin. -->","yoast_head_json":{"title":"Oignons\/Hallux Valgus | Best Hip &amp; Knee Surgeon | NY, USA","description":"Les lignes directrices relatives aux oignons et \u00e0 l'hallux valgus ont \u00e9t\u00e9 \u00e9tablies par la commission des accidents du travail de l'\u00c9tat de New York afin","robots":{"index":"index","follow":"follow","max-snippet":"max-snippet:-1","max-image-preview":"max-image-preview:large","max-video-preview":"max-video-preview:-1"},"canonical":"https:\/\/www.newyorkhipknee.com\/fr\/indemnisation-des-travailleurs\/lignes-directrices-pour-les-traitements-medicaux-mtg\/cheville-et-pied\/oignons-hallux-valgus\/","og_locale":"fr_FR","og_type":"article","og_title":"Oignons\/Hallux Valgus | Best Hip &amp; Knee Surgeon | NY, USA","og_description":"Les lignes directrices relatives aux oignons et \u00e0 l'hallux valgus ont \u00e9t\u00e9 \u00e9tablies par la commission des accidents du travail de l'\u00c9tat de New York afin","og_url":"https:\/\/www.newyorkhipknee.com\/fr\/indemnisation-des-travailleurs\/lignes-directrices-pour-les-traitements-medicaux-mtg\/cheville-et-pied\/oignons-hallux-valgus\/","og_site_name":"Best Hip &amp; Knee Surgeon | NY, USA","twitter_card":"summary_large_image","twitter_misc":{"Dur\u00e9e de lecture estim\u00e9e":"4 minutes"},"schema":{"@context":"https:\/\/schema.org","@graph":[{"@type":["WebPage","MedicalWebPage"],"@id":"https:\/\/www.newyorkhipknee.com\/fr\/indemnisation-des-travailleurs\/lignes-directrices-pour-les-traitements-medicaux-mtg\/cheville-et-pied\/oignons-hallux-valgus\/","url":"https:\/\/www.newyorkhipknee.com\/fr\/indemnisation-des-travailleurs\/lignes-directrices-pour-les-traitements-medicaux-mtg\/cheville-et-pied\/oignons-hallux-valgus\/","name":"Oignons\/Hallux Valgus | Best Hip &amp; Knee Surgeon | NY, USA","isPartOf":{"@id":"https:\/\/www.newyorkhipknee.com\/fr\/#website"},"datePublished":"2023-12-15T21:28:30+00:00","description":"Les lignes directrices relatives aux oignons et \u00e0 l'hallux valgus ont \u00e9t\u00e9 \u00e9tablies par la commission des accidents du travail de l'\u00c9tat de New York afin","breadcrumb":{"@id":"https:\/\/www.newyorkhipknee.com\/fr\/indemnisation-des-travailleurs\/lignes-directrices-pour-les-traitements-medicaux-mtg\/cheville-et-pied\/oignons-hallux-valgus\/#breadcrumb"},"inLanguage":"fr-FR","potentialAction":[{"@type":"ReadAction","target":["https:\/\/www.newyorkhipknee.com\/fr\/indemnisation-des-travailleurs\/lignes-directrices-pour-les-traitements-medicaux-mtg\/cheville-et-pied\/oignons-hallux-valgus\/"]}]},{"@type":"BreadcrumbList","@id":"https:\/\/www.newyorkhipknee.com\/fr\/indemnisation-des-travailleurs\/lignes-directrices-pour-les-traitements-medicaux-mtg\/cheville-et-pied\/oignons-hallux-valgus\/#breadcrumb","itemListElement":[{"@type":"ListItem","position":1,"name":"Home","item":"https:\/\/www.newyorkhipknee.com\/fr\/"},{"@type":"ListItem","position":2,"name":"Indemnisation des travailleurs","item":"https:\/\/www.newyorkhipknee.com\/fr\/indemnisation-des-travailleurs\/"},{"@type":"ListItem","position":3,"name":"Lignes directrices pour les traitements m\u00e9dicaux (MTG)","item":"https:\/\/www.newyorkhipknee.com\/fr\/indemnisation-des-travailleurs\/lignes-directrices-pour-les-traitements-medicaux-mtg\/"},{"@type":"ListItem","position":4,"name":"Cheville et pied","item":"https:\/\/www.newyorkhipknee.com\/fr\/indemnisation-des-travailleurs\/lignes-directrices-pour-les-traitements-medicaux-mtg\/cheville-et-pied\/"},{"@type":"ListItem","position":5,"name":"Oignons\/Hallux Valgus"}]},{"@type":"WebSite","@id":"https:\/\/www.newyorkhipknee.com\/fr\/#website","url":"https:\/\/www.newyorkhipknee.com\/fr\/","name":"Best Hip & Knee Surgeon | NY, USA","description":"","potentialAction":[{"@type":"SearchAction","target":{"@type":"EntryPoint","urlTemplate":"https:\/\/www.newyorkhipknee.com\/fr\/?s={search_term_string}"},"query-input":{"@type":"PropertyValueSpecification","valueRequired":true,"valueName":"search_term_string"}}],"inLanguage":"fr-FR"}]}},"_links":{"self":[{"href":"https:\/\/www.newyorkhipknee.com\/fr\/wp-json\/wp\/v2\/pages\/21077","targetHints":{"allow":["GET"]}}],"collection":[{"href":"https:\/\/www.newyorkhipknee.com\/fr\/wp-json\/wp\/v2\/pages"}],"about":[{"href":"https:\/\/www.newyorkhipknee.com\/fr\/wp-json\/wp\/v2\/types\/page"}],"author":[{"embeddable":true,"href":"https:\/\/www.newyorkhipknee.com\/fr\/wp-json\/wp\/v2\/users\/33"}],"replies":[{"embeddable":true,"href":"https:\/\/www.newyorkhipknee.com\/fr\/wp-json\/wp\/v2\/comments?post=21077"}],"version-history":[{"count":0,"href":"https:\/\/www.newyorkhipknee.com\/fr\/wp-json\/wp\/v2\/pages\/21077\/revisions"}],"up":[{"embeddable":true,"href":"https:\/\/www.newyorkhipknee.com\/fr\/wp-json\/wp\/v2\/pages\/21154"}],"wp:attachment":[{"href":"https:\/\/www.newyorkhipknee.com\/fr\/wp-json\/wp\/v2\/media?parent=21077"}],"curies":[{"name":"wp","href":"https:\/\/api.w.org\/{rel}","templated":true}]}}