{"id":21082,"date":"2023-12-15T16:21:04","date_gmt":"2023-12-15T21:21:04","guid":{"rendered":"https:\/\/newyorkhipknee.com\/articulation-de-charcot\/"},"modified":"2023-12-15T16:21:04","modified_gmt":"2023-12-15T21:21:04","slug":"articulation-de-charcot","status":"publish","type":"page","link":"https:\/\/www.newyorkhipknee.com\/fr\/indemnisation-des-travailleurs\/lignes-directrices-pour-les-traitements-medicaux-mtg\/cheville-et-pied\/articulation-de-charcot\/","title":{"rendered":"Articulation de Charcot"},"content":{"rendered":"<p>Les directives relatives \u00e0 l&rsquo;articulation de Charcot ont \u00e9t\u00e9 formul\u00e9es par la Commission des accidents du travail de l&rsquo;\u00c9tat de New York afin d&rsquo;aider les m\u00e9decins, les podologues et les autres professionnels de la sant\u00e9 \u00e0 fournir un traitement adapt\u00e9.<\/p>\n<p>Ces lignes directrices de la Commission des accidents du travail sont con\u00e7ues comme une ressource pr\u00e9cieuse pour les professionnels de la sant\u00e9, les aidant \u00e0 prendre des d\u00e9cisions \u00e9clair\u00e9es sur le niveau de soins appropri\u00e9 pour les patients souffrant de troubles de la cheville et du pied.<\/p>\n<p>Il est essentiel de souligner que ces lignes directrices ne remplacent pas le jugement clinique ou l&rsquo;exp\u00e9rience professionnelle. La d\u00e9cision finale concernant les soins doit \u00eatre prise en collaboration entre le patient et son prestataire de soins.<\/p>\n<p>&nbsp;<\/p>\n<h2>Articulation de Charcot (arthropathie neurog\u00e8ne)<\/h2>\n<p>L&rsquo;articulation de Charcot d\u00e9signe la d\u00e9g\u00e9n\u00e9rescence progressive d&rsquo;une articulation portante, marqu\u00e9e par une r\u00e9sorption osseuse, une d\u00e9sint\u00e9gration et une d\u00e9formation \u00e9ventuelle r\u00e9sultant d&rsquo;une perte de sensibilit\u00e9 li\u00e9e \u00e0 la neuropathie. Le traitement consiste g\u00e9n\u00e9ralement \u00e0 s&rsquo;attaquer \u00e0 la neuropathie sous-jacente.<\/p>\n<p>Pour les patients souffrant de l&rsquo;articulation de Charcot, il est recommand\u00e9 d&rsquo;effectuer des \u00e9tudes diagnostiques, en particulier des radiographies, afin d&rsquo;obtenir un diagnostic pr\u00e9cis.<\/p>\n<p>En outre, les IRM sont recommand\u00e9es pour am\u00e9liorer la stadification des articulations de Charcot, ce qui permet de mieux comprendre l&rsquo;affection.<\/p>\n<p>&nbsp;<\/p>\n<h3>M\u00e9dicaments pour l&rsquo;articulation de Charcot<\/h3>\n<p>Compte tenu de la d\u00e9nervation potentielle de l&rsquo;articulation, l&rsquo;ac\u00e9taminoph\u00e8ne et\/ou les anti-inflammatoires non st\u00e9ro\u00efdiens (AINS) ne sont pas toujours n\u00e9cessaires pour soulager la douleur dans les cas d&rsquo;articulation de Charcot, mais ils sont recommand\u00e9s en cas de besoin.<\/p>\n<p>L&rsquo;ibuprof\u00e8ne, le naprox\u00e8ne ou d&rsquo;autres AINS de premi\u00e8re g\u00e9n\u00e9ration sont sugg\u00e9r\u00e9s comme traitements de premi\u00e8re intention pour la plupart des patients. L&rsquo;ac\u00e9taminoph\u00e8ne (ou son analogue le parac\u00e9tamol) peut \u00eatre consid\u00e9r\u00e9 comme une alternative pour les patients qui ne peuvent pas prendre d&rsquo;AINS, bien que la recherche sugg\u00e8re qu&rsquo;il pourrait \u00eatre un peu moins efficace.<\/p>\n<p>Il est prouv\u00e9 que les AINS sont aussi efficaces pour traiter la douleur que les opio\u00efdes (y compris le tramadol) et qu&rsquo;ils sont moins nocifs.<\/p>\n<p>Les AINS sont recommand\u00e9s pour la prise en charge des douleurs aigu\u00ebs, subaigu\u00ebs, chroniques ou postop\u00e9ratoires de l&rsquo;articulation de Charcot. La fr\u00e9quence et la dur\u00e9e d&rsquo;utilisation peuvent \u00eatre adapt\u00e9es aux besoins du patient.<\/p>\n<p>Dans les cas o\u00f9 les patients pr\u00e9sentent un risque \u00e9lev\u00e9 d&rsquo;h\u00e9morragie gastro-intestinale, l&rsquo;utilisation simultan\u00e9e de misoprostol, de sucralfate, d&rsquo;inhibiteurs des r\u00e9cepteurs de l&rsquo;histamine de type 2 et d&rsquo;inhibiteurs de la pompe \u00e0 protons est recommand\u00e9e. Ceci est particuli\u00e8rement important pour les personnes pr\u00e9sentant un profil de risque \u00e9lev\u00e9, notamment des ant\u00e9c\u00e9dents d&rsquo;h\u00e9morragie gastro-intestinale, les personnes \u00e2g\u00e9es, les diab\u00e9tiques et les fumeurs. L&rsquo;utilisation d&rsquo;AINS et de m\u00e9dicaments cytoprotecteurs doit \u00eatre soigneusement envisag\u00e9e, en particulier pour les traitements \u00e0 long terme.<\/p>\n<p>Les signaux d&rsquo;arr\u00eat comprennent la disparition de la g\u00eane cheville\/pied, le manque d&rsquo;efficacit\u00e9 ou l&rsquo;apparition d&rsquo;effets ind\u00e9sirables n\u00e9cessitant l&rsquo;arr\u00eat du traitement. Les recommandations posologiques pour les bloqueurs H2, le misoprostol, le sucralfate et les inhibiteurs de la pompe \u00e0 protons doivent \u00eatre suivies et l&rsquo;arr\u00eat du traitement doit \u00eatre envisag\u00e9 en cas d&rsquo;intol\u00e9rance, d&rsquo;apparition d&rsquo;effets n\u00e9gatifs ou d&rsquo;arr\u00eat des AINS.<\/p>\n<p>Pour les patients pr\u00e9sentant un risque d&rsquo;effets ind\u00e9sirables cardiovasculaires, l&rsquo;utilisation d&rsquo;AINS est recommand\u00e9e. L&rsquo;ac\u00e9taminoph\u00e8ne ou l&rsquo;aspirine sont consid\u00e9r\u00e9s comme le traitement de premi\u00e8re intention en raison de leur s\u00e9curit\u00e9 per\u00e7ue en ce qui concerne les effets cardiovasculaires. Si n\u00e9cessaire, les AINS non s\u00e9lectifs sont pr\u00e9f\u00e9r\u00e9s aux m\u00e9dicaments sp\u00e9cifiques \u00e0 la COX-2.<\/p>\n<p>Pour minimiser le risque qu&rsquo;un AINS contrecarre les effets protecteurs de l&rsquo;aspirine \u00e0 faible dose chez les personnes qui l&rsquo;utilisent pour la pr\u00e9vention primaire ou secondaire des maladies cardiovasculaires, l&rsquo;AINS doit \u00eatre pris au moins 30 minutes apr\u00e8s ou huit heures avant l&rsquo;aspirine quotidienne.<\/p>\n<p>L&rsquo;ac\u00e9taminoph\u00e8ne est recommand\u00e9 pour le traitement de la douleur aigu\u00eb, subaigu\u00eb ou chronique de l&rsquo;articulation de Charcot, en particulier chez les personnes dont l&rsquo;\u00e9tat de sant\u00e9 contre-indique les AINS.<\/p>\n<p>Les indications pour l&rsquo;arr\u00eat de l&rsquo;ac\u00e9taminoph\u00e8ne comprennent l&rsquo;absence de douleur, la disparition des effets secondaires ou l&rsquo;intol\u00e9rance. Il est conseill\u00e9 de suivre les recommandations du fabricant en mati\u00e8re de dosage et de fr\u00e9quence, des signes de toxicit\u00e9 h\u00e9patique ayant \u00e9t\u00e9 observ\u00e9s au-del\u00e0 de quatre grammes par jour.<\/p>\n<p>&nbsp;<\/p>\n<h3>R\u00e9habilitation de l&rsquo;articulation de Charcot<\/h3>\n<p>Si une th\u00e9rapie formelle supervis\u00e9e s&rsquo;av\u00e8re n\u00e9cessaire \u00e0 la suite d&rsquo;un accident du travail, l&rsquo;accent doit \u00eatre mis sur le r\u00e9tablissement des capacit\u00e9s fonctionnelles n\u00e9cessaires pour que le patient puisse s&rsquo;engager dans des activit\u00e9s quotidiennes et reprendre le travail. L&rsquo;objectif ultime est de permettre au travailleur bless\u00e9 de retrouver son \u00e9tat ant\u00e9rieur \u00e0 la blessure, dans la mesure du possible.<\/p>\n<p>La th\u00e9rapie active implique que le patient fournisse un effort interne pour accomplir des activit\u00e9s ou des t\u00e2ches sp\u00e9cifiques. En revanche, la th\u00e9rapie passive repose sur des modalit\u00e9s administr\u00e9es par un th\u00e9rapeute sans que le patient ne fournisse d&rsquo;effort actif.<\/p>\n<p>Bien que les th\u00e9rapies passives soient souvent utilis\u00e9es pour acc\u00e9l\u00e9rer un programme de th\u00e9rapie active et obtenir des gains fonctionnels objectifs concomitants, l&rsquo;accent doit \u00eatre mis sur la priorit\u00e9 \u00e0 donner aux initiatives actives par rapport aux interventions passives.<\/p>\n<p>Pour maintenir les niveaux d&rsquo;am\u00e9lioration atteints, les patients sont encourag\u00e9s \u00e0 poursuivre les th\u00e9rapies actives et passives \u00e0 domicile, dans le prolongement du processus th\u00e9rapeutique.<\/p>\n<p>Dans le cadre de la strat\u00e9gie de r\u00e9adaptation, les appareils d&rsquo;assistance peuvent \u00eatre utilis\u00e9s comme mesure suppl\u00e9mentaire pour faciliter les gains fonctionnels.<\/p>\n<p>L&rsquo;entra\u00eenement \u00e0 la marche est recommand\u00e9 pour traiter les articulations de Charcot, et l&rsquo;utilisation d&rsquo;attelles, d&rsquo;orth\u00e8ses de marche, d&rsquo;orth\u00e8ses et de pl\u00e2tres chez certains patients est \u00e9galement recommand\u00e9e pour traiter les articulations de Charcot.<\/p>\n<p>&nbsp;<\/p>\n<h2><strong>Chirurgie de l&rsquo;articulation de Charcot<\/strong><\/h2>\n<p>Pour traiter les articulations de Charcot, diverses options chirurgicales peuvent \u00eatre envisag\u00e9es :<\/p>\n<ol>\n<li><strong>Chirurgie de l&rsquo;articulation de Charcot :<\/strong> Des interventions chirurgicales, dont l&rsquo;ostectomie, peuvent \u00eatre pratiqu\u00e9es pour corriger les d\u00e9formations qui exposent le pied \u00e0 un risque d&rsquo;ulc\u00e9ration. Cette m\u00e9thode est recommand\u00e9e pour traiter les anomalies du pied qui augmentent le risque d&rsquo;ulc\u00e8re.<\/li>\n<li><strong>R\u00e9duction ouverte et fixation interne des fractures :<\/strong> Cette proc\u00e9dure est recommand\u00e9e pour les fractures qui n\u00e9cessitent une r\u00e9duction ouverte et une fixation interne.<\/li>\n<li><strong>Fusion des articulations de Charcot chez certains patients :<\/strong> L&rsquo;arthrod\u00e8se des articulations de Charcot est recommand\u00e9e chez certains patients, en particulier lorsque les articulations doivent \u00eatre fusionn\u00e9es.<\/li>\n<li><strong>Arthroplastie (remplacement total de l&rsquo;articulation) pour les articulations de Charcot :<\/strong> Le remplacement total de l&rsquo;articulation, ou arthroplastie, n&rsquo;est pas recommand\u00e9 pour les articulations de Charcot.<\/li>\n<\/ol>\n<p>Ces interventions chirurgicales sont adapt\u00e9es aux besoins et aux conditions sp\u00e9cifiques du patient et visent \u00e0 traiter les d\u00e9formations, les fractures ou la fusion des articulations associ\u00e9es aux articulations de Charcot. Le choix de la chirurgie d\u00e9pend du cas individuel et des facteurs sous-jacents contribuant \u00e0 l&rsquo;affection.<\/p>\n<p>&nbsp;<\/p>\n<h2>Ce que notre cabinet peut faire si vous souffrez de l&rsquo;articulation de Charcot \u00e0 la suite d&rsquo;un accident du travail.<\/h2>\n<p>Nous poss\u00e9dons l&rsquo;expertise n\u00e9cessaire pour vous aider \u00e0 r\u00e9soudre vos probl\u00e8mes d&rsquo;indemnisation des accidents du travail. Nous comprenons les difficult\u00e9s auxquelles vous \u00eates confront\u00e9 et nous nous engageons \u00e0 r\u00e9pondre \u00e0 vos besoins m\u00e9dicaux tout en respectant les directives \u00e9tablies par la commission des accidents du travail de l&rsquo;\u00c9tat de New York.<\/p>\n<p>Conscients de l&rsquo;importance de vos dossiers d&rsquo;indemnisation des travailleurs, nous sommes l\u00e0 pour vous guider dans la complexit\u00e9 des relations avec la compagnie d&rsquo;assurance et votre employeur.<\/p>\n<p>Nous comprenons qu&rsquo;il s&rsquo;agit d&rsquo;une p\u00e9riode stressante pour vous et votre famille. Si vous souhaitez prendre rendez-vous, n&rsquo;h\u00e9sitez pas \u00e0 nous contacter. Nous nous effor\u00e7ons de rendre le processus aussi facile que possible pour vous et nous ferons tout ce qui est en notre pouvoir pour vous aider.<\/p>\n","protected":false},"excerpt":{"rendered":"<p>Les directives relatives \u00e0 l&rsquo;articulation de Charcot ont \u00e9t\u00e9 formul\u00e9es par la Commission des accidents du travail de l&rsquo;\u00c9tat de New York afin d&rsquo;aider les m\u00e9decins, les podologues et les autres professionnels de la sant\u00e9 \u00e0 fournir un traitement adapt\u00e9. Ces lignes directrices de la Commission des accidents du travail sont con\u00e7ues comme une ressource [&hellip;]<\/p>\n","protected":false},"author":33,"featured_media":0,"parent":21154,"menu_order":0,"comment_status":"closed","ping_status":"closed","template":"","meta":{"_et_pb_use_builder":"","_et_pb_old_content":"","_et_gb_content_width":"","footnotes":""},"class_list":["post-21082","page","type-page","status-publish","hentry"],"yoast_head":"<!-- This site is optimized with the Yoast SEO plugin v27.2 - https:\/\/yoast.com\/product\/yoast-seo-wordpress\/ -->\n<title>Articulation de Charcot | Best Hip &amp; Knee Surgeon | NY, USA<\/title>\n<meta name=\"description\" content=\"Les directives relatives \u00e0 l&#039;articulation de Charcot ont \u00e9t\u00e9 formul\u00e9es par la Commission des accidents du travail de l&#039;\u00c9tat de New York afin d&#039;aider les\" \/>\n<meta name=\"robots\" content=\"index, follow, max-snippet:-1, max-image-preview:large, max-video-preview:-1\" \/>\n<link rel=\"canonical\" href=\"https:\/\/www.newyorkhipknee.com\/fr\/indemnisation-des-travailleurs\/lignes-directrices-pour-les-traitements-medicaux-mtg\/cheville-et-pied\/articulation-de-charcot\/\" \/>\n<meta property=\"og:locale\" content=\"fr_FR\" \/>\n<meta property=\"og:type\" content=\"article\" \/>\n<meta property=\"og:title\" content=\"Articulation de Charcot | Best Hip &amp; Knee Surgeon | NY, USA\" \/>\n<meta property=\"og:description\" content=\"Les directives relatives \u00e0 l&#039;articulation de Charcot ont \u00e9t\u00e9 formul\u00e9es par la Commission des accidents du travail de l&#039;\u00c9tat de New York afin d&#039;aider les\" \/>\n<meta property=\"og:url\" content=\"https:\/\/www.newyorkhipknee.com\/fr\/indemnisation-des-travailleurs\/lignes-directrices-pour-les-traitements-medicaux-mtg\/cheville-et-pied\/articulation-de-charcot\/\" \/>\n<meta property=\"og:site_name\" content=\"Best Hip &amp; Knee Surgeon | NY, USA\" \/>\n<meta name=\"twitter:card\" content=\"summary_large_image\" \/>\n<meta name=\"twitter:label1\" content=\"Dur\u00e9e de lecture estim\u00e9e\" \/>\n\t<meta name=\"twitter:data1\" content=\"7 minutes\" \/>\n<script type=\"application\/ld+json\" class=\"yoast-schema-graph\">{\"@context\":\"https:\/\/schema.org\",\"@graph\":[{\"@type\":[\"WebPage\",\"MedicalWebPage\"],\"@id\":\"https:\/\/www.newyorkhipknee.com\/fr\/indemnisation-des-travailleurs\/lignes-directrices-pour-les-traitements-medicaux-mtg\/cheville-et-pied\/articulation-de-charcot\/\",\"url\":\"https:\/\/www.newyorkhipknee.com\/fr\/indemnisation-des-travailleurs\/lignes-directrices-pour-les-traitements-medicaux-mtg\/cheville-et-pied\/articulation-de-charcot\/\",\"name\":\"Articulation de Charcot | Best Hip &amp; Knee Surgeon | NY, USA\",\"isPartOf\":{\"@id\":\"https:\/\/www.newyorkhipknee.com\/fr\/#website\"},\"datePublished\":\"2023-12-15T21:21:04+00:00\",\"description\":\"Les directives relatives \u00e0 l'articulation de Charcot ont \u00e9t\u00e9 formul\u00e9es par la Commission des accidents du travail de l'\u00c9tat de New York afin d'aider les\",\"breadcrumb\":{\"@id\":\"https:\/\/www.newyorkhipknee.com\/fr\/indemnisation-des-travailleurs\/lignes-directrices-pour-les-traitements-medicaux-mtg\/cheville-et-pied\/articulation-de-charcot\/#breadcrumb\"},\"inLanguage\":\"fr-FR\",\"potentialAction\":[{\"@type\":\"ReadAction\",\"target\":[\"https:\/\/www.newyorkhipknee.com\/fr\/indemnisation-des-travailleurs\/lignes-directrices-pour-les-traitements-medicaux-mtg\/cheville-et-pied\/articulation-de-charcot\/\"]}]},{\"@type\":\"BreadcrumbList\",\"@id\":\"https:\/\/www.newyorkhipknee.com\/fr\/indemnisation-des-travailleurs\/lignes-directrices-pour-les-traitements-medicaux-mtg\/cheville-et-pied\/articulation-de-charcot\/#breadcrumb\",\"itemListElement\":[{\"@type\":\"ListItem\",\"position\":1,\"name\":\"Home\",\"item\":\"https:\/\/www.newyorkhipknee.com\/fr\/\"},{\"@type\":\"ListItem\",\"position\":2,\"name\":\"Indemnisation des travailleurs\",\"item\":\"https:\/\/www.newyorkhipknee.com\/fr\/indemnisation-des-travailleurs\/\"},{\"@type\":\"ListItem\",\"position\":3,\"name\":\"Lignes directrices pour les traitements m\u00e9dicaux (MTG)\",\"item\":\"https:\/\/www.newyorkhipknee.com\/fr\/indemnisation-des-travailleurs\/lignes-directrices-pour-les-traitements-medicaux-mtg\/\"},{\"@type\":\"ListItem\",\"position\":4,\"name\":\"Cheville et pied\",\"item\":\"https:\/\/www.newyorkhipknee.com\/fr\/indemnisation-des-travailleurs\/lignes-directrices-pour-les-traitements-medicaux-mtg\/cheville-et-pied\/\"},{\"@type\":\"ListItem\",\"position\":5,\"name\":\"Articulation de Charcot\"}]},{\"@type\":\"WebSite\",\"@id\":\"https:\/\/www.newyorkhipknee.com\/fr\/#website\",\"url\":\"https:\/\/www.newyorkhipknee.com\/fr\/\",\"name\":\"Best Hip & Knee Surgeon | NY, USA\",\"description\":\"\",\"potentialAction\":[{\"@type\":\"SearchAction\",\"target\":{\"@type\":\"EntryPoint\",\"urlTemplate\":\"https:\/\/www.newyorkhipknee.com\/fr\/?s={search_term_string}\"},\"query-input\":{\"@type\":\"PropertyValueSpecification\",\"valueRequired\":true,\"valueName\":\"search_term_string\"}}],\"inLanguage\":\"fr-FR\"}]}<\/script>\n<!-- \/ Yoast SEO plugin. -->","yoast_head_json":{"title":"Articulation de Charcot | Best Hip &amp; Knee Surgeon | NY, USA","description":"Les directives relatives \u00e0 l'articulation de Charcot ont \u00e9t\u00e9 formul\u00e9es par la Commission des accidents du travail de l'\u00c9tat de New York afin d'aider les","robots":{"index":"index","follow":"follow","max-snippet":"max-snippet:-1","max-image-preview":"max-image-preview:large","max-video-preview":"max-video-preview:-1"},"canonical":"https:\/\/www.newyorkhipknee.com\/fr\/indemnisation-des-travailleurs\/lignes-directrices-pour-les-traitements-medicaux-mtg\/cheville-et-pied\/articulation-de-charcot\/","og_locale":"fr_FR","og_type":"article","og_title":"Articulation de Charcot | Best Hip &amp; Knee Surgeon | NY, USA","og_description":"Les directives relatives \u00e0 l'articulation de Charcot ont \u00e9t\u00e9 formul\u00e9es par la Commission des accidents du travail de l'\u00c9tat de New York afin d'aider les","og_url":"https:\/\/www.newyorkhipknee.com\/fr\/indemnisation-des-travailleurs\/lignes-directrices-pour-les-traitements-medicaux-mtg\/cheville-et-pied\/articulation-de-charcot\/","og_site_name":"Best Hip &amp; Knee Surgeon | NY, USA","twitter_card":"summary_large_image","twitter_misc":{"Dur\u00e9e de lecture estim\u00e9e":"7 minutes"},"schema":{"@context":"https:\/\/schema.org","@graph":[{"@type":["WebPage","MedicalWebPage"],"@id":"https:\/\/www.newyorkhipknee.com\/fr\/indemnisation-des-travailleurs\/lignes-directrices-pour-les-traitements-medicaux-mtg\/cheville-et-pied\/articulation-de-charcot\/","url":"https:\/\/www.newyorkhipknee.com\/fr\/indemnisation-des-travailleurs\/lignes-directrices-pour-les-traitements-medicaux-mtg\/cheville-et-pied\/articulation-de-charcot\/","name":"Articulation de Charcot | Best Hip &amp; Knee Surgeon | NY, USA","isPartOf":{"@id":"https:\/\/www.newyorkhipknee.com\/fr\/#website"},"datePublished":"2023-12-15T21:21:04+00:00","description":"Les directives relatives \u00e0 l'articulation de Charcot ont \u00e9t\u00e9 formul\u00e9es par la Commission des accidents du travail de l'\u00c9tat de New York afin d'aider les","breadcrumb":{"@id":"https:\/\/www.newyorkhipknee.com\/fr\/indemnisation-des-travailleurs\/lignes-directrices-pour-les-traitements-medicaux-mtg\/cheville-et-pied\/articulation-de-charcot\/#breadcrumb"},"inLanguage":"fr-FR","potentialAction":[{"@type":"ReadAction","target":["https:\/\/www.newyorkhipknee.com\/fr\/indemnisation-des-travailleurs\/lignes-directrices-pour-les-traitements-medicaux-mtg\/cheville-et-pied\/articulation-de-charcot\/"]}]},{"@type":"BreadcrumbList","@id":"https:\/\/www.newyorkhipknee.com\/fr\/indemnisation-des-travailleurs\/lignes-directrices-pour-les-traitements-medicaux-mtg\/cheville-et-pied\/articulation-de-charcot\/#breadcrumb","itemListElement":[{"@type":"ListItem","position":1,"name":"Home","item":"https:\/\/www.newyorkhipknee.com\/fr\/"},{"@type":"ListItem","position":2,"name":"Indemnisation des travailleurs","item":"https:\/\/www.newyorkhipknee.com\/fr\/indemnisation-des-travailleurs\/"},{"@type":"ListItem","position":3,"name":"Lignes directrices pour les traitements m\u00e9dicaux (MTG)","item":"https:\/\/www.newyorkhipknee.com\/fr\/indemnisation-des-travailleurs\/lignes-directrices-pour-les-traitements-medicaux-mtg\/"},{"@type":"ListItem","position":4,"name":"Cheville et pied","item":"https:\/\/www.newyorkhipknee.com\/fr\/indemnisation-des-travailleurs\/lignes-directrices-pour-les-traitements-medicaux-mtg\/cheville-et-pied\/"},{"@type":"ListItem","position":5,"name":"Articulation de Charcot"}]},{"@type":"WebSite","@id":"https:\/\/www.newyorkhipknee.com\/fr\/#website","url":"https:\/\/www.newyorkhipknee.com\/fr\/","name":"Best Hip & Knee Surgeon | NY, USA","description":"","potentialAction":[{"@type":"SearchAction","target":{"@type":"EntryPoint","urlTemplate":"https:\/\/www.newyorkhipknee.com\/fr\/?s={search_term_string}"},"query-input":{"@type":"PropertyValueSpecification","valueRequired":true,"valueName":"search_term_string"}}],"inLanguage":"fr-FR"}]}},"_links":{"self":[{"href":"https:\/\/www.newyorkhipknee.com\/fr\/wp-json\/wp\/v2\/pages\/21082","targetHints":{"allow":["GET"]}}],"collection":[{"href":"https:\/\/www.newyorkhipknee.com\/fr\/wp-json\/wp\/v2\/pages"}],"about":[{"href":"https:\/\/www.newyorkhipknee.com\/fr\/wp-json\/wp\/v2\/types\/page"}],"author":[{"embeddable":true,"href":"https:\/\/www.newyorkhipknee.com\/fr\/wp-json\/wp\/v2\/users\/33"}],"replies":[{"embeddable":true,"href":"https:\/\/www.newyorkhipknee.com\/fr\/wp-json\/wp\/v2\/comments?post=21082"}],"version-history":[{"count":0,"href":"https:\/\/www.newyorkhipknee.com\/fr\/wp-json\/wp\/v2\/pages\/21082\/revisions"}],"up":[{"embeddable":true,"href":"https:\/\/www.newyorkhipknee.com\/fr\/wp-json\/wp\/v2\/pages\/21154"}],"wp:attachment":[{"href":"https:\/\/www.newyorkhipknee.com\/fr\/wp-json\/wp\/v2\/media?parent=21082"}],"curies":[{"name":"wp","href":"https:\/\/api.w.org\/{rel}","templated":true}]}}