{"id":21085,"date":"2023-12-15T16:12:34","date_gmt":"2023-12-15T21:12:34","guid":{"rendered":"https:\/\/newyorkhipknee.com\/chute-de-pied\/"},"modified":"2023-12-15T16:12:34","modified_gmt":"2023-12-15T21:12:34","slug":"chute-de-pied","status":"publish","type":"page","link":"https:\/\/www.newyorkhipknee.com\/fr\/indemnisation-des-travailleurs\/lignes-directrices-pour-les-traitements-medicaux-mtg\/cheville-et-pied\/chute-de-pied\/","title":{"rendered":"Chute de pied"},"content":{"rendered":"<h1>Directives m\u00e9dicales de l&rsquo;\u00c9tat de New York pour le traitement de l&rsquo;enfoncement du pied chez les travailleurs indemnis\u00e9s<\/h1>\n<div class=\"flex-1 overflow-hidden\">\n<div class=\"react-scroll-to-bottom--css-toukk-79elbk h-full\">\n<div class=\"react-scroll-to-bottom--css-toukk-1n7m0yu\">\n<div class=\"flex flex-col pb-9 text-sm\">\n<div class=\"w-full text-token-text-primary\" data-testid=\"conversation-turn-17\">\n<div class=\"px-4 py-2 justify-center text-base md:gap-6 m-auto\">\n<div class=\"flex flex-1 text-base mx-auto gap-3 md:px-5 lg:px-1 xl:px-5 md:max-w-3xl lg:max-w-[40rem] xl:max-w-[48rem] group final-completion\">\n<div class=\"relative flex w-full flex-col lg:w-[calc(100%-115px)] agent-turn\">\n<div class=\"flex-col gap-1 md:gap-3\">\n<div class=\"flex flex-grow flex-col max-w-full\">\n<div class=\"min-h-[20px] text-message flex flex-col items-start gap-3 whitespace-pre-wrap break-words [.text-message+&amp;]:mt-5 overflow-x-auto\" data-message-author-role=\"assistant\" data-message-id=\"bd0fdc2a-5cf7-43da-b1ab-cda687178fd4\">\n<div class=\"markdown prose w-full break-words dark:prose-invert dark\">\n<p>Les directives relatives \u00e0 l&rsquo;affaissement du pied ont \u00e9t\u00e9 \u00e9labor\u00e9es par la commission des accidents du travail de l&rsquo;\u00c9tat de New York afin d&rsquo;aider les m\u00e9decins, les podologues et les autres professionnels de la sant\u00e9 \u00e0 dispenser un traitement adapt\u00e9.<\/p>\n<p>Ces lignes directrices de la Commission des accidents du travail sont con\u00e7ues comme une ressource utile pour les professionnels de la sant\u00e9, les aidant \u00e0 d\u00e9terminer le niveau de soins ad\u00e9quat pour les patients souffrant de troubles de la cheville et du pied.<\/p>\n<p>Il est important de noter que ces lignes directrices ne remplacent pas le jugement clinique ou l&rsquo;exp\u00e9rience professionnelle. La d\u00e9cision finale concernant les soins doit \u00eatre prise en collaboration entre le patient et son prestataire de soins.<\/p>\n<\/div>\n<p>&nbsp;<\/p>\n<h2>Chute de pied<\/h2>\n<p>L&rsquo;apparition soudaine d&rsquo;un pied tombant \u00e0 la suite d&rsquo;une l\u00e9sion de la jambe du m\u00eame c\u00f4t\u00e9 peut \u00eatre le signe d&rsquo;un syndrome des loges, surtout s&rsquo;il s&rsquo;accompagne d&rsquo;une douleur au niveau de la jambe inf\u00e9rieure. Il est essentiel de traiter ces cas en urgence, car il existe un risque de d\u00e9ficits graves et durables si la chute aigu\u00eb du pied n&rsquo;est pas trait\u00e9e rapidement, ce qui fait de ces situations des cas urgents, voire des cas d&rsquo;urgence. Par cons\u00e9quent, les cas de traumatisme aigu suivis d&rsquo;une douleur \u00e0 la jambe inf\u00e9rieure et d&rsquo;un pied tombant doivent faire l&rsquo;objet d&rsquo;un examen approfondi, car ils pourraient indiquer un syndrome des loges, un probl\u00e8me chirurgical urgent associ\u00e9 au pied tombant.<\/p>\n<\/div>\n<p>&nbsp;<\/p>\n<\/div>\n<div class=\"mt-1 flex justify-start gap-3 empty:hidden\">\n<div class=\"text-gray-400 flex self-end lg:self-center justify-center lg:justify-start mt-0 gap-1 visible\">\n<h3>\u00c9tudes diagnostiques pour le pied tombant chez les travailleurs indemnis\u00e9s<\/h3>\n<p>Pour identifier la cause du pied tombant, les tests diagnostiques les plus couramment utilis\u00e9s comprennent l&rsquo;IRM du cerveau, de la moelle \u00e9pini\u00e8re et\/ou des r\u00e9gions p\u00e9riph\u00e9riques, ainsi que des examens \u00e9lectrodiagnostiques des nerfs p\u00e9riph\u00e9riques.<\/p>\n<p>Pour des informations d\u00e9taill\u00e9es sur les proc\u00e9dures d&rsquo;imagerie diagnostique et d&rsquo;examen li\u00e9es au pied tombant, il est recommand\u00e9 de se r\u00e9f\u00e9rer \u00e0 la section sur les \u00e9tudes diagnostiques pour le diagnostic du pied tombant (voir Principes g\u00e9n\u00e9raux A.12 &#8211; Pied tombant).<\/p>\n<p>&nbsp;<\/p>\n<\/div>\n<\/div>\n<\/div>\n<h3>R\u00e9habilitation du pied tombant<\/h3>\n<p>La r\u00e9\u00e9ducation, supervis\u00e9e par une th\u00e9rapie formelle, \u00e0 la suite d&rsquo;un accident du travail doit \u00eatre ax\u00e9e sur le r\u00e9tablissement des capacit\u00e9s fonctionnelles n\u00e9cessaires pour que le patient puisse assumer ses responsabilit\u00e9s quotidiennes et professionnelles, dans le but de faciliter le retour au travail. L&rsquo;objectif ultime est de permettre au travailleur bless\u00e9 de retrouver son \u00e9tat ant\u00e9rieur \u00e0 la blessure, dans la mesure du possible.<\/p>\n<p>La th\u00e9rapie active implique que le patient participe activement et fournisse un effort interne pour accomplir des activit\u00e9s ou des t\u00e2ches sp\u00e9cifiques. En revanche, la th\u00e9rapie passive repose sur des modalit\u00e9s administr\u00e9es par un th\u00e9rapeute sans que le patient ne fournisse d&rsquo;effort actif.<\/p>\n<p>Bien que les th\u00e9rapies passives soient souvent utilis\u00e9es pour compl\u00e9ter un programme de th\u00e9rapie active et obtenir simultan\u00e9ment des gains fonctionnels, la priorit\u00e9 doit \u00eatre donn\u00e9e aux initiatives actives plut\u00f4t qu&rsquo;aux interventions passives.<\/p>\n<p>Pour maintenir et d\u00e9velopper les am\u00e9liorations obtenues, les patients sont encourag\u00e9s \u00e0 poursuivre les th\u00e9rapies actives et passives \u00e0 domicile, dans le prolongement du processus th\u00e9rapeutique. Cette approche garantit des progr\u00e8s durables et soutient les objectifs globaux de la r\u00e9adaptation.<\/p>\n<p>L&rsquo;int\u00e9gration de technologies d&rsquo;assistance dans la strat\u00e9gie de traitement constitue un autre moyen potentiel d&rsquo;am\u00e9liorer les performances fonctionnelles.<\/p>\n<p>En ce qui concerne le traitement du pied tombant, il est important de noter que le taping n&rsquo;est pas recommand\u00e9. Les appareils orthop\u00e9diques constituent l&rsquo;approche la plus conventionnelle et la plus recommand\u00e9e pour traiter le pied tombant.<\/p>\n<p>D&rsquo;autre part, l&rsquo;utilisation d&rsquo;orth\u00e8ses cheville-pied est recommand\u00e9e pour le traitement du pied tombant, leur efficacit\u00e9 \u00e9tant prouv\u00e9e.<\/p>\n<p>&nbsp;<\/p>\n<\/div>\n<h2>Ce que notre cabinet peut faire si vous avez une goutte de pied \u00e0 la suite de votre accident du travail<\/h2>\n<p>Nous mettons notre expertise \u00e0 votre service pour vous aider \u00e0 r\u00e9soudre vos probl\u00e8mes d&rsquo;indemnisation des accidents du travail, en comprenant parfaitement les d\u00e9fis auxquels vous \u00eates confront\u00e9s. Nous nous engageons \u00e0 r\u00e9pondre \u00e0 vos besoins m\u00e9dicaux et \u00e0 respecter les directives \u00e9tablies par la commission des accidents du travail de l&rsquo;\u00c9tat de New York.<\/p>\n<p>Conscients de l&rsquo;importance de vos dossiers d&rsquo;indemnisation des accidents du travail, nous sommes l\u00e0 pour vous guider dans les m\u00e9andres des relations avec la compagnie d&rsquo;assurance et votre employeur.<\/p>\n<p>Nous sommes conscients qu&rsquo;il s&rsquo;agit d&rsquo;une p\u00e9riode stressante pour vous et votre famille. Si vous souhaitez prendre rendez-vous, n&rsquo;h\u00e9sitez pas \u00e0 nous contacter. Nous nous effor\u00e7ons de rendre le processus aussi fluide que possible, en faisant tout ce qui est en notre pouvoir pour vous aider.<\/p>\n<\/div>\n<\/div>\n<\/div>\n<\/div>\n<\/div>\n<\/div>\n<\/div>\n<div class=\"w-full pt-2 md:pt-0 dark:border-white\/20 md:border-transparent md:dark:border-transparent md:w-[calc(100%-.5rem)]\">\n<form class=\"stretch mx-2 flex flex-row gap-3 last:mb-2 md:mx-4 md:last:mb-6 lg:mx-auto lg:max-w-2xl xl:max-w-3xl\">\n<div class=\"relative flex h-full flex-1 items-stretch md:flex-col\">\n<div class=\"flex w-full items-center\"><\/div>\n<\/div>\n<\/form>\n<\/div>\n","protected":false},"excerpt":{"rendered":"<p>Directives m\u00e9dicales de l&rsquo;\u00c9tat de New York pour le traitement de l&rsquo;enfoncement du pied chez les travailleurs indemnis\u00e9s Les directives relatives \u00e0 l&rsquo;affaissement du pied ont \u00e9t\u00e9 \u00e9labor\u00e9es par la commission des accidents du travail de l&rsquo;\u00c9tat de New York afin d&rsquo;aider les m\u00e9decins, les podologues et les autres professionnels de la sant\u00e9 \u00e0 dispenser [&hellip;]<\/p>\n","protected":false},"author":33,"featured_media":0,"parent":21154,"menu_order":0,"comment_status":"closed","ping_status":"closed","template":"","meta":{"_et_pb_use_builder":"","_et_pb_old_content":"","_et_gb_content_width":"","footnotes":""},"class_list":["post-21085","page","type-page","status-publish","hentry"],"yoast_head":"<!-- This site is optimized with the Yoast SEO plugin v27.2 - https:\/\/yoast.com\/product\/yoast-seo-wordpress\/ -->\n<title>Chute de pied | Best Hip &amp; Knee Surgeon | NY, USA<\/title>\n<meta name=\"description\" content=\"Directives m\u00e9dicales de l&#039;\u00c9tat de New York pour le traitement de l&#039;enfoncement du pied chez les travailleurs indemnis\u00e9s Les directives relatives \u00e0\" \/>\n<meta name=\"robots\" content=\"index, follow, max-snippet:-1, max-image-preview:large, max-video-preview:-1\" \/>\n<link rel=\"canonical\" href=\"https:\/\/www.newyorkhipknee.com\/fr\/indemnisation-des-travailleurs\/lignes-directrices-pour-les-traitements-medicaux-mtg\/cheville-et-pied\/chute-de-pied\/\" \/>\n<meta property=\"og:locale\" content=\"fr_FR\" \/>\n<meta property=\"og:type\" content=\"article\" \/>\n<meta property=\"og:title\" content=\"Chute de pied | Best Hip &amp; Knee Surgeon | NY, USA\" \/>\n<meta property=\"og:description\" content=\"Directives m\u00e9dicales de l&#039;\u00c9tat de New York pour le traitement de l&#039;enfoncement du pied chez les travailleurs indemnis\u00e9s Les directives relatives \u00e0\" \/>\n<meta property=\"og:url\" content=\"https:\/\/www.newyorkhipknee.com\/fr\/indemnisation-des-travailleurs\/lignes-directrices-pour-les-traitements-medicaux-mtg\/cheville-et-pied\/chute-de-pied\/\" \/>\n<meta property=\"og:site_name\" content=\"Best Hip &amp; Knee Surgeon | NY, USA\" \/>\n<meta name=\"twitter:card\" content=\"summary_large_image\" \/>\n<meta name=\"twitter:label1\" content=\"Dur\u00e9e de lecture estim\u00e9e\" \/>\n\t<meta name=\"twitter:data1\" content=\"4 minutes\" \/>\n<script type=\"application\/ld+json\" class=\"yoast-schema-graph\">{\"@context\":\"https:\/\/schema.org\",\"@graph\":[{\"@type\":[\"WebPage\",\"MedicalWebPage\"],\"@id\":\"https:\/\/www.newyorkhipknee.com\/fr\/indemnisation-des-travailleurs\/lignes-directrices-pour-les-traitements-medicaux-mtg\/cheville-et-pied\/chute-de-pied\/\",\"url\":\"https:\/\/www.newyorkhipknee.com\/fr\/indemnisation-des-travailleurs\/lignes-directrices-pour-les-traitements-medicaux-mtg\/cheville-et-pied\/chute-de-pied\/\",\"name\":\"Chute de pied | Best Hip &amp; Knee Surgeon | NY, USA\",\"isPartOf\":{\"@id\":\"https:\/\/www.newyorkhipknee.com\/fr\/#website\"},\"datePublished\":\"2023-12-15T21:12:34+00:00\",\"description\":\"Directives m\u00e9dicales de l'\u00c9tat de New York pour le traitement de l'enfoncement du pied chez les travailleurs indemnis\u00e9s Les directives relatives \u00e0\",\"breadcrumb\":{\"@id\":\"https:\/\/www.newyorkhipknee.com\/fr\/indemnisation-des-travailleurs\/lignes-directrices-pour-les-traitements-medicaux-mtg\/cheville-et-pied\/chute-de-pied\/#breadcrumb\"},\"inLanguage\":\"fr-FR\",\"potentialAction\":[{\"@type\":\"ReadAction\",\"target\":[\"https:\/\/www.newyorkhipknee.com\/fr\/indemnisation-des-travailleurs\/lignes-directrices-pour-les-traitements-medicaux-mtg\/cheville-et-pied\/chute-de-pied\/\"]}]},{\"@type\":\"BreadcrumbList\",\"@id\":\"https:\/\/www.newyorkhipknee.com\/fr\/indemnisation-des-travailleurs\/lignes-directrices-pour-les-traitements-medicaux-mtg\/cheville-et-pied\/chute-de-pied\/#breadcrumb\",\"itemListElement\":[{\"@type\":\"ListItem\",\"position\":1,\"name\":\"Home\",\"item\":\"https:\/\/www.newyorkhipknee.com\/fr\/\"},{\"@type\":\"ListItem\",\"position\":2,\"name\":\"Indemnisation des travailleurs\",\"item\":\"https:\/\/www.newyorkhipknee.com\/fr\/indemnisation-des-travailleurs\/\"},{\"@type\":\"ListItem\",\"position\":3,\"name\":\"Lignes directrices pour les traitements m\u00e9dicaux (MTG)\",\"item\":\"https:\/\/www.newyorkhipknee.com\/fr\/indemnisation-des-travailleurs\/lignes-directrices-pour-les-traitements-medicaux-mtg\/\"},{\"@type\":\"ListItem\",\"position\":4,\"name\":\"Cheville et pied\",\"item\":\"https:\/\/www.newyorkhipknee.com\/fr\/indemnisation-des-travailleurs\/lignes-directrices-pour-les-traitements-medicaux-mtg\/cheville-et-pied\/\"},{\"@type\":\"ListItem\",\"position\":5,\"name\":\"Chute de pied\"}]},{\"@type\":\"WebSite\",\"@id\":\"https:\/\/www.newyorkhipknee.com\/fr\/#website\",\"url\":\"https:\/\/www.newyorkhipknee.com\/fr\/\",\"name\":\"Best Hip & Knee Surgeon | NY, USA\",\"description\":\"\",\"potentialAction\":[{\"@type\":\"SearchAction\",\"target\":{\"@type\":\"EntryPoint\",\"urlTemplate\":\"https:\/\/www.newyorkhipknee.com\/fr\/?s={search_term_string}\"},\"query-input\":{\"@type\":\"PropertyValueSpecification\",\"valueRequired\":true,\"valueName\":\"search_term_string\"}}],\"inLanguage\":\"fr-FR\"}]}<\/script>\n<!-- \/ Yoast SEO plugin. -->","yoast_head_json":{"title":"Chute de pied | Best Hip &amp; Knee Surgeon | NY, USA","description":"Directives m\u00e9dicales de l'\u00c9tat de New York pour le traitement de l'enfoncement du pied chez les travailleurs indemnis\u00e9s Les directives relatives \u00e0","robots":{"index":"index","follow":"follow","max-snippet":"max-snippet:-1","max-image-preview":"max-image-preview:large","max-video-preview":"max-video-preview:-1"},"canonical":"https:\/\/www.newyorkhipknee.com\/fr\/indemnisation-des-travailleurs\/lignes-directrices-pour-les-traitements-medicaux-mtg\/cheville-et-pied\/chute-de-pied\/","og_locale":"fr_FR","og_type":"article","og_title":"Chute de pied | Best Hip &amp; Knee Surgeon | NY, USA","og_description":"Directives m\u00e9dicales de l'\u00c9tat de New York pour le traitement de l'enfoncement du pied chez les travailleurs indemnis\u00e9s Les directives relatives \u00e0","og_url":"https:\/\/www.newyorkhipknee.com\/fr\/indemnisation-des-travailleurs\/lignes-directrices-pour-les-traitements-medicaux-mtg\/cheville-et-pied\/chute-de-pied\/","og_site_name":"Best Hip &amp; Knee Surgeon | NY, USA","twitter_card":"summary_large_image","twitter_misc":{"Dur\u00e9e de lecture estim\u00e9e":"4 minutes"},"schema":{"@context":"https:\/\/schema.org","@graph":[{"@type":["WebPage","MedicalWebPage"],"@id":"https:\/\/www.newyorkhipknee.com\/fr\/indemnisation-des-travailleurs\/lignes-directrices-pour-les-traitements-medicaux-mtg\/cheville-et-pied\/chute-de-pied\/","url":"https:\/\/www.newyorkhipknee.com\/fr\/indemnisation-des-travailleurs\/lignes-directrices-pour-les-traitements-medicaux-mtg\/cheville-et-pied\/chute-de-pied\/","name":"Chute de pied | Best Hip &amp; Knee Surgeon | NY, USA","isPartOf":{"@id":"https:\/\/www.newyorkhipknee.com\/fr\/#website"},"datePublished":"2023-12-15T21:12:34+00:00","description":"Directives m\u00e9dicales de l'\u00c9tat de New York pour le traitement de l'enfoncement du pied chez les travailleurs indemnis\u00e9s Les directives relatives \u00e0","breadcrumb":{"@id":"https:\/\/www.newyorkhipknee.com\/fr\/indemnisation-des-travailleurs\/lignes-directrices-pour-les-traitements-medicaux-mtg\/cheville-et-pied\/chute-de-pied\/#breadcrumb"},"inLanguage":"fr-FR","potentialAction":[{"@type":"ReadAction","target":["https:\/\/www.newyorkhipknee.com\/fr\/indemnisation-des-travailleurs\/lignes-directrices-pour-les-traitements-medicaux-mtg\/cheville-et-pied\/chute-de-pied\/"]}]},{"@type":"BreadcrumbList","@id":"https:\/\/www.newyorkhipknee.com\/fr\/indemnisation-des-travailleurs\/lignes-directrices-pour-les-traitements-medicaux-mtg\/cheville-et-pied\/chute-de-pied\/#breadcrumb","itemListElement":[{"@type":"ListItem","position":1,"name":"Home","item":"https:\/\/www.newyorkhipknee.com\/fr\/"},{"@type":"ListItem","position":2,"name":"Indemnisation des travailleurs","item":"https:\/\/www.newyorkhipknee.com\/fr\/indemnisation-des-travailleurs\/"},{"@type":"ListItem","position":3,"name":"Lignes directrices pour les traitements m\u00e9dicaux (MTG)","item":"https:\/\/www.newyorkhipknee.com\/fr\/indemnisation-des-travailleurs\/lignes-directrices-pour-les-traitements-medicaux-mtg\/"},{"@type":"ListItem","position":4,"name":"Cheville et pied","item":"https:\/\/www.newyorkhipknee.com\/fr\/indemnisation-des-travailleurs\/lignes-directrices-pour-les-traitements-medicaux-mtg\/cheville-et-pied\/"},{"@type":"ListItem","position":5,"name":"Chute de pied"}]},{"@type":"WebSite","@id":"https:\/\/www.newyorkhipknee.com\/fr\/#website","url":"https:\/\/www.newyorkhipknee.com\/fr\/","name":"Best Hip & Knee Surgeon | NY, USA","description":"","potentialAction":[{"@type":"SearchAction","target":{"@type":"EntryPoint","urlTemplate":"https:\/\/www.newyorkhipknee.com\/fr\/?s={search_term_string}"},"query-input":{"@type":"PropertyValueSpecification","valueRequired":true,"valueName":"search_term_string"}}],"inLanguage":"fr-FR"}]}},"_links":{"self":[{"href":"https:\/\/www.newyorkhipknee.com\/fr\/wp-json\/wp\/v2\/pages\/21085","targetHints":{"allow":["GET"]}}],"collection":[{"href":"https:\/\/www.newyorkhipknee.com\/fr\/wp-json\/wp\/v2\/pages"}],"about":[{"href":"https:\/\/www.newyorkhipknee.com\/fr\/wp-json\/wp\/v2\/types\/page"}],"author":[{"embeddable":true,"href":"https:\/\/www.newyorkhipknee.com\/fr\/wp-json\/wp\/v2\/users\/33"}],"replies":[{"embeddable":true,"href":"https:\/\/www.newyorkhipknee.com\/fr\/wp-json\/wp\/v2\/comments?post=21085"}],"version-history":[{"count":0,"href":"https:\/\/www.newyorkhipknee.com\/fr\/wp-json\/wp\/v2\/pages\/21085\/revisions"}],"up":[{"embeddable":true,"href":"https:\/\/www.newyorkhipknee.com\/fr\/wp-json\/wp\/v2\/pages\/21154"}],"wp:attachment":[{"href":"https:\/\/www.newyorkhipknee.com\/fr\/wp-json\/wp\/v2\/media?parent=21085"}],"curies":[{"name":"wp","href":"https:\/\/api.w.org\/{rel}","templated":true}]}}