{"id":21089,"date":"2023-12-14T16:50:36","date_gmt":"2023-12-14T21:50:36","guid":{"rendered":"https:\/\/newyorkhipknee.com\/orteil-en-marteau\/"},"modified":"2023-12-14T16:50:36","modified_gmt":"2023-12-14T21:50:36","slug":"orteil-en-marteau","status":"publish","type":"page","link":"https:\/\/www.newyorkhipknee.com\/fr\/indemnisation-des-travailleurs\/lignes-directrices-pour-les-traitements-medicaux-mtg\/cheville-et-pied\/orteil-en-marteau\/","title":{"rendered":"Orteil en marteau"},"content":{"rendered":"<h1>Directives m\u00e9dicales de l&rsquo;\u00c9tat de New York pour le traitement de l&rsquo;orteil en marteau chez les travailleurs indemnis\u00e9s<\/h1>\n<p>La commission des accidents du travail de l&rsquo;\u00c9tat de New York a \u00e9tabli des lignes directrices pour aider les m\u00e9decins, les podologues et les professionnels de la sant\u00e9 \u00e0 traiter correctement les orteils en marteau. Ces lignes directrices sont con\u00e7ues pour aider les professionnels de la sant\u00e9 \u00e0 d\u00e9terminer le niveau de soins appropri\u00e9 pour les patients souffrant de troubles de la cheville et du pied.<\/p>\n<p>Il est important de noter que ces lignes directrices ne doivent pas remplacer le jugement clinique ou l&rsquo;expertise professionnelle. La d\u00e9cision finale concernant les soins doit \u00eatre prise par le patient en concertation avec son prestataire de soins.<\/p>\n<p>&nbsp;<\/p>\n<h2>Orteil en marteau<\/h2>\n<p>Les syndromes de l&rsquo;orteil en marteau se manifestent typiquement dans le plan sagittal, impliquant une articulation m\u00e9tatarso-phalangienne dorsiflexe et une articulation interphalangienne proximale plantarflexe. L&rsquo;affection est le plus souvent observ\u00e9e au niveau du deuxi\u00e8me orteil.<\/p>\n<p>&nbsp;<\/p>\n<h3>Traitement de l&rsquo;orteil en marteau<\/h3>\n<p>Les traitements non chirurgicaux de l&rsquo;orteil en marteau sont les suivants :<\/p>\n<ol>\n<li><strong>Modifications des chaussures :<\/strong> L&rsquo;ajustement des chaussures pour am\u00e9liorer la bo\u00eete \u00e0 orteils ou l&rsquo;espace peut att\u00e9nuer la pression sur les orteils affect\u00e9s.<\/li>\n<li><strong>Rembourrage :<\/strong> L&rsquo;utilisation de coussinets peut contribuer \u00e0 r\u00e9duire les frottements et la pression sur les orteils.<\/li>\n<li><strong>Injections de corticost\u00e9ro\u00efdes :<\/strong> Des injections de corticost\u00e9ro\u00efdes peuvent \u00eatre utilis\u00e9es pour g\u00e9rer l&rsquo;inflammation et soulager la douleur.<\/li>\n<li><strong>Orth\u00e8ses :<\/strong> Des semelles orthop\u00e9diques sur mesure ou en vente libre peuvent apporter un soutien et aider \u00e0 r\u00e9soudre les probl\u00e8mes biom\u00e9caniques contribuant \u00e0 l&rsquo;orteil en marteau.<\/li>\n<\/ol>\n<p>Les traitements chirurgicaux pour les cas o\u00f9 les mesures non chirurgicales n&rsquo;ont pas donn\u00e9 de r\u00e9sultats suffisants comprennent diverses proc\u00e9dures telles que<\/p>\n<ol>\n<li><strong>Arthroplastie :<\/strong> Reconstruction ou remplacement chirurgical d&rsquo;une articulation.<\/li>\n<li><strong>Transfert du tendon fl\u00e9chisseur :<\/strong> Transfert d&rsquo;un tendon \u00e0 un endroit diff\u00e9rent pour am\u00e9liorer l&rsquo;alignement des orteils.<\/li>\n<li><strong>T\u00e9notomie du fl\u00e9chisseur :<\/strong> Coupe du tendon fl\u00e9chisseur pour rel\u00e2cher la tension.<\/li>\n<li><strong>Allongement du tendon extenseur et capsulotomie de l&rsquo;articulation m\u00e9tatarso-phalangienne :<\/strong> Allongement du tendon extenseur et lib\u00e9ration de la capsule articulaire.<\/li>\n<li><strong>Fusion :<\/strong> Fusion chirurgicale de l&rsquo;articulation affect\u00e9e pour corriger la d\u00e9formation.<\/li>\n<li><strong>Diaphysectomie :<\/strong> Ablation d&rsquo;une partie de l&rsquo;os de l&rsquo;orteil pour corriger une d\u00e9formation.<\/li>\n<\/ol>\n<p>Le choix entre un traitement non op\u00e9ratoire et un traitement op\u00e9ratoire d\u00e9pend de la gravit\u00e9 de l&rsquo;affection et de la r\u00e9ponse aux interventions initiales. Un professionnel de la sant\u00e9 \u00e9valuera le cas individuel et recommandera le plan d&rsquo;action le plus appropri\u00e9.<\/p>\n<p>&nbsp;<\/p>\n<h2>Ce que notre cabinet peut faire si vous souffrez d&rsquo;un orteil en marteau \u00e0 la suite d&rsquo;un accident du travail<\/h2>\n<p>Nous disposons de l&rsquo;expertise n\u00e9cessaire pour vous aider \u00e0 r\u00e9soudre vos probl\u00e8mes d&rsquo;indemnisation des accidents du travail. Nous comprenons parfaitement les d\u00e9fis auxquels vous \u00eates confront\u00e9s et nous nous engageons \u00e0 r\u00e9pondre \u00e0 vos besoins m\u00e9dicaux tout en respectant les directives \u00e9tablies par la commission des accidents du travail de l&rsquo;\u00c9tat de New York.<\/p>\n<p>Conscients de l&rsquo;importance de vos dossiers d&rsquo;indemnisation des accidents du travail, nous sommes l\u00e0 pour vous guider dans les m\u00e9andres des relations avec la compagnie d&rsquo;assurance des accidents du travail et avec votre employeur.<\/p>\n<p>Nous comprenons le stress que vous et votre famille subissez pendant cette p\u00e9riode. Si vous envisagez de prendre rendez-vous, n&rsquo;h\u00e9sitez pas \u00e0 nous contacter. Nous nous effor\u00e7ons de faire en sorte que le processus soit le plus simple et le moins compliqu\u00e9 possible pour vous.<\/p>\n","protected":false},"excerpt":{"rendered":"<p>Directives m\u00e9dicales de l&rsquo;\u00c9tat de New York pour le traitement de l&rsquo;orteil en marteau chez les travailleurs indemnis\u00e9s La commission des accidents du travail de l&rsquo;\u00c9tat de New York a \u00e9tabli des lignes directrices pour aider les m\u00e9decins, les podologues et les professionnels de la sant\u00e9 \u00e0 traiter correctement les orteils en marteau. Ces lignes [&hellip;]<\/p>\n","protected":false},"author":33,"featured_media":0,"parent":21154,"menu_order":0,"comment_status":"closed","ping_status":"closed","template":"","meta":{"_et_pb_use_builder":"","_et_pb_old_content":"","_et_gb_content_width":"","footnotes":""},"class_list":["post-21089","page","type-page","status-publish","hentry"],"yoast_head":"<!-- This site is optimized with the Yoast SEO plugin v27.2 - https:\/\/yoast.com\/product\/yoast-seo-wordpress\/ -->\n<title>Orteil en marteau | Best Hip &amp; Knee Surgeon | NY, USA<\/title>\n<meta name=\"description\" content=\"Directives m\u00e9dicales de l&#039;\u00c9tat de New York pour le traitement de l&#039;orteil en marteau chez les travailleurs indemnis\u00e9s La commission des accidents du\" \/>\n<meta name=\"robots\" content=\"index, follow, max-snippet:-1, max-image-preview:large, max-video-preview:-1\" \/>\n<link rel=\"canonical\" href=\"https:\/\/www.newyorkhipknee.com\/fr\/indemnisation-des-travailleurs\/lignes-directrices-pour-les-traitements-medicaux-mtg\/cheville-et-pied\/orteil-en-marteau\/\" \/>\n<meta property=\"og:locale\" content=\"fr_FR\" \/>\n<meta property=\"og:type\" content=\"article\" \/>\n<meta property=\"og:title\" content=\"Orteil en marteau | Best Hip &amp; Knee Surgeon | NY, USA\" \/>\n<meta property=\"og:description\" content=\"Directives m\u00e9dicales de l&#039;\u00c9tat de New York pour le traitement de l&#039;orteil en marteau chez les travailleurs indemnis\u00e9s La commission des accidents du\" \/>\n<meta property=\"og:url\" content=\"https:\/\/www.newyorkhipknee.com\/fr\/indemnisation-des-travailleurs\/lignes-directrices-pour-les-traitements-medicaux-mtg\/cheville-et-pied\/orteil-en-marteau\/\" \/>\n<meta property=\"og:site_name\" content=\"Best Hip &amp; Knee Surgeon | NY, USA\" \/>\n<meta name=\"twitter:card\" content=\"summary_large_image\" \/>\n<meta name=\"twitter:label1\" content=\"Dur\u00e9e de lecture estim\u00e9e\" \/>\n\t<meta name=\"twitter:data1\" content=\"3 minutes\" \/>\n<script type=\"application\/ld+json\" class=\"yoast-schema-graph\">{\"@context\":\"https:\/\/schema.org\",\"@graph\":[{\"@type\":[\"WebPage\",\"MedicalWebPage\"],\"@id\":\"https:\/\/www.newyorkhipknee.com\/fr\/indemnisation-des-travailleurs\/lignes-directrices-pour-les-traitements-medicaux-mtg\/cheville-et-pied\/orteil-en-marteau\/\",\"url\":\"https:\/\/www.newyorkhipknee.com\/fr\/indemnisation-des-travailleurs\/lignes-directrices-pour-les-traitements-medicaux-mtg\/cheville-et-pied\/orteil-en-marteau\/\",\"name\":\"Orteil en marteau | Best Hip &amp; Knee Surgeon | NY, USA\",\"isPartOf\":{\"@id\":\"https:\/\/www.newyorkhipknee.com\/fr\/#website\"},\"datePublished\":\"2023-12-14T21:50:36+00:00\",\"description\":\"Directives m\u00e9dicales de l'\u00c9tat de New York pour le traitement de l'orteil en marteau chez les travailleurs indemnis\u00e9s La commission des accidents du\",\"breadcrumb\":{\"@id\":\"https:\/\/www.newyorkhipknee.com\/fr\/indemnisation-des-travailleurs\/lignes-directrices-pour-les-traitements-medicaux-mtg\/cheville-et-pied\/orteil-en-marteau\/#breadcrumb\"},\"inLanguage\":\"fr-FR\",\"potentialAction\":[{\"@type\":\"ReadAction\",\"target\":[\"https:\/\/www.newyorkhipknee.com\/fr\/indemnisation-des-travailleurs\/lignes-directrices-pour-les-traitements-medicaux-mtg\/cheville-et-pied\/orteil-en-marteau\/\"]}]},{\"@type\":\"BreadcrumbList\",\"@id\":\"https:\/\/www.newyorkhipknee.com\/fr\/indemnisation-des-travailleurs\/lignes-directrices-pour-les-traitements-medicaux-mtg\/cheville-et-pied\/orteil-en-marteau\/#breadcrumb\",\"itemListElement\":[{\"@type\":\"ListItem\",\"position\":1,\"name\":\"Home\",\"item\":\"https:\/\/www.newyorkhipknee.com\/fr\/\"},{\"@type\":\"ListItem\",\"position\":2,\"name\":\"Indemnisation des travailleurs\",\"item\":\"https:\/\/www.newyorkhipknee.com\/fr\/indemnisation-des-travailleurs\/\"},{\"@type\":\"ListItem\",\"position\":3,\"name\":\"Lignes directrices pour les traitements m\u00e9dicaux (MTG)\",\"item\":\"https:\/\/www.newyorkhipknee.com\/fr\/indemnisation-des-travailleurs\/lignes-directrices-pour-les-traitements-medicaux-mtg\/\"},{\"@type\":\"ListItem\",\"position\":4,\"name\":\"Cheville et pied\",\"item\":\"https:\/\/www.newyorkhipknee.com\/fr\/indemnisation-des-travailleurs\/lignes-directrices-pour-les-traitements-medicaux-mtg\/cheville-et-pied\/\"},{\"@type\":\"ListItem\",\"position\":5,\"name\":\"Orteil en marteau\"}]},{\"@type\":\"WebSite\",\"@id\":\"https:\/\/www.newyorkhipknee.com\/fr\/#website\",\"url\":\"https:\/\/www.newyorkhipknee.com\/fr\/\",\"name\":\"Best Hip & Knee Surgeon | NY, USA\",\"description\":\"\",\"potentialAction\":[{\"@type\":\"SearchAction\",\"target\":{\"@type\":\"EntryPoint\",\"urlTemplate\":\"https:\/\/www.newyorkhipknee.com\/fr\/?s={search_term_string}\"},\"query-input\":{\"@type\":\"PropertyValueSpecification\",\"valueRequired\":true,\"valueName\":\"search_term_string\"}}],\"inLanguage\":\"fr-FR\"}]}<\/script>\n<!-- \/ Yoast SEO plugin. -->","yoast_head_json":{"title":"Orteil en marteau | Best Hip &amp; Knee Surgeon | NY, USA","description":"Directives m\u00e9dicales de l'\u00c9tat de New York pour le traitement de l'orteil en marteau chez les travailleurs indemnis\u00e9s La commission des accidents du","robots":{"index":"index","follow":"follow","max-snippet":"max-snippet:-1","max-image-preview":"max-image-preview:large","max-video-preview":"max-video-preview:-1"},"canonical":"https:\/\/www.newyorkhipknee.com\/fr\/indemnisation-des-travailleurs\/lignes-directrices-pour-les-traitements-medicaux-mtg\/cheville-et-pied\/orteil-en-marteau\/","og_locale":"fr_FR","og_type":"article","og_title":"Orteil en marteau | Best Hip &amp; Knee Surgeon | NY, USA","og_description":"Directives m\u00e9dicales de l'\u00c9tat de New York pour le traitement de l'orteil en marteau chez les travailleurs indemnis\u00e9s La commission des accidents du","og_url":"https:\/\/www.newyorkhipknee.com\/fr\/indemnisation-des-travailleurs\/lignes-directrices-pour-les-traitements-medicaux-mtg\/cheville-et-pied\/orteil-en-marteau\/","og_site_name":"Best Hip &amp; Knee Surgeon | NY, USA","twitter_card":"summary_large_image","twitter_misc":{"Dur\u00e9e de lecture estim\u00e9e":"3 minutes"},"schema":{"@context":"https:\/\/schema.org","@graph":[{"@type":["WebPage","MedicalWebPage"],"@id":"https:\/\/www.newyorkhipknee.com\/fr\/indemnisation-des-travailleurs\/lignes-directrices-pour-les-traitements-medicaux-mtg\/cheville-et-pied\/orteil-en-marteau\/","url":"https:\/\/www.newyorkhipknee.com\/fr\/indemnisation-des-travailleurs\/lignes-directrices-pour-les-traitements-medicaux-mtg\/cheville-et-pied\/orteil-en-marteau\/","name":"Orteil en marteau | Best Hip &amp; Knee Surgeon | NY, USA","isPartOf":{"@id":"https:\/\/www.newyorkhipknee.com\/fr\/#website"},"datePublished":"2023-12-14T21:50:36+00:00","description":"Directives m\u00e9dicales de l'\u00c9tat de New York pour le traitement de l'orteil en marteau chez les travailleurs indemnis\u00e9s La commission des accidents du","breadcrumb":{"@id":"https:\/\/www.newyorkhipknee.com\/fr\/indemnisation-des-travailleurs\/lignes-directrices-pour-les-traitements-medicaux-mtg\/cheville-et-pied\/orteil-en-marteau\/#breadcrumb"},"inLanguage":"fr-FR","potentialAction":[{"@type":"ReadAction","target":["https:\/\/www.newyorkhipknee.com\/fr\/indemnisation-des-travailleurs\/lignes-directrices-pour-les-traitements-medicaux-mtg\/cheville-et-pied\/orteil-en-marteau\/"]}]},{"@type":"BreadcrumbList","@id":"https:\/\/www.newyorkhipknee.com\/fr\/indemnisation-des-travailleurs\/lignes-directrices-pour-les-traitements-medicaux-mtg\/cheville-et-pied\/orteil-en-marteau\/#breadcrumb","itemListElement":[{"@type":"ListItem","position":1,"name":"Home","item":"https:\/\/www.newyorkhipknee.com\/fr\/"},{"@type":"ListItem","position":2,"name":"Indemnisation des travailleurs","item":"https:\/\/www.newyorkhipknee.com\/fr\/indemnisation-des-travailleurs\/"},{"@type":"ListItem","position":3,"name":"Lignes directrices pour les traitements m\u00e9dicaux (MTG)","item":"https:\/\/www.newyorkhipknee.com\/fr\/indemnisation-des-travailleurs\/lignes-directrices-pour-les-traitements-medicaux-mtg\/"},{"@type":"ListItem","position":4,"name":"Cheville et pied","item":"https:\/\/www.newyorkhipknee.com\/fr\/indemnisation-des-travailleurs\/lignes-directrices-pour-les-traitements-medicaux-mtg\/cheville-et-pied\/"},{"@type":"ListItem","position":5,"name":"Orteil en marteau"}]},{"@type":"WebSite","@id":"https:\/\/www.newyorkhipknee.com\/fr\/#website","url":"https:\/\/www.newyorkhipknee.com\/fr\/","name":"Best Hip & Knee Surgeon | NY, USA","description":"","potentialAction":[{"@type":"SearchAction","target":{"@type":"EntryPoint","urlTemplate":"https:\/\/www.newyorkhipknee.com\/fr\/?s={search_term_string}"},"query-input":{"@type":"PropertyValueSpecification","valueRequired":true,"valueName":"search_term_string"}}],"inLanguage":"fr-FR"}]}},"_links":{"self":[{"href":"https:\/\/www.newyorkhipknee.com\/fr\/wp-json\/wp\/v2\/pages\/21089","targetHints":{"allow":["GET"]}}],"collection":[{"href":"https:\/\/www.newyorkhipknee.com\/fr\/wp-json\/wp\/v2\/pages"}],"about":[{"href":"https:\/\/www.newyorkhipknee.com\/fr\/wp-json\/wp\/v2\/types\/page"}],"author":[{"embeddable":true,"href":"https:\/\/www.newyorkhipknee.com\/fr\/wp-json\/wp\/v2\/users\/33"}],"replies":[{"embeddable":true,"href":"https:\/\/www.newyorkhipknee.com\/fr\/wp-json\/wp\/v2\/comments?post=21089"}],"version-history":[{"count":0,"href":"https:\/\/www.newyorkhipknee.com\/fr\/wp-json\/wp\/v2\/pages\/21089\/revisions"}],"up":[{"embeddable":true,"href":"https:\/\/www.newyorkhipknee.com\/fr\/wp-json\/wp\/v2\/pages\/21154"}],"wp:attachment":[{"href":"https:\/\/www.newyorkhipknee.com\/fr\/wp-json\/wp\/v2\/media?parent=21089"}],"curies":[{"name":"wp","href":"https:\/\/api.w.org\/{rel}","templated":true}]}}