{"id":21095,"date":"2023-12-14T16:07:08","date_gmt":"2023-12-14T21:07:08","guid":{"rendered":"https:\/\/newyorkhipknee.com\/douleurs-et-entorses-du-tarse-moyen\/"},"modified":"2024-01-01T09:29:21","modified_gmt":"2024-01-01T14:29:21","slug":"douleurs-et-entorses-du-tarse-moyen","status":"publish","type":"page","link":"https:\/\/www.newyorkhipknee.com\/fr\/indemnisation-des-travailleurs\/lignes-directrices-pour-les-traitements-medicaux-mtg\/cheville-et-pied\/douleurs-et-entorses-du-tarse-moyen\/","title":{"rendered":"Douleurs et entorses du tarse moyen"},"content":{"rendered":"<h1>Directives de traitement m\u00e9dical de l&rsquo;\u00c9tat de New York pour<br \/>\nDouleurs et entorses du tarse moyen chez les travailleurs indemnis\u00e9s<\/h1>\n<div class=\"flex-1 overflow-hidden\">\n<div class=\"react-scroll-to-bottom--css-xinks-79elbk h-full\">\n<div class=\"react-scroll-to-bottom--css-xinks-1n7m0yu\">\n<div class=\"flex flex-col pb-9 text-sm\">\n<div class=\"w-full text-token-text-primary\" data-testid=\"conversation-turn-51\">\n<div class=\"px-4 py-2 justify-center text-base md:gap-6 m-auto\">\n<div class=\"flex flex-1 text-base mx-auto gap-3 md:px-5 lg:px-1 xl:px-5 md:max-w-3xl lg:max-w-[40rem] xl:max-w-[48rem] group final-completion\">\n<div class=\"relative flex w-full flex-col lg:w-[calc(100%-115px)] agent-turn\">\n<div class=\"flex-col gap-1 md:gap-3\">\n<div class=\"flex flex-grow flex-col max-w-full\">\n<div class=\"min-h-[20px] text-message flex flex-col items-start gap-3 whitespace-pre-wrap break-words [.text-message+&amp;]:mt-5 overflow-x-auto\" data-message-author-role=\"assistant\" data-message-id=\"a544498c-16d6-4ff5-b0ad-69ae1a7b9757\">\n<div class=\"markdown prose w-full break-words dark:prose-invert dark\">\n<p>Les lignes directrices relatives aux douleurs et entorses du tarse moyen ont \u00e9t\u00e9 \u00e9tablies par la commission des accidents du travail de l&rsquo;\u00c9tat de New York afin d&rsquo;aider les m\u00e9decins, les podologues et les autres professionnels de la sant\u00e9 \u00e0 dispenser un traitement adapt\u00e9.<\/p>\n<p>Ces lignes directrices de la Commission des accidents du travail sont con\u00e7ues pour aider les professionnels de la sant\u00e9 \u00e0 d\u00e9terminer le niveau de soins appropri\u00e9 pour les patients souffrant de troubles de la cheville et du pied.<\/p>\n<p>Il est essentiel de noter que ces lignes directrices ne remplacent pas le jugement clinique ou l&rsquo;expertise professionnelle. La d\u00e9cision finale concernant les soins doit \u00eatre prise par le patient en concertation avec son prestataire de soins.<\/p>\n<\/div>\n<\/div>\n<\/div>\n<div class=\"mt-1 flex justify-start gap-3 empty:hidden\">\n<div class=\"text-gray-400 flex self-end lg:self-center justify-center lg:justify-start mt-0 gap-1 visible\"><button class=\"flex items-center gap-1.5 rounded-md p-1 pl-0 text-xs hover:text-gray-950 dark:text-gray-400 dark:hover:text-gray-200 disabled:dark:hover:text-gray-400 md:invisible md:group-hover:visible md:group-[.final-completion]:visible\"><\/button><\/p>\n<div class=\"flex gap-1\"><\/div>\n<div class=\"flex items-center gap-1.5 text-xs\"><\/div>\n<\/div>\n<\/div>\n<\/div>\n<\/div>\n<\/div>\n<\/div>\n<\/div>\n<\/div>\n<\/div>\n<\/div>\n<\/div>\n<div class=\"w-full pt-2 md:pt-0 dark:border-white\/20 md:border-transparent md:dark:border-transparent md:w-[calc(100%-.5rem)]\">\n<form class=\"stretch mx-2 flex flex-row gap-3 last:mb-2 md:mx-4 md:last:mb-6 lg:mx-auto lg:max-w-2xl xl:max-w-3xl\">\n<div class=\"relative flex h-full flex-1 items-stretch md:flex-col\">\n<div class=\"flex w-full items-center\">\n<h2>Douleurs et entorses du tarse moyen<\/h2>\n<p>Les douleurs et les entorses du m\u00e9dio-tarse ou du m\u00e9dio-pied concernent souvent les ligaments de la r\u00e9gion du m\u00e9dio-pied. L&rsquo;objectif principal du diagnostic est d&rsquo;exclure la possibilit\u00e9 d&rsquo;une fracture du m\u00e9dio-pied. Cette cat\u00e9gorie englobe les entorses de l&rsquo;articulation m\u00e9tatarso-phalangienne et les affections telles que la m\u00e9tatarsalgie. Il est important de noter que le terme \u00ab\u00a0m\u00e9tatarsalgie\u00a0\u00bb est un terme g\u00e9n\u00e9ral qui englobe divers probl\u00e8mes de douleur au pied, y compris des affections telles que le n\u00e9vrome de Morton.<\/p>\n<p>&nbsp;<\/p>\n<\/div>\n<h3>\u00c9tudes diagnostiques pour les douleurs et les entorses du tarse moyen<\/h3>\n<p>Pour les patients souffrant de douleurs et d&rsquo;entorses au niveau du tarse moyen, il est recommand\u00e9 de proc\u00e9der \u00e0 des \u00e9tudes diagnostiques, y compris des radiographies avec mise en charge. Ces radiographies doivent consister en des clich\u00e9s lat\u00e9raux et ant\u00e9rieurs sans les obliques, souvent r\u00e9alis\u00e9s de mani\u00e8re bilat\u00e9rale \u00e0 des fins de comparaison :<\/p>\n<ul>\n<li>Fr\u00e9quente dans les blessures mineures (entorses de grade 1).<\/li>\n<li>G\u00e9n\u00e9ralement inhabituel dans les entorses l\u00e9g\u00e8res (grade 2).<\/li>\n<li>Toujours inhabituel en cas de blessures graves (entorses de grade 3).<\/li>\n<\/ul>\n<p>La tomodensitom\u00e9trie pour les douleurs et les entorses du tarse moyen est recommand\u00e9e dans les situations douteuses et dans certains cas pr\u00e9op\u00e9ratoires.<\/p>\n<\/div>\n<p>&nbsp;<\/p>\n<h3>Mobilisation \/ Immobilisation pour les douleurs et les entorses du tarse moyen<\/h3>\n<p>Dans les cas l\u00e9gers \u00e0 mod\u00e9r\u00e9s sans diastasis, il est recommand\u00e9 d&rsquo;immobiliser le pied dans une botte de marche ou un pl\u00e2tre.<\/p>\n<p>Dans les situations graves, les cas d&rsquo;instabilit\u00e9 et les diastases consid\u00e9rables (&gt;2mm), la chirurgie pour les douleurs et les entorses du tarse moyen est recommand\u00e9e.<\/p>\n<p>&nbsp;<\/p>\n<h2>Ce que notre cabinet peut faire si vous souffrez de douleurs et d&rsquo;entorses du tarse moyen<\/h2>\n<p>Nous sommes l\u00e0 pour vous aider dans le cadre de vos accidents du travail, en tirant parti de notre exp\u00e9rience pour r\u00e9pondre \u00e0 vos besoins m\u00e9dicaux et respecter les directives \u00e9tablies par la commission des accidents du travail de l&rsquo;\u00c9tat de New York.<\/p>\n<p>Conscients de l&rsquo;importance de vos dossiers d&rsquo;indemnisation des accidents du travail, nous nous engageons \u00e0 vous guider dans la complexit\u00e9 des interactions avec la compagnie d&rsquo;assurance des accidents du travail et votre employeur.<\/p>\n<p>Nous comprenons le stress que vous et votre famille pouvez ressentir pendant cette p\u00e9riode difficile. Si vous souhaitez prendre un rendez-vous, n&rsquo;h\u00e9sitez pas \u00e0 nous contacter et nous ferons tout notre possible pour que la proc\u00e9dure soit la plus simple possible pour vous.<\/p>\n<\/form>\n<\/div>\n","protected":false},"excerpt":{"rendered":"<p>Directives de traitement m\u00e9dical de l&rsquo;\u00c9tat de New York pour Douleurs et entorses du tarse moyen chez les travailleurs indemnis\u00e9s Les lignes directrices relatives aux douleurs et entorses du tarse moyen ont \u00e9t\u00e9 \u00e9tablies par la commission des accidents du travail de l&rsquo;\u00c9tat de New York afin d&rsquo;aider les m\u00e9decins, les podologues et les autres [&hellip;]<\/p>\n","protected":false},"author":33,"featured_media":0,"parent":21154,"menu_order":0,"comment_status":"closed","ping_status":"closed","template":"","meta":{"_et_pb_use_builder":"","_et_pb_old_content":"","_et_gb_content_width":"","footnotes":""},"class_list":["post-21095","page","type-page","status-publish","hentry"],"yoast_head":"<!-- This site is optimized with the Yoast SEO plugin v27.2 - https:\/\/yoast.com\/product\/yoast-seo-wordpress\/ -->\n<title>Douleurs et entorses du tarse moyen | Best Hip &amp; Knee Surgeon | NY, USA<\/title>\n<meta name=\"description\" content=\"Directives de traitement m\u00e9dical de l&#039;\u00c9tat de New York pour Douleurs et entorses du tarse moyen chez les travailleurs indemnis\u00e9s Les lignes directrices\" \/>\n<meta name=\"robots\" content=\"index, follow, max-snippet:-1, max-image-preview:large, max-video-preview:-1\" \/>\n<link rel=\"canonical\" href=\"https:\/\/www.newyorkhipknee.com\/fr\/indemnisation-des-travailleurs\/lignes-directrices-pour-les-traitements-medicaux-mtg\/cheville-et-pied\/douleurs-et-entorses-du-tarse-moyen\/\" \/>\n<meta property=\"og:locale\" content=\"fr_FR\" \/>\n<meta property=\"og:type\" content=\"article\" \/>\n<meta property=\"og:title\" content=\"Douleurs et entorses du tarse moyen | Best Hip &amp; Knee Surgeon | NY, USA\" \/>\n<meta property=\"og:description\" content=\"Directives de traitement m\u00e9dical de l&#039;\u00c9tat de New York pour Douleurs et entorses du tarse moyen chez les travailleurs indemnis\u00e9s Les lignes directrices\" \/>\n<meta property=\"og:url\" content=\"https:\/\/www.newyorkhipknee.com\/fr\/indemnisation-des-travailleurs\/lignes-directrices-pour-les-traitements-medicaux-mtg\/cheville-et-pied\/douleurs-et-entorses-du-tarse-moyen\/\" \/>\n<meta property=\"og:site_name\" content=\"Best Hip &amp; Knee Surgeon | NY, USA\" \/>\n<meta property=\"article:modified_time\" content=\"2024-01-01T14:29:21+00:00\" \/>\n<meta name=\"twitter:card\" content=\"summary_large_image\" \/>\n<meta name=\"twitter:label1\" content=\"Dur\u00e9e de lecture estim\u00e9e\" \/>\n\t<meta name=\"twitter:data1\" content=\"3 minutes\" \/>\n<script type=\"application\/ld+json\" class=\"yoast-schema-graph\">{\"@context\":\"https:\/\/schema.org\",\"@graph\":[{\"@type\":[\"WebPage\",\"MedicalWebPage\"],\"@id\":\"https:\/\/www.newyorkhipknee.com\/fr\/indemnisation-des-travailleurs\/lignes-directrices-pour-les-traitements-medicaux-mtg\/cheville-et-pied\/douleurs-et-entorses-du-tarse-moyen\/\",\"url\":\"https:\/\/www.newyorkhipknee.com\/fr\/indemnisation-des-travailleurs\/lignes-directrices-pour-les-traitements-medicaux-mtg\/cheville-et-pied\/douleurs-et-entorses-du-tarse-moyen\/\",\"name\":\"Douleurs et entorses du tarse moyen | Best Hip &amp; Knee Surgeon | NY, USA\",\"isPartOf\":{\"@id\":\"https:\/\/www.newyorkhipknee.com\/fr\/#website\"},\"datePublished\":\"2023-12-14T21:07:08+00:00\",\"dateModified\":\"2024-01-01T14:29:21+00:00\",\"description\":\"Directives de traitement m\u00e9dical de l'\u00c9tat de New York pour Douleurs et entorses du tarse moyen chez les travailleurs indemnis\u00e9s Les lignes directrices\",\"breadcrumb\":{\"@id\":\"https:\/\/www.newyorkhipknee.com\/fr\/indemnisation-des-travailleurs\/lignes-directrices-pour-les-traitements-medicaux-mtg\/cheville-et-pied\/douleurs-et-entorses-du-tarse-moyen\/#breadcrumb\"},\"inLanguage\":\"fr-FR\",\"potentialAction\":[{\"@type\":\"ReadAction\",\"target\":[\"https:\/\/www.newyorkhipknee.com\/fr\/indemnisation-des-travailleurs\/lignes-directrices-pour-les-traitements-medicaux-mtg\/cheville-et-pied\/douleurs-et-entorses-du-tarse-moyen\/\"]}]},{\"@type\":\"BreadcrumbList\",\"@id\":\"https:\/\/www.newyorkhipknee.com\/fr\/indemnisation-des-travailleurs\/lignes-directrices-pour-les-traitements-medicaux-mtg\/cheville-et-pied\/douleurs-et-entorses-du-tarse-moyen\/#breadcrumb\",\"itemListElement\":[{\"@type\":\"ListItem\",\"position\":1,\"name\":\"Home\",\"item\":\"https:\/\/www.newyorkhipknee.com\/fr\/\"},{\"@type\":\"ListItem\",\"position\":2,\"name\":\"Indemnisation des travailleurs\",\"item\":\"https:\/\/www.newyorkhipknee.com\/fr\/indemnisation-des-travailleurs\/\"},{\"@type\":\"ListItem\",\"position\":3,\"name\":\"Lignes directrices pour les traitements m\u00e9dicaux (MTG)\",\"item\":\"https:\/\/www.newyorkhipknee.com\/fr\/indemnisation-des-travailleurs\/lignes-directrices-pour-les-traitements-medicaux-mtg\/\"},{\"@type\":\"ListItem\",\"position\":4,\"name\":\"Cheville et pied\",\"item\":\"https:\/\/www.newyorkhipknee.com\/fr\/indemnisation-des-travailleurs\/lignes-directrices-pour-les-traitements-medicaux-mtg\/cheville-et-pied\/\"},{\"@type\":\"ListItem\",\"position\":5,\"name\":\"Douleurs et entorses du tarse moyen\"}]},{\"@type\":\"WebSite\",\"@id\":\"https:\/\/www.newyorkhipknee.com\/fr\/#website\",\"url\":\"https:\/\/www.newyorkhipknee.com\/fr\/\",\"name\":\"Best Hip & Knee Surgeon | NY, USA\",\"description\":\"\",\"potentialAction\":[{\"@type\":\"SearchAction\",\"target\":{\"@type\":\"EntryPoint\",\"urlTemplate\":\"https:\/\/www.newyorkhipknee.com\/fr\/?s={search_term_string}\"},\"query-input\":{\"@type\":\"PropertyValueSpecification\",\"valueRequired\":true,\"valueName\":\"search_term_string\"}}],\"inLanguage\":\"fr-FR\"}]}<\/script>\n<!-- \/ Yoast SEO plugin. -->","yoast_head_json":{"title":"Douleurs et entorses du tarse moyen | Best Hip &amp; Knee Surgeon | NY, USA","description":"Directives de traitement m\u00e9dical de l'\u00c9tat de New York pour Douleurs et entorses du tarse moyen chez les travailleurs indemnis\u00e9s Les lignes directrices","robots":{"index":"index","follow":"follow","max-snippet":"max-snippet:-1","max-image-preview":"max-image-preview:large","max-video-preview":"max-video-preview:-1"},"canonical":"https:\/\/www.newyorkhipknee.com\/fr\/indemnisation-des-travailleurs\/lignes-directrices-pour-les-traitements-medicaux-mtg\/cheville-et-pied\/douleurs-et-entorses-du-tarse-moyen\/","og_locale":"fr_FR","og_type":"article","og_title":"Douleurs et entorses du tarse moyen | Best Hip &amp; Knee Surgeon | NY, USA","og_description":"Directives de traitement m\u00e9dical de l'\u00c9tat de New York pour Douleurs et entorses du tarse moyen chez les travailleurs indemnis\u00e9s Les lignes directrices","og_url":"https:\/\/www.newyorkhipknee.com\/fr\/indemnisation-des-travailleurs\/lignes-directrices-pour-les-traitements-medicaux-mtg\/cheville-et-pied\/douleurs-et-entorses-du-tarse-moyen\/","og_site_name":"Best Hip &amp; Knee Surgeon | NY, USA","article_modified_time":"2024-01-01T14:29:21+00:00","twitter_card":"summary_large_image","twitter_misc":{"Dur\u00e9e de lecture estim\u00e9e":"3 minutes"},"schema":{"@context":"https:\/\/schema.org","@graph":[{"@type":["WebPage","MedicalWebPage"],"@id":"https:\/\/www.newyorkhipknee.com\/fr\/indemnisation-des-travailleurs\/lignes-directrices-pour-les-traitements-medicaux-mtg\/cheville-et-pied\/douleurs-et-entorses-du-tarse-moyen\/","url":"https:\/\/www.newyorkhipknee.com\/fr\/indemnisation-des-travailleurs\/lignes-directrices-pour-les-traitements-medicaux-mtg\/cheville-et-pied\/douleurs-et-entorses-du-tarse-moyen\/","name":"Douleurs et entorses du tarse moyen | Best Hip &amp; Knee Surgeon | NY, USA","isPartOf":{"@id":"https:\/\/www.newyorkhipknee.com\/fr\/#website"},"datePublished":"2023-12-14T21:07:08+00:00","dateModified":"2024-01-01T14:29:21+00:00","description":"Directives de traitement m\u00e9dical de l'\u00c9tat de New York pour Douleurs et entorses du tarse moyen chez les travailleurs indemnis\u00e9s Les lignes directrices","breadcrumb":{"@id":"https:\/\/www.newyorkhipknee.com\/fr\/indemnisation-des-travailleurs\/lignes-directrices-pour-les-traitements-medicaux-mtg\/cheville-et-pied\/douleurs-et-entorses-du-tarse-moyen\/#breadcrumb"},"inLanguage":"fr-FR","potentialAction":[{"@type":"ReadAction","target":["https:\/\/www.newyorkhipknee.com\/fr\/indemnisation-des-travailleurs\/lignes-directrices-pour-les-traitements-medicaux-mtg\/cheville-et-pied\/douleurs-et-entorses-du-tarse-moyen\/"]}]},{"@type":"BreadcrumbList","@id":"https:\/\/www.newyorkhipknee.com\/fr\/indemnisation-des-travailleurs\/lignes-directrices-pour-les-traitements-medicaux-mtg\/cheville-et-pied\/douleurs-et-entorses-du-tarse-moyen\/#breadcrumb","itemListElement":[{"@type":"ListItem","position":1,"name":"Home","item":"https:\/\/www.newyorkhipknee.com\/fr\/"},{"@type":"ListItem","position":2,"name":"Indemnisation des travailleurs","item":"https:\/\/www.newyorkhipknee.com\/fr\/indemnisation-des-travailleurs\/"},{"@type":"ListItem","position":3,"name":"Lignes directrices pour les traitements m\u00e9dicaux (MTG)","item":"https:\/\/www.newyorkhipknee.com\/fr\/indemnisation-des-travailleurs\/lignes-directrices-pour-les-traitements-medicaux-mtg\/"},{"@type":"ListItem","position":4,"name":"Cheville et pied","item":"https:\/\/www.newyorkhipknee.com\/fr\/indemnisation-des-travailleurs\/lignes-directrices-pour-les-traitements-medicaux-mtg\/cheville-et-pied\/"},{"@type":"ListItem","position":5,"name":"Douleurs et entorses du tarse moyen"}]},{"@type":"WebSite","@id":"https:\/\/www.newyorkhipknee.com\/fr\/#website","url":"https:\/\/www.newyorkhipknee.com\/fr\/","name":"Best Hip & Knee Surgeon | NY, USA","description":"","potentialAction":[{"@type":"SearchAction","target":{"@type":"EntryPoint","urlTemplate":"https:\/\/www.newyorkhipknee.com\/fr\/?s={search_term_string}"},"query-input":{"@type":"PropertyValueSpecification","valueRequired":true,"valueName":"search_term_string"}}],"inLanguage":"fr-FR"}]}},"_links":{"self":[{"href":"https:\/\/www.newyorkhipknee.com\/fr\/wp-json\/wp\/v2\/pages\/21095","targetHints":{"allow":["GET"]}}],"collection":[{"href":"https:\/\/www.newyorkhipknee.com\/fr\/wp-json\/wp\/v2\/pages"}],"about":[{"href":"https:\/\/www.newyorkhipknee.com\/fr\/wp-json\/wp\/v2\/types\/page"}],"author":[{"embeddable":true,"href":"https:\/\/www.newyorkhipknee.com\/fr\/wp-json\/wp\/v2\/users\/33"}],"replies":[{"embeddable":true,"href":"https:\/\/www.newyorkhipknee.com\/fr\/wp-json\/wp\/v2\/comments?post=21095"}],"version-history":[{"count":0,"href":"https:\/\/www.newyorkhipknee.com\/fr\/wp-json\/wp\/v2\/pages\/21095\/revisions"}],"up":[{"embeddable":true,"href":"https:\/\/www.newyorkhipknee.com\/fr\/wp-json\/wp\/v2\/pages\/21154"}],"wp:attachment":[{"href":"https:\/\/www.newyorkhipknee.com\/fr\/wp-json\/wp\/v2\/media?parent=21095"}],"curies":[{"name":"wp","href":"https:\/\/api.w.org\/{rel}","templated":true}]}}