{"id":21106,"date":"2023-12-13T15:58:53","date_gmt":"2023-12-13T20:58:53","guid":{"rendered":"https:\/\/newyorkhipknee.com\/tenosynovite\/"},"modified":"2023-12-13T15:58:53","modified_gmt":"2023-12-13T20:58:53","slug":"tenosynovite","status":"publish","type":"page","link":"https:\/\/www.newyorkhipknee.com\/fr\/indemnisation-des-travailleurs\/lignes-directrices-pour-les-traitements-medicaux-mtg\/cheville-et-pied\/tenosynovite\/","title":{"rendered":"T\u00e9nosynovite"},"content":{"rendered":"<h1>Directives de l&rsquo;\u00c9tat de New York en mati\u00e8re de traitement m\u00e9dical<br \/>\npour T\u00e9nosynovite (y compris t\u00e9nosynovite st\u00e9nosante)<br \/>\ndans les cas d&rsquo;accidents du travail<\/h1>\n<p>Les lignes directrices \u00e9labor\u00e9es par la commission des accidents du travail de l&rsquo;\u00c9tat de New York visent \u00e0 aider les m\u00e9decins, les podologues et les autres professionnels de la sant\u00e9 \u00e0 proposer un traitement adapt\u00e9 \u00e0 la t\u00e9nosynovite. Ces lignes directrices sont con\u00e7ues pour aider les professionnels de la sant\u00e9 \u00e0 d\u00e9cider du niveau de soins le plus appropri\u00e9 pour les patients souffrant de troubles de la cheville et du pied.<\/p>\n<p>Il est important de noter que ces lignes directrices ne doivent pas remplacer le jugement clinique ou l&rsquo;exp\u00e9rience professionnelle. La d\u00e9cision finale concernant la prise en charge des patients atteints de t\u00e9nosynovite doit \u00eatre prise en collaboration avec le patient et son prestataire de soins.<\/p>\n<p>&nbsp;<\/p>\n<h2>T\u00e9nosynovite (y compris t\u00e9nosynovite st\u00e9nosante)<\/h2>\n<p>Les patients qui ressentent une g\u00eane localis\u00e9e au niveau de la cheville qui s&rsquo;intensifie lors des mouvements peuvent pr\u00e9senter des sympt\u00f4mes de tendinopathie. La douleur peut parfois co\u00efncider avec la gaine du tendon affect\u00e9.<\/p>\n<p>En r\u00e8gle g\u00e9n\u00e9rale, la premi\u00e8re approche consiste \u00e0 restreindre les activit\u00e9s suppos\u00e9es contribuer \u00e0 l&rsquo;affection. En cas de tendinose mod\u00e9r\u00e9e \u00e0 s\u00e9v\u00e8re, des pl\u00e2tres de marche, des bottes, des attelles ou des appareils orthop\u00e9diques peuvent s&rsquo;av\u00e9rer utiles. Les AINS sont souvent recommand\u00e9s en cas de<\/p>\n<p>&nbsp;<\/p>\n<h3>\u00c9tudes diagnostiques pour la t\u00e9nosynovite (y compris la t\u00e9nosynovite st\u00e9nosante)<\/h3>\n<p>Le diagnostic de la t\u00e9nosynovite n&rsquo;est g\u00e9n\u00e9ralement pas pos\u00e9 par des tests, et les radiographies ne sont g\u00e9n\u00e9ralement pas utiles. Les anomalies osseuses peuvent exacerber la t\u00e9nosynovite et des fractures dissimul\u00e9es peuvent survenir.<\/p>\n<p>&nbsp;<\/p>\n<h3>M\u00e9dicaments pour la t\u00e9nosynovite (y compris la t\u00e9nosynovite st\u00e9nosante)<\/h3>\n<p>L&rsquo;ibuprof\u00e8ne, le naprox\u00e8ne ou d&rsquo;autres AINS d&rsquo;une g\u00e9n\u00e9ration ant\u00e9rieure sont sugg\u00e9r\u00e9s comme traitements de premi\u00e8re intention pour la majorit\u00e9 des patients souffrant de t\u00e9nosynovite aigu\u00eb, subaigu\u00eb ou chronique de la cheville. Si les AINS ne conviennent pas \u00e0 un patient, l&rsquo;ac\u00e9taminoph\u00e8ne (ou son analogue le parac\u00e9tamol) peut \u00eatre une alternative potentielle, bien que la recherche sugg\u00e8re qu&rsquo;il est l\u00e9g\u00e8rement moins efficace que les AINS. Il est prouv\u00e9 que les AINS sont \u00e0 la fois moins risqu\u00e9s et aussi efficaces que les opio\u00efdes, tels que le tramadol, dans le traitement de la douleur.<\/p>\n<p><strong>Anti-inflammatoires non st\u00e9ro\u00efdiens (AINS) pour la t\u00e9nosynovite aigu\u00eb, subaigu\u00eb ou chronique de la cheville :<\/strong> Les AINS sont recommand\u00e9s pour le traitement de la t\u00e9nosynovite de la cheville aigu\u00eb, subaigu\u00eb, chronique ou postop\u00e9ratoire. L&rsquo;utilisation initiale peut concerner des m\u00e9dicaments en vente libre, dont la fr\u00e9quence et la dur\u00e9e d\u00e9pendent des besoins individuels.<\/p>\n<p><strong>AINS pour les patients pr\u00e9sentant un risque \u00e9lev\u00e9 d&rsquo;h\u00e9morragie gastro-intestinale :<\/strong> Pour les patients pr\u00e9sentant un risque \u00e9lev\u00e9 d&rsquo;h\u00e9morragie gastro-intestinale, les AINS sont recommand\u00e9s avec des m\u00e9dicaments cytoprotecteurs comme le misoprostol, le sucralfate, les inhibiteurs des r\u00e9cepteurs de l&rsquo;histamine de type 2 et les inhibiteurs de la pompe \u00e0 protons. Ceci est particuli\u00e8rement important pour les personnes ayant des ant\u00e9c\u00e9dents de saignements gastro-intestinaux, les personnes \u00e2g\u00e9es, les diab\u00e9tiques et les fumeurs.<\/p>\n<p><strong>AINS pour les patients pr\u00e9sentant un risque d&rsquo;effets ind\u00e9sirables cardiovasculaires :<\/strong> Il est recommand\u00e9 aux patients pr\u00e9sentant un risque d&rsquo;effets ind\u00e9sirables cardiovasculaires d&rsquo;utiliser l&rsquo;ac\u00e9taminoph\u00e8ne ou l&rsquo;aspirine comme traitement de premi\u00e8re intention et, si n\u00e9cessaire, des AINS non s\u00e9lectifs. Pour minimiser le risque que les AINS annulent les effets protecteurs de l&rsquo;aspirine \u00e0 faible dose, les AINS doivent \u00eatre pris au moins 30 minutes apr\u00e8s ou huit heures avant la prise quotidienne d&rsquo;aspirine.<\/p>\n<p>L&rsquo;ac\u00e9taminoph\u00e8ne est recommand\u00e9 pour traiter la douleur aigu\u00eb, subaigu\u00eb ou chronique de la t\u00e9nosynovite d&rsquo;Achille, en particulier chez les personnes pour lesquelles les AINS sont contre-indiqu\u00e9s en raison de leur \u00e9tat de sant\u00e9.<\/p>\n<p><strong>Indications :<\/strong> Il convient \u00e0 tous les patients souffrant de douleurs au pied\/\u00e0 la cheville, qu&rsquo;elles soient aigu\u00ebs, subaigu\u00ebs, chroniques ou postop\u00e9ratoires.<\/p>\n<p><strong>Dose\/fr\u00e9quence :<\/strong> L&rsquo;utilisation doit \u00eatre conforme aux recommandations du fabricant et peut \u00eatre employ\u00e9e en fonction des besoins. Il est conseill\u00e9 de ne pas d\u00e9passer quatre grammes par jour afin d&rsquo;\u00e9viter toute toxicit\u00e9 h\u00e9patique potentielle.<\/p>\n<p><strong>Indications pour l&rsquo;arr\u00eat du traitement :<\/strong> L&rsquo;arr\u00eat du traitement est recommand\u00e9 lorsque la douleur est soulag\u00e9e, que des effets secondaires apparaissent ou qu&rsquo;une intol\u00e9rance se manifeste.<\/p>\n<p>&nbsp;<\/p>\n<h3>Traitements T\u00e9nosynovite (y compris t\u00e9nosynovite st\u00e9nosante)<\/h3>\n<p><strong>Bottes de marche, pl\u00e2tres, attelles et appareils orthop\u00e9diques pour la t\u00e9nosynovite aigu\u00eb et subaigu\u00eb de la cheville<\/strong><\/p>\n<p>Cette recommandation pr\u00e9conise l&rsquo;utilisation de chaussures de marche, de pl\u00e2tres, d&rsquo;attelles et d&rsquo;orth\u00e8ses pour le traitement des tendinoses aigu\u00ebs et subaigu\u00ebs de la cheville.<\/p>\n<p><strong>Indications :<\/strong> Ces dispositifs conviennent aux patients souffrant de tendinose aux stades aigu et subaigu.<\/p>\n<p><strong>Fr\u00e9quence\/Dur\u00e9e :<\/strong> Ils doivent \u00eatre port\u00e9s lors des d\u00e9placements.<\/p>\n<p><strong>Indications pour l&rsquo;arr\u00eat du traitement :<\/strong> L&rsquo;arr\u00eat du traitement est sugg\u00e9r\u00e9 en cas d&rsquo;absence de r\u00e9ponse au traitement ou de r\u00e9solution des sympt\u00f4mes.<\/p>\n<p><strong>R\u00e9\u00e9ducation pour la t\u00e9nosynovite (y compris la t\u00e9nosynovite st\u00e9nosante)<\/strong><\/p>\n<p>La r\u00e9adaptation, en particulier la th\u00e9rapie formelle supervis\u00e9e, est essentielle pour traiter les blessures li\u00e9es au travail et devrait se concentrer sur le r\u00e9tablissement du travailleur bless\u00e9 dans son \u00e9tat ant\u00e9rieur \u00e0 la blessure.<\/p>\n<p><strong>Th\u00e9rapie active et passive :<\/strong> La th\u00e9rapie active implique l&rsquo;effort du patient dans l&rsquo;accomplissement d&rsquo;activit\u00e9s sp\u00e9cifiques, tandis que la th\u00e9rapie passive repose sur des modalit\u00e9s administr\u00e9es par un th\u00e9rapeute. Les interventions actives ont la priorit\u00e9 sur les interventions passives. Il est recommand\u00e9 aux patients de poursuivre les th\u00e9rapies actives et passives \u00e0 domicile pour maintenir les am\u00e9liorations.<\/p>\n<p><strong>Utilisation de la technologie d&rsquo;assistance :<\/strong> L&rsquo;int\u00e9gration de la technologie d&rsquo;assistance dans le plan de traitement est encourag\u00e9e afin de favoriser les am\u00e9liorations fonctionnelles.<\/p>\n<p><strong>Th\u00e9rapie pour les d\u00e9ficits r\u00e9siduels :<\/strong> La poursuite des th\u00e9rapies actives et passives \u00e0 domicile est recommand\u00e9e apr\u00e8s l&rsquo;op\u00e9ration pour maintenir les am\u00e9liorations. Le nombre total de visites th\u00e9rapeutiques peut varier en fonction de la gravit\u00e9 des d\u00e9ficiences fonctionnelles, allant de deux ou trois pour des d\u00e9ficiences modestes \u00e0 12 ou 15 pour des cas plus graves.<\/p>\n<p><strong>Indications pour l&rsquo;arr\u00eat du traitement :<\/strong> L&rsquo;arr\u00eat du traitement est recommand\u00e9 en cas de soulagement de la douleur, d&rsquo;am\u00e9lioration de la tol\u00e9rance, de l&rsquo;efficacit\u00e9 ou de l&rsquo;observance.<\/p>\n<p><strong>Autres interventions non op\u00e9ratoires, y compris la manipulation et la mobilisation, le massage, le massage par friction profonde ou l&rsquo;acupuncture pour la t\u00e9nosynovite aigu\u00eb, subaigu\u00eb ou chronique de la cheville<\/strong><\/p>\n<p>Ces interventions non op\u00e9ratoires, y compris la manipulation et la mobilisation, le massage, le massage par friction profonde ou l&rsquo;acupuncture, ne sont pas recommand\u00e9es pour le traitement de la t\u00e9nosynovite aigu\u00eb, subaigu\u00eb ou chronique de la cheville.<\/p>\n<p><strong>Iontophor\u00e8se pour la t\u00e9nosynovite aigu\u00eb et subaigu\u00eb de la cheville<\/strong><\/p>\n<p>Cette recommandation soutient l&rsquo;utilisation de l&rsquo;iontophor\u00e8se, en particulier avec des glucocortico\u00efdes et occasionnellement des AINS, pour la t\u00e9nosynovite de la cheville.<\/p>\n<p><strong>Indications :<\/strong> L&rsquo;ionophor\u00e8se convient aux personnes souffrant de tendinite de la cheville, en particulier celles qui refusent l&rsquo;injection ou qui ne r\u00e9pondent pas suffisamment bien aux AINS, aux attelles et \u00e0 l&rsquo;adaptation de l&rsquo;activit\u00e9.<\/p>\n<p><strong>Dose :<\/strong> Les glucocortico\u00efdes sont couramment utilis\u00e9s en iontophor\u00e8se.<\/p>\n<p><strong>Fr\u00e9quence\/Dur\u00e9e :<\/strong> En g\u00e9n\u00e9ral, deux ou trois traitements sont n\u00e9cessaires pour \u00e9valuer l&rsquo;efficacit\u00e9. S&rsquo;il est jug\u00e9 efficace, quatre \u00e0 six s\u00e9ances suppl\u00e9mentaires peuvent \u00eatre planifi\u00e9es. Des traitements suppl\u00e9mentaires sont raisonnables si les r\u00e9sultats positifs persistent apr\u00e8s six visites.<\/p>\n<p><strong>Indications pour l&rsquo;arr\u00eat du traitement :<\/strong> L&rsquo;arr\u00eat du traitement est recommand\u00e9 en cas d&rsquo;\u00e9chec du traitement, d&rsquo;apparition de r\u00e9sultats n\u00e9gatifs ou de disparition des sympt\u00f4mes. L&rsquo;ionophor\u00e8se avec un glucocortico\u00efde ou un AINS est conseill\u00e9e pour un groupe restreint de patients qui n&rsquo;ont pas r\u00e9pondu aux traitements pr\u00e9c\u00e9dents ou qui ont refus\u00e9 l&rsquo;injection.<\/p>\n<p>&nbsp;<\/p>\n<h3>Traitement par injection de la t\u00e9nosynovite (y compris la t\u00e9nosynovite st\u00e9nosante)<\/h3>\n<p><strong>Injections de glucocortico\u00efdes en cas de tendinose aigu\u00eb, subaigu\u00eb ou chronique de la cheville<\/strong><\/p>\n<p>Cette recommandation soutient l&rsquo;utilisation d&rsquo;injections de glucocortico\u00efdes pour traiter la tendinose de la cheville dans les cas aigus, subaigus ou chroniques.<\/p>\n<p><strong>Indications :<\/strong> Les injections de glucocortico\u00efdes sont indiqu\u00e9es pour les sympt\u00f4mes de la cheville caract\u00e9ris\u00e9s par une douleur sur un compartiment. En g\u00e9n\u00e9ral, les traitements non invasifs sont essay\u00e9s pendant au moins une semaine avant d&rsquo;envisager des injections. En l&rsquo;absence d&rsquo;am\u00e9lioration, il est recommand\u00e9 de commencer le traitement par une injection, souvent accompagn\u00e9e d&rsquo;un anesth\u00e9sique injectable adjuvant.<\/p>\n<p><strong>Fr\u00e9quence\/Dur\u00e9e :<\/strong> Il est conseill\u00e9 d&rsquo;administrer une seule injection et d&rsquo;\u00e9valuer les r\u00e9sultats pour documenter l&rsquo;am\u00e9lioration. Si aucune am\u00e9lioration n&rsquo;est constat\u00e9e au bout d&rsquo;une \u00e0 deux semaines, une deuxi\u00e8me injection peut \u00eatre envisag\u00e9e, en particulier lorsque les sympt\u00f4mes r\u00e9apparaissent plusieurs mois plus tard. Des injections r\u00e9p\u00e9t\u00e9es peuvent \u00eatre justifi\u00e9es si la derni\u00e8re injection a permis de r\u00e9duire la douleur et d&rsquo;am\u00e9liorer la fonction. Cependant, il n&rsquo;est pas recommand\u00e9 de faire plus de trois injections par an en raison du risque d&rsquo;affaiblissement et de rupture du tendon. En outre, les injections r\u00e9p\u00e9titives annuelles doivent \u00eatre \u00e9vit\u00e9es.<\/p>\n<p><strong>Indications pour l&rsquo;arr\u00eat du traitement :<\/strong> Si la r\u00e9ponse n&rsquo;est que partielle, il faut envisager de r\u00e9p\u00e9ter l&rsquo;injection, g\u00e9n\u00e9ralement \u00e0 une dose l\u00e9g\u00e8rement plus \u00e9lev\u00e9e.<\/p>\n<p><strong>Lib\u00e9ration chirurgicale en cas de t\u00e9nosynovite subaigu\u00eb ou chronique de la cheville<\/strong><\/p>\n<p>Cette recommandation d\u00e9conseille la lib\u00e9ration chirurgicale aux personnes qui n&rsquo;ont pas r\u00e9pondu aux traitements non op\u00e9ratoires, y compris les injections, et qui souffrent d&rsquo;une t\u00e9nosynovite subaigu\u00eb ou chronique de la cheville.<\/p>\n<p>&nbsp;<\/p>\n<h2>Ce que notre cabinet peut faire si vous souffrez de t\u00e9nosynovite (y compris la t\u00e9nosynovite st\u00e9nosante)<\/h2>\n<p>Nous poss\u00e9dons l&rsquo;expertise n\u00e9cessaire pour vous aider \u00e0 r\u00e9soudre vos probl\u00e8mes d&rsquo;indemnisation des accidents du travail. Nous comprenons les difficult\u00e9s auxquelles vous \u00eates confront\u00e9 et nous nous engageons \u00e0 r\u00e9pondre \u00e0 vos besoins m\u00e9dicaux conform\u00e9ment aux directives \u00e9tablies par la commission des accidents du travail de l&rsquo;\u00c9tat de New York.<\/p>\n<p>Conscients de l&rsquo;importance de vos dossiers d&rsquo;indemnisation des accidents du travail, nous sommes l\u00e0 pour vous guider dans la complexit\u00e9 des relations avec la compagnie d&rsquo;assurance des accidents du travail et avec votre employeur.<\/p>\n<p>Nous sommes conscients que cette p\u00e9riode peut \u00eatre stressante pour vous et votre famille. Si vous souhaitez prendre un rendez-vous, n&rsquo;h\u00e9sitez pas \u00e0 nous contacter. Nous nous effor\u00e7ons de rendre le processus aussi simple et pratique que possible pour vous.<\/p>\n","protected":false},"excerpt":{"rendered":"<p>Directives de l&rsquo;\u00c9tat de New York en mati\u00e8re de traitement m\u00e9dical pour T\u00e9nosynovite (y compris t\u00e9nosynovite st\u00e9nosante) dans les cas d&rsquo;accidents du travail Les lignes directrices \u00e9labor\u00e9es par la commission des accidents du travail de l&rsquo;\u00c9tat de New York visent \u00e0 aider les m\u00e9decins, les podologues et les autres professionnels de la sant\u00e9 \u00e0 proposer [&hellip;]<\/p>\n","protected":false},"author":33,"featured_media":0,"parent":21154,"menu_order":0,"comment_status":"closed","ping_status":"closed","template":"","meta":{"_et_pb_use_builder":"","_et_pb_old_content":"","_et_gb_content_width":"","footnotes":""},"class_list":["post-21106","page","type-page","status-publish","hentry"],"yoast_head":"<!-- This site is optimized with the Yoast SEO plugin v27.2 - https:\/\/yoast.com\/product\/yoast-seo-wordpress\/ -->\n<title>T\u00e9nosynovite | Best Hip &amp; Knee Surgeon | NY, USA<\/title>\n<meta name=\"description\" content=\"Directives de l&#039;\u00c9tat de New York en mati\u00e8re de traitement m\u00e9dical pour T\u00e9nosynovite (y compris t\u00e9nosynovite st\u00e9nosante) dans les cas d&#039;accidents du\" \/>\n<meta name=\"robots\" content=\"index, follow, max-snippet:-1, max-image-preview:large, max-video-preview:-1\" \/>\n<link rel=\"canonical\" href=\"https:\/\/www.newyorkhipknee.com\/fr\/indemnisation-des-travailleurs\/lignes-directrices-pour-les-traitements-medicaux-mtg\/cheville-et-pied\/tenosynovite\/\" \/>\n<meta property=\"og:locale\" content=\"fr_FR\" \/>\n<meta property=\"og:type\" content=\"article\" \/>\n<meta property=\"og:title\" content=\"T\u00e9nosynovite | Best Hip &amp; Knee Surgeon | NY, USA\" \/>\n<meta property=\"og:description\" content=\"Directives de l&#039;\u00c9tat de New York en mati\u00e8re de traitement m\u00e9dical pour T\u00e9nosynovite (y compris t\u00e9nosynovite st\u00e9nosante) dans les cas d&#039;accidents du\" \/>\n<meta property=\"og:url\" content=\"https:\/\/www.newyorkhipknee.com\/fr\/indemnisation-des-travailleurs\/lignes-directrices-pour-les-traitements-medicaux-mtg\/cheville-et-pied\/tenosynovite\/\" \/>\n<meta property=\"og:site_name\" content=\"Best Hip &amp; Knee Surgeon | NY, USA\" \/>\n<meta name=\"twitter:card\" content=\"summary_large_image\" \/>\n<meta name=\"twitter:label1\" content=\"Dur\u00e9e de lecture estim\u00e9e\" \/>\n\t<meta name=\"twitter:data1\" content=\"9 minutes\" \/>\n<script type=\"application\/ld+json\" class=\"yoast-schema-graph\">{\"@context\":\"https:\/\/schema.org\",\"@graph\":[{\"@type\":[\"WebPage\",\"MedicalWebPage\"],\"@id\":\"https:\/\/www.newyorkhipknee.com\/fr\/indemnisation-des-travailleurs\/lignes-directrices-pour-les-traitements-medicaux-mtg\/cheville-et-pied\/tenosynovite\/\",\"url\":\"https:\/\/www.newyorkhipknee.com\/fr\/indemnisation-des-travailleurs\/lignes-directrices-pour-les-traitements-medicaux-mtg\/cheville-et-pied\/tenosynovite\/\",\"name\":\"T\u00e9nosynovite | Best Hip &amp; Knee Surgeon | NY, USA\",\"isPartOf\":{\"@id\":\"https:\/\/www.newyorkhipknee.com\/fr\/#website\"},\"datePublished\":\"2023-12-13T20:58:53+00:00\",\"description\":\"Directives de l'\u00c9tat de New York en mati\u00e8re de traitement m\u00e9dical pour T\u00e9nosynovite (y compris t\u00e9nosynovite st\u00e9nosante) dans les cas d'accidents du\",\"breadcrumb\":{\"@id\":\"https:\/\/www.newyorkhipknee.com\/fr\/indemnisation-des-travailleurs\/lignes-directrices-pour-les-traitements-medicaux-mtg\/cheville-et-pied\/tenosynovite\/#breadcrumb\"},\"inLanguage\":\"fr-FR\",\"potentialAction\":[{\"@type\":\"ReadAction\",\"target\":[\"https:\/\/www.newyorkhipknee.com\/fr\/indemnisation-des-travailleurs\/lignes-directrices-pour-les-traitements-medicaux-mtg\/cheville-et-pied\/tenosynovite\/\"]}]},{\"@type\":\"BreadcrumbList\",\"@id\":\"https:\/\/www.newyorkhipknee.com\/fr\/indemnisation-des-travailleurs\/lignes-directrices-pour-les-traitements-medicaux-mtg\/cheville-et-pied\/tenosynovite\/#breadcrumb\",\"itemListElement\":[{\"@type\":\"ListItem\",\"position\":1,\"name\":\"Home\",\"item\":\"https:\/\/www.newyorkhipknee.com\/fr\/\"},{\"@type\":\"ListItem\",\"position\":2,\"name\":\"Indemnisation des travailleurs\",\"item\":\"https:\/\/www.newyorkhipknee.com\/fr\/indemnisation-des-travailleurs\/\"},{\"@type\":\"ListItem\",\"position\":3,\"name\":\"Lignes directrices pour les traitements m\u00e9dicaux (MTG)\",\"item\":\"https:\/\/www.newyorkhipknee.com\/fr\/indemnisation-des-travailleurs\/lignes-directrices-pour-les-traitements-medicaux-mtg\/\"},{\"@type\":\"ListItem\",\"position\":4,\"name\":\"Cheville et pied\",\"item\":\"https:\/\/www.newyorkhipknee.com\/fr\/indemnisation-des-travailleurs\/lignes-directrices-pour-les-traitements-medicaux-mtg\/cheville-et-pied\/\"},{\"@type\":\"ListItem\",\"position\":5,\"name\":\"T\u00e9nosynovite\"}]},{\"@type\":\"WebSite\",\"@id\":\"https:\/\/www.newyorkhipknee.com\/fr\/#website\",\"url\":\"https:\/\/www.newyorkhipknee.com\/fr\/\",\"name\":\"Best Hip & Knee Surgeon | NY, USA\",\"description\":\"\",\"potentialAction\":[{\"@type\":\"SearchAction\",\"target\":{\"@type\":\"EntryPoint\",\"urlTemplate\":\"https:\/\/www.newyorkhipknee.com\/fr\/?s={search_term_string}\"},\"query-input\":{\"@type\":\"PropertyValueSpecification\",\"valueRequired\":true,\"valueName\":\"search_term_string\"}}],\"inLanguage\":\"fr-FR\"}]}<\/script>\n<!-- \/ Yoast SEO plugin. -->","yoast_head_json":{"title":"T\u00e9nosynovite | Best Hip &amp; Knee Surgeon | NY, USA","description":"Directives de l'\u00c9tat de New York en mati\u00e8re de traitement m\u00e9dical pour T\u00e9nosynovite (y compris t\u00e9nosynovite st\u00e9nosante) dans les cas d'accidents du","robots":{"index":"index","follow":"follow","max-snippet":"max-snippet:-1","max-image-preview":"max-image-preview:large","max-video-preview":"max-video-preview:-1"},"canonical":"https:\/\/www.newyorkhipknee.com\/fr\/indemnisation-des-travailleurs\/lignes-directrices-pour-les-traitements-medicaux-mtg\/cheville-et-pied\/tenosynovite\/","og_locale":"fr_FR","og_type":"article","og_title":"T\u00e9nosynovite | Best Hip &amp; Knee Surgeon | NY, USA","og_description":"Directives de l'\u00c9tat de New York en mati\u00e8re de traitement m\u00e9dical pour T\u00e9nosynovite (y compris t\u00e9nosynovite st\u00e9nosante) dans les cas d'accidents du","og_url":"https:\/\/www.newyorkhipknee.com\/fr\/indemnisation-des-travailleurs\/lignes-directrices-pour-les-traitements-medicaux-mtg\/cheville-et-pied\/tenosynovite\/","og_site_name":"Best Hip &amp; Knee Surgeon | NY, USA","twitter_card":"summary_large_image","twitter_misc":{"Dur\u00e9e de lecture estim\u00e9e":"9 minutes"},"schema":{"@context":"https:\/\/schema.org","@graph":[{"@type":["WebPage","MedicalWebPage"],"@id":"https:\/\/www.newyorkhipknee.com\/fr\/indemnisation-des-travailleurs\/lignes-directrices-pour-les-traitements-medicaux-mtg\/cheville-et-pied\/tenosynovite\/","url":"https:\/\/www.newyorkhipknee.com\/fr\/indemnisation-des-travailleurs\/lignes-directrices-pour-les-traitements-medicaux-mtg\/cheville-et-pied\/tenosynovite\/","name":"T\u00e9nosynovite | Best Hip &amp; Knee Surgeon | NY, USA","isPartOf":{"@id":"https:\/\/www.newyorkhipknee.com\/fr\/#website"},"datePublished":"2023-12-13T20:58:53+00:00","description":"Directives de l'\u00c9tat de New York en mati\u00e8re de traitement m\u00e9dical pour T\u00e9nosynovite (y compris t\u00e9nosynovite st\u00e9nosante) dans les cas d'accidents du","breadcrumb":{"@id":"https:\/\/www.newyorkhipknee.com\/fr\/indemnisation-des-travailleurs\/lignes-directrices-pour-les-traitements-medicaux-mtg\/cheville-et-pied\/tenosynovite\/#breadcrumb"},"inLanguage":"fr-FR","potentialAction":[{"@type":"ReadAction","target":["https:\/\/www.newyorkhipknee.com\/fr\/indemnisation-des-travailleurs\/lignes-directrices-pour-les-traitements-medicaux-mtg\/cheville-et-pied\/tenosynovite\/"]}]},{"@type":"BreadcrumbList","@id":"https:\/\/www.newyorkhipknee.com\/fr\/indemnisation-des-travailleurs\/lignes-directrices-pour-les-traitements-medicaux-mtg\/cheville-et-pied\/tenosynovite\/#breadcrumb","itemListElement":[{"@type":"ListItem","position":1,"name":"Home","item":"https:\/\/www.newyorkhipknee.com\/fr\/"},{"@type":"ListItem","position":2,"name":"Indemnisation des travailleurs","item":"https:\/\/www.newyorkhipknee.com\/fr\/indemnisation-des-travailleurs\/"},{"@type":"ListItem","position":3,"name":"Lignes directrices pour les traitements m\u00e9dicaux (MTG)","item":"https:\/\/www.newyorkhipknee.com\/fr\/indemnisation-des-travailleurs\/lignes-directrices-pour-les-traitements-medicaux-mtg\/"},{"@type":"ListItem","position":4,"name":"Cheville et pied","item":"https:\/\/www.newyorkhipknee.com\/fr\/indemnisation-des-travailleurs\/lignes-directrices-pour-les-traitements-medicaux-mtg\/cheville-et-pied\/"},{"@type":"ListItem","position":5,"name":"T\u00e9nosynovite"}]},{"@type":"WebSite","@id":"https:\/\/www.newyorkhipknee.com\/fr\/#website","url":"https:\/\/www.newyorkhipknee.com\/fr\/","name":"Best Hip & Knee Surgeon | NY, USA","description":"","potentialAction":[{"@type":"SearchAction","target":{"@type":"EntryPoint","urlTemplate":"https:\/\/www.newyorkhipknee.com\/fr\/?s={search_term_string}"},"query-input":{"@type":"PropertyValueSpecification","valueRequired":true,"valueName":"search_term_string"}}],"inLanguage":"fr-FR"}]}},"_links":{"self":[{"href":"https:\/\/www.newyorkhipknee.com\/fr\/wp-json\/wp\/v2\/pages\/21106","targetHints":{"allow":["GET"]}}],"collection":[{"href":"https:\/\/www.newyorkhipknee.com\/fr\/wp-json\/wp\/v2\/pages"}],"about":[{"href":"https:\/\/www.newyorkhipknee.com\/fr\/wp-json\/wp\/v2\/types\/page"}],"author":[{"embeddable":true,"href":"https:\/\/www.newyorkhipknee.com\/fr\/wp-json\/wp\/v2\/users\/33"}],"replies":[{"embeddable":true,"href":"https:\/\/www.newyorkhipknee.com\/fr\/wp-json\/wp\/v2\/comments?post=21106"}],"version-history":[{"count":0,"href":"https:\/\/www.newyorkhipknee.com\/fr\/wp-json\/wp\/v2\/pages\/21106\/revisions"}],"up":[{"embeddable":true,"href":"https:\/\/www.newyorkhipknee.com\/fr\/wp-json\/wp\/v2\/pages\/21154"}],"wp:attachment":[{"href":"https:\/\/www.newyorkhipknee.com\/fr\/wp-json\/wp\/v2\/media?parent=21106"}],"curies":[{"name":"wp","href":"https:\/\/api.w.org\/{rel}","templated":true}]}}