{"id":21109,"date":"2023-12-26T15:34:58","date_gmt":"2023-12-26T20:34:58","guid":{"rendered":"https:\/\/newyorkhipknee.com\/inhibiteurs-adrenergiques\/"},"modified":"2023-12-26T15:34:58","modified_gmt":"2023-12-26T20:34:58","slug":"inhibiteurs-adrenergiques","status":"publish","type":"page","link":"https:\/\/www.newyorkhipknee.com\/fr\/indemnisation-des-travailleurs\/lignes-directrices-pour-les-traitements-medicaux-mtg\/syndrome-de-stress-post-traumatique-et-syndrome-de-stress-aigu\/medicaments\/inhibiteurs-adrenergiques\/","title":{"rendered":"Inhibiteurs adr\u00e9nergiques"},"content":{"rendered":"<h2><strong>Inhibiteurs adr\u00e9nergiques<\/strong><\/h2>\n<p><strong><\/p>\n<p>Le<\/strong> <strong>propranolol<\/strong> n&rsquo;est pas conseill\u00e9 pour traiter les patients souffrant de SSPT, et il existe des preuves contre son utilisation.<\/p>\n<p>La <strong>prazosine<\/strong> n&rsquo;est pas recommand\u00e9e pour le traitement global des sympt\u00f4mes de l&rsquo;ESPT. Cependant, il est recommand\u00e9 pour certains patients souffrant d&rsquo;un syndrome de stress post-traumatique qui pr\u00e9sentent des cauchemars importants et\/ou des troubles du sommeil. L&rsquo;arr\u00eat du traitement doit \u00eatre envisag\u00e9 en cas de manque d&rsquo;efficacit\u00e9, d&rsquo;effets ind\u00e9sirables, de non-observance ou si la r\u00e9solution du syndrome de stress post-traumatique atteint un point tel que le m\u00e9dicament n&rsquo;est plus n\u00e9cessaire.<\/p>\n<p>La <strong>guanfacine<\/strong> n&rsquo;est pas recommand\u00e9e pour le traitement des patients souffrant de SSPT, et il existe des preuves contre son utilisation.<\/p>\n<p>De m\u00eame, la <strong>clonidine<\/strong> n&rsquo;est pas recommand\u00e9e pour le traitement des patients souffrant d&rsquo;un syndrome de stress post-traumatique.<\/p>\n<p>La <strong>doxazosine<\/strong> n&rsquo;est pas recommand\u00e9e pour le traitement des patients souffrant de SSPT, et il existe des preuves contre son utilisation.<\/p>\n","protected":false},"excerpt":{"rendered":"<p>Inhibiteurs adr\u00e9nergiques Le propranolol n&rsquo;est pas conseill\u00e9 pour traiter les patients souffrant de SSPT, et il existe des preuves contre son utilisation. La prazosine n&rsquo;est pas recommand\u00e9e pour le traitement global des sympt\u00f4mes de l&rsquo;ESPT. Cependant, il est recommand\u00e9 pour certains patients souffrant d&rsquo;un syndrome de stress post-traumatique qui pr\u00e9sentent des cauchemars importants et\/ou des [&hellip;]<\/p>\n","protected":false},"author":33,"featured_media":0,"parent":21317,"menu_order":0,"comment_status":"closed","ping_status":"closed","template":"","meta":{"_et_pb_use_builder":"","_et_pb_old_content":"","_et_gb_content_width":"","footnotes":""},"class_list":["post-21109","page","type-page","status-publish","hentry"],"yoast_head":"<!-- This site is optimized with the Yoast SEO plugin v27.2 - https:\/\/yoast.com\/product\/yoast-seo-wordpress\/ -->\n<title>Inhibiteurs adr\u00e9nergiques | Best Hip &amp; Knee Surgeon | NY, USA<\/title>\n<meta name=\"description\" content=\"Inhibiteurs adr\u00e9nergiques Le propranolol n&#039;est pas conseill\u00e9 pour traiter les patients souffrant de SSPT, et il existe des preuves contre son utilisation.\" \/>\n<meta name=\"robots\" content=\"index, follow, max-snippet:-1, max-image-preview:large, max-video-preview:-1\" \/>\n<link rel=\"canonical\" href=\"https:\/\/www.newyorkhipknee.com\/fr\/indemnisation-des-travailleurs\/lignes-directrices-pour-les-traitements-medicaux-mtg\/syndrome-de-stress-post-traumatique-et-syndrome-de-stress-aigu\/medicaments\/inhibiteurs-adrenergiques\/\" \/>\n<meta property=\"og:locale\" content=\"fr_FR\" \/>\n<meta property=\"og:type\" content=\"article\" \/>\n<meta property=\"og:title\" content=\"Inhibiteurs adr\u00e9nergiques | Best Hip &amp; Knee Surgeon | NY, USA\" \/>\n<meta property=\"og:description\" content=\"Inhibiteurs adr\u00e9nergiques Le propranolol n&#039;est pas conseill\u00e9 pour traiter les patients souffrant de SSPT, et il existe des preuves contre son utilisation.\" \/>\n<meta property=\"og:url\" content=\"https:\/\/www.newyorkhipknee.com\/fr\/indemnisation-des-travailleurs\/lignes-directrices-pour-les-traitements-medicaux-mtg\/syndrome-de-stress-post-traumatique-et-syndrome-de-stress-aigu\/medicaments\/inhibiteurs-adrenergiques\/\" \/>\n<meta property=\"og:site_name\" content=\"Best Hip &amp; Knee Surgeon | NY, USA\" \/>\n<meta name=\"twitter:card\" content=\"summary_large_image\" \/>\n<meta name=\"twitter:label1\" content=\"Dur\u00e9e de lecture estim\u00e9e\" \/>\n\t<meta name=\"twitter:data1\" content=\"1 minute\" \/>\n<script type=\"application\/ld+json\" class=\"yoast-schema-graph\">{\"@context\":\"https:\/\/schema.org\",\"@graph\":[{\"@type\":[\"WebPage\",\"MedicalWebPage\"],\"@id\":\"https:\/\/www.newyorkhipknee.com\/fr\/indemnisation-des-travailleurs\/lignes-directrices-pour-les-traitements-medicaux-mtg\/syndrome-de-stress-post-traumatique-et-syndrome-de-stress-aigu\/medicaments\/inhibiteurs-adrenergiques\/\",\"url\":\"https:\/\/www.newyorkhipknee.com\/fr\/indemnisation-des-travailleurs\/lignes-directrices-pour-les-traitements-medicaux-mtg\/syndrome-de-stress-post-traumatique-et-syndrome-de-stress-aigu\/medicaments\/inhibiteurs-adrenergiques\/\",\"name\":\"Inhibiteurs adr\u00e9nergiques | Best Hip &amp; Knee Surgeon | NY, USA\",\"isPartOf\":{\"@id\":\"https:\/\/www.newyorkhipknee.com\/fr\/#website\"},\"datePublished\":\"2023-12-26T20:34:58+00:00\",\"description\":\"Inhibiteurs adr\u00e9nergiques Le propranolol n'est pas conseill\u00e9 pour traiter les patients souffrant de SSPT, et il existe des preuves contre son utilisation.\",\"breadcrumb\":{\"@id\":\"https:\/\/www.newyorkhipknee.com\/fr\/indemnisation-des-travailleurs\/lignes-directrices-pour-les-traitements-medicaux-mtg\/syndrome-de-stress-post-traumatique-et-syndrome-de-stress-aigu\/medicaments\/inhibiteurs-adrenergiques\/#breadcrumb\"},\"inLanguage\":\"fr-FR\",\"potentialAction\":[{\"@type\":\"ReadAction\",\"target\":[\"https:\/\/www.newyorkhipknee.com\/fr\/indemnisation-des-travailleurs\/lignes-directrices-pour-les-traitements-medicaux-mtg\/syndrome-de-stress-post-traumatique-et-syndrome-de-stress-aigu\/medicaments\/inhibiteurs-adrenergiques\/\"]}]},{\"@type\":\"BreadcrumbList\",\"@id\":\"https:\/\/www.newyorkhipknee.com\/fr\/indemnisation-des-travailleurs\/lignes-directrices-pour-les-traitements-medicaux-mtg\/syndrome-de-stress-post-traumatique-et-syndrome-de-stress-aigu\/medicaments\/inhibiteurs-adrenergiques\/#breadcrumb\",\"itemListElement\":[{\"@type\":\"ListItem\",\"position\":1,\"name\":\"Home\",\"item\":\"https:\/\/www.newyorkhipknee.com\/fr\/\"},{\"@type\":\"ListItem\",\"position\":2,\"name\":\"Indemnisation des travailleurs\",\"item\":\"https:\/\/www.newyorkhipknee.com\/fr\/indemnisation-des-travailleurs\/\"},{\"@type\":\"ListItem\",\"position\":3,\"name\":\"Lignes directrices pour les traitements m\u00e9dicaux (MTG)\",\"item\":\"https:\/\/www.newyorkhipknee.com\/fr\/indemnisation-des-travailleurs\/lignes-directrices-pour-les-traitements-medicaux-mtg\/\"},{\"@type\":\"ListItem\",\"position\":4,\"name\":\"Syndrome de stress post-traumatique et syndrome de stress aigu\",\"item\":\"https:\/\/www.newyorkhipknee.com\/fr\/indemnisation-des-travailleurs\/lignes-directrices-pour-les-traitements-medicaux-mtg\/syndrome-de-stress-post-traumatique-et-syndrome-de-stress-aigu\/\"},{\"@type\":\"ListItem\",\"position\":5,\"name\":\"M\u00e9dicaments\",\"item\":\"https:\/\/www.newyorkhipknee.com\/fr\/indemnisation-des-travailleurs\/lignes-directrices-pour-les-traitements-medicaux-mtg\/syndrome-de-stress-post-traumatique-et-syndrome-de-stress-aigu\/medicaments\/\"},{\"@type\":\"ListItem\",\"position\":6,\"name\":\"Inhibiteurs adr\u00e9nergiques\"}]},{\"@type\":\"WebSite\",\"@id\":\"https:\/\/www.newyorkhipknee.com\/fr\/#website\",\"url\":\"https:\/\/www.newyorkhipknee.com\/fr\/\",\"name\":\"Best Hip & Knee Surgeon | NY, USA\",\"description\":\"\",\"potentialAction\":[{\"@type\":\"SearchAction\",\"target\":{\"@type\":\"EntryPoint\",\"urlTemplate\":\"https:\/\/www.newyorkhipknee.com\/fr\/?s={search_term_string}\"},\"query-input\":{\"@type\":\"PropertyValueSpecification\",\"valueRequired\":true,\"valueName\":\"search_term_string\"}}],\"inLanguage\":\"fr-FR\"}]}<\/script>\n<!-- \/ Yoast SEO plugin. -->","yoast_head_json":{"title":"Inhibiteurs adr\u00e9nergiques | Best Hip &amp; Knee Surgeon | NY, USA","description":"Inhibiteurs adr\u00e9nergiques Le propranolol n'est pas conseill\u00e9 pour traiter les patients souffrant de SSPT, et il existe des preuves contre son utilisation.","robots":{"index":"index","follow":"follow","max-snippet":"max-snippet:-1","max-image-preview":"max-image-preview:large","max-video-preview":"max-video-preview:-1"},"canonical":"https:\/\/www.newyorkhipknee.com\/fr\/indemnisation-des-travailleurs\/lignes-directrices-pour-les-traitements-medicaux-mtg\/syndrome-de-stress-post-traumatique-et-syndrome-de-stress-aigu\/medicaments\/inhibiteurs-adrenergiques\/","og_locale":"fr_FR","og_type":"article","og_title":"Inhibiteurs adr\u00e9nergiques | Best Hip &amp; Knee Surgeon | NY, USA","og_description":"Inhibiteurs adr\u00e9nergiques Le propranolol n'est pas conseill\u00e9 pour traiter les patients souffrant de SSPT, et il existe des preuves contre son utilisation.","og_url":"https:\/\/www.newyorkhipknee.com\/fr\/indemnisation-des-travailleurs\/lignes-directrices-pour-les-traitements-medicaux-mtg\/syndrome-de-stress-post-traumatique-et-syndrome-de-stress-aigu\/medicaments\/inhibiteurs-adrenergiques\/","og_site_name":"Best Hip &amp; Knee Surgeon | NY, USA","twitter_card":"summary_large_image","twitter_misc":{"Dur\u00e9e de lecture estim\u00e9e":"1 minute"},"schema":{"@context":"https:\/\/schema.org","@graph":[{"@type":["WebPage","MedicalWebPage"],"@id":"https:\/\/www.newyorkhipknee.com\/fr\/indemnisation-des-travailleurs\/lignes-directrices-pour-les-traitements-medicaux-mtg\/syndrome-de-stress-post-traumatique-et-syndrome-de-stress-aigu\/medicaments\/inhibiteurs-adrenergiques\/","url":"https:\/\/www.newyorkhipknee.com\/fr\/indemnisation-des-travailleurs\/lignes-directrices-pour-les-traitements-medicaux-mtg\/syndrome-de-stress-post-traumatique-et-syndrome-de-stress-aigu\/medicaments\/inhibiteurs-adrenergiques\/","name":"Inhibiteurs adr\u00e9nergiques | Best Hip &amp; Knee Surgeon | NY, USA","isPartOf":{"@id":"https:\/\/www.newyorkhipknee.com\/fr\/#website"},"datePublished":"2023-12-26T20:34:58+00:00","description":"Inhibiteurs adr\u00e9nergiques Le propranolol n'est pas conseill\u00e9 pour traiter les patients souffrant de SSPT, et il existe des preuves contre son utilisation.","breadcrumb":{"@id":"https:\/\/www.newyorkhipknee.com\/fr\/indemnisation-des-travailleurs\/lignes-directrices-pour-les-traitements-medicaux-mtg\/syndrome-de-stress-post-traumatique-et-syndrome-de-stress-aigu\/medicaments\/inhibiteurs-adrenergiques\/#breadcrumb"},"inLanguage":"fr-FR","potentialAction":[{"@type":"ReadAction","target":["https:\/\/www.newyorkhipknee.com\/fr\/indemnisation-des-travailleurs\/lignes-directrices-pour-les-traitements-medicaux-mtg\/syndrome-de-stress-post-traumatique-et-syndrome-de-stress-aigu\/medicaments\/inhibiteurs-adrenergiques\/"]}]},{"@type":"BreadcrumbList","@id":"https:\/\/www.newyorkhipknee.com\/fr\/indemnisation-des-travailleurs\/lignes-directrices-pour-les-traitements-medicaux-mtg\/syndrome-de-stress-post-traumatique-et-syndrome-de-stress-aigu\/medicaments\/inhibiteurs-adrenergiques\/#breadcrumb","itemListElement":[{"@type":"ListItem","position":1,"name":"Home","item":"https:\/\/www.newyorkhipknee.com\/fr\/"},{"@type":"ListItem","position":2,"name":"Indemnisation des travailleurs","item":"https:\/\/www.newyorkhipknee.com\/fr\/indemnisation-des-travailleurs\/"},{"@type":"ListItem","position":3,"name":"Lignes directrices pour les traitements m\u00e9dicaux (MTG)","item":"https:\/\/www.newyorkhipknee.com\/fr\/indemnisation-des-travailleurs\/lignes-directrices-pour-les-traitements-medicaux-mtg\/"},{"@type":"ListItem","position":4,"name":"Syndrome de stress post-traumatique et syndrome de stress aigu","item":"https:\/\/www.newyorkhipknee.com\/fr\/indemnisation-des-travailleurs\/lignes-directrices-pour-les-traitements-medicaux-mtg\/syndrome-de-stress-post-traumatique-et-syndrome-de-stress-aigu\/"},{"@type":"ListItem","position":5,"name":"M\u00e9dicaments","item":"https:\/\/www.newyorkhipknee.com\/fr\/indemnisation-des-travailleurs\/lignes-directrices-pour-les-traitements-medicaux-mtg\/syndrome-de-stress-post-traumatique-et-syndrome-de-stress-aigu\/medicaments\/"},{"@type":"ListItem","position":6,"name":"Inhibiteurs adr\u00e9nergiques"}]},{"@type":"WebSite","@id":"https:\/\/www.newyorkhipknee.com\/fr\/#website","url":"https:\/\/www.newyorkhipknee.com\/fr\/","name":"Best Hip & Knee Surgeon | NY, USA","description":"","potentialAction":[{"@type":"SearchAction","target":{"@type":"EntryPoint","urlTemplate":"https:\/\/www.newyorkhipknee.com\/fr\/?s={search_term_string}"},"query-input":{"@type":"PropertyValueSpecification","valueRequired":true,"valueName":"search_term_string"}}],"inLanguage":"fr-FR"}]}},"_links":{"self":[{"href":"https:\/\/www.newyorkhipknee.com\/fr\/wp-json\/wp\/v2\/pages\/21109","targetHints":{"allow":["GET"]}}],"collection":[{"href":"https:\/\/www.newyorkhipknee.com\/fr\/wp-json\/wp\/v2\/pages"}],"about":[{"href":"https:\/\/www.newyorkhipknee.com\/fr\/wp-json\/wp\/v2\/types\/page"}],"author":[{"embeddable":true,"href":"https:\/\/www.newyorkhipknee.com\/fr\/wp-json\/wp\/v2\/users\/33"}],"replies":[{"embeddable":true,"href":"https:\/\/www.newyorkhipknee.com\/fr\/wp-json\/wp\/v2\/comments?post=21109"}],"version-history":[{"count":0,"href":"https:\/\/www.newyorkhipknee.com\/fr\/wp-json\/wp\/v2\/pages\/21109\/revisions"}],"up":[{"embeddable":true,"href":"https:\/\/www.newyorkhipknee.com\/fr\/wp-json\/wp\/v2\/pages\/21317"}],"wp:attachment":[{"href":"https:\/\/www.newyorkhipknee.com\/fr\/wp-json\/wp\/v2\/media?parent=21109"}],"curies":[{"name":"wp","href":"https:\/\/api.w.org\/{rel}","templated":true}]}}