{"id":21112,"date":"2023-12-26T13:39:32","date_gmt":"2023-12-26T18:39:32","guid":{"rendered":"https:\/\/newyorkhipknee.com\/anticonvulsivants-et-antipsychotiques\/"},"modified":"2023-12-26T13:39:32","modified_gmt":"2023-12-26T18:39:32","slug":"anticonvulsivants-et-antipsychotiques","status":"publish","type":"page","link":"https:\/\/www.newyorkhipknee.com\/fr\/indemnisation-des-travailleurs\/lignes-directrices-pour-les-traitements-medicaux-mtg\/syndrome-de-stress-post-traumatique-et-syndrome-de-stress-aigu\/medicaments\/anticonvulsivants-et-antipsychotiques\/","title":{"rendered":"Anticonvulsivants et antipsychotiques"},"content":{"rendered":"<h2><strong>Anticonvulsivants<\/strong><\/h2>\n<p>La <strong>gabapentine<\/strong> n&rsquo;est pas conseill\u00e9e pour traiter les patients souffrant de SSPT<\/p>\n<p><strong>La lamotrigine<\/strong> n&rsquo;est pas recommand\u00e9e pour les patients souffrant de TSPT<\/p>\n<p>Le <strong>topiramate<\/strong> n&rsquo;est pas recommand\u00e9 pour le traitement des patients souffrant de SSPT, et il existe des preuves contre son utilisation.<\/p>\n<p>L&rsquo;<strong>acide valpro\u00efque<\/strong> n&rsquo;est pas recommand\u00e9 pour les patients souffrant de TSPT, et il existe des preuves contre son utilisation.<\/p>\n<p>La <strong>tiagabine<\/strong> n&rsquo;est pas recommand\u00e9e pour le traitement des patients souffrant d&rsquo;un syndrome de stress post-traumatique.<\/p>\n<p>&nbsp;<\/p>\n<h2><strong>  Antipsychotiques<\/strong><\/h2>\n<p>L&rsquo;<strong>aripiprazole<\/strong> n&rsquo;est pas sugg\u00e9r\u00e9 pour traiter les patients souffrant de TSPT.<\/p>\n<p>La <strong>qu\u00e9tiapine<\/strong> n&rsquo;est pas recommand\u00e9e pour le traitement des patients souffrant de SSPT. Il existe des preuves contre son utilisation (I.8.b).<\/p>\n<p>La <strong>risp\u00e9ridone<\/strong> n&rsquo;est pas recommand\u00e9e pour les patients souffrant de SSPT, et il existe des preuves contre son utilisation (I.8.c).<\/p>\n<p>L&rsquo;<strong>olanzapine<\/strong> est toutefois recommand\u00e9e pour certains patients souffrant de TSPT et pr\u00e9sentant des flashbacks et des cauchemars. Il peut \u00eatre sugg\u00e9r\u00e9 apr\u00e8s avoir essay\u00e9 des psychoth\u00e9rapies de premi\u00e8re intention ou d&rsquo;autres pharmacoth\u00e9rapies pour le SSPT et les avoir trouv\u00e9es inefficaces ou intol\u00e9rables. N\u00e9anmoins, en raison des effets ind\u00e9sirables potentiels, il est g\u00e9n\u00e9ralement conseill\u00e9 d&rsquo;explorer d&rsquo;autres m\u00e9dicaments avant d&rsquo;envisager l&rsquo;olanzapine.<\/p>\n<p>L&rsquo;arr\u00eat du traitement doit \u00eatre envisag\u00e9 en cas de manque d&rsquo;efficacit\u00e9, d&rsquo;effets ind\u00e9sirables, de non-observance ou si la r\u00e9solution du syndrome de stress post-traumatique atteint un point tel que le m\u00e9dicament n&rsquo;est plus n\u00e9cessaire. Des donn\u00e9es probantes soutiennent l&rsquo;utilisation de l&rsquo;olanzapine dans ce contexte.<\/p>\n","protected":false},"excerpt":{"rendered":"<p>Anticonvulsivants La gabapentine n&rsquo;est pas conseill\u00e9e pour traiter les patients souffrant de SSPT La lamotrigine n&rsquo;est pas recommand\u00e9e pour les patients souffrant de TSPT Le topiramate n&rsquo;est pas recommand\u00e9 pour le traitement des patients souffrant de SSPT, et il existe des preuves contre son utilisation. L&rsquo;acide valpro\u00efque n&rsquo;est pas recommand\u00e9 pour les patients souffrant de [&hellip;]<\/p>\n","protected":false},"author":33,"featured_media":0,"parent":21317,"menu_order":0,"comment_status":"closed","ping_status":"closed","template":"","meta":{"_et_pb_use_builder":"","_et_pb_old_content":"","_et_gb_content_width":"","footnotes":""},"class_list":["post-21112","page","type-page","status-publish","hentry"],"yoast_head":"<!-- This site is optimized with the Yoast SEO plugin v27.2 - https:\/\/yoast.com\/product\/yoast-seo-wordpress\/ -->\n<title>Anticonvulsivants et antipsychotiques | Best Hip &amp; Knee Surgeon | NY, USA<\/title>\n<meta name=\"description\" content=\"Anticonvulsivants La gabapentine n&#039;est pas conseill\u00e9e pour traiter les patients souffrant de SSPT La lamotrigine n&#039;est pas recommand\u00e9e pour les patients\" \/>\n<meta name=\"robots\" content=\"index, follow, max-snippet:-1, max-image-preview:large, max-video-preview:-1\" \/>\n<link rel=\"canonical\" href=\"https:\/\/www.newyorkhipknee.com\/fr\/indemnisation-des-travailleurs\/lignes-directrices-pour-les-traitements-medicaux-mtg\/syndrome-de-stress-post-traumatique-et-syndrome-de-stress-aigu\/medicaments\/anticonvulsivants-et-antipsychotiques\/\" \/>\n<meta property=\"og:locale\" content=\"fr_FR\" \/>\n<meta property=\"og:type\" content=\"article\" \/>\n<meta property=\"og:title\" content=\"Anticonvulsivants et antipsychotiques | Best Hip &amp; Knee Surgeon | NY, USA\" \/>\n<meta property=\"og:description\" content=\"Anticonvulsivants La gabapentine n&#039;est pas conseill\u00e9e pour traiter les patients souffrant de SSPT La lamotrigine n&#039;est pas recommand\u00e9e pour les patients\" \/>\n<meta property=\"og:url\" content=\"https:\/\/www.newyorkhipknee.com\/fr\/indemnisation-des-travailleurs\/lignes-directrices-pour-les-traitements-medicaux-mtg\/syndrome-de-stress-post-traumatique-et-syndrome-de-stress-aigu\/medicaments\/anticonvulsivants-et-antipsychotiques\/\" \/>\n<meta property=\"og:site_name\" content=\"Best Hip &amp; Knee Surgeon | NY, USA\" \/>\n<meta name=\"twitter:card\" content=\"summary_large_image\" \/>\n<meta name=\"twitter:label1\" content=\"Dur\u00e9e de lecture estim\u00e9e\" \/>\n\t<meta name=\"twitter:data1\" content=\"1 minute\" \/>\n<script type=\"application\/ld+json\" class=\"yoast-schema-graph\">{\"@context\":\"https:\/\/schema.org\",\"@graph\":[{\"@type\":[\"WebPage\",\"MedicalWebPage\"],\"@id\":\"https:\/\/www.newyorkhipknee.com\/fr\/indemnisation-des-travailleurs\/lignes-directrices-pour-les-traitements-medicaux-mtg\/syndrome-de-stress-post-traumatique-et-syndrome-de-stress-aigu\/medicaments\/anticonvulsivants-et-antipsychotiques\/\",\"url\":\"https:\/\/www.newyorkhipknee.com\/fr\/indemnisation-des-travailleurs\/lignes-directrices-pour-les-traitements-medicaux-mtg\/syndrome-de-stress-post-traumatique-et-syndrome-de-stress-aigu\/medicaments\/anticonvulsivants-et-antipsychotiques\/\",\"name\":\"Anticonvulsivants et antipsychotiques | Best Hip &amp; Knee Surgeon | NY, USA\",\"isPartOf\":{\"@id\":\"https:\/\/www.newyorkhipknee.com\/fr\/#website\"},\"datePublished\":\"2023-12-26T18:39:32+00:00\",\"description\":\"Anticonvulsivants La gabapentine n'est pas conseill\u00e9e pour traiter les patients souffrant de SSPT La lamotrigine n'est pas recommand\u00e9e pour les patients\",\"breadcrumb\":{\"@id\":\"https:\/\/www.newyorkhipknee.com\/fr\/indemnisation-des-travailleurs\/lignes-directrices-pour-les-traitements-medicaux-mtg\/syndrome-de-stress-post-traumatique-et-syndrome-de-stress-aigu\/medicaments\/anticonvulsivants-et-antipsychotiques\/#breadcrumb\"},\"inLanguage\":\"fr-FR\",\"potentialAction\":[{\"@type\":\"ReadAction\",\"target\":[\"https:\/\/www.newyorkhipknee.com\/fr\/indemnisation-des-travailleurs\/lignes-directrices-pour-les-traitements-medicaux-mtg\/syndrome-de-stress-post-traumatique-et-syndrome-de-stress-aigu\/medicaments\/anticonvulsivants-et-antipsychotiques\/\"]}]},{\"@type\":\"BreadcrumbList\",\"@id\":\"https:\/\/www.newyorkhipknee.com\/fr\/indemnisation-des-travailleurs\/lignes-directrices-pour-les-traitements-medicaux-mtg\/syndrome-de-stress-post-traumatique-et-syndrome-de-stress-aigu\/medicaments\/anticonvulsivants-et-antipsychotiques\/#breadcrumb\",\"itemListElement\":[{\"@type\":\"ListItem\",\"position\":1,\"name\":\"Home\",\"item\":\"https:\/\/www.newyorkhipknee.com\/fr\/\"},{\"@type\":\"ListItem\",\"position\":2,\"name\":\"Indemnisation des travailleurs\",\"item\":\"https:\/\/www.newyorkhipknee.com\/fr\/indemnisation-des-travailleurs\/\"},{\"@type\":\"ListItem\",\"position\":3,\"name\":\"Lignes directrices pour les traitements m\u00e9dicaux (MTG)\",\"item\":\"https:\/\/www.newyorkhipknee.com\/fr\/indemnisation-des-travailleurs\/lignes-directrices-pour-les-traitements-medicaux-mtg\/\"},{\"@type\":\"ListItem\",\"position\":4,\"name\":\"Syndrome de stress post-traumatique et syndrome de stress aigu\",\"item\":\"https:\/\/www.newyorkhipknee.com\/fr\/indemnisation-des-travailleurs\/lignes-directrices-pour-les-traitements-medicaux-mtg\/syndrome-de-stress-post-traumatique-et-syndrome-de-stress-aigu\/\"},{\"@type\":\"ListItem\",\"position\":5,\"name\":\"M\u00e9dicaments\",\"item\":\"https:\/\/www.newyorkhipknee.com\/fr\/indemnisation-des-travailleurs\/lignes-directrices-pour-les-traitements-medicaux-mtg\/syndrome-de-stress-post-traumatique-et-syndrome-de-stress-aigu\/medicaments\/\"},{\"@type\":\"ListItem\",\"position\":6,\"name\":\"Anticonvulsivants et antipsychotiques\"}]},{\"@type\":\"WebSite\",\"@id\":\"https:\/\/www.newyorkhipknee.com\/fr\/#website\",\"url\":\"https:\/\/www.newyorkhipknee.com\/fr\/\",\"name\":\"Best Hip & Knee Surgeon | NY, USA\",\"description\":\"\",\"potentialAction\":[{\"@type\":\"SearchAction\",\"target\":{\"@type\":\"EntryPoint\",\"urlTemplate\":\"https:\/\/www.newyorkhipknee.com\/fr\/?s={search_term_string}\"},\"query-input\":{\"@type\":\"PropertyValueSpecification\",\"valueRequired\":true,\"valueName\":\"search_term_string\"}}],\"inLanguage\":\"fr-FR\"}]}<\/script>\n<!-- \/ Yoast SEO plugin. -->","yoast_head_json":{"title":"Anticonvulsivants et antipsychotiques | Best Hip &amp; Knee Surgeon | NY, USA","description":"Anticonvulsivants La gabapentine n'est pas conseill\u00e9e pour traiter les patients souffrant de SSPT La lamotrigine n'est pas recommand\u00e9e pour les patients","robots":{"index":"index","follow":"follow","max-snippet":"max-snippet:-1","max-image-preview":"max-image-preview:large","max-video-preview":"max-video-preview:-1"},"canonical":"https:\/\/www.newyorkhipknee.com\/fr\/indemnisation-des-travailleurs\/lignes-directrices-pour-les-traitements-medicaux-mtg\/syndrome-de-stress-post-traumatique-et-syndrome-de-stress-aigu\/medicaments\/anticonvulsivants-et-antipsychotiques\/","og_locale":"fr_FR","og_type":"article","og_title":"Anticonvulsivants et antipsychotiques | Best Hip &amp; Knee Surgeon | NY, USA","og_description":"Anticonvulsivants La gabapentine n'est pas conseill\u00e9e pour traiter les patients souffrant de SSPT La lamotrigine n'est pas recommand\u00e9e pour les patients","og_url":"https:\/\/www.newyorkhipknee.com\/fr\/indemnisation-des-travailleurs\/lignes-directrices-pour-les-traitements-medicaux-mtg\/syndrome-de-stress-post-traumatique-et-syndrome-de-stress-aigu\/medicaments\/anticonvulsivants-et-antipsychotiques\/","og_site_name":"Best Hip &amp; Knee Surgeon | NY, USA","twitter_card":"summary_large_image","twitter_misc":{"Dur\u00e9e de lecture estim\u00e9e":"1 minute"},"schema":{"@context":"https:\/\/schema.org","@graph":[{"@type":["WebPage","MedicalWebPage"],"@id":"https:\/\/www.newyorkhipknee.com\/fr\/indemnisation-des-travailleurs\/lignes-directrices-pour-les-traitements-medicaux-mtg\/syndrome-de-stress-post-traumatique-et-syndrome-de-stress-aigu\/medicaments\/anticonvulsivants-et-antipsychotiques\/","url":"https:\/\/www.newyorkhipknee.com\/fr\/indemnisation-des-travailleurs\/lignes-directrices-pour-les-traitements-medicaux-mtg\/syndrome-de-stress-post-traumatique-et-syndrome-de-stress-aigu\/medicaments\/anticonvulsivants-et-antipsychotiques\/","name":"Anticonvulsivants et antipsychotiques | Best Hip &amp; Knee Surgeon | NY, USA","isPartOf":{"@id":"https:\/\/www.newyorkhipknee.com\/fr\/#website"},"datePublished":"2023-12-26T18:39:32+00:00","description":"Anticonvulsivants La gabapentine n'est pas conseill\u00e9e pour traiter les patients souffrant de SSPT La lamotrigine n'est pas recommand\u00e9e pour les patients","breadcrumb":{"@id":"https:\/\/www.newyorkhipknee.com\/fr\/indemnisation-des-travailleurs\/lignes-directrices-pour-les-traitements-medicaux-mtg\/syndrome-de-stress-post-traumatique-et-syndrome-de-stress-aigu\/medicaments\/anticonvulsivants-et-antipsychotiques\/#breadcrumb"},"inLanguage":"fr-FR","potentialAction":[{"@type":"ReadAction","target":["https:\/\/www.newyorkhipknee.com\/fr\/indemnisation-des-travailleurs\/lignes-directrices-pour-les-traitements-medicaux-mtg\/syndrome-de-stress-post-traumatique-et-syndrome-de-stress-aigu\/medicaments\/anticonvulsivants-et-antipsychotiques\/"]}]},{"@type":"BreadcrumbList","@id":"https:\/\/www.newyorkhipknee.com\/fr\/indemnisation-des-travailleurs\/lignes-directrices-pour-les-traitements-medicaux-mtg\/syndrome-de-stress-post-traumatique-et-syndrome-de-stress-aigu\/medicaments\/anticonvulsivants-et-antipsychotiques\/#breadcrumb","itemListElement":[{"@type":"ListItem","position":1,"name":"Home","item":"https:\/\/www.newyorkhipknee.com\/fr\/"},{"@type":"ListItem","position":2,"name":"Indemnisation des travailleurs","item":"https:\/\/www.newyorkhipknee.com\/fr\/indemnisation-des-travailleurs\/"},{"@type":"ListItem","position":3,"name":"Lignes directrices pour les traitements m\u00e9dicaux (MTG)","item":"https:\/\/www.newyorkhipknee.com\/fr\/indemnisation-des-travailleurs\/lignes-directrices-pour-les-traitements-medicaux-mtg\/"},{"@type":"ListItem","position":4,"name":"Syndrome de stress post-traumatique et syndrome de stress aigu","item":"https:\/\/www.newyorkhipknee.com\/fr\/indemnisation-des-travailleurs\/lignes-directrices-pour-les-traitements-medicaux-mtg\/syndrome-de-stress-post-traumatique-et-syndrome-de-stress-aigu\/"},{"@type":"ListItem","position":5,"name":"M\u00e9dicaments","item":"https:\/\/www.newyorkhipknee.com\/fr\/indemnisation-des-travailleurs\/lignes-directrices-pour-les-traitements-medicaux-mtg\/syndrome-de-stress-post-traumatique-et-syndrome-de-stress-aigu\/medicaments\/"},{"@type":"ListItem","position":6,"name":"Anticonvulsivants et antipsychotiques"}]},{"@type":"WebSite","@id":"https:\/\/www.newyorkhipknee.com\/fr\/#website","url":"https:\/\/www.newyorkhipknee.com\/fr\/","name":"Best Hip & Knee Surgeon | NY, USA","description":"","potentialAction":[{"@type":"SearchAction","target":{"@type":"EntryPoint","urlTemplate":"https:\/\/www.newyorkhipknee.com\/fr\/?s={search_term_string}"},"query-input":{"@type":"PropertyValueSpecification","valueRequired":true,"valueName":"search_term_string"}}],"inLanguage":"fr-FR"}]}},"_links":{"self":[{"href":"https:\/\/www.newyorkhipknee.com\/fr\/wp-json\/wp\/v2\/pages\/21112","targetHints":{"allow":["GET"]}}],"collection":[{"href":"https:\/\/www.newyorkhipknee.com\/fr\/wp-json\/wp\/v2\/pages"}],"about":[{"href":"https:\/\/www.newyorkhipknee.com\/fr\/wp-json\/wp\/v2\/types\/page"}],"author":[{"embeddable":true,"href":"https:\/\/www.newyorkhipknee.com\/fr\/wp-json\/wp\/v2\/users\/33"}],"replies":[{"embeddable":true,"href":"https:\/\/www.newyorkhipknee.com\/fr\/wp-json\/wp\/v2\/comments?post=21112"}],"version-history":[{"count":0,"href":"https:\/\/www.newyorkhipknee.com\/fr\/wp-json\/wp\/v2\/pages\/21112\/revisions"}],"up":[{"embeddable":true,"href":"https:\/\/www.newyorkhipknee.com\/fr\/wp-json\/wp\/v2\/pages\/21317"}],"wp:attachment":[{"href":"https:\/\/www.newyorkhipknee.com\/fr\/wp-json\/wp\/v2\/media?parent=21112"}],"curies":[{"name":"wp","href":"https:\/\/api.w.org\/{rel}","templated":true}]}}