{"id":21117,"date":"2023-12-26T12:38:13","date_gmt":"2023-12-26T17:38:13","guid":{"rendered":"https:\/\/newyorkhipknee.com\/inhibiteurs-selectifs-de-la-recapture-de-la-serotonine-isrs\/"},"modified":"2023-12-26T12:38:13","modified_gmt":"2023-12-26T17:38:13","slug":"inhibiteurs-selectifs-de-la-recapture-de-la-serotonine-isrs","status":"publish","type":"page","link":"https:\/\/www.newyorkhipknee.com\/fr\/indemnisation-des-travailleurs\/lignes-directrices-pour-les-traitements-medicaux-mtg\/syndrome-de-stress-post-traumatique-et-syndrome-de-stress-aigu\/medicaments\/inhibiteurs-selectifs-de-la-recapture-de-la-serotonine-isrs\/","title":{"rendered":"Inhibiteurs s\u00e9lectifs de la recapture de la s\u00e9rotonine (ISRS)"},"content":{"rendered":"<h2><strong>Inhibiteurs s\u00e9lectifs de la recapture de la s\u00e9rotonine (ISRS)<\/strong><\/h2>\n<p>La <strong>sertraline<\/strong> est une bonne option pour traiter les personnes souffrant de SSPT, en particulier lorsque leurs sympt\u00f4mes n\u00e9cessitent un traitement m\u00e9dicamenteux. Vous pouvez reconsid\u00e9rer son utilisation si elle ne s&rsquo;av\u00e8re pas efficace, si elle entra\u00eene des effets secondaires ind\u00e9sirables ou si l&rsquo;\u00e9tat de stress post-traumatique s&rsquo;est am\u00e9lior\u00e9 au point que les m\u00e9dicaments ne sont plus n\u00e9cessaires.<\/p>\n<p>D&rsquo;autre part, la parox\u00e9tine est un autre choix recommand\u00e9, sp\u00e9cifiquement approuv\u00e9 par la FDA pour le traitement des patients souffrant de TSPT.<\/p>\n<p>La <strong>parox\u00e9tine<\/strong> est un choix solide, car elle a re\u00e7u le feu vert de la FDA pour le traitement des patients souffrant d&rsquo;un syndrome de stress post-traumatique (SSPT). C&rsquo;est l&rsquo;option choisie lorsque les sympt\u00f4mes du syndrome de stress post-traumatique sont suffisamment graves pour n\u00e9cessiter un traitement m\u00e9dicamenteux. Si le traitement n&rsquo;est pas efficace, s&rsquo;il provoque des effets ind\u00e9sirables ou si l&rsquo;\u00e9tat de stress post-traumatique s&rsquo;est am\u00e9lior\u00e9 au point que les m\u00e9dicaments ne sont plus n\u00e9cessaires, il est peut-\u00eatre temps d&rsquo;envisager d&rsquo;arr\u00eater.<\/p>\n<p>Il est donc essentiel d&rsquo;y aller doucement et de garder un \u0153il sur la situation pendant le processus de r\u00e9duction. En ce qui concerne les preuves \u00e0 l&rsquo;appui de l&rsquo;utilisation de la sertraline et de la parox\u00e9tine, il vaut la peine de les examiner.<\/p>\n<p>La <strong>fluox\u00e9tine<\/strong> est une recommandation solide pour traiter le SSPT chez les patients, en particulier lorsque les sympt\u00f4mes sont suffisamment intenses pour justifier la prise d&rsquo;un m\u00e9dicament. Son efficacit\u00e9 principale pourrait \u00eatre la pr\u00e9vention des rechutes. Si le m\u00e9dicament n&rsquo;est pas efficace, s&rsquo;il provoque des effets ind\u00e9sirables, s&rsquo;il n&rsquo;est pas respect\u00e9 ou si l&rsquo;\u00e9tat de stress post-traumatique s&rsquo;est am\u00e9lior\u00e9 au point que le m\u00e9dicament n&rsquo;est plus n\u00e9cessaire, il convient d&rsquo;envisager l&rsquo;arr\u00eat du traitement. En ce qui concerne les preuves \u00e0 l&rsquo;appui de l&rsquo;utilisation de la fluox\u00e9tine, c&rsquo;est une question \u00e0 approfondir.<\/p>\n<p>Cependant, la <strong>fluvoxamine<\/strong> n&rsquo;est pas le meilleur choix pour traiter le syndrome de stress post-traumatique. Les preuves \u00e0 l&rsquo;appui de son utilisation dans ce contexte ne sont pas solides.<\/p>\n<p>L&rsquo;<strong>escitalopram<\/strong> est une recommandation viable pour le traitement des patients souffrant de TSPT, en particulier en tant qu&rsquo;option de deuxi\u00e8me intention pour ceux qui n&rsquo;ont pas constat\u00e9 d&rsquo;am\u00e9lioration avec la sertraline. Il est recommand\u00e9 lorsque les sympt\u00f4mes du SSPT sont suffisamment importants pour n\u00e9cessiter un traitement m\u00e9dicamenteux, en particulier pour les personnes qui n&rsquo;ont pas bien r\u00e9pondu \u00e0 la sertraline.<\/p>\n<p>S&rsquo;il ne s&rsquo;av\u00e8re pas efficace, s&rsquo;il entra\u00eene des effets ind\u00e9sirables, s&rsquo;il fait face \u00e0 un manque d&rsquo;observance, ou si le syndrome de stress post-traumatique s&rsquo;est am\u00e9lior\u00e9 au point que le m\u00e9dicament n&rsquo;est plus n\u00e9cessaire, l&rsquo;arr\u00eat du traitement doit \u00eatre envisag\u00e9. L&rsquo;examen des donn\u00e9es probantes \u00e9tayant l&rsquo;utilisation de l&rsquo;escitalopram permet d&rsquo;en savoir plus sur son efficacit\u00e9.<\/p>\n<p>Le <strong>citalopram<\/strong> est recommand\u00e9 pour le traitement des patients souffrant de TSPT, en particulier comme option de deuxi\u00e8me intention pour ceux qui n&rsquo;ont pas constat\u00e9 d&rsquo;am\u00e9lioration avec la sertraline. Il est sugg\u00e9r\u00e9 lorsque les sympt\u00f4mes du SSPT sont suffisamment importants pour n\u00e9cessiter un traitement m\u00e9dicamenteux et qu&rsquo;ils n&rsquo;ont pas r\u00e9pondu \u00e0 la sertraline.<\/p>\n<p>S&rsquo;il s&rsquo;av\u00e8re inefficace, s&rsquo;il provoque des effets ind\u00e9sirables, s&rsquo;il est confront\u00e9 \u00e0 un manque d&rsquo;observance ou si l&rsquo;\u00e9tat de stress post-traumatique s&rsquo;est am\u00e9lior\u00e9 au point que le m\u00e9dicament n&rsquo;est plus n\u00e9cessaire, il est conseill\u00e9 d&rsquo;arr\u00eater le traitement.<\/p>\n<p>La <strong>vilazodone<\/strong> n&rsquo;est pas recommand\u00e9e pour le traitement des patients souffrant d&rsquo;un syndrome de stress post-traumatique.<\/p>\n","protected":false},"excerpt":{"rendered":"<p>Inhibiteurs s\u00e9lectifs de la recapture de la s\u00e9rotonine (ISRS) La sertraline est une bonne option pour traiter les personnes souffrant de SSPT, en particulier lorsque leurs sympt\u00f4mes n\u00e9cessitent un traitement m\u00e9dicamenteux. Vous pouvez reconsid\u00e9rer son utilisation si elle ne s&rsquo;av\u00e8re pas efficace, si elle entra\u00eene des effets secondaires ind\u00e9sirables ou si l&rsquo;\u00e9tat de stress post-traumatique [&hellip;]<\/p>\n","protected":false},"author":33,"featured_media":0,"parent":21317,"menu_order":0,"comment_status":"closed","ping_status":"closed","template":"","meta":{"_et_pb_use_builder":"","_et_pb_old_content":"","_et_gb_content_width":"","footnotes":""},"class_list":["post-21117","page","type-page","status-publish","hentry"],"yoast_head":"<!-- This site is optimized with the Yoast SEO plugin v27.2 - https:\/\/yoast.com\/product\/yoast-seo-wordpress\/ -->\n<title>Inhibiteurs s\u00e9lectifs de la recapture de la s\u00e9rotonine (ISRS) | Best Hip &amp; Knee Surgeon | NY, USA<\/title>\n<meta name=\"description\" content=\"Inhibiteurs s\u00e9lectifs de la recapture de la s\u00e9rotonine (ISRS) La sertraline est une bonne option pour traiter les personnes souffrant de SSPT, en\" \/>\n<meta name=\"robots\" content=\"index, follow, max-snippet:-1, max-image-preview:large, max-video-preview:-1\" \/>\n<link rel=\"canonical\" href=\"https:\/\/www.newyorkhipknee.com\/fr\/indemnisation-des-travailleurs\/lignes-directrices-pour-les-traitements-medicaux-mtg\/syndrome-de-stress-post-traumatique-et-syndrome-de-stress-aigu\/medicaments\/inhibiteurs-selectifs-de-la-recapture-de-la-serotonine-isrs\/\" \/>\n<meta property=\"og:locale\" content=\"fr_FR\" \/>\n<meta property=\"og:type\" content=\"article\" \/>\n<meta property=\"og:title\" content=\"Inhibiteurs s\u00e9lectifs de la recapture de la s\u00e9rotonine (ISRS) | Best Hip &amp; Knee Surgeon | NY, USA\" \/>\n<meta property=\"og:description\" content=\"Inhibiteurs s\u00e9lectifs de la recapture de la s\u00e9rotonine (ISRS) La sertraline est une bonne option pour traiter les personnes souffrant de SSPT, en\" \/>\n<meta property=\"og:url\" content=\"https:\/\/www.newyorkhipknee.com\/fr\/indemnisation-des-travailleurs\/lignes-directrices-pour-les-traitements-medicaux-mtg\/syndrome-de-stress-post-traumatique-et-syndrome-de-stress-aigu\/medicaments\/inhibiteurs-selectifs-de-la-recapture-de-la-serotonine-isrs\/\" \/>\n<meta property=\"og:site_name\" content=\"Best Hip &amp; Knee Surgeon | NY, USA\" \/>\n<meta name=\"twitter:card\" content=\"summary_large_image\" \/>\n<meta name=\"twitter:label1\" content=\"Dur\u00e9e de lecture estim\u00e9e\" \/>\n\t<meta name=\"twitter:data1\" content=\"3 minutes\" \/>\n<script type=\"application\/ld+json\" class=\"yoast-schema-graph\">{\"@context\":\"https:\/\/schema.org\",\"@graph\":[{\"@type\":[\"WebPage\",\"MedicalWebPage\"],\"@id\":\"https:\/\/www.newyorkhipknee.com\/fr\/indemnisation-des-travailleurs\/lignes-directrices-pour-les-traitements-medicaux-mtg\/syndrome-de-stress-post-traumatique-et-syndrome-de-stress-aigu\/medicaments\/inhibiteurs-selectifs-de-la-recapture-de-la-serotonine-isrs\/\",\"url\":\"https:\/\/www.newyorkhipknee.com\/fr\/indemnisation-des-travailleurs\/lignes-directrices-pour-les-traitements-medicaux-mtg\/syndrome-de-stress-post-traumatique-et-syndrome-de-stress-aigu\/medicaments\/inhibiteurs-selectifs-de-la-recapture-de-la-serotonine-isrs\/\",\"name\":\"Inhibiteurs s\u00e9lectifs de la recapture de la s\u00e9rotonine (ISRS) | Best Hip &amp; Knee Surgeon | NY, USA\",\"isPartOf\":{\"@id\":\"https:\/\/www.newyorkhipknee.com\/fr\/#website\"},\"datePublished\":\"2023-12-26T17:38:13+00:00\",\"description\":\"Inhibiteurs s\u00e9lectifs de la recapture de la s\u00e9rotonine (ISRS) La sertraline est une bonne option pour traiter les personnes souffrant de SSPT, en\",\"breadcrumb\":{\"@id\":\"https:\/\/www.newyorkhipknee.com\/fr\/indemnisation-des-travailleurs\/lignes-directrices-pour-les-traitements-medicaux-mtg\/syndrome-de-stress-post-traumatique-et-syndrome-de-stress-aigu\/medicaments\/inhibiteurs-selectifs-de-la-recapture-de-la-serotonine-isrs\/#breadcrumb\"},\"inLanguage\":\"fr-FR\",\"potentialAction\":[{\"@type\":\"ReadAction\",\"target\":[\"https:\/\/www.newyorkhipknee.com\/fr\/indemnisation-des-travailleurs\/lignes-directrices-pour-les-traitements-medicaux-mtg\/syndrome-de-stress-post-traumatique-et-syndrome-de-stress-aigu\/medicaments\/inhibiteurs-selectifs-de-la-recapture-de-la-serotonine-isrs\/\"]}]},{\"@type\":\"BreadcrumbList\",\"@id\":\"https:\/\/www.newyorkhipknee.com\/fr\/indemnisation-des-travailleurs\/lignes-directrices-pour-les-traitements-medicaux-mtg\/syndrome-de-stress-post-traumatique-et-syndrome-de-stress-aigu\/medicaments\/inhibiteurs-selectifs-de-la-recapture-de-la-serotonine-isrs\/#breadcrumb\",\"itemListElement\":[{\"@type\":\"ListItem\",\"position\":1,\"name\":\"Home\",\"item\":\"https:\/\/www.newyorkhipknee.com\/fr\/\"},{\"@type\":\"ListItem\",\"position\":2,\"name\":\"Indemnisation des travailleurs\",\"item\":\"https:\/\/www.newyorkhipknee.com\/fr\/indemnisation-des-travailleurs\/\"},{\"@type\":\"ListItem\",\"position\":3,\"name\":\"Lignes directrices pour les traitements m\u00e9dicaux (MTG)\",\"item\":\"https:\/\/www.newyorkhipknee.com\/fr\/indemnisation-des-travailleurs\/lignes-directrices-pour-les-traitements-medicaux-mtg\/\"},{\"@type\":\"ListItem\",\"position\":4,\"name\":\"Syndrome de stress post-traumatique et syndrome de stress aigu\",\"item\":\"https:\/\/www.newyorkhipknee.com\/fr\/indemnisation-des-travailleurs\/lignes-directrices-pour-les-traitements-medicaux-mtg\/syndrome-de-stress-post-traumatique-et-syndrome-de-stress-aigu\/\"},{\"@type\":\"ListItem\",\"position\":5,\"name\":\"M\u00e9dicaments\",\"item\":\"https:\/\/www.newyorkhipknee.com\/fr\/indemnisation-des-travailleurs\/lignes-directrices-pour-les-traitements-medicaux-mtg\/syndrome-de-stress-post-traumatique-et-syndrome-de-stress-aigu\/medicaments\/\"},{\"@type\":\"ListItem\",\"position\":6,\"name\":\"Inhibiteurs s\u00e9lectifs de la recapture de la s\u00e9rotonine (ISRS)\"}]},{\"@type\":\"WebSite\",\"@id\":\"https:\/\/www.newyorkhipknee.com\/fr\/#website\",\"url\":\"https:\/\/www.newyorkhipknee.com\/fr\/\",\"name\":\"Best Hip & Knee Surgeon | NY, USA\",\"description\":\"\",\"potentialAction\":[{\"@type\":\"SearchAction\",\"target\":{\"@type\":\"EntryPoint\",\"urlTemplate\":\"https:\/\/www.newyorkhipknee.com\/fr\/?s={search_term_string}\"},\"query-input\":{\"@type\":\"PropertyValueSpecification\",\"valueRequired\":true,\"valueName\":\"search_term_string\"}}],\"inLanguage\":\"fr-FR\"}]}<\/script>\n<!-- \/ Yoast SEO plugin. -->","yoast_head_json":{"title":"Inhibiteurs s\u00e9lectifs de la recapture de la s\u00e9rotonine (ISRS) | Best Hip &amp; Knee Surgeon | NY, USA","description":"Inhibiteurs s\u00e9lectifs de la recapture de la s\u00e9rotonine (ISRS) La sertraline est une bonne option pour traiter les personnes souffrant de SSPT, en","robots":{"index":"index","follow":"follow","max-snippet":"max-snippet:-1","max-image-preview":"max-image-preview:large","max-video-preview":"max-video-preview:-1"},"canonical":"https:\/\/www.newyorkhipknee.com\/fr\/indemnisation-des-travailleurs\/lignes-directrices-pour-les-traitements-medicaux-mtg\/syndrome-de-stress-post-traumatique-et-syndrome-de-stress-aigu\/medicaments\/inhibiteurs-selectifs-de-la-recapture-de-la-serotonine-isrs\/","og_locale":"fr_FR","og_type":"article","og_title":"Inhibiteurs s\u00e9lectifs de la recapture de la s\u00e9rotonine (ISRS) | Best Hip &amp; Knee Surgeon | NY, USA","og_description":"Inhibiteurs s\u00e9lectifs de la recapture de la s\u00e9rotonine (ISRS) La sertraline est une bonne option pour traiter les personnes souffrant de SSPT, en","og_url":"https:\/\/www.newyorkhipknee.com\/fr\/indemnisation-des-travailleurs\/lignes-directrices-pour-les-traitements-medicaux-mtg\/syndrome-de-stress-post-traumatique-et-syndrome-de-stress-aigu\/medicaments\/inhibiteurs-selectifs-de-la-recapture-de-la-serotonine-isrs\/","og_site_name":"Best Hip &amp; Knee Surgeon | NY, USA","twitter_card":"summary_large_image","twitter_misc":{"Dur\u00e9e de lecture estim\u00e9e":"3 minutes"},"schema":{"@context":"https:\/\/schema.org","@graph":[{"@type":["WebPage","MedicalWebPage"],"@id":"https:\/\/www.newyorkhipknee.com\/fr\/indemnisation-des-travailleurs\/lignes-directrices-pour-les-traitements-medicaux-mtg\/syndrome-de-stress-post-traumatique-et-syndrome-de-stress-aigu\/medicaments\/inhibiteurs-selectifs-de-la-recapture-de-la-serotonine-isrs\/","url":"https:\/\/www.newyorkhipknee.com\/fr\/indemnisation-des-travailleurs\/lignes-directrices-pour-les-traitements-medicaux-mtg\/syndrome-de-stress-post-traumatique-et-syndrome-de-stress-aigu\/medicaments\/inhibiteurs-selectifs-de-la-recapture-de-la-serotonine-isrs\/","name":"Inhibiteurs s\u00e9lectifs de la recapture de la s\u00e9rotonine (ISRS) | Best Hip &amp; Knee Surgeon | NY, USA","isPartOf":{"@id":"https:\/\/www.newyorkhipknee.com\/fr\/#website"},"datePublished":"2023-12-26T17:38:13+00:00","description":"Inhibiteurs s\u00e9lectifs de la recapture de la s\u00e9rotonine (ISRS) La sertraline est une bonne option pour traiter les personnes souffrant de SSPT, en","breadcrumb":{"@id":"https:\/\/www.newyorkhipknee.com\/fr\/indemnisation-des-travailleurs\/lignes-directrices-pour-les-traitements-medicaux-mtg\/syndrome-de-stress-post-traumatique-et-syndrome-de-stress-aigu\/medicaments\/inhibiteurs-selectifs-de-la-recapture-de-la-serotonine-isrs\/#breadcrumb"},"inLanguage":"fr-FR","potentialAction":[{"@type":"ReadAction","target":["https:\/\/www.newyorkhipknee.com\/fr\/indemnisation-des-travailleurs\/lignes-directrices-pour-les-traitements-medicaux-mtg\/syndrome-de-stress-post-traumatique-et-syndrome-de-stress-aigu\/medicaments\/inhibiteurs-selectifs-de-la-recapture-de-la-serotonine-isrs\/"]}]},{"@type":"BreadcrumbList","@id":"https:\/\/www.newyorkhipknee.com\/fr\/indemnisation-des-travailleurs\/lignes-directrices-pour-les-traitements-medicaux-mtg\/syndrome-de-stress-post-traumatique-et-syndrome-de-stress-aigu\/medicaments\/inhibiteurs-selectifs-de-la-recapture-de-la-serotonine-isrs\/#breadcrumb","itemListElement":[{"@type":"ListItem","position":1,"name":"Home","item":"https:\/\/www.newyorkhipknee.com\/fr\/"},{"@type":"ListItem","position":2,"name":"Indemnisation des travailleurs","item":"https:\/\/www.newyorkhipknee.com\/fr\/indemnisation-des-travailleurs\/"},{"@type":"ListItem","position":3,"name":"Lignes directrices pour les traitements m\u00e9dicaux (MTG)","item":"https:\/\/www.newyorkhipknee.com\/fr\/indemnisation-des-travailleurs\/lignes-directrices-pour-les-traitements-medicaux-mtg\/"},{"@type":"ListItem","position":4,"name":"Syndrome de stress post-traumatique et syndrome de stress aigu","item":"https:\/\/www.newyorkhipknee.com\/fr\/indemnisation-des-travailleurs\/lignes-directrices-pour-les-traitements-medicaux-mtg\/syndrome-de-stress-post-traumatique-et-syndrome-de-stress-aigu\/"},{"@type":"ListItem","position":5,"name":"M\u00e9dicaments","item":"https:\/\/www.newyorkhipknee.com\/fr\/indemnisation-des-travailleurs\/lignes-directrices-pour-les-traitements-medicaux-mtg\/syndrome-de-stress-post-traumatique-et-syndrome-de-stress-aigu\/medicaments\/"},{"@type":"ListItem","position":6,"name":"Inhibiteurs s\u00e9lectifs de la recapture de la s\u00e9rotonine (ISRS)"}]},{"@type":"WebSite","@id":"https:\/\/www.newyorkhipknee.com\/fr\/#website","url":"https:\/\/www.newyorkhipknee.com\/fr\/","name":"Best Hip & Knee Surgeon | NY, USA","description":"","potentialAction":[{"@type":"SearchAction","target":{"@type":"EntryPoint","urlTemplate":"https:\/\/www.newyorkhipknee.com\/fr\/?s={search_term_string}"},"query-input":{"@type":"PropertyValueSpecification","valueRequired":true,"valueName":"search_term_string"}}],"inLanguage":"fr-FR"}]}},"_links":{"self":[{"href":"https:\/\/www.newyorkhipknee.com\/fr\/wp-json\/wp\/v2\/pages\/21117","targetHints":{"allow":["GET"]}}],"collection":[{"href":"https:\/\/www.newyorkhipknee.com\/fr\/wp-json\/wp\/v2\/pages"}],"about":[{"href":"https:\/\/www.newyorkhipknee.com\/fr\/wp-json\/wp\/v2\/types\/page"}],"author":[{"embeddable":true,"href":"https:\/\/www.newyorkhipknee.com\/fr\/wp-json\/wp\/v2\/users\/33"}],"replies":[{"embeddable":true,"href":"https:\/\/www.newyorkhipknee.com\/fr\/wp-json\/wp\/v2\/comments?post=21117"}],"version-history":[{"count":0,"href":"https:\/\/www.newyorkhipknee.com\/fr\/wp-json\/wp\/v2\/pages\/21117\/revisions"}],"up":[{"embeddable":true,"href":"https:\/\/www.newyorkhipknee.com\/fr\/wp-json\/wp\/v2\/pages\/21317"}],"wp:attachment":[{"href":"https:\/\/www.newyorkhipknee.com\/fr\/wp-json\/wp\/v2\/media?parent=21117"}],"curies":[{"name":"wp","href":"https:\/\/api.w.org\/{rel}","templated":true}]}}