{"id":21118,"date":"2023-12-26T13:14:09","date_gmt":"2023-12-26T18:14:09","guid":{"rendered":"https:\/\/newyorkhipknee.com\/inhibiteurs-de-la-recapture-de-la-serotonine-et-de-la-noradrenaline-irsn\/"},"modified":"2023-12-26T13:14:09","modified_gmt":"2023-12-26T18:14:09","slug":"inhibiteurs-de-la-recapture-de-la-serotonine-et-de-la-noradrenaline-irsn","status":"publish","type":"page","link":"https:\/\/www.newyorkhipknee.com\/fr\/indemnisation-des-travailleurs\/lignes-directrices-pour-les-traitements-medicaux-mtg\/syndrome-de-stress-post-traumatique-et-syndrome-de-stress-aigu\/medicaments\/inhibiteurs-de-la-recapture-de-la-serotonine-et-de-la-noradrenaline-irsn\/","title":{"rendered":"Inhibiteurs de la recapture de la s\u00e9rotonine et de la noradr\u00e9naline (IRSN)"},"content":{"rendered":"<h2><strong>Inhibiteurs de la recapture de la s\u00e9rotonine et de la noradr\u00e9naline (IRSN)<\/strong><\/h2>\n<p>La <strong>venlafaxine<\/strong> est une option recommand\u00e9e pour le traitement des patients souffrant de SSPT, en particulier lorsque les sympt\u00f4mes sont suffisamment importants pour n\u00e9cessiter un traitement m\u00e9dicamenteux.<\/p>\n<p>C&rsquo;est un choix appropri\u00e9, sauf en cas de manque d&rsquo;efficacit\u00e9, d&rsquo;effets ind\u00e9sirables, de non-observance ou si la r\u00e9solution du syndrome de stress post-traumatique atteint un point tel que la m\u00e9dication n&rsquo;est plus n\u00e9cessaire. L&rsquo;examen des donn\u00e9es probantes \u00e9tayant l&rsquo;utilisation de la venlafaxine permet de mieux comprendre son efficacit\u00e9.<\/p>\n","protected":false},"excerpt":{"rendered":"<p>Inhibiteurs de la recapture de la s\u00e9rotonine et de la noradr\u00e9naline (IRSN) La venlafaxine est une option recommand\u00e9e pour le traitement des patients souffrant de SSPT, en particulier lorsque les sympt\u00f4mes sont suffisamment importants pour n\u00e9cessiter un traitement m\u00e9dicamenteux. C&rsquo;est un choix appropri\u00e9, sauf en cas de manque d&rsquo;efficacit\u00e9, d&rsquo;effets ind\u00e9sirables, de non-observance ou si [&hellip;]<\/p>\n","protected":false},"author":33,"featured_media":0,"parent":21317,"menu_order":0,"comment_status":"closed","ping_status":"closed","template":"","meta":{"_et_pb_use_builder":"","_et_pb_old_content":"","_et_gb_content_width":"","footnotes":""},"class_list":["post-21118","page","type-page","status-publish","hentry"],"yoast_head":"<!-- This site is optimized with the Yoast SEO plugin v27.2 - https:\/\/yoast.com\/product\/yoast-seo-wordpress\/ -->\n<title>Inhibiteurs de la recapture de la s\u00e9rotonine et de la noradr\u00e9naline (IRSN) | Best Hip &amp; Knee Surgeon | NY, USA<\/title>\n<meta name=\"description\" content=\"Inhibiteurs de la recapture de la s\u00e9rotonine et de la noradr\u00e9naline (IRSN) La venlafaxine est une option recommand\u00e9e pour le traitement des patients\" \/>\n<meta name=\"robots\" content=\"index, follow, max-snippet:-1, max-image-preview:large, max-video-preview:-1\" \/>\n<link rel=\"canonical\" href=\"https:\/\/www.newyorkhipknee.com\/fr\/indemnisation-des-travailleurs\/lignes-directrices-pour-les-traitements-medicaux-mtg\/syndrome-de-stress-post-traumatique-et-syndrome-de-stress-aigu\/medicaments\/inhibiteurs-de-la-recapture-de-la-serotonine-et-de-la-noradrenaline-irsn\/\" \/>\n<meta property=\"og:locale\" content=\"fr_FR\" \/>\n<meta property=\"og:type\" content=\"article\" \/>\n<meta property=\"og:title\" content=\"Inhibiteurs de la recapture de la s\u00e9rotonine et de la noradr\u00e9naline (IRSN) | Best Hip &amp; Knee Surgeon | NY, USA\" \/>\n<meta property=\"og:description\" content=\"Inhibiteurs de la recapture de la s\u00e9rotonine et de la noradr\u00e9naline (IRSN) La venlafaxine est une option recommand\u00e9e pour le traitement des patients\" \/>\n<meta property=\"og:url\" content=\"https:\/\/www.newyorkhipknee.com\/fr\/indemnisation-des-travailleurs\/lignes-directrices-pour-les-traitements-medicaux-mtg\/syndrome-de-stress-post-traumatique-et-syndrome-de-stress-aigu\/medicaments\/inhibiteurs-de-la-recapture-de-la-serotonine-et-de-la-noradrenaline-irsn\/\" \/>\n<meta property=\"og:site_name\" content=\"Best Hip &amp; Knee Surgeon | NY, USA\" \/>\n<meta name=\"twitter:card\" content=\"summary_large_image\" \/>\n<script type=\"application\/ld+json\" class=\"yoast-schema-graph\">{\"@context\":\"https:\/\/schema.org\",\"@graph\":[{\"@type\":[\"WebPage\",\"MedicalWebPage\"],\"@id\":\"https:\/\/www.newyorkhipknee.com\/fr\/indemnisation-des-travailleurs\/lignes-directrices-pour-les-traitements-medicaux-mtg\/syndrome-de-stress-post-traumatique-et-syndrome-de-stress-aigu\/medicaments\/inhibiteurs-de-la-recapture-de-la-serotonine-et-de-la-noradrenaline-irsn\/\",\"url\":\"https:\/\/www.newyorkhipknee.com\/fr\/indemnisation-des-travailleurs\/lignes-directrices-pour-les-traitements-medicaux-mtg\/syndrome-de-stress-post-traumatique-et-syndrome-de-stress-aigu\/medicaments\/inhibiteurs-de-la-recapture-de-la-serotonine-et-de-la-noradrenaline-irsn\/\",\"name\":\"Inhibiteurs de la recapture de la s\u00e9rotonine et de la noradr\u00e9naline (IRSN) | Best Hip &amp; Knee Surgeon | NY, USA\",\"isPartOf\":{\"@id\":\"https:\/\/www.newyorkhipknee.com\/fr\/#website\"},\"datePublished\":\"2023-12-26T18:14:09+00:00\",\"description\":\"Inhibiteurs de la recapture de la s\u00e9rotonine et de la noradr\u00e9naline (IRSN) La venlafaxine est une option recommand\u00e9e pour le traitement des patients\",\"breadcrumb\":{\"@id\":\"https:\/\/www.newyorkhipknee.com\/fr\/indemnisation-des-travailleurs\/lignes-directrices-pour-les-traitements-medicaux-mtg\/syndrome-de-stress-post-traumatique-et-syndrome-de-stress-aigu\/medicaments\/inhibiteurs-de-la-recapture-de-la-serotonine-et-de-la-noradrenaline-irsn\/#breadcrumb\"},\"inLanguage\":\"fr-FR\",\"potentialAction\":[{\"@type\":\"ReadAction\",\"target\":[\"https:\/\/www.newyorkhipknee.com\/fr\/indemnisation-des-travailleurs\/lignes-directrices-pour-les-traitements-medicaux-mtg\/syndrome-de-stress-post-traumatique-et-syndrome-de-stress-aigu\/medicaments\/inhibiteurs-de-la-recapture-de-la-serotonine-et-de-la-noradrenaline-irsn\/\"]}]},{\"@type\":\"BreadcrumbList\",\"@id\":\"https:\/\/www.newyorkhipknee.com\/fr\/indemnisation-des-travailleurs\/lignes-directrices-pour-les-traitements-medicaux-mtg\/syndrome-de-stress-post-traumatique-et-syndrome-de-stress-aigu\/medicaments\/inhibiteurs-de-la-recapture-de-la-serotonine-et-de-la-noradrenaline-irsn\/#breadcrumb\",\"itemListElement\":[{\"@type\":\"ListItem\",\"position\":1,\"name\":\"Home\",\"item\":\"https:\/\/www.newyorkhipknee.com\/fr\/\"},{\"@type\":\"ListItem\",\"position\":2,\"name\":\"Indemnisation des travailleurs\",\"item\":\"https:\/\/www.newyorkhipknee.com\/fr\/indemnisation-des-travailleurs\/\"},{\"@type\":\"ListItem\",\"position\":3,\"name\":\"Lignes directrices pour les traitements m\u00e9dicaux (MTG)\",\"item\":\"https:\/\/www.newyorkhipknee.com\/fr\/indemnisation-des-travailleurs\/lignes-directrices-pour-les-traitements-medicaux-mtg\/\"},{\"@type\":\"ListItem\",\"position\":4,\"name\":\"Syndrome de stress post-traumatique et syndrome de stress aigu\",\"item\":\"https:\/\/www.newyorkhipknee.com\/fr\/indemnisation-des-travailleurs\/lignes-directrices-pour-les-traitements-medicaux-mtg\/syndrome-de-stress-post-traumatique-et-syndrome-de-stress-aigu\/\"},{\"@type\":\"ListItem\",\"position\":5,\"name\":\"M\u00e9dicaments\",\"item\":\"https:\/\/www.newyorkhipknee.com\/fr\/indemnisation-des-travailleurs\/lignes-directrices-pour-les-traitements-medicaux-mtg\/syndrome-de-stress-post-traumatique-et-syndrome-de-stress-aigu\/medicaments\/\"},{\"@type\":\"ListItem\",\"position\":6,\"name\":\"Inhibiteurs de la recapture de la s\u00e9rotonine et de la noradr\u00e9naline (IRSN)\"}]},{\"@type\":\"WebSite\",\"@id\":\"https:\/\/www.newyorkhipknee.com\/fr\/#website\",\"url\":\"https:\/\/www.newyorkhipknee.com\/fr\/\",\"name\":\"Best Hip & Knee Surgeon | NY, USA\",\"description\":\"\",\"potentialAction\":[{\"@type\":\"SearchAction\",\"target\":{\"@type\":\"EntryPoint\",\"urlTemplate\":\"https:\/\/www.newyorkhipknee.com\/fr\/?s={search_term_string}\"},\"query-input\":{\"@type\":\"PropertyValueSpecification\",\"valueRequired\":true,\"valueName\":\"search_term_string\"}}],\"inLanguage\":\"fr-FR\"}]}<\/script>\n<!-- \/ Yoast SEO plugin. -->","yoast_head_json":{"title":"Inhibiteurs de la recapture de la s\u00e9rotonine et de la noradr\u00e9naline (IRSN) | Best Hip &amp; Knee Surgeon | NY, USA","description":"Inhibiteurs de la recapture de la s\u00e9rotonine et de la noradr\u00e9naline (IRSN) La venlafaxine est une option recommand\u00e9e pour le traitement des patients","robots":{"index":"index","follow":"follow","max-snippet":"max-snippet:-1","max-image-preview":"max-image-preview:large","max-video-preview":"max-video-preview:-1"},"canonical":"https:\/\/www.newyorkhipknee.com\/fr\/indemnisation-des-travailleurs\/lignes-directrices-pour-les-traitements-medicaux-mtg\/syndrome-de-stress-post-traumatique-et-syndrome-de-stress-aigu\/medicaments\/inhibiteurs-de-la-recapture-de-la-serotonine-et-de-la-noradrenaline-irsn\/","og_locale":"fr_FR","og_type":"article","og_title":"Inhibiteurs de la recapture de la s\u00e9rotonine et de la noradr\u00e9naline (IRSN) | Best Hip &amp; Knee Surgeon | NY, USA","og_description":"Inhibiteurs de la recapture de la s\u00e9rotonine et de la noradr\u00e9naline (IRSN) La venlafaxine est une option recommand\u00e9e pour le traitement des patients","og_url":"https:\/\/www.newyorkhipknee.com\/fr\/indemnisation-des-travailleurs\/lignes-directrices-pour-les-traitements-medicaux-mtg\/syndrome-de-stress-post-traumatique-et-syndrome-de-stress-aigu\/medicaments\/inhibiteurs-de-la-recapture-de-la-serotonine-et-de-la-noradrenaline-irsn\/","og_site_name":"Best Hip &amp; Knee Surgeon | NY, USA","twitter_card":"summary_large_image","schema":{"@context":"https:\/\/schema.org","@graph":[{"@type":["WebPage","MedicalWebPage"],"@id":"https:\/\/www.newyorkhipknee.com\/fr\/indemnisation-des-travailleurs\/lignes-directrices-pour-les-traitements-medicaux-mtg\/syndrome-de-stress-post-traumatique-et-syndrome-de-stress-aigu\/medicaments\/inhibiteurs-de-la-recapture-de-la-serotonine-et-de-la-noradrenaline-irsn\/","url":"https:\/\/www.newyorkhipknee.com\/fr\/indemnisation-des-travailleurs\/lignes-directrices-pour-les-traitements-medicaux-mtg\/syndrome-de-stress-post-traumatique-et-syndrome-de-stress-aigu\/medicaments\/inhibiteurs-de-la-recapture-de-la-serotonine-et-de-la-noradrenaline-irsn\/","name":"Inhibiteurs de la recapture de la s\u00e9rotonine et de la noradr\u00e9naline (IRSN) | Best Hip &amp; Knee Surgeon | NY, USA","isPartOf":{"@id":"https:\/\/www.newyorkhipknee.com\/fr\/#website"},"datePublished":"2023-12-26T18:14:09+00:00","description":"Inhibiteurs de la recapture de la s\u00e9rotonine et de la noradr\u00e9naline (IRSN) La venlafaxine est une option recommand\u00e9e pour le traitement des patients","breadcrumb":{"@id":"https:\/\/www.newyorkhipknee.com\/fr\/indemnisation-des-travailleurs\/lignes-directrices-pour-les-traitements-medicaux-mtg\/syndrome-de-stress-post-traumatique-et-syndrome-de-stress-aigu\/medicaments\/inhibiteurs-de-la-recapture-de-la-serotonine-et-de-la-noradrenaline-irsn\/#breadcrumb"},"inLanguage":"fr-FR","potentialAction":[{"@type":"ReadAction","target":["https:\/\/www.newyorkhipknee.com\/fr\/indemnisation-des-travailleurs\/lignes-directrices-pour-les-traitements-medicaux-mtg\/syndrome-de-stress-post-traumatique-et-syndrome-de-stress-aigu\/medicaments\/inhibiteurs-de-la-recapture-de-la-serotonine-et-de-la-noradrenaline-irsn\/"]}]},{"@type":"BreadcrumbList","@id":"https:\/\/www.newyorkhipknee.com\/fr\/indemnisation-des-travailleurs\/lignes-directrices-pour-les-traitements-medicaux-mtg\/syndrome-de-stress-post-traumatique-et-syndrome-de-stress-aigu\/medicaments\/inhibiteurs-de-la-recapture-de-la-serotonine-et-de-la-noradrenaline-irsn\/#breadcrumb","itemListElement":[{"@type":"ListItem","position":1,"name":"Home","item":"https:\/\/www.newyorkhipknee.com\/fr\/"},{"@type":"ListItem","position":2,"name":"Indemnisation des travailleurs","item":"https:\/\/www.newyorkhipknee.com\/fr\/indemnisation-des-travailleurs\/"},{"@type":"ListItem","position":3,"name":"Lignes directrices pour les traitements m\u00e9dicaux (MTG)","item":"https:\/\/www.newyorkhipknee.com\/fr\/indemnisation-des-travailleurs\/lignes-directrices-pour-les-traitements-medicaux-mtg\/"},{"@type":"ListItem","position":4,"name":"Syndrome de stress post-traumatique et syndrome de stress aigu","item":"https:\/\/www.newyorkhipknee.com\/fr\/indemnisation-des-travailleurs\/lignes-directrices-pour-les-traitements-medicaux-mtg\/syndrome-de-stress-post-traumatique-et-syndrome-de-stress-aigu\/"},{"@type":"ListItem","position":5,"name":"M\u00e9dicaments","item":"https:\/\/www.newyorkhipknee.com\/fr\/indemnisation-des-travailleurs\/lignes-directrices-pour-les-traitements-medicaux-mtg\/syndrome-de-stress-post-traumatique-et-syndrome-de-stress-aigu\/medicaments\/"},{"@type":"ListItem","position":6,"name":"Inhibiteurs de la recapture de la s\u00e9rotonine et de la noradr\u00e9naline (IRSN)"}]},{"@type":"WebSite","@id":"https:\/\/www.newyorkhipknee.com\/fr\/#website","url":"https:\/\/www.newyorkhipknee.com\/fr\/","name":"Best Hip & Knee Surgeon | NY, USA","description":"","potentialAction":[{"@type":"SearchAction","target":{"@type":"EntryPoint","urlTemplate":"https:\/\/www.newyorkhipknee.com\/fr\/?s={search_term_string}"},"query-input":{"@type":"PropertyValueSpecification","valueRequired":true,"valueName":"search_term_string"}}],"inLanguage":"fr-FR"}]}},"_links":{"self":[{"href":"https:\/\/www.newyorkhipknee.com\/fr\/wp-json\/wp\/v2\/pages\/21118","targetHints":{"allow":["GET"]}}],"collection":[{"href":"https:\/\/www.newyorkhipknee.com\/fr\/wp-json\/wp\/v2\/pages"}],"about":[{"href":"https:\/\/www.newyorkhipknee.com\/fr\/wp-json\/wp\/v2\/types\/page"}],"author":[{"embeddable":true,"href":"https:\/\/www.newyorkhipknee.com\/fr\/wp-json\/wp\/v2\/users\/33"}],"replies":[{"embeddable":true,"href":"https:\/\/www.newyorkhipknee.com\/fr\/wp-json\/wp\/v2\/comments?post=21118"}],"version-history":[{"count":0,"href":"https:\/\/www.newyorkhipknee.com\/fr\/wp-json\/wp\/v2\/pages\/21118\/revisions"}],"up":[{"embeddable":true,"href":"https:\/\/www.newyorkhipknee.com\/fr\/wp-json\/wp\/v2\/pages\/21317"}],"wp:attachment":[{"href":"https:\/\/www.newyorkhipknee.com\/fr\/wp-json\/wp\/v2\/media?parent=21118"}],"curies":[{"name":"wp","href":"https:\/\/api.w.org\/{rel}","templated":true}]}}