{"id":21122,"date":"2023-12-26T13:16:41","date_gmt":"2023-12-26T18:16:41","guid":{"rendered":"https:\/\/newyorkhipknee.com\/antidepresseurs-tricycliques-atc\/"},"modified":"2023-12-26T13:16:41","modified_gmt":"2023-12-26T18:16:41","slug":"antidepresseurs-tricycliques-atc","status":"publish","type":"page","link":"https:\/\/www.newyorkhipknee.com\/fr\/indemnisation-des-travailleurs\/lignes-directrices-pour-les-traitements-medicaux-mtg\/syndrome-de-stress-post-traumatique-et-syndrome-de-stress-aigu\/medicaments\/antidepresseurs-tricycliques-atc\/","title":{"rendered":"Antid\u00e9presseurs tricycliques (ATC)"},"content":{"rendered":"<h2><strong>Antid\u00e9presseurs tricycliques (ATC)<\/strong><\/h2>\n<p>L&rsquo;<strong>amitriptyline<\/strong> n&rsquo;est pas conseill\u00e9e pour le traitement des patients souffrant d&rsquo;un syndrome de stress post-traumatique. De m\u00eame, la d\u00e9sipramine n&rsquo;est pas recommand\u00e9e dans ce contexte. Il existe des preuves \u00e0 l&rsquo;appui contre l&rsquo;utilisation de la d\u00e9sipramine.<\/p>\n<p>Cependant, l&rsquo;<strong>imipramine<\/strong> est recommand\u00e9e comme traitement de deuxi\u00e8me intention pour les patients souffrant de TSPT. Il peut \u00eatre envisag\u00e9 apr\u00e8s que les psychoth\u00e9rapies initiales du SSPT et\/ou d&rsquo;autres pharmacoth\u00e9rapies ont \u00e9t\u00e9 essay\u00e9es et se sont r\u00e9v\u00e9l\u00e9es inefficaces ou non tol\u00e9r\u00e9es.<\/p>\n<p>La <strong>nortriptyline<\/strong> n&rsquo;est pas recommand\u00e9e pour le traitement des patients souffrant d&rsquo;un syndrome de stress post-traumatique.<\/p>\n<p>D&rsquo;autre part, la<strong> mirtazapine<\/strong> est une option de deuxi\u00e8me intention recommand\u00e9e pour le traitement des patients souffrant d&rsquo;un syndrome de stress post-traumatique. Indications &#8211; SSPT suffisant pour n\u00e9cessiter des m\u00e9dicaments. En g\u00e9n\u00e9ral, la sertraline, la venlafaxine et la parox\u00e9tine sont les m\u00e9dicaments initiaux recommand\u00e9s.<\/p>\n","protected":false},"excerpt":{"rendered":"<p>Antid\u00e9presseurs tricycliques (ATC) L&rsquo;amitriptyline n&rsquo;est pas conseill\u00e9e pour le traitement des patients souffrant d&rsquo;un syndrome de stress post-traumatique. De m\u00eame, la d\u00e9sipramine n&rsquo;est pas recommand\u00e9e dans ce contexte. Il existe des preuves \u00e0 l&rsquo;appui contre l&rsquo;utilisation de la d\u00e9sipramine. Cependant, l&rsquo;imipramine est recommand\u00e9e comme traitement de deuxi\u00e8me intention pour les patients souffrant de TSPT. Il [&hellip;]<\/p>\n","protected":false},"author":33,"featured_media":0,"parent":21317,"menu_order":0,"comment_status":"closed","ping_status":"closed","template":"","meta":{"_et_pb_use_builder":"","_et_pb_old_content":"","_et_gb_content_width":"","footnotes":""},"class_list":["post-21122","page","type-page","status-publish","hentry"],"yoast_head":"<!-- This site is optimized with the Yoast SEO plugin v27.2 - https:\/\/yoast.com\/product\/yoast-seo-wordpress\/ -->\n<title>Antid\u00e9presseurs tricycliques (ATC) | Best Hip &amp; Knee Surgeon | NY, USA<\/title>\n<meta name=\"description\" content=\"Antid\u00e9presseurs tricycliques (ATC) L&#039;amitriptyline n&#039;est pas conseill\u00e9e pour le traitement des patients souffrant d&#039;un syndrome de stress\" \/>\n<meta name=\"robots\" content=\"index, follow, max-snippet:-1, max-image-preview:large, max-video-preview:-1\" \/>\n<link rel=\"canonical\" href=\"https:\/\/www.newyorkhipknee.com\/fr\/indemnisation-des-travailleurs\/lignes-directrices-pour-les-traitements-medicaux-mtg\/syndrome-de-stress-post-traumatique-et-syndrome-de-stress-aigu\/medicaments\/antidepresseurs-tricycliques-atc\/\" \/>\n<meta property=\"og:locale\" content=\"fr_FR\" \/>\n<meta property=\"og:type\" content=\"article\" \/>\n<meta property=\"og:title\" content=\"Antid\u00e9presseurs tricycliques (ATC) | Best Hip &amp; Knee Surgeon | NY, USA\" \/>\n<meta property=\"og:description\" content=\"Antid\u00e9presseurs tricycliques (ATC) L&#039;amitriptyline n&#039;est pas conseill\u00e9e pour le traitement des patients souffrant d&#039;un syndrome de stress\" \/>\n<meta property=\"og:url\" content=\"https:\/\/www.newyorkhipknee.com\/fr\/indemnisation-des-travailleurs\/lignes-directrices-pour-les-traitements-medicaux-mtg\/syndrome-de-stress-post-traumatique-et-syndrome-de-stress-aigu\/medicaments\/antidepresseurs-tricycliques-atc\/\" \/>\n<meta property=\"og:site_name\" content=\"Best Hip &amp; Knee Surgeon | NY, USA\" \/>\n<meta name=\"twitter:card\" content=\"summary_large_image\" \/>\n<meta name=\"twitter:label1\" content=\"Dur\u00e9e de lecture estim\u00e9e\" \/>\n\t<meta name=\"twitter:data1\" content=\"1 minute\" \/>\n<script type=\"application\/ld+json\" class=\"yoast-schema-graph\">{\"@context\":\"https:\/\/schema.org\",\"@graph\":[{\"@type\":[\"WebPage\",\"MedicalWebPage\"],\"@id\":\"https:\/\/www.newyorkhipknee.com\/fr\/indemnisation-des-travailleurs\/lignes-directrices-pour-les-traitements-medicaux-mtg\/syndrome-de-stress-post-traumatique-et-syndrome-de-stress-aigu\/medicaments\/antidepresseurs-tricycliques-atc\/\",\"url\":\"https:\/\/www.newyorkhipknee.com\/fr\/indemnisation-des-travailleurs\/lignes-directrices-pour-les-traitements-medicaux-mtg\/syndrome-de-stress-post-traumatique-et-syndrome-de-stress-aigu\/medicaments\/antidepresseurs-tricycliques-atc\/\",\"name\":\"Antid\u00e9presseurs tricycliques (ATC) | Best Hip &amp; Knee Surgeon | NY, USA\",\"isPartOf\":{\"@id\":\"https:\/\/www.newyorkhipknee.com\/fr\/#website\"},\"datePublished\":\"2023-12-26T18:16:41+00:00\",\"description\":\"Antid\u00e9presseurs tricycliques (ATC) L'amitriptyline n'est pas conseill\u00e9e pour le traitement des patients souffrant d'un syndrome de stress\",\"breadcrumb\":{\"@id\":\"https:\/\/www.newyorkhipknee.com\/fr\/indemnisation-des-travailleurs\/lignes-directrices-pour-les-traitements-medicaux-mtg\/syndrome-de-stress-post-traumatique-et-syndrome-de-stress-aigu\/medicaments\/antidepresseurs-tricycliques-atc\/#breadcrumb\"},\"inLanguage\":\"fr-FR\",\"potentialAction\":[{\"@type\":\"ReadAction\",\"target\":[\"https:\/\/www.newyorkhipknee.com\/fr\/indemnisation-des-travailleurs\/lignes-directrices-pour-les-traitements-medicaux-mtg\/syndrome-de-stress-post-traumatique-et-syndrome-de-stress-aigu\/medicaments\/antidepresseurs-tricycliques-atc\/\"]}]},{\"@type\":\"BreadcrumbList\",\"@id\":\"https:\/\/www.newyorkhipknee.com\/fr\/indemnisation-des-travailleurs\/lignes-directrices-pour-les-traitements-medicaux-mtg\/syndrome-de-stress-post-traumatique-et-syndrome-de-stress-aigu\/medicaments\/antidepresseurs-tricycliques-atc\/#breadcrumb\",\"itemListElement\":[{\"@type\":\"ListItem\",\"position\":1,\"name\":\"Home\",\"item\":\"https:\/\/www.newyorkhipknee.com\/fr\/\"},{\"@type\":\"ListItem\",\"position\":2,\"name\":\"Indemnisation des travailleurs\",\"item\":\"https:\/\/www.newyorkhipknee.com\/fr\/indemnisation-des-travailleurs\/\"},{\"@type\":\"ListItem\",\"position\":3,\"name\":\"Lignes directrices pour les traitements m\u00e9dicaux (MTG)\",\"item\":\"https:\/\/www.newyorkhipknee.com\/fr\/indemnisation-des-travailleurs\/lignes-directrices-pour-les-traitements-medicaux-mtg\/\"},{\"@type\":\"ListItem\",\"position\":4,\"name\":\"Syndrome de stress post-traumatique et syndrome de stress aigu\",\"item\":\"https:\/\/www.newyorkhipknee.com\/fr\/indemnisation-des-travailleurs\/lignes-directrices-pour-les-traitements-medicaux-mtg\/syndrome-de-stress-post-traumatique-et-syndrome-de-stress-aigu\/\"},{\"@type\":\"ListItem\",\"position\":5,\"name\":\"M\u00e9dicaments\",\"item\":\"https:\/\/www.newyorkhipknee.com\/fr\/indemnisation-des-travailleurs\/lignes-directrices-pour-les-traitements-medicaux-mtg\/syndrome-de-stress-post-traumatique-et-syndrome-de-stress-aigu\/medicaments\/\"},{\"@type\":\"ListItem\",\"position\":6,\"name\":\"Antid\u00e9presseurs tricycliques (ATC)\"}]},{\"@type\":\"WebSite\",\"@id\":\"https:\/\/www.newyorkhipknee.com\/fr\/#website\",\"url\":\"https:\/\/www.newyorkhipknee.com\/fr\/\",\"name\":\"Best Hip & Knee Surgeon | NY, USA\",\"description\":\"\",\"potentialAction\":[{\"@type\":\"SearchAction\",\"target\":{\"@type\":\"EntryPoint\",\"urlTemplate\":\"https:\/\/www.newyorkhipknee.com\/fr\/?s={search_term_string}\"},\"query-input\":{\"@type\":\"PropertyValueSpecification\",\"valueRequired\":true,\"valueName\":\"search_term_string\"}}],\"inLanguage\":\"fr-FR\"}]}<\/script>\n<!-- \/ Yoast SEO plugin. -->","yoast_head_json":{"title":"Antid\u00e9presseurs tricycliques (ATC) | Best Hip &amp; Knee Surgeon | NY, USA","description":"Antid\u00e9presseurs tricycliques (ATC) L'amitriptyline n'est pas conseill\u00e9e pour le traitement des patients souffrant d'un syndrome de stress","robots":{"index":"index","follow":"follow","max-snippet":"max-snippet:-1","max-image-preview":"max-image-preview:large","max-video-preview":"max-video-preview:-1"},"canonical":"https:\/\/www.newyorkhipknee.com\/fr\/indemnisation-des-travailleurs\/lignes-directrices-pour-les-traitements-medicaux-mtg\/syndrome-de-stress-post-traumatique-et-syndrome-de-stress-aigu\/medicaments\/antidepresseurs-tricycliques-atc\/","og_locale":"fr_FR","og_type":"article","og_title":"Antid\u00e9presseurs tricycliques (ATC) | Best Hip &amp; Knee Surgeon | NY, USA","og_description":"Antid\u00e9presseurs tricycliques (ATC) L'amitriptyline n'est pas conseill\u00e9e pour le traitement des patients souffrant d'un syndrome de stress","og_url":"https:\/\/www.newyorkhipknee.com\/fr\/indemnisation-des-travailleurs\/lignes-directrices-pour-les-traitements-medicaux-mtg\/syndrome-de-stress-post-traumatique-et-syndrome-de-stress-aigu\/medicaments\/antidepresseurs-tricycliques-atc\/","og_site_name":"Best Hip &amp; Knee Surgeon | NY, USA","twitter_card":"summary_large_image","twitter_misc":{"Dur\u00e9e de lecture estim\u00e9e":"1 minute"},"schema":{"@context":"https:\/\/schema.org","@graph":[{"@type":["WebPage","MedicalWebPage"],"@id":"https:\/\/www.newyorkhipknee.com\/fr\/indemnisation-des-travailleurs\/lignes-directrices-pour-les-traitements-medicaux-mtg\/syndrome-de-stress-post-traumatique-et-syndrome-de-stress-aigu\/medicaments\/antidepresseurs-tricycliques-atc\/","url":"https:\/\/www.newyorkhipknee.com\/fr\/indemnisation-des-travailleurs\/lignes-directrices-pour-les-traitements-medicaux-mtg\/syndrome-de-stress-post-traumatique-et-syndrome-de-stress-aigu\/medicaments\/antidepresseurs-tricycliques-atc\/","name":"Antid\u00e9presseurs tricycliques (ATC) | Best Hip &amp; Knee Surgeon | NY, USA","isPartOf":{"@id":"https:\/\/www.newyorkhipknee.com\/fr\/#website"},"datePublished":"2023-12-26T18:16:41+00:00","description":"Antid\u00e9presseurs tricycliques (ATC) L'amitriptyline n'est pas conseill\u00e9e pour le traitement des patients souffrant d'un syndrome de stress","breadcrumb":{"@id":"https:\/\/www.newyorkhipknee.com\/fr\/indemnisation-des-travailleurs\/lignes-directrices-pour-les-traitements-medicaux-mtg\/syndrome-de-stress-post-traumatique-et-syndrome-de-stress-aigu\/medicaments\/antidepresseurs-tricycliques-atc\/#breadcrumb"},"inLanguage":"fr-FR","potentialAction":[{"@type":"ReadAction","target":["https:\/\/www.newyorkhipknee.com\/fr\/indemnisation-des-travailleurs\/lignes-directrices-pour-les-traitements-medicaux-mtg\/syndrome-de-stress-post-traumatique-et-syndrome-de-stress-aigu\/medicaments\/antidepresseurs-tricycliques-atc\/"]}]},{"@type":"BreadcrumbList","@id":"https:\/\/www.newyorkhipknee.com\/fr\/indemnisation-des-travailleurs\/lignes-directrices-pour-les-traitements-medicaux-mtg\/syndrome-de-stress-post-traumatique-et-syndrome-de-stress-aigu\/medicaments\/antidepresseurs-tricycliques-atc\/#breadcrumb","itemListElement":[{"@type":"ListItem","position":1,"name":"Home","item":"https:\/\/www.newyorkhipknee.com\/fr\/"},{"@type":"ListItem","position":2,"name":"Indemnisation des travailleurs","item":"https:\/\/www.newyorkhipknee.com\/fr\/indemnisation-des-travailleurs\/"},{"@type":"ListItem","position":3,"name":"Lignes directrices pour les traitements m\u00e9dicaux (MTG)","item":"https:\/\/www.newyorkhipknee.com\/fr\/indemnisation-des-travailleurs\/lignes-directrices-pour-les-traitements-medicaux-mtg\/"},{"@type":"ListItem","position":4,"name":"Syndrome de stress post-traumatique et syndrome de stress aigu","item":"https:\/\/www.newyorkhipknee.com\/fr\/indemnisation-des-travailleurs\/lignes-directrices-pour-les-traitements-medicaux-mtg\/syndrome-de-stress-post-traumatique-et-syndrome-de-stress-aigu\/"},{"@type":"ListItem","position":5,"name":"M\u00e9dicaments","item":"https:\/\/www.newyorkhipknee.com\/fr\/indemnisation-des-travailleurs\/lignes-directrices-pour-les-traitements-medicaux-mtg\/syndrome-de-stress-post-traumatique-et-syndrome-de-stress-aigu\/medicaments\/"},{"@type":"ListItem","position":6,"name":"Antid\u00e9presseurs tricycliques (ATC)"}]},{"@type":"WebSite","@id":"https:\/\/www.newyorkhipknee.com\/fr\/#website","url":"https:\/\/www.newyorkhipknee.com\/fr\/","name":"Best Hip & Knee Surgeon | NY, USA","description":"","potentialAction":[{"@type":"SearchAction","target":{"@type":"EntryPoint","urlTemplate":"https:\/\/www.newyorkhipknee.com\/fr\/?s={search_term_string}"},"query-input":{"@type":"PropertyValueSpecification","valueRequired":true,"valueName":"search_term_string"}}],"inLanguage":"fr-FR"}]}},"_links":{"self":[{"href":"https:\/\/www.newyorkhipknee.com\/fr\/wp-json\/wp\/v2\/pages\/21122","targetHints":{"allow":["GET"]}}],"collection":[{"href":"https:\/\/www.newyorkhipknee.com\/fr\/wp-json\/wp\/v2\/pages"}],"about":[{"href":"https:\/\/www.newyorkhipknee.com\/fr\/wp-json\/wp\/v2\/types\/page"}],"author":[{"embeddable":true,"href":"https:\/\/www.newyorkhipknee.com\/fr\/wp-json\/wp\/v2\/users\/33"}],"replies":[{"embeddable":true,"href":"https:\/\/www.newyorkhipknee.com\/fr\/wp-json\/wp\/v2\/comments?post=21122"}],"version-history":[{"count":0,"href":"https:\/\/www.newyorkhipknee.com\/fr\/wp-json\/wp\/v2\/pages\/21122\/revisions"}],"up":[{"embeddable":true,"href":"https:\/\/www.newyorkhipknee.com\/fr\/wp-json\/wp\/v2\/pages\/21317"}],"wp:attachment":[{"href":"https:\/\/www.newyorkhipknee.com\/fr\/wp-json\/wp\/v2\/media?parent=21122"}],"curies":[{"name":"wp","href":"https:\/\/api.w.org\/{rel}","templated":true}]}}